{"id":37226,"date":"2025-02-07T15:19:20","date_gmt":"2025-02-07T15:19:20","guid":{"rendered":"https:\/\/sulin.ee\/?post_type=product&#038;p=37226"},"modified":"2025-12-09T12:46:50","modified_gmt":"2025-12-09T12:46:50","slug":"dioraami-varvimine-saare-tipus","status":"publish","type":"product","link":"https:\/\/sulin.ee\/en\/toode\/dioraami-varvimine-saare-tipus\/","title":{"rendered":"Dioraami v\u00e4rvimine \u2013 Saare tipus"},"content":{"rendered":"<p><strong>Dioraami v\u00e4rvimine \u2013 Saare tipus on loov meisterdamiskomplekt, mis \u00fchendab v\u00e4rvimise ja 3D-dioraami loomise. See ainulaadne tegevus v\u00f5imaldab lastel v\u00e4rvida oma maastikku, seej\u00e4rel detailid kokku panna ja luua kauni dekoratiivse pildi, mis toob tuppa v\u00e4rvi ja fantaasiat.<\/strong><\/p>\n<p><strong><a href=\"https:\/\/www.djeco.com\/\">Djeco<\/a> Dioraami v\u00e4rvimine \u2013 Saare tipus sisaldab<\/strong> kolme joonistuspaberilehte, mida saab v\u00e4rvida ja kokku panna, luues s\u00fcgavusefektiga ruumilise kujutise. Kokkupanek on lihtne ega vaja liimi, muutes selle mugavaks ja puhtaks tegevuseks.<\/p>\n<p>See loominguline komplekt on valmistatud FSC\u00ae sertifitseeritud paberist ja papist, tagades keskkonnas\u00f5bralikkuse.<\/p>\n<p><strong>Sobib lastele alates 8. eluaastast.<\/strong><\/p>\n<p><strong>Hoiatus!<\/strong> Ei ole sobiv alla 3-aastastele lastele v\u00e4ikeste osade t\u00f5ttu, mis v\u00f5ivad p\u00f5hjustada l\u00e4mbumisohtu.<\/p>\n<p>Tutvuge meie rikkaliku <a href=\"https:\/\/sulin.ee\/tootekategooria\/mangimine\/kunstivahendid\/\">kunstivahendite valikuga<\/a>, mis pakuvad v\u00f5imalusi igas vanuses lastele.<\/p>\n","protected":false},"excerpt":{"rendered":"<p><strong>Dioraami v\u00e4rvimine \u2013 Saare tipus<\/strong> <strong>on loov meisterdamiskomplekt, mis \u00fchendab v\u00e4rvimise ja 3D-dioraami loomise. V\u00e4rvi, pane kokku ja loo kaunis dekoratiivne pilt, mis lisab ruumile s\u00fcgavust ja fantaasiat. <\/strong><\/p>\n<p><strong>Komplekt sisaldab<\/strong> kolme v\u00e4rvitavat joonistuspaberilehte.<\/p>\n<p><strong>Sobib lastele alates 8. eluaastast.\u00a0<\/strong><\/p>\n","protected":false},"featured_media":37237,"comment_status":"open","ping_status":"closed","template":"","meta":[],"product_brand":[],"product_cat":[1166,928,927,1162,102,110],"product_tag":[],"class_list":{"0":"post-37226","1":"product","2":"type-product","3":"status-publish","4":"has-post-thumbnail","6":"product_cat-6-8-aastat","7":"product_cat-djeco","8":"product_cat-joonistamine","9":"product_cat-kingituseks","10":"product_cat-kunstivahendid","11":"product_cat-mangimine","12":"has-post-title","13":"has-post-date","14":"has-post-category","15":"has-post-tag","16":"has-post-comment","17":"has-post-author","18":"","20":"first","21":"instock","22":"sale","23":"taxable","24":"shipping-taxable","25":"purchasable","26":"product-type-simple"},"yoast_head":"<!-- This site is optimized with the Yoast SEO plugin v27.6 - https:\/\/yoast.com\/product\/yoast-seo-wordpress\/ -->\n<title>Dioraami v\u00e4rvimine \u2013 Saare tipus - sulin.ee<\/title>\n<meta name=\"description\" content=\"Dioraami v\u00e4rvimine \u2013 Saare tipus on loov meisterdamiskomplekt, mis \u00fchendab v\u00e4rvimise ja 3D-dioraami loomise. Komplekt sisaldab kolme v\u00e4rvitavat joonistuspaberilehte\" \/>\n<meta name=\"robots\" content=\"index, follow, max-snippet:-1, max-image-preview:large, max-video-preview:-1\" \/>\n<link rel=\"canonical\" href=\"https:\/\/sulin.ee\/en\/toode\/dioraami-varvimine-saare-tipus\/\" \/>\n<meta property=\"og:locale\" content=\"en_US\" \/>\n<meta property=\"og:type\" content=\"article\" \/>\n<meta property=\"og:title\" content=\"Dioraami v\u00e4rvimine \u2013 Saare tipus - sulin.ee\" \/>\n<meta property=\"og:description\" content=\"Dioraami v\u00e4rvimine \u2013 Saare tipus on loov meisterdamiskomplekt, mis \u00fchendab v\u00e4rvimise ja 3D-dioraami loomise. Komplekt sisaldab kolme v\u00e4rvitavat joonistuspaberilehte\" \/>\n<meta property=\"og:url\" content=\"https:\/\/sulin.ee\/en\/toode\/dioraami-varvimine-saare-tipus\/\" \/>\n<meta property=\"og:site_name\" content=\"sulin.ee\" \/>\n<meta property=\"article:publisher\" content=\"https:\/\/www.facebook.com\/www.sulin.ee\/\" \/>\n<meta property=\"article:modified_time\" content=\"2025-12-09T12:46:50+00:00\" \/>\n<meta property=\"og:image\" content=\"https:\/\/sulin.ee\/wp-content\/uploads\/2025\/02\/13646-DJ08744-dioraami-varvimine-saare-tipus.jpg\" \/>\n\t<meta property=\"og:image:width\" content=\"800\" \/>\n\t<meta property=\"og:image:height\" content=\"800\" \/>\n\t<meta property=\"og:image:type\" content=\"image\/jpeg\" \/>\n<meta name=\"twitter:card\" content=\"summary_large_image\" \/>\n<meta name=\"twitter:label1\" content=\"Est. reading time\" \/>\n\t<meta name=\"twitter:data1\" content=\"1 minute\" \/>\n<script type=\"application\/ld+json\" class=\"yoast-schema-graph\">{\"@context\":\"https:\\\/\\\/schema.org\",\"@graph\":[{\"@type\":\"WebPage\",\"@id\":\"https:\\\/\\\/sulin.ee\\\/en\\\/toode\\\/dioraami-varvimine-saare-tipus\\\/\",\"url\":\"https:\\\/\\\/sulin.ee\\\/en\\\/toode\\\/dioraami-varvimine-saare-tipus\\\/\",\"name\":\"Dioraami v\u00e4rvimine \u2013 Saare tipus - sulin.ee\",\"isPartOf\":{\"@id\":\"https:\\\/\\\/sulin.ee\\\/en\\\/#website\"},\"primaryImageOfPage\":{\"@id\":\"https:\\\/\\\/sulin.ee\\\/en\\\/toode\\\/dioraami-varvimine-saare-tipus\\\/#primaryimage\"},\"image\":{\"@id\":\"https:\\\/\\\/sulin.ee\\\/en\\\/toode\\\/dioraami-varvimine-saare-tipus\\\/#primaryimage\"},\"thumbnailUrl\":\"https:\\\/\\\/sulin.ee\\\/wp-content\\\/uploads\\\/2025\\\/02\\\/13646-DJ08744-dioraami-varvimine-saare-tipus.jpg\",\"datePublished\":\"2025-02-07T15:19:20+00:00\",\"dateModified\":\"2025-12-09T12:46:50+00:00\",\"description\":\"Dioraami v\u00e4rvimine \u2013 Saare tipus on loov meisterdamiskomplekt, mis \u00fchendab v\u00e4rvimise ja 3D-dioraami loomise. Komplekt sisaldab kolme v\u00e4rvitavat joonistuspaberilehte\",\"breadcrumb\":{\"@id\":\"https:\\\/\\\/sulin.ee\\\/en\\\/toode\\\/dioraami-varvimine-saare-tipus\\\/#breadcrumb\"},\"inLanguage\":\"en-US\",\"potentialAction\":[{\"@type\":\"ReadAction\",\"target\":[\"https:\\\/\\\/sulin.ee\\\/en\\\/toode\\\/dioraami-varvimine-saare-tipus\\\/\"]}]},{\"@type\":\"ImageObject\",\"inLanguage\":\"en-US\",\"@id\":\"https:\\\/\\\/sulin.ee\\\/en\\\/toode\\\/dioraami-varvimine-saare-tipus\\\/#primaryimage\",\"url\":\"https:\\\/\\\/sulin.ee\\\/wp-content\\\/uploads\\\/2025\\\/02\\\/13646-DJ08744-dioraami-varvimine-saare-tipus.jpg\",\"contentUrl\":\"https:\\\/\\\/sulin.ee\\\/wp-content\\\/uploads\\\/2025\\\/02\\\/13646-DJ08744-dioraami-varvimine-saare-tipus.jpg\",\"width\":800,\"height\":800,\"caption\":\"Dioraami v\u00e4rvimine \u2013 Saare tipus\"},{\"@type\":\"BreadcrumbList\",\"@id\":\"https:\\\/\\\/sulin.ee\\\/en\\\/toode\\\/dioraami-varvimine-saare-tipus\\\/#breadcrumb\",\"itemListElement\":[{\"@type\":\"ListItem\",\"position\":1,\"name\":\"Home\",\"item\":\"https:\\\/\\\/sulin.ee\\\/en\\\/\"},{\"@type\":\"ListItem\",\"position\":2,\"name\":\"Sulin.ee e-pood\",\"item\":\"https:\\\/\\\/sulin.ee\\\/shop\\\/\"},{\"@type\":\"ListItem\",\"position\":3,\"name\":\"Dioraami v\u00e4rvimine \u2013 Saare tipus\"}]},{\"@type\":\"WebSite\",\"@id\":\"https:\\\/\\\/sulin.ee\\\/en\\\/#website\",\"url\":\"https:\\\/\\\/sulin.ee\\\/en\\\/\",\"name\":\"sulin.ee\",\"description\":\"\",\"publisher\":{\"@id\":\"https:\\\/\\\/sulin.ee\\\/en\\\/#organization\"},\"potentialAction\":[{\"@type\":\"SearchAction\",\"target\":{\"@type\":\"EntryPoint\",\"urlTemplate\":\"https:\\\/\\\/sulin.ee\\\/en\\\/?s={search_term_string}\"},\"query-input\":{\"@type\":\"PropertyValueSpecification\",\"valueRequired\":true,\"valueName\":\"search_term_string\"}}],\"inLanguage\":\"en-US\"},{\"@type\":\"Organization\",\"@id\":\"https:\\\/\\\/sulin.ee\\\/en\\\/#organization\",\"name\":\"SULIN TRADE O\u00dc\",\"url\":\"https:\\\/\\\/sulin.ee\\\/en\\\/\",\"logo\":{\"@type\":\"ImageObject\",\"inLanguage\":\"en-US\",\"@id\":\"https:\\\/\\\/sulin.ee\\\/en\\\/#\\\/schema\\\/logo\\\/image\\\/\",\"url\":\"https:\\\/\\\/sulin.ee\\\/wp-content\\\/uploads\\\/2022\\\/11\\\/sulin-logo.png\",\"contentUrl\":\"https:\\\/\\\/sulin.ee\\\/wp-content\\\/uploads\\\/2022\\\/11\\\/sulin-logo.png\",\"width\":871,\"height\":321,\"caption\":\"SULIN TRADE O\u00dc\"},\"image\":{\"@id\":\"https:\\\/\\\/sulin.ee\\\/en\\\/#\\\/schema\\\/logo\\\/image\\\/\"},\"sameAs\":[\"https:\\\/\\\/www.facebook.com\\\/www.sulin.ee\\\/\",\"https:\\\/\\\/www.instagram.com\\\/sulintrade\\\/\"]}]}<\/script>\n<!-- \/ Yoast SEO plugin. -->","yoast_head_json":{"title":"Dioraami v\u00e4rvimine \u2013 Saare tipus - sulin.ee","description":"Dioraami v\u00e4rvimine \u2013 Saare tipus on loov meisterdamiskomplekt, mis \u00fchendab v\u00e4rvimise ja 3D-dioraami loomise. Komplekt sisaldab kolme v\u00e4rvitavat joonistuspaberilehte","robots":{"index":"index","follow":"follow","max-snippet":"max-snippet:-1","max-image-preview":"max-image-preview:large","max-video-preview":"max-video-preview:-1"},"canonical":"https:\/\/sulin.ee\/en\/toode\/dioraami-varvimine-saare-tipus\/","og_locale":"en_US","og_type":"article","og_title":"Dioraami v\u00e4rvimine \u2013 Saare tipus - sulin.ee","og_description":"Dioraami v\u00e4rvimine \u2013 Saare tipus on loov meisterdamiskomplekt, mis \u00fchendab v\u00e4rvimise ja 3D-dioraami loomise. Komplekt sisaldab kolme v\u00e4rvitavat joonistuspaberilehte","og_url":"https:\/\/sulin.ee\/en\/toode\/dioraami-varvimine-saare-tipus\/","og_site_name":"sulin.ee","article_publisher":"https:\/\/www.facebook.com\/www.sulin.ee\/","article_modified_time":"2025-12-09T12:46:50+00:00","og_image":[{"width":800,"height":800,"url":"https:\/\/sulin.ee\/wp-content\/uploads\/2025\/02\/13646-DJ08744-dioraami-varvimine-saare-tipus.jpg","type":"image\/jpeg"}],"twitter_card":"summary_large_image","twitter_misc":{"Est. reading time":"1 minute"},"schema":{"@context":"https:\/\/schema.org","@graph":[{"@type":"WebPage","@id":"https:\/\/sulin.ee\/en\/toode\/dioraami-varvimine-saare-tipus\/","url":"https:\/\/sulin.ee\/en\/toode\/dioraami-varvimine-saare-tipus\/","name":"Dioraami v\u00e4rvimine \u2013 Saare tipus - sulin.ee","isPartOf":{"@id":"https:\/\/sulin.ee\/en\/#website"},"primaryImageOfPage":{"@id":"https:\/\/sulin.ee\/en\/toode\/dioraami-varvimine-saare-tipus\/#primaryimage"},"image":{"@id":"https:\/\/sulin.ee\/en\/toode\/dioraami-varvimine-saare-tipus\/#primaryimage"},"thumbnailUrl":"https:\/\/sulin.ee\/wp-content\/uploads\/2025\/02\/13646-DJ08744-dioraami-varvimine-saare-tipus.jpg","datePublished":"2025-02-07T15:19:20+00:00","dateModified":"2025-12-09T12:46:50+00:00","description":"Dioraami v\u00e4rvimine \u2013 Saare tipus on loov meisterdamiskomplekt, mis \u00fchendab v\u00e4rvimise ja 3D-dioraami loomise. Komplekt sisaldab kolme v\u00e4rvitavat joonistuspaberilehte","breadcrumb":{"@id":"https:\/\/sulin.ee\/en\/toode\/dioraami-varvimine-saare-tipus\/#breadcrumb"},"inLanguage":"en-US","potentialAction":[{"@type":"ReadAction","target":["https:\/\/sulin.ee\/en\/toode\/dioraami-varvimine-saare-tipus\/"]}]},{"@type":"ImageObject","inLanguage":"en-US","@id":"https:\/\/sulin.ee\/en\/toode\/dioraami-varvimine-saare-tipus\/#primaryimage","url":"https:\/\/sulin.ee\/wp-content\/uploads\/2025\/02\/13646-DJ08744-dioraami-varvimine-saare-tipus.jpg","contentUrl":"https:\/\/sulin.ee\/wp-content\/uploads\/2025\/02\/13646-DJ08744-dioraami-varvimine-saare-tipus.jpg","width":800,"height":800,"caption":"Dioraami v\u00e4rvimine \u2013 Saare tipus"},{"@type":"BreadcrumbList","@id":"https:\/\/sulin.ee\/en\/toode\/dioraami-varvimine-saare-tipus\/#breadcrumb","itemListElement":[{"@type":"ListItem","position":1,"name":"Home","item":"https:\/\/sulin.ee\/en\/"},{"@type":"ListItem","position":2,"name":"Sulin.ee e-pood","item":"https:\/\/sulin.ee\/shop\/"},{"@type":"ListItem","position":3,"name":"Dioraami v\u00e4rvimine \u2013 Saare tipus"}]},{"@type":"WebSite","@id":"https:\/\/sulin.ee\/en\/#website","url":"https:\/\/sulin.ee\/en\/","name":"sulin.ee","description":"","publisher":{"@id":"https:\/\/sulin.ee\/en\/#organization"},"potentialAction":[{"@type":"SearchAction","target":{"@type":"EntryPoint","urlTemplate":"https:\/\/sulin.ee\/en\/?s={search_term_string}"},"query-input":{"@type":"PropertyValueSpecification","valueRequired":true,"valueName":"search_term_string"}}],"inLanguage":"en-US"},{"@type":"Organization","@id":"https:\/\/sulin.ee\/en\/#organization","name":"SULIN TRADE O\u00dc","url":"https:\/\/sulin.ee\/en\/","logo":{"@type":"ImageObject","inLanguage":"en-US","@id":"https:\/\/sulin.ee\/en\/#\/schema\/logo\/image\/","url":"https:\/\/sulin.ee\/wp-content\/uploads\/2022\/11\/sulin-logo.png","contentUrl":"https:\/\/sulin.ee\/wp-content\/uploads\/2022\/11\/sulin-logo.png","width":871,"height":321,"caption":"SULIN TRADE O\u00dc"},"image":{"@id":"https:\/\/sulin.ee\/en\/#\/schema\/logo\/image\/"},"sameAs":["https:\/\/www.facebook.com\/www.sulin.ee\/","https:\/\/www.instagram.com\/sulintrade\/"]}]}},"builder_content":"","_links":{"self":[{"href":"https:\/\/sulin.ee\/en\/wp-json\/wp\/v2\/product\/37226","targetHints":{"allow":["GET"]}}],"collection":[{"href":"https:\/\/sulin.ee\/en\/wp-json\/wp\/v2\/product"}],"about":[{"href":"https:\/\/sulin.ee\/en\/wp-json\/wp\/v2\/types\/product"}],"replies":[{"embeddable":true,"href":"https:\/\/sulin.ee\/en\/wp-json\/wp\/v2\/comments?post=37226"}],"wp:featuredmedia":[{"embeddable":true,"href":"https:\/\/sulin.ee\/en\/wp-json\/wp\/v2\/media\/37237"}],"wp:attachment":[{"href":"https:\/\/sulin.ee\/en\/wp-json\/wp\/v2\/media?parent=37226"}],"wp:term":[{"taxonomy":"product_brand","embeddable":true,"href":"https:\/\/sulin.ee\/en\/wp-json\/wp\/v2\/product_brand?post=37226"},{"taxonomy":"product_cat","embeddable":true,"href":"https:\/\/sulin.ee\/en\/wp-json\/wp\/v2\/product_cat?post=37226"},{"taxonomy":"product_tag","embeddable":true,"href":"https:\/\/sulin.ee\/en\/wp-json\/wp\/v2\/product_tag?post=37226"}],"curies":[{"name":"wp","href":"https:\/\/api.w.org\/{rel}","templated":true}]}}