{"id":37215,"date":"2025-02-07T15:19:15","date_gmt":"2025-02-07T15:19:15","guid":{"rendered":"https:\/\/sulin.ee\/?post_type=product&#038;p=37215"},"modified":"2025-09-07T21:34:12","modified_gmt":"2025-09-07T21:34:12","slug":"dioraami-varvimine-maailma-tipus-djeco","status":"publish","type":"product","link":"https:\/\/sulin.ee\/en\/toode\/dioraami-varvimine-maailma-tipus-djeco\/","title":{"rendered":"Dioraami v\u00e4rvimine \u2013 Maailma tipus"},"content":{"rendered":"<p><strong>Dioraami v\u00e4rvimine \u2013 Maailma tipus on loov v\u00e4rvimistegevus, mis muutub dekoratiivseks kupliks, lisades v\u00e4rvi ja stiili sinu magamistuppa! V\u00e4rvi, pane kokku, aseta paika&#8230; ja alusta r\u00e4nnakut! <\/strong><\/p>\n<p><strong><a href=\"https:\/\/www.djeco.com\/\">Djeco <\/a><\/strong>Dioraami v\u00e4rvimine \u2013 Maailma tipus sisaldab kolme lehte joonistuspaberit, mida saab v\u00e4rvida ja kokku panna. Kokkupanek on lihtne ja ei n\u00f5ua liimi, pakkudes 3D-dioraami, mis muudab igasuguse ruumi elavamaks.<\/p>\n<p>L\u00f5iked on disainitud nii, et maastikule antakse veelgi rohkem s\u00fcgavust. Valmistatud FSC\u00ae sertifitseeritud paberist ja papist, tagades keskkonnas\u00f5braliku toote.<\/p>\n<p><strong>Sobib lastele alates 8. eluaastast. <\/strong><\/p>\n<p>Hoiatus! Ei ole sobiv alla kolmeaastastele lastele v\u00e4ikeste osade t\u00f5ttu, mis v\u00f5ivad p\u00f5hjustada l\u00e4mbumisohtu.<\/p>\n<p>Tutvuge meie rikkaliku <a href=\"https:\/\/sulin.ee\/tootekategooria\/mangimine\/kunstivahendid\/\">kunstivahendite valikuga<\/a>, mis pakuvad v\u00f5imalusi igas vanuses lastele.<\/p>\n","protected":false},"excerpt":{"rendered":"<p><strong>Dioraami v\u00e4rvimine \u2013 Maailma tipus<\/strong> <strong>on loominguline komplekt, mis v\u00f5imaldab luua dekoratiivse 3D-dioraami. V\u00e4rvige ja pange kokku kolm joonistuspaberilehte, et luua detailne maastik, mis lisab magamistoale stiili ja v\u00e4rvi. Lihtne ja liimivaba kokkupanek annab maastikule s\u00fcgavuse ja muudab iga ruumi elavamaks. <\/strong><\/p>\n<p>Komplekt on valmistatud keskkonnas\u00f5bralikust <strong>FSC\u00ae sertifitseeritud<\/strong> paberist ja papist.<\/p>\n<p><strong>Sobib suurep\u00e4raselt lastele alates 8. eluaastast,<\/strong> pakkudes harivat ja kaasahaaravat meisterdamiselamust.<\/p>\n","protected":false},"featured_media":37224,"comment_status":"open","ping_status":"closed","template":"","meta":[],"product_brand":[],"product_cat":[1166,928,927,1162,102,110],"product_tag":[],"class_list":{"0":"post-37215","1":"product","2":"type-product","3":"status-publish","4":"has-post-thumbnail","6":"product_cat-6-8-aastat","7":"product_cat-djeco","8":"product_cat-joonistamine","9":"product_cat-kingituseks","10":"product_cat-kunstivahendid","11":"product_cat-mangimine","12":"has-post-title","13":"has-post-date","14":"has-post-category","15":"has-post-tag","16":"has-post-comment","17":"has-post-author","18":"","20":"first","21":"instock","22":"sale","23":"taxable","24":"shipping-taxable","25":"purchasable","26":"product-type-simple"},"yoast_head":"<!-- This site is optimized with the Yoast SEO plugin v27.6 - https:\/\/yoast.com\/product\/yoast-seo-wordpress\/ -->\n<title>Dioraami v\u00e4rvimine \u2013 Maailma tipus - sulin.ee<\/title>\n<meta name=\"description\" content=\"Dioraami v\u00e4rvimine \u2013 Maailma tipus on loominguline komplekt, mis v\u00f5imaldab luua dekoratiivse 3D-dioraami. Sobib suurep\u00e4raselt lastele alates 8. eluaastast\" \/>\n<meta name=\"robots\" content=\"index, follow, max-snippet:-1, max-image-preview:large, max-video-preview:-1\" \/>\n<link rel=\"canonical\" href=\"https:\/\/sulin.ee\/en\/toode\/dioraami-varvimine-maailma-tipus-djeco\/\" \/>\n<meta property=\"og:locale\" content=\"en_US\" \/>\n<meta property=\"og:type\" content=\"article\" \/>\n<meta property=\"og:title\" content=\"Dioraami v\u00e4rvimine \u2013 Maailma tipus - sulin.ee\" \/>\n<meta property=\"og:description\" content=\"Dioraami v\u00e4rvimine \u2013 Maailma tipus on loominguline komplekt, mis v\u00f5imaldab luua dekoratiivse 3D-dioraami. Sobib suurep\u00e4raselt lastele alates 8. eluaastast\" \/>\n<meta property=\"og:url\" content=\"https:\/\/sulin.ee\/en\/toode\/dioraami-varvimine-maailma-tipus-djeco\/\" \/>\n<meta property=\"og:site_name\" content=\"sulin.ee\" \/>\n<meta property=\"article:publisher\" content=\"https:\/\/www.facebook.com\/www.sulin.ee\/\" \/>\n<meta property=\"article:modified_time\" content=\"2025-09-07T21:34:12+00:00\" \/>\n<meta property=\"og:image\" content=\"https:\/\/sulin.ee\/wp-content\/uploads\/2025\/02\/13645-DJ08743-dioraami-varvimine-maailma-tipus-.jpg\" \/>\n\t<meta property=\"og:image:width\" content=\"800\" \/>\n\t<meta property=\"og:image:height\" content=\"800\" \/>\n\t<meta property=\"og:image:type\" content=\"image\/jpeg\" \/>\n<meta name=\"twitter:card\" content=\"summary_large_image\" \/>\n<meta name=\"twitter:label1\" content=\"Est. reading time\" \/>\n\t<meta name=\"twitter:data1\" content=\"1 minute\" \/>\n<script type=\"application\/ld+json\" class=\"yoast-schema-graph\">{\"@context\":\"https:\\\/\\\/schema.org\",\"@graph\":[{\"@type\":\"WebPage\",\"@id\":\"https:\\\/\\\/sulin.ee\\\/en\\\/toode\\\/dioraami-varvimine-maailma-tipus-djeco\\\/\",\"url\":\"https:\\\/\\\/sulin.ee\\\/en\\\/toode\\\/dioraami-varvimine-maailma-tipus-djeco\\\/\",\"name\":\"Dioraami v\u00e4rvimine \u2013 Maailma tipus - sulin.ee\",\"isPartOf\":{\"@id\":\"https:\\\/\\\/sulin.ee\\\/en\\\/#website\"},\"primaryImageOfPage\":{\"@id\":\"https:\\\/\\\/sulin.ee\\\/en\\\/toode\\\/dioraami-varvimine-maailma-tipus-djeco\\\/#primaryimage\"},\"image\":{\"@id\":\"https:\\\/\\\/sulin.ee\\\/en\\\/toode\\\/dioraami-varvimine-maailma-tipus-djeco\\\/#primaryimage\"},\"thumbnailUrl\":\"https:\\\/\\\/sulin.ee\\\/wp-content\\\/uploads\\\/2025\\\/02\\\/13645-DJ08743-dioraami-varvimine-maailma-tipus-.jpg\",\"datePublished\":\"2025-02-07T15:19:15+00:00\",\"dateModified\":\"2025-09-07T21:34:12+00:00\",\"description\":\"Dioraami v\u00e4rvimine \u2013 Maailma tipus on loominguline komplekt, mis v\u00f5imaldab luua dekoratiivse 3D-dioraami. Sobib suurep\u00e4raselt lastele alates 8. eluaastast\",\"breadcrumb\":{\"@id\":\"https:\\\/\\\/sulin.ee\\\/en\\\/toode\\\/dioraami-varvimine-maailma-tipus-djeco\\\/#breadcrumb\"},\"inLanguage\":\"en-US\",\"potentialAction\":[{\"@type\":\"ReadAction\",\"target\":[\"https:\\\/\\\/sulin.ee\\\/en\\\/toode\\\/dioraami-varvimine-maailma-tipus-djeco\\\/\"]}]},{\"@type\":\"ImageObject\",\"inLanguage\":\"en-US\",\"@id\":\"https:\\\/\\\/sulin.ee\\\/en\\\/toode\\\/dioraami-varvimine-maailma-tipus-djeco\\\/#primaryimage\",\"url\":\"https:\\\/\\\/sulin.ee\\\/wp-content\\\/uploads\\\/2025\\\/02\\\/13645-DJ08743-dioraami-varvimine-maailma-tipus-.jpg\",\"contentUrl\":\"https:\\\/\\\/sulin.ee\\\/wp-content\\\/uploads\\\/2025\\\/02\\\/13645-DJ08743-dioraami-varvimine-maailma-tipus-.jpg\",\"width\":800,\"height\":800,\"caption\":\"Dioraami v\u00e4rvimine \u2013 Maailma tipus\"},{\"@type\":\"BreadcrumbList\",\"@id\":\"https:\\\/\\\/sulin.ee\\\/en\\\/toode\\\/dioraami-varvimine-maailma-tipus-djeco\\\/#breadcrumb\",\"itemListElement\":[{\"@type\":\"ListItem\",\"position\":1,\"name\":\"Home\",\"item\":\"https:\\\/\\\/sulin.ee\\\/en\\\/\"},{\"@type\":\"ListItem\",\"position\":2,\"name\":\"Sulin.ee e-pood\",\"item\":\"https:\\\/\\\/sulin.ee\\\/shop\\\/\"},{\"@type\":\"ListItem\",\"position\":3,\"name\":\"Dioraami v\u00e4rvimine \u2013 Maailma tipus\"}]},{\"@type\":\"WebSite\",\"@id\":\"https:\\\/\\\/sulin.ee\\\/en\\\/#website\",\"url\":\"https:\\\/\\\/sulin.ee\\\/en\\\/\",\"name\":\"sulin.ee\",\"description\":\"\",\"publisher\":{\"@id\":\"https:\\\/\\\/sulin.ee\\\/en\\\/#organization\"},\"potentialAction\":[{\"@type\":\"SearchAction\",\"target\":{\"@type\":\"EntryPoint\",\"urlTemplate\":\"https:\\\/\\\/sulin.ee\\\/en\\\/?s={search_term_string}\"},\"query-input\":{\"@type\":\"PropertyValueSpecification\",\"valueRequired\":true,\"valueName\":\"search_term_string\"}}],\"inLanguage\":\"en-US\"},{\"@type\":\"Organization\",\"@id\":\"https:\\\/\\\/sulin.ee\\\/en\\\/#organization\",\"name\":\"SULIN TRADE O\u00dc\",\"url\":\"https:\\\/\\\/sulin.ee\\\/en\\\/\",\"logo\":{\"@type\":\"ImageObject\",\"inLanguage\":\"en-US\",\"@id\":\"https:\\\/\\\/sulin.ee\\\/en\\\/#\\\/schema\\\/logo\\\/image\\\/\",\"url\":\"https:\\\/\\\/sulin.ee\\\/wp-content\\\/uploads\\\/2022\\\/11\\\/sulin-logo.png\",\"contentUrl\":\"https:\\\/\\\/sulin.ee\\\/wp-content\\\/uploads\\\/2022\\\/11\\\/sulin-logo.png\",\"width\":871,\"height\":321,\"caption\":\"SULIN TRADE O\u00dc\"},\"image\":{\"@id\":\"https:\\\/\\\/sulin.ee\\\/en\\\/#\\\/schema\\\/logo\\\/image\\\/\"},\"sameAs\":[\"https:\\\/\\\/www.facebook.com\\\/www.sulin.ee\\\/\",\"https:\\\/\\\/www.instagram.com\\\/sulintrade\\\/\"]}]}<\/script>\n<!-- \/ Yoast SEO plugin. -->","yoast_head_json":{"title":"Dioraami v\u00e4rvimine \u2013 Maailma tipus - sulin.ee","description":"Dioraami v\u00e4rvimine \u2013 Maailma tipus on loominguline komplekt, mis v\u00f5imaldab luua dekoratiivse 3D-dioraami. Sobib suurep\u00e4raselt lastele alates 8. eluaastast","robots":{"index":"index","follow":"follow","max-snippet":"max-snippet:-1","max-image-preview":"max-image-preview:large","max-video-preview":"max-video-preview:-1"},"canonical":"https:\/\/sulin.ee\/en\/toode\/dioraami-varvimine-maailma-tipus-djeco\/","og_locale":"en_US","og_type":"article","og_title":"Dioraami v\u00e4rvimine \u2013 Maailma tipus - sulin.ee","og_description":"Dioraami v\u00e4rvimine \u2013 Maailma tipus on loominguline komplekt, mis v\u00f5imaldab luua dekoratiivse 3D-dioraami. Sobib suurep\u00e4raselt lastele alates 8. eluaastast","og_url":"https:\/\/sulin.ee\/en\/toode\/dioraami-varvimine-maailma-tipus-djeco\/","og_site_name":"sulin.ee","article_publisher":"https:\/\/www.facebook.com\/www.sulin.ee\/","article_modified_time":"2025-09-07T21:34:12+00:00","og_image":[{"width":800,"height":800,"url":"https:\/\/sulin.ee\/wp-content\/uploads\/2025\/02\/13645-DJ08743-dioraami-varvimine-maailma-tipus-.jpg","type":"image\/jpeg"}],"twitter_card":"summary_large_image","twitter_misc":{"Est. reading time":"1 minute"},"schema":{"@context":"https:\/\/schema.org","@graph":[{"@type":"WebPage","@id":"https:\/\/sulin.ee\/en\/toode\/dioraami-varvimine-maailma-tipus-djeco\/","url":"https:\/\/sulin.ee\/en\/toode\/dioraami-varvimine-maailma-tipus-djeco\/","name":"Dioraami v\u00e4rvimine \u2013 Maailma tipus - sulin.ee","isPartOf":{"@id":"https:\/\/sulin.ee\/en\/#website"},"primaryImageOfPage":{"@id":"https:\/\/sulin.ee\/en\/toode\/dioraami-varvimine-maailma-tipus-djeco\/#primaryimage"},"image":{"@id":"https:\/\/sulin.ee\/en\/toode\/dioraami-varvimine-maailma-tipus-djeco\/#primaryimage"},"thumbnailUrl":"https:\/\/sulin.ee\/wp-content\/uploads\/2025\/02\/13645-DJ08743-dioraami-varvimine-maailma-tipus-.jpg","datePublished":"2025-02-07T15:19:15+00:00","dateModified":"2025-09-07T21:34:12+00:00","description":"Dioraami v\u00e4rvimine \u2013 Maailma tipus on loominguline komplekt, mis v\u00f5imaldab luua dekoratiivse 3D-dioraami. Sobib suurep\u00e4raselt lastele alates 8. eluaastast","breadcrumb":{"@id":"https:\/\/sulin.ee\/en\/toode\/dioraami-varvimine-maailma-tipus-djeco\/#breadcrumb"},"inLanguage":"en-US","potentialAction":[{"@type":"ReadAction","target":["https:\/\/sulin.ee\/en\/toode\/dioraami-varvimine-maailma-tipus-djeco\/"]}]},{"@type":"ImageObject","inLanguage":"en-US","@id":"https:\/\/sulin.ee\/en\/toode\/dioraami-varvimine-maailma-tipus-djeco\/#primaryimage","url":"https:\/\/sulin.ee\/wp-content\/uploads\/2025\/02\/13645-DJ08743-dioraami-varvimine-maailma-tipus-.jpg","contentUrl":"https:\/\/sulin.ee\/wp-content\/uploads\/2025\/02\/13645-DJ08743-dioraami-varvimine-maailma-tipus-.jpg","width":800,"height":800,"caption":"Dioraami v\u00e4rvimine \u2013 Maailma tipus"},{"@type":"BreadcrumbList","@id":"https:\/\/sulin.ee\/en\/toode\/dioraami-varvimine-maailma-tipus-djeco\/#breadcrumb","itemListElement":[{"@type":"ListItem","position":1,"name":"Home","item":"https:\/\/sulin.ee\/en\/"},{"@type":"ListItem","position":2,"name":"Sulin.ee e-pood","item":"https:\/\/sulin.ee\/shop\/"},{"@type":"ListItem","position":3,"name":"Dioraami v\u00e4rvimine \u2013 Maailma tipus"}]},{"@type":"WebSite","@id":"https:\/\/sulin.ee\/en\/#website","url":"https:\/\/sulin.ee\/en\/","name":"sulin.ee","description":"","publisher":{"@id":"https:\/\/sulin.ee\/en\/#organization"},"potentialAction":[{"@type":"SearchAction","target":{"@type":"EntryPoint","urlTemplate":"https:\/\/sulin.ee\/en\/?s={search_term_string}"},"query-input":{"@type":"PropertyValueSpecification","valueRequired":true,"valueName":"search_term_string"}}],"inLanguage":"en-US"},{"@type":"Organization","@id":"https:\/\/sulin.ee\/en\/#organization","name":"SULIN TRADE O\u00dc","url":"https:\/\/sulin.ee\/en\/","logo":{"@type":"ImageObject","inLanguage":"en-US","@id":"https:\/\/sulin.ee\/en\/#\/schema\/logo\/image\/","url":"https:\/\/sulin.ee\/wp-content\/uploads\/2022\/11\/sulin-logo.png","contentUrl":"https:\/\/sulin.ee\/wp-content\/uploads\/2022\/11\/sulin-logo.png","width":871,"height":321,"caption":"SULIN TRADE O\u00dc"},"image":{"@id":"https:\/\/sulin.ee\/en\/#\/schema\/logo\/image\/"},"sameAs":["https:\/\/www.facebook.com\/www.sulin.ee\/","https:\/\/www.instagram.com\/sulintrade\/"]}]}},"builder_content":"","_links":{"self":[{"href":"https:\/\/sulin.ee\/en\/wp-json\/wp\/v2\/product\/37215","targetHints":{"allow":["GET"]}}],"collection":[{"href":"https:\/\/sulin.ee\/en\/wp-json\/wp\/v2\/product"}],"about":[{"href":"https:\/\/sulin.ee\/en\/wp-json\/wp\/v2\/types\/product"}],"replies":[{"embeddable":true,"href":"https:\/\/sulin.ee\/en\/wp-json\/wp\/v2\/comments?post=37215"}],"wp:featuredmedia":[{"embeddable":true,"href":"https:\/\/sulin.ee\/en\/wp-json\/wp\/v2\/media\/37224"}],"wp:attachment":[{"href":"https:\/\/sulin.ee\/en\/wp-json\/wp\/v2\/media?parent=37215"}],"wp:term":[{"taxonomy":"product_brand","embeddable":true,"href":"https:\/\/sulin.ee\/en\/wp-json\/wp\/v2\/product_brand?post=37215"},{"taxonomy":"product_cat","embeddable":true,"href":"https:\/\/sulin.ee\/en\/wp-json\/wp\/v2\/product_cat?post=37215"},{"taxonomy":"product_tag","embeddable":true,"href":"https:\/\/sulin.ee\/en\/wp-json\/wp\/v2\/product_tag?post=37215"}],"curies":[{"name":"wp","href":"https:\/\/api.w.org\/{rel}","templated":true}]}}