{"id":37202,"date":"2025-02-07T15:04:43","date_gmt":"2025-02-07T15:04:43","guid":{"rendered":"https:\/\/sulin.ee\/?post_type=product&#038;p=37202"},"modified":"2025-09-07T21:34:12","modified_gmt":"2025-09-07T21:34:12","slug":"opetlik-mang-keha-djeco","status":"publish","type":"product","link":"https:\/\/sulin.ee\/en\/toode\/opetlik-mang-keha-djeco\/","title":{"rendered":"\u00d5petlik m\u00e4ng &#8211; Keha"},"content":{"rendered":"<p><strong>\u00d5petlik m\u00e4ng &#8211; Keha on laste esimene m\u00e4ng, mis aitab \u00f5ppida tundma ja m\u00f5istma kehaosi. Olgu selleks pea, k\u00e4si v\u00f5i jalg, ole esimene, kes nimetab ja asetab selle \u00f5igesti! <\/strong><\/p>\n<p><strong><a href=\"https:\/\/www.djeco.com\/\">\u00a0Djeco<\/a> \u00d5petlik m\u00e4ng &#8211; Keha sisaldab<\/strong> \u00fchte keerutusratast, kuut mudelkaarti, 36 kujuga t\u00fckki ja m\u00e4ngureegleid k\u00fcmnes keeles. See on laste esimene loto m\u00e4ng kehaosade teemal, mille lihtsad reeglid teevad vanematele tegevuse seadmise kergeks.<\/p>\n<p>Kehaosad on oluline m\u00f5iste, mida on kasulik \u00f5ppida juba varajasest east. M\u00e4ng on spetsiaalselt disainitud v\u00e4ikelastele, kasutades lihtsaid s\u00f5nu nagu pea, k\u00e4si, jalg, k\u00e4si ja s\u00e4\u00e4re. V\u00e4ikesed m\u00e4ngijad saavad iga osa koheselt \u00e4ra tunda t\u00e4nu liikuvate laste illustratsioonidele, mis aitavad neil neid oma kehaga seostada ja lihtsustada s\u00f5navara \u00f5ppimist.<\/p>\n<p><strong>Sobib alates 3. eluaastast. <\/strong><\/p>\n<p><strong>Hoiatus!<\/strong> Ei ole sobiv alla kolmeaastastele lastele v\u00e4ikeste osade t\u00f5ttu, mis v\u00f5ivad p\u00f5hjustada l\u00e4mbumisohtu.<\/p>\n<p>Tutvuge ka meie teiste <a href=\"https:\/\/sulin.ee\/tootekategooria\/mangimine\/lauamangud\/\">lauam\u00e4ngudega<\/a>, mis pakuvad erinevaid p\u00f5nevaid ja harivaid tegevusi k\u00f5igile vanusegruppidele. Avastage meie m\u00e4ngude valik, mis on suurep\u00e4rased v\u00f5imalused nii l\u00f5buks kui ka \u00f5ppimiseks!<\/p>\n","protected":false},"excerpt":{"rendered":"<p><strong>\u00d5petlik m\u00e4ng &#8211; Keha on lastele suunatud m\u00e4ng, mis aitab neil \u00f5ppida tundma ja m\u00f5istma erinevaid kehaosi l\u00f5busal ja interaktiivsel viisil. <\/strong><\/p>\n<p><strong>Komplekt sisaldab<\/strong> keerutusratast, kuut mudelkaarti, 36 kujuga t\u00fckki ja m\u00e4ngureegleid k\u00fcmnes keeles, mis teevad m\u00e4ngu lihtsasti m\u00f5istetavaks ja h\u00f5lpsasti m\u00e4ngitavaks. M\u00e4ng kasutab selgeid illustratsioone ja lihtsat s\u00f5navara, aidates lastel kehaosi \u00e4ra tunda ja nendega seostada.<\/p>\n<p><strong>Sobib lastele alates 3. eluaastast.<\/strong><\/p>\n","protected":false},"featured_media":37213,"comment_status":"open","ping_status":"closed","template":"","meta":[],"product_brand":[],"product_cat":[110,1162,1165,1166,1002,1021,942,928],"product_tag":[],"class_list":{"0":"post-37202","1":"product","2":"type-product","3":"status-publish","4":"has-post-thumbnail","6":"product_cat-mangimine","7":"product_cat-kingituseks","8":"product_cat-3-5-aastat","9":"product_cat-6-8-aastat","10":"product_cat-oppemangud","11":"product_cat-loodusopetus","12":"product_cat-lauamangud","13":"product_cat-djeco","14":"has-post-title","15":"has-post-date","16":"has-post-category","17":"has-post-tag","18":"has-post-comment","19":"has-post-author","20":"","22":"first","23":"instock","24":"sale","25":"taxable","26":"shipping-taxable","27":"purchasable","28":"product-type-simple"},"yoast_head":"<!-- This site is optimized with the Yoast SEO plugin v26.8 - https:\/\/yoast.com\/product\/yoast-seo-wordpress\/ -->\n<title>\u00d5petlik m\u00e4ng - Keha - sulin.ee<\/title>\n<meta name=\"description\" content=\"\u00d5petlik m\u00e4ng - Keha on lastele suunatud m\u00e4ng, mis aitab neil \u00f5ppida tundma ja m\u00f5istma erinevaid kehaosi l\u00f5busal ja interaktiivsel viisil. M\u00e4ng kasutab selgeid illustratsioone\" \/>\n<meta name=\"robots\" content=\"index, follow, max-snippet:-1, max-image-preview:large, max-video-preview:-1\" \/>\n<link rel=\"canonical\" href=\"https:\/\/sulin.ee\/en\/toode\/opetlik-mang-keha-djeco\/\" \/>\n<meta property=\"og:locale\" content=\"en_US\" \/>\n<meta property=\"og:type\" content=\"article\" \/>\n<meta property=\"og:title\" content=\"\u00d5petlik m\u00e4ng - Keha - sulin.ee\" \/>\n<meta property=\"og:description\" content=\"\u00d5petlik m\u00e4ng - Keha on lastele suunatud m\u00e4ng, mis aitab neil \u00f5ppida tundma ja m\u00f5istma erinevaid kehaosi l\u00f5busal ja interaktiivsel viisil. M\u00e4ng kasutab selgeid illustratsioone\" \/>\n<meta property=\"og:url\" content=\"https:\/\/sulin.ee\/en\/toode\/opetlik-mang-keha-djeco\/\" \/>\n<meta property=\"og:site_name\" content=\"sulin.ee\" \/>\n<meta property=\"article:publisher\" content=\"https:\/\/www.facebook.com\/www.sulin.ee\/\" \/>\n<meta property=\"article:modified_time\" content=\"2025-09-07T21:34:12+00:00\" \/>\n<meta property=\"og:image\" content=\"https:\/\/sulin.ee\/wp-content\/uploads\/2025\/02\/13636-DJ08267-hariduslik-mang-keha.jpg\" \/>\n\t<meta property=\"og:image:width\" content=\"800\" \/>\n\t<meta property=\"og:image:height\" content=\"800\" \/>\n\t<meta property=\"og:image:type\" content=\"image\/jpeg\" \/>\n<meta name=\"twitter:card\" content=\"summary_large_image\" \/>\n<meta name=\"twitter:label1\" content=\"Est. reading time\" \/>\n\t<meta name=\"twitter:data1\" content=\"2 minutes\" \/>\n<script type=\"application\/ld+json\" class=\"yoast-schema-graph\">{\"@context\":\"https:\/\/schema.org\",\"@graph\":[{\"@type\":\"WebPage\",\"@id\":\"https:\/\/sulin.ee\/en\/toode\/opetlik-mang-keha-djeco\/\",\"url\":\"https:\/\/sulin.ee\/en\/toode\/opetlik-mang-keha-djeco\/\",\"name\":\"\u00d5petlik m\u00e4ng - Keha - sulin.ee\",\"isPartOf\":{\"@id\":\"https:\/\/sulin.ee\/en\/#website\"},\"primaryImageOfPage\":{\"@id\":\"https:\/\/sulin.ee\/en\/toode\/opetlik-mang-keha-djeco\/#primaryimage\"},\"image\":{\"@id\":\"https:\/\/sulin.ee\/en\/toode\/opetlik-mang-keha-djeco\/#primaryimage\"},\"thumbnailUrl\":\"https:\/\/sulin.ee\/wp-content\/uploads\/2025\/02\/13636-DJ08267-hariduslik-mang-keha.jpg\",\"datePublished\":\"2025-02-07T15:04:43+00:00\",\"dateModified\":\"2025-09-07T21:34:12+00:00\",\"description\":\"\u00d5petlik m\u00e4ng - Keha on lastele suunatud m\u00e4ng, mis aitab neil \u00f5ppida tundma ja m\u00f5istma erinevaid kehaosi l\u00f5busal ja interaktiivsel viisil. M\u00e4ng kasutab selgeid illustratsioone\",\"breadcrumb\":{\"@id\":\"https:\/\/sulin.ee\/en\/toode\/opetlik-mang-keha-djeco\/#breadcrumb\"},\"inLanguage\":\"en-US\",\"potentialAction\":[{\"@type\":\"ReadAction\",\"target\":[\"https:\/\/sulin.ee\/en\/toode\/opetlik-mang-keha-djeco\/\"]}]},{\"@type\":\"ImageObject\",\"inLanguage\":\"en-US\",\"@id\":\"https:\/\/sulin.ee\/en\/toode\/opetlik-mang-keha-djeco\/#primaryimage\",\"url\":\"https:\/\/sulin.ee\/wp-content\/uploads\/2025\/02\/13636-DJ08267-hariduslik-mang-keha.jpg\",\"contentUrl\":\"https:\/\/sulin.ee\/wp-content\/uploads\/2025\/02\/13636-DJ08267-hariduslik-mang-keha.jpg\",\"width\":800,\"height\":800,\"caption\":\"\u00d5petlik m\u00e4ng - Keha\"},{\"@type\":\"BreadcrumbList\",\"@id\":\"https:\/\/sulin.ee\/en\/toode\/opetlik-mang-keha-djeco\/#breadcrumb\",\"itemListElement\":[{\"@type\":\"ListItem\",\"position\":1,\"name\":\"Home\",\"item\":\"https:\/\/sulin.ee\/en\/\"},{\"@type\":\"ListItem\",\"position\":2,\"name\":\"Sulin.ee e-pood\",\"item\":\"https:\/\/sulin.ee\/shop\/\"},{\"@type\":\"ListItem\",\"position\":3,\"name\":\"\u00d5petlik m\u00e4ng &#8211; Keha\"}]},{\"@type\":\"WebSite\",\"@id\":\"https:\/\/sulin.ee\/en\/#website\",\"url\":\"https:\/\/sulin.ee\/en\/\",\"name\":\"sulin.ee\",\"description\":\"\",\"publisher\":{\"@id\":\"https:\/\/sulin.ee\/en\/#organization\"},\"potentialAction\":[{\"@type\":\"SearchAction\",\"target\":{\"@type\":\"EntryPoint\",\"urlTemplate\":\"https:\/\/sulin.ee\/en\/?s={search_term_string}\"},\"query-input\":{\"@type\":\"PropertyValueSpecification\",\"valueRequired\":true,\"valueName\":\"search_term_string\"}}],\"inLanguage\":\"en-US\"},{\"@type\":\"Organization\",\"@id\":\"https:\/\/sulin.ee\/en\/#organization\",\"name\":\"SULIN TRADE O\u00dc\",\"url\":\"https:\/\/sulin.ee\/en\/\",\"logo\":{\"@type\":\"ImageObject\",\"inLanguage\":\"en-US\",\"@id\":\"https:\/\/sulin.ee\/en\/#\/schema\/logo\/image\/\",\"url\":\"https:\/\/sulin.ee\/wp-content\/uploads\/2022\/11\/sulin-logo.png\",\"contentUrl\":\"https:\/\/sulin.ee\/wp-content\/uploads\/2022\/11\/sulin-logo.png\",\"width\":871,\"height\":321,\"caption\":\"SULIN TRADE O\u00dc\"},\"image\":{\"@id\":\"https:\/\/sulin.ee\/en\/#\/schema\/logo\/image\/\"},\"sameAs\":[\"https:\/\/www.facebook.com\/www.sulin.ee\/\",\"https:\/\/www.instagram.com\/sulintrade\/\"]}]}<\/script>\n<!-- \/ Yoast SEO plugin. -->","yoast_head_json":{"title":"\u00d5petlik m\u00e4ng - Keha - sulin.ee","description":"\u00d5petlik m\u00e4ng - Keha on lastele suunatud m\u00e4ng, mis aitab neil \u00f5ppida tundma ja m\u00f5istma erinevaid kehaosi l\u00f5busal ja interaktiivsel viisil. M\u00e4ng kasutab selgeid illustratsioone","robots":{"index":"index","follow":"follow","max-snippet":"max-snippet:-1","max-image-preview":"max-image-preview:large","max-video-preview":"max-video-preview:-1"},"canonical":"https:\/\/sulin.ee\/en\/toode\/opetlik-mang-keha-djeco\/","og_locale":"en_US","og_type":"article","og_title":"\u00d5petlik m\u00e4ng - Keha - sulin.ee","og_description":"\u00d5petlik m\u00e4ng - Keha on lastele suunatud m\u00e4ng, mis aitab neil \u00f5ppida tundma ja m\u00f5istma erinevaid kehaosi l\u00f5busal ja interaktiivsel viisil. M\u00e4ng kasutab selgeid illustratsioone","og_url":"https:\/\/sulin.ee\/en\/toode\/opetlik-mang-keha-djeco\/","og_site_name":"sulin.ee","article_publisher":"https:\/\/www.facebook.com\/www.sulin.ee\/","article_modified_time":"2025-09-07T21:34:12+00:00","og_image":[{"width":800,"height":800,"url":"https:\/\/sulin.ee\/wp-content\/uploads\/2025\/02\/13636-DJ08267-hariduslik-mang-keha.jpg","type":"image\/jpeg"}],"twitter_card":"summary_large_image","twitter_misc":{"Est. reading time":"2 minutes"},"schema":{"@context":"https:\/\/schema.org","@graph":[{"@type":"WebPage","@id":"https:\/\/sulin.ee\/en\/toode\/opetlik-mang-keha-djeco\/","url":"https:\/\/sulin.ee\/en\/toode\/opetlik-mang-keha-djeco\/","name":"\u00d5petlik m\u00e4ng - Keha - sulin.ee","isPartOf":{"@id":"https:\/\/sulin.ee\/en\/#website"},"primaryImageOfPage":{"@id":"https:\/\/sulin.ee\/en\/toode\/opetlik-mang-keha-djeco\/#primaryimage"},"image":{"@id":"https:\/\/sulin.ee\/en\/toode\/opetlik-mang-keha-djeco\/#primaryimage"},"thumbnailUrl":"https:\/\/sulin.ee\/wp-content\/uploads\/2025\/02\/13636-DJ08267-hariduslik-mang-keha.jpg","datePublished":"2025-02-07T15:04:43+00:00","dateModified":"2025-09-07T21:34:12+00:00","description":"\u00d5petlik m\u00e4ng - Keha on lastele suunatud m\u00e4ng, mis aitab neil \u00f5ppida tundma ja m\u00f5istma erinevaid kehaosi l\u00f5busal ja interaktiivsel viisil. M\u00e4ng kasutab selgeid illustratsioone","breadcrumb":{"@id":"https:\/\/sulin.ee\/en\/toode\/opetlik-mang-keha-djeco\/#breadcrumb"},"inLanguage":"en-US","potentialAction":[{"@type":"ReadAction","target":["https:\/\/sulin.ee\/en\/toode\/opetlik-mang-keha-djeco\/"]}]},{"@type":"ImageObject","inLanguage":"en-US","@id":"https:\/\/sulin.ee\/en\/toode\/opetlik-mang-keha-djeco\/#primaryimage","url":"https:\/\/sulin.ee\/wp-content\/uploads\/2025\/02\/13636-DJ08267-hariduslik-mang-keha.jpg","contentUrl":"https:\/\/sulin.ee\/wp-content\/uploads\/2025\/02\/13636-DJ08267-hariduslik-mang-keha.jpg","width":800,"height":800,"caption":"\u00d5petlik m\u00e4ng - Keha"},{"@type":"BreadcrumbList","@id":"https:\/\/sulin.ee\/en\/toode\/opetlik-mang-keha-djeco\/#breadcrumb","itemListElement":[{"@type":"ListItem","position":1,"name":"Home","item":"https:\/\/sulin.ee\/en\/"},{"@type":"ListItem","position":2,"name":"Sulin.ee e-pood","item":"https:\/\/sulin.ee\/shop\/"},{"@type":"ListItem","position":3,"name":"\u00d5petlik m\u00e4ng &#8211; Keha"}]},{"@type":"WebSite","@id":"https:\/\/sulin.ee\/en\/#website","url":"https:\/\/sulin.ee\/en\/","name":"sulin.ee","description":"","publisher":{"@id":"https:\/\/sulin.ee\/en\/#organization"},"potentialAction":[{"@type":"SearchAction","target":{"@type":"EntryPoint","urlTemplate":"https:\/\/sulin.ee\/en\/?s={search_term_string}"},"query-input":{"@type":"PropertyValueSpecification","valueRequired":true,"valueName":"search_term_string"}}],"inLanguage":"en-US"},{"@type":"Organization","@id":"https:\/\/sulin.ee\/en\/#organization","name":"SULIN TRADE O\u00dc","url":"https:\/\/sulin.ee\/en\/","logo":{"@type":"ImageObject","inLanguage":"en-US","@id":"https:\/\/sulin.ee\/en\/#\/schema\/logo\/image\/","url":"https:\/\/sulin.ee\/wp-content\/uploads\/2022\/11\/sulin-logo.png","contentUrl":"https:\/\/sulin.ee\/wp-content\/uploads\/2022\/11\/sulin-logo.png","width":871,"height":321,"caption":"SULIN TRADE O\u00dc"},"image":{"@id":"https:\/\/sulin.ee\/en\/#\/schema\/logo\/image\/"},"sameAs":["https:\/\/www.facebook.com\/www.sulin.ee\/","https:\/\/www.instagram.com\/sulintrade\/"]}]}},"builder_content":"","_links":{"self":[{"href":"https:\/\/sulin.ee\/en\/wp-json\/wp\/v2\/product\/37202","targetHints":{"allow":["GET"]}}],"collection":[{"href":"https:\/\/sulin.ee\/en\/wp-json\/wp\/v2\/product"}],"about":[{"href":"https:\/\/sulin.ee\/en\/wp-json\/wp\/v2\/types\/product"}],"replies":[{"embeddable":true,"href":"https:\/\/sulin.ee\/en\/wp-json\/wp\/v2\/comments?post=37202"}],"wp:featuredmedia":[{"embeddable":true,"href":"https:\/\/sulin.ee\/en\/wp-json\/wp\/v2\/media\/37213"}],"wp:attachment":[{"href":"https:\/\/sulin.ee\/en\/wp-json\/wp\/v2\/media?parent=37202"}],"wp:term":[{"taxonomy":"product_brand","embeddable":true,"href":"https:\/\/sulin.ee\/en\/wp-json\/wp\/v2\/product_brand?post=37202"},{"taxonomy":"product_cat","embeddable":true,"href":"https:\/\/sulin.ee\/en\/wp-json\/wp\/v2\/product_cat?post=37202"},{"taxonomy":"product_tag","embeddable":true,"href":"https:\/\/sulin.ee\/en\/wp-json\/wp\/v2\/product_tag?post=37202"}],"curies":[{"name":"wp","href":"https:\/\/api.w.org\/{rel}","templated":true}]}}