{"id":37184,"date":"2025-02-07T15:02:53","date_gmt":"2025-02-07T15:02:53","guid":{"rendered":"https:\/\/sulin.ee\/?post_type=product&#038;p=37184"},"modified":"2025-09-07T21:34:12","modified_gmt":"2025-09-07T21:34:12","slug":"lauamang-gardimix-djeco","status":"publish","type":"product","link":"https:\/\/sulin.ee\/en\/toode\/lauamang-gardimix-djeco\/","title":{"rendered":"Lauam\u00e4ng &#8211; Gardimix"},"content":{"rendered":"<p><strong>Lauam\u00e4ng &#8211; Gardimix on v\u00e4rvide ja piltide j\u00e4rjestamise m\u00e4ng, mis on suunatud v\u00e4ikelastele alates 3. eluaastast. M\u00e4ngus tuleb valida \u00fcks mudelkaart, seej\u00e4rel valida \u00f5iged puidust t\u00fckid, mis on m\u00f5lemalt poolt erinevalt illustreeritud, ja libistada need m\u00e4ngulauale, et taasluua kaardil olev j\u00e4rjestus. See v\u00f5ib tunduda lihtne, kuid iga t\u00fcki m\u00f5lemal k\u00fcljel on kergelt erinevad kujutised, mis muudab j\u00e4rjestuse taastootmise v\u00e4ljakutsuvaks.<\/strong><\/p>\n<p><strong>Komplektis on<\/strong> \u00fcks puidust m\u00e4ngulaud, 12 kahepoolset illustreeritud puidust nuppu ja 10 kahepoolset mudelkaarti.<\/p>\n<p>M\u00e4ng tutvustab v\u00e4ikelastele j\u00e4rjestuste taastootmist ning aitab arendada nende vaatlusoskusi, kuna nad peavad valima \u00f5iged kujundid ja paigutama need \u00f5iges j\u00e4rjekorras. Kokku on 20 mudelit, mida taasluua. Suured puidust t\u00fckid on kergesti k\u00e4sitsetavad, mis teeb m\u00e4ngu sobivaks v\u00e4ikestele lastele. Vaata toodet tutvustavat videot <a href=\"https:\/\/youtu.be\/rzUx2zvt7pk\">siit.<\/a><\/p>\n<p><strong>Sobib lastele alates 3 aastast.<\/strong><\/p>\n<p><strong>Hoiatus!<\/strong> Ei ole sobiv alla 3-aastastele lastele v\u00e4ikeste osade t\u00f5ttu, mis v\u00f5ivad p\u00f5hjustada l\u00e4mbumisohtu.<\/p>\n<p>Tutvuge ka meie teiste <a href=\"https:\/\/sulin.ee\/tootekategooria\/mangimine\/lauamangud\/\">lauam\u00e4ngudega<\/a>, mis pakuvad erinevaid p\u00f5nevaid ja harivaid tegevusi k\u00f5igile vanusegruppidele. Avastage meie m\u00e4ngude valik, mis on suurep\u00e4rased v\u00f5imalused nii l\u00f5buks kui ka \u00f5ppimiseks!<\/p>\n","protected":false},"excerpt":{"rendered":"<p><strong>Lauam\u00e4ng &#8211; Gardimix<\/strong> <strong>on p\u00f5nev v\u00e4rvide ja piltide j\u00e4rjestamise m\u00e4ng, mis on m\u00f5eldud lastele alates 3. eluaastast. M\u00e4ngijad valivad mudelkaardi ja asetavad vastavad kahepoolsed puidust t\u00fckid m\u00e4ngulauale, et j\u00e4ljendada kaardil olevat j\u00e4rjestust. M\u00e4ng arendab laste vaatlusoskusi ja loogilist m\u00f5tlemist, kuna iga t\u00fckk n\u00f5uab \u00f5iget paigutust ja suunda. <\/strong><\/p>\n<p><strong>Komplektis on<\/strong> 20 erinevat mudelit, mis pakuvad mitmek\u00fclgset ja harivat meelelahutust. Suured puidust t\u00fckid on v\u00e4ikelastele kergesti k\u00e4sitsetavad.<\/p>\n","protected":false},"featured_media":37193,"comment_status":"open","ping_status":"closed","template":"","meta":[],"product_brand":[],"product_cat":[110,1162,1165,1166,942,928],"product_tag":[],"class_list":{"0":"post-37184","1":"product","2":"type-product","3":"status-publish","4":"has-post-thumbnail","6":"product_cat-mangimine","7":"product_cat-kingituseks","8":"product_cat-3-5-aastat","9":"product_cat-6-8-aastat","10":"product_cat-lauamangud","11":"product_cat-djeco","12":"has-post-title","13":"has-post-date","14":"has-post-category","15":"has-post-tag","16":"has-post-comment","17":"has-post-author","18":"","20":"first","21":"instock","22":"sale","23":"taxable","24":"shipping-taxable","25":"purchasable","26":"product-type-simple"},"yoast_head":"<!-- This site is optimized with the Yoast SEO plugin v26.8 - https:\/\/yoast.com\/product\/yoast-seo-wordpress\/ -->\n<title>Lauam\u00e4ng - Gardimix - sulin.ee<\/title>\n<meta name=\"description\" content=\"Lauam\u00e4ng - Gardimix on p\u00f5nev v\u00e4rvide ja piltide j\u00e4rjestamise m\u00e4ng, mis on m\u00f5eldud lastele alates 3. eluaastast. Komplektis on 20 erinevat mudelit.\" \/>\n<meta name=\"robots\" content=\"index, follow, max-snippet:-1, max-image-preview:large, max-video-preview:-1\" \/>\n<link rel=\"canonical\" href=\"https:\/\/sulin.ee\/en\/toode\/lauamang-gardimix-djeco\/\" \/>\n<meta property=\"og:locale\" content=\"en_US\" \/>\n<meta property=\"og:type\" content=\"article\" \/>\n<meta property=\"og:title\" content=\"Lauam\u00e4ng - Gardimix - sulin.ee\" \/>\n<meta property=\"og:description\" content=\"Lauam\u00e4ng - Gardimix on p\u00f5nev v\u00e4rvide ja piltide j\u00e4rjestamise m\u00e4ng, mis on m\u00f5eldud lastele alates 3. eluaastast. Komplektis on 20 erinevat mudelit.\" \/>\n<meta property=\"og:url\" content=\"https:\/\/sulin.ee\/en\/toode\/lauamang-gardimix-djeco\/\" \/>\n<meta property=\"og:site_name\" content=\"sulin.ee\" \/>\n<meta property=\"article:publisher\" content=\"https:\/\/www.facebook.com\/www.sulin.ee\/\" \/>\n<meta property=\"article:modified_time\" content=\"2025-09-07T21:34:12+00:00\" \/>\n<meta property=\"og:image\" content=\"https:\/\/sulin.ee\/wp-content\/uploads\/2025\/02\/13531-DJ01616-opetlik-puidust-mang-gardimix.jpg\" \/>\n\t<meta property=\"og:image:width\" content=\"800\" \/>\n\t<meta property=\"og:image:height\" content=\"800\" \/>\n\t<meta property=\"og:image:type\" content=\"image\/jpeg\" \/>\n<meta name=\"twitter:card\" content=\"summary_large_image\" \/>\n<meta name=\"twitter:label1\" content=\"Est. reading time\" \/>\n\t<meta name=\"twitter:data1\" content=\"2 minutes\" \/>\n<script type=\"application\/ld+json\" class=\"yoast-schema-graph\">{\"@context\":\"https:\/\/schema.org\",\"@graph\":[{\"@type\":\"WebPage\",\"@id\":\"https:\/\/sulin.ee\/en\/toode\/lauamang-gardimix-djeco\/\",\"url\":\"https:\/\/sulin.ee\/en\/toode\/lauamang-gardimix-djeco\/\",\"name\":\"Lauam\u00e4ng - Gardimix - sulin.ee\",\"isPartOf\":{\"@id\":\"https:\/\/sulin.ee\/en\/#website\"},\"primaryImageOfPage\":{\"@id\":\"https:\/\/sulin.ee\/en\/toode\/lauamang-gardimix-djeco\/#primaryimage\"},\"image\":{\"@id\":\"https:\/\/sulin.ee\/en\/toode\/lauamang-gardimix-djeco\/#primaryimage\"},\"thumbnailUrl\":\"https:\/\/sulin.ee\/wp-content\/uploads\/2025\/02\/13531-DJ01616-opetlik-puidust-mang-gardimix.jpg\",\"datePublished\":\"2025-02-07T15:02:53+00:00\",\"dateModified\":\"2025-09-07T21:34:12+00:00\",\"description\":\"Lauam\u00e4ng - Gardimix on p\u00f5nev v\u00e4rvide ja piltide j\u00e4rjestamise m\u00e4ng, mis on m\u00f5eldud lastele alates 3. eluaastast. Komplektis on 20 erinevat mudelit.\",\"breadcrumb\":{\"@id\":\"https:\/\/sulin.ee\/en\/toode\/lauamang-gardimix-djeco\/#breadcrumb\"},\"inLanguage\":\"en-US\",\"potentialAction\":[{\"@type\":\"ReadAction\",\"target\":[\"https:\/\/sulin.ee\/en\/toode\/lauamang-gardimix-djeco\/\"]}]},{\"@type\":\"ImageObject\",\"inLanguage\":\"en-US\",\"@id\":\"https:\/\/sulin.ee\/en\/toode\/lauamang-gardimix-djeco\/#primaryimage\",\"url\":\"https:\/\/sulin.ee\/wp-content\/uploads\/2025\/02\/13531-DJ01616-opetlik-puidust-mang-gardimix.jpg\",\"contentUrl\":\"https:\/\/sulin.ee\/wp-content\/uploads\/2025\/02\/13531-DJ01616-opetlik-puidust-mang-gardimix.jpg\",\"width\":800,\"height\":800,\"caption\":\"Lauam\u00e4ng - Gardimix\"},{\"@type\":\"BreadcrumbList\",\"@id\":\"https:\/\/sulin.ee\/en\/toode\/lauamang-gardimix-djeco\/#breadcrumb\",\"itemListElement\":[{\"@type\":\"ListItem\",\"position\":1,\"name\":\"Home\",\"item\":\"https:\/\/sulin.ee\/en\/\"},{\"@type\":\"ListItem\",\"position\":2,\"name\":\"Sulin.ee e-pood\",\"item\":\"https:\/\/sulin.ee\/shop\/\"},{\"@type\":\"ListItem\",\"position\":3,\"name\":\"Lauam\u00e4ng &#8211; Gardimix\"}]},{\"@type\":\"WebSite\",\"@id\":\"https:\/\/sulin.ee\/en\/#website\",\"url\":\"https:\/\/sulin.ee\/en\/\",\"name\":\"sulin.ee\",\"description\":\"\",\"publisher\":{\"@id\":\"https:\/\/sulin.ee\/en\/#organization\"},\"potentialAction\":[{\"@type\":\"SearchAction\",\"target\":{\"@type\":\"EntryPoint\",\"urlTemplate\":\"https:\/\/sulin.ee\/en\/?s={search_term_string}\"},\"query-input\":{\"@type\":\"PropertyValueSpecification\",\"valueRequired\":true,\"valueName\":\"search_term_string\"}}],\"inLanguage\":\"en-US\"},{\"@type\":\"Organization\",\"@id\":\"https:\/\/sulin.ee\/en\/#organization\",\"name\":\"SULIN TRADE O\u00dc\",\"url\":\"https:\/\/sulin.ee\/en\/\",\"logo\":{\"@type\":\"ImageObject\",\"inLanguage\":\"en-US\",\"@id\":\"https:\/\/sulin.ee\/en\/#\/schema\/logo\/image\/\",\"url\":\"https:\/\/sulin.ee\/wp-content\/uploads\/2022\/11\/sulin-logo.png\",\"contentUrl\":\"https:\/\/sulin.ee\/wp-content\/uploads\/2022\/11\/sulin-logo.png\",\"width\":871,\"height\":321,\"caption\":\"SULIN TRADE O\u00dc\"},\"image\":{\"@id\":\"https:\/\/sulin.ee\/en\/#\/schema\/logo\/image\/\"},\"sameAs\":[\"https:\/\/www.facebook.com\/www.sulin.ee\/\",\"https:\/\/www.instagram.com\/sulintrade\/\"]}]}<\/script>\n<!-- \/ Yoast SEO plugin. -->","yoast_head_json":{"title":"Lauam\u00e4ng - Gardimix - sulin.ee","description":"Lauam\u00e4ng - Gardimix on p\u00f5nev v\u00e4rvide ja piltide j\u00e4rjestamise m\u00e4ng, mis on m\u00f5eldud lastele alates 3. eluaastast. Komplektis on 20 erinevat mudelit.","robots":{"index":"index","follow":"follow","max-snippet":"max-snippet:-1","max-image-preview":"max-image-preview:large","max-video-preview":"max-video-preview:-1"},"canonical":"https:\/\/sulin.ee\/en\/toode\/lauamang-gardimix-djeco\/","og_locale":"en_US","og_type":"article","og_title":"Lauam\u00e4ng - Gardimix - sulin.ee","og_description":"Lauam\u00e4ng - Gardimix on p\u00f5nev v\u00e4rvide ja piltide j\u00e4rjestamise m\u00e4ng, mis on m\u00f5eldud lastele alates 3. eluaastast. Komplektis on 20 erinevat mudelit.","og_url":"https:\/\/sulin.ee\/en\/toode\/lauamang-gardimix-djeco\/","og_site_name":"sulin.ee","article_publisher":"https:\/\/www.facebook.com\/www.sulin.ee\/","article_modified_time":"2025-09-07T21:34:12+00:00","og_image":[{"width":800,"height":800,"url":"https:\/\/sulin.ee\/wp-content\/uploads\/2025\/02\/13531-DJ01616-opetlik-puidust-mang-gardimix.jpg","type":"image\/jpeg"}],"twitter_card":"summary_large_image","twitter_misc":{"Est. reading time":"2 minutes"},"schema":{"@context":"https:\/\/schema.org","@graph":[{"@type":"WebPage","@id":"https:\/\/sulin.ee\/en\/toode\/lauamang-gardimix-djeco\/","url":"https:\/\/sulin.ee\/en\/toode\/lauamang-gardimix-djeco\/","name":"Lauam\u00e4ng - Gardimix - sulin.ee","isPartOf":{"@id":"https:\/\/sulin.ee\/en\/#website"},"primaryImageOfPage":{"@id":"https:\/\/sulin.ee\/en\/toode\/lauamang-gardimix-djeco\/#primaryimage"},"image":{"@id":"https:\/\/sulin.ee\/en\/toode\/lauamang-gardimix-djeco\/#primaryimage"},"thumbnailUrl":"https:\/\/sulin.ee\/wp-content\/uploads\/2025\/02\/13531-DJ01616-opetlik-puidust-mang-gardimix.jpg","datePublished":"2025-02-07T15:02:53+00:00","dateModified":"2025-09-07T21:34:12+00:00","description":"Lauam\u00e4ng - Gardimix on p\u00f5nev v\u00e4rvide ja piltide j\u00e4rjestamise m\u00e4ng, mis on m\u00f5eldud lastele alates 3. eluaastast. Komplektis on 20 erinevat mudelit.","breadcrumb":{"@id":"https:\/\/sulin.ee\/en\/toode\/lauamang-gardimix-djeco\/#breadcrumb"},"inLanguage":"en-US","potentialAction":[{"@type":"ReadAction","target":["https:\/\/sulin.ee\/en\/toode\/lauamang-gardimix-djeco\/"]}]},{"@type":"ImageObject","inLanguage":"en-US","@id":"https:\/\/sulin.ee\/en\/toode\/lauamang-gardimix-djeco\/#primaryimage","url":"https:\/\/sulin.ee\/wp-content\/uploads\/2025\/02\/13531-DJ01616-opetlik-puidust-mang-gardimix.jpg","contentUrl":"https:\/\/sulin.ee\/wp-content\/uploads\/2025\/02\/13531-DJ01616-opetlik-puidust-mang-gardimix.jpg","width":800,"height":800,"caption":"Lauam\u00e4ng - Gardimix"},{"@type":"BreadcrumbList","@id":"https:\/\/sulin.ee\/en\/toode\/lauamang-gardimix-djeco\/#breadcrumb","itemListElement":[{"@type":"ListItem","position":1,"name":"Home","item":"https:\/\/sulin.ee\/en\/"},{"@type":"ListItem","position":2,"name":"Sulin.ee e-pood","item":"https:\/\/sulin.ee\/shop\/"},{"@type":"ListItem","position":3,"name":"Lauam\u00e4ng &#8211; Gardimix"}]},{"@type":"WebSite","@id":"https:\/\/sulin.ee\/en\/#website","url":"https:\/\/sulin.ee\/en\/","name":"sulin.ee","description":"","publisher":{"@id":"https:\/\/sulin.ee\/en\/#organization"},"potentialAction":[{"@type":"SearchAction","target":{"@type":"EntryPoint","urlTemplate":"https:\/\/sulin.ee\/en\/?s={search_term_string}"},"query-input":{"@type":"PropertyValueSpecification","valueRequired":true,"valueName":"search_term_string"}}],"inLanguage":"en-US"},{"@type":"Organization","@id":"https:\/\/sulin.ee\/en\/#organization","name":"SULIN TRADE O\u00dc","url":"https:\/\/sulin.ee\/en\/","logo":{"@type":"ImageObject","inLanguage":"en-US","@id":"https:\/\/sulin.ee\/en\/#\/schema\/logo\/image\/","url":"https:\/\/sulin.ee\/wp-content\/uploads\/2022\/11\/sulin-logo.png","contentUrl":"https:\/\/sulin.ee\/wp-content\/uploads\/2022\/11\/sulin-logo.png","width":871,"height":321,"caption":"SULIN TRADE O\u00dc"},"image":{"@id":"https:\/\/sulin.ee\/en\/#\/schema\/logo\/image\/"},"sameAs":["https:\/\/www.facebook.com\/www.sulin.ee\/","https:\/\/www.instagram.com\/sulintrade\/"]}]}},"builder_content":"","_links":{"self":[{"href":"https:\/\/sulin.ee\/en\/wp-json\/wp\/v2\/product\/37184","targetHints":{"allow":["GET"]}}],"collection":[{"href":"https:\/\/sulin.ee\/en\/wp-json\/wp\/v2\/product"}],"about":[{"href":"https:\/\/sulin.ee\/en\/wp-json\/wp\/v2\/types\/product"}],"replies":[{"embeddable":true,"href":"https:\/\/sulin.ee\/en\/wp-json\/wp\/v2\/comments?post=37184"}],"wp:featuredmedia":[{"embeddable":true,"href":"https:\/\/sulin.ee\/en\/wp-json\/wp\/v2\/media\/37193"}],"wp:attachment":[{"href":"https:\/\/sulin.ee\/en\/wp-json\/wp\/v2\/media?parent=37184"}],"wp:term":[{"taxonomy":"product_brand","embeddable":true,"href":"https:\/\/sulin.ee\/en\/wp-json\/wp\/v2\/product_brand?post=37184"},{"taxonomy":"product_cat","embeddable":true,"href":"https:\/\/sulin.ee\/en\/wp-json\/wp\/v2\/product_cat?post=37184"},{"taxonomy":"product_tag","embeddable":true,"href":"https:\/\/sulin.ee\/en\/wp-json\/wp\/v2\/product_tag?post=37184"}],"curies":[{"name":"wp","href":"https:\/\/api.w.org\/{rel}","templated":true}]}}