{"id":37164,"date":"2025-02-07T15:32:39","date_gmt":"2025-02-07T15:32:39","guid":{"rendered":"https:\/\/sulin.ee\/?post_type=product&#038;p=37164"},"modified":"2025-09-07T21:34:03","modified_gmt":"2025-09-07T21:34:03","slug":"vikerkaarevarviline-uss-trendhaus","status":"publish","type":"product","link":"https:\/\/sulin.ee\/en\/toode\/vikerkaarevarviline-uss-trendhaus\/","title":{"rendered":"Vikerkaarev\u00e4rviline uss"},"content":{"rendered":"<p><strong>Vikerkaarev\u00e4rviline uss toob suurep\u00e4rase meelelahutuse ja naeru igasse p\u00e4eva! Selle v\u00e4rvika ussi abil saate esitada h\u00e4mmastavaid trikke, justkui \u00e4rataksite ta maagiliselt ellu. <\/strong><\/p>\n<p>Lihtsalt peitke nailonniidi ots koos papist osaga oma v\u00f6\u00f6, p\u00fckste tasku v\u00f5i peopesa sisse. Seej\u00e4rel kasutage teist k\u00e4tt v\u00f5i liigutage keha, et panna uss n\u00e4iteks s\u00f5rmede vahelt h\u00fcppama, piki pliiatsit liikuma v\u00f5i joogiklaasist v\u00e4lja ronima. Internetis on saadaval palju rohkem trikke, mida selle ussiga teha.<\/p>\n<p><a href=\"https:\/\/trendhaus-germany.com\/en-gb\/startseite\/\">Vikerkaarev\u00e4rviline<\/a> uss on umbes 22.0 cm pikk.<\/p>\n<p><strong>Sobib lastele alates 3 aastast.<\/strong><\/p>\n<p><strong>Hoiatus!<\/strong> Ei ole sobiv alla 3-aastastele lastele v\u00e4ikeste osade t\u00f5ttu, mis v\u00f5ivad p\u00f5hjustada l\u00e4mbumisohtu. Soovitatav on t\u00e4iskasvanu j\u00e4relvalve. Palun s\u00e4ilitage see hoiatus, et tagada ohutu m\u00e4ng.<\/p>\n<p>Tutvu ka meie teiste<a href=\"https:\/\/sulin.ee\/tootekategooria\/mangimine\/\"> m\u00e4nguasjade valikuga,<\/a> mis pakuvad r\u00f5\u00f5mu ja p\u00f5nevust lastele ning kogu perele.<\/p>\n","protected":false},"excerpt":{"rendered":"<p><strong>Vikerkaarev\u00e4rviline uss<\/strong> <strong>on l\u00f5bus ja v\u00e4rvikas m\u00e4nguasi, mis pakub l\u00f5putuid trikkide v\u00f5imalusi. Peitke nailonniidi ots koos papist osaga oma v\u00f6\u00f6, p\u00fckste tasku v\u00f5i peopesa sisse ja kasutage ussi liigutamiseks oma k\u00e4si v\u00f5i keha. N\u00e4idake, kuidas uss h\u00fcppab l\u00e4bi s\u00f5rmede, liigub m\u00f6\u00f6da pliiatsit v\u00f5i ronib v\u00e4lja joogiklaasist. <\/strong><\/p>\n<p>Ussi pikkus on umbes 22.0 cm<\/p>\n","protected":false},"featured_media":37171,"comment_status":"open","ping_status":"closed","template":"","meta":[],"product_brand":[],"product_cat":[110,1162,1165,1166,1023,176,1014,885,1420,23],"product_tag":[],"class_list":{"0":"post-37164","1":"product","2":"type-product","3":"status-publish","4":"has-post-thumbnail","6":"product_cat-mangimine","7":"product_cat-kingituseks","8":"product_cat-3-5-aastat","9":"product_cat-6-8-aastat","10":"product_cat-motoorika","11":"product_cat-rollimangud","12":"product_cat-loodusuurija","13":"product_cat-ouemanguasjad","14":"product_cat-trendhaus","15":"product_cat-soodus","16":"has-post-title","17":"has-post-date","18":"has-post-category","19":"has-post-tag","20":"has-post-comment","21":"has-post-author","22":"","24":"first","25":"instock","26":"sale","27":"taxable","28":"shipping-taxable","29":"purchasable","30":"product-type-simple"},"yoast_head":"<!-- This site is optimized with the Yoast SEO plugin v26.8 - https:\/\/yoast.com\/product\/yoast-seo-wordpress\/ -->\n<title>Vikerkaarev\u00e4rviline uss - sulin.ee<\/title>\n<meta name=\"description\" content=\"Vikerkaarev\u00e4rviline uss on l\u00f5bus ja v\u00e4rvikas m\u00e4nguasi, mis pakub l\u00f5putuid trikkide v\u00f5imalusi. N\u00e4idake, kuidas uss h\u00fcppab l\u00e4bi s\u00f5rmede, liigub m\u00f6\u00f6da pliiatsit v\u00f5i ronib v\u00e4lja joogiklaasist.\" \/>\n<meta name=\"robots\" content=\"index, follow, max-snippet:-1, max-image-preview:large, max-video-preview:-1\" \/>\n<link rel=\"canonical\" href=\"https:\/\/sulin.ee\/en\/toode\/vikerkaarevarviline-uss-trendhaus\/\" \/>\n<meta property=\"og:locale\" content=\"en_US\" \/>\n<meta property=\"og:type\" content=\"article\" \/>\n<meta property=\"og:title\" content=\"Vikerkaarev\u00e4rviline uss - sulin.ee\" \/>\n<meta property=\"og:description\" content=\"Vikerkaarev\u00e4rviline uss on l\u00f5bus ja v\u00e4rvikas m\u00e4nguasi, mis pakub l\u00f5putuid trikkide v\u00f5imalusi. N\u00e4idake, kuidas uss h\u00fcppab l\u00e4bi s\u00f5rmede, liigub m\u00f6\u00f6da pliiatsit v\u00f5i ronib v\u00e4lja joogiklaasist.\" \/>\n<meta property=\"og:url\" content=\"https:\/\/sulin.ee\/en\/toode\/vikerkaarevarviline-uss-trendhaus\/\" \/>\n<meta property=\"og:site_name\" content=\"sulin.ee\" \/>\n<meta property=\"article:publisher\" content=\"https:\/\/www.facebook.com\/www.sulin.ee\/\" \/>\n<meta property=\"article:modified_time\" content=\"2025-09-07T21:34:03+00:00\" \/>\n<meta property=\"og:image\" content=\"https:\/\/sulin.ee\/wp-content\/uploads\/2025\/02\/13112-TH960443-good-feelings-mang-vikerkaarevarviline-uss.jpg\" \/>\n\t<meta property=\"og:image:width\" content=\"800\" \/>\n\t<meta property=\"og:image:height\" content=\"800\" \/>\n\t<meta property=\"og:image:type\" content=\"image\/jpeg\" \/>\n<meta name=\"twitter:card\" content=\"summary_large_image\" \/>\n<meta name=\"twitter:label1\" content=\"Est. reading time\" \/>\n\t<meta name=\"twitter:data1\" content=\"1 minute\" \/>\n<script type=\"application\/ld+json\" class=\"yoast-schema-graph\">{\"@context\":\"https:\/\/schema.org\",\"@graph\":[{\"@type\":\"WebPage\",\"@id\":\"https:\/\/sulin.ee\/en\/toode\/vikerkaarevarviline-uss-trendhaus\/\",\"url\":\"https:\/\/sulin.ee\/en\/toode\/vikerkaarevarviline-uss-trendhaus\/\",\"name\":\"Vikerkaarev\u00e4rviline uss - sulin.ee\",\"isPartOf\":{\"@id\":\"https:\/\/sulin.ee\/en\/#website\"},\"primaryImageOfPage\":{\"@id\":\"https:\/\/sulin.ee\/en\/toode\/vikerkaarevarviline-uss-trendhaus\/#primaryimage\"},\"image\":{\"@id\":\"https:\/\/sulin.ee\/en\/toode\/vikerkaarevarviline-uss-trendhaus\/#primaryimage\"},\"thumbnailUrl\":\"https:\/\/sulin.ee\/wp-content\/uploads\/2025\/02\/13112-TH960443-good-feelings-mang-vikerkaarevarviline-uss.jpg\",\"datePublished\":\"2025-02-07T15:32:39+00:00\",\"dateModified\":\"2025-09-07T21:34:03+00:00\",\"description\":\"Vikerkaarev\u00e4rviline uss on l\u00f5bus ja v\u00e4rvikas m\u00e4nguasi, mis pakub l\u00f5putuid trikkide v\u00f5imalusi. N\u00e4idake, kuidas uss h\u00fcppab l\u00e4bi s\u00f5rmede, liigub m\u00f6\u00f6da pliiatsit v\u00f5i ronib v\u00e4lja joogiklaasist.\",\"breadcrumb\":{\"@id\":\"https:\/\/sulin.ee\/en\/toode\/vikerkaarevarviline-uss-trendhaus\/#breadcrumb\"},\"inLanguage\":\"en-US\",\"potentialAction\":[{\"@type\":\"ReadAction\",\"target\":[\"https:\/\/sulin.ee\/en\/toode\/vikerkaarevarviline-uss-trendhaus\/\"]}]},{\"@type\":\"ImageObject\",\"inLanguage\":\"en-US\",\"@id\":\"https:\/\/sulin.ee\/en\/toode\/vikerkaarevarviline-uss-trendhaus\/#primaryimage\",\"url\":\"https:\/\/sulin.ee\/wp-content\/uploads\/2025\/02\/13112-TH960443-good-feelings-mang-vikerkaarevarviline-uss.jpg\",\"contentUrl\":\"https:\/\/sulin.ee\/wp-content\/uploads\/2025\/02\/13112-TH960443-good-feelings-mang-vikerkaarevarviline-uss.jpg\",\"width\":800,\"height\":800,\"caption\":\"Vikerkaarev\u00e4rviline uss\"},{\"@type\":\"BreadcrumbList\",\"@id\":\"https:\/\/sulin.ee\/en\/toode\/vikerkaarevarviline-uss-trendhaus\/#breadcrumb\",\"itemListElement\":[{\"@type\":\"ListItem\",\"position\":1,\"name\":\"Home\",\"item\":\"https:\/\/sulin.ee\/en\/\"},{\"@type\":\"ListItem\",\"position\":2,\"name\":\"Sulin.ee e-pood\",\"item\":\"https:\/\/sulin.ee\/shop\/\"},{\"@type\":\"ListItem\",\"position\":3,\"name\":\"Vikerkaarev\u00e4rviline uss\"}]},{\"@type\":\"WebSite\",\"@id\":\"https:\/\/sulin.ee\/en\/#website\",\"url\":\"https:\/\/sulin.ee\/en\/\",\"name\":\"sulin.ee\",\"description\":\"\",\"publisher\":{\"@id\":\"https:\/\/sulin.ee\/en\/#organization\"},\"potentialAction\":[{\"@type\":\"SearchAction\",\"target\":{\"@type\":\"EntryPoint\",\"urlTemplate\":\"https:\/\/sulin.ee\/en\/?s={search_term_string}\"},\"query-input\":{\"@type\":\"PropertyValueSpecification\",\"valueRequired\":true,\"valueName\":\"search_term_string\"}}],\"inLanguage\":\"en-US\"},{\"@type\":\"Organization\",\"@id\":\"https:\/\/sulin.ee\/en\/#organization\",\"name\":\"SULIN TRADE O\u00dc\",\"url\":\"https:\/\/sulin.ee\/en\/\",\"logo\":{\"@type\":\"ImageObject\",\"inLanguage\":\"en-US\",\"@id\":\"https:\/\/sulin.ee\/en\/#\/schema\/logo\/image\/\",\"url\":\"https:\/\/sulin.ee\/wp-content\/uploads\/2022\/11\/sulin-logo.png\",\"contentUrl\":\"https:\/\/sulin.ee\/wp-content\/uploads\/2022\/11\/sulin-logo.png\",\"width\":871,\"height\":321,\"caption\":\"SULIN TRADE O\u00dc\"},\"image\":{\"@id\":\"https:\/\/sulin.ee\/en\/#\/schema\/logo\/image\/\"},\"sameAs\":[\"https:\/\/www.facebook.com\/www.sulin.ee\/\",\"https:\/\/www.instagram.com\/sulintrade\/\"]}]}<\/script>\n<!-- \/ Yoast SEO plugin. -->","yoast_head_json":{"title":"Vikerkaarev\u00e4rviline uss - sulin.ee","description":"Vikerkaarev\u00e4rviline uss on l\u00f5bus ja v\u00e4rvikas m\u00e4nguasi, mis pakub l\u00f5putuid trikkide v\u00f5imalusi. N\u00e4idake, kuidas uss h\u00fcppab l\u00e4bi s\u00f5rmede, liigub m\u00f6\u00f6da pliiatsit v\u00f5i ronib v\u00e4lja joogiklaasist.","robots":{"index":"index","follow":"follow","max-snippet":"max-snippet:-1","max-image-preview":"max-image-preview:large","max-video-preview":"max-video-preview:-1"},"canonical":"https:\/\/sulin.ee\/en\/toode\/vikerkaarevarviline-uss-trendhaus\/","og_locale":"en_US","og_type":"article","og_title":"Vikerkaarev\u00e4rviline uss - sulin.ee","og_description":"Vikerkaarev\u00e4rviline uss on l\u00f5bus ja v\u00e4rvikas m\u00e4nguasi, mis pakub l\u00f5putuid trikkide v\u00f5imalusi. N\u00e4idake, kuidas uss h\u00fcppab l\u00e4bi s\u00f5rmede, liigub m\u00f6\u00f6da pliiatsit v\u00f5i ronib v\u00e4lja joogiklaasist.","og_url":"https:\/\/sulin.ee\/en\/toode\/vikerkaarevarviline-uss-trendhaus\/","og_site_name":"sulin.ee","article_publisher":"https:\/\/www.facebook.com\/www.sulin.ee\/","article_modified_time":"2025-09-07T21:34:03+00:00","og_image":[{"width":800,"height":800,"url":"https:\/\/sulin.ee\/wp-content\/uploads\/2025\/02\/13112-TH960443-good-feelings-mang-vikerkaarevarviline-uss.jpg","type":"image\/jpeg"}],"twitter_card":"summary_large_image","twitter_misc":{"Est. reading time":"1 minute"},"schema":{"@context":"https:\/\/schema.org","@graph":[{"@type":"WebPage","@id":"https:\/\/sulin.ee\/en\/toode\/vikerkaarevarviline-uss-trendhaus\/","url":"https:\/\/sulin.ee\/en\/toode\/vikerkaarevarviline-uss-trendhaus\/","name":"Vikerkaarev\u00e4rviline uss - sulin.ee","isPartOf":{"@id":"https:\/\/sulin.ee\/en\/#website"},"primaryImageOfPage":{"@id":"https:\/\/sulin.ee\/en\/toode\/vikerkaarevarviline-uss-trendhaus\/#primaryimage"},"image":{"@id":"https:\/\/sulin.ee\/en\/toode\/vikerkaarevarviline-uss-trendhaus\/#primaryimage"},"thumbnailUrl":"https:\/\/sulin.ee\/wp-content\/uploads\/2025\/02\/13112-TH960443-good-feelings-mang-vikerkaarevarviline-uss.jpg","datePublished":"2025-02-07T15:32:39+00:00","dateModified":"2025-09-07T21:34:03+00:00","description":"Vikerkaarev\u00e4rviline uss on l\u00f5bus ja v\u00e4rvikas m\u00e4nguasi, mis pakub l\u00f5putuid trikkide v\u00f5imalusi. N\u00e4idake, kuidas uss h\u00fcppab l\u00e4bi s\u00f5rmede, liigub m\u00f6\u00f6da pliiatsit v\u00f5i ronib v\u00e4lja joogiklaasist.","breadcrumb":{"@id":"https:\/\/sulin.ee\/en\/toode\/vikerkaarevarviline-uss-trendhaus\/#breadcrumb"},"inLanguage":"en-US","potentialAction":[{"@type":"ReadAction","target":["https:\/\/sulin.ee\/en\/toode\/vikerkaarevarviline-uss-trendhaus\/"]}]},{"@type":"ImageObject","inLanguage":"en-US","@id":"https:\/\/sulin.ee\/en\/toode\/vikerkaarevarviline-uss-trendhaus\/#primaryimage","url":"https:\/\/sulin.ee\/wp-content\/uploads\/2025\/02\/13112-TH960443-good-feelings-mang-vikerkaarevarviline-uss.jpg","contentUrl":"https:\/\/sulin.ee\/wp-content\/uploads\/2025\/02\/13112-TH960443-good-feelings-mang-vikerkaarevarviline-uss.jpg","width":800,"height":800,"caption":"Vikerkaarev\u00e4rviline uss"},{"@type":"BreadcrumbList","@id":"https:\/\/sulin.ee\/en\/toode\/vikerkaarevarviline-uss-trendhaus\/#breadcrumb","itemListElement":[{"@type":"ListItem","position":1,"name":"Home","item":"https:\/\/sulin.ee\/en\/"},{"@type":"ListItem","position":2,"name":"Sulin.ee e-pood","item":"https:\/\/sulin.ee\/shop\/"},{"@type":"ListItem","position":3,"name":"Vikerkaarev\u00e4rviline uss"}]},{"@type":"WebSite","@id":"https:\/\/sulin.ee\/en\/#website","url":"https:\/\/sulin.ee\/en\/","name":"sulin.ee","description":"","publisher":{"@id":"https:\/\/sulin.ee\/en\/#organization"},"potentialAction":[{"@type":"SearchAction","target":{"@type":"EntryPoint","urlTemplate":"https:\/\/sulin.ee\/en\/?s={search_term_string}"},"query-input":{"@type":"PropertyValueSpecification","valueRequired":true,"valueName":"search_term_string"}}],"inLanguage":"en-US"},{"@type":"Organization","@id":"https:\/\/sulin.ee\/en\/#organization","name":"SULIN TRADE O\u00dc","url":"https:\/\/sulin.ee\/en\/","logo":{"@type":"ImageObject","inLanguage":"en-US","@id":"https:\/\/sulin.ee\/en\/#\/schema\/logo\/image\/","url":"https:\/\/sulin.ee\/wp-content\/uploads\/2022\/11\/sulin-logo.png","contentUrl":"https:\/\/sulin.ee\/wp-content\/uploads\/2022\/11\/sulin-logo.png","width":871,"height":321,"caption":"SULIN TRADE O\u00dc"},"image":{"@id":"https:\/\/sulin.ee\/en\/#\/schema\/logo\/image\/"},"sameAs":["https:\/\/www.facebook.com\/www.sulin.ee\/","https:\/\/www.instagram.com\/sulintrade\/"]}]}},"builder_content":"","_links":{"self":[{"href":"https:\/\/sulin.ee\/en\/wp-json\/wp\/v2\/product\/37164","targetHints":{"allow":["GET"]}}],"collection":[{"href":"https:\/\/sulin.ee\/en\/wp-json\/wp\/v2\/product"}],"about":[{"href":"https:\/\/sulin.ee\/en\/wp-json\/wp\/v2\/types\/product"}],"replies":[{"embeddable":true,"href":"https:\/\/sulin.ee\/en\/wp-json\/wp\/v2\/comments?post=37164"}],"wp:featuredmedia":[{"embeddable":true,"href":"https:\/\/sulin.ee\/en\/wp-json\/wp\/v2\/media\/37171"}],"wp:attachment":[{"href":"https:\/\/sulin.ee\/en\/wp-json\/wp\/v2\/media?parent=37164"}],"wp:term":[{"taxonomy":"product_brand","embeddable":true,"href":"https:\/\/sulin.ee\/en\/wp-json\/wp\/v2\/product_brand?post=37164"},{"taxonomy":"product_cat","embeddable":true,"href":"https:\/\/sulin.ee\/en\/wp-json\/wp\/v2\/product_cat?post=37164"},{"taxonomy":"product_tag","embeddable":true,"href":"https:\/\/sulin.ee\/en\/wp-json\/wp\/v2\/product_tag?post=37164"}],"curies":[{"name":"wp","href":"https:\/\/api.w.org\/{rel}","templated":true}]}}