{"id":37150,"date":"2025-02-07T15:30:55","date_gmt":"2025-02-07T15:30:55","guid":{"rendered":"https:\/\/sulin.ee\/?post_type=product&#038;p=37150"},"modified":"2025-12-02T18:40:37","modified_gmt":"2025-12-02T18:40:37","slug":"arvutamismeister-poorlevad-numbrid-djeco","status":"publish","type":"product","link":"https:\/\/sulin.ee\/en\/toode\/arvutamismeister-poorlevad-numbrid-djeco\/","title":{"rendered":"Arvutamismeister \u2013 P\u00f6\u00f6rlevad numbrid"},"content":{"rendered":"<p><strong>Arvutamismeister \u2013 P\u00f6\u00f6rlevad numbrid on innovatiivne puidust \u00f5ppevahend, mis muudab arvutamise m\u00e4nguliselt lihtsaks ja kaasahaaravaks. See vahend v\u00f5imaldab lastel arendada oma matemaatikaoskusi, pannes neid aktiivselt m\u00f5tlema, koostama erinevaid matemaatilisi \u00fclesandeid ja otsima nende lahendusi. Numbrid on paigutatud p\u00f6\u00f6rlevatele ketastele, mida saab h\u00f5lpsalt keerata, et seada sisse \u00f5ige arvutus v\u00f5i lahendus.<\/strong><\/p>\n<p>Uus plastikust hoidik teeb numbrite seadistamise eriti mugavaks ja aitab lastel keskenduda \u00fclesannete lahendamisele ilma, et peaksid muretsema numbrite paigal p\u00fcsimise p\u00e4rast. Materjalina on kasutatud kvaliteetset puitu, mis tagab toote vastupidavuse ja ohutuse.<\/p>\n<p><a href=\"https:\/\/www.djeco.com\/\">Arvutamismeister <\/a>\u2013 P\u00f6\u00f6rlevad numbrid on m\u00f5eldud lastele, kes \u00f5pivad numbreid ja matemaatilisi p\u00f5hitehteid. See on suurep\u00e4rane vahend, mis <strong>toetab varajast matemaatika\u00f5pet ja arendab lapse loogilist m\u00f5tlemist ning probleemilahendusoskusi.<\/strong> Lisaks aitab see arendada k\u00e4e-silma koordinatsiooni t\u00e4nu f\u00fc\u00fcsilisele tegevusele numbrite keeramisel.<\/p>\n<p><strong>Sobib lastele alates 3 aastast.<\/strong><\/p>\n<p><strong>Hoiatus!<\/strong> Ei ole sobiv alla 3aasta vanustele lastele v\u00e4ikeste osade t\u00f5ttu, mis v\u00f5ivad p\u00f5hjustada l\u00e4mbumisohtu. Toodet tuleks kasutada t\u00e4iskasvanu j\u00e4relvalve all.<\/p>\n<p>Arvutamismeister &#8211; P\u00f6\u00f6rlevad numbrid on hariv ja l\u00f5bus viis matemaatika maailma avastamiseks, pakkudes lastele p\u00f5nevaid v\u00e4ljakutseid ja arendades olulisi oskusi varases \u00f5ppeeas.<\/p>\n<p>Tutvuge ka meie teiste <a href=\"https:\/\/sulin.ee\/tootekategooria\/mangimine\/oppemangud\/\">\u00f5petlike m\u00e4ngudega<\/a>, mis pakuvad lastele rohkelt harivaid ja kaasahaaravaid tegevusi, aidates arendada erinevaid oskusi m\u00e4ngulises vormis.<\/p>\n","protected":false},"excerpt":{"rendered":"<p><strong>Arvutamismeister \u2013 P\u00f6\u00f6rlevad numbrid<\/strong> <strong>on puidust \u00f5ppevahend, mis teeb arvutamise lihtsaks ja l\u00f5busaks. <\/strong><\/p>\n<p><strong>Komplektis on<\/strong> p\u00f6\u00f6rlevad numbrid ja uus plastikust hoidik, mis muudab numbrite seadistamise mugavaks. Ideaalne lastele, kes \u00f5pivad numbreid ja matemaatilisi p\u00f5hitehteid, arendades nende matemaatikaoskusi, loogilist m\u00f5tlemist ning k\u00e4e-silma koordinatsiooni.<\/p>\n<p><strong>Sobib lastele alates 3. eluaastast.<\/strong><\/p>\n","protected":false},"featured_media":37155,"comment_status":"open","ping_status":"closed","template":"","meta":[],"product_brand":[],"product_cat":[110,1162,1165,1166,1002,1009,928],"product_tag":[],"class_list":{"0":"post-37150","1":"product","2":"type-product","3":"status-publish","4":"has-post-thumbnail","6":"product_cat-mangimine","7":"product_cat-kingituseks","8":"product_cat-3-5-aastat","9":"product_cat-6-8-aastat","10":"product_cat-oppemangud","11":"product_cat-numbrid-ja-matemaatika","12":"product_cat-djeco","13":"has-post-title","14":"has-post-date","15":"has-post-category","16":"has-post-tag","17":"has-post-comment","18":"has-post-author","19":"","21":"first","22":"instock","23":"sale","24":"taxable","25":"shipping-taxable","26":"purchasable","27":"product-type-simple"},"yoast_head":"<!-- This site is optimized with the Yoast SEO plugin v26.8 - https:\/\/yoast.com\/product\/yoast-seo-wordpress\/ -->\n<title>Arvutamismeister \u2013 P\u00f6\u00f6rlevad numbrid - sulin.ee<\/title>\n<meta name=\"description\" content=\"Arvutamismeister \u2013 P\u00f6\u00f6rlevad numbrid on puidust \u00f5ppevahend, mis teeb arvutamise lihtsaks ja l\u00f5busaks. Komplektis on p\u00f6\u00f6rlevad numbrid ja uus plastikust hoidik.\" \/>\n<meta name=\"robots\" content=\"index, follow, max-snippet:-1, max-image-preview:large, max-video-preview:-1\" \/>\n<link rel=\"canonical\" href=\"https:\/\/sulin.ee\/en\/toode\/arvutamismeister-poorlevad-numbrid-djeco\/\" \/>\n<meta property=\"og:locale\" content=\"en_US\" \/>\n<meta property=\"og:type\" content=\"article\" \/>\n<meta property=\"og:title\" content=\"Arvutamismeister \u2013 P\u00f6\u00f6rlevad numbrid - sulin.ee\" \/>\n<meta property=\"og:description\" content=\"Arvutamismeister \u2013 P\u00f6\u00f6rlevad numbrid on puidust \u00f5ppevahend, mis teeb arvutamise lihtsaks ja l\u00f5busaks. Komplektis on p\u00f6\u00f6rlevad numbrid ja uus plastikust hoidik.\" \/>\n<meta property=\"og:url\" content=\"https:\/\/sulin.ee\/en\/toode\/arvutamismeister-poorlevad-numbrid-djeco\/\" \/>\n<meta property=\"og:site_name\" content=\"sulin.ee\" \/>\n<meta property=\"article:publisher\" content=\"https:\/\/www.facebook.com\/www.sulin.ee\/\" \/>\n<meta property=\"article:modified_time\" content=\"2025-12-02T18:40:37+00:00\" \/>\n<meta property=\"og:image\" content=\"https:\/\/sulin.ee\/wp-content\/uploads\/2025\/02\/12897-TH951311-arvutamismeister-poorlevad-numbrid.jpg\" \/>\n\t<meta property=\"og:image:width\" content=\"800\" \/>\n\t<meta property=\"og:image:height\" content=\"800\" \/>\n\t<meta property=\"og:image:type\" content=\"image\/jpeg\" \/>\n<meta name=\"twitter:card\" content=\"summary_large_image\" \/>\n<meta name=\"twitter:label1\" content=\"Est. reading time\" \/>\n\t<meta name=\"twitter:data1\" content=\"2 minutes\" \/>\n<script type=\"application\/ld+json\" class=\"yoast-schema-graph\">{\"@context\":\"https:\/\/schema.org\",\"@graph\":[{\"@type\":\"WebPage\",\"@id\":\"https:\/\/sulin.ee\/en\/toode\/arvutamismeister-poorlevad-numbrid-djeco\/\",\"url\":\"https:\/\/sulin.ee\/en\/toode\/arvutamismeister-poorlevad-numbrid-djeco\/\",\"name\":\"Arvutamismeister \u2013 P\u00f6\u00f6rlevad numbrid - sulin.ee\",\"isPartOf\":{\"@id\":\"https:\/\/sulin.ee\/en\/#website\"},\"primaryImageOfPage\":{\"@id\":\"https:\/\/sulin.ee\/en\/toode\/arvutamismeister-poorlevad-numbrid-djeco\/#primaryimage\"},\"image\":{\"@id\":\"https:\/\/sulin.ee\/en\/toode\/arvutamismeister-poorlevad-numbrid-djeco\/#primaryimage\"},\"thumbnailUrl\":\"https:\/\/sulin.ee\/wp-content\/uploads\/2025\/02\/12897-TH951311-arvutamismeister-poorlevad-numbrid.jpg\",\"datePublished\":\"2025-02-07T15:30:55+00:00\",\"dateModified\":\"2025-12-02T18:40:37+00:00\",\"description\":\"Arvutamismeister \u2013 P\u00f6\u00f6rlevad numbrid on puidust \u00f5ppevahend, mis teeb arvutamise lihtsaks ja l\u00f5busaks. Komplektis on p\u00f6\u00f6rlevad numbrid ja uus plastikust hoidik.\",\"breadcrumb\":{\"@id\":\"https:\/\/sulin.ee\/en\/toode\/arvutamismeister-poorlevad-numbrid-djeco\/#breadcrumb\"},\"inLanguage\":\"en-US\",\"potentialAction\":[{\"@type\":\"ReadAction\",\"target\":[\"https:\/\/sulin.ee\/en\/toode\/arvutamismeister-poorlevad-numbrid-djeco\/\"]}]},{\"@type\":\"ImageObject\",\"inLanguage\":\"en-US\",\"@id\":\"https:\/\/sulin.ee\/en\/toode\/arvutamismeister-poorlevad-numbrid-djeco\/#primaryimage\",\"url\":\"https:\/\/sulin.ee\/wp-content\/uploads\/2025\/02\/12897-TH951311-arvutamismeister-poorlevad-numbrid.jpg\",\"contentUrl\":\"https:\/\/sulin.ee\/wp-content\/uploads\/2025\/02\/12897-TH951311-arvutamismeister-poorlevad-numbrid.jpg\",\"width\":800,\"height\":800,\"caption\":\"Arvutamismeister \u2013 P\u00f6\u00f6rlevad numbrid\"},{\"@type\":\"BreadcrumbList\",\"@id\":\"https:\/\/sulin.ee\/en\/toode\/arvutamismeister-poorlevad-numbrid-djeco\/#breadcrumb\",\"itemListElement\":[{\"@type\":\"ListItem\",\"position\":1,\"name\":\"Home\",\"item\":\"https:\/\/sulin.ee\/en\/\"},{\"@type\":\"ListItem\",\"position\":2,\"name\":\"Sulin.ee e-pood\",\"item\":\"https:\/\/sulin.ee\/shop\/\"},{\"@type\":\"ListItem\",\"position\":3,\"name\":\"Arvutamismeister \u2013 P\u00f6\u00f6rlevad numbrid\"}]},{\"@type\":\"WebSite\",\"@id\":\"https:\/\/sulin.ee\/en\/#website\",\"url\":\"https:\/\/sulin.ee\/en\/\",\"name\":\"sulin.ee\",\"description\":\"\",\"publisher\":{\"@id\":\"https:\/\/sulin.ee\/en\/#organization\"},\"potentialAction\":[{\"@type\":\"SearchAction\",\"target\":{\"@type\":\"EntryPoint\",\"urlTemplate\":\"https:\/\/sulin.ee\/en\/?s={search_term_string}\"},\"query-input\":{\"@type\":\"PropertyValueSpecification\",\"valueRequired\":true,\"valueName\":\"search_term_string\"}}],\"inLanguage\":\"en-US\"},{\"@type\":\"Organization\",\"@id\":\"https:\/\/sulin.ee\/en\/#organization\",\"name\":\"SULIN TRADE O\u00dc\",\"url\":\"https:\/\/sulin.ee\/en\/\",\"logo\":{\"@type\":\"ImageObject\",\"inLanguage\":\"en-US\",\"@id\":\"https:\/\/sulin.ee\/en\/#\/schema\/logo\/image\/\",\"url\":\"https:\/\/sulin.ee\/wp-content\/uploads\/2022\/11\/sulin-logo.png\",\"contentUrl\":\"https:\/\/sulin.ee\/wp-content\/uploads\/2022\/11\/sulin-logo.png\",\"width\":871,\"height\":321,\"caption\":\"SULIN TRADE O\u00dc\"},\"image\":{\"@id\":\"https:\/\/sulin.ee\/en\/#\/schema\/logo\/image\/\"},\"sameAs\":[\"https:\/\/www.facebook.com\/www.sulin.ee\/\",\"https:\/\/www.instagram.com\/sulintrade\/\"]}]}<\/script>\n<!-- \/ Yoast SEO plugin. -->","yoast_head_json":{"title":"Arvutamismeister \u2013 P\u00f6\u00f6rlevad numbrid - sulin.ee","description":"Arvutamismeister \u2013 P\u00f6\u00f6rlevad numbrid on puidust \u00f5ppevahend, mis teeb arvutamise lihtsaks ja l\u00f5busaks. Komplektis on p\u00f6\u00f6rlevad numbrid ja uus plastikust hoidik.","robots":{"index":"index","follow":"follow","max-snippet":"max-snippet:-1","max-image-preview":"max-image-preview:large","max-video-preview":"max-video-preview:-1"},"canonical":"https:\/\/sulin.ee\/en\/toode\/arvutamismeister-poorlevad-numbrid-djeco\/","og_locale":"en_US","og_type":"article","og_title":"Arvutamismeister \u2013 P\u00f6\u00f6rlevad numbrid - sulin.ee","og_description":"Arvutamismeister \u2013 P\u00f6\u00f6rlevad numbrid on puidust \u00f5ppevahend, mis teeb arvutamise lihtsaks ja l\u00f5busaks. Komplektis on p\u00f6\u00f6rlevad numbrid ja uus plastikust hoidik.","og_url":"https:\/\/sulin.ee\/en\/toode\/arvutamismeister-poorlevad-numbrid-djeco\/","og_site_name":"sulin.ee","article_publisher":"https:\/\/www.facebook.com\/www.sulin.ee\/","article_modified_time":"2025-12-02T18:40:37+00:00","og_image":[{"width":800,"height":800,"url":"https:\/\/sulin.ee\/wp-content\/uploads\/2025\/02\/12897-TH951311-arvutamismeister-poorlevad-numbrid.jpg","type":"image\/jpeg"}],"twitter_card":"summary_large_image","twitter_misc":{"Est. reading time":"2 minutes"},"schema":{"@context":"https:\/\/schema.org","@graph":[{"@type":"WebPage","@id":"https:\/\/sulin.ee\/en\/toode\/arvutamismeister-poorlevad-numbrid-djeco\/","url":"https:\/\/sulin.ee\/en\/toode\/arvutamismeister-poorlevad-numbrid-djeco\/","name":"Arvutamismeister \u2013 P\u00f6\u00f6rlevad numbrid - sulin.ee","isPartOf":{"@id":"https:\/\/sulin.ee\/en\/#website"},"primaryImageOfPage":{"@id":"https:\/\/sulin.ee\/en\/toode\/arvutamismeister-poorlevad-numbrid-djeco\/#primaryimage"},"image":{"@id":"https:\/\/sulin.ee\/en\/toode\/arvutamismeister-poorlevad-numbrid-djeco\/#primaryimage"},"thumbnailUrl":"https:\/\/sulin.ee\/wp-content\/uploads\/2025\/02\/12897-TH951311-arvutamismeister-poorlevad-numbrid.jpg","datePublished":"2025-02-07T15:30:55+00:00","dateModified":"2025-12-02T18:40:37+00:00","description":"Arvutamismeister \u2013 P\u00f6\u00f6rlevad numbrid on puidust \u00f5ppevahend, mis teeb arvutamise lihtsaks ja l\u00f5busaks. Komplektis on p\u00f6\u00f6rlevad numbrid ja uus plastikust hoidik.","breadcrumb":{"@id":"https:\/\/sulin.ee\/en\/toode\/arvutamismeister-poorlevad-numbrid-djeco\/#breadcrumb"},"inLanguage":"en-US","potentialAction":[{"@type":"ReadAction","target":["https:\/\/sulin.ee\/en\/toode\/arvutamismeister-poorlevad-numbrid-djeco\/"]}]},{"@type":"ImageObject","inLanguage":"en-US","@id":"https:\/\/sulin.ee\/en\/toode\/arvutamismeister-poorlevad-numbrid-djeco\/#primaryimage","url":"https:\/\/sulin.ee\/wp-content\/uploads\/2025\/02\/12897-TH951311-arvutamismeister-poorlevad-numbrid.jpg","contentUrl":"https:\/\/sulin.ee\/wp-content\/uploads\/2025\/02\/12897-TH951311-arvutamismeister-poorlevad-numbrid.jpg","width":800,"height":800,"caption":"Arvutamismeister \u2013 P\u00f6\u00f6rlevad numbrid"},{"@type":"BreadcrumbList","@id":"https:\/\/sulin.ee\/en\/toode\/arvutamismeister-poorlevad-numbrid-djeco\/#breadcrumb","itemListElement":[{"@type":"ListItem","position":1,"name":"Home","item":"https:\/\/sulin.ee\/en\/"},{"@type":"ListItem","position":2,"name":"Sulin.ee e-pood","item":"https:\/\/sulin.ee\/shop\/"},{"@type":"ListItem","position":3,"name":"Arvutamismeister \u2013 P\u00f6\u00f6rlevad numbrid"}]},{"@type":"WebSite","@id":"https:\/\/sulin.ee\/en\/#website","url":"https:\/\/sulin.ee\/en\/","name":"sulin.ee","description":"","publisher":{"@id":"https:\/\/sulin.ee\/en\/#organization"},"potentialAction":[{"@type":"SearchAction","target":{"@type":"EntryPoint","urlTemplate":"https:\/\/sulin.ee\/en\/?s={search_term_string}"},"query-input":{"@type":"PropertyValueSpecification","valueRequired":true,"valueName":"search_term_string"}}],"inLanguage":"en-US"},{"@type":"Organization","@id":"https:\/\/sulin.ee\/en\/#organization","name":"SULIN TRADE O\u00dc","url":"https:\/\/sulin.ee\/en\/","logo":{"@type":"ImageObject","inLanguage":"en-US","@id":"https:\/\/sulin.ee\/en\/#\/schema\/logo\/image\/","url":"https:\/\/sulin.ee\/wp-content\/uploads\/2022\/11\/sulin-logo.png","contentUrl":"https:\/\/sulin.ee\/wp-content\/uploads\/2022\/11\/sulin-logo.png","width":871,"height":321,"caption":"SULIN TRADE O\u00dc"},"image":{"@id":"https:\/\/sulin.ee\/en\/#\/schema\/logo\/image\/"},"sameAs":["https:\/\/www.facebook.com\/www.sulin.ee\/","https:\/\/www.instagram.com\/sulintrade\/"]}]}},"builder_content":"","_links":{"self":[{"href":"https:\/\/sulin.ee\/en\/wp-json\/wp\/v2\/product\/37150","targetHints":{"allow":["GET"]}}],"collection":[{"href":"https:\/\/sulin.ee\/en\/wp-json\/wp\/v2\/product"}],"about":[{"href":"https:\/\/sulin.ee\/en\/wp-json\/wp\/v2\/types\/product"}],"replies":[{"embeddable":true,"href":"https:\/\/sulin.ee\/en\/wp-json\/wp\/v2\/comments?post=37150"}],"wp:featuredmedia":[{"embeddable":true,"href":"https:\/\/sulin.ee\/en\/wp-json\/wp\/v2\/media\/37155"}],"wp:attachment":[{"href":"https:\/\/sulin.ee\/en\/wp-json\/wp\/v2\/media?parent=37150"}],"wp:term":[{"taxonomy":"product_brand","embeddable":true,"href":"https:\/\/sulin.ee\/en\/wp-json\/wp\/v2\/product_brand?post=37150"},{"taxonomy":"product_cat","embeddable":true,"href":"https:\/\/sulin.ee\/en\/wp-json\/wp\/v2\/product_cat?post=37150"},{"taxonomy":"product_tag","embeddable":true,"href":"https:\/\/sulin.ee\/en\/wp-json\/wp\/v2\/product_tag?post=37150"}],"curies":[{"name":"wp","href":"https:\/\/api.w.org\/{rel}","templated":true}]}}