{"id":37132,"date":"2025-02-07T15:30:39","date_gmt":"2025-02-07T15:30:39","guid":{"rendered":"https:\/\/sulin.ee\/?post_type=product&#038;p=37132"},"modified":"2025-09-07T21:34:03","modified_gmt":"2025-09-07T21:34:03","slug":"linna-agendid-luup-trendhaus","status":"publish","type":"product","link":"https:\/\/sulin.ee\/en\/toode\/linna-agendid-luup-trendhaus\/","title":{"rendered":"Linna agendid &#8211; Luup"},"content":{"rendered":"<p><strong>Linna agendid &#8211; Luup on ideaalne vahend noortele detektiividele, kes soovivad oma uurimisoskusi teritada. See luup pakub 3-kordset suurendust, v\u00f5imaldades lastel p\u00f5hjalikult uurida kuriteopaiku, s\u00f5rmej\u00e4lgi, kirja ja muid peeneid detaile, mis on olulised m\u00f5istatuste lahendamisel. Luubi l\u00e4\u00e4ts on valmistatud kvaliteetsest s\u00fcnteetilisest klaasist, mis tagab terava ja selge vaate, muutes iga detaili uurimise lihtsaks ja t\u00f5husaks.<\/strong><\/p>\n<p>Luubi kompaktne suurus, umbes <strong>5.9 x 12.8 cm<\/strong>, teeb selle ideaalseks kaasav\u00f5etavaks vahendiks seiklusteks nii toas kui v\u00e4ljas. K\u00e4ep\u00e4rane suurus ja ergonoomiline disain tagavad, et seda on mugav kasutada nii lastel kui ka t\u00e4iskasvanutel.<\/p>\n<p><a href=\"https:\/\/trendhaus-germany.com\/en-gb\/startseite\/\">Linna agendid<\/a> &#8211; Luup ei ole mitte ainult kasulik detektiivim\u00e4ngudes, vaid pakub ka harivat v\u00e4\u00e4rtust, aidates lastel arendada t\u00e4helepanelikkust ja anal\u00fc\u00fcsiv\u00f5imet. Sobib suurep\u00e4raselt ka \u00f5ppetundides kasutamiseks, et uurida loodust v\u00f5i teaduslikke n\u00e4htusi l\u00e4hemalt.<\/p>\n<p><strong>Sobib lastele alates 3 aastast.<\/strong><\/p>\n<p><strong>Hoiatus!<\/strong> Ei ole sobiv alla kolmeaastastele lastele, l\u00e4mbumisoht v\u00e4ikeste osade t\u00f5ttu.<\/p>\n<p>Vaata ka meie teisi\u00a0<a href=\"https:\/\/sulin.ee\/tootekategooria\/mangimine\/rollimangud\/\">rollim\u00e4ngude m\u00e4nguasju<\/a>, mis pakuvad lastele v\u00f5imalust kehastuda erinevateks tegelasteks ja avastada p\u00f5nevaid maailmu!<\/p>\n","protected":false},"excerpt":{"rendered":"<p><strong>Linna agendid &#8211; Luup on praktiline detektiivi luup, mis pakub 3-kordset suurendust, v\u00f5imaldades noortel uurijatel avastada ja uurida detaile l\u00e4hedalt. Luup on valmistatud kvaliteetsest s\u00fcnteetilisest klaasist, mis tagab selge ja terava vaate. <\/strong><\/p>\n<p><strong>Sobib lastele alates 3. eluaastast.<\/strong><\/p>\n","protected":false},"featured_media":37141,"comment_status":"open","ping_status":"closed","template":"","meta":[],"product_brand":[],"product_cat":[110,1162,1165,1166,176,1421,1014,1420,23],"product_tag":[],"class_list":{"0":"post-37132","1":"product","2":"type-product","3":"status-publish","4":"has-post-thumbnail","6":"product_cat-mangimine","7":"product_cat-kingituseks","8":"product_cat-3-5-aastat","9":"product_cat-6-8-aastat","10":"product_cat-rollimangud","11":"product_cat-detektiiv","12":"product_cat-loodusuurija","13":"product_cat-trendhaus","14":"product_cat-soodus","15":"has-post-title","16":"has-post-date","17":"has-post-category","18":"has-post-tag","19":"has-post-comment","20":"has-post-author","21":"","23":"first","24":"instock","25":"sale","26":"taxable","27":"shipping-taxable","28":"purchasable","29":"product-type-simple"},"yoast_head":"<!-- This site is optimized with the Yoast SEO plugin v26.8 - https:\/\/yoast.com\/product\/yoast-seo-wordpress\/ -->\n<title>Linna agendid - Luup - sulin.ee<\/title>\n<meta name=\"description\" content=\"Linna agendid - Luup on praktiline detektiivi luup, mis pakub 3-kordset suurendust, v\u00f5imaldades noortel uurijatel avastada ja uurida detaile l\u00e4hedalt.\" \/>\n<meta name=\"robots\" content=\"index, follow, max-snippet:-1, max-image-preview:large, max-video-preview:-1\" \/>\n<link rel=\"canonical\" href=\"https:\/\/sulin.ee\/en\/toode\/linna-agendid-luup-trendhaus\/\" \/>\n<meta property=\"og:locale\" content=\"en_US\" \/>\n<meta property=\"og:type\" content=\"article\" \/>\n<meta property=\"og:title\" content=\"Linna agendid - Luup - sulin.ee\" \/>\n<meta property=\"og:description\" content=\"Linna agendid - Luup on praktiline detektiivi luup, mis pakub 3-kordset suurendust, v\u00f5imaldades noortel uurijatel avastada ja uurida detaile l\u00e4hedalt.\" \/>\n<meta property=\"og:url\" content=\"https:\/\/sulin.ee\/en\/toode\/linna-agendid-luup-trendhaus\/\" \/>\n<meta property=\"og:site_name\" content=\"sulin.ee\" \/>\n<meta property=\"article:publisher\" content=\"https:\/\/www.facebook.com\/www.sulin.ee\/\" \/>\n<meta property=\"article:modified_time\" content=\"2025-09-07T21:34:03+00:00\" \/>\n<meta property=\"og:image\" content=\"https:\/\/sulin.ee\/wp-content\/uploads\/2025\/02\/13307-TH959720-linna-agendid-luup.jpg\" \/>\n\t<meta property=\"og:image:width\" content=\"800\" \/>\n\t<meta property=\"og:image:height\" content=\"800\" \/>\n\t<meta property=\"og:image:type\" content=\"image\/jpeg\" \/>\n<meta name=\"twitter:card\" content=\"summary_large_image\" \/>\n<meta name=\"twitter:label1\" content=\"Est. reading time\" \/>\n\t<meta name=\"twitter:data1\" content=\"2 minutes\" \/>\n<script type=\"application\/ld+json\" class=\"yoast-schema-graph\">{\"@context\":\"https:\/\/schema.org\",\"@graph\":[{\"@type\":\"WebPage\",\"@id\":\"https:\/\/sulin.ee\/en\/toode\/linna-agendid-luup-trendhaus\/\",\"url\":\"https:\/\/sulin.ee\/en\/toode\/linna-agendid-luup-trendhaus\/\",\"name\":\"Linna agendid - Luup - sulin.ee\",\"isPartOf\":{\"@id\":\"https:\/\/sulin.ee\/en\/#website\"},\"primaryImageOfPage\":{\"@id\":\"https:\/\/sulin.ee\/en\/toode\/linna-agendid-luup-trendhaus\/#primaryimage\"},\"image\":{\"@id\":\"https:\/\/sulin.ee\/en\/toode\/linna-agendid-luup-trendhaus\/#primaryimage\"},\"thumbnailUrl\":\"https:\/\/sulin.ee\/wp-content\/uploads\/2025\/02\/13307-TH959720-linna-agendid-luup.jpg\",\"datePublished\":\"2025-02-07T15:30:39+00:00\",\"dateModified\":\"2025-09-07T21:34:03+00:00\",\"description\":\"Linna agendid - Luup on praktiline detektiivi luup, mis pakub 3-kordset suurendust, v\u00f5imaldades noortel uurijatel avastada ja uurida detaile l\u00e4hedalt.\",\"breadcrumb\":{\"@id\":\"https:\/\/sulin.ee\/en\/toode\/linna-agendid-luup-trendhaus\/#breadcrumb\"},\"inLanguage\":\"en-US\",\"potentialAction\":[{\"@type\":\"ReadAction\",\"target\":[\"https:\/\/sulin.ee\/en\/toode\/linna-agendid-luup-trendhaus\/\"]}]},{\"@type\":\"ImageObject\",\"inLanguage\":\"en-US\",\"@id\":\"https:\/\/sulin.ee\/en\/toode\/linna-agendid-luup-trendhaus\/#primaryimage\",\"url\":\"https:\/\/sulin.ee\/wp-content\/uploads\/2025\/02\/13307-TH959720-linna-agendid-luup.jpg\",\"contentUrl\":\"https:\/\/sulin.ee\/wp-content\/uploads\/2025\/02\/13307-TH959720-linna-agendid-luup.jpg\",\"width\":800,\"height\":800,\"caption\":\"Linna agendid - Luup\"},{\"@type\":\"BreadcrumbList\",\"@id\":\"https:\/\/sulin.ee\/en\/toode\/linna-agendid-luup-trendhaus\/#breadcrumb\",\"itemListElement\":[{\"@type\":\"ListItem\",\"position\":1,\"name\":\"Home\",\"item\":\"https:\/\/sulin.ee\/en\/\"},{\"@type\":\"ListItem\",\"position\":2,\"name\":\"Sulin.ee e-pood\",\"item\":\"https:\/\/sulin.ee\/shop\/\"},{\"@type\":\"ListItem\",\"position\":3,\"name\":\"Linna agendid &#8211; Luup\"}]},{\"@type\":\"WebSite\",\"@id\":\"https:\/\/sulin.ee\/en\/#website\",\"url\":\"https:\/\/sulin.ee\/en\/\",\"name\":\"sulin.ee\",\"description\":\"\",\"publisher\":{\"@id\":\"https:\/\/sulin.ee\/en\/#organization\"},\"potentialAction\":[{\"@type\":\"SearchAction\",\"target\":{\"@type\":\"EntryPoint\",\"urlTemplate\":\"https:\/\/sulin.ee\/en\/?s={search_term_string}\"},\"query-input\":{\"@type\":\"PropertyValueSpecification\",\"valueRequired\":true,\"valueName\":\"search_term_string\"}}],\"inLanguage\":\"en-US\"},{\"@type\":\"Organization\",\"@id\":\"https:\/\/sulin.ee\/en\/#organization\",\"name\":\"SULIN TRADE O\u00dc\",\"url\":\"https:\/\/sulin.ee\/en\/\",\"logo\":{\"@type\":\"ImageObject\",\"inLanguage\":\"en-US\",\"@id\":\"https:\/\/sulin.ee\/en\/#\/schema\/logo\/image\/\",\"url\":\"https:\/\/sulin.ee\/wp-content\/uploads\/2022\/11\/sulin-logo.png\",\"contentUrl\":\"https:\/\/sulin.ee\/wp-content\/uploads\/2022\/11\/sulin-logo.png\",\"width\":871,\"height\":321,\"caption\":\"SULIN TRADE O\u00dc\"},\"image\":{\"@id\":\"https:\/\/sulin.ee\/en\/#\/schema\/logo\/image\/\"},\"sameAs\":[\"https:\/\/www.facebook.com\/www.sulin.ee\/\",\"https:\/\/www.instagram.com\/sulintrade\/\"]}]}<\/script>\n<!-- \/ Yoast SEO plugin. -->","yoast_head_json":{"title":"Linna agendid - Luup - sulin.ee","description":"Linna agendid - Luup on praktiline detektiivi luup, mis pakub 3-kordset suurendust, v\u00f5imaldades noortel uurijatel avastada ja uurida detaile l\u00e4hedalt.","robots":{"index":"index","follow":"follow","max-snippet":"max-snippet:-1","max-image-preview":"max-image-preview:large","max-video-preview":"max-video-preview:-1"},"canonical":"https:\/\/sulin.ee\/en\/toode\/linna-agendid-luup-trendhaus\/","og_locale":"en_US","og_type":"article","og_title":"Linna agendid - Luup - sulin.ee","og_description":"Linna agendid - Luup on praktiline detektiivi luup, mis pakub 3-kordset suurendust, v\u00f5imaldades noortel uurijatel avastada ja uurida detaile l\u00e4hedalt.","og_url":"https:\/\/sulin.ee\/en\/toode\/linna-agendid-luup-trendhaus\/","og_site_name":"sulin.ee","article_publisher":"https:\/\/www.facebook.com\/www.sulin.ee\/","article_modified_time":"2025-09-07T21:34:03+00:00","og_image":[{"width":800,"height":800,"url":"https:\/\/sulin.ee\/wp-content\/uploads\/2025\/02\/13307-TH959720-linna-agendid-luup.jpg","type":"image\/jpeg"}],"twitter_card":"summary_large_image","twitter_misc":{"Est. reading time":"2 minutes"},"schema":{"@context":"https:\/\/schema.org","@graph":[{"@type":"WebPage","@id":"https:\/\/sulin.ee\/en\/toode\/linna-agendid-luup-trendhaus\/","url":"https:\/\/sulin.ee\/en\/toode\/linna-agendid-luup-trendhaus\/","name":"Linna agendid - Luup - sulin.ee","isPartOf":{"@id":"https:\/\/sulin.ee\/en\/#website"},"primaryImageOfPage":{"@id":"https:\/\/sulin.ee\/en\/toode\/linna-agendid-luup-trendhaus\/#primaryimage"},"image":{"@id":"https:\/\/sulin.ee\/en\/toode\/linna-agendid-luup-trendhaus\/#primaryimage"},"thumbnailUrl":"https:\/\/sulin.ee\/wp-content\/uploads\/2025\/02\/13307-TH959720-linna-agendid-luup.jpg","datePublished":"2025-02-07T15:30:39+00:00","dateModified":"2025-09-07T21:34:03+00:00","description":"Linna agendid - Luup on praktiline detektiivi luup, mis pakub 3-kordset suurendust, v\u00f5imaldades noortel uurijatel avastada ja uurida detaile l\u00e4hedalt.","breadcrumb":{"@id":"https:\/\/sulin.ee\/en\/toode\/linna-agendid-luup-trendhaus\/#breadcrumb"},"inLanguage":"en-US","potentialAction":[{"@type":"ReadAction","target":["https:\/\/sulin.ee\/en\/toode\/linna-agendid-luup-trendhaus\/"]}]},{"@type":"ImageObject","inLanguage":"en-US","@id":"https:\/\/sulin.ee\/en\/toode\/linna-agendid-luup-trendhaus\/#primaryimage","url":"https:\/\/sulin.ee\/wp-content\/uploads\/2025\/02\/13307-TH959720-linna-agendid-luup.jpg","contentUrl":"https:\/\/sulin.ee\/wp-content\/uploads\/2025\/02\/13307-TH959720-linna-agendid-luup.jpg","width":800,"height":800,"caption":"Linna agendid - Luup"},{"@type":"BreadcrumbList","@id":"https:\/\/sulin.ee\/en\/toode\/linna-agendid-luup-trendhaus\/#breadcrumb","itemListElement":[{"@type":"ListItem","position":1,"name":"Home","item":"https:\/\/sulin.ee\/en\/"},{"@type":"ListItem","position":2,"name":"Sulin.ee e-pood","item":"https:\/\/sulin.ee\/shop\/"},{"@type":"ListItem","position":3,"name":"Linna agendid &#8211; Luup"}]},{"@type":"WebSite","@id":"https:\/\/sulin.ee\/en\/#website","url":"https:\/\/sulin.ee\/en\/","name":"sulin.ee","description":"","publisher":{"@id":"https:\/\/sulin.ee\/en\/#organization"},"potentialAction":[{"@type":"SearchAction","target":{"@type":"EntryPoint","urlTemplate":"https:\/\/sulin.ee\/en\/?s={search_term_string}"},"query-input":{"@type":"PropertyValueSpecification","valueRequired":true,"valueName":"search_term_string"}}],"inLanguage":"en-US"},{"@type":"Organization","@id":"https:\/\/sulin.ee\/en\/#organization","name":"SULIN TRADE O\u00dc","url":"https:\/\/sulin.ee\/en\/","logo":{"@type":"ImageObject","inLanguage":"en-US","@id":"https:\/\/sulin.ee\/en\/#\/schema\/logo\/image\/","url":"https:\/\/sulin.ee\/wp-content\/uploads\/2022\/11\/sulin-logo.png","contentUrl":"https:\/\/sulin.ee\/wp-content\/uploads\/2022\/11\/sulin-logo.png","width":871,"height":321,"caption":"SULIN TRADE O\u00dc"},"image":{"@id":"https:\/\/sulin.ee\/en\/#\/schema\/logo\/image\/"},"sameAs":["https:\/\/www.facebook.com\/www.sulin.ee\/","https:\/\/www.instagram.com\/sulintrade\/"]}]}},"builder_content":"","_links":{"self":[{"href":"https:\/\/sulin.ee\/en\/wp-json\/wp\/v2\/product\/37132","targetHints":{"allow":["GET"]}}],"collection":[{"href":"https:\/\/sulin.ee\/en\/wp-json\/wp\/v2\/product"}],"about":[{"href":"https:\/\/sulin.ee\/en\/wp-json\/wp\/v2\/types\/product"}],"replies":[{"embeddable":true,"href":"https:\/\/sulin.ee\/en\/wp-json\/wp\/v2\/comments?post=37132"}],"wp:featuredmedia":[{"embeddable":true,"href":"https:\/\/sulin.ee\/en\/wp-json\/wp\/v2\/media\/37141"}],"wp:attachment":[{"href":"https:\/\/sulin.ee\/en\/wp-json\/wp\/v2\/media?parent=37132"}],"wp:term":[{"taxonomy":"product_brand","embeddable":true,"href":"https:\/\/sulin.ee\/en\/wp-json\/wp\/v2\/product_brand?post=37132"},{"taxonomy":"product_cat","embeddable":true,"href":"https:\/\/sulin.ee\/en\/wp-json\/wp\/v2\/product_cat?post=37132"},{"taxonomy":"product_tag","embeddable":true,"href":"https:\/\/sulin.ee\/en\/wp-json\/wp\/v2\/product_tag?post=37132"}],"curies":[{"name":"wp","href":"https:\/\/api.w.org\/{rel}","templated":true}]}}