{"id":37123,"date":"2025-02-07T15:21:42","date_gmt":"2025-02-07T15:21:42","guid":{"rendered":"https:\/\/sulin.ee\/?post_type=product&#038;p=37123"},"modified":"2025-09-07T21:34:03","modified_gmt":"2025-09-07T21:34:03","slug":"linna-agendid-sormejalgede-komplekt-trendhaus","status":"publish","type":"product","link":"https:\/\/sulin.ee\/en\/toode\/linna-agendid-sormejalgede-komplekt-trendhaus\/","title":{"rendered":"Linna agendid \u2013 S\u00f5rmej\u00e4lgede komplekt"},"content":{"rendered":"<p><strong>Linna agendid \u2013 S\u00f5rmej\u00e4lgede komplekt on suurep\u00e4rane detektiivim\u00e4ngu komplekt, mis on loodud noortele uurijatele, kes soovivad kogeda t\u00f5elist detektiivit\u00f6\u00f6d. Komplekt on varustatud k\u00f5ige vajalikuga, et noored detektiivid saaksid koguda, uurida ja v\u00f5rrelda s\u00f5rmej\u00e4lgi nagu professionaalid. <\/strong><\/p>\n<p><strong><a href=\"https:\/\/trendhaus-germany.com\/en-gb\/startseite\/\">Linna agendid<\/a> \u2013 S\u00f5rmej\u00e4lgede komplekt sisaldab<\/strong> musta tindipatja s\u00f5rmej\u00e4lgede kogumiseks, tolmu ja pintslit, millega muuta n\u00e4htamatud j\u00e4ljed n\u00e4htavaks, ning spetsiaalseid kleepkilesid, mis v\u00f5imaldavad s\u00f5rmej\u00e4lgi h\u00f5lpsalt eemaldada ja anal\u00fc\u00fcsida. Lisaks kuulub komplekti s\u00f5rmej\u00e4lgede register 12 lehega, mis on kahes keeles \u2013 saksa ja inglise \u2013 ning suurendusklaas, mis aitab uurijatel detailidele l\u00e4hemalt keskenduda. \u00dcksikasjalikud juhised juhatavad noori detektiive samm-sammult l\u00e4bi protsessi, \u00f5petades neid kasutama erinevaid meetodeid s\u00f5rmej\u00e4lgede anal\u00fc\u00fcsimiseks.<\/p>\n<p>See m\u00e4ngukomplekt on suurep\u00e4rane vahend laste loogilise m\u00f5tlemise, vaatlusoskuste ja peenmotoorika arendamiseks. Samuti pakub see harivat ja kaasahaaravat tegevust, mis hoiab lapsi tundideks h\u00f5ivatud.<\/p>\n<p><strong>Toote m\u00f5\u00f5tmed<\/strong> pakendis on 12.6 x 2.2 x 8.9 cm, muutes selle h\u00f5lpsasti kaasaskantavaks ja sobivaks kingituseks.<\/p>\n<p><strong>Sobib lastele alates 3 aastast.<\/strong><\/p>\n<p><strong>Hoiatus!<\/strong> Ei ole sobiv alla kolmeaastastele lastele, l\u00e4mbumisoht v\u00e4ikeste osade t\u00f5ttu.<\/p>\n<p>Vaata ka meie teisi\u00a0<a href=\"https:\/\/sulin.ee\/tootekategooria\/mangimine\/rollimangud\/\">rollim\u00e4ngude m\u00e4nguasju<\/a>, mis pakuvad lastele v\u00f5imalust kehastuda erinevateks tegelasteks ja avastada p\u00f5nevaid maailmu!<\/p>\n","protected":false},"excerpt":{"rendered":"<p><strong>Linna agendid \u2013 S\u00f5rmej\u00e4lgede komplekt on p\u00f5nev detektiivikomplekt noortele uurijatele, mis v\u00f5imaldab neil koguda ja anal\u00fc\u00fcsida s\u00f5rmej\u00e4lgi nagu t\u00f5elised detektiivid. <\/strong><\/p>\n<p>Komplekt sisaldab musta tindipatja, tolmu ja pintslit n\u00e4htamatute j\u00e4lgede tuvastamiseks, kleepkilesid s\u00f5rmej\u00e4lgede eemaldamiseks ja v\u00f5rdlemiseks, s\u00f5rmej\u00e4lgede registrit, suurendusklaasi ja \u00fcksikasjalikke juhiseid.<\/p>\n<p>Ideaalne vahend arendamaks laste vaatlusoskusi ja loogilist m\u00f5tlemist, komplekt on <strong>sobiv alates 3. eluaastast.\u00a0<\/strong><\/p>\n","protected":false},"featured_media":37130,"comment_status":"open","ping_status":"closed","template":"","meta":[],"product_brand":[],"product_cat":[110,1162,1165,1166,176,1421,1420,23],"product_tag":[],"class_list":{"0":"post-37123","1":"product","2":"type-product","3":"status-publish","4":"has-post-thumbnail","6":"product_cat-mangimine","7":"product_cat-kingituseks","8":"product_cat-3-5-aastat","9":"product_cat-6-8-aastat","10":"product_cat-rollimangud","11":"product_cat-detektiiv","12":"product_cat-trendhaus","13":"product_cat-soodus","14":"has-post-title","15":"has-post-date","16":"has-post-category","17":"has-post-tag","18":"has-post-comment","19":"has-post-author","20":"","22":"first","23":"instock","24":"sale","25":"taxable","26":"shipping-taxable","27":"purchasable","28":"product-type-simple"},"yoast_head":"<!-- This site is optimized with the Yoast SEO plugin v26.8 - https:\/\/yoast.com\/product\/yoast-seo-wordpress\/ -->\n<title>Linna agendid \u2013 S\u00f5rmej\u00e4lgede komplekt - sulin.ee<\/title>\n<meta name=\"description\" content=\"Linna agendid \u2013 S\u00f5rmej\u00e4lgede komplekt on p\u00f5nev detektiivikomplekt noortele uurijatele, mis v\u00f5imaldab neil koguda ja anal\u00fc\u00fcsida s\u00f5rmej\u00e4lgi nagu t\u00f5elised detektiivid.\" \/>\n<meta name=\"robots\" content=\"index, follow, max-snippet:-1, max-image-preview:large, max-video-preview:-1\" \/>\n<link rel=\"canonical\" href=\"https:\/\/sulin.ee\/en\/toode\/linna-agendid-sormejalgede-komplekt-trendhaus\/\" \/>\n<meta property=\"og:locale\" content=\"en_US\" \/>\n<meta property=\"og:type\" content=\"article\" \/>\n<meta property=\"og:title\" content=\"Linna agendid \u2013 S\u00f5rmej\u00e4lgede komplekt - sulin.ee\" \/>\n<meta property=\"og:description\" content=\"Linna agendid \u2013 S\u00f5rmej\u00e4lgede komplekt on p\u00f5nev detektiivikomplekt noortele uurijatele, mis v\u00f5imaldab neil koguda ja anal\u00fc\u00fcsida s\u00f5rmej\u00e4lgi nagu t\u00f5elised detektiivid.\" \/>\n<meta property=\"og:url\" content=\"https:\/\/sulin.ee\/en\/toode\/linna-agendid-sormejalgede-komplekt-trendhaus\/\" \/>\n<meta property=\"og:site_name\" content=\"sulin.ee\" \/>\n<meta property=\"article:publisher\" content=\"https:\/\/www.facebook.com\/www.sulin.ee\/\" \/>\n<meta property=\"article:modified_time\" content=\"2025-09-07T21:34:03+00:00\" \/>\n<meta property=\"og:image\" content=\"https:\/\/sulin.ee\/wp-content\/uploads\/2025\/02\/12808-TH960276-linna-agendid-sormejalgede-komplekt.jpg\" \/>\n\t<meta property=\"og:image:width\" content=\"800\" \/>\n\t<meta property=\"og:image:height\" content=\"800\" \/>\n\t<meta property=\"og:image:type\" content=\"image\/jpeg\" \/>\n<meta name=\"twitter:card\" content=\"summary_large_image\" \/>\n<meta name=\"twitter:label1\" content=\"Est. reading time\" \/>\n\t<meta name=\"twitter:data1\" content=\"2 minutes\" \/>\n<script type=\"application\/ld+json\" class=\"yoast-schema-graph\">{\"@context\":\"https:\/\/schema.org\",\"@graph\":[{\"@type\":\"WebPage\",\"@id\":\"https:\/\/sulin.ee\/en\/toode\/linna-agendid-sormejalgede-komplekt-trendhaus\/\",\"url\":\"https:\/\/sulin.ee\/en\/toode\/linna-agendid-sormejalgede-komplekt-trendhaus\/\",\"name\":\"Linna agendid \u2013 S\u00f5rmej\u00e4lgede komplekt - sulin.ee\",\"isPartOf\":{\"@id\":\"https:\/\/sulin.ee\/en\/#website\"},\"primaryImageOfPage\":{\"@id\":\"https:\/\/sulin.ee\/en\/toode\/linna-agendid-sormejalgede-komplekt-trendhaus\/#primaryimage\"},\"image\":{\"@id\":\"https:\/\/sulin.ee\/en\/toode\/linna-agendid-sormejalgede-komplekt-trendhaus\/#primaryimage\"},\"thumbnailUrl\":\"https:\/\/sulin.ee\/wp-content\/uploads\/2025\/02\/12808-TH960276-linna-agendid-sormejalgede-komplekt.jpg\",\"datePublished\":\"2025-02-07T15:21:42+00:00\",\"dateModified\":\"2025-09-07T21:34:03+00:00\",\"description\":\"Linna agendid \u2013 S\u00f5rmej\u00e4lgede komplekt on p\u00f5nev detektiivikomplekt noortele uurijatele, mis v\u00f5imaldab neil koguda ja anal\u00fc\u00fcsida s\u00f5rmej\u00e4lgi nagu t\u00f5elised detektiivid.\",\"breadcrumb\":{\"@id\":\"https:\/\/sulin.ee\/en\/toode\/linna-agendid-sormejalgede-komplekt-trendhaus\/#breadcrumb\"},\"inLanguage\":\"en-US\",\"potentialAction\":[{\"@type\":\"ReadAction\",\"target\":[\"https:\/\/sulin.ee\/en\/toode\/linna-agendid-sormejalgede-komplekt-trendhaus\/\"]}]},{\"@type\":\"ImageObject\",\"inLanguage\":\"en-US\",\"@id\":\"https:\/\/sulin.ee\/en\/toode\/linna-agendid-sormejalgede-komplekt-trendhaus\/#primaryimage\",\"url\":\"https:\/\/sulin.ee\/wp-content\/uploads\/2025\/02\/12808-TH960276-linna-agendid-sormejalgede-komplekt.jpg\",\"contentUrl\":\"https:\/\/sulin.ee\/wp-content\/uploads\/2025\/02\/12808-TH960276-linna-agendid-sormejalgede-komplekt.jpg\",\"width\":800,\"height\":800,\"caption\":\"Linna agendid \u2013 S\u00f5rmej\u00e4lgede komplekt\"},{\"@type\":\"BreadcrumbList\",\"@id\":\"https:\/\/sulin.ee\/en\/toode\/linna-agendid-sormejalgede-komplekt-trendhaus\/#breadcrumb\",\"itemListElement\":[{\"@type\":\"ListItem\",\"position\":1,\"name\":\"Home\",\"item\":\"https:\/\/sulin.ee\/en\/\"},{\"@type\":\"ListItem\",\"position\":2,\"name\":\"Sulin.ee e-pood\",\"item\":\"https:\/\/sulin.ee\/shop\/\"},{\"@type\":\"ListItem\",\"position\":3,\"name\":\"Linna agendid \u2013 S\u00f5rmej\u00e4lgede komplekt\"}]},{\"@type\":\"WebSite\",\"@id\":\"https:\/\/sulin.ee\/en\/#website\",\"url\":\"https:\/\/sulin.ee\/en\/\",\"name\":\"sulin.ee\",\"description\":\"\",\"publisher\":{\"@id\":\"https:\/\/sulin.ee\/en\/#organization\"},\"potentialAction\":[{\"@type\":\"SearchAction\",\"target\":{\"@type\":\"EntryPoint\",\"urlTemplate\":\"https:\/\/sulin.ee\/en\/?s={search_term_string}\"},\"query-input\":{\"@type\":\"PropertyValueSpecification\",\"valueRequired\":true,\"valueName\":\"search_term_string\"}}],\"inLanguage\":\"en-US\"},{\"@type\":\"Organization\",\"@id\":\"https:\/\/sulin.ee\/en\/#organization\",\"name\":\"SULIN TRADE O\u00dc\",\"url\":\"https:\/\/sulin.ee\/en\/\",\"logo\":{\"@type\":\"ImageObject\",\"inLanguage\":\"en-US\",\"@id\":\"https:\/\/sulin.ee\/en\/#\/schema\/logo\/image\/\",\"url\":\"https:\/\/sulin.ee\/wp-content\/uploads\/2022\/11\/sulin-logo.png\",\"contentUrl\":\"https:\/\/sulin.ee\/wp-content\/uploads\/2022\/11\/sulin-logo.png\",\"width\":871,\"height\":321,\"caption\":\"SULIN TRADE O\u00dc\"},\"image\":{\"@id\":\"https:\/\/sulin.ee\/en\/#\/schema\/logo\/image\/\"},\"sameAs\":[\"https:\/\/www.facebook.com\/www.sulin.ee\/\",\"https:\/\/www.instagram.com\/sulintrade\/\"]}]}<\/script>\n<!-- \/ Yoast SEO plugin. -->","yoast_head_json":{"title":"Linna agendid \u2013 S\u00f5rmej\u00e4lgede komplekt - sulin.ee","description":"Linna agendid \u2013 S\u00f5rmej\u00e4lgede komplekt on p\u00f5nev detektiivikomplekt noortele uurijatele, mis v\u00f5imaldab neil koguda ja anal\u00fc\u00fcsida s\u00f5rmej\u00e4lgi nagu t\u00f5elised detektiivid.","robots":{"index":"index","follow":"follow","max-snippet":"max-snippet:-1","max-image-preview":"max-image-preview:large","max-video-preview":"max-video-preview:-1"},"canonical":"https:\/\/sulin.ee\/en\/toode\/linna-agendid-sormejalgede-komplekt-trendhaus\/","og_locale":"en_US","og_type":"article","og_title":"Linna agendid \u2013 S\u00f5rmej\u00e4lgede komplekt - sulin.ee","og_description":"Linna agendid \u2013 S\u00f5rmej\u00e4lgede komplekt on p\u00f5nev detektiivikomplekt noortele uurijatele, mis v\u00f5imaldab neil koguda ja anal\u00fc\u00fcsida s\u00f5rmej\u00e4lgi nagu t\u00f5elised detektiivid.","og_url":"https:\/\/sulin.ee\/en\/toode\/linna-agendid-sormejalgede-komplekt-trendhaus\/","og_site_name":"sulin.ee","article_publisher":"https:\/\/www.facebook.com\/www.sulin.ee\/","article_modified_time":"2025-09-07T21:34:03+00:00","og_image":[{"width":800,"height":800,"url":"https:\/\/sulin.ee\/wp-content\/uploads\/2025\/02\/12808-TH960276-linna-agendid-sormejalgede-komplekt.jpg","type":"image\/jpeg"}],"twitter_card":"summary_large_image","twitter_misc":{"Est. reading time":"2 minutes"},"schema":{"@context":"https:\/\/schema.org","@graph":[{"@type":"WebPage","@id":"https:\/\/sulin.ee\/en\/toode\/linna-agendid-sormejalgede-komplekt-trendhaus\/","url":"https:\/\/sulin.ee\/en\/toode\/linna-agendid-sormejalgede-komplekt-trendhaus\/","name":"Linna agendid \u2013 S\u00f5rmej\u00e4lgede komplekt - sulin.ee","isPartOf":{"@id":"https:\/\/sulin.ee\/en\/#website"},"primaryImageOfPage":{"@id":"https:\/\/sulin.ee\/en\/toode\/linna-agendid-sormejalgede-komplekt-trendhaus\/#primaryimage"},"image":{"@id":"https:\/\/sulin.ee\/en\/toode\/linna-agendid-sormejalgede-komplekt-trendhaus\/#primaryimage"},"thumbnailUrl":"https:\/\/sulin.ee\/wp-content\/uploads\/2025\/02\/12808-TH960276-linna-agendid-sormejalgede-komplekt.jpg","datePublished":"2025-02-07T15:21:42+00:00","dateModified":"2025-09-07T21:34:03+00:00","description":"Linna agendid \u2013 S\u00f5rmej\u00e4lgede komplekt on p\u00f5nev detektiivikomplekt noortele uurijatele, mis v\u00f5imaldab neil koguda ja anal\u00fc\u00fcsida s\u00f5rmej\u00e4lgi nagu t\u00f5elised detektiivid.","breadcrumb":{"@id":"https:\/\/sulin.ee\/en\/toode\/linna-agendid-sormejalgede-komplekt-trendhaus\/#breadcrumb"},"inLanguage":"en-US","potentialAction":[{"@type":"ReadAction","target":["https:\/\/sulin.ee\/en\/toode\/linna-agendid-sormejalgede-komplekt-trendhaus\/"]}]},{"@type":"ImageObject","inLanguage":"en-US","@id":"https:\/\/sulin.ee\/en\/toode\/linna-agendid-sormejalgede-komplekt-trendhaus\/#primaryimage","url":"https:\/\/sulin.ee\/wp-content\/uploads\/2025\/02\/12808-TH960276-linna-agendid-sormejalgede-komplekt.jpg","contentUrl":"https:\/\/sulin.ee\/wp-content\/uploads\/2025\/02\/12808-TH960276-linna-agendid-sormejalgede-komplekt.jpg","width":800,"height":800,"caption":"Linna agendid \u2013 S\u00f5rmej\u00e4lgede komplekt"},{"@type":"BreadcrumbList","@id":"https:\/\/sulin.ee\/en\/toode\/linna-agendid-sormejalgede-komplekt-trendhaus\/#breadcrumb","itemListElement":[{"@type":"ListItem","position":1,"name":"Home","item":"https:\/\/sulin.ee\/en\/"},{"@type":"ListItem","position":2,"name":"Sulin.ee e-pood","item":"https:\/\/sulin.ee\/shop\/"},{"@type":"ListItem","position":3,"name":"Linna agendid \u2013 S\u00f5rmej\u00e4lgede komplekt"}]},{"@type":"WebSite","@id":"https:\/\/sulin.ee\/en\/#website","url":"https:\/\/sulin.ee\/en\/","name":"sulin.ee","description":"","publisher":{"@id":"https:\/\/sulin.ee\/en\/#organization"},"potentialAction":[{"@type":"SearchAction","target":{"@type":"EntryPoint","urlTemplate":"https:\/\/sulin.ee\/en\/?s={search_term_string}"},"query-input":{"@type":"PropertyValueSpecification","valueRequired":true,"valueName":"search_term_string"}}],"inLanguage":"en-US"},{"@type":"Organization","@id":"https:\/\/sulin.ee\/en\/#organization","name":"SULIN TRADE O\u00dc","url":"https:\/\/sulin.ee\/en\/","logo":{"@type":"ImageObject","inLanguage":"en-US","@id":"https:\/\/sulin.ee\/en\/#\/schema\/logo\/image\/","url":"https:\/\/sulin.ee\/wp-content\/uploads\/2022\/11\/sulin-logo.png","contentUrl":"https:\/\/sulin.ee\/wp-content\/uploads\/2022\/11\/sulin-logo.png","width":871,"height":321,"caption":"SULIN TRADE O\u00dc"},"image":{"@id":"https:\/\/sulin.ee\/en\/#\/schema\/logo\/image\/"},"sameAs":["https:\/\/www.facebook.com\/www.sulin.ee\/","https:\/\/www.instagram.com\/sulintrade\/"]}]}},"builder_content":"","_links":{"self":[{"href":"https:\/\/sulin.ee\/en\/wp-json\/wp\/v2\/product\/37123","targetHints":{"allow":["GET"]}}],"collection":[{"href":"https:\/\/sulin.ee\/en\/wp-json\/wp\/v2\/product"}],"about":[{"href":"https:\/\/sulin.ee\/en\/wp-json\/wp\/v2\/types\/product"}],"replies":[{"embeddable":true,"href":"https:\/\/sulin.ee\/en\/wp-json\/wp\/v2\/comments?post=37123"}],"wp:featuredmedia":[{"embeddable":true,"href":"https:\/\/sulin.ee\/en\/wp-json\/wp\/v2\/media\/37130"}],"wp:attachment":[{"href":"https:\/\/sulin.ee\/en\/wp-json\/wp\/v2\/media?parent=37123"}],"wp:term":[{"taxonomy":"product_brand","embeddable":true,"href":"https:\/\/sulin.ee\/en\/wp-json\/wp\/v2\/product_brand?post=37123"},{"taxonomy":"product_cat","embeddable":true,"href":"https:\/\/sulin.ee\/en\/wp-json\/wp\/v2\/product_cat?post=37123"},{"taxonomy":"product_tag","embeddable":true,"href":"https:\/\/sulin.ee\/en\/wp-json\/wp\/v2\/product_tag?post=37123"}],"curies":[{"name":"wp","href":"https:\/\/api.w.org\/{rel}","templated":true}]}}