{"id":37102,"date":"2025-02-07T14:51:39","date_gmt":"2025-02-07T14:51:39","guid":{"rendered":"https:\/\/sulin.ee\/?post_type=product&#038;p=37102"},"modified":"2026-01-14T11:38:25","modified_gmt":"2026-01-14T11:38:25","slug":"loo-paberitega-kolm-hiidlooma","status":"publish","type":"product","link":"https:\/\/sulin.ee\/en\/toode\/loo-paberitega-kolm-hiidlooma\/","title":{"rendered":"Loo paberitega &#8211; Kolm hiidlooma"},"content":{"rendered":"<p><strong>Loo paberitega &#8211; Kolm hiidlooma on loominguline kollaa\u017eikomplekt, mis v\u00f5imaldab lastel kaunistada ja kokku panna kolm suurt tegelaskuju, lisades neile v\u00e4rvi. <\/strong><\/p>\n<p>J\u00e4rgides juhendvihikus olevaid \u0161abloone, saavad lapsed kleepida kleepse, et loomad valmis teha. Valmides saab loomad, sealhulgas 50 cm k\u00f5rguse karu, 40 cm k\u00f5rguse rebase ja 28 cm k\u00f5rguse linnu, v\u00e4rviliste kinnitusvahendite abil kokku panna!<\/p>\n<p>See kollaa\u017eitegevus on m\u00f5eldud lastele alates 3. eluaastast ja sisaldab \u00fcle 200 suure kleepsu.<\/p>\n<p><strong><a href=\"https:\/\/www.djeco.com\/en\">Djeco<\/a> Loo paberitega &#8211; Kolm hiidlooma komplektis on<\/strong> 10 eell\u00f5igatud kaarti, mida on lihtne rebida, 200 kleepsu, 31 v\u00e4rvilist kinnitusvahendit ning samm-sammult juhendivihik, mis kasutab ainult pilte. Valmistatud FSC\u00ae sertifitseeritud paberist ja papist, mis tagab keskkonnas\u00f5bralikkuse.<\/p>\n<p><strong>Sobib lastele vanuses 3 kuni 6 aastat. <\/strong><\/p>\n<p><strong>Hoiatus!<\/strong> Ei ole sobiv alla kolmeaastastele lastele, l\u00e4mbumisoht v\u00e4ikeste osade t\u00f5ttu.<\/p>\n<p>Tutvuge meie laia <a href=\"https:\/\/sulin.ee\/tootekategooria\/mangimine\/kunstivahendid\/meisterdamine\/\">meisterdamisvahendite valikuga<\/a>! Avastage erinevaid komplekte, mis inspireerivad loovust ja pakuvad tundideks l\u00f5busat tegevust. Leidke oma uus lemmikprojekt meie p\u00f5nevate toodete hulgast!<\/p>\n","protected":false},"excerpt":{"rendered":"<p><strong>Loo paberitega &#8211; Kolm hiidlooma on kollaa\u017eikomplekt, mis lubab lastel kaunistada ja kokku panna kolm suurt paberist loomakujundit: karu, rebase ja linnu. <\/strong><\/p>\n<p><strong>Komplekt sisaldab<\/strong> 10 eell\u00f5igatud kaarti, \u00fcle 200 kleepsu ja 31 v\u00e4rvilist kinnitusvahendit, mis aitavad loomad kokku panna. Juhendivihik aitab lastel samm-sammult loomad valmis teha.<\/p>\n<p>Valmistatud FSC\u00ae sertifitseeritud materjalidest, sobib see komplekt lastele vanuses <strong>3 kuni 6 aastat<\/strong>, pakkudes nii l\u00f5bu kui ka loovust arendavat tegevust.<\/p>\n","protected":false},"featured_media":37111,"comment_status":"open","ping_status":"closed","template":"","meta":[],"product_brand":[],"product_cat":[110,1162,1165,1166,102,1017,928],"product_tag":[],"class_list":{"0":"post-37102","1":"product","2":"type-product","3":"status-publish","4":"has-post-thumbnail","6":"product_cat-mangimine","7":"product_cat-kingituseks","8":"product_cat-3-5-aastat","9":"product_cat-6-8-aastat","10":"product_cat-kunstivahendid","11":"product_cat-meisterdamine","12":"product_cat-djeco","13":"has-post-title","14":"has-post-date","15":"has-post-category","16":"has-post-tag","17":"has-post-comment","18":"has-post-author","19":"","21":"first","22":"instock","23":"sale","24":"taxable","25":"shipping-taxable","26":"purchasable","27":"product-type-simple"},"yoast_head":"<!-- This site is optimized with the Yoast SEO plugin v26.8 - https:\/\/yoast.com\/product\/yoast-seo-wordpress\/ -->\n<title>Loo paberitega - Kolm hiidlooma - sulin.ee<\/title>\n<meta name=\"description\" content=\"Loo paberitega - Kolm hiidlooma on kollaa\u017eikomplekt, mis lubab lastel kaunistada ja kokku panna kolm suurt paberist loomakujundit: karu, rebase ja linnu.\" \/>\n<meta name=\"robots\" content=\"index, follow, max-snippet:-1, max-image-preview:large, max-video-preview:-1\" \/>\n<link rel=\"canonical\" href=\"https:\/\/sulin.ee\/en\/toode\/loo-paberitega-kolm-hiidlooma\/\" \/>\n<meta property=\"og:locale\" content=\"en_US\" \/>\n<meta property=\"og:type\" content=\"article\" \/>\n<meta property=\"og:title\" content=\"Loo paberitega - Kolm hiidlooma - sulin.ee\" \/>\n<meta property=\"og:description\" content=\"Loo paberitega - Kolm hiidlooma on kollaa\u017eikomplekt, mis lubab lastel kaunistada ja kokku panna kolm suurt paberist loomakujundit: karu, rebase ja linnu.\" \/>\n<meta property=\"og:url\" content=\"https:\/\/sulin.ee\/en\/toode\/loo-paberitega-kolm-hiidlooma\/\" \/>\n<meta property=\"og:site_name\" content=\"sulin.ee\" \/>\n<meta property=\"article:publisher\" content=\"https:\/\/www.facebook.com\/www.sulin.ee\/\" \/>\n<meta property=\"article:modified_time\" content=\"2026-01-14T11:38:25+00:00\" \/>\n<meta property=\"og:image\" content=\"https:\/\/sulin.ee\/wp-content\/uploads\/2025\/02\/12065-DJ09895-loo-paberitega-3-hiidlooma.jpg\" \/>\n\t<meta property=\"og:image:width\" content=\"800\" \/>\n\t<meta property=\"og:image:height\" content=\"800\" \/>\n\t<meta property=\"og:image:type\" content=\"image\/jpeg\" \/>\n<meta name=\"twitter:card\" content=\"summary_large_image\" \/>\n<meta name=\"twitter:label1\" content=\"Est. reading time\" \/>\n\t<meta name=\"twitter:data1\" content=\"1 minute\" \/>\n<script type=\"application\/ld+json\" class=\"yoast-schema-graph\">{\"@context\":\"https:\/\/schema.org\",\"@graph\":[{\"@type\":\"WebPage\",\"@id\":\"https:\/\/sulin.ee\/en\/toode\/loo-paberitega-kolm-hiidlooma\/\",\"url\":\"https:\/\/sulin.ee\/en\/toode\/loo-paberitega-kolm-hiidlooma\/\",\"name\":\"Loo paberitega - Kolm hiidlooma - sulin.ee\",\"isPartOf\":{\"@id\":\"https:\/\/sulin.ee\/en\/#website\"},\"primaryImageOfPage\":{\"@id\":\"https:\/\/sulin.ee\/en\/toode\/loo-paberitega-kolm-hiidlooma\/#primaryimage\"},\"image\":{\"@id\":\"https:\/\/sulin.ee\/en\/toode\/loo-paberitega-kolm-hiidlooma\/#primaryimage\"},\"thumbnailUrl\":\"https:\/\/sulin.ee\/wp-content\/uploads\/2025\/02\/12065-DJ09895-loo-paberitega-3-hiidlooma.jpg\",\"datePublished\":\"2025-02-07T14:51:39+00:00\",\"dateModified\":\"2026-01-14T11:38:25+00:00\",\"description\":\"Loo paberitega - Kolm hiidlooma on kollaa\u017eikomplekt, mis lubab lastel kaunistada ja kokku panna kolm suurt paberist loomakujundit: karu, rebase ja linnu.\",\"breadcrumb\":{\"@id\":\"https:\/\/sulin.ee\/en\/toode\/loo-paberitega-kolm-hiidlooma\/#breadcrumb\"},\"inLanguage\":\"en-US\",\"potentialAction\":[{\"@type\":\"ReadAction\",\"target\":[\"https:\/\/sulin.ee\/en\/toode\/loo-paberitega-kolm-hiidlooma\/\"]}]},{\"@type\":\"ImageObject\",\"inLanguage\":\"en-US\",\"@id\":\"https:\/\/sulin.ee\/en\/toode\/loo-paberitega-kolm-hiidlooma\/#primaryimage\",\"url\":\"https:\/\/sulin.ee\/wp-content\/uploads\/2025\/02\/12065-DJ09895-loo-paberitega-3-hiidlooma.jpg\",\"contentUrl\":\"https:\/\/sulin.ee\/wp-content\/uploads\/2025\/02\/12065-DJ09895-loo-paberitega-3-hiidlooma.jpg\",\"width\":800,\"height\":800,\"caption\":\"Loo paberitega - Kolm hiidlooma\"},{\"@type\":\"BreadcrumbList\",\"@id\":\"https:\/\/sulin.ee\/en\/toode\/loo-paberitega-kolm-hiidlooma\/#breadcrumb\",\"itemListElement\":[{\"@type\":\"ListItem\",\"position\":1,\"name\":\"Home\",\"item\":\"https:\/\/sulin.ee\/en\/\"},{\"@type\":\"ListItem\",\"position\":2,\"name\":\"Sulin.ee e-pood\",\"item\":\"https:\/\/sulin.ee\/shop\/\"},{\"@type\":\"ListItem\",\"position\":3,\"name\":\"Loo paberitega &#8211; Kolm hiidlooma\"}]},{\"@type\":\"WebSite\",\"@id\":\"https:\/\/sulin.ee\/en\/#website\",\"url\":\"https:\/\/sulin.ee\/en\/\",\"name\":\"sulin.ee\",\"description\":\"\",\"publisher\":{\"@id\":\"https:\/\/sulin.ee\/en\/#organization\"},\"potentialAction\":[{\"@type\":\"SearchAction\",\"target\":{\"@type\":\"EntryPoint\",\"urlTemplate\":\"https:\/\/sulin.ee\/en\/?s={search_term_string}\"},\"query-input\":{\"@type\":\"PropertyValueSpecification\",\"valueRequired\":true,\"valueName\":\"search_term_string\"}}],\"inLanguage\":\"en-US\"},{\"@type\":\"Organization\",\"@id\":\"https:\/\/sulin.ee\/en\/#organization\",\"name\":\"SULIN TRADE O\u00dc\",\"url\":\"https:\/\/sulin.ee\/en\/\",\"logo\":{\"@type\":\"ImageObject\",\"inLanguage\":\"en-US\",\"@id\":\"https:\/\/sulin.ee\/en\/#\/schema\/logo\/image\/\",\"url\":\"https:\/\/sulin.ee\/wp-content\/uploads\/2022\/11\/sulin-logo.png\",\"contentUrl\":\"https:\/\/sulin.ee\/wp-content\/uploads\/2022\/11\/sulin-logo.png\",\"width\":871,\"height\":321,\"caption\":\"SULIN TRADE O\u00dc\"},\"image\":{\"@id\":\"https:\/\/sulin.ee\/en\/#\/schema\/logo\/image\/\"},\"sameAs\":[\"https:\/\/www.facebook.com\/www.sulin.ee\/\",\"https:\/\/www.instagram.com\/sulintrade\/\"]}]}<\/script>\n<!-- \/ Yoast SEO plugin. -->","yoast_head_json":{"title":"Loo paberitega - Kolm hiidlooma - sulin.ee","description":"Loo paberitega - Kolm hiidlooma on kollaa\u017eikomplekt, mis lubab lastel kaunistada ja kokku panna kolm suurt paberist loomakujundit: karu, rebase ja linnu.","robots":{"index":"index","follow":"follow","max-snippet":"max-snippet:-1","max-image-preview":"max-image-preview:large","max-video-preview":"max-video-preview:-1"},"canonical":"https:\/\/sulin.ee\/en\/toode\/loo-paberitega-kolm-hiidlooma\/","og_locale":"en_US","og_type":"article","og_title":"Loo paberitega - Kolm hiidlooma - sulin.ee","og_description":"Loo paberitega - Kolm hiidlooma on kollaa\u017eikomplekt, mis lubab lastel kaunistada ja kokku panna kolm suurt paberist loomakujundit: karu, rebase ja linnu.","og_url":"https:\/\/sulin.ee\/en\/toode\/loo-paberitega-kolm-hiidlooma\/","og_site_name":"sulin.ee","article_publisher":"https:\/\/www.facebook.com\/www.sulin.ee\/","article_modified_time":"2026-01-14T11:38:25+00:00","og_image":[{"width":800,"height":800,"url":"https:\/\/sulin.ee\/wp-content\/uploads\/2025\/02\/12065-DJ09895-loo-paberitega-3-hiidlooma.jpg","type":"image\/jpeg"}],"twitter_card":"summary_large_image","twitter_misc":{"Est. reading time":"1 minute"},"schema":{"@context":"https:\/\/schema.org","@graph":[{"@type":"WebPage","@id":"https:\/\/sulin.ee\/en\/toode\/loo-paberitega-kolm-hiidlooma\/","url":"https:\/\/sulin.ee\/en\/toode\/loo-paberitega-kolm-hiidlooma\/","name":"Loo paberitega - Kolm hiidlooma - sulin.ee","isPartOf":{"@id":"https:\/\/sulin.ee\/en\/#website"},"primaryImageOfPage":{"@id":"https:\/\/sulin.ee\/en\/toode\/loo-paberitega-kolm-hiidlooma\/#primaryimage"},"image":{"@id":"https:\/\/sulin.ee\/en\/toode\/loo-paberitega-kolm-hiidlooma\/#primaryimage"},"thumbnailUrl":"https:\/\/sulin.ee\/wp-content\/uploads\/2025\/02\/12065-DJ09895-loo-paberitega-3-hiidlooma.jpg","datePublished":"2025-02-07T14:51:39+00:00","dateModified":"2026-01-14T11:38:25+00:00","description":"Loo paberitega - Kolm hiidlooma on kollaa\u017eikomplekt, mis lubab lastel kaunistada ja kokku panna kolm suurt paberist loomakujundit: karu, rebase ja linnu.","breadcrumb":{"@id":"https:\/\/sulin.ee\/en\/toode\/loo-paberitega-kolm-hiidlooma\/#breadcrumb"},"inLanguage":"en-US","potentialAction":[{"@type":"ReadAction","target":["https:\/\/sulin.ee\/en\/toode\/loo-paberitega-kolm-hiidlooma\/"]}]},{"@type":"ImageObject","inLanguage":"en-US","@id":"https:\/\/sulin.ee\/en\/toode\/loo-paberitega-kolm-hiidlooma\/#primaryimage","url":"https:\/\/sulin.ee\/wp-content\/uploads\/2025\/02\/12065-DJ09895-loo-paberitega-3-hiidlooma.jpg","contentUrl":"https:\/\/sulin.ee\/wp-content\/uploads\/2025\/02\/12065-DJ09895-loo-paberitega-3-hiidlooma.jpg","width":800,"height":800,"caption":"Loo paberitega - Kolm hiidlooma"},{"@type":"BreadcrumbList","@id":"https:\/\/sulin.ee\/en\/toode\/loo-paberitega-kolm-hiidlooma\/#breadcrumb","itemListElement":[{"@type":"ListItem","position":1,"name":"Home","item":"https:\/\/sulin.ee\/en\/"},{"@type":"ListItem","position":2,"name":"Sulin.ee e-pood","item":"https:\/\/sulin.ee\/shop\/"},{"@type":"ListItem","position":3,"name":"Loo paberitega &#8211; Kolm hiidlooma"}]},{"@type":"WebSite","@id":"https:\/\/sulin.ee\/en\/#website","url":"https:\/\/sulin.ee\/en\/","name":"sulin.ee","description":"","publisher":{"@id":"https:\/\/sulin.ee\/en\/#organization"},"potentialAction":[{"@type":"SearchAction","target":{"@type":"EntryPoint","urlTemplate":"https:\/\/sulin.ee\/en\/?s={search_term_string}"},"query-input":{"@type":"PropertyValueSpecification","valueRequired":true,"valueName":"search_term_string"}}],"inLanguage":"en-US"},{"@type":"Organization","@id":"https:\/\/sulin.ee\/en\/#organization","name":"SULIN TRADE O\u00dc","url":"https:\/\/sulin.ee\/en\/","logo":{"@type":"ImageObject","inLanguage":"en-US","@id":"https:\/\/sulin.ee\/en\/#\/schema\/logo\/image\/","url":"https:\/\/sulin.ee\/wp-content\/uploads\/2022\/11\/sulin-logo.png","contentUrl":"https:\/\/sulin.ee\/wp-content\/uploads\/2022\/11\/sulin-logo.png","width":871,"height":321,"caption":"SULIN TRADE O\u00dc"},"image":{"@id":"https:\/\/sulin.ee\/en\/#\/schema\/logo\/image\/"},"sameAs":["https:\/\/www.facebook.com\/www.sulin.ee\/","https:\/\/www.instagram.com\/sulintrade\/"]}]}},"builder_content":"","_links":{"self":[{"href":"https:\/\/sulin.ee\/en\/wp-json\/wp\/v2\/product\/37102","targetHints":{"allow":["GET"]}}],"collection":[{"href":"https:\/\/sulin.ee\/en\/wp-json\/wp\/v2\/product"}],"about":[{"href":"https:\/\/sulin.ee\/en\/wp-json\/wp\/v2\/types\/product"}],"replies":[{"embeddable":true,"href":"https:\/\/sulin.ee\/en\/wp-json\/wp\/v2\/comments?post=37102"}],"wp:featuredmedia":[{"embeddable":true,"href":"https:\/\/sulin.ee\/en\/wp-json\/wp\/v2\/media\/37111"}],"wp:attachment":[{"href":"https:\/\/sulin.ee\/en\/wp-json\/wp\/v2\/media?parent=37102"}],"wp:term":[{"taxonomy":"product_brand","embeddable":true,"href":"https:\/\/sulin.ee\/en\/wp-json\/wp\/v2\/product_brand?post=37102"},{"taxonomy":"product_cat","embeddable":true,"href":"https:\/\/sulin.ee\/en\/wp-json\/wp\/v2\/product_cat?post=37102"},{"taxonomy":"product_tag","embeddable":true,"href":"https:\/\/sulin.ee\/en\/wp-json\/wp\/v2\/product_tag?post=37102"}],"curies":[{"name":"wp","href":"https:\/\/api.w.org\/{rel}","templated":true}]}}