{"id":37078,"date":"2025-02-07T14:50:33","date_gmt":"2025-02-07T14:50:33","guid":{"rendered":"https:\/\/sulin.ee\/?post_type=product&#038;p=37078"},"modified":"2026-01-14T11:38:25","modified_gmt":"2026-01-14T11:38:25","slug":"loo-paberitega-teispool-laineid","status":"publish","type":"product","link":"https:\/\/sulin.ee\/en\/toode\/loo-paberitega-teispool-laineid\/","title":{"rendered":"Loo paberitega &#8211; Teispool laineid"},"content":{"rendered":"<p><strong>Loo paberitega &#8211; Teispool laineid on v\u00e4rvimiskomplekt, mis v\u00f5imaldab luua imelise ookeanimaailma metallikdetailidega!<\/strong><\/p>\n<p>Alusta v\u00e4rvimisest, seej\u00e4rel voldi ja pane detailid kokku. Tulemuseks on ookeanimaailm, mis s\u00e4rab oma metallikdetailidega. See on v\u00e4rvimis-, voltimis- ja niidistamistegevus, mis on lihtne, kuid annab suurep\u00e4raseid tulemusi. Metalliktr\u00fckk eraldab v\u00e4rve, lisades s\u00e4ra. V\u00e4rvimislehed on paksud, mis tagab vastupidavuse ja kvaliteedi.<\/p>\n<p><strong><a href=\"https:\/\/www.djeco.com\/en\">Djeco<\/a> Loo paberitega &#8211; Teispool laineid komplekt sisaldab<\/strong> viit alust (29.5 x 21 cm), millel on v\u00e4rvitavad osad, illustreeritud osad ja metallikdetailid, ning \u00fchte samm-sammult juhendivihikut, mis kasutab ainult pilte. Valmistatud FSC\u00ae sertifitseeritud paberist ja papist, mis tagab keskkonnas\u00f5bralikkuse.<\/p>\n<p><strong>Sobib lastele vanuses 3 kuni 6 aastat.<\/strong><\/p>\n<p><strong> Hoiatus!<\/strong> Ei ole sobiv alla kolmeaastastele lastele, l\u00e4mbumisoht v\u00e4ikeste osade t\u00f5ttu.<\/p>\n<p>Tutvuge meie laia <a href=\"https:\/\/sulin.ee\/tootekategooria\/mangimine\/kunstivahendid\/meisterdamine\/\">meisterdamisvahendite valikuga<\/a>! Avastage erinevaid komplekte, mis inspireerivad loovust ja pakuvad tundideks l\u00f5busat tegevust. Leidke oma uus lemmikprojekt meie p\u00f5nevate toodete hulgast!<\/p>\n","protected":false},"excerpt":{"rendered":"<p><strong>Loo paberitega &#8211; Teispool laineid on v\u00e4rvimis- ja kokkupanekukomplekt, mis v\u00f5imaldab lastel luua ookeanimaailma, mis s\u00e4rab metallikdetailidega. <\/strong><\/p>\n<p><strong>Komplektis on<\/strong> viis alust, millel on v\u00e4rvitavad, illustreeritud ja metallikdetailidega osad, paksud v\u00e4rvimislehed ning juhendivihik, mis kasutab ainult pilte. Lihtne tegevus, mis annab suurep\u00e4raseid tulemusi, arendades laste loovust ja peenmotoorikat.<\/p>\n<p><strong>Sobib 3-6-aastastele lastele.<\/strong><\/p>\n","protected":false},"featured_media":37089,"comment_status":"open","ping_status":"closed","template":"","meta":[],"product_brand":[],"product_cat":[110,1162,1165,1166,102,1017,928],"product_tag":[],"class_list":{"0":"post-37078","1":"product","2":"type-product","3":"status-publish","4":"has-post-thumbnail","6":"product_cat-mangimine","7":"product_cat-kingituseks","8":"product_cat-3-5-aastat","9":"product_cat-6-8-aastat","10":"product_cat-kunstivahendid","11":"product_cat-meisterdamine","12":"product_cat-djeco","13":"has-post-title","14":"has-post-date","15":"has-post-category","16":"has-post-tag","17":"has-post-comment","18":"has-post-author","19":"","21":"first","22":"instock","23":"sale","24":"taxable","25":"shipping-taxable","26":"purchasable","27":"product-type-simple"},"yoast_head":"<!-- This site is optimized with the Yoast SEO plugin v26.8 - https:\/\/yoast.com\/product\/yoast-seo-wordpress\/ -->\n<title>Loo paberitega - Teispool laineid - sulin.ee<\/title>\n<meta name=\"description\" content=\"Loo paberitega - Teispool laineid on v\u00e4rvimis- ja kokkupanekukomplekt, mis v\u00f5imaldab lastel luua ookeanimaailma, mis s\u00e4rab metallikdetailidega.\" \/>\n<meta name=\"robots\" content=\"index, follow, max-snippet:-1, max-image-preview:large, max-video-preview:-1\" \/>\n<link rel=\"canonical\" href=\"https:\/\/sulin.ee\/en\/toode\/loo-paberitega-teispool-laineid\/\" \/>\n<meta property=\"og:locale\" content=\"en_US\" \/>\n<meta property=\"og:type\" content=\"article\" \/>\n<meta property=\"og:title\" content=\"Loo paberitega - Teispool laineid - sulin.ee\" \/>\n<meta property=\"og:description\" content=\"Loo paberitega - Teispool laineid on v\u00e4rvimis- ja kokkupanekukomplekt, mis v\u00f5imaldab lastel luua ookeanimaailma, mis s\u00e4rab metallikdetailidega.\" \/>\n<meta property=\"og:url\" content=\"https:\/\/sulin.ee\/en\/toode\/loo-paberitega-teispool-laineid\/\" \/>\n<meta property=\"og:site_name\" content=\"sulin.ee\" \/>\n<meta property=\"article:publisher\" content=\"https:\/\/www.facebook.com\/www.sulin.ee\/\" \/>\n<meta property=\"article:modified_time\" content=\"2026-01-14T11:38:25+00:00\" \/>\n<meta property=\"og:image\" content=\"https:\/\/sulin.ee\/wp-content\/uploads\/2025\/02\/11817-DJ00095-loo-paberitega-teispool-laineid.jpg\" \/>\n\t<meta property=\"og:image:width\" content=\"800\" \/>\n\t<meta property=\"og:image:height\" content=\"800\" \/>\n\t<meta property=\"og:image:type\" content=\"image\/jpeg\" \/>\n<meta name=\"twitter:card\" content=\"summary_large_image\" \/>\n<meta name=\"twitter:label1\" content=\"Est. reading time\" \/>\n\t<meta name=\"twitter:data1\" content=\"1 minute\" \/>\n<script type=\"application\/ld+json\" class=\"yoast-schema-graph\">{\"@context\":\"https:\/\/schema.org\",\"@graph\":[{\"@type\":\"WebPage\",\"@id\":\"https:\/\/sulin.ee\/en\/toode\/loo-paberitega-teispool-laineid\/\",\"url\":\"https:\/\/sulin.ee\/en\/toode\/loo-paberitega-teispool-laineid\/\",\"name\":\"Loo paberitega - Teispool laineid - sulin.ee\",\"isPartOf\":{\"@id\":\"https:\/\/sulin.ee\/en\/#website\"},\"primaryImageOfPage\":{\"@id\":\"https:\/\/sulin.ee\/en\/toode\/loo-paberitega-teispool-laineid\/#primaryimage\"},\"image\":{\"@id\":\"https:\/\/sulin.ee\/en\/toode\/loo-paberitega-teispool-laineid\/#primaryimage\"},\"thumbnailUrl\":\"https:\/\/sulin.ee\/wp-content\/uploads\/2025\/02\/11817-DJ00095-loo-paberitega-teispool-laineid.jpg\",\"datePublished\":\"2025-02-07T14:50:33+00:00\",\"dateModified\":\"2026-01-14T11:38:25+00:00\",\"description\":\"Loo paberitega - Teispool laineid on v\u00e4rvimis- ja kokkupanekukomplekt, mis v\u00f5imaldab lastel luua ookeanimaailma, mis s\u00e4rab metallikdetailidega.\",\"breadcrumb\":{\"@id\":\"https:\/\/sulin.ee\/en\/toode\/loo-paberitega-teispool-laineid\/#breadcrumb\"},\"inLanguage\":\"en-US\",\"potentialAction\":[{\"@type\":\"ReadAction\",\"target\":[\"https:\/\/sulin.ee\/en\/toode\/loo-paberitega-teispool-laineid\/\"]}]},{\"@type\":\"ImageObject\",\"inLanguage\":\"en-US\",\"@id\":\"https:\/\/sulin.ee\/en\/toode\/loo-paberitega-teispool-laineid\/#primaryimage\",\"url\":\"https:\/\/sulin.ee\/wp-content\/uploads\/2025\/02\/11817-DJ00095-loo-paberitega-teispool-laineid.jpg\",\"contentUrl\":\"https:\/\/sulin.ee\/wp-content\/uploads\/2025\/02\/11817-DJ00095-loo-paberitega-teispool-laineid.jpg\",\"width\":800,\"height\":800,\"caption\":\"Loo paberitega - Teispool laineid\"},{\"@type\":\"BreadcrumbList\",\"@id\":\"https:\/\/sulin.ee\/en\/toode\/loo-paberitega-teispool-laineid\/#breadcrumb\",\"itemListElement\":[{\"@type\":\"ListItem\",\"position\":1,\"name\":\"Home\",\"item\":\"https:\/\/sulin.ee\/en\/\"},{\"@type\":\"ListItem\",\"position\":2,\"name\":\"Sulin.ee e-pood\",\"item\":\"https:\/\/sulin.ee\/shop\/\"},{\"@type\":\"ListItem\",\"position\":3,\"name\":\"Loo paberitega &#8211; Teispool laineid\"}]},{\"@type\":\"WebSite\",\"@id\":\"https:\/\/sulin.ee\/en\/#website\",\"url\":\"https:\/\/sulin.ee\/en\/\",\"name\":\"sulin.ee\",\"description\":\"\",\"publisher\":{\"@id\":\"https:\/\/sulin.ee\/en\/#organization\"},\"potentialAction\":[{\"@type\":\"SearchAction\",\"target\":{\"@type\":\"EntryPoint\",\"urlTemplate\":\"https:\/\/sulin.ee\/en\/?s={search_term_string}\"},\"query-input\":{\"@type\":\"PropertyValueSpecification\",\"valueRequired\":true,\"valueName\":\"search_term_string\"}}],\"inLanguage\":\"en-US\"},{\"@type\":\"Organization\",\"@id\":\"https:\/\/sulin.ee\/en\/#organization\",\"name\":\"SULIN TRADE O\u00dc\",\"url\":\"https:\/\/sulin.ee\/en\/\",\"logo\":{\"@type\":\"ImageObject\",\"inLanguage\":\"en-US\",\"@id\":\"https:\/\/sulin.ee\/en\/#\/schema\/logo\/image\/\",\"url\":\"https:\/\/sulin.ee\/wp-content\/uploads\/2022\/11\/sulin-logo.png\",\"contentUrl\":\"https:\/\/sulin.ee\/wp-content\/uploads\/2022\/11\/sulin-logo.png\",\"width\":871,\"height\":321,\"caption\":\"SULIN TRADE O\u00dc\"},\"image\":{\"@id\":\"https:\/\/sulin.ee\/en\/#\/schema\/logo\/image\/\"},\"sameAs\":[\"https:\/\/www.facebook.com\/www.sulin.ee\/\",\"https:\/\/www.instagram.com\/sulintrade\/\"]}]}<\/script>\n<!-- \/ Yoast SEO plugin. -->","yoast_head_json":{"title":"Loo paberitega - Teispool laineid - sulin.ee","description":"Loo paberitega - Teispool laineid on v\u00e4rvimis- ja kokkupanekukomplekt, mis v\u00f5imaldab lastel luua ookeanimaailma, mis s\u00e4rab metallikdetailidega.","robots":{"index":"index","follow":"follow","max-snippet":"max-snippet:-1","max-image-preview":"max-image-preview:large","max-video-preview":"max-video-preview:-1"},"canonical":"https:\/\/sulin.ee\/en\/toode\/loo-paberitega-teispool-laineid\/","og_locale":"en_US","og_type":"article","og_title":"Loo paberitega - Teispool laineid - sulin.ee","og_description":"Loo paberitega - Teispool laineid on v\u00e4rvimis- ja kokkupanekukomplekt, mis v\u00f5imaldab lastel luua ookeanimaailma, mis s\u00e4rab metallikdetailidega.","og_url":"https:\/\/sulin.ee\/en\/toode\/loo-paberitega-teispool-laineid\/","og_site_name":"sulin.ee","article_publisher":"https:\/\/www.facebook.com\/www.sulin.ee\/","article_modified_time":"2026-01-14T11:38:25+00:00","og_image":[{"width":800,"height":800,"url":"https:\/\/sulin.ee\/wp-content\/uploads\/2025\/02\/11817-DJ00095-loo-paberitega-teispool-laineid.jpg","type":"image\/jpeg"}],"twitter_card":"summary_large_image","twitter_misc":{"Est. reading time":"1 minute"},"schema":{"@context":"https:\/\/schema.org","@graph":[{"@type":"WebPage","@id":"https:\/\/sulin.ee\/en\/toode\/loo-paberitega-teispool-laineid\/","url":"https:\/\/sulin.ee\/en\/toode\/loo-paberitega-teispool-laineid\/","name":"Loo paberitega - Teispool laineid - sulin.ee","isPartOf":{"@id":"https:\/\/sulin.ee\/en\/#website"},"primaryImageOfPage":{"@id":"https:\/\/sulin.ee\/en\/toode\/loo-paberitega-teispool-laineid\/#primaryimage"},"image":{"@id":"https:\/\/sulin.ee\/en\/toode\/loo-paberitega-teispool-laineid\/#primaryimage"},"thumbnailUrl":"https:\/\/sulin.ee\/wp-content\/uploads\/2025\/02\/11817-DJ00095-loo-paberitega-teispool-laineid.jpg","datePublished":"2025-02-07T14:50:33+00:00","dateModified":"2026-01-14T11:38:25+00:00","description":"Loo paberitega - Teispool laineid on v\u00e4rvimis- ja kokkupanekukomplekt, mis v\u00f5imaldab lastel luua ookeanimaailma, mis s\u00e4rab metallikdetailidega.","breadcrumb":{"@id":"https:\/\/sulin.ee\/en\/toode\/loo-paberitega-teispool-laineid\/#breadcrumb"},"inLanguage":"en-US","potentialAction":[{"@type":"ReadAction","target":["https:\/\/sulin.ee\/en\/toode\/loo-paberitega-teispool-laineid\/"]}]},{"@type":"ImageObject","inLanguage":"en-US","@id":"https:\/\/sulin.ee\/en\/toode\/loo-paberitega-teispool-laineid\/#primaryimage","url":"https:\/\/sulin.ee\/wp-content\/uploads\/2025\/02\/11817-DJ00095-loo-paberitega-teispool-laineid.jpg","contentUrl":"https:\/\/sulin.ee\/wp-content\/uploads\/2025\/02\/11817-DJ00095-loo-paberitega-teispool-laineid.jpg","width":800,"height":800,"caption":"Loo paberitega - Teispool laineid"},{"@type":"BreadcrumbList","@id":"https:\/\/sulin.ee\/en\/toode\/loo-paberitega-teispool-laineid\/#breadcrumb","itemListElement":[{"@type":"ListItem","position":1,"name":"Home","item":"https:\/\/sulin.ee\/en\/"},{"@type":"ListItem","position":2,"name":"Sulin.ee e-pood","item":"https:\/\/sulin.ee\/shop\/"},{"@type":"ListItem","position":3,"name":"Loo paberitega &#8211; Teispool laineid"}]},{"@type":"WebSite","@id":"https:\/\/sulin.ee\/en\/#website","url":"https:\/\/sulin.ee\/en\/","name":"sulin.ee","description":"","publisher":{"@id":"https:\/\/sulin.ee\/en\/#organization"},"potentialAction":[{"@type":"SearchAction","target":{"@type":"EntryPoint","urlTemplate":"https:\/\/sulin.ee\/en\/?s={search_term_string}"},"query-input":{"@type":"PropertyValueSpecification","valueRequired":true,"valueName":"search_term_string"}}],"inLanguage":"en-US"},{"@type":"Organization","@id":"https:\/\/sulin.ee\/en\/#organization","name":"SULIN TRADE O\u00dc","url":"https:\/\/sulin.ee\/en\/","logo":{"@type":"ImageObject","inLanguage":"en-US","@id":"https:\/\/sulin.ee\/en\/#\/schema\/logo\/image\/","url":"https:\/\/sulin.ee\/wp-content\/uploads\/2022\/11\/sulin-logo.png","contentUrl":"https:\/\/sulin.ee\/wp-content\/uploads\/2022\/11\/sulin-logo.png","width":871,"height":321,"caption":"SULIN TRADE O\u00dc"},"image":{"@id":"https:\/\/sulin.ee\/en\/#\/schema\/logo\/image\/"},"sameAs":["https:\/\/www.facebook.com\/www.sulin.ee\/","https:\/\/www.instagram.com\/sulintrade\/"]}]}},"builder_content":"","_links":{"self":[{"href":"https:\/\/sulin.ee\/en\/wp-json\/wp\/v2\/product\/37078","targetHints":{"allow":["GET"]}}],"collection":[{"href":"https:\/\/sulin.ee\/en\/wp-json\/wp\/v2\/product"}],"about":[{"href":"https:\/\/sulin.ee\/en\/wp-json\/wp\/v2\/types\/product"}],"replies":[{"embeddable":true,"href":"https:\/\/sulin.ee\/en\/wp-json\/wp\/v2\/comments?post=37078"}],"wp:featuredmedia":[{"embeddable":true,"href":"https:\/\/sulin.ee\/en\/wp-json\/wp\/v2\/media\/37089"}],"wp:attachment":[{"href":"https:\/\/sulin.ee\/en\/wp-json\/wp\/v2\/media?parent=37078"}],"wp:term":[{"taxonomy":"product_brand","embeddable":true,"href":"https:\/\/sulin.ee\/en\/wp-json\/wp\/v2\/product_brand?post=37078"},{"taxonomy":"product_cat","embeddable":true,"href":"https:\/\/sulin.ee\/en\/wp-json\/wp\/v2\/product_cat?post=37078"},{"taxonomy":"product_tag","embeddable":true,"href":"https:\/\/sulin.ee\/en\/wp-json\/wp\/v2\/product_tag?post=37078"}],"curies":[{"name":"wp","href":"https:\/\/api.w.org\/{rel}","templated":true}]}}