{"id":37053,"date":"2025-02-07T14:49:42","date_gmt":"2025-02-07T14:49:42","guid":{"rendered":"https:\/\/sulin.ee\/?post_type=product&#038;p=37053"},"modified":"2025-09-07T21:34:21","modified_gmt":"2025-09-07T21:34:21","slug":"koristi-rongas-djeco","status":"publish","type":"product","link":"https:\/\/sulin.ee\/en\/toode\/koristi-rongas-djeco\/","title":{"rendered":"K\u00f5risti &#8211; R\u00f5ngas"},"content":{"rendered":"<p><strong>K\u00f5risti &#8211; R\u00f5ngas on puidust vihmaring, mis j\u00e4ljendab vihma heli, kui beebi seda keerab ja raputab. See arendav m\u00e4nguasi on valmistatud l\u00e4bipaistvast materjalist, v\u00f5imaldades lastel n\u00e4ha, kuidas v\u00e4rvilised plastikhelmed seestpoolt liiguvad. R\u00f5ngas on kergesti haaratav ja sobib suurep\u00e4raselt v\u00e4ikestele k\u00e4tele, samuti on see piisavalt suur, et libistada randmele. <\/strong><\/p>\n<p><strong><a href=\"https:\/\/www.djeco.com\/en\">Djeco<\/a> K\u00f5risti &#8211; R\u00f5ngas<\/strong> on valmistatud kummipuust, mis p\u00e4rineb j\u00e4tkusuutlikult majandatud metsadest, \u00fchendades puidu ja plastiku, et pakkuda ohutut ja l\u00f5busat m\u00e4ngukogemust.<\/p>\n<p><strong>M\u00f5\u00f5tmed<\/strong> on 8 x 8 x 3 cm.<\/p>\n<p><strong>Sobib lastele alates 3. elukuust.<\/strong><\/p>\n<p>Tutvuge meie laia valikuga beebidele m\u00f5eldud <a href=\"https:\/\/sulin.ee\/tootekategooria\/beebile\/manguasjad\/\">m\u00e4nguasju<\/a>, mis on loodud stimuleerima meeli, arendama motoorseid oskusi ja pakkuma l\u00f5busat \u00f5ppimiskogemust.<\/p>\n","protected":false},"excerpt":{"rendered":"<p><strong>K\u00f5risti &#8211; R\u00f5ngas on puidust vihmaring, mis imiteerib vihma heli, kui laps seda keerutab ja raputab. See l\u00e4bipaistvast materjalist m\u00e4nguasi v\u00f5imaldab lastel n\u00e4ha, kuidas sees olevad v\u00e4rvilised plastikhelmed liiguvad. R\u00f5ngas on kergesti haaratav ja sobib h\u00e4sti v\u00e4ikestele k\u00e4tele, samuti on see piisavalt suur, et seda saaks randmele libistada.<\/strong><\/p>\n<p>Sobib lastele alates 3. elukuust.<\/p>\n","protected":false},"featured_media":37054,"comment_status":"open","ping_status":"closed","template":"","meta":[],"product_brand":[],"product_cat":[179,769,998,1162,1163,928],"product_tag":[],"class_list":{"0":"post-37053","1":"product","2":"type-product","3":"status-publish","4":"has-post-thumbnail","6":"product_cat-beebile","7":"product_cat-manguasjad","8":"product_cat-korinad","9":"product_cat-kingituseks","10":"product_cat-0-1-aasta","11":"product_cat-djeco","12":"has-post-title","13":"has-post-date","14":"has-post-category","15":"has-post-tag","16":"has-post-comment","17":"has-post-author","18":"","20":"first","21":"instock","22":"sale","23":"taxable","24":"shipping-taxable","25":"purchasable","26":"product-type-simple"},"yoast_head":"<!-- This site is optimized with the Yoast SEO plugin v26.8 - https:\/\/yoast.com\/product\/yoast-seo-wordpress\/ -->\n<title>K\u00f5risti - R\u00f5ngas - sulin.ee<\/title>\n<meta name=\"description\" content=\"K\u00f5risti - R\u00f5ngas on puidust vihmaring, mis imiteerib vihma heli, kui laps seda keerutab ja raputab. See l\u00e4bipaistvast materjalist m\u00e4nguasi v\u00f5imaldab lastel n\u00e4ha, kuidas sees olevad v\u00e4rvilised plastikhelmed liiguvad.\" \/>\n<meta name=\"robots\" content=\"index, follow, max-snippet:-1, max-image-preview:large, max-video-preview:-1\" \/>\n<link rel=\"canonical\" href=\"https:\/\/sulin.ee\/en\/toode\/koristi-rongas-djeco\/\" \/>\n<meta property=\"og:locale\" content=\"en_US\" \/>\n<meta property=\"og:type\" content=\"article\" \/>\n<meta property=\"og:title\" content=\"K\u00f5risti - R\u00f5ngas - sulin.ee\" \/>\n<meta property=\"og:description\" content=\"K\u00f5risti - R\u00f5ngas on puidust vihmaring, mis imiteerib vihma heli, kui laps seda keerutab ja raputab. See l\u00e4bipaistvast materjalist m\u00e4nguasi v\u00f5imaldab lastel n\u00e4ha, kuidas sees olevad v\u00e4rvilised plastikhelmed liiguvad.\" \/>\n<meta property=\"og:url\" content=\"https:\/\/sulin.ee\/en\/toode\/koristi-rongas-djeco\/\" \/>\n<meta property=\"og:site_name\" content=\"sulin.ee\" \/>\n<meta property=\"article:publisher\" content=\"https:\/\/www.facebook.com\/www.sulin.ee\/\" \/>\n<meta property=\"article:modified_time\" content=\"2025-09-07T21:34:21+00:00\" \/>\n<meta property=\"og:image\" content=\"https:\/\/sulin.ee\/wp-content\/uploads\/2025\/02\/10935-DJ06135-koristi-rongas.jpg\" \/>\n\t<meta property=\"og:image:width\" content=\"800\" \/>\n\t<meta property=\"og:image:height\" content=\"800\" \/>\n\t<meta property=\"og:image:type\" content=\"image\/jpeg\" \/>\n<meta name=\"twitter:card\" content=\"summary_large_image\" \/>\n<meta name=\"twitter:label1\" content=\"Est. reading time\" \/>\n\t<meta name=\"twitter:data1\" content=\"1 minute\" \/>\n<script type=\"application\/ld+json\" class=\"yoast-schema-graph\">{\"@context\":\"https:\/\/schema.org\",\"@graph\":[{\"@type\":\"WebPage\",\"@id\":\"https:\/\/sulin.ee\/en\/toode\/koristi-rongas-djeco\/\",\"url\":\"https:\/\/sulin.ee\/en\/toode\/koristi-rongas-djeco\/\",\"name\":\"K\u00f5risti - R\u00f5ngas - sulin.ee\",\"isPartOf\":{\"@id\":\"https:\/\/sulin.ee\/en\/#website\"},\"primaryImageOfPage\":{\"@id\":\"https:\/\/sulin.ee\/en\/toode\/koristi-rongas-djeco\/#primaryimage\"},\"image\":{\"@id\":\"https:\/\/sulin.ee\/en\/toode\/koristi-rongas-djeco\/#primaryimage\"},\"thumbnailUrl\":\"https:\/\/sulin.ee\/wp-content\/uploads\/2025\/02\/10935-DJ06135-koristi-rongas.jpg\",\"datePublished\":\"2025-02-07T14:49:42+00:00\",\"dateModified\":\"2025-09-07T21:34:21+00:00\",\"description\":\"K\u00f5risti - R\u00f5ngas on puidust vihmaring, mis imiteerib vihma heli, kui laps seda keerutab ja raputab. See l\u00e4bipaistvast materjalist m\u00e4nguasi v\u00f5imaldab lastel n\u00e4ha, kuidas sees olevad v\u00e4rvilised plastikhelmed liiguvad.\",\"breadcrumb\":{\"@id\":\"https:\/\/sulin.ee\/en\/toode\/koristi-rongas-djeco\/#breadcrumb\"},\"inLanguage\":\"en-US\",\"potentialAction\":[{\"@type\":\"ReadAction\",\"target\":[\"https:\/\/sulin.ee\/en\/toode\/koristi-rongas-djeco\/\"]}]},{\"@type\":\"ImageObject\",\"inLanguage\":\"en-US\",\"@id\":\"https:\/\/sulin.ee\/en\/toode\/koristi-rongas-djeco\/#primaryimage\",\"url\":\"https:\/\/sulin.ee\/wp-content\/uploads\/2025\/02\/10935-DJ06135-koristi-rongas.jpg\",\"contentUrl\":\"https:\/\/sulin.ee\/wp-content\/uploads\/2025\/02\/10935-DJ06135-koristi-rongas.jpg\",\"width\":800,\"height\":800,\"caption\":\"K\u00f5risti - R\u00f5ngas\"},{\"@type\":\"BreadcrumbList\",\"@id\":\"https:\/\/sulin.ee\/en\/toode\/koristi-rongas-djeco\/#breadcrumb\",\"itemListElement\":[{\"@type\":\"ListItem\",\"position\":1,\"name\":\"Home\",\"item\":\"https:\/\/sulin.ee\/en\/\"},{\"@type\":\"ListItem\",\"position\":2,\"name\":\"Sulin.ee e-pood\",\"item\":\"https:\/\/sulin.ee\/shop\/\"},{\"@type\":\"ListItem\",\"position\":3,\"name\":\"K\u00f5risti &#8211; R\u00f5ngas\"}]},{\"@type\":\"WebSite\",\"@id\":\"https:\/\/sulin.ee\/en\/#website\",\"url\":\"https:\/\/sulin.ee\/en\/\",\"name\":\"sulin.ee\",\"description\":\"\",\"publisher\":{\"@id\":\"https:\/\/sulin.ee\/en\/#organization\"},\"potentialAction\":[{\"@type\":\"SearchAction\",\"target\":{\"@type\":\"EntryPoint\",\"urlTemplate\":\"https:\/\/sulin.ee\/en\/?s={search_term_string}\"},\"query-input\":{\"@type\":\"PropertyValueSpecification\",\"valueRequired\":true,\"valueName\":\"search_term_string\"}}],\"inLanguage\":\"en-US\"},{\"@type\":\"Organization\",\"@id\":\"https:\/\/sulin.ee\/en\/#organization\",\"name\":\"SULIN TRADE O\u00dc\",\"url\":\"https:\/\/sulin.ee\/en\/\",\"logo\":{\"@type\":\"ImageObject\",\"inLanguage\":\"en-US\",\"@id\":\"https:\/\/sulin.ee\/en\/#\/schema\/logo\/image\/\",\"url\":\"https:\/\/sulin.ee\/wp-content\/uploads\/2022\/11\/sulin-logo.png\",\"contentUrl\":\"https:\/\/sulin.ee\/wp-content\/uploads\/2022\/11\/sulin-logo.png\",\"width\":871,\"height\":321,\"caption\":\"SULIN TRADE O\u00dc\"},\"image\":{\"@id\":\"https:\/\/sulin.ee\/en\/#\/schema\/logo\/image\/\"},\"sameAs\":[\"https:\/\/www.facebook.com\/www.sulin.ee\/\",\"https:\/\/www.instagram.com\/sulintrade\/\"]}]}<\/script>\n<!-- \/ Yoast SEO plugin. -->","yoast_head_json":{"title":"K\u00f5risti - R\u00f5ngas - sulin.ee","description":"K\u00f5risti - R\u00f5ngas on puidust vihmaring, mis imiteerib vihma heli, kui laps seda keerutab ja raputab. See l\u00e4bipaistvast materjalist m\u00e4nguasi v\u00f5imaldab lastel n\u00e4ha, kuidas sees olevad v\u00e4rvilised plastikhelmed liiguvad.","robots":{"index":"index","follow":"follow","max-snippet":"max-snippet:-1","max-image-preview":"max-image-preview:large","max-video-preview":"max-video-preview:-1"},"canonical":"https:\/\/sulin.ee\/en\/toode\/koristi-rongas-djeco\/","og_locale":"en_US","og_type":"article","og_title":"K\u00f5risti - R\u00f5ngas - sulin.ee","og_description":"K\u00f5risti - R\u00f5ngas on puidust vihmaring, mis imiteerib vihma heli, kui laps seda keerutab ja raputab. See l\u00e4bipaistvast materjalist m\u00e4nguasi v\u00f5imaldab lastel n\u00e4ha, kuidas sees olevad v\u00e4rvilised plastikhelmed liiguvad.","og_url":"https:\/\/sulin.ee\/en\/toode\/koristi-rongas-djeco\/","og_site_name":"sulin.ee","article_publisher":"https:\/\/www.facebook.com\/www.sulin.ee\/","article_modified_time":"2025-09-07T21:34:21+00:00","og_image":[{"width":800,"height":800,"url":"https:\/\/sulin.ee\/wp-content\/uploads\/2025\/02\/10935-DJ06135-koristi-rongas.jpg","type":"image\/jpeg"}],"twitter_card":"summary_large_image","twitter_misc":{"Est. reading time":"1 minute"},"schema":{"@context":"https:\/\/schema.org","@graph":[{"@type":"WebPage","@id":"https:\/\/sulin.ee\/en\/toode\/koristi-rongas-djeco\/","url":"https:\/\/sulin.ee\/en\/toode\/koristi-rongas-djeco\/","name":"K\u00f5risti - R\u00f5ngas - sulin.ee","isPartOf":{"@id":"https:\/\/sulin.ee\/en\/#website"},"primaryImageOfPage":{"@id":"https:\/\/sulin.ee\/en\/toode\/koristi-rongas-djeco\/#primaryimage"},"image":{"@id":"https:\/\/sulin.ee\/en\/toode\/koristi-rongas-djeco\/#primaryimage"},"thumbnailUrl":"https:\/\/sulin.ee\/wp-content\/uploads\/2025\/02\/10935-DJ06135-koristi-rongas.jpg","datePublished":"2025-02-07T14:49:42+00:00","dateModified":"2025-09-07T21:34:21+00:00","description":"K\u00f5risti - R\u00f5ngas on puidust vihmaring, mis imiteerib vihma heli, kui laps seda keerutab ja raputab. See l\u00e4bipaistvast materjalist m\u00e4nguasi v\u00f5imaldab lastel n\u00e4ha, kuidas sees olevad v\u00e4rvilised plastikhelmed liiguvad.","breadcrumb":{"@id":"https:\/\/sulin.ee\/en\/toode\/koristi-rongas-djeco\/#breadcrumb"},"inLanguage":"en-US","potentialAction":[{"@type":"ReadAction","target":["https:\/\/sulin.ee\/en\/toode\/koristi-rongas-djeco\/"]}]},{"@type":"ImageObject","inLanguage":"en-US","@id":"https:\/\/sulin.ee\/en\/toode\/koristi-rongas-djeco\/#primaryimage","url":"https:\/\/sulin.ee\/wp-content\/uploads\/2025\/02\/10935-DJ06135-koristi-rongas.jpg","contentUrl":"https:\/\/sulin.ee\/wp-content\/uploads\/2025\/02\/10935-DJ06135-koristi-rongas.jpg","width":800,"height":800,"caption":"K\u00f5risti - R\u00f5ngas"},{"@type":"BreadcrumbList","@id":"https:\/\/sulin.ee\/en\/toode\/koristi-rongas-djeco\/#breadcrumb","itemListElement":[{"@type":"ListItem","position":1,"name":"Home","item":"https:\/\/sulin.ee\/en\/"},{"@type":"ListItem","position":2,"name":"Sulin.ee e-pood","item":"https:\/\/sulin.ee\/shop\/"},{"@type":"ListItem","position":3,"name":"K\u00f5risti &#8211; R\u00f5ngas"}]},{"@type":"WebSite","@id":"https:\/\/sulin.ee\/en\/#website","url":"https:\/\/sulin.ee\/en\/","name":"sulin.ee","description":"","publisher":{"@id":"https:\/\/sulin.ee\/en\/#organization"},"potentialAction":[{"@type":"SearchAction","target":{"@type":"EntryPoint","urlTemplate":"https:\/\/sulin.ee\/en\/?s={search_term_string}"},"query-input":{"@type":"PropertyValueSpecification","valueRequired":true,"valueName":"search_term_string"}}],"inLanguage":"en-US"},{"@type":"Organization","@id":"https:\/\/sulin.ee\/en\/#organization","name":"SULIN TRADE O\u00dc","url":"https:\/\/sulin.ee\/en\/","logo":{"@type":"ImageObject","inLanguage":"en-US","@id":"https:\/\/sulin.ee\/en\/#\/schema\/logo\/image\/","url":"https:\/\/sulin.ee\/wp-content\/uploads\/2022\/11\/sulin-logo.png","contentUrl":"https:\/\/sulin.ee\/wp-content\/uploads\/2022\/11\/sulin-logo.png","width":871,"height":321,"caption":"SULIN TRADE O\u00dc"},"image":{"@id":"https:\/\/sulin.ee\/en\/#\/schema\/logo\/image\/"},"sameAs":["https:\/\/www.facebook.com\/www.sulin.ee\/","https:\/\/www.instagram.com\/sulintrade\/"]}]}},"builder_content":"","_links":{"self":[{"href":"https:\/\/sulin.ee\/en\/wp-json\/wp\/v2\/product\/37053","targetHints":{"allow":["GET"]}}],"collection":[{"href":"https:\/\/sulin.ee\/en\/wp-json\/wp\/v2\/product"}],"about":[{"href":"https:\/\/sulin.ee\/en\/wp-json\/wp\/v2\/types\/product"}],"replies":[{"embeddable":true,"href":"https:\/\/sulin.ee\/en\/wp-json\/wp\/v2\/comments?post=37053"}],"wp:featuredmedia":[{"embeddable":true,"href":"https:\/\/sulin.ee\/en\/wp-json\/wp\/v2\/media\/37054"}],"wp:attachment":[{"href":"https:\/\/sulin.ee\/en\/wp-json\/wp\/v2\/media?parent=37053"}],"wp:term":[{"taxonomy":"product_brand","embeddable":true,"href":"https:\/\/sulin.ee\/en\/wp-json\/wp\/v2\/product_brand?post=37053"},{"taxonomy":"product_cat","embeddable":true,"href":"https:\/\/sulin.ee\/en\/wp-json\/wp\/v2\/product_cat?post=37053"},{"taxonomy":"product_tag","embeddable":true,"href":"https:\/\/sulin.ee\/en\/wp-json\/wp\/v2\/product_tag?post=37053"}],"curies":[{"name":"wp","href":"https:\/\/api.w.org\/{rel}","templated":true}]}}