{"id":37046,"date":"2025-02-07T14:33:17","date_gmt":"2025-02-07T14:33:17","guid":{"rendered":"https:\/\/sulin.ee\/?post_type=product&#038;p=37046"},"modified":"2025-09-07T21:34:31","modified_gmt":"2025-09-07T21:34:31","slug":"magnetkomplekt-kinoptik-rigolo-koletis-27-tukki-djeco","status":"publish","type":"product","link":"https:\/\/sulin.ee\/en\/toode\/magnetkomplekt-kinoptik-rigolo-koletis-27-tukki-djeco\/","title":{"rendered":"Magnetkomplekt kinoptik &#8211; Rigolo koletis 27 t\u00fckki"},"content":{"rendered":"<p><strong>Magnetkomplekt kinoptik &#8211; Rigolo koletis on l\u00f5bus m\u00e4ng, mis \u00fchendab endas kujutlusv\u00f5ime, ehitamise ja animatsiooni. Lapsed saavad kujundada ja luua koletisi, pannes magnetilised osad lauale kokku \u2013 valida on tuhandete kombinatsioonide vahel! Liigutades triibulist lehte \u00fcmber, saavad nad koletised ellu \u00e4ratada ja liikuma panna maagilisel ning ootamatul viisil. Komplektis on ka juhendivihik, mis aitab lastel m\u00f5ista erinevaid v\u00f5imalusi koletiste loomiseks.<\/strong><\/p>\n<p><strong>M\u00e4ng pakub kolme tegevust:<\/strong> kujutlusv\u00f5ime m\u00e4ng, kus lapsed leiavad uusi viise t\u00fckkide kokkupanekuks ja koletiste leiutamiseks; ehitusm\u00e4ng, kus luuakse mehhanisme ruudulisele lauale; ja animatsioonim\u00e4ng, kus kasutatakse kahte triibulist lehte, et avastada k\u00f5iki maagilisi ja \u00fcllatavaid liikumisi. Vaata toodet tutvustavat videot<a href=\"https:\/\/youtu.be\/sc1G4PJc_yk\"> siit.<\/a><\/p>\n<p>Magnetkomplekt kinoptik &#8211; Rigolo koletis sisaldab \u00fchte magnetist lauda ja hulgaliselt magnett\u00fckke, mis teevad osade k\u00e4sitsemise ja kasutamise lihtsaks. Ruuduline laud aitab t\u00fckke kiiresti ja t\u00e4pselt paigutada. Samm-sammult juhendid aitavad koletised ellu \u00e4ratada, pakkudes loovust ja loogikat arendavat tegevust.<\/p>\n<p><strong>Komplekt sisaldab<\/strong> \u00fchte magnetilist lauda (21.5 x 21.5 cm), kahte plastiklehte (15.5 x 15.5 cm ja 12 x 12 cm), 27 magnetit ja \u00fchte juhendite komplekti. Palju osi tagab tundidepikkuse m\u00e4ngur\u00f5\u00f5mu!<\/p>\n<p>Vaata veel vahvaid lauam\u00e4nge <a href=\"https:\/\/sulin.ee\/tootekategooria\/mangimine\/lauamangud\/\" target=\"_blank\" rel=\"noopener\">siit<\/a>.<\/p>\n","protected":false},"excerpt":{"rendered":"<p><strong>Magnetkomplekt kinoptik &#8211; Rigolo koletis on interaktiivne m\u00e4ng, mis \u00fchendab kujutlusv\u00f5ime, ehituse ja animatsiooni. Lapsed saavad luua unikaalseid koletisi, paigutades magnetilisi osi ruudulisele lauale, millele j\u00e4rgneb nende ellu\u00e4ratamine l\u00e4bi triibuliste lehtede liigutamise, mis tekitab maagilisi ja \u00fcllatavaid liikumisi. <\/strong><\/p>\n<p><strong>Komplekt sisaldab<\/strong> magnetilist lauda, plastiklehti, 27 magnetit ja juhendit, pakkudes loomingulist ja harivat meelelahutust.<\/p>\n<p>Sobib suurep\u00e4raselt lastele, kes naudivad loovat m\u00e4ngu ja mehhanismide uurimist.<\/p>\n","protected":false},"featured_media":37051,"comment_status":"open","ping_status":"closed","template":"","meta":[],"product_brand":[],"product_cat":[110,1162,1165,1166,942,928],"product_tag":[],"class_list":{"0":"post-37046","1":"product","2":"type-product","3":"status-publish","4":"has-post-thumbnail","6":"product_cat-mangimine","7":"product_cat-kingituseks","8":"product_cat-3-5-aastat","9":"product_cat-6-8-aastat","10":"product_cat-lauamangud","11":"product_cat-djeco","12":"has-post-title","13":"has-post-date","14":"has-post-category","15":"has-post-tag","16":"has-post-comment","17":"has-post-author","18":"","20":"first","21":"instock","22":"sale","23":"taxable","24":"shipping-taxable","25":"purchasable","26":"product-type-simple"},"yoast_head":"<!-- This site is optimized with the Yoast SEO plugin v26.8 - https:\/\/yoast.com\/product\/yoast-seo-wordpress\/ -->\n<title>Magnetkomplekt kinoptik - Rigolo koletis 27 t\u00fckki - sulin.ee<\/title>\n<meta name=\"description\" content=\"Magnetkomplekt kinoptik - Rigolo koletis koletis on interaktiivne m\u00e4ng, mis \u00fchendab kujutlusv\u00f5ime, ehituse ja animatsiooni. Lapsed saavad luua unikaalseid koletisi\" \/>\n<meta name=\"robots\" content=\"index, follow, max-snippet:-1, max-image-preview:large, max-video-preview:-1\" \/>\n<link rel=\"canonical\" href=\"https:\/\/sulin.ee\/en\/toode\/magnetkomplekt-kinoptik-rigolo-koletis-27-tukki-djeco\/\" \/>\n<meta property=\"og:locale\" content=\"en_US\" \/>\n<meta property=\"og:type\" content=\"article\" \/>\n<meta property=\"og:title\" content=\"Magnetkomplekt kinoptik - Rigolo koletis 27 t\u00fckki - sulin.ee\" \/>\n<meta property=\"og:description\" content=\"Magnetkomplekt kinoptik - Rigolo koletis koletis on interaktiivne m\u00e4ng, mis \u00fchendab kujutlusv\u00f5ime, ehituse ja animatsiooni. Lapsed saavad luua unikaalseid koletisi\" \/>\n<meta property=\"og:url\" content=\"https:\/\/sulin.ee\/en\/toode\/magnetkomplekt-kinoptik-rigolo-koletis-27-tukki-djeco\/\" \/>\n<meta property=\"og:site_name\" content=\"sulin.ee\" \/>\n<meta property=\"article:publisher\" content=\"https:\/\/www.facebook.com\/www.sulin.ee\/\" \/>\n<meta property=\"article:modified_time\" content=\"2025-09-07T21:34:31+00:00\" \/>\n<meta property=\"og:image\" content=\"https:\/\/sulin.ee\/wp-content\/uploads\/2025\/02\/10924-DJ05603-kinoptik-rigolo-koletis-27-tk.jpg\" \/>\n\t<meta property=\"og:image:width\" content=\"800\" \/>\n\t<meta property=\"og:image:height\" content=\"800\" \/>\n\t<meta property=\"og:image:type\" content=\"image\/jpeg\" \/>\n<meta name=\"twitter:card\" content=\"summary_large_image\" \/>\n<meta name=\"twitter:label1\" content=\"Est. reading time\" \/>\n\t<meta name=\"twitter:data1\" content=\"2 minutes\" \/>\n<script type=\"application\/ld+json\" class=\"yoast-schema-graph\">{\"@context\":\"https:\/\/schema.org\",\"@graph\":[{\"@type\":\"WebPage\",\"@id\":\"https:\/\/sulin.ee\/en\/toode\/magnetkomplekt-kinoptik-rigolo-koletis-27-tukki-djeco\/\",\"url\":\"https:\/\/sulin.ee\/en\/toode\/magnetkomplekt-kinoptik-rigolo-koletis-27-tukki-djeco\/\",\"name\":\"Magnetkomplekt kinoptik - Rigolo koletis 27 t\u00fckki - sulin.ee\",\"isPartOf\":{\"@id\":\"https:\/\/sulin.ee\/en\/#website\"},\"primaryImageOfPage\":{\"@id\":\"https:\/\/sulin.ee\/en\/toode\/magnetkomplekt-kinoptik-rigolo-koletis-27-tukki-djeco\/#primaryimage\"},\"image\":{\"@id\":\"https:\/\/sulin.ee\/en\/toode\/magnetkomplekt-kinoptik-rigolo-koletis-27-tukki-djeco\/#primaryimage\"},\"thumbnailUrl\":\"https:\/\/sulin.ee\/wp-content\/uploads\/2025\/02\/10924-DJ05603-kinoptik-rigolo-koletis-27-tk.jpg\",\"datePublished\":\"2025-02-07T14:33:17+00:00\",\"dateModified\":\"2025-09-07T21:34:31+00:00\",\"description\":\"Magnetkomplekt kinoptik - Rigolo koletis koletis on interaktiivne m\u00e4ng, mis \u00fchendab kujutlusv\u00f5ime, ehituse ja animatsiooni. Lapsed saavad luua unikaalseid koletisi\",\"breadcrumb\":{\"@id\":\"https:\/\/sulin.ee\/en\/toode\/magnetkomplekt-kinoptik-rigolo-koletis-27-tukki-djeco\/#breadcrumb\"},\"inLanguage\":\"en-US\",\"potentialAction\":[{\"@type\":\"ReadAction\",\"target\":[\"https:\/\/sulin.ee\/en\/toode\/magnetkomplekt-kinoptik-rigolo-koletis-27-tukki-djeco\/\"]}]},{\"@type\":\"ImageObject\",\"inLanguage\":\"en-US\",\"@id\":\"https:\/\/sulin.ee\/en\/toode\/magnetkomplekt-kinoptik-rigolo-koletis-27-tukki-djeco\/#primaryimage\",\"url\":\"https:\/\/sulin.ee\/wp-content\/uploads\/2025\/02\/10924-DJ05603-kinoptik-rigolo-koletis-27-tk.jpg\",\"contentUrl\":\"https:\/\/sulin.ee\/wp-content\/uploads\/2025\/02\/10924-DJ05603-kinoptik-rigolo-koletis-27-tk.jpg\",\"width\":800,\"height\":800,\"caption\":\"Magnetkomplekt kinoptik - Rigolo koletis\"},{\"@type\":\"BreadcrumbList\",\"@id\":\"https:\/\/sulin.ee\/en\/toode\/magnetkomplekt-kinoptik-rigolo-koletis-27-tukki-djeco\/#breadcrumb\",\"itemListElement\":[{\"@type\":\"ListItem\",\"position\":1,\"name\":\"Home\",\"item\":\"https:\/\/sulin.ee\/en\/\"},{\"@type\":\"ListItem\",\"position\":2,\"name\":\"Sulin.ee e-pood\",\"item\":\"https:\/\/sulin.ee\/shop\/\"},{\"@type\":\"ListItem\",\"position\":3,\"name\":\"Magnetkomplekt kinoptik &#8211; Rigolo koletis 27 t\u00fckki\"}]},{\"@type\":\"WebSite\",\"@id\":\"https:\/\/sulin.ee\/en\/#website\",\"url\":\"https:\/\/sulin.ee\/en\/\",\"name\":\"sulin.ee\",\"description\":\"\",\"publisher\":{\"@id\":\"https:\/\/sulin.ee\/en\/#organization\"},\"potentialAction\":[{\"@type\":\"SearchAction\",\"target\":{\"@type\":\"EntryPoint\",\"urlTemplate\":\"https:\/\/sulin.ee\/en\/?s={search_term_string}\"},\"query-input\":{\"@type\":\"PropertyValueSpecification\",\"valueRequired\":true,\"valueName\":\"search_term_string\"}}],\"inLanguage\":\"en-US\"},{\"@type\":\"Organization\",\"@id\":\"https:\/\/sulin.ee\/en\/#organization\",\"name\":\"SULIN TRADE O\u00dc\",\"url\":\"https:\/\/sulin.ee\/en\/\",\"logo\":{\"@type\":\"ImageObject\",\"inLanguage\":\"en-US\",\"@id\":\"https:\/\/sulin.ee\/en\/#\/schema\/logo\/image\/\",\"url\":\"https:\/\/sulin.ee\/wp-content\/uploads\/2022\/11\/sulin-logo.png\",\"contentUrl\":\"https:\/\/sulin.ee\/wp-content\/uploads\/2022\/11\/sulin-logo.png\",\"width\":871,\"height\":321,\"caption\":\"SULIN TRADE O\u00dc\"},\"image\":{\"@id\":\"https:\/\/sulin.ee\/en\/#\/schema\/logo\/image\/\"},\"sameAs\":[\"https:\/\/www.facebook.com\/www.sulin.ee\/\",\"https:\/\/www.instagram.com\/sulintrade\/\"]}]}<\/script>\n<!-- \/ Yoast SEO plugin. -->","yoast_head_json":{"title":"Magnetkomplekt kinoptik - Rigolo koletis 27 t\u00fckki - sulin.ee","description":"Magnetkomplekt kinoptik - Rigolo koletis koletis on interaktiivne m\u00e4ng, mis \u00fchendab kujutlusv\u00f5ime, ehituse ja animatsiooni. Lapsed saavad luua unikaalseid koletisi","robots":{"index":"index","follow":"follow","max-snippet":"max-snippet:-1","max-image-preview":"max-image-preview:large","max-video-preview":"max-video-preview:-1"},"canonical":"https:\/\/sulin.ee\/en\/toode\/magnetkomplekt-kinoptik-rigolo-koletis-27-tukki-djeco\/","og_locale":"en_US","og_type":"article","og_title":"Magnetkomplekt kinoptik - Rigolo koletis 27 t\u00fckki - sulin.ee","og_description":"Magnetkomplekt kinoptik - Rigolo koletis koletis on interaktiivne m\u00e4ng, mis \u00fchendab kujutlusv\u00f5ime, ehituse ja animatsiooni. Lapsed saavad luua unikaalseid koletisi","og_url":"https:\/\/sulin.ee\/en\/toode\/magnetkomplekt-kinoptik-rigolo-koletis-27-tukki-djeco\/","og_site_name":"sulin.ee","article_publisher":"https:\/\/www.facebook.com\/www.sulin.ee\/","article_modified_time":"2025-09-07T21:34:31+00:00","og_image":[{"width":800,"height":800,"url":"https:\/\/sulin.ee\/wp-content\/uploads\/2025\/02\/10924-DJ05603-kinoptik-rigolo-koletis-27-tk.jpg","type":"image\/jpeg"}],"twitter_card":"summary_large_image","twitter_misc":{"Est. reading time":"2 minutes"},"schema":{"@context":"https:\/\/schema.org","@graph":[{"@type":"WebPage","@id":"https:\/\/sulin.ee\/en\/toode\/magnetkomplekt-kinoptik-rigolo-koletis-27-tukki-djeco\/","url":"https:\/\/sulin.ee\/en\/toode\/magnetkomplekt-kinoptik-rigolo-koletis-27-tukki-djeco\/","name":"Magnetkomplekt kinoptik - Rigolo koletis 27 t\u00fckki - sulin.ee","isPartOf":{"@id":"https:\/\/sulin.ee\/en\/#website"},"primaryImageOfPage":{"@id":"https:\/\/sulin.ee\/en\/toode\/magnetkomplekt-kinoptik-rigolo-koletis-27-tukki-djeco\/#primaryimage"},"image":{"@id":"https:\/\/sulin.ee\/en\/toode\/magnetkomplekt-kinoptik-rigolo-koletis-27-tukki-djeco\/#primaryimage"},"thumbnailUrl":"https:\/\/sulin.ee\/wp-content\/uploads\/2025\/02\/10924-DJ05603-kinoptik-rigolo-koletis-27-tk.jpg","datePublished":"2025-02-07T14:33:17+00:00","dateModified":"2025-09-07T21:34:31+00:00","description":"Magnetkomplekt kinoptik - Rigolo koletis koletis on interaktiivne m\u00e4ng, mis \u00fchendab kujutlusv\u00f5ime, ehituse ja animatsiooni. Lapsed saavad luua unikaalseid koletisi","breadcrumb":{"@id":"https:\/\/sulin.ee\/en\/toode\/magnetkomplekt-kinoptik-rigolo-koletis-27-tukki-djeco\/#breadcrumb"},"inLanguage":"en-US","potentialAction":[{"@type":"ReadAction","target":["https:\/\/sulin.ee\/en\/toode\/magnetkomplekt-kinoptik-rigolo-koletis-27-tukki-djeco\/"]}]},{"@type":"ImageObject","inLanguage":"en-US","@id":"https:\/\/sulin.ee\/en\/toode\/magnetkomplekt-kinoptik-rigolo-koletis-27-tukki-djeco\/#primaryimage","url":"https:\/\/sulin.ee\/wp-content\/uploads\/2025\/02\/10924-DJ05603-kinoptik-rigolo-koletis-27-tk.jpg","contentUrl":"https:\/\/sulin.ee\/wp-content\/uploads\/2025\/02\/10924-DJ05603-kinoptik-rigolo-koletis-27-tk.jpg","width":800,"height":800,"caption":"Magnetkomplekt kinoptik - Rigolo koletis"},{"@type":"BreadcrumbList","@id":"https:\/\/sulin.ee\/en\/toode\/magnetkomplekt-kinoptik-rigolo-koletis-27-tukki-djeco\/#breadcrumb","itemListElement":[{"@type":"ListItem","position":1,"name":"Home","item":"https:\/\/sulin.ee\/en\/"},{"@type":"ListItem","position":2,"name":"Sulin.ee e-pood","item":"https:\/\/sulin.ee\/shop\/"},{"@type":"ListItem","position":3,"name":"Magnetkomplekt kinoptik &#8211; Rigolo koletis 27 t\u00fckki"}]},{"@type":"WebSite","@id":"https:\/\/sulin.ee\/en\/#website","url":"https:\/\/sulin.ee\/en\/","name":"sulin.ee","description":"","publisher":{"@id":"https:\/\/sulin.ee\/en\/#organization"},"potentialAction":[{"@type":"SearchAction","target":{"@type":"EntryPoint","urlTemplate":"https:\/\/sulin.ee\/en\/?s={search_term_string}"},"query-input":{"@type":"PropertyValueSpecification","valueRequired":true,"valueName":"search_term_string"}}],"inLanguage":"en-US"},{"@type":"Organization","@id":"https:\/\/sulin.ee\/en\/#organization","name":"SULIN TRADE O\u00dc","url":"https:\/\/sulin.ee\/en\/","logo":{"@type":"ImageObject","inLanguage":"en-US","@id":"https:\/\/sulin.ee\/en\/#\/schema\/logo\/image\/","url":"https:\/\/sulin.ee\/wp-content\/uploads\/2022\/11\/sulin-logo.png","contentUrl":"https:\/\/sulin.ee\/wp-content\/uploads\/2022\/11\/sulin-logo.png","width":871,"height":321,"caption":"SULIN TRADE O\u00dc"},"image":{"@id":"https:\/\/sulin.ee\/en\/#\/schema\/logo\/image\/"},"sameAs":["https:\/\/www.facebook.com\/www.sulin.ee\/","https:\/\/www.instagram.com\/sulintrade\/"]}]}},"builder_content":"","_links":{"self":[{"href":"https:\/\/sulin.ee\/en\/wp-json\/wp\/v2\/product\/37046","targetHints":{"allow":["GET"]}}],"collection":[{"href":"https:\/\/sulin.ee\/en\/wp-json\/wp\/v2\/product"}],"about":[{"href":"https:\/\/sulin.ee\/en\/wp-json\/wp\/v2\/types\/product"}],"replies":[{"embeddable":true,"href":"https:\/\/sulin.ee\/en\/wp-json\/wp\/v2\/comments?post=37046"}],"wp:featuredmedia":[{"embeddable":true,"href":"https:\/\/sulin.ee\/en\/wp-json\/wp\/v2\/media\/37051"}],"wp:attachment":[{"href":"https:\/\/sulin.ee\/en\/wp-json\/wp\/v2\/media?parent=37046"}],"wp:term":[{"taxonomy":"product_brand","embeddable":true,"href":"https:\/\/sulin.ee\/en\/wp-json\/wp\/v2\/product_brand?post=37046"},{"taxonomy":"product_cat","embeddable":true,"href":"https:\/\/sulin.ee\/en\/wp-json\/wp\/v2\/product_cat?post=37046"},{"taxonomy":"product_tag","embeddable":true,"href":"https:\/\/sulin.ee\/en\/wp-json\/wp\/v2\/product_tag?post=37046"}],"curies":[{"name":"wp","href":"https:\/\/api.w.org\/{rel}","templated":true}]}}