{"id":37009,"date":"2025-02-07T14:19:39","date_gmt":"2025-02-07T14:19:39","guid":{"rendered":"https:\/\/sulin.ee\/?post_type=product&#038;p=37009"},"modified":"2025-09-07T21:34:31","modified_gmt":"2025-09-07T21:34:31","slug":"templite-komplek-aialoomad-djeco","status":"publish","type":"product","link":"https:\/\/sulin.ee\/en\/toode\/templite-komplek-aialoomad-djeco\/","title":{"rendered":"Templite komplek &#8220;Aialoomad&#8221;"},"content":{"rendered":"<p><strong>Templite komplek &#8220;Aialoomad&#8221; on kujundatud v\u00e4ikelastele sobivaks, pakkudes ergonoomilisi isem\u00e4rguvaid templeid, mis on lihtsasti kasutatavad. Templite k\u00e4epidemed on valmistatud vahtmaterjalist, mis on spetsiaalselt kohandatud v\u00e4ikeste k\u00e4te jaoks, tagades mugava haarde. Templid j\u00e4tab selge ja korraliku j\u00e4lje, mis muudab nendega t\u00f6\u00f6tamise eriti nauditavaks. <\/strong><\/p>\n<p><strong>Iga tempel m\u00e4rgib erinevat v\u00e4rvi:<\/strong> konn on roheline, koer oran\u017e, kass sinine ja hiir punane, aidates lastel v\u00e4rve \u00f5ppida ja neid omavahel seostada.<\/p>\n<p><a href=\"https:\/\/www.djeco.com\/en\"><strong>Djeco<\/strong><\/a> templite komplekt sisaldab nelja erinevat isem\u00e4rguvat templit, mille pildi suurus on 28 x 28 mm ja iga templi suurus on 4 x 4.2 x 8 cm. Need templid on ideaalsed esimeseks tutvuseks templite maailmaga, arendades laste peenmotoorikat ja loovust.<\/p>\n<p>Templite komplek &#8220;Aialoomad&#8221; <strong>sobivad lastele alates 18. elukuust<\/strong>, pakkudes turvalist ja harivat meelelahutust.<\/p>\n<p>Tutvu ka teiste <a href=\"https:\/\/sulin.ee\/tootekategooria\/brandid\/djeco\/\" target=\"_blank\" rel=\"noopener\"><strong>DJECO arendavate m\u00e4nguasjadega<\/strong><\/a> ja rikasta lapse m\u00e4ngumaailma kvaliteetsete toodetega. Templite komplekt &#8220;Aialoomad&#8221; on inspireeriv ja praktiline abivahend igale lapsele, kes soovib avastada loomingu l\u00f5putut maailma.<\/p>\n","protected":false},"excerpt":{"rendered":"<p><strong>Templite komplek &#8220;Aialoomad&#8221; on lastele m\u00f5eldud isev\u00e4rvuvad templid, mille ergonoomilised vahtmaterjalist k\u00e4epidemed on kohandatud v\u00e4ikeste k\u00e4te jaoks.<\/strong><\/p>\n<p><strong>Komplekt sisaldab nelja eriv\u00e4rvilist templit:<\/strong> roheline konn, oran\u017e koer, sinine kass ja punane hiir, mis teeb v\u00e4rvi\u00f5ppe l\u00f5busaks. Templite suurus on 28 x 28 mm, ja need on ideaalsed peenmotoorika ning loovuse arendamiseks.<\/p>\n<p><strong> Sobivad lastele alates 18. elukuust.<\/strong><\/p>\n","protected":false},"featured_media":37012,"comment_status":"open","ping_status":"closed","template":"","meta":[],"product_brand":[],"product_cat":[110,1162,1164,1165,102,1017,928],"product_tag":[],"class_list":{"0":"post-37009","1":"product","2":"type-product","3":"status-publish","4":"has-post-thumbnail","6":"product_cat-mangimine","7":"product_cat-kingituseks","8":"product_cat-1-3-aastat","9":"product_cat-3-5-aastat","10":"product_cat-kunstivahendid","11":"product_cat-meisterdamine","12":"product_cat-djeco","13":"has-post-title","14":"has-post-date","15":"has-post-category","16":"has-post-tag","17":"has-post-comment","18":"has-post-author","19":"","21":"first","22":"instock","23":"sale","24":"taxable","25":"shipping-taxable","26":"purchasable","27":"product-type-simple"},"yoast_head":"<!-- This site is optimized with the Yoast SEO plugin v26.8 - https:\/\/yoast.com\/product\/yoast-seo-wordpress\/ -->\n<title>Templite komplek &quot;Aialoomad&quot; - sulin.ee<\/title>\n<meta name=\"description\" content=\"Templite komplek &quot;Aialoomad&quot; on lastele m\u00f5eldud ise-tintivad templid, mille ergonoomilised vahtmaterjalist k\u00e4epidemed on kohandatud v\u00e4ikeste k\u00e4te jaoks.\" \/>\n<meta name=\"robots\" content=\"index, follow, max-snippet:-1, max-image-preview:large, max-video-preview:-1\" \/>\n<link rel=\"canonical\" href=\"https:\/\/sulin.ee\/en\/toode\/templite-komplek-aialoomad-djeco\/\" \/>\n<meta property=\"og:locale\" content=\"en_US\" \/>\n<meta property=\"og:type\" content=\"article\" \/>\n<meta property=\"og:title\" content=\"Templite komplek &quot;Aialoomad&quot; - sulin.ee\" \/>\n<meta property=\"og:description\" content=\"Templite komplek &quot;Aialoomad&quot; on lastele m\u00f5eldud ise-tintivad templid, mille ergonoomilised vahtmaterjalist k\u00e4epidemed on kohandatud v\u00e4ikeste k\u00e4te jaoks.\" \/>\n<meta property=\"og:url\" content=\"https:\/\/sulin.ee\/en\/toode\/templite-komplek-aialoomad-djeco\/\" \/>\n<meta property=\"og:site_name\" content=\"sulin.ee\" \/>\n<meta property=\"article:publisher\" content=\"https:\/\/www.facebook.com\/www.sulin.ee\/\" \/>\n<meta property=\"article:modified_time\" content=\"2025-09-07T21:34:31+00:00\" \/>\n<meta property=\"og:image\" content=\"https:\/\/sulin.ee\/wp-content\/uploads\/2025\/02\/9281-DJ09009-templid-aialoomad.jpg\" \/>\n\t<meta property=\"og:image:width\" content=\"800\" \/>\n\t<meta property=\"og:image:height\" content=\"800\" \/>\n\t<meta property=\"og:image:type\" content=\"image\/jpeg\" \/>\n<meta name=\"twitter:card\" content=\"summary_large_image\" \/>\n<meta name=\"twitter:label1\" content=\"Est. reading time\" \/>\n\t<meta name=\"twitter:data1\" content=\"1 minute\" \/>\n<script type=\"application\/ld+json\" class=\"yoast-schema-graph\">{\"@context\":\"https:\/\/schema.org\",\"@graph\":[{\"@type\":\"WebPage\",\"@id\":\"https:\/\/sulin.ee\/en\/toode\/templite-komplek-aialoomad-djeco\/\",\"url\":\"https:\/\/sulin.ee\/en\/toode\/templite-komplek-aialoomad-djeco\/\",\"name\":\"Templite komplek \\\"Aialoomad\\\" - sulin.ee\",\"isPartOf\":{\"@id\":\"https:\/\/sulin.ee\/en\/#website\"},\"primaryImageOfPage\":{\"@id\":\"https:\/\/sulin.ee\/en\/toode\/templite-komplek-aialoomad-djeco\/#primaryimage\"},\"image\":{\"@id\":\"https:\/\/sulin.ee\/en\/toode\/templite-komplek-aialoomad-djeco\/#primaryimage\"},\"thumbnailUrl\":\"https:\/\/sulin.ee\/wp-content\/uploads\/2025\/02\/9281-DJ09009-templid-aialoomad.jpg\",\"datePublished\":\"2025-02-07T14:19:39+00:00\",\"dateModified\":\"2025-09-07T21:34:31+00:00\",\"description\":\"Templite komplek \\\"Aialoomad\\\" on lastele m\u00f5eldud ise-tintivad templid, mille ergonoomilised vahtmaterjalist k\u00e4epidemed on kohandatud v\u00e4ikeste k\u00e4te jaoks.\",\"breadcrumb\":{\"@id\":\"https:\/\/sulin.ee\/en\/toode\/templite-komplek-aialoomad-djeco\/#breadcrumb\"},\"inLanguage\":\"en-US\",\"potentialAction\":[{\"@type\":\"ReadAction\",\"target\":[\"https:\/\/sulin.ee\/en\/toode\/templite-komplek-aialoomad-djeco\/\"]}]},{\"@type\":\"ImageObject\",\"inLanguage\":\"en-US\",\"@id\":\"https:\/\/sulin.ee\/en\/toode\/templite-komplek-aialoomad-djeco\/#primaryimage\",\"url\":\"https:\/\/sulin.ee\/wp-content\/uploads\/2025\/02\/9281-DJ09009-templid-aialoomad.jpg\",\"contentUrl\":\"https:\/\/sulin.ee\/wp-content\/uploads\/2025\/02\/9281-DJ09009-templid-aialoomad.jpg\",\"width\":800,\"height\":800,\"caption\":\"Templite komplek \\\"Aialoomad\\\"\"},{\"@type\":\"BreadcrumbList\",\"@id\":\"https:\/\/sulin.ee\/en\/toode\/templite-komplek-aialoomad-djeco\/#breadcrumb\",\"itemListElement\":[{\"@type\":\"ListItem\",\"position\":1,\"name\":\"Home\",\"item\":\"https:\/\/sulin.ee\/en\/\"},{\"@type\":\"ListItem\",\"position\":2,\"name\":\"Sulin.ee e-pood\",\"item\":\"https:\/\/sulin.ee\/shop\/\"},{\"@type\":\"ListItem\",\"position\":3,\"name\":\"Templite komplek &#8220;Aialoomad&#8221;\"}]},{\"@type\":\"WebSite\",\"@id\":\"https:\/\/sulin.ee\/en\/#website\",\"url\":\"https:\/\/sulin.ee\/en\/\",\"name\":\"sulin.ee\",\"description\":\"\",\"publisher\":{\"@id\":\"https:\/\/sulin.ee\/en\/#organization\"},\"potentialAction\":[{\"@type\":\"SearchAction\",\"target\":{\"@type\":\"EntryPoint\",\"urlTemplate\":\"https:\/\/sulin.ee\/en\/?s={search_term_string}\"},\"query-input\":{\"@type\":\"PropertyValueSpecification\",\"valueRequired\":true,\"valueName\":\"search_term_string\"}}],\"inLanguage\":\"en-US\"},{\"@type\":\"Organization\",\"@id\":\"https:\/\/sulin.ee\/en\/#organization\",\"name\":\"SULIN TRADE O\u00dc\",\"url\":\"https:\/\/sulin.ee\/en\/\",\"logo\":{\"@type\":\"ImageObject\",\"inLanguage\":\"en-US\",\"@id\":\"https:\/\/sulin.ee\/en\/#\/schema\/logo\/image\/\",\"url\":\"https:\/\/sulin.ee\/wp-content\/uploads\/2022\/11\/sulin-logo.png\",\"contentUrl\":\"https:\/\/sulin.ee\/wp-content\/uploads\/2022\/11\/sulin-logo.png\",\"width\":871,\"height\":321,\"caption\":\"SULIN TRADE O\u00dc\"},\"image\":{\"@id\":\"https:\/\/sulin.ee\/en\/#\/schema\/logo\/image\/\"},\"sameAs\":[\"https:\/\/www.facebook.com\/www.sulin.ee\/\",\"https:\/\/www.instagram.com\/sulintrade\/\"]}]}<\/script>\n<!-- \/ Yoast SEO plugin. -->","yoast_head_json":{"title":"Templite komplek \"Aialoomad\" - sulin.ee","description":"Templite komplek \"Aialoomad\" on lastele m\u00f5eldud ise-tintivad templid, mille ergonoomilised vahtmaterjalist k\u00e4epidemed on kohandatud v\u00e4ikeste k\u00e4te jaoks.","robots":{"index":"index","follow":"follow","max-snippet":"max-snippet:-1","max-image-preview":"max-image-preview:large","max-video-preview":"max-video-preview:-1"},"canonical":"https:\/\/sulin.ee\/en\/toode\/templite-komplek-aialoomad-djeco\/","og_locale":"en_US","og_type":"article","og_title":"Templite komplek \"Aialoomad\" - sulin.ee","og_description":"Templite komplek \"Aialoomad\" on lastele m\u00f5eldud ise-tintivad templid, mille ergonoomilised vahtmaterjalist k\u00e4epidemed on kohandatud v\u00e4ikeste k\u00e4te jaoks.","og_url":"https:\/\/sulin.ee\/en\/toode\/templite-komplek-aialoomad-djeco\/","og_site_name":"sulin.ee","article_publisher":"https:\/\/www.facebook.com\/www.sulin.ee\/","article_modified_time":"2025-09-07T21:34:31+00:00","og_image":[{"width":800,"height":800,"url":"https:\/\/sulin.ee\/wp-content\/uploads\/2025\/02\/9281-DJ09009-templid-aialoomad.jpg","type":"image\/jpeg"}],"twitter_card":"summary_large_image","twitter_misc":{"Est. reading time":"1 minute"},"schema":{"@context":"https:\/\/schema.org","@graph":[{"@type":"WebPage","@id":"https:\/\/sulin.ee\/en\/toode\/templite-komplek-aialoomad-djeco\/","url":"https:\/\/sulin.ee\/en\/toode\/templite-komplek-aialoomad-djeco\/","name":"Templite komplek \"Aialoomad\" - sulin.ee","isPartOf":{"@id":"https:\/\/sulin.ee\/en\/#website"},"primaryImageOfPage":{"@id":"https:\/\/sulin.ee\/en\/toode\/templite-komplek-aialoomad-djeco\/#primaryimage"},"image":{"@id":"https:\/\/sulin.ee\/en\/toode\/templite-komplek-aialoomad-djeco\/#primaryimage"},"thumbnailUrl":"https:\/\/sulin.ee\/wp-content\/uploads\/2025\/02\/9281-DJ09009-templid-aialoomad.jpg","datePublished":"2025-02-07T14:19:39+00:00","dateModified":"2025-09-07T21:34:31+00:00","description":"Templite komplek \"Aialoomad\" on lastele m\u00f5eldud ise-tintivad templid, mille ergonoomilised vahtmaterjalist k\u00e4epidemed on kohandatud v\u00e4ikeste k\u00e4te jaoks.","breadcrumb":{"@id":"https:\/\/sulin.ee\/en\/toode\/templite-komplek-aialoomad-djeco\/#breadcrumb"},"inLanguage":"en-US","potentialAction":[{"@type":"ReadAction","target":["https:\/\/sulin.ee\/en\/toode\/templite-komplek-aialoomad-djeco\/"]}]},{"@type":"ImageObject","inLanguage":"en-US","@id":"https:\/\/sulin.ee\/en\/toode\/templite-komplek-aialoomad-djeco\/#primaryimage","url":"https:\/\/sulin.ee\/wp-content\/uploads\/2025\/02\/9281-DJ09009-templid-aialoomad.jpg","contentUrl":"https:\/\/sulin.ee\/wp-content\/uploads\/2025\/02\/9281-DJ09009-templid-aialoomad.jpg","width":800,"height":800,"caption":"Templite komplek \"Aialoomad\""},{"@type":"BreadcrumbList","@id":"https:\/\/sulin.ee\/en\/toode\/templite-komplek-aialoomad-djeco\/#breadcrumb","itemListElement":[{"@type":"ListItem","position":1,"name":"Home","item":"https:\/\/sulin.ee\/en\/"},{"@type":"ListItem","position":2,"name":"Sulin.ee e-pood","item":"https:\/\/sulin.ee\/shop\/"},{"@type":"ListItem","position":3,"name":"Templite komplek &#8220;Aialoomad&#8221;"}]},{"@type":"WebSite","@id":"https:\/\/sulin.ee\/en\/#website","url":"https:\/\/sulin.ee\/en\/","name":"sulin.ee","description":"","publisher":{"@id":"https:\/\/sulin.ee\/en\/#organization"},"potentialAction":[{"@type":"SearchAction","target":{"@type":"EntryPoint","urlTemplate":"https:\/\/sulin.ee\/en\/?s={search_term_string}"},"query-input":{"@type":"PropertyValueSpecification","valueRequired":true,"valueName":"search_term_string"}}],"inLanguage":"en-US"},{"@type":"Organization","@id":"https:\/\/sulin.ee\/en\/#organization","name":"SULIN TRADE O\u00dc","url":"https:\/\/sulin.ee\/en\/","logo":{"@type":"ImageObject","inLanguage":"en-US","@id":"https:\/\/sulin.ee\/en\/#\/schema\/logo\/image\/","url":"https:\/\/sulin.ee\/wp-content\/uploads\/2022\/11\/sulin-logo.png","contentUrl":"https:\/\/sulin.ee\/wp-content\/uploads\/2022\/11\/sulin-logo.png","width":871,"height":321,"caption":"SULIN TRADE O\u00dc"},"image":{"@id":"https:\/\/sulin.ee\/en\/#\/schema\/logo\/image\/"},"sameAs":["https:\/\/www.facebook.com\/www.sulin.ee\/","https:\/\/www.instagram.com\/sulintrade\/"]}]}},"builder_content":"","_links":{"self":[{"href":"https:\/\/sulin.ee\/en\/wp-json\/wp\/v2\/product\/37009","targetHints":{"allow":["GET"]}}],"collection":[{"href":"https:\/\/sulin.ee\/en\/wp-json\/wp\/v2\/product"}],"about":[{"href":"https:\/\/sulin.ee\/en\/wp-json\/wp\/v2\/types\/product"}],"replies":[{"embeddable":true,"href":"https:\/\/sulin.ee\/en\/wp-json\/wp\/v2\/comments?post=37009"}],"wp:featuredmedia":[{"embeddable":true,"href":"https:\/\/sulin.ee\/en\/wp-json\/wp\/v2\/media\/37012"}],"wp:attachment":[{"href":"https:\/\/sulin.ee\/en\/wp-json\/wp\/v2\/media?parent=37009"}],"wp:term":[{"taxonomy":"product_brand","embeddable":true,"href":"https:\/\/sulin.ee\/en\/wp-json\/wp\/v2\/product_brand?post=37009"},{"taxonomy":"product_cat","embeddable":true,"href":"https:\/\/sulin.ee\/en\/wp-json\/wp\/v2\/product_cat?post=37009"},{"taxonomy":"product_tag","embeddable":true,"href":"https:\/\/sulin.ee\/en\/wp-json\/wp\/v2\/product_tag?post=37009"}],"curies":[{"name":"wp","href":"https:\/\/api.w.org\/{rel}","templated":true}]}}