{"id":36976,"date":"2025-02-07T08:50:02","date_gmt":"2025-02-07T08:50:02","guid":{"rendered":"https:\/\/sulin.ee\/?post_type=product&#038;p=36976"},"modified":"2025-09-07T21:34:40","modified_gmt":"2025-09-07T21:34:40","slug":"loo-pilte-kleepsudega-ma-armastan-printsesse-djeco","status":"publish","type":"product","link":"https:\/\/sulin.ee\/en\/toode\/loo-pilte-kleepsudega-ma-armastan-printsesse-djeco\/","title":{"rendered":"Loo pilte kleepsudega &#8211; Ma armastan printsesse"},"content":{"rendered":"<p><strong>Loo pilte kleepsudega &#8211; Ma armastan printsesse on printsessteemaline kollaa\u017eikomplekt, mis on loodud spetsiaalselt v\u00e4ikelastele. Lapsed saavad valida vildist printsessikujundid ja kaunistada neid meelep\u00e4raselt puhvis kleepsudega. P\u00e4rast l\u00f5busat printsesside loomist saavad nad oma kunstiteosed kleepida, kuhu iganes soovivad. <\/strong><\/p>\n<p><strong>Komplektis on rikkalik valik kleepse:<\/strong> 24 vildist printsessikuju, 24 puhvis n\u00e4gu ja kaks lisalehte erinevate lisadega. Kleepsud on erinevate tekstuuridega ja lihtsalt haaratavad mahukad kleepsud, mis muudavad kaunistamise eriti l\u00f5busaks.<\/p>\n<p><strong><a href=\"https:\/\/www.djeco.com\/\">Djeco <\/a>l<\/strong>oo pilte kleepsudega &#8211; Ma armastan printsesse komplekti pakend on valmistatud FSC\u00ae sertifitseeritud kartongist, mis tagab keskkonnas\u00f5bralikkuse. See loominguline tegevus aitab arendada laste peenmotoorikat, loovust ja annab neile v\u00f5imaluse isikup\u00e4rase kunsti loomiseks.<\/p>\n<p><strong>Sobib lastele alates 3. eluaastast. <\/strong><\/p>\n<p><strong>Hoiatus!<\/strong> Ei ole sobiv alla kolmeaastastele lastele, l\u00e4mbumisoht v\u00e4ikeste osade t\u00f5ttu.<\/p>\n<p>Tutvuge meie laia <a href=\"https:\/\/sulin.ee\/tootekategooria\/mangimine\/kunstivahendid\/meisterdamine\/\">meisterdamisvahendite valikuga<\/a>! Avastage erinevaid komplekte, mis inspireerivad loovust ja pakuvad tundideks l\u00f5busat tegevust. Leidke oma uus lemmikprojekt meie p\u00f5nevate toodete hulgast!<\/p>\n","protected":false},"excerpt":{"rendered":"<p><strong>Loo pilte kleepsudega &#8211; Ma armastan printsesse&#8221; on printsessteemaline kollaa\u017eikomplekt, mis on m\u00f5eldud v\u00e4ikelastele. <\/strong><\/p>\n<p><strong>Komplekt sisaldab<\/strong> 24 vildist printsessikuju ja puhvis kleepse, sealhulgas n\u00e4gusid ja lisadekoratsioone, mis v\u00f5imaldavad lastel oma printsessid isikup\u00e4raselt kaunistada. Kleepsud on erineva tekstuuriga ja lihtsalt haaratavad, aidates arendada laste peenmotoorikat ja loovust.<\/p>\n<p><strong>Sobib lastele alates 3. eluaastast.<\/strong><\/p>\n","protected":false},"featured_media":36983,"comment_status":"open","ping_status":"closed","template":"","meta":[],"product_brand":[],"product_cat":[110,1162,1165,1166,102,1017,928],"product_tag":[],"class_list":{"0":"post-36976","1":"product","2":"type-product","3":"status-publish","4":"has-post-thumbnail","6":"product_cat-mangimine","7":"product_cat-kingituseks","8":"product_cat-3-5-aastat","9":"product_cat-6-8-aastat","10":"product_cat-kunstivahendid","11":"product_cat-meisterdamine","12":"product_cat-djeco","13":"has-post-title","14":"has-post-date","15":"has-post-category","16":"has-post-tag","17":"has-post-comment","18":"has-post-author","19":"","21":"first","22":"instock","23":"sale","24":"taxable","25":"shipping-taxable","26":"purchasable","27":"product-type-simple"},"yoast_head":"<!-- This site is optimized with the Yoast SEO plugin v26.8 - https:\/\/yoast.com\/product\/yoast-seo-wordpress\/ -->\n<title>Loo pilte kleepsudega - Ma armastan printsesse - sulin.ee<\/title>\n<meta name=\"description\" content=\"Loo pilte kleepsudega - Ma armastan printsesse&quot; on printsessteemaline kollaa\u017eikomplekt, mis on m\u00f5eldud v\u00e4ikelastele. Komplekt sisaldab 24 vildist printsessikuju ja\" \/>\n<meta name=\"robots\" content=\"index, follow, max-snippet:-1, max-image-preview:large, max-video-preview:-1\" \/>\n<link rel=\"canonical\" href=\"https:\/\/sulin.ee\/en\/toode\/loo-pilte-kleepsudega-ma-armastan-printsesse-djeco\/\" \/>\n<meta property=\"og:locale\" content=\"en_US\" \/>\n<meta property=\"og:type\" content=\"article\" \/>\n<meta property=\"og:title\" content=\"Loo pilte kleepsudega - Ma armastan printsesse - sulin.ee\" \/>\n<meta property=\"og:description\" content=\"Loo pilte kleepsudega - Ma armastan printsesse&quot; on printsessteemaline kollaa\u017eikomplekt, mis on m\u00f5eldud v\u00e4ikelastele. Komplekt sisaldab 24 vildist printsessikuju ja\" \/>\n<meta property=\"og:url\" content=\"https:\/\/sulin.ee\/en\/toode\/loo-pilte-kleepsudega-ma-armastan-printsesse-djeco\/\" \/>\n<meta property=\"og:site_name\" content=\"sulin.ee\" \/>\n<meta property=\"article:publisher\" content=\"https:\/\/www.facebook.com\/www.sulin.ee\/\" \/>\n<meta property=\"article:modified_time\" content=\"2025-09-07T21:34:40+00:00\" \/>\n<meta property=\"og:image\" content=\"https:\/\/sulin.ee\/wp-content\/uploads\/2025\/02\/6835-DJ09053-loo-pilte-kleepsudega-ma-armastan-printsesse.jpg\" \/>\n\t<meta property=\"og:image:width\" content=\"600\" \/>\n\t<meta property=\"og:image:height\" content=\"600\" \/>\n\t<meta property=\"og:image:type\" content=\"image\/jpeg\" \/>\n<meta name=\"twitter:card\" content=\"summary_large_image\" \/>\n<meta name=\"twitter:label1\" content=\"Est. reading time\" \/>\n\t<meta name=\"twitter:data1\" content=\"1 minute\" \/>\n<script type=\"application\/ld+json\" class=\"yoast-schema-graph\">{\"@context\":\"https:\/\/schema.org\",\"@graph\":[{\"@type\":\"WebPage\",\"@id\":\"https:\/\/sulin.ee\/en\/toode\/loo-pilte-kleepsudega-ma-armastan-printsesse-djeco\/\",\"url\":\"https:\/\/sulin.ee\/en\/toode\/loo-pilte-kleepsudega-ma-armastan-printsesse-djeco\/\",\"name\":\"Loo pilte kleepsudega - Ma armastan printsesse - sulin.ee\",\"isPartOf\":{\"@id\":\"https:\/\/sulin.ee\/en\/#website\"},\"primaryImageOfPage\":{\"@id\":\"https:\/\/sulin.ee\/en\/toode\/loo-pilte-kleepsudega-ma-armastan-printsesse-djeco\/#primaryimage\"},\"image\":{\"@id\":\"https:\/\/sulin.ee\/en\/toode\/loo-pilte-kleepsudega-ma-armastan-printsesse-djeco\/#primaryimage\"},\"thumbnailUrl\":\"https:\/\/sulin.ee\/wp-content\/uploads\/2025\/02\/6835-DJ09053-loo-pilte-kleepsudega-ma-armastan-printsesse.jpg\",\"datePublished\":\"2025-02-07T08:50:02+00:00\",\"dateModified\":\"2025-09-07T21:34:40+00:00\",\"description\":\"Loo pilte kleepsudega - Ma armastan printsesse\\\" on printsessteemaline kollaa\u017eikomplekt, mis on m\u00f5eldud v\u00e4ikelastele. Komplekt sisaldab 24 vildist printsessikuju ja\",\"breadcrumb\":{\"@id\":\"https:\/\/sulin.ee\/en\/toode\/loo-pilte-kleepsudega-ma-armastan-printsesse-djeco\/#breadcrumb\"},\"inLanguage\":\"en-US\",\"potentialAction\":[{\"@type\":\"ReadAction\",\"target\":[\"https:\/\/sulin.ee\/en\/toode\/loo-pilte-kleepsudega-ma-armastan-printsesse-djeco\/\"]}]},{\"@type\":\"ImageObject\",\"inLanguage\":\"en-US\",\"@id\":\"https:\/\/sulin.ee\/en\/toode\/loo-pilte-kleepsudega-ma-armastan-printsesse-djeco\/#primaryimage\",\"url\":\"https:\/\/sulin.ee\/wp-content\/uploads\/2025\/02\/6835-DJ09053-loo-pilte-kleepsudega-ma-armastan-printsesse.jpg\",\"contentUrl\":\"https:\/\/sulin.ee\/wp-content\/uploads\/2025\/02\/6835-DJ09053-loo-pilte-kleepsudega-ma-armastan-printsesse.jpg\",\"width\":600,\"height\":600,\"caption\":\"Loo pilte kleepsudega - Ma armastan printsesse\"},{\"@type\":\"BreadcrumbList\",\"@id\":\"https:\/\/sulin.ee\/en\/toode\/loo-pilte-kleepsudega-ma-armastan-printsesse-djeco\/#breadcrumb\",\"itemListElement\":[{\"@type\":\"ListItem\",\"position\":1,\"name\":\"Home\",\"item\":\"https:\/\/sulin.ee\/en\/\"},{\"@type\":\"ListItem\",\"position\":2,\"name\":\"Sulin.ee e-pood\",\"item\":\"https:\/\/sulin.ee\/shop\/\"},{\"@type\":\"ListItem\",\"position\":3,\"name\":\"Loo pilte kleepsudega &#8211; Ma armastan printsesse\"}]},{\"@type\":\"WebSite\",\"@id\":\"https:\/\/sulin.ee\/en\/#website\",\"url\":\"https:\/\/sulin.ee\/en\/\",\"name\":\"sulin.ee\",\"description\":\"\",\"publisher\":{\"@id\":\"https:\/\/sulin.ee\/en\/#organization\"},\"potentialAction\":[{\"@type\":\"SearchAction\",\"target\":{\"@type\":\"EntryPoint\",\"urlTemplate\":\"https:\/\/sulin.ee\/en\/?s={search_term_string}\"},\"query-input\":{\"@type\":\"PropertyValueSpecification\",\"valueRequired\":true,\"valueName\":\"search_term_string\"}}],\"inLanguage\":\"en-US\"},{\"@type\":\"Organization\",\"@id\":\"https:\/\/sulin.ee\/en\/#organization\",\"name\":\"SULIN TRADE O\u00dc\",\"url\":\"https:\/\/sulin.ee\/en\/\",\"logo\":{\"@type\":\"ImageObject\",\"inLanguage\":\"en-US\",\"@id\":\"https:\/\/sulin.ee\/en\/#\/schema\/logo\/image\/\",\"url\":\"https:\/\/sulin.ee\/wp-content\/uploads\/2022\/11\/sulin-logo.png\",\"contentUrl\":\"https:\/\/sulin.ee\/wp-content\/uploads\/2022\/11\/sulin-logo.png\",\"width\":871,\"height\":321,\"caption\":\"SULIN TRADE O\u00dc\"},\"image\":{\"@id\":\"https:\/\/sulin.ee\/en\/#\/schema\/logo\/image\/\"},\"sameAs\":[\"https:\/\/www.facebook.com\/www.sulin.ee\/\",\"https:\/\/www.instagram.com\/sulintrade\/\"]}]}<\/script>\n<!-- \/ Yoast SEO plugin. -->","yoast_head_json":{"title":"Loo pilte kleepsudega - Ma armastan printsesse - sulin.ee","description":"Loo pilte kleepsudega - Ma armastan printsesse\" on printsessteemaline kollaa\u017eikomplekt, mis on m\u00f5eldud v\u00e4ikelastele. Komplekt sisaldab 24 vildist printsessikuju ja","robots":{"index":"index","follow":"follow","max-snippet":"max-snippet:-1","max-image-preview":"max-image-preview:large","max-video-preview":"max-video-preview:-1"},"canonical":"https:\/\/sulin.ee\/en\/toode\/loo-pilte-kleepsudega-ma-armastan-printsesse-djeco\/","og_locale":"en_US","og_type":"article","og_title":"Loo pilte kleepsudega - Ma armastan printsesse - sulin.ee","og_description":"Loo pilte kleepsudega - Ma armastan printsesse\" on printsessteemaline kollaa\u017eikomplekt, mis on m\u00f5eldud v\u00e4ikelastele. Komplekt sisaldab 24 vildist printsessikuju ja","og_url":"https:\/\/sulin.ee\/en\/toode\/loo-pilte-kleepsudega-ma-armastan-printsesse-djeco\/","og_site_name":"sulin.ee","article_publisher":"https:\/\/www.facebook.com\/www.sulin.ee\/","article_modified_time":"2025-09-07T21:34:40+00:00","og_image":[{"width":600,"height":600,"url":"https:\/\/sulin.ee\/wp-content\/uploads\/2025\/02\/6835-DJ09053-loo-pilte-kleepsudega-ma-armastan-printsesse.jpg","type":"image\/jpeg"}],"twitter_card":"summary_large_image","twitter_misc":{"Est. reading time":"1 minute"},"schema":{"@context":"https:\/\/schema.org","@graph":[{"@type":"WebPage","@id":"https:\/\/sulin.ee\/en\/toode\/loo-pilte-kleepsudega-ma-armastan-printsesse-djeco\/","url":"https:\/\/sulin.ee\/en\/toode\/loo-pilte-kleepsudega-ma-armastan-printsesse-djeco\/","name":"Loo pilte kleepsudega - Ma armastan printsesse - sulin.ee","isPartOf":{"@id":"https:\/\/sulin.ee\/en\/#website"},"primaryImageOfPage":{"@id":"https:\/\/sulin.ee\/en\/toode\/loo-pilte-kleepsudega-ma-armastan-printsesse-djeco\/#primaryimage"},"image":{"@id":"https:\/\/sulin.ee\/en\/toode\/loo-pilte-kleepsudega-ma-armastan-printsesse-djeco\/#primaryimage"},"thumbnailUrl":"https:\/\/sulin.ee\/wp-content\/uploads\/2025\/02\/6835-DJ09053-loo-pilte-kleepsudega-ma-armastan-printsesse.jpg","datePublished":"2025-02-07T08:50:02+00:00","dateModified":"2025-09-07T21:34:40+00:00","description":"Loo pilte kleepsudega - Ma armastan printsesse\" on printsessteemaline kollaa\u017eikomplekt, mis on m\u00f5eldud v\u00e4ikelastele. Komplekt sisaldab 24 vildist printsessikuju ja","breadcrumb":{"@id":"https:\/\/sulin.ee\/en\/toode\/loo-pilte-kleepsudega-ma-armastan-printsesse-djeco\/#breadcrumb"},"inLanguage":"en-US","potentialAction":[{"@type":"ReadAction","target":["https:\/\/sulin.ee\/en\/toode\/loo-pilte-kleepsudega-ma-armastan-printsesse-djeco\/"]}]},{"@type":"ImageObject","inLanguage":"en-US","@id":"https:\/\/sulin.ee\/en\/toode\/loo-pilte-kleepsudega-ma-armastan-printsesse-djeco\/#primaryimage","url":"https:\/\/sulin.ee\/wp-content\/uploads\/2025\/02\/6835-DJ09053-loo-pilte-kleepsudega-ma-armastan-printsesse.jpg","contentUrl":"https:\/\/sulin.ee\/wp-content\/uploads\/2025\/02\/6835-DJ09053-loo-pilte-kleepsudega-ma-armastan-printsesse.jpg","width":600,"height":600,"caption":"Loo pilte kleepsudega - Ma armastan printsesse"},{"@type":"BreadcrumbList","@id":"https:\/\/sulin.ee\/en\/toode\/loo-pilte-kleepsudega-ma-armastan-printsesse-djeco\/#breadcrumb","itemListElement":[{"@type":"ListItem","position":1,"name":"Home","item":"https:\/\/sulin.ee\/en\/"},{"@type":"ListItem","position":2,"name":"Sulin.ee e-pood","item":"https:\/\/sulin.ee\/shop\/"},{"@type":"ListItem","position":3,"name":"Loo pilte kleepsudega &#8211; Ma armastan printsesse"}]},{"@type":"WebSite","@id":"https:\/\/sulin.ee\/en\/#website","url":"https:\/\/sulin.ee\/en\/","name":"sulin.ee","description":"","publisher":{"@id":"https:\/\/sulin.ee\/en\/#organization"},"potentialAction":[{"@type":"SearchAction","target":{"@type":"EntryPoint","urlTemplate":"https:\/\/sulin.ee\/en\/?s={search_term_string}"},"query-input":{"@type":"PropertyValueSpecification","valueRequired":true,"valueName":"search_term_string"}}],"inLanguage":"en-US"},{"@type":"Organization","@id":"https:\/\/sulin.ee\/en\/#organization","name":"SULIN TRADE O\u00dc","url":"https:\/\/sulin.ee\/en\/","logo":{"@type":"ImageObject","inLanguage":"en-US","@id":"https:\/\/sulin.ee\/en\/#\/schema\/logo\/image\/","url":"https:\/\/sulin.ee\/wp-content\/uploads\/2022\/11\/sulin-logo.png","contentUrl":"https:\/\/sulin.ee\/wp-content\/uploads\/2022\/11\/sulin-logo.png","width":871,"height":321,"caption":"SULIN TRADE O\u00dc"},"image":{"@id":"https:\/\/sulin.ee\/en\/#\/schema\/logo\/image\/"},"sameAs":["https:\/\/www.facebook.com\/www.sulin.ee\/","https:\/\/www.instagram.com\/sulintrade\/"]}]}},"builder_content":"","_links":{"self":[{"href":"https:\/\/sulin.ee\/en\/wp-json\/wp\/v2\/product\/36976","targetHints":{"allow":["GET"]}}],"collection":[{"href":"https:\/\/sulin.ee\/en\/wp-json\/wp\/v2\/product"}],"about":[{"href":"https:\/\/sulin.ee\/en\/wp-json\/wp\/v2\/types\/product"}],"replies":[{"embeddable":true,"href":"https:\/\/sulin.ee\/en\/wp-json\/wp\/v2\/comments?post=36976"}],"wp:featuredmedia":[{"embeddable":true,"href":"https:\/\/sulin.ee\/en\/wp-json\/wp\/v2\/media\/36983"}],"wp:attachment":[{"href":"https:\/\/sulin.ee\/en\/wp-json\/wp\/v2\/media?parent=36976"}],"wp:term":[{"taxonomy":"product_brand","embeddable":true,"href":"https:\/\/sulin.ee\/en\/wp-json\/wp\/v2\/product_brand?post=36976"},{"taxonomy":"product_cat","embeddable":true,"href":"https:\/\/sulin.ee\/en\/wp-json\/wp\/v2\/product_cat?post=36976"},{"taxonomy":"product_tag","embeddable":true,"href":"https:\/\/sulin.ee\/en\/wp-json\/wp\/v2\/product_tag?post=36976"}],"curies":[{"name":"wp","href":"https:\/\/api.w.org\/{rel}","templated":true}]}}