{"id":36967,"date":"2025-02-07T08:50:35","date_gmt":"2025-02-07T08:50:35","guid":{"rendered":"https:\/\/sulin.ee\/?post_type=product&#038;p=36967"},"modified":"2025-09-07T21:34:40","modified_gmt":"2025-09-07T21:34:40","slug":"loo-pilte-kleepsudega-ma-armastan-kalu-djeco","status":"publish","type":"product","link":"https:\/\/sulin.ee\/en\/toode\/loo-pilte-kleepsudega-ma-armastan-kalu-djeco\/","title":{"rendered":"Loo pilte kleepsudega &#8211; Ma armastan kalu"},"content":{"rendered":"<p><strong>Loo pilte kleepsudega &#8211; Ma armastan kalu on loominguline kleepsukomplekt, mis pakub lastele v\u00f5imalust avastada kunsti maailma l\u00e4bi tekstuuride, mustrite ja suuruste m\u00e4ngimise. See komplekt sisaldab rikkalikku valikut lihtsasti eemaldatavaid tavalisi ja pehmeid kleepse, mis v\u00f5imaldavad lastel oma loomingulisust vabalt v\u00e4ljendada ja iseenda kujutlusv\u00f5imet j\u00e4rgides piltide loomist nautida.<\/strong><\/p>\n<p>Kleepsud on kergesti eemaldatavad, mis teeb neid ideaalseks v\u00e4ikeste k\u00e4te jaoks ning aitab arendada laste peenmotoorikat ja koordinatsiooni. Lapsed saavad eksperimenteerida erinevate visuaalsete efektidega, valides kala kujutiste seast ja kohandades neid vastavalt oma maitsele ja eelistustele.<\/p>\n<p><strong><a href=\"https:\/\/www.djeco.com\/\">Djeco l<\/a><\/strong><strong>oo pilte kleepsudega &#8211; Ma armastan kalu <\/strong>komplekt on m\u00f5eldud<strong> 3- kuni 6-aastastele lastele<\/strong>, pakkudes neile ohutut ja harivat meelelahutust. Komplekt aitab kaasa laste kunstialaste oskuste arendamisele, \u00f5petades neile v\u00e4rve, kuju tajumist ning loovat m\u00f5tlemist.<\/p>\n<p><strong>Hoiatus!<\/strong> Ei ole sobiv alla kolmeaastastele lastele, l\u00e4mbumisoht v\u00e4ikeste osade t\u00f5ttu.<\/p>\n<p>Tutvuge meie laia <a href=\"https:\/\/sulin.ee\/tootekategooria\/mangimine\/kunstivahendid\/meisterdamine\/\">meisterdamisvahendite valikuga<\/a>! Avastage erinevaid komplekte, mis inspireerivad loovust ja pakuvad tundideks l\u00f5busat tegevust. Leidke oma uus lemmikprojekt meie p\u00f5nevate toodete hulgast!<\/p>\n","protected":false},"excerpt":{"rendered":"<p><strong>Loo pilte kleepsudega &#8211; Ma armastan kalu on p\u00f5nev kleepsukomplekt, mis v\u00f5imaldab lastel luua oma kalateemalisi kunstiteoseid. Komplekt sisaldab erinevaid lihtsasti eemaldatavaid tavalisi ja pehmeid kleepse, mis on ideaalsed v\u00e4ikeste k\u00e4te jaoks. Lapsed saavad m\u00e4ngida erinevate tekstuuride, mustrite ja suurustega, arendades oma loovust ja peenmotoorikat. <\/strong><\/p>\n<p>Sobib 3- kuni 6-aastastele lastele, pakkudes harivat ja l\u00f5busat tegevust.<\/p>\n","protected":false},"featured_media":36974,"comment_status":"open","ping_status":"closed","template":"","meta":[],"product_brand":[],"product_cat":[110,1162,1165,1166,102,1017,928],"product_tag":[],"class_list":{"0":"post-36967","1":"product","2":"type-product","3":"status-publish","4":"has-post-thumbnail","6":"product_cat-mangimine","7":"product_cat-kingituseks","8":"product_cat-3-5-aastat","9":"product_cat-6-8-aastat","10":"product_cat-kunstivahendid","11":"product_cat-meisterdamine","12":"product_cat-djeco","13":"has-post-title","14":"has-post-date","15":"has-post-category","16":"has-post-tag","17":"has-post-comment","18":"has-post-author","19":"","21":"first","22":"instock","23":"sale","24":"taxable","25":"shipping-taxable","26":"purchasable","27":"product-type-simple"},"yoast_head":"<!-- This site is optimized with the Yoast SEO plugin v26.8 - https:\/\/yoast.com\/product\/yoast-seo-wordpress\/ -->\n<title>Loo pilte kleepsudega - Ma armastan kalu - sulin.ee<\/title>\n<meta name=\"description\" content=\"Loo pilte kleepsudega - Ma armastan kalu on p\u00f5nev kleepsukomplekt, mis v\u00f5imaldab lastel luua oma kalateemalisi kunstiteoseid.\" \/>\n<meta name=\"robots\" content=\"index, follow, max-snippet:-1, max-image-preview:large, max-video-preview:-1\" \/>\n<link rel=\"canonical\" href=\"https:\/\/sulin.ee\/en\/toode\/loo-pilte-kleepsudega-ma-armastan-kalu-djeco\/\" \/>\n<meta property=\"og:locale\" content=\"en_US\" \/>\n<meta property=\"og:type\" content=\"article\" \/>\n<meta property=\"og:title\" content=\"Loo pilte kleepsudega - Ma armastan kalu - sulin.ee\" \/>\n<meta property=\"og:description\" content=\"Loo pilte kleepsudega - Ma armastan kalu on p\u00f5nev kleepsukomplekt, mis v\u00f5imaldab lastel luua oma kalateemalisi kunstiteoseid.\" \/>\n<meta property=\"og:url\" content=\"https:\/\/sulin.ee\/en\/toode\/loo-pilte-kleepsudega-ma-armastan-kalu-djeco\/\" \/>\n<meta property=\"og:site_name\" content=\"sulin.ee\" \/>\n<meta property=\"article:publisher\" content=\"https:\/\/www.facebook.com\/www.sulin.ee\/\" \/>\n<meta property=\"article:modified_time\" content=\"2025-09-07T21:34:40+00:00\" \/>\n<meta property=\"og:image\" content=\"https:\/\/sulin.ee\/wp-content\/uploads\/2025\/02\/6834-DJ09052-loo-pilte-kleepsudega-ma-armastan-kalu.jpg\" \/>\n\t<meta property=\"og:image:width\" content=\"600\" \/>\n\t<meta property=\"og:image:height\" content=\"600\" \/>\n\t<meta property=\"og:image:type\" content=\"image\/jpeg\" \/>\n<meta name=\"twitter:card\" content=\"summary_large_image\" \/>\n<meta name=\"twitter:label1\" content=\"Est. reading time\" \/>\n\t<meta name=\"twitter:data1\" content=\"2 minutes\" \/>\n<script type=\"application\/ld+json\" class=\"yoast-schema-graph\">{\"@context\":\"https:\/\/schema.org\",\"@graph\":[{\"@type\":\"WebPage\",\"@id\":\"https:\/\/sulin.ee\/en\/toode\/loo-pilte-kleepsudega-ma-armastan-kalu-djeco\/\",\"url\":\"https:\/\/sulin.ee\/en\/toode\/loo-pilte-kleepsudega-ma-armastan-kalu-djeco\/\",\"name\":\"Loo pilte kleepsudega - Ma armastan kalu - sulin.ee\",\"isPartOf\":{\"@id\":\"https:\/\/sulin.ee\/en\/#website\"},\"primaryImageOfPage\":{\"@id\":\"https:\/\/sulin.ee\/en\/toode\/loo-pilte-kleepsudega-ma-armastan-kalu-djeco\/#primaryimage\"},\"image\":{\"@id\":\"https:\/\/sulin.ee\/en\/toode\/loo-pilte-kleepsudega-ma-armastan-kalu-djeco\/#primaryimage\"},\"thumbnailUrl\":\"https:\/\/sulin.ee\/wp-content\/uploads\/2025\/02\/6834-DJ09052-loo-pilte-kleepsudega-ma-armastan-kalu.jpg\",\"datePublished\":\"2025-02-07T08:50:35+00:00\",\"dateModified\":\"2025-09-07T21:34:40+00:00\",\"description\":\"Loo pilte kleepsudega - Ma armastan kalu on p\u00f5nev kleepsukomplekt, mis v\u00f5imaldab lastel luua oma kalateemalisi kunstiteoseid.\",\"breadcrumb\":{\"@id\":\"https:\/\/sulin.ee\/en\/toode\/loo-pilte-kleepsudega-ma-armastan-kalu-djeco\/#breadcrumb\"},\"inLanguage\":\"en-US\",\"potentialAction\":[{\"@type\":\"ReadAction\",\"target\":[\"https:\/\/sulin.ee\/en\/toode\/loo-pilte-kleepsudega-ma-armastan-kalu-djeco\/\"]}]},{\"@type\":\"ImageObject\",\"inLanguage\":\"en-US\",\"@id\":\"https:\/\/sulin.ee\/en\/toode\/loo-pilte-kleepsudega-ma-armastan-kalu-djeco\/#primaryimage\",\"url\":\"https:\/\/sulin.ee\/wp-content\/uploads\/2025\/02\/6834-DJ09052-loo-pilte-kleepsudega-ma-armastan-kalu.jpg\",\"contentUrl\":\"https:\/\/sulin.ee\/wp-content\/uploads\/2025\/02\/6834-DJ09052-loo-pilte-kleepsudega-ma-armastan-kalu.jpg\",\"width\":600,\"height\":600,\"caption\":\"Loo pilte kleepsudega - Ma armastan kalu\"},{\"@type\":\"BreadcrumbList\",\"@id\":\"https:\/\/sulin.ee\/en\/toode\/loo-pilte-kleepsudega-ma-armastan-kalu-djeco\/#breadcrumb\",\"itemListElement\":[{\"@type\":\"ListItem\",\"position\":1,\"name\":\"Home\",\"item\":\"https:\/\/sulin.ee\/en\/\"},{\"@type\":\"ListItem\",\"position\":2,\"name\":\"Sulin.ee e-pood\",\"item\":\"https:\/\/sulin.ee\/shop\/\"},{\"@type\":\"ListItem\",\"position\":3,\"name\":\"Loo pilte kleepsudega &#8211; Ma armastan kalu\"}]},{\"@type\":\"WebSite\",\"@id\":\"https:\/\/sulin.ee\/en\/#website\",\"url\":\"https:\/\/sulin.ee\/en\/\",\"name\":\"sulin.ee\",\"description\":\"\",\"publisher\":{\"@id\":\"https:\/\/sulin.ee\/en\/#organization\"},\"potentialAction\":[{\"@type\":\"SearchAction\",\"target\":{\"@type\":\"EntryPoint\",\"urlTemplate\":\"https:\/\/sulin.ee\/en\/?s={search_term_string}\"},\"query-input\":{\"@type\":\"PropertyValueSpecification\",\"valueRequired\":true,\"valueName\":\"search_term_string\"}}],\"inLanguage\":\"en-US\"},{\"@type\":\"Organization\",\"@id\":\"https:\/\/sulin.ee\/en\/#organization\",\"name\":\"SULIN TRADE O\u00dc\",\"url\":\"https:\/\/sulin.ee\/en\/\",\"logo\":{\"@type\":\"ImageObject\",\"inLanguage\":\"en-US\",\"@id\":\"https:\/\/sulin.ee\/en\/#\/schema\/logo\/image\/\",\"url\":\"https:\/\/sulin.ee\/wp-content\/uploads\/2022\/11\/sulin-logo.png\",\"contentUrl\":\"https:\/\/sulin.ee\/wp-content\/uploads\/2022\/11\/sulin-logo.png\",\"width\":871,\"height\":321,\"caption\":\"SULIN TRADE O\u00dc\"},\"image\":{\"@id\":\"https:\/\/sulin.ee\/en\/#\/schema\/logo\/image\/\"},\"sameAs\":[\"https:\/\/www.facebook.com\/www.sulin.ee\/\",\"https:\/\/www.instagram.com\/sulintrade\/\"]}]}<\/script>\n<!-- \/ Yoast SEO plugin. -->","yoast_head_json":{"title":"Loo pilte kleepsudega - Ma armastan kalu - sulin.ee","description":"Loo pilte kleepsudega - Ma armastan kalu on p\u00f5nev kleepsukomplekt, mis v\u00f5imaldab lastel luua oma kalateemalisi kunstiteoseid.","robots":{"index":"index","follow":"follow","max-snippet":"max-snippet:-1","max-image-preview":"max-image-preview:large","max-video-preview":"max-video-preview:-1"},"canonical":"https:\/\/sulin.ee\/en\/toode\/loo-pilte-kleepsudega-ma-armastan-kalu-djeco\/","og_locale":"en_US","og_type":"article","og_title":"Loo pilte kleepsudega - Ma armastan kalu - sulin.ee","og_description":"Loo pilte kleepsudega - Ma armastan kalu on p\u00f5nev kleepsukomplekt, mis v\u00f5imaldab lastel luua oma kalateemalisi kunstiteoseid.","og_url":"https:\/\/sulin.ee\/en\/toode\/loo-pilte-kleepsudega-ma-armastan-kalu-djeco\/","og_site_name":"sulin.ee","article_publisher":"https:\/\/www.facebook.com\/www.sulin.ee\/","article_modified_time":"2025-09-07T21:34:40+00:00","og_image":[{"width":600,"height":600,"url":"https:\/\/sulin.ee\/wp-content\/uploads\/2025\/02\/6834-DJ09052-loo-pilte-kleepsudega-ma-armastan-kalu.jpg","type":"image\/jpeg"}],"twitter_card":"summary_large_image","twitter_misc":{"Est. reading time":"2 minutes"},"schema":{"@context":"https:\/\/schema.org","@graph":[{"@type":"WebPage","@id":"https:\/\/sulin.ee\/en\/toode\/loo-pilte-kleepsudega-ma-armastan-kalu-djeco\/","url":"https:\/\/sulin.ee\/en\/toode\/loo-pilte-kleepsudega-ma-armastan-kalu-djeco\/","name":"Loo pilte kleepsudega - Ma armastan kalu - sulin.ee","isPartOf":{"@id":"https:\/\/sulin.ee\/en\/#website"},"primaryImageOfPage":{"@id":"https:\/\/sulin.ee\/en\/toode\/loo-pilte-kleepsudega-ma-armastan-kalu-djeco\/#primaryimage"},"image":{"@id":"https:\/\/sulin.ee\/en\/toode\/loo-pilte-kleepsudega-ma-armastan-kalu-djeco\/#primaryimage"},"thumbnailUrl":"https:\/\/sulin.ee\/wp-content\/uploads\/2025\/02\/6834-DJ09052-loo-pilte-kleepsudega-ma-armastan-kalu.jpg","datePublished":"2025-02-07T08:50:35+00:00","dateModified":"2025-09-07T21:34:40+00:00","description":"Loo pilte kleepsudega - Ma armastan kalu on p\u00f5nev kleepsukomplekt, mis v\u00f5imaldab lastel luua oma kalateemalisi kunstiteoseid.","breadcrumb":{"@id":"https:\/\/sulin.ee\/en\/toode\/loo-pilte-kleepsudega-ma-armastan-kalu-djeco\/#breadcrumb"},"inLanguage":"en-US","potentialAction":[{"@type":"ReadAction","target":["https:\/\/sulin.ee\/en\/toode\/loo-pilte-kleepsudega-ma-armastan-kalu-djeco\/"]}]},{"@type":"ImageObject","inLanguage":"en-US","@id":"https:\/\/sulin.ee\/en\/toode\/loo-pilte-kleepsudega-ma-armastan-kalu-djeco\/#primaryimage","url":"https:\/\/sulin.ee\/wp-content\/uploads\/2025\/02\/6834-DJ09052-loo-pilte-kleepsudega-ma-armastan-kalu.jpg","contentUrl":"https:\/\/sulin.ee\/wp-content\/uploads\/2025\/02\/6834-DJ09052-loo-pilte-kleepsudega-ma-armastan-kalu.jpg","width":600,"height":600,"caption":"Loo pilte kleepsudega - Ma armastan kalu"},{"@type":"BreadcrumbList","@id":"https:\/\/sulin.ee\/en\/toode\/loo-pilte-kleepsudega-ma-armastan-kalu-djeco\/#breadcrumb","itemListElement":[{"@type":"ListItem","position":1,"name":"Home","item":"https:\/\/sulin.ee\/en\/"},{"@type":"ListItem","position":2,"name":"Sulin.ee e-pood","item":"https:\/\/sulin.ee\/shop\/"},{"@type":"ListItem","position":3,"name":"Loo pilte kleepsudega &#8211; Ma armastan kalu"}]},{"@type":"WebSite","@id":"https:\/\/sulin.ee\/en\/#website","url":"https:\/\/sulin.ee\/en\/","name":"sulin.ee","description":"","publisher":{"@id":"https:\/\/sulin.ee\/en\/#organization"},"potentialAction":[{"@type":"SearchAction","target":{"@type":"EntryPoint","urlTemplate":"https:\/\/sulin.ee\/en\/?s={search_term_string}"},"query-input":{"@type":"PropertyValueSpecification","valueRequired":true,"valueName":"search_term_string"}}],"inLanguage":"en-US"},{"@type":"Organization","@id":"https:\/\/sulin.ee\/en\/#organization","name":"SULIN TRADE O\u00dc","url":"https:\/\/sulin.ee\/en\/","logo":{"@type":"ImageObject","inLanguage":"en-US","@id":"https:\/\/sulin.ee\/en\/#\/schema\/logo\/image\/","url":"https:\/\/sulin.ee\/wp-content\/uploads\/2022\/11\/sulin-logo.png","contentUrl":"https:\/\/sulin.ee\/wp-content\/uploads\/2022\/11\/sulin-logo.png","width":871,"height":321,"caption":"SULIN TRADE O\u00dc"},"image":{"@id":"https:\/\/sulin.ee\/en\/#\/schema\/logo\/image\/"},"sameAs":["https:\/\/www.facebook.com\/www.sulin.ee\/","https:\/\/www.instagram.com\/sulintrade\/"]}]}},"builder_content":"","_links":{"self":[{"href":"https:\/\/sulin.ee\/en\/wp-json\/wp\/v2\/product\/36967","targetHints":{"allow":["GET"]}}],"collection":[{"href":"https:\/\/sulin.ee\/en\/wp-json\/wp\/v2\/product"}],"about":[{"href":"https:\/\/sulin.ee\/en\/wp-json\/wp\/v2\/types\/product"}],"replies":[{"embeddable":true,"href":"https:\/\/sulin.ee\/en\/wp-json\/wp\/v2\/comments?post=36967"}],"wp:featuredmedia":[{"embeddable":true,"href":"https:\/\/sulin.ee\/en\/wp-json\/wp\/v2\/media\/36974"}],"wp:attachment":[{"href":"https:\/\/sulin.ee\/en\/wp-json\/wp\/v2\/media?parent=36967"}],"wp:term":[{"taxonomy":"product_brand","embeddable":true,"href":"https:\/\/sulin.ee\/en\/wp-json\/wp\/v2\/product_brand?post=36967"},{"taxonomy":"product_cat","embeddable":true,"href":"https:\/\/sulin.ee\/en\/wp-json\/wp\/v2\/product_cat?post=36967"},{"taxonomy":"product_tag","embeddable":true,"href":"https:\/\/sulin.ee\/en\/wp-json\/wp\/v2\/product_tag?post=36967"}],"curies":[{"name":"wp","href":"https:\/\/api.w.org\/{rel}","templated":true}]}}