{"id":36953,"date":"2025-02-07T14:58:25","date_gmt":"2025-02-07T14:58:25","guid":{"rendered":"https:\/\/sulin.ee\/?post_type=product&#038;p=36953"},"modified":"2025-09-07T21:34:12","modified_gmt":"2025-09-07T21:34:12","slug":"varajane-oppimine-tourna-basic-djeco","status":"publish","type":"product","link":"https:\/\/sulin.ee\/en\/toode\/varajane-oppimine-tourna-basic-djeco\/","title":{"rendered":"Varajane \u00f5ppimine &#8211; Tourna Basic"},"content":{"rendered":"<p style=\"text-align: left;\"><strong>Varajane \u00f5ppimine &#8211; Tourna Basic on puidust m\u00e4ngukomplekt, mis on spetsiaalselt loodud v\u00e4ikelastele, et arendada nende k\u00e4elisi oskusi ja loovust. <\/strong><\/p>\n<p style=\"text-align: left;\">Lapsed saavad harjutada kruvimist, kinnitades erinevaid osi, et kokku panna viis v\u00e4rvilist loomafiguuri. See vastupidav puidust komplekt sisaldab k\u00fcmme osa, mis on m\u00f5\u00f5tmetelt ja kujunduselt sobilikud v\u00e4ikestele k\u00e4tele, pakkudes neile turvalist ja meeldivat kogemust.<\/p>\n<p>See \u00f5petlik m\u00e4nguasi aitab lastel \u00f5ppida p\u00f5hilisi tehnilisi oskusi nagu kruvimine, samuti aitab see arendada peenmotoorikat ja probleemilahendusoskusi. L\u00f5bus ja v\u00e4rvikas disain k\u00f6idab laste t\u00e4helepanu, aidates kaasa nende visuaalse taju arengule.<\/p>\n<p><a href=\"https:\/\/www.djeco.com\/\">Djeco<\/a> Tourna Basic on suurep\u00e4rane t\u00f6\u00f6riist varajaseks \u00f5ppeks ja arenguks, sobib lastele alates 18. elukuust ning on ideaalne kingitus, mis toetab laste uudishimu ja \u00f5pihimu.<\/p>\n<p><strong>Sobib lastele alates 2. eluaastast<\/strong>, pakkudes neile arenguetapis vajalikke \u00f5ppimisv\u00f5imalusi ja meelelahutust.<\/p>\n<p>Avastage meie lai valik <a href=\"https:\/\/sulin.ee\/tootekategooria\/mangimine\/oppemangud\/motoorika\/\">motoorikat arendavaid m\u00e4nguasju<\/a>, mis on loodud laste k\u00e4eliste oskuste ja koordinatsiooni parandamiseks. Meilt leiate erinevaid tooteid, mis pakuvad l\u00f5busaid ja harivaid v\u00f5imalusi, alates helmestest ja sorteerimism\u00e4ngudest kuni puslede ja ehituskomplektideni. Leidke oma lapsele ideaalne m\u00e4nguasi, mis toetab tema arengut ja pakub meelelahutust!<\/p>\n","protected":false},"excerpt":{"rendered":"<p><strong>Varajane \u00f5ppimine &#8211; TournaBasic on v\u00e4rvikas ja l\u00f5bus puidust m\u00e4ngukomplekt, mis on m\u00f5eldud v\u00e4ikelastele kruvimisoskuste arendamiseks. Komplektis on k\u00fcmme osa, mille abil saavad lapsed kokku panna viis erinevat loomafiguuri. M\u00e4ng arendab peenmotoorikat, probleemilahendusoskusi ja tehnilisi oskusi, pakkudes samal ajal turvalist ja meelelahutuslikku tegevust. <\/strong><\/p>\n<p>Sobib lastele alates 18. elukuust.<\/p>\n","protected":false},"featured_media":36956,"comment_status":"open","ping_status":"closed","template":"","meta":[],"product_brand":[],"product_cat":[110,1162,1164,1002,1022,1023,928],"product_tag":[],"class_list":{"0":"post-36953","1":"product","2":"type-product","3":"status-publish","4":"has-post-thumbnail","6":"product_cat-mangimine","7":"product_cat-kingituseks","8":"product_cat-1-3-aastat","9":"product_cat-oppemangud","10":"product_cat-varvid-ja-kujundid","11":"product_cat-motoorika","12":"product_cat-djeco","13":"has-post-title","14":"has-post-date","15":"has-post-category","16":"has-post-tag","17":"has-post-comment","18":"has-post-author","19":"","21":"first","22":"instock","23":"sale","24":"taxable","25":"shipping-taxable","26":"purchasable","27":"product-type-simple"},"yoast_head":"<!-- This site is optimized with the Yoast SEO plugin v26.8 - https:\/\/yoast.com\/product\/yoast-seo-wordpress\/ -->\n<title>Varajane \u00f5ppimine - Tourna Basic - sulin.ee<\/title>\n<meta name=\"description\" content=\"Varajane \u00f5ppimine - Tourna Basic on v\u00e4rvikas ja l\u00f5bus puidust m\u00e4ngukomplekt, mis on m\u00f5eldud v\u00e4ikelastele kruvimisoskuste arendamiseks.\" \/>\n<meta name=\"robots\" content=\"index, follow, max-snippet:-1, max-image-preview:large, max-video-preview:-1\" \/>\n<link rel=\"canonical\" href=\"https:\/\/sulin.ee\/en\/toode\/varajane-oppimine-tourna-basic-djeco\/\" \/>\n<meta property=\"og:locale\" content=\"en_US\" \/>\n<meta property=\"og:type\" content=\"article\" \/>\n<meta property=\"og:title\" content=\"Varajane \u00f5ppimine - Tourna Basic - sulin.ee\" \/>\n<meta property=\"og:description\" content=\"Varajane \u00f5ppimine - Tourna Basic on v\u00e4rvikas ja l\u00f5bus puidust m\u00e4ngukomplekt, mis on m\u00f5eldud v\u00e4ikelastele kruvimisoskuste arendamiseks.\" \/>\n<meta property=\"og:url\" content=\"https:\/\/sulin.ee\/en\/toode\/varajane-oppimine-tourna-basic-djeco\/\" \/>\n<meta property=\"og:site_name\" content=\"sulin.ee\" \/>\n<meta property=\"article:publisher\" content=\"https:\/\/www.facebook.com\/www.sulin.ee\/\" \/>\n<meta property=\"article:modified_time\" content=\"2025-09-07T21:34:12+00:00\" \/>\n<meta property=\"og:image\" content=\"https:\/\/sulin.ee\/wp-content\/uploads\/2025\/02\/6741-DJ06207-varajane-oppimine-tournabasic.jpg\" \/>\n\t<meta property=\"og:image:width\" content=\"600\" \/>\n\t<meta property=\"og:image:height\" content=\"600\" \/>\n\t<meta property=\"og:image:type\" content=\"image\/jpeg\" \/>\n<meta name=\"twitter:card\" content=\"summary_large_image\" \/>\n<meta name=\"twitter:label1\" content=\"Est. reading time\" \/>\n\t<meta name=\"twitter:data1\" content=\"2 minutes\" \/>\n<script type=\"application\/ld+json\" class=\"yoast-schema-graph\">{\"@context\":\"https:\/\/schema.org\",\"@graph\":[{\"@type\":\"WebPage\",\"@id\":\"https:\/\/sulin.ee\/en\/toode\/varajane-oppimine-tourna-basic-djeco\/\",\"url\":\"https:\/\/sulin.ee\/en\/toode\/varajane-oppimine-tourna-basic-djeco\/\",\"name\":\"Varajane \u00f5ppimine - Tourna Basic - sulin.ee\",\"isPartOf\":{\"@id\":\"https:\/\/sulin.ee\/en\/#website\"},\"primaryImageOfPage\":{\"@id\":\"https:\/\/sulin.ee\/en\/toode\/varajane-oppimine-tourna-basic-djeco\/#primaryimage\"},\"image\":{\"@id\":\"https:\/\/sulin.ee\/en\/toode\/varajane-oppimine-tourna-basic-djeco\/#primaryimage\"},\"thumbnailUrl\":\"https:\/\/sulin.ee\/wp-content\/uploads\/2025\/02\/6741-DJ06207-varajane-oppimine-tournabasic.jpg\",\"datePublished\":\"2025-02-07T14:58:25+00:00\",\"dateModified\":\"2025-09-07T21:34:12+00:00\",\"description\":\"Varajane \u00f5ppimine - Tourna Basic on v\u00e4rvikas ja l\u00f5bus puidust m\u00e4ngukomplekt, mis on m\u00f5eldud v\u00e4ikelastele kruvimisoskuste arendamiseks.\",\"breadcrumb\":{\"@id\":\"https:\/\/sulin.ee\/en\/toode\/varajane-oppimine-tourna-basic-djeco\/#breadcrumb\"},\"inLanguage\":\"en-US\",\"potentialAction\":[{\"@type\":\"ReadAction\",\"target\":[\"https:\/\/sulin.ee\/en\/toode\/varajane-oppimine-tourna-basic-djeco\/\"]}]},{\"@type\":\"ImageObject\",\"inLanguage\":\"en-US\",\"@id\":\"https:\/\/sulin.ee\/en\/toode\/varajane-oppimine-tourna-basic-djeco\/#primaryimage\",\"url\":\"https:\/\/sulin.ee\/wp-content\/uploads\/2025\/02\/6741-DJ06207-varajane-oppimine-tournabasic.jpg\",\"contentUrl\":\"https:\/\/sulin.ee\/wp-content\/uploads\/2025\/02\/6741-DJ06207-varajane-oppimine-tournabasic.jpg\",\"width\":600,\"height\":600,\"caption\":\"Varajane \u00f5ppimine - Tourna Basic\"},{\"@type\":\"BreadcrumbList\",\"@id\":\"https:\/\/sulin.ee\/en\/toode\/varajane-oppimine-tourna-basic-djeco\/#breadcrumb\",\"itemListElement\":[{\"@type\":\"ListItem\",\"position\":1,\"name\":\"Home\",\"item\":\"https:\/\/sulin.ee\/en\/\"},{\"@type\":\"ListItem\",\"position\":2,\"name\":\"Sulin.ee e-pood\",\"item\":\"https:\/\/sulin.ee\/shop\/\"},{\"@type\":\"ListItem\",\"position\":3,\"name\":\"Varajane \u00f5ppimine &#8211; Tourna Basic\"}]},{\"@type\":\"WebSite\",\"@id\":\"https:\/\/sulin.ee\/en\/#website\",\"url\":\"https:\/\/sulin.ee\/en\/\",\"name\":\"sulin.ee\",\"description\":\"\",\"publisher\":{\"@id\":\"https:\/\/sulin.ee\/en\/#organization\"},\"potentialAction\":[{\"@type\":\"SearchAction\",\"target\":{\"@type\":\"EntryPoint\",\"urlTemplate\":\"https:\/\/sulin.ee\/en\/?s={search_term_string}\"},\"query-input\":{\"@type\":\"PropertyValueSpecification\",\"valueRequired\":true,\"valueName\":\"search_term_string\"}}],\"inLanguage\":\"en-US\"},{\"@type\":\"Organization\",\"@id\":\"https:\/\/sulin.ee\/en\/#organization\",\"name\":\"SULIN TRADE O\u00dc\",\"url\":\"https:\/\/sulin.ee\/en\/\",\"logo\":{\"@type\":\"ImageObject\",\"inLanguage\":\"en-US\",\"@id\":\"https:\/\/sulin.ee\/en\/#\/schema\/logo\/image\/\",\"url\":\"https:\/\/sulin.ee\/wp-content\/uploads\/2022\/11\/sulin-logo.png\",\"contentUrl\":\"https:\/\/sulin.ee\/wp-content\/uploads\/2022\/11\/sulin-logo.png\",\"width\":871,\"height\":321,\"caption\":\"SULIN TRADE O\u00dc\"},\"image\":{\"@id\":\"https:\/\/sulin.ee\/en\/#\/schema\/logo\/image\/\"},\"sameAs\":[\"https:\/\/www.facebook.com\/www.sulin.ee\/\",\"https:\/\/www.instagram.com\/sulintrade\/\"]}]}<\/script>\n<!-- \/ Yoast SEO plugin. -->","yoast_head_json":{"title":"Varajane \u00f5ppimine - Tourna Basic - sulin.ee","description":"Varajane \u00f5ppimine - Tourna Basic on v\u00e4rvikas ja l\u00f5bus puidust m\u00e4ngukomplekt, mis on m\u00f5eldud v\u00e4ikelastele kruvimisoskuste arendamiseks.","robots":{"index":"index","follow":"follow","max-snippet":"max-snippet:-1","max-image-preview":"max-image-preview:large","max-video-preview":"max-video-preview:-1"},"canonical":"https:\/\/sulin.ee\/en\/toode\/varajane-oppimine-tourna-basic-djeco\/","og_locale":"en_US","og_type":"article","og_title":"Varajane \u00f5ppimine - Tourna Basic - sulin.ee","og_description":"Varajane \u00f5ppimine - Tourna Basic on v\u00e4rvikas ja l\u00f5bus puidust m\u00e4ngukomplekt, mis on m\u00f5eldud v\u00e4ikelastele kruvimisoskuste arendamiseks.","og_url":"https:\/\/sulin.ee\/en\/toode\/varajane-oppimine-tourna-basic-djeco\/","og_site_name":"sulin.ee","article_publisher":"https:\/\/www.facebook.com\/www.sulin.ee\/","article_modified_time":"2025-09-07T21:34:12+00:00","og_image":[{"width":600,"height":600,"url":"https:\/\/sulin.ee\/wp-content\/uploads\/2025\/02\/6741-DJ06207-varajane-oppimine-tournabasic.jpg","type":"image\/jpeg"}],"twitter_card":"summary_large_image","twitter_misc":{"Est. reading time":"2 minutes"},"schema":{"@context":"https:\/\/schema.org","@graph":[{"@type":"WebPage","@id":"https:\/\/sulin.ee\/en\/toode\/varajane-oppimine-tourna-basic-djeco\/","url":"https:\/\/sulin.ee\/en\/toode\/varajane-oppimine-tourna-basic-djeco\/","name":"Varajane \u00f5ppimine - Tourna Basic - sulin.ee","isPartOf":{"@id":"https:\/\/sulin.ee\/en\/#website"},"primaryImageOfPage":{"@id":"https:\/\/sulin.ee\/en\/toode\/varajane-oppimine-tourna-basic-djeco\/#primaryimage"},"image":{"@id":"https:\/\/sulin.ee\/en\/toode\/varajane-oppimine-tourna-basic-djeco\/#primaryimage"},"thumbnailUrl":"https:\/\/sulin.ee\/wp-content\/uploads\/2025\/02\/6741-DJ06207-varajane-oppimine-tournabasic.jpg","datePublished":"2025-02-07T14:58:25+00:00","dateModified":"2025-09-07T21:34:12+00:00","description":"Varajane \u00f5ppimine - Tourna Basic on v\u00e4rvikas ja l\u00f5bus puidust m\u00e4ngukomplekt, mis on m\u00f5eldud v\u00e4ikelastele kruvimisoskuste arendamiseks.","breadcrumb":{"@id":"https:\/\/sulin.ee\/en\/toode\/varajane-oppimine-tourna-basic-djeco\/#breadcrumb"},"inLanguage":"en-US","potentialAction":[{"@type":"ReadAction","target":["https:\/\/sulin.ee\/en\/toode\/varajane-oppimine-tourna-basic-djeco\/"]}]},{"@type":"ImageObject","inLanguage":"en-US","@id":"https:\/\/sulin.ee\/en\/toode\/varajane-oppimine-tourna-basic-djeco\/#primaryimage","url":"https:\/\/sulin.ee\/wp-content\/uploads\/2025\/02\/6741-DJ06207-varajane-oppimine-tournabasic.jpg","contentUrl":"https:\/\/sulin.ee\/wp-content\/uploads\/2025\/02\/6741-DJ06207-varajane-oppimine-tournabasic.jpg","width":600,"height":600,"caption":"Varajane \u00f5ppimine - Tourna Basic"},{"@type":"BreadcrumbList","@id":"https:\/\/sulin.ee\/en\/toode\/varajane-oppimine-tourna-basic-djeco\/#breadcrumb","itemListElement":[{"@type":"ListItem","position":1,"name":"Home","item":"https:\/\/sulin.ee\/en\/"},{"@type":"ListItem","position":2,"name":"Sulin.ee e-pood","item":"https:\/\/sulin.ee\/shop\/"},{"@type":"ListItem","position":3,"name":"Varajane \u00f5ppimine &#8211; Tourna Basic"}]},{"@type":"WebSite","@id":"https:\/\/sulin.ee\/en\/#website","url":"https:\/\/sulin.ee\/en\/","name":"sulin.ee","description":"","publisher":{"@id":"https:\/\/sulin.ee\/en\/#organization"},"potentialAction":[{"@type":"SearchAction","target":{"@type":"EntryPoint","urlTemplate":"https:\/\/sulin.ee\/en\/?s={search_term_string}"},"query-input":{"@type":"PropertyValueSpecification","valueRequired":true,"valueName":"search_term_string"}}],"inLanguage":"en-US"},{"@type":"Organization","@id":"https:\/\/sulin.ee\/en\/#organization","name":"SULIN TRADE O\u00dc","url":"https:\/\/sulin.ee\/en\/","logo":{"@type":"ImageObject","inLanguage":"en-US","@id":"https:\/\/sulin.ee\/en\/#\/schema\/logo\/image\/","url":"https:\/\/sulin.ee\/wp-content\/uploads\/2022\/11\/sulin-logo.png","contentUrl":"https:\/\/sulin.ee\/wp-content\/uploads\/2022\/11\/sulin-logo.png","width":871,"height":321,"caption":"SULIN TRADE O\u00dc"},"image":{"@id":"https:\/\/sulin.ee\/en\/#\/schema\/logo\/image\/"},"sameAs":["https:\/\/www.facebook.com\/www.sulin.ee\/","https:\/\/www.instagram.com\/sulintrade\/"]}]}},"builder_content":"","_links":{"self":[{"href":"https:\/\/sulin.ee\/en\/wp-json\/wp\/v2\/product\/36953","targetHints":{"allow":["GET"]}}],"collection":[{"href":"https:\/\/sulin.ee\/en\/wp-json\/wp\/v2\/product"}],"about":[{"href":"https:\/\/sulin.ee\/en\/wp-json\/wp\/v2\/types\/product"}],"replies":[{"embeddable":true,"href":"https:\/\/sulin.ee\/en\/wp-json\/wp\/v2\/comments?post=36953"}],"wp:featuredmedia":[{"embeddable":true,"href":"https:\/\/sulin.ee\/en\/wp-json\/wp\/v2\/media\/36956"}],"wp:attachment":[{"href":"https:\/\/sulin.ee\/en\/wp-json\/wp\/v2\/media?parent=36953"}],"wp:term":[{"taxonomy":"product_brand","embeddable":true,"href":"https:\/\/sulin.ee\/en\/wp-json\/wp\/v2\/product_brand?post=36953"},{"taxonomy":"product_cat","embeddable":true,"href":"https:\/\/sulin.ee\/en\/wp-json\/wp\/v2\/product_cat?post=36953"},{"taxonomy":"product_tag","embeddable":true,"href":"https:\/\/sulin.ee\/en\/wp-json\/wp\/v2\/product_tag?post=36953"}],"curies":[{"name":"wp","href":"https:\/\/api.w.org\/{rel}","templated":true}]}}