{"id":36932,"date":"2025-02-07T14:57:46","date_gmt":"2025-02-07T14:57:46","guid":{"rendered":"https:\/\/sulin.ee\/?post_type=product&#038;p=36932"},"modified":"2025-09-07T21:42:12","modified_gmt":"2025-09-07T21:42:12","slug":"puidust-pusle-forma-basic-djeco","status":"publish","type":"product","link":"https:\/\/sulin.ee\/en\/toode\/puidust-pusle-forma-basic-djeco\/","title":{"rendered":"Puidust pusle &#8211; Forma Basic"},"content":{"rendered":"<p><strong>Puidust pusle &#8211; Forma Basic on m\u00e4nguliselt hariv puidust pusle, mis on spetsiaalselt loodud noortele lastele, et tutvustada neile geomeetrilisi kujundeid ja v\u00e4rve m\u00e4ngulises kontekstis. Lapsi k\u00f6idab v\u00f5imalus peita pusle t\u00fckke \u00f5igetesse kohtadesse asetades loomade kujutisi ning avastada iga t\u00f5stetud t\u00fcki alt v\u00e4ikesed loomad, pakkudes p\u00f5nevaid avastamishetki.<\/strong><\/p>\n<p>See pusle mitte ainult ei \u00f5peta lastele p\u00f5hilisi kujundeid nagu ruut, kolmnurk ja ring, vaid ka v\u00e4rvide tundmist ja loomade \u00e4ratundmist, stimuleerides nii nende loovust kui ka probleemilahendusoskusi. Suurte nuppudega t\u00fckid on disainitud v\u00e4ikestele k\u00e4tele, et neid oleks lihtne haarata ja paigutada, aidates kaasa peenmotoorika arengule. Vaata toodet tutvustavat videot<a href=\"https:\/\/youtu.be\/tsRtSa0_rKY\"> siit<\/a>.<\/p>\n<p><strong>Puidust pusle &#8211; Forma Basic komplekti kuuluvad<\/strong> \u00fcks puidust alus ja kolm erikujulist puidust t\u00fckki, mis on turvalised ja vastupidavad.<\/p>\n<p><strong>Seda puslet soovitatakse lastele alates 12. elukuust<\/strong>, pakkudes neile varajases arenguetapis v\u00e4\u00e4rtuslikke \u00f5ppimisv\u00f5imalusi ja meelelahutust.<\/p>\n<p><a href=\"https:\/\/www.djeco.com\/\">Djeco<\/a> Pusle on ideaalne t\u00f6\u00f6riist, et tutvustada noortele lastele hariduslike m\u00e4ngude maailma, kus \u00f5ppimine ja l\u00f5bu k\u00e4ivad k\u00e4sik\u00e4es.<\/p>\n<p>Tutvuge meie p\u00f5neva<a href=\"https:\/\/sulin.ee\/tootekategooria\/mangimine\/pusled\/\"> puslevalikuga<\/a>! Meil on puslesid igas vanuses lastele, alates imikutele m\u00f5eldud puidust pusletest kuni keerukamate pusleteni vanematele lastele. Avastage erinevaid teemasid ja keerukusastmeid, mis arendavad laste peenmotoorikat, probleemilahendusoskusi ja loovust. Tule ja leia oma lapsele uus lemmikpusle, mis pakub talle r\u00f5\u00f5mu ja \u00f5petlikku meelelahutust!<\/p>\n","protected":false},"excerpt":{"rendered":"<p><strong>Puidust pusle &#8211; Forma Basic on hariv m\u00e4nguasi, mis on disainitud spetsiaalselt v\u00e4ikelastele, et \u00f5petada neile geomeetrilisi kujundeid ja v\u00e4rve. Pusle pakub v\u00e4rvikaid loomakujutisi ja suurte nuppudega t\u00fckke, mis on kohandatud v\u00e4ikeste k\u00e4te jaoks, aidates arendada peenmotoorikat. <\/strong><\/p>\n<p><strong>Komplekt sisaldab<\/strong> puidust alust ja kolme erikujulist t\u00fckki, mis on turvalised ja vastupidavad.<\/p>\n<p><strong>Sobib lastele alates 12. elukuust,<\/strong> pakkudes neile arenguetapis vajalikke \u00f5ppimisv\u00f5imalusi ja meelelahutust.<\/p>\n","protected":false},"featured_media":36937,"comment_status":"open","ping_status":"closed","template":"","meta":[],"product_brand":[],"product_cat":[179,769,1000,110,1162,1164,925,175,928],"product_tag":[],"class_list":{"0":"post-36932","1":"product","2":"type-product","3":"status-publish","4":"has-post-thumbnail","6":"product_cat-beebile","7":"product_cat-manguasjad","8":"product_cat-pusled-beebidele","9":"product_cat-mangimine","10":"product_cat-kingituseks","11":"product_cat-1-3-aastat","12":"product_cat-pusled","13":"product_cat-puidust-manguasjad","14":"product_cat-djeco","15":"has-post-title","16":"has-post-date","17":"has-post-category","18":"has-post-tag","19":"has-post-comment","20":"has-post-author","21":"","23":"first","24":"instock","25":"sale","26":"taxable","27":"shipping-taxable","28":"purchasable","29":"product-type-simple"},"yoast_head":"<!-- This site is optimized with the Yoast SEO plugin v26.8 - https:\/\/yoast.com\/product\/yoast-seo-wordpress\/ -->\n<title>Puidust pusle - Forma Basic - sulin.ee<\/title>\n<meta name=\"description\" content=\"Puidust pusle - Forma Basic on hariv m\u00e4nguasi, mis on disainitud spetsiaalselt v\u00e4ikelastele, et \u00f5petada neile geomeetrilisi kujundeid ja v\u00e4rve.\" \/>\n<meta name=\"robots\" content=\"index, follow, max-snippet:-1, max-image-preview:large, max-video-preview:-1\" \/>\n<link rel=\"canonical\" href=\"https:\/\/sulin.ee\/en\/toode\/puidust-pusle-forma-basic-djeco\/\" \/>\n<meta property=\"og:locale\" content=\"en_US\" \/>\n<meta property=\"og:type\" content=\"article\" \/>\n<meta property=\"og:title\" content=\"Puidust pusle - Forma Basic - sulin.ee\" \/>\n<meta property=\"og:description\" content=\"Puidust pusle - Forma Basic on hariv m\u00e4nguasi, mis on disainitud spetsiaalselt v\u00e4ikelastele, et \u00f5petada neile geomeetrilisi kujundeid ja v\u00e4rve.\" \/>\n<meta property=\"og:url\" content=\"https:\/\/sulin.ee\/en\/toode\/puidust-pusle-forma-basic-djeco\/\" \/>\n<meta property=\"og:site_name\" content=\"sulin.ee\" \/>\n<meta property=\"article:publisher\" content=\"https:\/\/www.facebook.com\/www.sulin.ee\/\" \/>\n<meta property=\"article:modified_time\" content=\"2025-09-07T21:42:12+00:00\" \/>\n<meta property=\"og:image\" content=\"https:\/\/sulin.ee\/wp-content\/uploads\/2025\/02\/6459-DJ06200-puidust-pusle-formabasic.jpg\" \/>\n\t<meta property=\"og:image:width\" content=\"600\" \/>\n\t<meta property=\"og:image:height\" content=\"600\" \/>\n\t<meta property=\"og:image:type\" content=\"image\/jpeg\" \/>\n<meta name=\"twitter:card\" content=\"summary_large_image\" \/>\n<meta name=\"twitter:label1\" content=\"Est. reading time\" \/>\n\t<meta name=\"twitter:data1\" content=\"2 minutes\" \/>\n<script type=\"application\/ld+json\" class=\"yoast-schema-graph\">{\"@context\":\"https:\/\/schema.org\",\"@graph\":[{\"@type\":\"WebPage\",\"@id\":\"https:\/\/sulin.ee\/en\/toode\/puidust-pusle-forma-basic-djeco\/\",\"url\":\"https:\/\/sulin.ee\/en\/toode\/puidust-pusle-forma-basic-djeco\/\",\"name\":\"Puidust pusle - Forma Basic - sulin.ee\",\"isPartOf\":{\"@id\":\"https:\/\/sulin.ee\/en\/#website\"},\"primaryImageOfPage\":{\"@id\":\"https:\/\/sulin.ee\/en\/toode\/puidust-pusle-forma-basic-djeco\/#primaryimage\"},\"image\":{\"@id\":\"https:\/\/sulin.ee\/en\/toode\/puidust-pusle-forma-basic-djeco\/#primaryimage\"},\"thumbnailUrl\":\"https:\/\/sulin.ee\/wp-content\/uploads\/2025\/02\/6459-DJ06200-puidust-pusle-formabasic.jpg\",\"datePublished\":\"2025-02-07T14:57:46+00:00\",\"dateModified\":\"2025-09-07T21:42:12+00:00\",\"description\":\"Puidust pusle - Forma Basic on hariv m\u00e4nguasi, mis on disainitud spetsiaalselt v\u00e4ikelastele, et \u00f5petada neile geomeetrilisi kujundeid ja v\u00e4rve.\",\"breadcrumb\":{\"@id\":\"https:\/\/sulin.ee\/en\/toode\/puidust-pusle-forma-basic-djeco\/#breadcrumb\"},\"inLanguage\":\"en-US\",\"potentialAction\":[{\"@type\":\"ReadAction\",\"target\":[\"https:\/\/sulin.ee\/en\/toode\/puidust-pusle-forma-basic-djeco\/\"]}]},{\"@type\":\"ImageObject\",\"inLanguage\":\"en-US\",\"@id\":\"https:\/\/sulin.ee\/en\/toode\/puidust-pusle-forma-basic-djeco\/#primaryimage\",\"url\":\"https:\/\/sulin.ee\/wp-content\/uploads\/2025\/02\/6459-DJ06200-puidust-pusle-formabasic.jpg\",\"contentUrl\":\"https:\/\/sulin.ee\/wp-content\/uploads\/2025\/02\/6459-DJ06200-puidust-pusle-formabasic.jpg\",\"width\":600,\"height\":600,\"caption\":\"Puidust pusle - Forma Basic\"},{\"@type\":\"BreadcrumbList\",\"@id\":\"https:\/\/sulin.ee\/en\/toode\/puidust-pusle-forma-basic-djeco\/#breadcrumb\",\"itemListElement\":[{\"@type\":\"ListItem\",\"position\":1,\"name\":\"Home\",\"item\":\"https:\/\/sulin.ee\/en\/\"},{\"@type\":\"ListItem\",\"position\":2,\"name\":\"Sulin.ee e-pood\",\"item\":\"https:\/\/sulin.ee\/shop\/\"},{\"@type\":\"ListItem\",\"position\":3,\"name\":\"Puidust pusle &#8211; Forma Basic\"}]},{\"@type\":\"WebSite\",\"@id\":\"https:\/\/sulin.ee\/en\/#website\",\"url\":\"https:\/\/sulin.ee\/en\/\",\"name\":\"sulin.ee\",\"description\":\"\",\"publisher\":{\"@id\":\"https:\/\/sulin.ee\/en\/#organization\"},\"potentialAction\":[{\"@type\":\"SearchAction\",\"target\":{\"@type\":\"EntryPoint\",\"urlTemplate\":\"https:\/\/sulin.ee\/en\/?s={search_term_string}\"},\"query-input\":{\"@type\":\"PropertyValueSpecification\",\"valueRequired\":true,\"valueName\":\"search_term_string\"}}],\"inLanguage\":\"en-US\"},{\"@type\":\"Organization\",\"@id\":\"https:\/\/sulin.ee\/en\/#organization\",\"name\":\"SULIN TRADE O\u00dc\",\"url\":\"https:\/\/sulin.ee\/en\/\",\"logo\":{\"@type\":\"ImageObject\",\"inLanguage\":\"en-US\",\"@id\":\"https:\/\/sulin.ee\/en\/#\/schema\/logo\/image\/\",\"url\":\"https:\/\/sulin.ee\/wp-content\/uploads\/2022\/11\/sulin-logo.png\",\"contentUrl\":\"https:\/\/sulin.ee\/wp-content\/uploads\/2022\/11\/sulin-logo.png\",\"width\":871,\"height\":321,\"caption\":\"SULIN TRADE O\u00dc\"},\"image\":{\"@id\":\"https:\/\/sulin.ee\/en\/#\/schema\/logo\/image\/\"},\"sameAs\":[\"https:\/\/www.facebook.com\/www.sulin.ee\/\",\"https:\/\/www.instagram.com\/sulintrade\/\"]}]}<\/script>\n<!-- \/ Yoast SEO plugin. -->","yoast_head_json":{"title":"Puidust pusle - Forma Basic - sulin.ee","description":"Puidust pusle - Forma Basic on hariv m\u00e4nguasi, mis on disainitud spetsiaalselt v\u00e4ikelastele, et \u00f5petada neile geomeetrilisi kujundeid ja v\u00e4rve.","robots":{"index":"index","follow":"follow","max-snippet":"max-snippet:-1","max-image-preview":"max-image-preview:large","max-video-preview":"max-video-preview:-1"},"canonical":"https:\/\/sulin.ee\/en\/toode\/puidust-pusle-forma-basic-djeco\/","og_locale":"en_US","og_type":"article","og_title":"Puidust pusle - Forma Basic - sulin.ee","og_description":"Puidust pusle - Forma Basic on hariv m\u00e4nguasi, mis on disainitud spetsiaalselt v\u00e4ikelastele, et \u00f5petada neile geomeetrilisi kujundeid ja v\u00e4rve.","og_url":"https:\/\/sulin.ee\/en\/toode\/puidust-pusle-forma-basic-djeco\/","og_site_name":"sulin.ee","article_publisher":"https:\/\/www.facebook.com\/www.sulin.ee\/","article_modified_time":"2025-09-07T21:42:12+00:00","og_image":[{"width":600,"height":600,"url":"https:\/\/sulin.ee\/wp-content\/uploads\/2025\/02\/6459-DJ06200-puidust-pusle-formabasic.jpg","type":"image\/jpeg"}],"twitter_card":"summary_large_image","twitter_misc":{"Est. reading time":"2 minutes"},"schema":{"@context":"https:\/\/schema.org","@graph":[{"@type":"WebPage","@id":"https:\/\/sulin.ee\/en\/toode\/puidust-pusle-forma-basic-djeco\/","url":"https:\/\/sulin.ee\/en\/toode\/puidust-pusle-forma-basic-djeco\/","name":"Puidust pusle - Forma Basic - sulin.ee","isPartOf":{"@id":"https:\/\/sulin.ee\/en\/#website"},"primaryImageOfPage":{"@id":"https:\/\/sulin.ee\/en\/toode\/puidust-pusle-forma-basic-djeco\/#primaryimage"},"image":{"@id":"https:\/\/sulin.ee\/en\/toode\/puidust-pusle-forma-basic-djeco\/#primaryimage"},"thumbnailUrl":"https:\/\/sulin.ee\/wp-content\/uploads\/2025\/02\/6459-DJ06200-puidust-pusle-formabasic.jpg","datePublished":"2025-02-07T14:57:46+00:00","dateModified":"2025-09-07T21:42:12+00:00","description":"Puidust pusle - Forma Basic on hariv m\u00e4nguasi, mis on disainitud spetsiaalselt v\u00e4ikelastele, et \u00f5petada neile geomeetrilisi kujundeid ja v\u00e4rve.","breadcrumb":{"@id":"https:\/\/sulin.ee\/en\/toode\/puidust-pusle-forma-basic-djeco\/#breadcrumb"},"inLanguage":"en-US","potentialAction":[{"@type":"ReadAction","target":["https:\/\/sulin.ee\/en\/toode\/puidust-pusle-forma-basic-djeco\/"]}]},{"@type":"ImageObject","inLanguage":"en-US","@id":"https:\/\/sulin.ee\/en\/toode\/puidust-pusle-forma-basic-djeco\/#primaryimage","url":"https:\/\/sulin.ee\/wp-content\/uploads\/2025\/02\/6459-DJ06200-puidust-pusle-formabasic.jpg","contentUrl":"https:\/\/sulin.ee\/wp-content\/uploads\/2025\/02\/6459-DJ06200-puidust-pusle-formabasic.jpg","width":600,"height":600,"caption":"Puidust pusle - Forma Basic"},{"@type":"BreadcrumbList","@id":"https:\/\/sulin.ee\/en\/toode\/puidust-pusle-forma-basic-djeco\/#breadcrumb","itemListElement":[{"@type":"ListItem","position":1,"name":"Home","item":"https:\/\/sulin.ee\/en\/"},{"@type":"ListItem","position":2,"name":"Sulin.ee e-pood","item":"https:\/\/sulin.ee\/shop\/"},{"@type":"ListItem","position":3,"name":"Puidust pusle &#8211; Forma Basic"}]},{"@type":"WebSite","@id":"https:\/\/sulin.ee\/en\/#website","url":"https:\/\/sulin.ee\/en\/","name":"sulin.ee","description":"","publisher":{"@id":"https:\/\/sulin.ee\/en\/#organization"},"potentialAction":[{"@type":"SearchAction","target":{"@type":"EntryPoint","urlTemplate":"https:\/\/sulin.ee\/en\/?s={search_term_string}"},"query-input":{"@type":"PropertyValueSpecification","valueRequired":true,"valueName":"search_term_string"}}],"inLanguage":"en-US"},{"@type":"Organization","@id":"https:\/\/sulin.ee\/en\/#organization","name":"SULIN TRADE O\u00dc","url":"https:\/\/sulin.ee\/en\/","logo":{"@type":"ImageObject","inLanguage":"en-US","@id":"https:\/\/sulin.ee\/en\/#\/schema\/logo\/image\/","url":"https:\/\/sulin.ee\/wp-content\/uploads\/2022\/11\/sulin-logo.png","contentUrl":"https:\/\/sulin.ee\/wp-content\/uploads\/2022\/11\/sulin-logo.png","width":871,"height":321,"caption":"SULIN TRADE O\u00dc"},"image":{"@id":"https:\/\/sulin.ee\/en\/#\/schema\/logo\/image\/"},"sameAs":["https:\/\/www.facebook.com\/www.sulin.ee\/","https:\/\/www.instagram.com\/sulintrade\/"]}]}},"builder_content":"","_links":{"self":[{"href":"https:\/\/sulin.ee\/en\/wp-json\/wp\/v2\/product\/36932","targetHints":{"allow":["GET"]}}],"collection":[{"href":"https:\/\/sulin.ee\/en\/wp-json\/wp\/v2\/product"}],"about":[{"href":"https:\/\/sulin.ee\/en\/wp-json\/wp\/v2\/types\/product"}],"replies":[{"embeddable":true,"href":"https:\/\/sulin.ee\/en\/wp-json\/wp\/v2\/comments?post=36932"}],"wp:featuredmedia":[{"embeddable":true,"href":"https:\/\/sulin.ee\/en\/wp-json\/wp\/v2\/media\/36937"}],"wp:attachment":[{"href":"https:\/\/sulin.ee\/en\/wp-json\/wp\/v2\/media?parent=36932"}],"wp:term":[{"taxonomy":"product_brand","embeddable":true,"href":"https:\/\/sulin.ee\/en\/wp-json\/wp\/v2\/product_brand?post=36932"},{"taxonomy":"product_cat","embeddable":true,"href":"https:\/\/sulin.ee\/en\/wp-json\/wp\/v2\/product_cat?post=36932"},{"taxonomy":"product_tag","embeddable":true,"href":"https:\/\/sulin.ee\/en\/wp-json\/wp\/v2\/product_tag?post=36932"}],"curies":[{"name":"wp","href":"https:\/\/api.w.org\/{rel}","templated":true}]}}