{"id":36890,"date":"2025-02-07T12:12:22","date_gmt":"2025-02-07T12:12:22","guid":{"rendered":"https:\/\/sulin.ee\/?post_type=product&#038;p=36890"},"modified":"2025-09-07T21:42:23","modified_gmt":"2025-09-07T21:42:23","slug":"kaardimang-batasaurus-djeco","status":"publish","type":"product","link":"https:\/\/sulin.ee\/en\/toode\/kaardimang-batasaurus-djeco\/","title":{"rendered":"Kaardim\u00e4ng &#8211; Batasaurus"},"content":{"rendered":"<p><strong>Kaardim\u00e4ng &#8211; Batasaurus on lahingustiilis m\u00e4lum\u00e4ng, kus m\u00e4ngijad ei hoia kaarte k\u00e4es, vaid asetavad need n\u00e4oga allapoole lauale. Neil on m\u00f5ni sekund aega kaartide asukohti meelde j\u00e4tta, seej\u00e4rel algab dinosauruste lahing (12 dinosauruse kaarti, millel on numbrilised j\u00f5ud 1 kuni 12)! Loenduse &#8220;kolme&#8221; peale keerab iga m\u00e4ngija \u00fche kaardi \u00fcmber &#8211; tugevaim kaart v\u00f5idab vooru. M\u00e4ngijad saavad valida, millist kaarti kasutada, kuid peavad m\u00e4letama, kus iga dinosauruse kaart asub! M\u00e4ngu v\u00f5idab see, kellel on k\u00f5ige rohkem kaarte. <\/strong><\/p>\n<p>Kaardim\u00e4ng &#8211; Batasaurus on t\u00e4iesti uus lahingum\u00e4ng, kus m\u00e4luoskused on h\u00e4davajalikud. Kaartidel olevad illustratsioonid aitavad \u00f5ppida tundma erinevaid dinosauruse liike. <a href=\"https:\/\/www.djeco.com\/\">Djeco<\/a> m\u00e4ngud teritavad t\u00e4helepanu, panevad m\u00f5tlema m\u00e4rkamatult, arendavad m\u00e4lu ja ergutavad vestlust.<\/p>\n<p><strong>Komplektis on<\/strong> 48 vastupidavat, kvaliteetset kaarti (4 komplekti, iga\u00fches 12 dinosauruse kaarti). Kompaktne ja kergesti kaasaskantav karp.<\/p>\n<p><strong>Sobib alates 5. eluaastast. <\/strong><\/p>\n<p><strong>Hoiatus!<\/strong> Ei ole sobiv alla kolmeaastastele lastele, l\u00e4mbumisoht v\u00e4ikeste osade t\u00f5ttu.<\/p>\n<p>Tutvu ka meie teiste p\u00f5nevate <a href=\"https:\/\/sulin.ee\/tootekategooria\/mangimine\/lauamangud\/\">lauam\u00e4ngude valikuga<\/a>!\u00a0Avastage erinevaid strateegia-, osavus- ja m\u00e4lum\u00e4nge, mis pakuvad l\u00f5bu igas vanuses m\u00e4ngijatele. Tule ja leia oma uus lemmik!<\/p>\n","protected":false},"excerpt":{"rendered":"<p><strong>Kaardim\u00e4ng &#8211; Batasaurus<\/strong> <strong>on p\u00f5nev lahingustiilis m\u00e4lum\u00e4ng, kus m\u00e4ngijad asetavad kaardid n\u00e4oga allapoole ja peavad meelde j\u00e4tma nende asukohad, et alustada dinosauruste lahingut. <\/strong><\/p>\n<p>M\u00e4ng sisaldab 12 dinosauruse kaarti numbriliste j\u00f5ududega 1 kuni 12. M\u00e4ngijad keeravad kaarte \u00fcmber ja tugevaim kaart v\u00f5idab vooru. Komplektis on 48 kvaliteetset kaarti ja kompaktne karp, mis teeb selle kaasaskandmise lihtsaks.<\/p>\n<p><strong>Sobib lastele alates 5. eluaastast.<\/strong><\/p>\n","protected":false},"featured_media":36895,"comment_status":"open","ping_status":"closed","template":"","meta":[],"product_brand":[],"product_cat":[110,1162,1166,942,928],"product_tag":[],"class_list":{"0":"post-36890","1":"product","2":"type-product","3":"status-publish","4":"has-post-thumbnail","6":"product_cat-mangimine","7":"product_cat-kingituseks","8":"product_cat-6-8-aastat","9":"product_cat-lauamangud","10":"product_cat-djeco","11":"has-post-title","12":"has-post-date","13":"has-post-category","14":"has-post-tag","15":"has-post-comment","16":"has-post-author","17":"","19":"first","20":"instock","21":"sale","22":"taxable","23":"shipping-taxable","24":"purchasable","25":"product-type-simple"},"yoast_head":"<!-- This site is optimized with the Yoast SEO plugin v26.8 - https:\/\/yoast.com\/product\/yoast-seo-wordpress\/ -->\n<title>Kaardim\u00e4ng - Batasaurus - sulin.ee<\/title>\n<meta name=\"description\" content=\"Kaardim\u00e4ng - Batasaurus on p\u00f5nev lahingustiilis m\u00e4lum\u00e4ng, mis sisaldab 12 dinosauruse kaarti numbriliste j\u00f5ududega 1 kuni 12. Sobib lastele alates 5. eluaastast.\" \/>\n<meta name=\"robots\" content=\"index, follow, max-snippet:-1, max-image-preview:large, max-video-preview:-1\" \/>\n<link rel=\"canonical\" href=\"https:\/\/sulin.ee\/en\/toode\/kaardimang-batasaurus-djeco\/\" \/>\n<meta property=\"og:locale\" content=\"en_US\" \/>\n<meta property=\"og:type\" content=\"article\" \/>\n<meta property=\"og:title\" content=\"Kaardim\u00e4ng - Batasaurus - sulin.ee\" \/>\n<meta property=\"og:description\" content=\"Kaardim\u00e4ng - Batasaurus on p\u00f5nev lahingustiilis m\u00e4lum\u00e4ng, mis sisaldab 12 dinosauruse kaarti numbriliste j\u00f5ududega 1 kuni 12. Sobib lastele alates 5. eluaastast.\" \/>\n<meta property=\"og:url\" content=\"https:\/\/sulin.ee\/en\/toode\/kaardimang-batasaurus-djeco\/\" \/>\n<meta property=\"og:site_name\" content=\"sulin.ee\" \/>\n<meta property=\"article:publisher\" content=\"https:\/\/www.facebook.com\/www.sulin.ee\/\" \/>\n<meta property=\"article:modified_time\" content=\"2025-09-07T21:42:23+00:00\" \/>\n<meta property=\"og:image\" content=\"https:\/\/sulin.ee\/wp-content\/uploads\/2025\/02\/6048-DJ05136-kaardimang-batasaurus.jpg\" \/>\n\t<meta property=\"og:image:width\" content=\"800\" \/>\n\t<meta property=\"og:image:height\" content=\"800\" \/>\n\t<meta property=\"og:image:type\" content=\"image\/jpeg\" \/>\n<meta name=\"twitter:card\" content=\"summary_large_image\" \/>\n<meta name=\"twitter:label1\" content=\"Est. reading time\" \/>\n\t<meta name=\"twitter:data1\" content=\"2 minutes\" \/>\n<script type=\"application\/ld+json\" class=\"yoast-schema-graph\">{\"@context\":\"https:\/\/schema.org\",\"@graph\":[{\"@type\":\"WebPage\",\"@id\":\"https:\/\/sulin.ee\/en\/toode\/kaardimang-batasaurus-djeco\/\",\"url\":\"https:\/\/sulin.ee\/en\/toode\/kaardimang-batasaurus-djeco\/\",\"name\":\"Kaardim\u00e4ng - Batasaurus - sulin.ee\",\"isPartOf\":{\"@id\":\"https:\/\/sulin.ee\/en\/#website\"},\"primaryImageOfPage\":{\"@id\":\"https:\/\/sulin.ee\/en\/toode\/kaardimang-batasaurus-djeco\/#primaryimage\"},\"image\":{\"@id\":\"https:\/\/sulin.ee\/en\/toode\/kaardimang-batasaurus-djeco\/#primaryimage\"},\"thumbnailUrl\":\"https:\/\/sulin.ee\/wp-content\/uploads\/2025\/02\/6048-DJ05136-kaardimang-batasaurus.jpg\",\"datePublished\":\"2025-02-07T12:12:22+00:00\",\"dateModified\":\"2025-09-07T21:42:23+00:00\",\"description\":\"Kaardim\u00e4ng - Batasaurus on p\u00f5nev lahingustiilis m\u00e4lum\u00e4ng, mis sisaldab 12 dinosauruse kaarti numbriliste j\u00f5ududega 1 kuni 12. Sobib lastele alates 5. eluaastast.\",\"breadcrumb\":{\"@id\":\"https:\/\/sulin.ee\/en\/toode\/kaardimang-batasaurus-djeco\/#breadcrumb\"},\"inLanguage\":\"en-US\",\"potentialAction\":[{\"@type\":\"ReadAction\",\"target\":[\"https:\/\/sulin.ee\/en\/toode\/kaardimang-batasaurus-djeco\/\"]}]},{\"@type\":\"ImageObject\",\"inLanguage\":\"en-US\",\"@id\":\"https:\/\/sulin.ee\/en\/toode\/kaardimang-batasaurus-djeco\/#primaryimage\",\"url\":\"https:\/\/sulin.ee\/wp-content\/uploads\/2025\/02\/6048-DJ05136-kaardimang-batasaurus.jpg\",\"contentUrl\":\"https:\/\/sulin.ee\/wp-content\/uploads\/2025\/02\/6048-DJ05136-kaardimang-batasaurus.jpg\",\"width\":800,\"height\":800,\"caption\":\"Kaardim\u00e4ng - Batasaurus\"},{\"@type\":\"BreadcrumbList\",\"@id\":\"https:\/\/sulin.ee\/en\/toode\/kaardimang-batasaurus-djeco\/#breadcrumb\",\"itemListElement\":[{\"@type\":\"ListItem\",\"position\":1,\"name\":\"Home\",\"item\":\"https:\/\/sulin.ee\/en\/\"},{\"@type\":\"ListItem\",\"position\":2,\"name\":\"Sulin.ee e-pood\",\"item\":\"https:\/\/sulin.ee\/shop\/\"},{\"@type\":\"ListItem\",\"position\":3,\"name\":\"Kaardim\u00e4ng &#8211; Batasaurus\"}]},{\"@type\":\"WebSite\",\"@id\":\"https:\/\/sulin.ee\/en\/#website\",\"url\":\"https:\/\/sulin.ee\/en\/\",\"name\":\"sulin.ee\",\"description\":\"\",\"publisher\":{\"@id\":\"https:\/\/sulin.ee\/en\/#organization\"},\"potentialAction\":[{\"@type\":\"SearchAction\",\"target\":{\"@type\":\"EntryPoint\",\"urlTemplate\":\"https:\/\/sulin.ee\/en\/?s={search_term_string}\"},\"query-input\":{\"@type\":\"PropertyValueSpecification\",\"valueRequired\":true,\"valueName\":\"search_term_string\"}}],\"inLanguage\":\"en-US\"},{\"@type\":\"Organization\",\"@id\":\"https:\/\/sulin.ee\/en\/#organization\",\"name\":\"SULIN TRADE O\u00dc\",\"url\":\"https:\/\/sulin.ee\/en\/\",\"logo\":{\"@type\":\"ImageObject\",\"inLanguage\":\"en-US\",\"@id\":\"https:\/\/sulin.ee\/en\/#\/schema\/logo\/image\/\",\"url\":\"https:\/\/sulin.ee\/wp-content\/uploads\/2022\/11\/sulin-logo.png\",\"contentUrl\":\"https:\/\/sulin.ee\/wp-content\/uploads\/2022\/11\/sulin-logo.png\",\"width\":871,\"height\":321,\"caption\":\"SULIN TRADE O\u00dc\"},\"image\":{\"@id\":\"https:\/\/sulin.ee\/en\/#\/schema\/logo\/image\/\"},\"sameAs\":[\"https:\/\/www.facebook.com\/www.sulin.ee\/\",\"https:\/\/www.instagram.com\/sulintrade\/\"]}]}<\/script>\n<!-- \/ Yoast SEO plugin. -->","yoast_head_json":{"title":"Kaardim\u00e4ng - Batasaurus - sulin.ee","description":"Kaardim\u00e4ng - Batasaurus on p\u00f5nev lahingustiilis m\u00e4lum\u00e4ng, mis sisaldab 12 dinosauruse kaarti numbriliste j\u00f5ududega 1 kuni 12. Sobib lastele alates 5. eluaastast.","robots":{"index":"index","follow":"follow","max-snippet":"max-snippet:-1","max-image-preview":"max-image-preview:large","max-video-preview":"max-video-preview:-1"},"canonical":"https:\/\/sulin.ee\/en\/toode\/kaardimang-batasaurus-djeco\/","og_locale":"en_US","og_type":"article","og_title":"Kaardim\u00e4ng - Batasaurus - sulin.ee","og_description":"Kaardim\u00e4ng - Batasaurus on p\u00f5nev lahingustiilis m\u00e4lum\u00e4ng, mis sisaldab 12 dinosauruse kaarti numbriliste j\u00f5ududega 1 kuni 12. Sobib lastele alates 5. eluaastast.","og_url":"https:\/\/sulin.ee\/en\/toode\/kaardimang-batasaurus-djeco\/","og_site_name":"sulin.ee","article_publisher":"https:\/\/www.facebook.com\/www.sulin.ee\/","article_modified_time":"2025-09-07T21:42:23+00:00","og_image":[{"width":800,"height":800,"url":"https:\/\/sulin.ee\/wp-content\/uploads\/2025\/02\/6048-DJ05136-kaardimang-batasaurus.jpg","type":"image\/jpeg"}],"twitter_card":"summary_large_image","twitter_misc":{"Est. reading time":"2 minutes"},"schema":{"@context":"https:\/\/schema.org","@graph":[{"@type":"WebPage","@id":"https:\/\/sulin.ee\/en\/toode\/kaardimang-batasaurus-djeco\/","url":"https:\/\/sulin.ee\/en\/toode\/kaardimang-batasaurus-djeco\/","name":"Kaardim\u00e4ng - Batasaurus - sulin.ee","isPartOf":{"@id":"https:\/\/sulin.ee\/en\/#website"},"primaryImageOfPage":{"@id":"https:\/\/sulin.ee\/en\/toode\/kaardimang-batasaurus-djeco\/#primaryimage"},"image":{"@id":"https:\/\/sulin.ee\/en\/toode\/kaardimang-batasaurus-djeco\/#primaryimage"},"thumbnailUrl":"https:\/\/sulin.ee\/wp-content\/uploads\/2025\/02\/6048-DJ05136-kaardimang-batasaurus.jpg","datePublished":"2025-02-07T12:12:22+00:00","dateModified":"2025-09-07T21:42:23+00:00","description":"Kaardim\u00e4ng - Batasaurus on p\u00f5nev lahingustiilis m\u00e4lum\u00e4ng, mis sisaldab 12 dinosauruse kaarti numbriliste j\u00f5ududega 1 kuni 12. Sobib lastele alates 5. eluaastast.","breadcrumb":{"@id":"https:\/\/sulin.ee\/en\/toode\/kaardimang-batasaurus-djeco\/#breadcrumb"},"inLanguage":"en-US","potentialAction":[{"@type":"ReadAction","target":["https:\/\/sulin.ee\/en\/toode\/kaardimang-batasaurus-djeco\/"]}]},{"@type":"ImageObject","inLanguage":"en-US","@id":"https:\/\/sulin.ee\/en\/toode\/kaardimang-batasaurus-djeco\/#primaryimage","url":"https:\/\/sulin.ee\/wp-content\/uploads\/2025\/02\/6048-DJ05136-kaardimang-batasaurus.jpg","contentUrl":"https:\/\/sulin.ee\/wp-content\/uploads\/2025\/02\/6048-DJ05136-kaardimang-batasaurus.jpg","width":800,"height":800,"caption":"Kaardim\u00e4ng - Batasaurus"},{"@type":"BreadcrumbList","@id":"https:\/\/sulin.ee\/en\/toode\/kaardimang-batasaurus-djeco\/#breadcrumb","itemListElement":[{"@type":"ListItem","position":1,"name":"Home","item":"https:\/\/sulin.ee\/en\/"},{"@type":"ListItem","position":2,"name":"Sulin.ee e-pood","item":"https:\/\/sulin.ee\/shop\/"},{"@type":"ListItem","position":3,"name":"Kaardim\u00e4ng &#8211; Batasaurus"}]},{"@type":"WebSite","@id":"https:\/\/sulin.ee\/en\/#website","url":"https:\/\/sulin.ee\/en\/","name":"sulin.ee","description":"","publisher":{"@id":"https:\/\/sulin.ee\/en\/#organization"},"potentialAction":[{"@type":"SearchAction","target":{"@type":"EntryPoint","urlTemplate":"https:\/\/sulin.ee\/en\/?s={search_term_string}"},"query-input":{"@type":"PropertyValueSpecification","valueRequired":true,"valueName":"search_term_string"}}],"inLanguage":"en-US"},{"@type":"Organization","@id":"https:\/\/sulin.ee\/en\/#organization","name":"SULIN TRADE O\u00dc","url":"https:\/\/sulin.ee\/en\/","logo":{"@type":"ImageObject","inLanguage":"en-US","@id":"https:\/\/sulin.ee\/en\/#\/schema\/logo\/image\/","url":"https:\/\/sulin.ee\/wp-content\/uploads\/2022\/11\/sulin-logo.png","contentUrl":"https:\/\/sulin.ee\/wp-content\/uploads\/2022\/11\/sulin-logo.png","width":871,"height":321,"caption":"SULIN TRADE O\u00dc"},"image":{"@id":"https:\/\/sulin.ee\/en\/#\/schema\/logo\/image\/"},"sameAs":["https:\/\/www.facebook.com\/www.sulin.ee\/","https:\/\/www.instagram.com\/sulintrade\/"]}]}},"builder_content":"","_links":{"self":[{"href":"https:\/\/sulin.ee\/en\/wp-json\/wp\/v2\/product\/36890","targetHints":{"allow":["GET"]}}],"collection":[{"href":"https:\/\/sulin.ee\/en\/wp-json\/wp\/v2\/product"}],"about":[{"href":"https:\/\/sulin.ee\/en\/wp-json\/wp\/v2\/types\/product"}],"replies":[{"embeddable":true,"href":"https:\/\/sulin.ee\/en\/wp-json\/wp\/v2\/comments?post=36890"}],"wp:featuredmedia":[{"embeddable":true,"href":"https:\/\/sulin.ee\/en\/wp-json\/wp\/v2\/media\/36895"}],"wp:attachment":[{"href":"https:\/\/sulin.ee\/en\/wp-json\/wp\/v2\/media?parent=36890"}],"wp:term":[{"taxonomy":"product_brand","embeddable":true,"href":"https:\/\/sulin.ee\/en\/wp-json\/wp\/v2\/product_brand?post=36890"},{"taxonomy":"product_cat","embeddable":true,"href":"https:\/\/sulin.ee\/en\/wp-json\/wp\/v2\/product_cat?post=36890"},{"taxonomy":"product_tag","embeddable":true,"href":"https:\/\/sulin.ee\/en\/wp-json\/wp\/v2\/product_tag?post=36890"}],"curies":[{"name":"wp","href":"https:\/\/api.w.org\/{rel}","templated":true}]}}