{"id":36851,"date":"2025-02-07T14:39:52","date_gmt":"2025-02-07T14:39:52","guid":{"rendered":"https:\/\/sulin.ee\/?post_type=product&#038;p=36851"},"modified":"2025-09-07T21:34:21","modified_gmt":"2025-09-07T21:34:21","slug":"varvilised-liivad-ja-sadelus-vikerkaare-varvi-kalad-djeco","status":"publish","type":"product","link":"https:\/\/sulin.ee\/en\/toode\/varvilised-liivad-ja-sadelus-vikerkaare-varvi-kalad-djeco\/","title":{"rendered":"V\u00e4rvilised liivad ja s\u00e4delus \u2013 Vikerkaare v\u00e4rvi kalad"},"content":{"rendered":"<p><strong>V\u00e4rvilised liivad ja s\u00e4delus \u2013 Vikerkaare v\u00e4rvi kalad on loominguline komplekt, mis v\u00f5imaldab lastel elavdada nelja kalateemalist pilti v\u00e4rvilise liiva ja s\u00e4delusega. <\/strong><\/p>\n<p>Lapsed asetavad pildi karpi, kasutavad kaasasolevat t\u00f6\u00f6riista eelm\u00e4\u00e4ritud alade paljastamiseks ning puistavad peale v\u00e4rvilist liiva ja s\u00e4delust, j\u00e4rgides v\u00e4rvikoodiga juhiseid. Valmis pildid paljastavad kaunid v\u00e4rvid ja kalad s\u00e4delevad ning s\u00e4ravad! Liivapildid koos lisas\u00e4delusega, mis toovad laste loomingu s\u00e4rama.<\/p>\n<p>Segadusteta tegevus: lapsed t\u00f6\u00f6tavad karbis, et v\u00e4ltida liiva laiali puistamist. <a href=\"https:\/\/www.djeco.com\/\">Djeco<\/a> komplekt on nutikalt disainitud, sisaldades karbis v\u00e4ikest auku, mille kaudu saab \u00fclej\u00e4\u00e4gi liiva koguda ja tagasi laia pottidesse valada.<\/p>\n<p><strong>V\u00e4rvilised liivad ja s\u00e4delus komplektis on<\/strong> neli illustreeritud ja eelm\u00e4\u00e4ritud kaarti (15 x 21 cm), \u00fcheksa purki v\u00e4rvilist liiva, kaks tuubi s\u00e4delust, \u00fcks plastikust t\u00f6\u00f6riist ja \u00fcks v\u00e4rviline samm-sammult juhendivihik.<\/p>\n<p><strong>Sobib lastele vanuses 6 kuni 10 aastat. <\/strong><\/p>\n<p><strong>Hoiatus!<\/strong> Ei ole sobiv alla kolmeaastastele lastele, l\u00e4mbumisoht v\u00e4ikeste osade t\u00f5ttu.<\/p>\n<p>Tutvuge meie laia <a href=\"https:\/\/sulin.ee\/tootekategooria\/mangimine\/kunstivahendid\/meisterdamine\/\">meisterdamisvahendite valikuga<\/a>! Avastage erinevaid komplekte, mis inspireerivad loovust ja pakuvad tundideks l\u00f5busat tegevust. Leidke oma uus lemmikprojekt meie p\u00f5nevate toodete hulgast!<\/p>\n","protected":false},"excerpt":{"rendered":"<p><strong>V\u00e4rvilised liivad ja s\u00e4delus \u2013 Vikerkaare v\u00e4rvi kalad on p\u00f5nev meisterdamiskomplekt, mis v\u00f5imaldab lastel kaunistada nelja kalateemalist pilti v\u00e4rvilise liiva ja s\u00e4delusega. <\/strong><\/p>\n<p><strong>Komplekti kuuluvad:<\/strong> eelm\u00e4\u00e4ritud kaardid, v\u00e4rvilise liiva purgid, s\u00e4deluse tuubid ja t\u00f6\u00f6riistad, samuti samm-sammult juhised. T\u00e4nu nutikale disainile toimub kogu tegevus karbis, hoides t\u00f6\u00f6keskkonna puhta ja korras.<\/p>\n<p><strong>Sobib lastele vanuses 6 kuni 10 aastat.<\/strong><\/p>\n","protected":false},"featured_media":36864,"comment_status":"open","ping_status":"closed","template":"","meta":[],"product_brand":[],"product_cat":[110,1162,1166,102,1017,928],"product_tag":[],"class_list":{"0":"post-36851","1":"product","2":"type-product","3":"status-publish","4":"has-post-thumbnail","6":"product_cat-mangimine","7":"product_cat-kingituseks","8":"product_cat-6-8-aastat","9":"product_cat-kunstivahendid","10":"product_cat-meisterdamine","11":"product_cat-djeco","12":"has-post-title","13":"has-post-date","14":"has-post-category","15":"has-post-tag","16":"has-post-comment","17":"has-post-author","18":"","20":"first","21":"instock","22":"sale","23":"taxable","24":"shipping-taxable","25":"purchasable","26":"product-type-simple"},"yoast_head":"<!-- This site is optimized with the Yoast SEO plugin v26.8 - https:\/\/yoast.com\/product\/yoast-seo-wordpress\/ -->\n<title>V\u00e4rvilised liivad ja s\u00e4delus \u2013 Vikerkaare v\u00e4rvi kalad - sulin.ee<\/title>\n<meta name=\"description\" content=\"V\u00e4rvilised liivad ja s\u00e4delus \u2013 Vikerkaare v\u00e4rvi kalad on p\u00f5nev meisterdamiskomplekt, mis v\u00f5imaldab lastel kaunistada nelja kalateemalist pilti.\" \/>\n<meta name=\"robots\" content=\"index, follow, max-snippet:-1, max-image-preview:large, max-video-preview:-1\" \/>\n<link rel=\"canonical\" href=\"https:\/\/sulin.ee\/en\/toode\/varvilised-liivad-ja-sadelus-vikerkaare-varvi-kalad-djeco\/\" \/>\n<meta property=\"og:locale\" content=\"en_US\" \/>\n<meta property=\"og:type\" content=\"article\" \/>\n<meta property=\"og:title\" content=\"V\u00e4rvilised liivad ja s\u00e4delus \u2013 Vikerkaare v\u00e4rvi kalad - sulin.ee\" \/>\n<meta property=\"og:description\" content=\"V\u00e4rvilised liivad ja s\u00e4delus \u2013 Vikerkaare v\u00e4rvi kalad on p\u00f5nev meisterdamiskomplekt, mis v\u00f5imaldab lastel kaunistada nelja kalateemalist pilti.\" \/>\n<meta property=\"og:url\" content=\"https:\/\/sulin.ee\/en\/toode\/varvilised-liivad-ja-sadelus-vikerkaare-varvi-kalad-djeco\/\" \/>\n<meta property=\"og:site_name\" content=\"sulin.ee\" \/>\n<meta property=\"article:publisher\" content=\"https:\/\/www.facebook.com\/www.sulin.ee\/\" \/>\n<meta property=\"article:modified_time\" content=\"2025-09-07T21:34:21+00:00\" \/>\n<meta property=\"og:image\" content=\"https:\/\/sulin.ee\/wp-content\/uploads\/2025\/02\/5900-DJ08661-varvilised-liivad-ja-sadelus-vikerkaare-varvi-kalad.jpg\" \/>\n\t<meta property=\"og:image:width\" content=\"800\" \/>\n\t<meta property=\"og:image:height\" content=\"800\" \/>\n\t<meta property=\"og:image:type\" content=\"image\/jpeg\" \/>\n<meta name=\"twitter:card\" content=\"summary_large_image\" \/>\n<meta name=\"twitter:label1\" content=\"Est. reading time\" \/>\n\t<meta name=\"twitter:data1\" content=\"2 minutes\" \/>\n<script type=\"application\/ld+json\" class=\"yoast-schema-graph\">{\"@context\":\"https:\/\/schema.org\",\"@graph\":[{\"@type\":\"WebPage\",\"@id\":\"https:\/\/sulin.ee\/en\/toode\/varvilised-liivad-ja-sadelus-vikerkaare-varvi-kalad-djeco\/\",\"url\":\"https:\/\/sulin.ee\/en\/toode\/varvilised-liivad-ja-sadelus-vikerkaare-varvi-kalad-djeco\/\",\"name\":\"V\u00e4rvilised liivad ja s\u00e4delus \u2013 Vikerkaare v\u00e4rvi kalad - sulin.ee\",\"isPartOf\":{\"@id\":\"https:\/\/sulin.ee\/en\/#website\"},\"primaryImageOfPage\":{\"@id\":\"https:\/\/sulin.ee\/en\/toode\/varvilised-liivad-ja-sadelus-vikerkaare-varvi-kalad-djeco\/#primaryimage\"},\"image\":{\"@id\":\"https:\/\/sulin.ee\/en\/toode\/varvilised-liivad-ja-sadelus-vikerkaare-varvi-kalad-djeco\/#primaryimage\"},\"thumbnailUrl\":\"https:\/\/sulin.ee\/wp-content\/uploads\/2025\/02\/5900-DJ08661-varvilised-liivad-ja-sadelus-vikerkaare-varvi-kalad.jpg\",\"datePublished\":\"2025-02-07T14:39:52+00:00\",\"dateModified\":\"2025-09-07T21:34:21+00:00\",\"description\":\"V\u00e4rvilised liivad ja s\u00e4delus \u2013 Vikerkaare v\u00e4rvi kalad on p\u00f5nev meisterdamiskomplekt, mis v\u00f5imaldab lastel kaunistada nelja kalateemalist pilti.\",\"breadcrumb\":{\"@id\":\"https:\/\/sulin.ee\/en\/toode\/varvilised-liivad-ja-sadelus-vikerkaare-varvi-kalad-djeco\/#breadcrumb\"},\"inLanguage\":\"en-US\",\"potentialAction\":[{\"@type\":\"ReadAction\",\"target\":[\"https:\/\/sulin.ee\/en\/toode\/varvilised-liivad-ja-sadelus-vikerkaare-varvi-kalad-djeco\/\"]}]},{\"@type\":\"ImageObject\",\"inLanguage\":\"en-US\",\"@id\":\"https:\/\/sulin.ee\/en\/toode\/varvilised-liivad-ja-sadelus-vikerkaare-varvi-kalad-djeco\/#primaryimage\",\"url\":\"https:\/\/sulin.ee\/wp-content\/uploads\/2025\/02\/5900-DJ08661-varvilised-liivad-ja-sadelus-vikerkaare-varvi-kalad.jpg\",\"contentUrl\":\"https:\/\/sulin.ee\/wp-content\/uploads\/2025\/02\/5900-DJ08661-varvilised-liivad-ja-sadelus-vikerkaare-varvi-kalad.jpg\",\"width\":800,\"height\":800,\"caption\":\"V\u00e4rvilised liivad ja s\u00e4delus\"},{\"@type\":\"BreadcrumbList\",\"@id\":\"https:\/\/sulin.ee\/en\/toode\/varvilised-liivad-ja-sadelus-vikerkaare-varvi-kalad-djeco\/#breadcrumb\",\"itemListElement\":[{\"@type\":\"ListItem\",\"position\":1,\"name\":\"Home\",\"item\":\"https:\/\/sulin.ee\/en\/\"},{\"@type\":\"ListItem\",\"position\":2,\"name\":\"Sulin.ee e-pood\",\"item\":\"https:\/\/sulin.ee\/shop\/\"},{\"@type\":\"ListItem\",\"position\":3,\"name\":\"V\u00e4rvilised liivad ja s\u00e4delus \u2013 Vikerkaare v\u00e4rvi kalad\"}]},{\"@type\":\"WebSite\",\"@id\":\"https:\/\/sulin.ee\/en\/#website\",\"url\":\"https:\/\/sulin.ee\/en\/\",\"name\":\"sulin.ee\",\"description\":\"\",\"publisher\":{\"@id\":\"https:\/\/sulin.ee\/en\/#organization\"},\"potentialAction\":[{\"@type\":\"SearchAction\",\"target\":{\"@type\":\"EntryPoint\",\"urlTemplate\":\"https:\/\/sulin.ee\/en\/?s={search_term_string}\"},\"query-input\":{\"@type\":\"PropertyValueSpecification\",\"valueRequired\":true,\"valueName\":\"search_term_string\"}}],\"inLanguage\":\"en-US\"},{\"@type\":\"Organization\",\"@id\":\"https:\/\/sulin.ee\/en\/#organization\",\"name\":\"SULIN TRADE O\u00dc\",\"url\":\"https:\/\/sulin.ee\/en\/\",\"logo\":{\"@type\":\"ImageObject\",\"inLanguage\":\"en-US\",\"@id\":\"https:\/\/sulin.ee\/en\/#\/schema\/logo\/image\/\",\"url\":\"https:\/\/sulin.ee\/wp-content\/uploads\/2022\/11\/sulin-logo.png\",\"contentUrl\":\"https:\/\/sulin.ee\/wp-content\/uploads\/2022\/11\/sulin-logo.png\",\"width\":871,\"height\":321,\"caption\":\"SULIN TRADE O\u00dc\"},\"image\":{\"@id\":\"https:\/\/sulin.ee\/en\/#\/schema\/logo\/image\/\"},\"sameAs\":[\"https:\/\/www.facebook.com\/www.sulin.ee\/\",\"https:\/\/www.instagram.com\/sulintrade\/\"]}]}<\/script>\n<!-- \/ Yoast SEO plugin. -->","yoast_head_json":{"title":"V\u00e4rvilised liivad ja s\u00e4delus \u2013 Vikerkaare v\u00e4rvi kalad - sulin.ee","description":"V\u00e4rvilised liivad ja s\u00e4delus \u2013 Vikerkaare v\u00e4rvi kalad on p\u00f5nev meisterdamiskomplekt, mis v\u00f5imaldab lastel kaunistada nelja kalateemalist pilti.","robots":{"index":"index","follow":"follow","max-snippet":"max-snippet:-1","max-image-preview":"max-image-preview:large","max-video-preview":"max-video-preview:-1"},"canonical":"https:\/\/sulin.ee\/en\/toode\/varvilised-liivad-ja-sadelus-vikerkaare-varvi-kalad-djeco\/","og_locale":"en_US","og_type":"article","og_title":"V\u00e4rvilised liivad ja s\u00e4delus \u2013 Vikerkaare v\u00e4rvi kalad - sulin.ee","og_description":"V\u00e4rvilised liivad ja s\u00e4delus \u2013 Vikerkaare v\u00e4rvi kalad on p\u00f5nev meisterdamiskomplekt, mis v\u00f5imaldab lastel kaunistada nelja kalateemalist pilti.","og_url":"https:\/\/sulin.ee\/en\/toode\/varvilised-liivad-ja-sadelus-vikerkaare-varvi-kalad-djeco\/","og_site_name":"sulin.ee","article_publisher":"https:\/\/www.facebook.com\/www.sulin.ee\/","article_modified_time":"2025-09-07T21:34:21+00:00","og_image":[{"width":800,"height":800,"url":"https:\/\/sulin.ee\/wp-content\/uploads\/2025\/02\/5900-DJ08661-varvilised-liivad-ja-sadelus-vikerkaare-varvi-kalad.jpg","type":"image\/jpeg"}],"twitter_card":"summary_large_image","twitter_misc":{"Est. reading time":"2 minutes"},"schema":{"@context":"https:\/\/schema.org","@graph":[{"@type":"WebPage","@id":"https:\/\/sulin.ee\/en\/toode\/varvilised-liivad-ja-sadelus-vikerkaare-varvi-kalad-djeco\/","url":"https:\/\/sulin.ee\/en\/toode\/varvilised-liivad-ja-sadelus-vikerkaare-varvi-kalad-djeco\/","name":"V\u00e4rvilised liivad ja s\u00e4delus \u2013 Vikerkaare v\u00e4rvi kalad - sulin.ee","isPartOf":{"@id":"https:\/\/sulin.ee\/en\/#website"},"primaryImageOfPage":{"@id":"https:\/\/sulin.ee\/en\/toode\/varvilised-liivad-ja-sadelus-vikerkaare-varvi-kalad-djeco\/#primaryimage"},"image":{"@id":"https:\/\/sulin.ee\/en\/toode\/varvilised-liivad-ja-sadelus-vikerkaare-varvi-kalad-djeco\/#primaryimage"},"thumbnailUrl":"https:\/\/sulin.ee\/wp-content\/uploads\/2025\/02\/5900-DJ08661-varvilised-liivad-ja-sadelus-vikerkaare-varvi-kalad.jpg","datePublished":"2025-02-07T14:39:52+00:00","dateModified":"2025-09-07T21:34:21+00:00","description":"V\u00e4rvilised liivad ja s\u00e4delus \u2013 Vikerkaare v\u00e4rvi kalad on p\u00f5nev meisterdamiskomplekt, mis v\u00f5imaldab lastel kaunistada nelja kalateemalist pilti.","breadcrumb":{"@id":"https:\/\/sulin.ee\/en\/toode\/varvilised-liivad-ja-sadelus-vikerkaare-varvi-kalad-djeco\/#breadcrumb"},"inLanguage":"en-US","potentialAction":[{"@type":"ReadAction","target":["https:\/\/sulin.ee\/en\/toode\/varvilised-liivad-ja-sadelus-vikerkaare-varvi-kalad-djeco\/"]}]},{"@type":"ImageObject","inLanguage":"en-US","@id":"https:\/\/sulin.ee\/en\/toode\/varvilised-liivad-ja-sadelus-vikerkaare-varvi-kalad-djeco\/#primaryimage","url":"https:\/\/sulin.ee\/wp-content\/uploads\/2025\/02\/5900-DJ08661-varvilised-liivad-ja-sadelus-vikerkaare-varvi-kalad.jpg","contentUrl":"https:\/\/sulin.ee\/wp-content\/uploads\/2025\/02\/5900-DJ08661-varvilised-liivad-ja-sadelus-vikerkaare-varvi-kalad.jpg","width":800,"height":800,"caption":"V\u00e4rvilised liivad ja s\u00e4delus"},{"@type":"BreadcrumbList","@id":"https:\/\/sulin.ee\/en\/toode\/varvilised-liivad-ja-sadelus-vikerkaare-varvi-kalad-djeco\/#breadcrumb","itemListElement":[{"@type":"ListItem","position":1,"name":"Home","item":"https:\/\/sulin.ee\/en\/"},{"@type":"ListItem","position":2,"name":"Sulin.ee e-pood","item":"https:\/\/sulin.ee\/shop\/"},{"@type":"ListItem","position":3,"name":"V\u00e4rvilised liivad ja s\u00e4delus \u2013 Vikerkaare v\u00e4rvi kalad"}]},{"@type":"WebSite","@id":"https:\/\/sulin.ee\/en\/#website","url":"https:\/\/sulin.ee\/en\/","name":"sulin.ee","description":"","publisher":{"@id":"https:\/\/sulin.ee\/en\/#organization"},"potentialAction":[{"@type":"SearchAction","target":{"@type":"EntryPoint","urlTemplate":"https:\/\/sulin.ee\/en\/?s={search_term_string}"},"query-input":{"@type":"PropertyValueSpecification","valueRequired":true,"valueName":"search_term_string"}}],"inLanguage":"en-US"},{"@type":"Organization","@id":"https:\/\/sulin.ee\/en\/#organization","name":"SULIN TRADE O\u00dc","url":"https:\/\/sulin.ee\/en\/","logo":{"@type":"ImageObject","inLanguage":"en-US","@id":"https:\/\/sulin.ee\/en\/#\/schema\/logo\/image\/","url":"https:\/\/sulin.ee\/wp-content\/uploads\/2022\/11\/sulin-logo.png","contentUrl":"https:\/\/sulin.ee\/wp-content\/uploads\/2022\/11\/sulin-logo.png","width":871,"height":321,"caption":"SULIN TRADE O\u00dc"},"image":{"@id":"https:\/\/sulin.ee\/en\/#\/schema\/logo\/image\/"},"sameAs":["https:\/\/www.facebook.com\/www.sulin.ee\/","https:\/\/www.instagram.com\/sulintrade\/"]}]}},"builder_content":"","_links":{"self":[{"href":"https:\/\/sulin.ee\/en\/wp-json\/wp\/v2\/product\/36851","targetHints":{"allow":["GET"]}}],"collection":[{"href":"https:\/\/sulin.ee\/en\/wp-json\/wp\/v2\/product"}],"about":[{"href":"https:\/\/sulin.ee\/en\/wp-json\/wp\/v2\/types\/product"}],"replies":[{"embeddable":true,"href":"https:\/\/sulin.ee\/en\/wp-json\/wp\/v2\/comments?post=36851"}],"wp:featuredmedia":[{"embeddable":true,"href":"https:\/\/sulin.ee\/en\/wp-json\/wp\/v2\/media\/36864"}],"wp:attachment":[{"href":"https:\/\/sulin.ee\/en\/wp-json\/wp\/v2\/media?parent=36851"}],"wp:term":[{"taxonomy":"product_brand","embeddable":true,"href":"https:\/\/sulin.ee\/en\/wp-json\/wp\/v2\/product_brand?post=36851"},{"taxonomy":"product_cat","embeddable":true,"href":"https:\/\/sulin.ee\/en\/wp-json\/wp\/v2\/product_cat?post=36851"},{"taxonomy":"product_tag","embeddable":true,"href":"https:\/\/sulin.ee\/en\/wp-json\/wp\/v2\/product_tag?post=36851"}],"curies":[{"name":"wp","href":"https:\/\/api.w.org\/{rel}","templated":true}]}}