{"id":36824,"date":"2025-02-07T14:37:49","date_gmt":"2025-02-07T14:37:49","guid":{"rendered":"https:\/\/sulin.ee\/?post_type=product&#038;p=36824"},"modified":"2025-09-07T21:34:31","modified_gmt":"2025-09-07T21:34:31","slug":"lauamang-ludo-co-junior-djeco","status":"publish","type":"product","link":"https:\/\/sulin.ee\/en\/toode\/lauamang-ludo-co-junior-djeco\/","title":{"rendered":"Lauam\u00e4ng Ludo &#038; co junior"},"content":{"rendered":"<p><strong>Lauam\u00e4ng Ludo &amp; co junior on kaasahaarav lauam\u00e4ngukomplekt, mis \u00fchendab endas kaks armastatud m\u00e4ngu: traditsioonilise &#8220;Hani&#8221; ja &#8220;Ludo&#8221;. <\/strong><\/p>\n<p>Komplekt sisaldab kahepoolset m\u00e4ngulauda, mis pakub mitmekesist meelelahutust nii kodus kui ka reisil olles. Kaasas on ka 8 v\u00e4rvikat nuppu ja \u00fcks kvaliteetne puidust t\u00e4ring, mis tagavad m\u00e4ngur\u00f5\u00f5mu igas voorus. K\u00f5ik tarvikud on pakitud stiilsesse ja praktilisse kohvrikujulisse kasti, mis teeb m\u00e4ngu kaasaskandmise eriti mugavaks \u2013 ideaalne valik perepuhkuseks v\u00f5i s\u00f5pradega koosveedetud aja sisustamiseks.<\/p>\n<p>Lauam\u00e4ng Ludo &amp; co junior on m\u00f5eldud <strong>2\u20134 m\u00e4ngijale<\/strong> ja \u00fche m\u00e4ngu <strong>kestus on umbes 15 minutit<\/strong>, pakkudes kiiret ja l\u00f5busat ajaviidet. See m\u00e4ngukomplekt mitte ainult ei paku l\u00f5bu, vaid aitab kaasa ka laste peenmotoorika ja strateegilise m\u00f5tlemise arengule.<\/p>\n<p><a href=\"https:\/\/www.djeco.com\/\">Djeco<\/a> m\u00e4ngud teritavad t\u00e4helepanu, panevad m\u00f5tlema m\u00e4rkamatult, arendavad m\u00e4lu ja ergutavad vestlust.<\/p>\n<p>Sobib lastele <strong>alates 3. eluaastast<\/strong>.<\/p>\n<p>Hoiatus! Ei ole sobiv alla kolmeaastastele lastele, l\u00e4mbumisoht v\u00e4ikeste osade t\u00f5ttu.<\/p>\n<p>Tutvu ka meie teiste p\u00f5nevate <a href=\"https:\/\/sulin.ee\/tootekategooria\/mangimine\/lauamangud\/\">lauam\u00e4ngude valikuga<\/a>!\u00a0Avastage erinevaid strateegia-, osavus- ja m\u00e4lum\u00e4nge, mis pakuvad l\u00f5bu igas vanuses m\u00e4ngijatele. Tule ja leia oma uus lemmik!<\/p>\n","protected":false},"excerpt":{"rendered":"<p><strong>Ludo &amp; co junior on kaasaskantav lauam\u00e4ngukomplekt, mis sisaldab kahte m\u00e4ngu: &#8220;Hani&#8221; ja &#8220;Ludo&#8221;. <\/strong><\/p>\n<p><strong>Komplektis on:<\/strong> kahepoolne m\u00e4ngulaud, 8 nuppu ja puidust t\u00e4ring, mis on pakitud stiilsesse kohvrikujulisse kasti. Ideaalne kaaslane puhkusele v\u00f5i kiireks meelelahutuseks kodus.<\/p>\n<p><strong>Sobib lastele alates 3. eluaastast.<\/strong><\/p>\n","protected":false},"featured_media":36829,"comment_status":"open","ping_status":"closed","template":"","meta":[],"product_brand":[],"product_cat":[110,1162,1165,942,928],"product_tag":[],"class_list":{"0":"post-36824","1":"product","2":"type-product","3":"status-publish","4":"has-post-thumbnail","6":"product_cat-mangimine","7":"product_cat-kingituseks","8":"product_cat-3-5-aastat","9":"product_cat-lauamangud","10":"product_cat-djeco","11":"has-post-title","12":"has-post-date","13":"has-post-category","14":"has-post-tag","15":"has-post-comment","16":"has-post-author","17":"","19":"first","20":"instock","21":"sale","22":"taxable","23":"shipping-taxable","24":"purchasable","25":"product-type-simple"},"yoast_head":"<!-- This site is optimized with the Yoast SEO plugin v26.8 - https:\/\/yoast.com\/product\/yoast-seo-wordpress\/ -->\n<title>Lauam\u00e4ng Ludo &amp; co junior - sulin.ee<\/title>\n<meta name=\"description\" content=\"Lauam\u00e4ng Ludo &amp; co junior on kaasaskantav lauam\u00e4ngukomplekt, mis sisaldab kahte m\u00e4ngu: &quot;Hani&quot; ja &quot;Ludo&quot;. Sobib lastele alates 3. eluaastast.\" \/>\n<meta name=\"robots\" content=\"index, follow, max-snippet:-1, max-image-preview:large, max-video-preview:-1\" \/>\n<link rel=\"canonical\" href=\"https:\/\/sulin.ee\/en\/toode\/lauamang-ludo-co-junior-djeco\/\" \/>\n<meta property=\"og:locale\" content=\"en_US\" \/>\n<meta property=\"og:type\" content=\"article\" \/>\n<meta property=\"og:title\" content=\"Lauam\u00e4ng Ludo &amp; co junior - sulin.ee\" \/>\n<meta property=\"og:description\" content=\"Lauam\u00e4ng Ludo &amp; co junior on kaasaskantav lauam\u00e4ngukomplekt, mis sisaldab kahte m\u00e4ngu: &quot;Hani&quot; ja &quot;Ludo&quot;. Sobib lastele alates 3. eluaastast.\" \/>\n<meta property=\"og:url\" content=\"https:\/\/sulin.ee\/en\/toode\/lauamang-ludo-co-junior-djeco\/\" \/>\n<meta property=\"og:site_name\" content=\"sulin.ee\" \/>\n<meta property=\"article:publisher\" content=\"https:\/\/www.facebook.com\/www.sulin.ee\/\" \/>\n<meta property=\"article:modified_time\" content=\"2025-09-07T21:34:31+00:00\" \/>\n<meta property=\"og:image\" content=\"https:\/\/sulin.ee\/wp-content\/uploads\/2025\/02\/5449-DJ05226-games-ludo-co-junior.jpg\" \/>\n\t<meta property=\"og:image:width\" content=\"600\" \/>\n\t<meta property=\"og:image:height\" content=\"600\" \/>\n\t<meta property=\"og:image:type\" content=\"image\/jpeg\" \/>\n<meta name=\"twitter:card\" content=\"summary_large_image\" \/>\n<meta name=\"twitter:label1\" content=\"Est. reading time\" \/>\n\t<meta name=\"twitter:data1\" content=\"2 minutes\" \/>\n<script type=\"application\/ld+json\" class=\"yoast-schema-graph\">{\"@context\":\"https:\/\/schema.org\",\"@graph\":[{\"@type\":\"WebPage\",\"@id\":\"https:\/\/sulin.ee\/en\/toode\/lauamang-ludo-co-junior-djeco\/\",\"url\":\"https:\/\/sulin.ee\/en\/toode\/lauamang-ludo-co-junior-djeco\/\",\"name\":\"Lauam\u00e4ng Ludo & co junior - sulin.ee\",\"isPartOf\":{\"@id\":\"https:\/\/sulin.ee\/en\/#website\"},\"primaryImageOfPage\":{\"@id\":\"https:\/\/sulin.ee\/en\/toode\/lauamang-ludo-co-junior-djeco\/#primaryimage\"},\"image\":{\"@id\":\"https:\/\/sulin.ee\/en\/toode\/lauamang-ludo-co-junior-djeco\/#primaryimage\"},\"thumbnailUrl\":\"https:\/\/sulin.ee\/wp-content\/uploads\/2025\/02\/5449-DJ05226-games-ludo-co-junior.jpg\",\"datePublished\":\"2025-02-07T14:37:49+00:00\",\"dateModified\":\"2025-09-07T21:34:31+00:00\",\"description\":\"Lauam\u00e4ng Ludo & co junior on kaasaskantav lauam\u00e4ngukomplekt, mis sisaldab kahte m\u00e4ngu: \\\"Hani\\\" ja \\\"Ludo\\\". Sobib lastele alates 3. eluaastast.\",\"breadcrumb\":{\"@id\":\"https:\/\/sulin.ee\/en\/toode\/lauamang-ludo-co-junior-djeco\/#breadcrumb\"},\"inLanguage\":\"en-US\",\"potentialAction\":[{\"@type\":\"ReadAction\",\"target\":[\"https:\/\/sulin.ee\/en\/toode\/lauamang-ludo-co-junior-djeco\/\"]}]},{\"@type\":\"ImageObject\",\"inLanguage\":\"en-US\",\"@id\":\"https:\/\/sulin.ee\/en\/toode\/lauamang-ludo-co-junior-djeco\/#primaryimage\",\"url\":\"https:\/\/sulin.ee\/wp-content\/uploads\/2025\/02\/5449-DJ05226-games-ludo-co-junior.jpg\",\"contentUrl\":\"https:\/\/sulin.ee\/wp-content\/uploads\/2025\/02\/5449-DJ05226-games-ludo-co-junior.jpg\",\"width\":600,\"height\":600,\"caption\":\"Lauam\u00e4ng Ludo & co junior\"},{\"@type\":\"BreadcrumbList\",\"@id\":\"https:\/\/sulin.ee\/en\/toode\/lauamang-ludo-co-junior-djeco\/#breadcrumb\",\"itemListElement\":[{\"@type\":\"ListItem\",\"position\":1,\"name\":\"Home\",\"item\":\"https:\/\/sulin.ee\/en\/\"},{\"@type\":\"ListItem\",\"position\":2,\"name\":\"Sulin.ee e-pood\",\"item\":\"https:\/\/sulin.ee\/shop\/\"},{\"@type\":\"ListItem\",\"position\":3,\"name\":\"Lauam\u00e4ng Ludo &#038; co junior\"}]},{\"@type\":\"WebSite\",\"@id\":\"https:\/\/sulin.ee\/en\/#website\",\"url\":\"https:\/\/sulin.ee\/en\/\",\"name\":\"sulin.ee\",\"description\":\"\",\"publisher\":{\"@id\":\"https:\/\/sulin.ee\/en\/#organization\"},\"potentialAction\":[{\"@type\":\"SearchAction\",\"target\":{\"@type\":\"EntryPoint\",\"urlTemplate\":\"https:\/\/sulin.ee\/en\/?s={search_term_string}\"},\"query-input\":{\"@type\":\"PropertyValueSpecification\",\"valueRequired\":true,\"valueName\":\"search_term_string\"}}],\"inLanguage\":\"en-US\"},{\"@type\":\"Organization\",\"@id\":\"https:\/\/sulin.ee\/en\/#organization\",\"name\":\"SULIN TRADE O\u00dc\",\"url\":\"https:\/\/sulin.ee\/en\/\",\"logo\":{\"@type\":\"ImageObject\",\"inLanguage\":\"en-US\",\"@id\":\"https:\/\/sulin.ee\/en\/#\/schema\/logo\/image\/\",\"url\":\"https:\/\/sulin.ee\/wp-content\/uploads\/2022\/11\/sulin-logo.png\",\"contentUrl\":\"https:\/\/sulin.ee\/wp-content\/uploads\/2022\/11\/sulin-logo.png\",\"width\":871,\"height\":321,\"caption\":\"SULIN TRADE O\u00dc\"},\"image\":{\"@id\":\"https:\/\/sulin.ee\/en\/#\/schema\/logo\/image\/\"},\"sameAs\":[\"https:\/\/www.facebook.com\/www.sulin.ee\/\",\"https:\/\/www.instagram.com\/sulintrade\/\"]}]}<\/script>\n<!-- \/ Yoast SEO plugin. -->","yoast_head_json":{"title":"Lauam\u00e4ng Ludo & co junior - sulin.ee","description":"Lauam\u00e4ng Ludo & co junior on kaasaskantav lauam\u00e4ngukomplekt, mis sisaldab kahte m\u00e4ngu: \"Hani\" ja \"Ludo\". Sobib lastele alates 3. eluaastast.","robots":{"index":"index","follow":"follow","max-snippet":"max-snippet:-1","max-image-preview":"max-image-preview:large","max-video-preview":"max-video-preview:-1"},"canonical":"https:\/\/sulin.ee\/en\/toode\/lauamang-ludo-co-junior-djeco\/","og_locale":"en_US","og_type":"article","og_title":"Lauam\u00e4ng Ludo & co junior - sulin.ee","og_description":"Lauam\u00e4ng Ludo & co junior on kaasaskantav lauam\u00e4ngukomplekt, mis sisaldab kahte m\u00e4ngu: \"Hani\" ja \"Ludo\". Sobib lastele alates 3. eluaastast.","og_url":"https:\/\/sulin.ee\/en\/toode\/lauamang-ludo-co-junior-djeco\/","og_site_name":"sulin.ee","article_publisher":"https:\/\/www.facebook.com\/www.sulin.ee\/","article_modified_time":"2025-09-07T21:34:31+00:00","og_image":[{"width":600,"height":600,"url":"https:\/\/sulin.ee\/wp-content\/uploads\/2025\/02\/5449-DJ05226-games-ludo-co-junior.jpg","type":"image\/jpeg"}],"twitter_card":"summary_large_image","twitter_misc":{"Est. reading time":"2 minutes"},"schema":{"@context":"https:\/\/schema.org","@graph":[{"@type":"WebPage","@id":"https:\/\/sulin.ee\/en\/toode\/lauamang-ludo-co-junior-djeco\/","url":"https:\/\/sulin.ee\/en\/toode\/lauamang-ludo-co-junior-djeco\/","name":"Lauam\u00e4ng Ludo & co junior - sulin.ee","isPartOf":{"@id":"https:\/\/sulin.ee\/en\/#website"},"primaryImageOfPage":{"@id":"https:\/\/sulin.ee\/en\/toode\/lauamang-ludo-co-junior-djeco\/#primaryimage"},"image":{"@id":"https:\/\/sulin.ee\/en\/toode\/lauamang-ludo-co-junior-djeco\/#primaryimage"},"thumbnailUrl":"https:\/\/sulin.ee\/wp-content\/uploads\/2025\/02\/5449-DJ05226-games-ludo-co-junior.jpg","datePublished":"2025-02-07T14:37:49+00:00","dateModified":"2025-09-07T21:34:31+00:00","description":"Lauam\u00e4ng Ludo & co junior on kaasaskantav lauam\u00e4ngukomplekt, mis sisaldab kahte m\u00e4ngu: \"Hani\" ja \"Ludo\". Sobib lastele alates 3. eluaastast.","breadcrumb":{"@id":"https:\/\/sulin.ee\/en\/toode\/lauamang-ludo-co-junior-djeco\/#breadcrumb"},"inLanguage":"en-US","potentialAction":[{"@type":"ReadAction","target":["https:\/\/sulin.ee\/en\/toode\/lauamang-ludo-co-junior-djeco\/"]}]},{"@type":"ImageObject","inLanguage":"en-US","@id":"https:\/\/sulin.ee\/en\/toode\/lauamang-ludo-co-junior-djeco\/#primaryimage","url":"https:\/\/sulin.ee\/wp-content\/uploads\/2025\/02\/5449-DJ05226-games-ludo-co-junior.jpg","contentUrl":"https:\/\/sulin.ee\/wp-content\/uploads\/2025\/02\/5449-DJ05226-games-ludo-co-junior.jpg","width":600,"height":600,"caption":"Lauam\u00e4ng Ludo & co junior"},{"@type":"BreadcrumbList","@id":"https:\/\/sulin.ee\/en\/toode\/lauamang-ludo-co-junior-djeco\/#breadcrumb","itemListElement":[{"@type":"ListItem","position":1,"name":"Home","item":"https:\/\/sulin.ee\/en\/"},{"@type":"ListItem","position":2,"name":"Sulin.ee e-pood","item":"https:\/\/sulin.ee\/shop\/"},{"@type":"ListItem","position":3,"name":"Lauam\u00e4ng Ludo &#038; co junior"}]},{"@type":"WebSite","@id":"https:\/\/sulin.ee\/en\/#website","url":"https:\/\/sulin.ee\/en\/","name":"sulin.ee","description":"","publisher":{"@id":"https:\/\/sulin.ee\/en\/#organization"},"potentialAction":[{"@type":"SearchAction","target":{"@type":"EntryPoint","urlTemplate":"https:\/\/sulin.ee\/en\/?s={search_term_string}"},"query-input":{"@type":"PropertyValueSpecification","valueRequired":true,"valueName":"search_term_string"}}],"inLanguage":"en-US"},{"@type":"Organization","@id":"https:\/\/sulin.ee\/en\/#organization","name":"SULIN TRADE O\u00dc","url":"https:\/\/sulin.ee\/en\/","logo":{"@type":"ImageObject","inLanguage":"en-US","@id":"https:\/\/sulin.ee\/en\/#\/schema\/logo\/image\/","url":"https:\/\/sulin.ee\/wp-content\/uploads\/2022\/11\/sulin-logo.png","contentUrl":"https:\/\/sulin.ee\/wp-content\/uploads\/2022\/11\/sulin-logo.png","width":871,"height":321,"caption":"SULIN TRADE O\u00dc"},"image":{"@id":"https:\/\/sulin.ee\/en\/#\/schema\/logo\/image\/"},"sameAs":["https:\/\/www.facebook.com\/www.sulin.ee\/","https:\/\/www.instagram.com\/sulintrade\/"]}]}},"builder_content":"","_links":{"self":[{"href":"https:\/\/sulin.ee\/en\/wp-json\/wp\/v2\/product\/36824","targetHints":{"allow":["GET"]}}],"collection":[{"href":"https:\/\/sulin.ee\/en\/wp-json\/wp\/v2\/product"}],"about":[{"href":"https:\/\/sulin.ee\/en\/wp-json\/wp\/v2\/types\/product"}],"replies":[{"embeddable":true,"href":"https:\/\/sulin.ee\/en\/wp-json\/wp\/v2\/comments?post=36824"}],"wp:featuredmedia":[{"embeddable":true,"href":"https:\/\/sulin.ee\/en\/wp-json\/wp\/v2\/media\/36829"}],"wp:attachment":[{"href":"https:\/\/sulin.ee\/en\/wp-json\/wp\/v2\/media?parent=36824"}],"wp:term":[{"taxonomy":"product_brand","embeddable":true,"href":"https:\/\/sulin.ee\/en\/wp-json\/wp\/v2\/product_brand?post=36824"},{"taxonomy":"product_cat","embeddable":true,"href":"https:\/\/sulin.ee\/en\/wp-json\/wp\/v2\/product_cat?post=36824"},{"taxonomy":"product_tag","embeddable":true,"href":"https:\/\/sulin.ee\/en\/wp-json\/wp\/v2\/product_tag?post=36824"}],"curies":[{"name":"wp","href":"https:\/\/api.w.org\/{rel}","templated":true}]}}