{"id":36817,"date":"2025-02-07T12:14:33","date_gmt":"2025-02-07T12:14:33","guid":{"rendered":"https:\/\/sulin.ee\/?post_type=product&#038;p=36817"},"modified":"2025-09-07T21:34:31","modified_gmt":"2025-09-07T21:34:31","slug":"kaardimang-bogoss-djeco","status":"publish","type":"product","link":"https:\/\/sulin.ee\/en\/toode\/kaardimang-bogoss-djeco\/","title":{"rendered":"Kaardim\u00e4ng \u2013 Bogoss"},"content":{"rendered":"<p><strong>Kaardim\u00e4ng \u2013 Bogoss on p\u00f5nev strateegiam\u00e4ng, mis s\u00e4rab pimedas, kus m\u00e4ngijad peavad oma kaartidest kokku panema luukeresid. M\u00e4ngijad v\u00f5ivad k\u00fcsida kaarte vastastelt \u2013 aga olge ettevaatlikud! Nad v\u00f5ivad anda teile terved v\u00f5i katkised luid! <\/strong><\/p>\n<p>M\u00e4ngu v\u00f5itmiseks peate vahetama kaarte teiste m\u00e4ngijatega, et oma luukere kokku panna. Iga m\u00e4ngija eesm\u00e4rk on komplekteerida kas kaks tervetest luudest luukere v\u00f5i \u00fcks katkistest luudest luukere! M\u00e4ngija v\u00f5ib paluda konkreetset kaarti oma vastaselt, ja kui sellel seda ei ole, v\u00f5ib v\u00f5tta kaardi pakist. Kui vastasel see kaart on, peab ta selle andma m\u00e4ngijale \u2013 kuid see v\u00f5ib olla kas terve v\u00f5i katkine!<\/p>\n<p><strong> Komplekt sisaldab:<\/strong> 44 vastupidavat kaarti.<\/p>\n<p>See m\u00e4ng on m\u00f5eldud <strong>2\u20134 m\u00e4ngijale<\/strong> ja <strong>kestab umbes 15 minutit<\/strong>.<\/p>\n<p>Kaardid on paigutatud kaunilt illustreeritud karpi, millel on liugkaas h\u00f5lpsaks hoiustamiseks. <a href=\"https:\/\/www.djeco.com\/\">Djeco<\/a> m\u00e4ngud teritavad t\u00e4helepanu, panevad m\u00f5tlema m\u00e4rkamatult, arendavad m\u00e4lu ja ergutavad vestlust.<\/p>\n<p><strong>Sobib alates 6. eluaastast.<\/strong><\/p>\n<p>Hoiatus! Ei ole sobiv alla kolmeaastastele lastele, l\u00e4mbumisoht v\u00e4ikeste osade t\u00f5ttu.<\/p>\n<p>Tutvu ka meie teiste p\u00f5nevate <a href=\"https:\/\/sulin.ee\/tootekategooria\/mangimine\/lauamangud\/\">lauam\u00e4ngude valikuga<\/a>!\u00a0Avastage erinevaid strateegia-, osavus- ja m\u00e4lum\u00e4nge, mis pakuvad l\u00f5bu igas vanuses m\u00e4ngijatele. Tule ja leia oma uus lemmik!<\/p>\n","protected":false},"excerpt":{"rendered":"<p><strong>Kaardim\u00e4ng \u2013 Bogoss on p\u00f5nev pimedas helendav strateegiam\u00e4ng, kus m\u00e4ngijad peavad kokku panema luukeresid, k\u00fcsides ja vahetades kaarte vastastega. <\/strong><\/p>\n<p><strong>M\u00e4ng sisaldab:<\/strong> 44 vastupidavat kaarti ja on m\u00f5eldud 2\u20134 m\u00e4ngijale.<\/p>\n<p><strong>Sobib lastele alates 6. eluaastast.<\/strong><\/p>\n","protected":false},"featured_media":36822,"comment_status":"open","ping_status":"closed","template":"","meta":[],"product_brand":[],"product_cat":[110,1162,1166,942,928],"product_tag":[],"class_list":{"0":"post-36817","1":"product","2":"type-product","3":"status-publish","4":"has-post-thumbnail","6":"product_cat-mangimine","7":"product_cat-kingituseks","8":"product_cat-6-8-aastat","9":"product_cat-lauamangud","10":"product_cat-djeco","11":"has-post-title","12":"has-post-date","13":"has-post-category","14":"has-post-tag","15":"has-post-comment","16":"has-post-author","17":"","19":"first","20":"instock","21":"sale","22":"taxable","23":"shipping-taxable","24":"purchasable","25":"product-type-simple"},"yoast_head":"<!-- This site is optimized with the Yoast SEO plugin v26.8 - https:\/\/yoast.com\/product\/yoast-seo-wordpress\/ -->\n<title>Kaardim\u00e4ng \u2013 Bogoss - sulin.ee<\/title>\n<meta name=\"description\" content=\"Kaardim\u00e4ng \u2013 Bogoss on p\u00f5nev pimedas helendav strateegiam\u00e4ng, kus m\u00e4ngijad peavad kokku panema luukeresid, k\u00fcsides ja vahetades kaarte vastastega.\" \/>\n<meta name=\"robots\" content=\"index, follow, max-snippet:-1, max-image-preview:large, max-video-preview:-1\" \/>\n<link rel=\"canonical\" href=\"https:\/\/sulin.ee\/en\/toode\/kaardimang-bogoss-djeco\/\" \/>\n<meta property=\"og:locale\" content=\"en_US\" \/>\n<meta property=\"og:type\" content=\"article\" \/>\n<meta property=\"og:title\" content=\"Kaardim\u00e4ng \u2013 Bogoss - sulin.ee\" \/>\n<meta property=\"og:description\" content=\"Kaardim\u00e4ng \u2013 Bogoss on p\u00f5nev pimedas helendav strateegiam\u00e4ng, kus m\u00e4ngijad peavad kokku panema luukeresid, k\u00fcsides ja vahetades kaarte vastastega.\" \/>\n<meta property=\"og:url\" content=\"https:\/\/sulin.ee\/en\/toode\/kaardimang-bogoss-djeco\/\" \/>\n<meta property=\"og:site_name\" content=\"sulin.ee\" \/>\n<meta property=\"article:publisher\" content=\"https:\/\/www.facebook.com\/www.sulin.ee\/\" \/>\n<meta property=\"article:modified_time\" content=\"2025-09-07T21:34:31+00:00\" \/>\n<meta property=\"og:image\" content=\"https:\/\/sulin.ee\/wp-content\/uploads\/2025\/02\/5441-DJ05160-kaardimang-bogoss.jpg\" \/>\n\t<meta property=\"og:image:width\" content=\"800\" \/>\n\t<meta property=\"og:image:height\" content=\"800\" \/>\n\t<meta property=\"og:image:type\" content=\"image\/jpeg\" \/>\n<meta name=\"twitter:card\" content=\"summary_large_image\" \/>\n<meta name=\"twitter:label1\" content=\"Est. reading time\" \/>\n\t<meta name=\"twitter:data1\" content=\"2 minutes\" \/>\n<script type=\"application\/ld+json\" class=\"yoast-schema-graph\">{\"@context\":\"https:\/\/schema.org\",\"@graph\":[{\"@type\":\"WebPage\",\"@id\":\"https:\/\/sulin.ee\/en\/toode\/kaardimang-bogoss-djeco\/\",\"url\":\"https:\/\/sulin.ee\/en\/toode\/kaardimang-bogoss-djeco\/\",\"name\":\"Kaardim\u00e4ng \u2013 Bogoss - sulin.ee\",\"isPartOf\":{\"@id\":\"https:\/\/sulin.ee\/en\/#website\"},\"primaryImageOfPage\":{\"@id\":\"https:\/\/sulin.ee\/en\/toode\/kaardimang-bogoss-djeco\/#primaryimage\"},\"image\":{\"@id\":\"https:\/\/sulin.ee\/en\/toode\/kaardimang-bogoss-djeco\/#primaryimage\"},\"thumbnailUrl\":\"https:\/\/sulin.ee\/wp-content\/uploads\/2025\/02\/5441-DJ05160-kaardimang-bogoss.jpg\",\"datePublished\":\"2025-02-07T12:14:33+00:00\",\"dateModified\":\"2025-09-07T21:34:31+00:00\",\"description\":\"Kaardim\u00e4ng \u2013 Bogoss on p\u00f5nev pimedas helendav strateegiam\u00e4ng, kus m\u00e4ngijad peavad kokku panema luukeresid, k\u00fcsides ja vahetades kaarte vastastega.\",\"breadcrumb\":{\"@id\":\"https:\/\/sulin.ee\/en\/toode\/kaardimang-bogoss-djeco\/#breadcrumb\"},\"inLanguage\":\"en-US\",\"potentialAction\":[{\"@type\":\"ReadAction\",\"target\":[\"https:\/\/sulin.ee\/en\/toode\/kaardimang-bogoss-djeco\/\"]}]},{\"@type\":\"ImageObject\",\"inLanguage\":\"en-US\",\"@id\":\"https:\/\/sulin.ee\/en\/toode\/kaardimang-bogoss-djeco\/#primaryimage\",\"url\":\"https:\/\/sulin.ee\/wp-content\/uploads\/2025\/02\/5441-DJ05160-kaardimang-bogoss.jpg\",\"contentUrl\":\"https:\/\/sulin.ee\/wp-content\/uploads\/2025\/02\/5441-DJ05160-kaardimang-bogoss.jpg\",\"width\":800,\"height\":800,\"caption\":\"Kaardim\u00e4ng \u2013 Bogoss\"},{\"@type\":\"BreadcrumbList\",\"@id\":\"https:\/\/sulin.ee\/en\/toode\/kaardimang-bogoss-djeco\/#breadcrumb\",\"itemListElement\":[{\"@type\":\"ListItem\",\"position\":1,\"name\":\"Home\",\"item\":\"https:\/\/sulin.ee\/en\/\"},{\"@type\":\"ListItem\",\"position\":2,\"name\":\"Sulin.ee e-pood\",\"item\":\"https:\/\/sulin.ee\/shop\/\"},{\"@type\":\"ListItem\",\"position\":3,\"name\":\"Kaardim\u00e4ng \u2013 Bogoss\"}]},{\"@type\":\"WebSite\",\"@id\":\"https:\/\/sulin.ee\/en\/#website\",\"url\":\"https:\/\/sulin.ee\/en\/\",\"name\":\"sulin.ee\",\"description\":\"\",\"publisher\":{\"@id\":\"https:\/\/sulin.ee\/en\/#organization\"},\"potentialAction\":[{\"@type\":\"SearchAction\",\"target\":{\"@type\":\"EntryPoint\",\"urlTemplate\":\"https:\/\/sulin.ee\/en\/?s={search_term_string}\"},\"query-input\":{\"@type\":\"PropertyValueSpecification\",\"valueRequired\":true,\"valueName\":\"search_term_string\"}}],\"inLanguage\":\"en-US\"},{\"@type\":\"Organization\",\"@id\":\"https:\/\/sulin.ee\/en\/#organization\",\"name\":\"SULIN TRADE O\u00dc\",\"url\":\"https:\/\/sulin.ee\/en\/\",\"logo\":{\"@type\":\"ImageObject\",\"inLanguage\":\"en-US\",\"@id\":\"https:\/\/sulin.ee\/en\/#\/schema\/logo\/image\/\",\"url\":\"https:\/\/sulin.ee\/wp-content\/uploads\/2022\/11\/sulin-logo.png\",\"contentUrl\":\"https:\/\/sulin.ee\/wp-content\/uploads\/2022\/11\/sulin-logo.png\",\"width\":871,\"height\":321,\"caption\":\"SULIN TRADE O\u00dc\"},\"image\":{\"@id\":\"https:\/\/sulin.ee\/en\/#\/schema\/logo\/image\/\"},\"sameAs\":[\"https:\/\/www.facebook.com\/www.sulin.ee\/\",\"https:\/\/www.instagram.com\/sulintrade\/\"]}]}<\/script>\n<!-- \/ Yoast SEO plugin. -->","yoast_head_json":{"title":"Kaardim\u00e4ng \u2013 Bogoss - sulin.ee","description":"Kaardim\u00e4ng \u2013 Bogoss on p\u00f5nev pimedas helendav strateegiam\u00e4ng, kus m\u00e4ngijad peavad kokku panema luukeresid, k\u00fcsides ja vahetades kaarte vastastega.","robots":{"index":"index","follow":"follow","max-snippet":"max-snippet:-1","max-image-preview":"max-image-preview:large","max-video-preview":"max-video-preview:-1"},"canonical":"https:\/\/sulin.ee\/en\/toode\/kaardimang-bogoss-djeco\/","og_locale":"en_US","og_type":"article","og_title":"Kaardim\u00e4ng \u2013 Bogoss - sulin.ee","og_description":"Kaardim\u00e4ng \u2013 Bogoss on p\u00f5nev pimedas helendav strateegiam\u00e4ng, kus m\u00e4ngijad peavad kokku panema luukeresid, k\u00fcsides ja vahetades kaarte vastastega.","og_url":"https:\/\/sulin.ee\/en\/toode\/kaardimang-bogoss-djeco\/","og_site_name":"sulin.ee","article_publisher":"https:\/\/www.facebook.com\/www.sulin.ee\/","article_modified_time":"2025-09-07T21:34:31+00:00","og_image":[{"width":800,"height":800,"url":"https:\/\/sulin.ee\/wp-content\/uploads\/2025\/02\/5441-DJ05160-kaardimang-bogoss.jpg","type":"image\/jpeg"}],"twitter_card":"summary_large_image","twitter_misc":{"Est. reading time":"2 minutes"},"schema":{"@context":"https:\/\/schema.org","@graph":[{"@type":"WebPage","@id":"https:\/\/sulin.ee\/en\/toode\/kaardimang-bogoss-djeco\/","url":"https:\/\/sulin.ee\/en\/toode\/kaardimang-bogoss-djeco\/","name":"Kaardim\u00e4ng \u2013 Bogoss - sulin.ee","isPartOf":{"@id":"https:\/\/sulin.ee\/en\/#website"},"primaryImageOfPage":{"@id":"https:\/\/sulin.ee\/en\/toode\/kaardimang-bogoss-djeco\/#primaryimage"},"image":{"@id":"https:\/\/sulin.ee\/en\/toode\/kaardimang-bogoss-djeco\/#primaryimage"},"thumbnailUrl":"https:\/\/sulin.ee\/wp-content\/uploads\/2025\/02\/5441-DJ05160-kaardimang-bogoss.jpg","datePublished":"2025-02-07T12:14:33+00:00","dateModified":"2025-09-07T21:34:31+00:00","description":"Kaardim\u00e4ng \u2013 Bogoss on p\u00f5nev pimedas helendav strateegiam\u00e4ng, kus m\u00e4ngijad peavad kokku panema luukeresid, k\u00fcsides ja vahetades kaarte vastastega.","breadcrumb":{"@id":"https:\/\/sulin.ee\/en\/toode\/kaardimang-bogoss-djeco\/#breadcrumb"},"inLanguage":"en-US","potentialAction":[{"@type":"ReadAction","target":["https:\/\/sulin.ee\/en\/toode\/kaardimang-bogoss-djeco\/"]}]},{"@type":"ImageObject","inLanguage":"en-US","@id":"https:\/\/sulin.ee\/en\/toode\/kaardimang-bogoss-djeco\/#primaryimage","url":"https:\/\/sulin.ee\/wp-content\/uploads\/2025\/02\/5441-DJ05160-kaardimang-bogoss.jpg","contentUrl":"https:\/\/sulin.ee\/wp-content\/uploads\/2025\/02\/5441-DJ05160-kaardimang-bogoss.jpg","width":800,"height":800,"caption":"Kaardim\u00e4ng \u2013 Bogoss"},{"@type":"BreadcrumbList","@id":"https:\/\/sulin.ee\/en\/toode\/kaardimang-bogoss-djeco\/#breadcrumb","itemListElement":[{"@type":"ListItem","position":1,"name":"Home","item":"https:\/\/sulin.ee\/en\/"},{"@type":"ListItem","position":2,"name":"Sulin.ee e-pood","item":"https:\/\/sulin.ee\/shop\/"},{"@type":"ListItem","position":3,"name":"Kaardim\u00e4ng \u2013 Bogoss"}]},{"@type":"WebSite","@id":"https:\/\/sulin.ee\/en\/#website","url":"https:\/\/sulin.ee\/en\/","name":"sulin.ee","description":"","publisher":{"@id":"https:\/\/sulin.ee\/en\/#organization"},"potentialAction":[{"@type":"SearchAction","target":{"@type":"EntryPoint","urlTemplate":"https:\/\/sulin.ee\/en\/?s={search_term_string}"},"query-input":{"@type":"PropertyValueSpecification","valueRequired":true,"valueName":"search_term_string"}}],"inLanguage":"en-US"},{"@type":"Organization","@id":"https:\/\/sulin.ee\/en\/#organization","name":"SULIN TRADE O\u00dc","url":"https:\/\/sulin.ee\/en\/","logo":{"@type":"ImageObject","inLanguage":"en-US","@id":"https:\/\/sulin.ee\/en\/#\/schema\/logo\/image\/","url":"https:\/\/sulin.ee\/wp-content\/uploads\/2022\/11\/sulin-logo.png","contentUrl":"https:\/\/sulin.ee\/wp-content\/uploads\/2022\/11\/sulin-logo.png","width":871,"height":321,"caption":"SULIN TRADE O\u00dc"},"image":{"@id":"https:\/\/sulin.ee\/en\/#\/schema\/logo\/image\/"},"sameAs":["https:\/\/www.facebook.com\/www.sulin.ee\/","https:\/\/www.instagram.com\/sulintrade\/"]}]}},"builder_content":"","_links":{"self":[{"href":"https:\/\/sulin.ee\/en\/wp-json\/wp\/v2\/product\/36817","targetHints":{"allow":["GET"]}}],"collection":[{"href":"https:\/\/sulin.ee\/en\/wp-json\/wp\/v2\/product"}],"about":[{"href":"https:\/\/sulin.ee\/en\/wp-json\/wp\/v2\/types\/product"}],"replies":[{"embeddable":true,"href":"https:\/\/sulin.ee\/en\/wp-json\/wp\/v2\/comments?post=36817"}],"wp:featuredmedia":[{"embeddable":true,"href":"https:\/\/sulin.ee\/en\/wp-json\/wp\/v2\/media\/36822"}],"wp:attachment":[{"href":"https:\/\/sulin.ee\/en\/wp-json\/wp\/v2\/media?parent=36817"}],"wp:term":[{"taxonomy":"product_brand","embeddable":true,"href":"https:\/\/sulin.ee\/en\/wp-json\/wp\/v2\/product_brand?post=36817"},{"taxonomy":"product_cat","embeddable":true,"href":"https:\/\/sulin.ee\/en\/wp-json\/wp\/v2\/product_cat?post=36817"},{"taxonomy":"product_tag","embeddable":true,"href":"https:\/\/sulin.ee\/en\/wp-json\/wp\/v2\/product_tag?post=36817"}],"curies":[{"name":"wp","href":"https:\/\/api.w.org\/{rel}","templated":true}]}}