{"id":36720,"date":"2025-01-31T09:41:53","date_gmt":"2025-01-31T09:41:53","guid":{"rendered":"https:\/\/sulin.ee\/?post_type=product&#038;p=36720"},"modified":"2026-03-03T20:58:45","modified_gmt":"2026-03-03T20:58:45","slug":"muslinz-puuvillane-vahlimustriga-tekk-90x75-cm","status":"publish","type":"product","link":"https:\/\/sulin.ee\/en\/toode\/muslinz-puuvillane-vahlimustriga-tekk-90x75-cm\/","title":{"rendered":"MuslinZ\u00ae puuvillane vahlimustriga tekk \u2013 90&#215;75 cm"},"content":{"rendered":"<p><strong>MuslinZ\u00ae puuvillane vahlimustriga tekk<\/strong> on ideaalne valik, pakkudes suurep\u00e4rast hingavust, pehmust ja mugavust. See tekk on valmistatud <strong>100% puuvillast<\/strong>, mis tagab \u00f5rnuse beebi naha vastu ja vastupidavuse igap\u00e4evaseks kasutamiseks. Teki <strong>m\u00f5\u00f5tmed on 90 x 75 cm,<\/strong> mis teeb sellest universaalse valiku m\u00e4hkimiseks, kasutamiseks Moosese korvis, lapsevankris v\u00f5i autos\u00f5idul.<\/p>\n<p>Tekk on masinpestav 30\u00b0C juures ja madalal kuumusel trummelkuivatatav, s\u00e4ilitades oma pehmuse ja kuju ka p\u00e4rast korduvaid pesemisi. <a href=\"https:\/\/www.muslinz.com\/\">MuslinZ\u00ae<\/a> puuvillane tekk on mitte ainult praktiline, vaid ka stiilne, muutes selle suurep\u00e4raseks kingituseks igale vasts\u00fcndinule.<\/p>\n<p><strong>Kvaliteet ja ohutus:<\/strong> K\u00f5ik MuslinZ<strong>\u00ae<\/strong> tooted on kujundatud Suurbritannias ja valmistatud ISO ning \u00d6ko-Tex sertifikaatidega tehastes Pakistanis, tagades k\u00f5rgeimad ohutusstandardid.<\/p>\n<p>Kui MuslinZ\u00ae puuvillane vahlimustriga tekk tundub teile huvitav, v\u00f5ite soovida uurida ka meie teisi <a href=\"https:\/\/sulin.ee\/tootekategooria\/brandid\/muslinz\/\">MuslinZ\u00ae tooteid<\/a>. Avastage meie laia valikut <a href=\"https:\/\/sulin.ee\/tootekategooria\/beebile\/\">beebitarbeid<\/a>, sealhulgas muid tekke, m\u00e4hkmeid ja r\u00e4tikuid<\/p>\n","protected":false},"excerpt":{"rendered":"<div class=\"flex max-w-full flex-col flex-grow\">\n<div class=\"min-h-8 text-message flex w-full flex-col items-end gap-2 whitespace-normal break-words text-start [.text-message+&amp;]:mt-5\" dir=\"auto\" data-message-author-role=\"assistant\" data-message-id=\"8c7a6fd0-e31d-4aa7-aaa5-fd9ed49f7c26\" data-message-model-slug=\"gpt-4\">\n<div class=\"flex w-full flex-col gap-1 empty:hidden first:pt-[3px]\">\n<div class=\"markdown prose w-full break-words dark:prose-invert light\">\n<p><strong>MuslinZ\u00ae puuvillane vahlimustriga tekk on suurep\u00e4rane valik, mis tagab hingavuse, pehmuse ja mugavuse. Valmistatud 100% puuvillast, on tekk \u00f5rn beebi naha vastu ja vastupidav igap\u00e4evaseks kasutamiseks. Sobib see ideaalselt m\u00e4hkimiseks ja kasutamiseks nii Moosese korvis, lapsevankris kui autos.<\/strong><\/p>\n<p><strong>M\u00f5\u00f5tmed:<\/strong> 90 x 75 cm<\/p>\n<\/div>\n<\/div>\n<\/div>\n<\/div>\n","protected":false},"featured_media":36721,"comment_status":"open","ping_status":"closed","template":"","meta":[],"product_brand":[],"product_cat":[179,777,144,806,657],"product_tag":[],"class_list":{"0":"post-36720","1":"product","2":"type-product","3":"status-publish","4":"has-post-thumbnail","6":"product_cat-beebile","7":"product_cat-beebi-uni-ja-magamine","8":"product_cat-musliintekid","9":"product_cat-beebitekid","10":"product_cat-muslinz","11":"has-post-title","12":"has-post-date","13":"has-post-category","14":"has-post-tag","15":"has-post-comment","16":"has-post-author","17":"","19":"first","20":"instock","21":"sale","22":"taxable","23":"shipping-taxable","24":"purchasable","25":"product-type-variable"},"yoast_head":"<!-- This site is optimized with the Yoast SEO plugin v26.8 - https:\/\/yoast.com\/product\/yoast-seo-wordpress\/ -->\n<title>MuslinZ\u00ae puuvillane vahlimustriga tekk \u2013 90x75 cm - sulin.ee<\/title>\n<meta name=\"description\" content=\"MuslinZ\u00ae puuvillane vahlimustriga tekk on suurep\u00e4rane valik, mis tagab hingavuse, pehmuse ja mugavuse. Valmistatud 100% puuvillast.\" \/>\n<meta name=\"robots\" content=\"index, follow, max-snippet:-1, max-image-preview:large, max-video-preview:-1\" \/>\n<link rel=\"canonical\" href=\"https:\/\/sulin.ee\/en\/toode\/muslinz-puuvillane-vahlimustriga-tekk-90x75-cm\/\" \/>\n<meta property=\"og:locale\" content=\"en_US\" \/>\n<meta property=\"og:type\" content=\"article\" \/>\n<meta property=\"og:title\" content=\"MuslinZ\u00ae puuvillane vahlimustriga tekk \u2013 90x75 cm - sulin.ee\" \/>\n<meta property=\"og:description\" content=\"MuslinZ\u00ae puuvillane vahlimustriga tekk on suurep\u00e4rane valik, mis tagab hingavuse, pehmuse ja mugavuse. Valmistatud 100% puuvillast.\" \/>\n<meta property=\"og:url\" content=\"https:\/\/sulin.ee\/en\/toode\/muslinz-puuvillane-vahlimustriga-tekk-90x75-cm\/\" \/>\n<meta property=\"og:site_name\" content=\"sulin.ee\" \/>\n<meta property=\"article:publisher\" content=\"https:\/\/www.facebook.com\/www.sulin.ee\/\" \/>\n<meta property=\"article:modified_time\" content=\"2026-03-03T20:58:45+00:00\" \/>\n<meta property=\"og:image\" content=\"https:\/\/sulin.ee\/wp-content\/uploads\/2025\/01\/DSC08998-scaled-1.jpg\" \/>\n\t<meta property=\"og:image:width\" content=\"2553\" \/>\n\t<meta property=\"og:image:height\" content=\"2560\" \/>\n\t<meta property=\"og:image:type\" content=\"image\/jpeg\" \/>\n<meta name=\"twitter:card\" content=\"summary_large_image\" \/>\n<meta name=\"twitter:label1\" content=\"Est. reading time\" \/>\n\t<meta name=\"twitter:data1\" content=\"1 minute\" \/>\n<script type=\"application\/ld+json\" class=\"yoast-schema-graph\">{\"@context\":\"https:\/\/schema.org\",\"@graph\":[{\"@type\":\"WebPage\",\"@id\":\"https:\/\/sulin.ee\/en\/toode\/muslinz-puuvillane-vahlimustriga-tekk-90x75-cm\/\",\"url\":\"https:\/\/sulin.ee\/en\/toode\/muslinz-puuvillane-vahlimustriga-tekk-90x75-cm\/\",\"name\":\"MuslinZ\u00ae puuvillane vahlimustriga tekk \u2013 90x75 cm - sulin.ee\",\"isPartOf\":{\"@id\":\"https:\/\/sulin.ee\/en\/#website\"},\"primaryImageOfPage\":{\"@id\":\"https:\/\/sulin.ee\/en\/toode\/muslinz-puuvillane-vahlimustriga-tekk-90x75-cm\/#primaryimage\"},\"image\":{\"@id\":\"https:\/\/sulin.ee\/en\/toode\/muslinz-puuvillane-vahlimustriga-tekk-90x75-cm\/#primaryimage\"},\"thumbnailUrl\":\"https:\/\/sulin.ee\/wp-content\/uploads\/2025\/01\/DSC08998-scaled-1.jpg\",\"datePublished\":\"2025-01-31T09:41:53+00:00\",\"dateModified\":\"2026-03-03T20:58:45+00:00\",\"description\":\"MuslinZ\u00ae puuvillane vahlimustriga tekk on suurep\u00e4rane valik, mis tagab hingavuse, pehmuse ja mugavuse. Valmistatud 100% puuvillast.\",\"breadcrumb\":{\"@id\":\"https:\/\/sulin.ee\/en\/toode\/muslinz-puuvillane-vahlimustriga-tekk-90x75-cm\/#breadcrumb\"},\"inLanguage\":\"en-US\",\"potentialAction\":[{\"@type\":\"ReadAction\",\"target\":[\"https:\/\/sulin.ee\/en\/toode\/muslinz-puuvillane-vahlimustriga-tekk-90x75-cm\/\"]}]},{\"@type\":\"ImageObject\",\"inLanguage\":\"en-US\",\"@id\":\"https:\/\/sulin.ee\/en\/toode\/muslinz-puuvillane-vahlimustriga-tekk-90x75-cm\/#primaryimage\",\"url\":\"https:\/\/sulin.ee\/wp-content\/uploads\/2025\/01\/DSC08998-scaled-1.jpg\",\"contentUrl\":\"https:\/\/sulin.ee\/wp-content\/uploads\/2025\/01\/DSC08998-scaled-1.jpg\",\"width\":2553,\"height\":2560,\"caption\":\"MuslinZ\u00ae puuvillane vahlimustriga tekk\"},{\"@type\":\"BreadcrumbList\",\"@id\":\"https:\/\/sulin.ee\/en\/toode\/muslinz-puuvillane-vahlimustriga-tekk-90x75-cm\/#breadcrumb\",\"itemListElement\":[{\"@type\":\"ListItem\",\"position\":1,\"name\":\"Home\",\"item\":\"https:\/\/sulin.ee\/en\/\"},{\"@type\":\"ListItem\",\"position\":2,\"name\":\"Sulin.ee e-pood\",\"item\":\"https:\/\/sulin.ee\/shop\/\"},{\"@type\":\"ListItem\",\"position\":3,\"name\":\"MuslinZ\u00ae puuvillane vahlimustriga tekk \u2013 90&#215;75 cm\"}]},{\"@type\":\"WebSite\",\"@id\":\"https:\/\/sulin.ee\/en\/#website\",\"url\":\"https:\/\/sulin.ee\/en\/\",\"name\":\"sulin.ee\",\"description\":\"\",\"publisher\":{\"@id\":\"https:\/\/sulin.ee\/en\/#organization\"},\"potentialAction\":[{\"@type\":\"SearchAction\",\"target\":{\"@type\":\"EntryPoint\",\"urlTemplate\":\"https:\/\/sulin.ee\/en\/?s={search_term_string}\"},\"query-input\":{\"@type\":\"PropertyValueSpecification\",\"valueRequired\":true,\"valueName\":\"search_term_string\"}}],\"inLanguage\":\"en-US\"},{\"@type\":\"Organization\",\"@id\":\"https:\/\/sulin.ee\/en\/#organization\",\"name\":\"SULIN TRADE O\u00dc\",\"url\":\"https:\/\/sulin.ee\/en\/\",\"logo\":{\"@type\":\"ImageObject\",\"inLanguage\":\"en-US\",\"@id\":\"https:\/\/sulin.ee\/en\/#\/schema\/logo\/image\/\",\"url\":\"https:\/\/sulin.ee\/wp-content\/uploads\/2022\/11\/sulin-logo.png\",\"contentUrl\":\"https:\/\/sulin.ee\/wp-content\/uploads\/2022\/11\/sulin-logo.png\",\"width\":871,\"height\":321,\"caption\":\"SULIN TRADE O\u00dc\"},\"image\":{\"@id\":\"https:\/\/sulin.ee\/en\/#\/schema\/logo\/image\/\"},\"sameAs\":[\"https:\/\/www.facebook.com\/www.sulin.ee\/\",\"https:\/\/www.instagram.com\/sulintrade\/\"]}]}<\/script>\n<!-- \/ Yoast SEO plugin. -->","yoast_head_json":{"title":"MuslinZ\u00ae puuvillane vahlimustriga tekk \u2013 90x75 cm - sulin.ee","description":"MuslinZ\u00ae puuvillane vahlimustriga tekk on suurep\u00e4rane valik, mis tagab hingavuse, pehmuse ja mugavuse. Valmistatud 100% puuvillast.","robots":{"index":"index","follow":"follow","max-snippet":"max-snippet:-1","max-image-preview":"max-image-preview:large","max-video-preview":"max-video-preview:-1"},"canonical":"https:\/\/sulin.ee\/en\/toode\/muslinz-puuvillane-vahlimustriga-tekk-90x75-cm\/","og_locale":"en_US","og_type":"article","og_title":"MuslinZ\u00ae puuvillane vahlimustriga tekk \u2013 90x75 cm - sulin.ee","og_description":"MuslinZ\u00ae puuvillane vahlimustriga tekk on suurep\u00e4rane valik, mis tagab hingavuse, pehmuse ja mugavuse. Valmistatud 100% puuvillast.","og_url":"https:\/\/sulin.ee\/en\/toode\/muslinz-puuvillane-vahlimustriga-tekk-90x75-cm\/","og_site_name":"sulin.ee","article_publisher":"https:\/\/www.facebook.com\/www.sulin.ee\/","article_modified_time":"2026-03-03T20:58:45+00:00","og_image":[{"width":2553,"height":2560,"url":"https:\/\/sulin.ee\/wp-content\/uploads\/2025\/01\/DSC08998-scaled-1.jpg","type":"image\/jpeg"}],"twitter_card":"summary_large_image","twitter_misc":{"Est. reading time":"1 minute"},"schema":{"@context":"https:\/\/schema.org","@graph":[{"@type":"WebPage","@id":"https:\/\/sulin.ee\/en\/toode\/muslinz-puuvillane-vahlimustriga-tekk-90x75-cm\/","url":"https:\/\/sulin.ee\/en\/toode\/muslinz-puuvillane-vahlimustriga-tekk-90x75-cm\/","name":"MuslinZ\u00ae puuvillane vahlimustriga tekk \u2013 90x75 cm - sulin.ee","isPartOf":{"@id":"https:\/\/sulin.ee\/en\/#website"},"primaryImageOfPage":{"@id":"https:\/\/sulin.ee\/en\/toode\/muslinz-puuvillane-vahlimustriga-tekk-90x75-cm\/#primaryimage"},"image":{"@id":"https:\/\/sulin.ee\/en\/toode\/muslinz-puuvillane-vahlimustriga-tekk-90x75-cm\/#primaryimage"},"thumbnailUrl":"https:\/\/sulin.ee\/wp-content\/uploads\/2025\/01\/DSC08998-scaled-1.jpg","datePublished":"2025-01-31T09:41:53+00:00","dateModified":"2026-03-03T20:58:45+00:00","description":"MuslinZ\u00ae puuvillane vahlimustriga tekk on suurep\u00e4rane valik, mis tagab hingavuse, pehmuse ja mugavuse. Valmistatud 100% puuvillast.","breadcrumb":{"@id":"https:\/\/sulin.ee\/en\/toode\/muslinz-puuvillane-vahlimustriga-tekk-90x75-cm\/#breadcrumb"},"inLanguage":"en-US","potentialAction":[{"@type":"ReadAction","target":["https:\/\/sulin.ee\/en\/toode\/muslinz-puuvillane-vahlimustriga-tekk-90x75-cm\/"]}]},{"@type":"ImageObject","inLanguage":"en-US","@id":"https:\/\/sulin.ee\/en\/toode\/muslinz-puuvillane-vahlimustriga-tekk-90x75-cm\/#primaryimage","url":"https:\/\/sulin.ee\/wp-content\/uploads\/2025\/01\/DSC08998-scaled-1.jpg","contentUrl":"https:\/\/sulin.ee\/wp-content\/uploads\/2025\/01\/DSC08998-scaled-1.jpg","width":2553,"height":2560,"caption":"MuslinZ\u00ae puuvillane vahlimustriga tekk"},{"@type":"BreadcrumbList","@id":"https:\/\/sulin.ee\/en\/toode\/muslinz-puuvillane-vahlimustriga-tekk-90x75-cm\/#breadcrumb","itemListElement":[{"@type":"ListItem","position":1,"name":"Home","item":"https:\/\/sulin.ee\/en\/"},{"@type":"ListItem","position":2,"name":"Sulin.ee e-pood","item":"https:\/\/sulin.ee\/shop\/"},{"@type":"ListItem","position":3,"name":"MuslinZ\u00ae puuvillane vahlimustriga tekk \u2013 90&#215;75 cm"}]},{"@type":"WebSite","@id":"https:\/\/sulin.ee\/en\/#website","url":"https:\/\/sulin.ee\/en\/","name":"sulin.ee","description":"","publisher":{"@id":"https:\/\/sulin.ee\/en\/#organization"},"potentialAction":[{"@type":"SearchAction","target":{"@type":"EntryPoint","urlTemplate":"https:\/\/sulin.ee\/en\/?s={search_term_string}"},"query-input":{"@type":"PropertyValueSpecification","valueRequired":true,"valueName":"search_term_string"}}],"inLanguage":"en-US"},{"@type":"Organization","@id":"https:\/\/sulin.ee\/en\/#organization","name":"SULIN TRADE O\u00dc","url":"https:\/\/sulin.ee\/en\/","logo":{"@type":"ImageObject","inLanguage":"en-US","@id":"https:\/\/sulin.ee\/en\/#\/schema\/logo\/image\/","url":"https:\/\/sulin.ee\/wp-content\/uploads\/2022\/11\/sulin-logo.png","contentUrl":"https:\/\/sulin.ee\/wp-content\/uploads\/2022\/11\/sulin-logo.png","width":871,"height":321,"caption":"SULIN TRADE O\u00dc"},"image":{"@id":"https:\/\/sulin.ee\/en\/#\/schema\/logo\/image\/"},"sameAs":["https:\/\/www.facebook.com\/www.sulin.ee\/","https:\/\/www.instagram.com\/sulintrade\/"]}]}},"builder_content":"","_links":{"self":[{"href":"https:\/\/sulin.ee\/en\/wp-json\/wp\/v2\/product\/36720","targetHints":{"allow":["GET"]}}],"collection":[{"href":"https:\/\/sulin.ee\/en\/wp-json\/wp\/v2\/product"}],"about":[{"href":"https:\/\/sulin.ee\/en\/wp-json\/wp\/v2\/types\/product"}],"replies":[{"embeddable":true,"href":"https:\/\/sulin.ee\/en\/wp-json\/wp\/v2\/comments?post=36720"}],"wp:featuredmedia":[{"embeddable":true,"href":"https:\/\/sulin.ee\/en\/wp-json\/wp\/v2\/media\/36721"}],"wp:attachment":[{"href":"https:\/\/sulin.ee\/en\/wp-json\/wp\/v2\/media?parent=36720"}],"wp:term":[{"taxonomy":"product_brand","embeddable":true,"href":"https:\/\/sulin.ee\/en\/wp-json\/wp\/v2\/product_brand?post=36720"},{"taxonomy":"product_cat","embeddable":true,"href":"https:\/\/sulin.ee\/en\/wp-json\/wp\/v2\/product_cat?post=36720"},{"taxonomy":"product_tag","embeddable":true,"href":"https:\/\/sulin.ee\/en\/wp-json\/wp\/v2\/product_tag?post=36720"}],"curies":[{"name":"wp","href":"https:\/\/api.w.org\/{rel}","templated":true}]}}