{"id":36704,"date":"2025-01-31T07:42:17","date_gmt":"2025-01-31T07:42:17","guid":{"rendered":"https:\/\/sulin.ee\/?post_type=product&#038;p=36704"},"modified":"2025-09-07T21:34:40","modified_gmt":"2025-09-07T21:34:40","slug":"jollein-mahkimistekk-jeans-blue","status":"publish","type":"product","link":"https:\/\/sulin.ee\/en\/toode\/jollein-mahkimistekk-jeans-blue\/","title":{"rendered":"Jollein m\u00e4hkimistekk &#8211; Jeans Blue"},"content":{"rendered":"<p><strong>Jollein m\u00e4hkimistekk<\/strong> on suurep\u00e4rane toode, mis peaks olema iga beebi garderoobis. See armas polsterdatud tekk on v\u00e4ga mugav, et hoida teie pisike soojas nii kodus kui ka v\u00e4ljas\u00f5itudel. Tekil on k\u00e4ep\u00e4rased takjakinnitused, mille abil saate h\u00f5lpsasti l\u00e4bi t\u00f5mmata turvatooli rihmad. P\u00e4rast lapse teki sisse m\u00e4hkimist saate selle takjakinnitustega sulgeda, et laps p\u00fcsiks turvaliselt paigal. See annab teie beebile turvatunde ja hoiab teda m\u00f5nusalt soojas.<\/p>\n<p><strong>Tekk sobib kasutamiseks koheselt peale beebi s\u00fcndi ning t\u00e4nu seljal olevatele lisaavadele saab seda kasutada ka turvah\u00e4llis.<\/strong><\/p>\n<p>Universaalne m\u00e4hkimistekk sobib beebidele vanuses 0-9 kuud, kasutamiseks Maxi-Cosi ja teiste kaubam\u00e4rkide turvah\u00e4llides, millel on kolme v\u00f5i viie punkti turvav\u00f6\u00f6.<\/p>\n<p>Kui \u00f5ues on jahedam, pakub lahendust kapuuts armsate k\u00f5rvakestega. M\u00e4hkimistekk on kergelt vooderdatud, muutes selle eriti soojaks ja hubaseks. Teki v\u00e4lisk\u00fclg on valmistatud <strong>50% viskoosist ja 50% puuvillast, sisemus 100% puuvillast<\/strong> ning t\u00e4idis on kiudt\u00e4itega pol\u00fcester.<\/p>\n<p><strong>M\u00f5\u00f5tmed:<\/strong> 105 x 100 cm.<\/p>\n<p><strong>Materjal: <\/strong>v\u00e4limine pind Jersey (50%viskoos ja 50% puuvill), sisemine pind 100% puuvill. Vooderdus pol\u00fcester.<\/p>\n<p><a href=\"https:\/\/jollein.com\/\">Jollein<\/a> M\u00e4hkimistekki v\u00f5ib pesta masinas maksimaalselt 40 kraadi juures, kuivatisse panna ei tohi, kuid seda v\u00f5ib triikida. \u00dcksikasjalike pesujuhiste jaoks vaadake kaasasolevat hooldusetiketti.<\/p>\n<p>Jollein m\u00e4hkimistekk on ideaalne valik, et hoida teie laps soojas ja turvaliselt, olenemata ilmast.<\/p>\n<p>Vaadake kindlasti ka meie valikus olevaid <a href=\"https:\/\/sulin.ee\/tootekategooria\/beebile\/magamine-beebi\/magamiskotid\/\">magamiskotte<\/a>, et pakkuda lapsele t\u00e4iuslikku soojust ja turvalisust.<\/p>\n","protected":false},"excerpt":{"rendered":"<p><strong>Jolleini m\u00e4hkimistekk on ideaalne valik, et hoida teie pisike soojas ja turvaliselt nii kodus kui ka v\u00e4ljas\u00f5itudel. Praktilised takjakinnitused v\u00f5imaldavad h\u00f5lpsat kinnitust, samas kui armsate k\u00f5rvakestega kapuuts lisab ekstra kaitset jahedate ilmade eest.<\/strong><\/p>\n<p><strong>Tekk sobib kasutamiseks koheselt peale beebi s\u00fcndi ning t\u00e4nu seljal olevatele lisaavadele saab seda kasutada ka turvah\u00e4llis.<\/strong><\/p>\n<p>Universaalne m\u00e4hkimistekk sobib beebidele vanuses 0-9 kuud, kasutamiseks Maxi-Cosi ja teiste kaubam\u00e4rkide turvah\u00e4llides, millel on kolme v\u00f5i viie punkti turvav\u00f6\u00f6.<\/p>\n","protected":false},"featured_media":36716,"comment_status":"open","ping_status":"closed","template":"","meta":[],"product_brand":[],"product_cat":[179,777,809,776],"product_tag":[],"class_list":{"0":"post-36704","1":"product","2":"type-product","3":"status-publish","4":"has-post-thumbnail","6":"product_cat-beebile","7":"product_cat-beebi-uni-ja-magamine","8":"product_cat-magamiskotid","9":"product_cat-jollein-2","10":"has-post-title","11":"has-post-date","12":"has-post-category","13":"has-post-tag","14":"has-post-comment","15":"has-post-author","16":"","18":"first","19":"instock","20":"sale","21":"taxable","22":"shipping-taxable","23":"purchasable","24":"product-type-simple"},"yoast_head":"<!-- This site is optimized with the Yoast SEO plugin v26.8 - https:\/\/yoast.com\/product\/yoast-seo-wordpress\/ -->\n<title>Jollein m\u00e4hkimistekk - Jeans Blue - sulin.ee<\/title>\n<meta name=\"description\" content=\"Jollein m\u00e4hkimistekk on ideaalne valik, et hoida teie pisike soojas ja turvaliselt nii kodus kui ka v\u00e4ljas\u00f5itudel. Praktilised takjakinnitus\" \/>\n<meta name=\"robots\" content=\"index, follow, max-snippet:-1, max-image-preview:large, max-video-preview:-1\" \/>\n<link rel=\"canonical\" href=\"https:\/\/sulin.ee\/en\/toode\/jollein-mahkimistekk-jeans-blue\/\" \/>\n<meta property=\"og:locale\" content=\"en_US\" \/>\n<meta property=\"og:type\" content=\"article\" \/>\n<meta property=\"og:title\" content=\"Jollein m\u00e4hkimistekk - Jeans Blue - sulin.ee\" \/>\n<meta property=\"og:description\" content=\"Jollein m\u00e4hkimistekk on ideaalne valik, et hoida teie pisike soojas ja turvaliselt nii kodus kui ka v\u00e4ljas\u00f5itudel. Praktilised takjakinnitus\" \/>\n<meta property=\"og:url\" content=\"https:\/\/sulin.ee\/en\/toode\/jollein-mahkimistekk-jeans-blue\/\" \/>\n<meta property=\"og:site_name\" content=\"sulin.ee\" \/>\n<meta property=\"article:publisher\" content=\"https:\/\/www.facebook.com\/www.sulin.ee\/\" \/>\n<meta property=\"article:modified_time\" content=\"2025-09-07T21:34:40+00:00\" \/>\n<meta property=\"og:image\" content=\"https:\/\/sulin.ee\/wp-content\/uploads\/2025\/01\/Piltide-korrektuurid-kodulehel-2025-01-31T093903.747.png\" \/>\n\t<meta property=\"og:image:width\" content=\"1080\" \/>\n\t<meta property=\"og:image:height\" content=\"1080\" \/>\n\t<meta property=\"og:image:type\" content=\"image\/png\" \/>\n<meta name=\"twitter:card\" content=\"summary_large_image\" \/>\n<meta name=\"twitter:label1\" content=\"Est. reading time\" \/>\n\t<meta name=\"twitter:data1\" content=\"2 minutes\" \/>\n<script type=\"application\/ld+json\" class=\"yoast-schema-graph\">{\"@context\":\"https:\/\/schema.org\",\"@graph\":[{\"@type\":\"WebPage\",\"@id\":\"https:\/\/sulin.ee\/en\/toode\/jollein-mahkimistekk-jeans-blue\/\",\"url\":\"https:\/\/sulin.ee\/en\/toode\/jollein-mahkimistekk-jeans-blue\/\",\"name\":\"Jollein m\u00e4hkimistekk - Jeans Blue - sulin.ee\",\"isPartOf\":{\"@id\":\"https:\/\/sulin.ee\/en\/#website\"},\"primaryImageOfPage\":{\"@id\":\"https:\/\/sulin.ee\/en\/toode\/jollein-mahkimistekk-jeans-blue\/#primaryimage\"},\"image\":{\"@id\":\"https:\/\/sulin.ee\/en\/toode\/jollein-mahkimistekk-jeans-blue\/#primaryimage\"},\"thumbnailUrl\":\"https:\/\/sulin.ee\/wp-content\/uploads\/2025\/01\/Piltide-korrektuurid-kodulehel-2025-01-31T093903.747.png\",\"datePublished\":\"2025-01-31T07:42:17+00:00\",\"dateModified\":\"2025-09-07T21:34:40+00:00\",\"description\":\"Jollein m\u00e4hkimistekk on ideaalne valik, et hoida teie pisike soojas ja turvaliselt nii kodus kui ka v\u00e4ljas\u00f5itudel. Praktilised takjakinnitus\",\"breadcrumb\":{\"@id\":\"https:\/\/sulin.ee\/en\/toode\/jollein-mahkimistekk-jeans-blue\/#breadcrumb\"},\"inLanguage\":\"en-US\",\"potentialAction\":[{\"@type\":\"ReadAction\",\"target\":[\"https:\/\/sulin.ee\/en\/toode\/jollein-mahkimistekk-jeans-blue\/\"]}]},{\"@type\":\"ImageObject\",\"inLanguage\":\"en-US\",\"@id\":\"https:\/\/sulin.ee\/en\/toode\/jollein-mahkimistekk-jeans-blue\/#primaryimage\",\"url\":\"https:\/\/sulin.ee\/wp-content\/uploads\/2025\/01\/Piltide-korrektuurid-kodulehel-2025-01-31T093903.747.png\",\"contentUrl\":\"https:\/\/sulin.ee\/wp-content\/uploads\/2025\/01\/Piltide-korrektuurid-kodulehel-2025-01-31T093903.747.png\",\"width\":1080,\"height\":1080,\"caption\":\"Jollein m\u00e4hkimistekk\"},{\"@type\":\"BreadcrumbList\",\"@id\":\"https:\/\/sulin.ee\/en\/toode\/jollein-mahkimistekk-jeans-blue\/#breadcrumb\",\"itemListElement\":[{\"@type\":\"ListItem\",\"position\":1,\"name\":\"Home\",\"item\":\"https:\/\/sulin.ee\/en\/\"},{\"@type\":\"ListItem\",\"position\":2,\"name\":\"Sulin.ee e-pood\",\"item\":\"https:\/\/sulin.ee\/shop\/\"},{\"@type\":\"ListItem\",\"position\":3,\"name\":\"Jollein m\u00e4hkimistekk &#8211; Jeans Blue\"}]},{\"@type\":\"WebSite\",\"@id\":\"https:\/\/sulin.ee\/en\/#website\",\"url\":\"https:\/\/sulin.ee\/en\/\",\"name\":\"sulin.ee\",\"description\":\"\",\"publisher\":{\"@id\":\"https:\/\/sulin.ee\/en\/#organization\"},\"potentialAction\":[{\"@type\":\"SearchAction\",\"target\":{\"@type\":\"EntryPoint\",\"urlTemplate\":\"https:\/\/sulin.ee\/en\/?s={search_term_string}\"},\"query-input\":{\"@type\":\"PropertyValueSpecification\",\"valueRequired\":true,\"valueName\":\"search_term_string\"}}],\"inLanguage\":\"en-US\"},{\"@type\":\"Organization\",\"@id\":\"https:\/\/sulin.ee\/en\/#organization\",\"name\":\"SULIN TRADE O\u00dc\",\"url\":\"https:\/\/sulin.ee\/en\/\",\"logo\":{\"@type\":\"ImageObject\",\"inLanguage\":\"en-US\",\"@id\":\"https:\/\/sulin.ee\/en\/#\/schema\/logo\/image\/\",\"url\":\"https:\/\/sulin.ee\/wp-content\/uploads\/2022\/11\/sulin-logo.png\",\"contentUrl\":\"https:\/\/sulin.ee\/wp-content\/uploads\/2022\/11\/sulin-logo.png\",\"width\":871,\"height\":321,\"caption\":\"SULIN TRADE O\u00dc\"},\"image\":{\"@id\":\"https:\/\/sulin.ee\/en\/#\/schema\/logo\/image\/\"},\"sameAs\":[\"https:\/\/www.facebook.com\/www.sulin.ee\/\",\"https:\/\/www.instagram.com\/sulintrade\/\"]}]}<\/script>\n<!-- \/ Yoast SEO plugin. -->","yoast_head_json":{"title":"Jollein m\u00e4hkimistekk - Jeans Blue - sulin.ee","description":"Jollein m\u00e4hkimistekk on ideaalne valik, et hoida teie pisike soojas ja turvaliselt nii kodus kui ka v\u00e4ljas\u00f5itudel. Praktilised takjakinnitus","robots":{"index":"index","follow":"follow","max-snippet":"max-snippet:-1","max-image-preview":"max-image-preview:large","max-video-preview":"max-video-preview:-1"},"canonical":"https:\/\/sulin.ee\/en\/toode\/jollein-mahkimistekk-jeans-blue\/","og_locale":"en_US","og_type":"article","og_title":"Jollein m\u00e4hkimistekk - Jeans Blue - sulin.ee","og_description":"Jollein m\u00e4hkimistekk on ideaalne valik, et hoida teie pisike soojas ja turvaliselt nii kodus kui ka v\u00e4ljas\u00f5itudel. Praktilised takjakinnitus","og_url":"https:\/\/sulin.ee\/en\/toode\/jollein-mahkimistekk-jeans-blue\/","og_site_name":"sulin.ee","article_publisher":"https:\/\/www.facebook.com\/www.sulin.ee\/","article_modified_time":"2025-09-07T21:34:40+00:00","og_image":[{"width":1080,"height":1080,"url":"https:\/\/sulin.ee\/wp-content\/uploads\/2025\/01\/Piltide-korrektuurid-kodulehel-2025-01-31T093903.747.png","type":"image\/png"}],"twitter_card":"summary_large_image","twitter_misc":{"Est. reading time":"2 minutes"},"schema":{"@context":"https:\/\/schema.org","@graph":[{"@type":"WebPage","@id":"https:\/\/sulin.ee\/en\/toode\/jollein-mahkimistekk-jeans-blue\/","url":"https:\/\/sulin.ee\/en\/toode\/jollein-mahkimistekk-jeans-blue\/","name":"Jollein m\u00e4hkimistekk - Jeans Blue - sulin.ee","isPartOf":{"@id":"https:\/\/sulin.ee\/en\/#website"},"primaryImageOfPage":{"@id":"https:\/\/sulin.ee\/en\/toode\/jollein-mahkimistekk-jeans-blue\/#primaryimage"},"image":{"@id":"https:\/\/sulin.ee\/en\/toode\/jollein-mahkimistekk-jeans-blue\/#primaryimage"},"thumbnailUrl":"https:\/\/sulin.ee\/wp-content\/uploads\/2025\/01\/Piltide-korrektuurid-kodulehel-2025-01-31T093903.747.png","datePublished":"2025-01-31T07:42:17+00:00","dateModified":"2025-09-07T21:34:40+00:00","description":"Jollein m\u00e4hkimistekk on ideaalne valik, et hoida teie pisike soojas ja turvaliselt nii kodus kui ka v\u00e4ljas\u00f5itudel. Praktilised takjakinnitus","breadcrumb":{"@id":"https:\/\/sulin.ee\/en\/toode\/jollein-mahkimistekk-jeans-blue\/#breadcrumb"},"inLanguage":"en-US","potentialAction":[{"@type":"ReadAction","target":["https:\/\/sulin.ee\/en\/toode\/jollein-mahkimistekk-jeans-blue\/"]}]},{"@type":"ImageObject","inLanguage":"en-US","@id":"https:\/\/sulin.ee\/en\/toode\/jollein-mahkimistekk-jeans-blue\/#primaryimage","url":"https:\/\/sulin.ee\/wp-content\/uploads\/2025\/01\/Piltide-korrektuurid-kodulehel-2025-01-31T093903.747.png","contentUrl":"https:\/\/sulin.ee\/wp-content\/uploads\/2025\/01\/Piltide-korrektuurid-kodulehel-2025-01-31T093903.747.png","width":1080,"height":1080,"caption":"Jollein m\u00e4hkimistekk"},{"@type":"BreadcrumbList","@id":"https:\/\/sulin.ee\/en\/toode\/jollein-mahkimistekk-jeans-blue\/#breadcrumb","itemListElement":[{"@type":"ListItem","position":1,"name":"Home","item":"https:\/\/sulin.ee\/en\/"},{"@type":"ListItem","position":2,"name":"Sulin.ee e-pood","item":"https:\/\/sulin.ee\/shop\/"},{"@type":"ListItem","position":3,"name":"Jollein m\u00e4hkimistekk &#8211; Jeans Blue"}]},{"@type":"WebSite","@id":"https:\/\/sulin.ee\/en\/#website","url":"https:\/\/sulin.ee\/en\/","name":"sulin.ee","description":"","publisher":{"@id":"https:\/\/sulin.ee\/en\/#organization"},"potentialAction":[{"@type":"SearchAction","target":{"@type":"EntryPoint","urlTemplate":"https:\/\/sulin.ee\/en\/?s={search_term_string}"},"query-input":{"@type":"PropertyValueSpecification","valueRequired":true,"valueName":"search_term_string"}}],"inLanguage":"en-US"},{"@type":"Organization","@id":"https:\/\/sulin.ee\/en\/#organization","name":"SULIN TRADE O\u00dc","url":"https:\/\/sulin.ee\/en\/","logo":{"@type":"ImageObject","inLanguage":"en-US","@id":"https:\/\/sulin.ee\/en\/#\/schema\/logo\/image\/","url":"https:\/\/sulin.ee\/wp-content\/uploads\/2022\/11\/sulin-logo.png","contentUrl":"https:\/\/sulin.ee\/wp-content\/uploads\/2022\/11\/sulin-logo.png","width":871,"height":321,"caption":"SULIN TRADE O\u00dc"},"image":{"@id":"https:\/\/sulin.ee\/en\/#\/schema\/logo\/image\/"},"sameAs":["https:\/\/www.facebook.com\/www.sulin.ee\/","https:\/\/www.instagram.com\/sulintrade\/"]}]}},"builder_content":"","_links":{"self":[{"href":"https:\/\/sulin.ee\/en\/wp-json\/wp\/v2\/product\/36704","targetHints":{"allow":["GET"]}}],"collection":[{"href":"https:\/\/sulin.ee\/en\/wp-json\/wp\/v2\/product"}],"about":[{"href":"https:\/\/sulin.ee\/en\/wp-json\/wp\/v2\/types\/product"}],"replies":[{"embeddable":true,"href":"https:\/\/sulin.ee\/en\/wp-json\/wp\/v2\/comments?post=36704"}],"wp:featuredmedia":[{"embeddable":true,"href":"https:\/\/sulin.ee\/en\/wp-json\/wp\/v2\/media\/36716"}],"wp:attachment":[{"href":"https:\/\/sulin.ee\/en\/wp-json\/wp\/v2\/media?parent=36704"}],"wp:term":[{"taxonomy":"product_brand","embeddable":true,"href":"https:\/\/sulin.ee\/en\/wp-json\/wp\/v2\/product_brand?post=36704"},{"taxonomy":"product_cat","embeddable":true,"href":"https:\/\/sulin.ee\/en\/wp-json\/wp\/v2\/product_cat?post=36704"},{"taxonomy":"product_tag","embeddable":true,"href":"https:\/\/sulin.ee\/en\/wp-json\/wp\/v2\/product_tag?post=36704"}],"curies":[{"name":"wp","href":"https:\/\/api.w.org\/{rel}","templated":true}]}}