{"id":36685,"date":"2025-01-31T06:55:38","date_gmt":"2025-01-31T06:55:38","guid":{"rendered":"https:\/\/sulin.ee\/?post_type=product&#038;p=36685"},"modified":"2025-09-07T21:34:51","modified_gmt":"2025-09-07T21:34:51","slug":"jollein-kaisulapp-lutihoidja-teddy-bear-wild-rose","status":"publish","type":"product","link":"https:\/\/sulin.ee\/en\/toode\/jollein-kaisulapp-lutihoidja-teddy-bear-wild-rose\/","title":{"rendered":"Jollein kaisulapp\/lutihoidja Teddy Bear &#8211; Wild Rose"},"content":{"rendered":"<p>Jollein kaisulapp\/lutihoidja &#8211; Teddy Bear on ideaalne lahendus kui teie lapse lutt kipub kaduma, muutes luti alati kiiresti leitavaks. See pehme kaisulapp koos lutihoidjaga tagab, et luti leidmiseks ei pea enam m\u00e4nguasjade, voodi v\u00f5i lapsevankri seast otsima. \u00d6ised otsingud, kus teie ja teie laps peate v\u00e4sinult lutti taga otsima, on n\u00fc\u00fcd minevik. Kaisulapp v\u00f5imaldab teil lutti voodinurgast \u00fche liigutusega haarata, aidates teie lapsel rahulikult edasi uinuda. Karukujuline lapp on lisaks pehme ja m\u00f5nus m\u00e4ngukaaslane, mis teeb sellest lapse lemmiku.<\/p>\n<p>Valikus on kaks rahustavat v\u00e4rvitooni: oliivroheline ja roosa.<\/p>\n<p><strong>Materjal:<\/strong> 100% pol\u00fcester<\/p>\n<p><strong>Toote m\u00f5\u00f5dud:<\/strong><\/p>\n<ul>\n<li>\u2705 K\u00f5rgus: 1 cm<\/li>\n<li>\u2705 Laius: 15 cm<\/li>\n<li>\u2705 Pikkus: 23 cm<\/li>\n<\/ul>\n<p><a href=\"https:\/\/jollein.com\/\">Jollein<\/a> kaisulapp\/lutihoidja &#8211; Teddy Bear on mitte ainult praktiline, vaid ka armas kaaslane teie lapsele, pakkudes turvalisust ja mugavust igal ajahetkel.<\/p>\n<p>Vaadake kindlasti ka meie valikus leiduvaid<a href=\"https:\/\/sulin.ee\/tootekategooria\/beebile\/hoolitsus-beebid\/lutid\/bibs-lutid\/bibs-oolutid\/\"> \u00f6\u00f6lutte<\/a>, et tagada teie lapsele rahulik uni.<\/p>\n","protected":false},"excerpt":{"rendered":"<p><strong>Jolleini Kaisulapp\/Lutihoidja &#8211; Teddy Bear tagab, et teie lapse lutt on alati k\u00e4ep\u00e4rast ja kergesti leitav, v\u00e4hendades \u00f6iste otsingute stressi ja parandades nii lapse kui ka vanemate heaolu. See pehme ja armas karukujuline lapp muudab lutihoidmise m\u00e4nguliseks ja turvaliseks.<\/strong><\/p>\n","protected":false},"featured_media":36677,"comment_status":"open","ping_status":"closed","template":"","meta":[],"product_brand":[],"product_cat":[179,777,30,99,769,31,776],"product_tag":[],"class_list":{"0":"post-36685","1":"product","2":"type-product","3":"status-publish","4":"has-post-thumbnail","6":"product_cat-beebile","7":"product_cat-beebi-uni-ja-magamine","8":"product_cat-kaisukad","9":"product_cat-lutiketid","10":"product_cat-manguasjad","11":"product_cat-narimislelud","12":"product_cat-jollein-2","13":"has-post-title","14":"has-post-date","15":"has-post-category","16":"has-post-tag","17":"has-post-comment","18":"has-post-author","19":"","21":"first","22":"instock","23":"sale","24":"taxable","25":"shipping-taxable","26":"purchasable","27":"product-type-simple"},"yoast_head":"<!-- This site is optimized with the Yoast SEO plugin v26.8 - https:\/\/yoast.com\/product\/yoast-seo-wordpress\/ -->\n<title>Jollein kaisulapp\/lutihoidja Teddy Bear - Wild Rose - sulin.ee<\/title>\n<meta name=\"description\" content=\"Jollein Kaisulapp\/Lutihoidja Teddy Bear tagab, et teie lapse lutt on alati k\u00e4ep\u00e4rast ja kergesti leitav, v\u00e4hendades \u00f6iste otsingute stressi.\" \/>\n<meta name=\"robots\" content=\"index, follow, max-snippet:-1, max-image-preview:large, max-video-preview:-1\" \/>\n<link rel=\"canonical\" href=\"https:\/\/sulin.ee\/en\/toode\/jollein-kaisulapp-lutihoidja-teddy-bear-wild-rose\/\" \/>\n<meta property=\"og:locale\" content=\"en_US\" \/>\n<meta property=\"og:type\" content=\"article\" \/>\n<meta property=\"og:title\" content=\"Jollein kaisulapp\/lutihoidja Teddy Bear - Wild Rose - sulin.ee\" \/>\n<meta property=\"og:description\" content=\"Jollein Kaisulapp\/Lutihoidja Teddy Bear tagab, et teie lapse lutt on alati k\u00e4ep\u00e4rast ja kergesti leitav, v\u00e4hendades \u00f6iste otsingute stressi.\" \/>\n<meta property=\"og:url\" content=\"https:\/\/sulin.ee\/en\/toode\/jollein-kaisulapp-lutihoidja-teddy-bear-wild-rose\/\" \/>\n<meta property=\"og:site_name\" content=\"sulin.ee\" \/>\n<meta property=\"article:publisher\" content=\"https:\/\/www.facebook.com\/www.sulin.ee\/\" \/>\n<meta property=\"article:modified_time\" content=\"2025-09-07T21:34:51+00:00\" \/>\n<meta property=\"og:image\" content=\"https:\/\/sulin.ee\/wp-content\/uploads\/2025\/01\/Piltide-korrektuurid-kodulehel-2025-01-31T083831.649.png\" \/>\n\t<meta property=\"og:image:width\" content=\"1080\" \/>\n\t<meta property=\"og:image:height\" content=\"1080\" \/>\n\t<meta property=\"og:image:type\" content=\"image\/png\" \/>\n<meta name=\"twitter:card\" content=\"summary_large_image\" \/>\n<meta name=\"twitter:label1\" content=\"Est. reading time\" \/>\n\t<meta name=\"twitter:data1\" content=\"1 minute\" \/>\n<script type=\"application\/ld+json\" class=\"yoast-schema-graph\">{\"@context\":\"https:\/\/schema.org\",\"@graph\":[{\"@type\":\"WebPage\",\"@id\":\"https:\/\/sulin.ee\/en\/toode\/jollein-kaisulapp-lutihoidja-teddy-bear-wild-rose\/\",\"url\":\"https:\/\/sulin.ee\/en\/toode\/jollein-kaisulapp-lutihoidja-teddy-bear-wild-rose\/\",\"name\":\"Jollein kaisulapp\/lutihoidja Teddy Bear - Wild Rose - sulin.ee\",\"isPartOf\":{\"@id\":\"https:\/\/sulin.ee\/en\/#website\"},\"primaryImageOfPage\":{\"@id\":\"https:\/\/sulin.ee\/en\/toode\/jollein-kaisulapp-lutihoidja-teddy-bear-wild-rose\/#primaryimage\"},\"image\":{\"@id\":\"https:\/\/sulin.ee\/en\/toode\/jollein-kaisulapp-lutihoidja-teddy-bear-wild-rose\/#primaryimage\"},\"thumbnailUrl\":\"https:\/\/sulin.ee\/wp-content\/uploads\/2025\/01\/Piltide-korrektuurid-kodulehel-2025-01-31T083831.649.png\",\"datePublished\":\"2025-01-31T06:55:38+00:00\",\"dateModified\":\"2025-09-07T21:34:51+00:00\",\"description\":\"Jollein Kaisulapp\/Lutihoidja Teddy Bear tagab, et teie lapse lutt on alati k\u00e4ep\u00e4rast ja kergesti leitav, v\u00e4hendades \u00f6iste otsingute stressi.\",\"breadcrumb\":{\"@id\":\"https:\/\/sulin.ee\/en\/toode\/jollein-kaisulapp-lutihoidja-teddy-bear-wild-rose\/#breadcrumb\"},\"inLanguage\":\"en-US\",\"potentialAction\":[{\"@type\":\"ReadAction\",\"target\":[\"https:\/\/sulin.ee\/en\/toode\/jollein-kaisulapp-lutihoidja-teddy-bear-wild-rose\/\"]}]},{\"@type\":\"ImageObject\",\"inLanguage\":\"en-US\",\"@id\":\"https:\/\/sulin.ee\/en\/toode\/jollein-kaisulapp-lutihoidja-teddy-bear-wild-rose\/#primaryimage\",\"url\":\"https:\/\/sulin.ee\/wp-content\/uploads\/2025\/01\/Piltide-korrektuurid-kodulehel-2025-01-31T083831.649.png\",\"contentUrl\":\"https:\/\/sulin.ee\/wp-content\/uploads\/2025\/01\/Piltide-korrektuurid-kodulehel-2025-01-31T083831.649.png\",\"width\":1080,\"height\":1080,\"caption\":\"Jollein kaisulapp\/lutihoidja Teddy Bear -\"},{\"@type\":\"BreadcrumbList\",\"@id\":\"https:\/\/sulin.ee\/en\/toode\/jollein-kaisulapp-lutihoidja-teddy-bear-wild-rose\/#breadcrumb\",\"itemListElement\":[{\"@type\":\"ListItem\",\"position\":1,\"name\":\"Home\",\"item\":\"https:\/\/sulin.ee\/en\/\"},{\"@type\":\"ListItem\",\"position\":2,\"name\":\"Sulin.ee e-pood\",\"item\":\"https:\/\/sulin.ee\/shop\/\"},{\"@type\":\"ListItem\",\"position\":3,\"name\":\"Jollein kaisulapp\/lutihoidja Teddy Bear &#8211; Wild Rose\"}]},{\"@type\":\"WebSite\",\"@id\":\"https:\/\/sulin.ee\/en\/#website\",\"url\":\"https:\/\/sulin.ee\/en\/\",\"name\":\"sulin.ee\",\"description\":\"\",\"publisher\":{\"@id\":\"https:\/\/sulin.ee\/en\/#organization\"},\"potentialAction\":[{\"@type\":\"SearchAction\",\"target\":{\"@type\":\"EntryPoint\",\"urlTemplate\":\"https:\/\/sulin.ee\/en\/?s={search_term_string}\"},\"query-input\":{\"@type\":\"PropertyValueSpecification\",\"valueRequired\":true,\"valueName\":\"search_term_string\"}}],\"inLanguage\":\"en-US\"},{\"@type\":\"Organization\",\"@id\":\"https:\/\/sulin.ee\/en\/#organization\",\"name\":\"SULIN TRADE O\u00dc\",\"url\":\"https:\/\/sulin.ee\/en\/\",\"logo\":{\"@type\":\"ImageObject\",\"inLanguage\":\"en-US\",\"@id\":\"https:\/\/sulin.ee\/en\/#\/schema\/logo\/image\/\",\"url\":\"https:\/\/sulin.ee\/wp-content\/uploads\/2022\/11\/sulin-logo.png\",\"contentUrl\":\"https:\/\/sulin.ee\/wp-content\/uploads\/2022\/11\/sulin-logo.png\",\"width\":871,\"height\":321,\"caption\":\"SULIN TRADE O\u00dc\"},\"image\":{\"@id\":\"https:\/\/sulin.ee\/en\/#\/schema\/logo\/image\/\"},\"sameAs\":[\"https:\/\/www.facebook.com\/www.sulin.ee\/\",\"https:\/\/www.instagram.com\/sulintrade\/\"]}]}<\/script>\n<!-- \/ Yoast SEO plugin. -->","yoast_head_json":{"title":"Jollein kaisulapp\/lutihoidja Teddy Bear - Wild Rose - sulin.ee","description":"Jollein Kaisulapp\/Lutihoidja Teddy Bear tagab, et teie lapse lutt on alati k\u00e4ep\u00e4rast ja kergesti leitav, v\u00e4hendades \u00f6iste otsingute stressi.","robots":{"index":"index","follow":"follow","max-snippet":"max-snippet:-1","max-image-preview":"max-image-preview:large","max-video-preview":"max-video-preview:-1"},"canonical":"https:\/\/sulin.ee\/en\/toode\/jollein-kaisulapp-lutihoidja-teddy-bear-wild-rose\/","og_locale":"en_US","og_type":"article","og_title":"Jollein kaisulapp\/lutihoidja Teddy Bear - Wild Rose - sulin.ee","og_description":"Jollein Kaisulapp\/Lutihoidja Teddy Bear tagab, et teie lapse lutt on alati k\u00e4ep\u00e4rast ja kergesti leitav, v\u00e4hendades \u00f6iste otsingute stressi.","og_url":"https:\/\/sulin.ee\/en\/toode\/jollein-kaisulapp-lutihoidja-teddy-bear-wild-rose\/","og_site_name":"sulin.ee","article_publisher":"https:\/\/www.facebook.com\/www.sulin.ee\/","article_modified_time":"2025-09-07T21:34:51+00:00","og_image":[{"width":1080,"height":1080,"url":"https:\/\/sulin.ee\/wp-content\/uploads\/2025\/01\/Piltide-korrektuurid-kodulehel-2025-01-31T083831.649.png","type":"image\/png"}],"twitter_card":"summary_large_image","twitter_misc":{"Est. reading time":"1 minute"},"schema":{"@context":"https:\/\/schema.org","@graph":[{"@type":"WebPage","@id":"https:\/\/sulin.ee\/en\/toode\/jollein-kaisulapp-lutihoidja-teddy-bear-wild-rose\/","url":"https:\/\/sulin.ee\/en\/toode\/jollein-kaisulapp-lutihoidja-teddy-bear-wild-rose\/","name":"Jollein kaisulapp\/lutihoidja Teddy Bear - Wild Rose - sulin.ee","isPartOf":{"@id":"https:\/\/sulin.ee\/en\/#website"},"primaryImageOfPage":{"@id":"https:\/\/sulin.ee\/en\/toode\/jollein-kaisulapp-lutihoidja-teddy-bear-wild-rose\/#primaryimage"},"image":{"@id":"https:\/\/sulin.ee\/en\/toode\/jollein-kaisulapp-lutihoidja-teddy-bear-wild-rose\/#primaryimage"},"thumbnailUrl":"https:\/\/sulin.ee\/wp-content\/uploads\/2025\/01\/Piltide-korrektuurid-kodulehel-2025-01-31T083831.649.png","datePublished":"2025-01-31T06:55:38+00:00","dateModified":"2025-09-07T21:34:51+00:00","description":"Jollein Kaisulapp\/Lutihoidja Teddy Bear tagab, et teie lapse lutt on alati k\u00e4ep\u00e4rast ja kergesti leitav, v\u00e4hendades \u00f6iste otsingute stressi.","breadcrumb":{"@id":"https:\/\/sulin.ee\/en\/toode\/jollein-kaisulapp-lutihoidja-teddy-bear-wild-rose\/#breadcrumb"},"inLanguage":"en-US","potentialAction":[{"@type":"ReadAction","target":["https:\/\/sulin.ee\/en\/toode\/jollein-kaisulapp-lutihoidja-teddy-bear-wild-rose\/"]}]},{"@type":"ImageObject","inLanguage":"en-US","@id":"https:\/\/sulin.ee\/en\/toode\/jollein-kaisulapp-lutihoidja-teddy-bear-wild-rose\/#primaryimage","url":"https:\/\/sulin.ee\/wp-content\/uploads\/2025\/01\/Piltide-korrektuurid-kodulehel-2025-01-31T083831.649.png","contentUrl":"https:\/\/sulin.ee\/wp-content\/uploads\/2025\/01\/Piltide-korrektuurid-kodulehel-2025-01-31T083831.649.png","width":1080,"height":1080,"caption":"Jollein kaisulapp\/lutihoidja Teddy Bear -"},{"@type":"BreadcrumbList","@id":"https:\/\/sulin.ee\/en\/toode\/jollein-kaisulapp-lutihoidja-teddy-bear-wild-rose\/#breadcrumb","itemListElement":[{"@type":"ListItem","position":1,"name":"Home","item":"https:\/\/sulin.ee\/en\/"},{"@type":"ListItem","position":2,"name":"Sulin.ee e-pood","item":"https:\/\/sulin.ee\/shop\/"},{"@type":"ListItem","position":3,"name":"Jollein kaisulapp\/lutihoidja Teddy Bear &#8211; Wild Rose"}]},{"@type":"WebSite","@id":"https:\/\/sulin.ee\/en\/#website","url":"https:\/\/sulin.ee\/en\/","name":"sulin.ee","description":"","publisher":{"@id":"https:\/\/sulin.ee\/en\/#organization"},"potentialAction":[{"@type":"SearchAction","target":{"@type":"EntryPoint","urlTemplate":"https:\/\/sulin.ee\/en\/?s={search_term_string}"},"query-input":{"@type":"PropertyValueSpecification","valueRequired":true,"valueName":"search_term_string"}}],"inLanguage":"en-US"},{"@type":"Organization","@id":"https:\/\/sulin.ee\/en\/#organization","name":"SULIN TRADE O\u00dc","url":"https:\/\/sulin.ee\/en\/","logo":{"@type":"ImageObject","inLanguage":"en-US","@id":"https:\/\/sulin.ee\/en\/#\/schema\/logo\/image\/","url":"https:\/\/sulin.ee\/wp-content\/uploads\/2022\/11\/sulin-logo.png","contentUrl":"https:\/\/sulin.ee\/wp-content\/uploads\/2022\/11\/sulin-logo.png","width":871,"height":321,"caption":"SULIN TRADE O\u00dc"},"image":{"@id":"https:\/\/sulin.ee\/en\/#\/schema\/logo\/image\/"},"sameAs":["https:\/\/www.facebook.com\/www.sulin.ee\/","https:\/\/www.instagram.com\/sulintrade\/"]}]}},"builder_content":"","_links":{"self":[{"href":"https:\/\/sulin.ee\/en\/wp-json\/wp\/v2\/product\/36685","targetHints":{"allow":["GET"]}}],"collection":[{"href":"https:\/\/sulin.ee\/en\/wp-json\/wp\/v2\/product"}],"about":[{"href":"https:\/\/sulin.ee\/en\/wp-json\/wp\/v2\/types\/product"}],"replies":[{"embeddable":true,"href":"https:\/\/sulin.ee\/en\/wp-json\/wp\/v2\/comments?post=36685"}],"wp:featuredmedia":[{"embeddable":true,"href":"https:\/\/sulin.ee\/en\/wp-json\/wp\/v2\/media\/36677"}],"wp:attachment":[{"href":"https:\/\/sulin.ee\/en\/wp-json\/wp\/v2\/media?parent=36685"}],"wp:term":[{"taxonomy":"product_brand","embeddable":true,"href":"https:\/\/sulin.ee\/en\/wp-json\/wp\/v2\/product_brand?post=36685"},{"taxonomy":"product_cat","embeddable":true,"href":"https:\/\/sulin.ee\/en\/wp-json\/wp\/v2\/product_cat?post=36685"},{"taxonomy":"product_tag","embeddable":true,"href":"https:\/\/sulin.ee\/en\/wp-json\/wp\/v2\/product_tag?post=36685"}],"curies":[{"name":"wp","href":"https:\/\/api.w.org\/{rel}","templated":true}]}}