{"id":36659,"date":"2025-01-31T06:17:47","date_gmt":"2025-01-31T06:17:47","guid":{"rendered":"https:\/\/sulin.ee\/?post_type=product&#038;p=36659"},"modified":"2025-09-07T21:34:51","modified_gmt":"2025-09-07T21:34:51","slug":"jollein-puidust-mangurong","status":"publish","type":"product","link":"https:\/\/sulin.ee\/en\/toode\/jollein-puidust-mangurong\/","title":{"rendered":"Jollein puidust m\u00e4ngurong"},"content":{"rendered":"<p>Jollein puidust m\u00e4ngurong on t\u00f5eline klassika igas m\u00e4nguasjakogus. Pole midagi l\u00f5busamat kui vagunite peale laadimine ja rongiga s\u00f5itmine. Rataste, rooli ja pidurite kasutamine on suur \u00f5ppimisprotsess teie v\u00e4ikesele. D\u017eungliteemaline rong sisaldab mitmesuguseid loomi, kes naudivad transportimist: <strong>krokodill, kaelkirjak, elevant, sebra ja gepard<\/strong> moodustavad reisijate seltskonna. Kahtlemata pakub see teie lapsele tundideks meelelahutust.<\/p>\n<p>Rong on valmistatud <strong>100% FSC sertifitseeritud puidust<\/strong>, tagades, et see on keskkonnas\u00f5bralik ja vastupidav. Loomadega rongikomplekt mitte ainult ei rikasta m\u00e4nguaega, vaid aitab kaasa ka loomaliikide ja nende omaduste tundma\u00f5ppimisele, toetades sellega lapse arengut ja haridust.<\/p>\n<p><strong>Toote m\u00f5\u00f5dud:<\/strong><\/p>\n<ul>\n<li>\u2705 K\u00f5rgus: 7 cm<\/li>\n<li>\u2705 Laius: 11 cm<\/li>\n<li>\u2705 Pikkus: 40 cm<\/li>\n<\/ul>\n<p><a href=\"https:\/\/jollein.com\/\">Jollein<\/a> puidust m\u00e4ngurong on suurep\u00e4rane valik lapsele, kes armastab ronge ja loomi, \u00fchendades klassikalise m\u00e4nguasi hariva elemendiga.<\/p>\n<p>Vaadake kindlasti ka meie teisi<a href=\"https:\/\/sulin.ee\/tootekategooria\/beebile\/manguasjad\/motoorika-manguasjad\/\"> arendavaid m\u00e4nguasju<\/a>, mis pakuvad l\u00f5bu ja \u00f5ppimisv\u00f5imalusi igale lapsele!<\/p>\n","protected":false},"excerpt":{"rendered":"<p><strong>Puidust m\u00e4ngurong on klassikaline m\u00e4nguasi, mis pakub teie lapsele tundideks meelelahutust d\u017eungliteemalise disaini ja erinevate loomadega, nagu krokodill, kaelkirjak, elevant, sebra ja gepard. Rongi juhtimine ja vagunite laadimine arendavad lapse motoorseid oskusi ja \u00f5petavad p\u00f5hit\u00f5desid liikumisest. Valmistatud 100% FSC sertifitseeritud puidust, tagab see m\u00e4nguasja keskkonnas\u00f5bralikkuse ja vastupidavuse.<\/strong><\/p>\n","protected":false},"featured_media":36660,"comment_status":"open","ping_status":"closed","template":"","meta":[],"product_brand":[],"product_cat":[179,769,1003,1004,999,1001,110,1162,1164,1002,1022,1023,175,776],"product_tag":[],"class_list":{"0":"post-36659","1":"product","2":"type-product","3":"status-publish","4":"has-post-thumbnail","6":"product_cat-beebile","7":"product_cat-manguasjad","8":"product_cat-motoorika-manguasjad-beebile","9":"product_cat-lukatavad-ja-tommatavad-manguasjad","10":"product_cat-ladumistornid","11":"product_cat-sorteerimismangud","12":"product_cat-mangimine","13":"product_cat-kingituseks","14":"product_cat-1-3-aastat","15":"product_cat-oppemangud","16":"product_cat-varvid-ja-kujundid","17":"product_cat-motoorika","18":"product_cat-puidust-manguasjad","19":"product_cat-jollein-2","20":"has-post-title","21":"has-post-date","22":"has-post-category","23":"has-post-tag","24":"has-post-comment","25":"has-post-author","26":"","28":"first","29":"instock","30":"sale","31":"taxable","32":"shipping-taxable","33":"purchasable","34":"product-type-simple"},"yoast_head":"<!-- This site is optimized with the Yoast SEO plugin v26.8 - https:\/\/yoast.com\/product\/yoast-seo-wordpress\/ -->\n<title>Jollein puidust m\u00e4ngurong - sulin.ee<\/title>\n<meta name=\"description\" content=\"Jollein puidust m\u00e4ngurong on klassikaline m\u00e4nguasi, mis pakub teie lapsele tundideks meelelahutust d\u017eungliteemalise disaini ja erinevate loomadega.\" \/>\n<meta name=\"robots\" content=\"index, follow, max-snippet:-1, max-image-preview:large, max-video-preview:-1\" \/>\n<link rel=\"canonical\" href=\"https:\/\/sulin.ee\/en\/toode\/jollein-puidust-mangurong\/\" \/>\n<meta property=\"og:locale\" content=\"en_US\" \/>\n<meta property=\"og:type\" content=\"article\" \/>\n<meta property=\"og:title\" content=\"Jollein puidust m\u00e4ngurong - sulin.ee\" \/>\n<meta property=\"og:description\" content=\"Jollein puidust m\u00e4ngurong on klassikaline m\u00e4nguasi, mis pakub teie lapsele tundideks meelelahutust d\u017eungliteemalise disaini ja erinevate loomadega.\" \/>\n<meta property=\"og:url\" content=\"https:\/\/sulin.ee\/en\/toode\/jollein-puidust-mangurong\/\" \/>\n<meta property=\"og:site_name\" content=\"sulin.ee\" \/>\n<meta property=\"article:publisher\" content=\"https:\/\/www.facebook.com\/www.sulin.ee\/\" \/>\n<meta property=\"article:modified_time\" content=\"2025-09-07T21:34:51+00:00\" \/>\n<meta property=\"og:image\" content=\"https:\/\/sulin.ee\/wp-content\/uploads\/2025\/01\/Piltide-korrektuurid-kodulehel-2025-01-31T080916.580.png\" \/>\n\t<meta property=\"og:image:width\" content=\"1080\" \/>\n\t<meta property=\"og:image:height\" content=\"1080\" \/>\n\t<meta property=\"og:image:type\" content=\"image\/png\" \/>\n<meta name=\"twitter:card\" content=\"summary_large_image\" \/>\n<meta name=\"twitter:label1\" content=\"Est. reading time\" \/>\n\t<meta name=\"twitter:data1\" content=\"1 minute\" \/>\n<script type=\"application\/ld+json\" class=\"yoast-schema-graph\">{\"@context\":\"https:\/\/schema.org\",\"@graph\":[{\"@type\":\"WebPage\",\"@id\":\"https:\/\/sulin.ee\/en\/toode\/jollein-puidust-mangurong\/\",\"url\":\"https:\/\/sulin.ee\/en\/toode\/jollein-puidust-mangurong\/\",\"name\":\"Jollein puidust m\u00e4ngurong - sulin.ee\",\"isPartOf\":{\"@id\":\"https:\/\/sulin.ee\/en\/#website\"},\"primaryImageOfPage\":{\"@id\":\"https:\/\/sulin.ee\/en\/toode\/jollein-puidust-mangurong\/#primaryimage\"},\"image\":{\"@id\":\"https:\/\/sulin.ee\/en\/toode\/jollein-puidust-mangurong\/#primaryimage\"},\"thumbnailUrl\":\"https:\/\/sulin.ee\/wp-content\/uploads\/2025\/01\/Piltide-korrektuurid-kodulehel-2025-01-31T080916.580.png\",\"datePublished\":\"2025-01-31T06:17:47+00:00\",\"dateModified\":\"2025-09-07T21:34:51+00:00\",\"description\":\"Jollein puidust m\u00e4ngurong on klassikaline m\u00e4nguasi, mis pakub teie lapsele tundideks meelelahutust d\u017eungliteemalise disaini ja erinevate loomadega.\",\"breadcrumb\":{\"@id\":\"https:\/\/sulin.ee\/en\/toode\/jollein-puidust-mangurong\/#breadcrumb\"},\"inLanguage\":\"en-US\",\"potentialAction\":[{\"@type\":\"ReadAction\",\"target\":[\"https:\/\/sulin.ee\/en\/toode\/jollein-puidust-mangurong\/\"]}]},{\"@type\":\"ImageObject\",\"inLanguage\":\"en-US\",\"@id\":\"https:\/\/sulin.ee\/en\/toode\/jollein-puidust-mangurong\/#primaryimage\",\"url\":\"https:\/\/sulin.ee\/wp-content\/uploads\/2025\/01\/Piltide-korrektuurid-kodulehel-2025-01-31T080916.580.png\",\"contentUrl\":\"https:\/\/sulin.ee\/wp-content\/uploads\/2025\/01\/Piltide-korrektuurid-kodulehel-2025-01-31T080916.580.png\",\"width\":1080,\"height\":1080,\"caption\":\"Jollein puidust m\u00e4ngurong\"},{\"@type\":\"BreadcrumbList\",\"@id\":\"https:\/\/sulin.ee\/en\/toode\/jollein-puidust-mangurong\/#breadcrumb\",\"itemListElement\":[{\"@type\":\"ListItem\",\"position\":1,\"name\":\"Home\",\"item\":\"https:\/\/sulin.ee\/en\/\"},{\"@type\":\"ListItem\",\"position\":2,\"name\":\"Sulin.ee e-pood\",\"item\":\"https:\/\/sulin.ee\/shop\/\"},{\"@type\":\"ListItem\",\"position\":3,\"name\":\"Jollein puidust m\u00e4ngurong\"}]},{\"@type\":\"WebSite\",\"@id\":\"https:\/\/sulin.ee\/en\/#website\",\"url\":\"https:\/\/sulin.ee\/en\/\",\"name\":\"sulin.ee\",\"description\":\"\",\"publisher\":{\"@id\":\"https:\/\/sulin.ee\/en\/#organization\"},\"potentialAction\":[{\"@type\":\"SearchAction\",\"target\":{\"@type\":\"EntryPoint\",\"urlTemplate\":\"https:\/\/sulin.ee\/en\/?s={search_term_string}\"},\"query-input\":{\"@type\":\"PropertyValueSpecification\",\"valueRequired\":true,\"valueName\":\"search_term_string\"}}],\"inLanguage\":\"en-US\"},{\"@type\":\"Organization\",\"@id\":\"https:\/\/sulin.ee\/en\/#organization\",\"name\":\"SULIN TRADE O\u00dc\",\"url\":\"https:\/\/sulin.ee\/en\/\",\"logo\":{\"@type\":\"ImageObject\",\"inLanguage\":\"en-US\",\"@id\":\"https:\/\/sulin.ee\/en\/#\/schema\/logo\/image\/\",\"url\":\"https:\/\/sulin.ee\/wp-content\/uploads\/2022\/11\/sulin-logo.png\",\"contentUrl\":\"https:\/\/sulin.ee\/wp-content\/uploads\/2022\/11\/sulin-logo.png\",\"width\":871,\"height\":321,\"caption\":\"SULIN TRADE O\u00dc\"},\"image\":{\"@id\":\"https:\/\/sulin.ee\/en\/#\/schema\/logo\/image\/\"},\"sameAs\":[\"https:\/\/www.facebook.com\/www.sulin.ee\/\",\"https:\/\/www.instagram.com\/sulintrade\/\"]}]}<\/script>\n<!-- \/ Yoast SEO plugin. -->","yoast_head_json":{"title":"Jollein puidust m\u00e4ngurong - sulin.ee","description":"Jollein puidust m\u00e4ngurong on klassikaline m\u00e4nguasi, mis pakub teie lapsele tundideks meelelahutust d\u017eungliteemalise disaini ja erinevate loomadega.","robots":{"index":"index","follow":"follow","max-snippet":"max-snippet:-1","max-image-preview":"max-image-preview:large","max-video-preview":"max-video-preview:-1"},"canonical":"https:\/\/sulin.ee\/en\/toode\/jollein-puidust-mangurong\/","og_locale":"en_US","og_type":"article","og_title":"Jollein puidust m\u00e4ngurong - sulin.ee","og_description":"Jollein puidust m\u00e4ngurong on klassikaline m\u00e4nguasi, mis pakub teie lapsele tundideks meelelahutust d\u017eungliteemalise disaini ja erinevate loomadega.","og_url":"https:\/\/sulin.ee\/en\/toode\/jollein-puidust-mangurong\/","og_site_name":"sulin.ee","article_publisher":"https:\/\/www.facebook.com\/www.sulin.ee\/","article_modified_time":"2025-09-07T21:34:51+00:00","og_image":[{"width":1080,"height":1080,"url":"https:\/\/sulin.ee\/wp-content\/uploads\/2025\/01\/Piltide-korrektuurid-kodulehel-2025-01-31T080916.580.png","type":"image\/png"}],"twitter_card":"summary_large_image","twitter_misc":{"Est. reading time":"1 minute"},"schema":{"@context":"https:\/\/schema.org","@graph":[{"@type":"WebPage","@id":"https:\/\/sulin.ee\/en\/toode\/jollein-puidust-mangurong\/","url":"https:\/\/sulin.ee\/en\/toode\/jollein-puidust-mangurong\/","name":"Jollein puidust m\u00e4ngurong - sulin.ee","isPartOf":{"@id":"https:\/\/sulin.ee\/en\/#website"},"primaryImageOfPage":{"@id":"https:\/\/sulin.ee\/en\/toode\/jollein-puidust-mangurong\/#primaryimage"},"image":{"@id":"https:\/\/sulin.ee\/en\/toode\/jollein-puidust-mangurong\/#primaryimage"},"thumbnailUrl":"https:\/\/sulin.ee\/wp-content\/uploads\/2025\/01\/Piltide-korrektuurid-kodulehel-2025-01-31T080916.580.png","datePublished":"2025-01-31T06:17:47+00:00","dateModified":"2025-09-07T21:34:51+00:00","description":"Jollein puidust m\u00e4ngurong on klassikaline m\u00e4nguasi, mis pakub teie lapsele tundideks meelelahutust d\u017eungliteemalise disaini ja erinevate loomadega.","breadcrumb":{"@id":"https:\/\/sulin.ee\/en\/toode\/jollein-puidust-mangurong\/#breadcrumb"},"inLanguage":"en-US","potentialAction":[{"@type":"ReadAction","target":["https:\/\/sulin.ee\/en\/toode\/jollein-puidust-mangurong\/"]}]},{"@type":"ImageObject","inLanguage":"en-US","@id":"https:\/\/sulin.ee\/en\/toode\/jollein-puidust-mangurong\/#primaryimage","url":"https:\/\/sulin.ee\/wp-content\/uploads\/2025\/01\/Piltide-korrektuurid-kodulehel-2025-01-31T080916.580.png","contentUrl":"https:\/\/sulin.ee\/wp-content\/uploads\/2025\/01\/Piltide-korrektuurid-kodulehel-2025-01-31T080916.580.png","width":1080,"height":1080,"caption":"Jollein puidust m\u00e4ngurong"},{"@type":"BreadcrumbList","@id":"https:\/\/sulin.ee\/en\/toode\/jollein-puidust-mangurong\/#breadcrumb","itemListElement":[{"@type":"ListItem","position":1,"name":"Home","item":"https:\/\/sulin.ee\/en\/"},{"@type":"ListItem","position":2,"name":"Sulin.ee e-pood","item":"https:\/\/sulin.ee\/shop\/"},{"@type":"ListItem","position":3,"name":"Jollein puidust m\u00e4ngurong"}]},{"@type":"WebSite","@id":"https:\/\/sulin.ee\/en\/#website","url":"https:\/\/sulin.ee\/en\/","name":"sulin.ee","description":"","publisher":{"@id":"https:\/\/sulin.ee\/en\/#organization"},"potentialAction":[{"@type":"SearchAction","target":{"@type":"EntryPoint","urlTemplate":"https:\/\/sulin.ee\/en\/?s={search_term_string}"},"query-input":{"@type":"PropertyValueSpecification","valueRequired":true,"valueName":"search_term_string"}}],"inLanguage":"en-US"},{"@type":"Organization","@id":"https:\/\/sulin.ee\/en\/#organization","name":"SULIN TRADE O\u00dc","url":"https:\/\/sulin.ee\/en\/","logo":{"@type":"ImageObject","inLanguage":"en-US","@id":"https:\/\/sulin.ee\/en\/#\/schema\/logo\/image\/","url":"https:\/\/sulin.ee\/wp-content\/uploads\/2022\/11\/sulin-logo.png","contentUrl":"https:\/\/sulin.ee\/wp-content\/uploads\/2022\/11\/sulin-logo.png","width":871,"height":321,"caption":"SULIN TRADE O\u00dc"},"image":{"@id":"https:\/\/sulin.ee\/en\/#\/schema\/logo\/image\/"},"sameAs":["https:\/\/www.facebook.com\/www.sulin.ee\/","https:\/\/www.instagram.com\/sulintrade\/"]}]}},"builder_content":"","_links":{"self":[{"href":"https:\/\/sulin.ee\/en\/wp-json\/wp\/v2\/product\/36659","targetHints":{"allow":["GET"]}}],"collection":[{"href":"https:\/\/sulin.ee\/en\/wp-json\/wp\/v2\/product"}],"about":[{"href":"https:\/\/sulin.ee\/en\/wp-json\/wp\/v2\/types\/product"}],"replies":[{"embeddable":true,"href":"https:\/\/sulin.ee\/en\/wp-json\/wp\/v2\/comments?post=36659"}],"wp:featuredmedia":[{"embeddable":true,"href":"https:\/\/sulin.ee\/en\/wp-json\/wp\/v2\/media\/36660"}],"wp:attachment":[{"href":"https:\/\/sulin.ee\/en\/wp-json\/wp\/v2\/media?parent=36659"}],"wp:term":[{"taxonomy":"product_brand","embeddable":true,"href":"https:\/\/sulin.ee\/en\/wp-json\/wp\/v2\/product_brand?post=36659"},{"taxonomy":"product_cat","embeddable":true,"href":"https:\/\/sulin.ee\/en\/wp-json\/wp\/v2\/product_cat?post=36659"},{"taxonomy":"product_tag","embeddable":true,"href":"https:\/\/sulin.ee\/en\/wp-json\/wp\/v2\/product_tag?post=36659"}],"curies":[{"name":"wp","href":"https:\/\/api.w.org\/{rel}","templated":true}]}}