{"id":36647,"date":"2025-01-30T12:38:51","date_gmt":"2025-01-30T12:38:51","guid":{"rendered":"https:\/\/sulin.ee\/?post_type=product&#038;p=36647"},"modified":"2025-09-07T21:34:51","modified_gmt":"2025-09-07T21:34:51","slug":"jollein-puidust-ladumistorn-jungle-jambo-2","status":"publish","type":"product","link":"https:\/\/sulin.ee\/en\/toode\/jollein-puidust-ladumistorn-jungle-jambo-2\/","title":{"rendered":"Jollein puidust ladumistorn &#8211; Jungle Jambo"},"content":{"rendered":"<p>Jollein puidust ladumistorn on suurep\u00e4rane viis, kuidas teie laps saab m\u00e4ngides \u00f5ppida. See torn sisaldab kolme erinevat d\u017eunglilooma, mis on valmistatud mitmev\u00e4rvilistest plokkidest, aidates lapsel v\u00e4rve ja kujundeid eristada. M\u00e4ngimine selliste puidust m\u00e4nguasjadega on suurep\u00e4rane viis peenmotoorika oskuste arendamiseks, kuna see n\u00f5uab t\u00e4psust ja keskendumist plokkide virnastamisel.<\/p>\n<p><a href=\"https:\/\/jollein.com\/\">Jollein<\/a> puidust m\u00e4nguasjad on keskkonnas\u00f5bralikud ja j\u00e4tkusuutlikud, valmistatud 100% FSC sertifitseeritud puidust. Virnastamistorni kirevad loomad, sealhulgas karamelliv\u00e4rvi kaelkirjak, tuhkhall krokodill ja biskviidiv\u00e4rvi gepard, teevad sellest mitte ainult l\u00f5busa, vaid ka visuaalselt r\u00f5\u00f5mustava m\u00e4nguasja.<\/p>\n<p><strong>Toote m\u00f5\u00f5dud:<\/strong><\/p>\n<ul>\n<li>\u2705 K\u00f5rgus: 5.5 cm<\/li>\n<li>\u2705 Laius: 6.5 cm<\/li>\n<li>\u2705 Pikkus: 18 cm<\/li>\n<\/ul>\n<p>Jollein puidust ladumistorn on ideaalne kingitus v\u00e4ikestele ehitajatele, pakkudes neile l\u00f5busat ja harivat m\u00e4nguaega.<\/p>\n<p>Vaadake kindlasti ka meie teisi<a href=\"https:\/\/sulin.ee\/tootekategooria\/beebile\/manguasjad\/motoorika-manguasjad\/\"> arendavaid m\u00e4nguasju<\/a>, mis pakuvad l\u00f5bu ja \u00f5ppimisv\u00f5imalusi igale lapsele!<\/p>\n","protected":false},"excerpt":{"rendered":"<p><strong>Puidust ladumistorn, mis koosneb kolmest erinevast d\u017eungliloomast, pakub teie lapsele l\u00f5busat ja harivat m\u00e4ngukogemust. V\u00e4rvilised plokid aitavad arendada peenmotoorikat ja eristamisoskust, samas kui 100% FSC sertifitseeritud puit tagab j\u00e4tkusuutlikkuse.<\/strong><\/p>\n","protected":false},"featured_media":36648,"comment_status":"open","ping_status":"closed","template":"","meta":[],"product_brand":[],"product_cat":[179,769,1003,999,110,1162,1164,1023,175,776],"product_tag":[],"class_list":{"0":"post-36647","1":"product","2":"type-product","3":"status-publish","4":"has-post-thumbnail","6":"product_cat-beebile","7":"product_cat-manguasjad","8":"product_cat-motoorika-manguasjad-beebile","9":"product_cat-ladumistornid","10":"product_cat-mangimine","11":"product_cat-kingituseks","12":"product_cat-1-3-aastat","13":"product_cat-motoorika","14":"product_cat-puidust-manguasjad","15":"product_cat-jollein-2","16":"has-post-title","17":"has-post-date","18":"has-post-category","19":"has-post-tag","20":"has-post-comment","21":"has-post-author","22":"","24":"first","25":"instock","26":"sale","27":"taxable","28":"shipping-taxable","29":"purchasable","30":"product-type-simple"},"yoast_head":"<!-- This site is optimized with the Yoast SEO plugin v26.8 - https:\/\/yoast.com\/product\/yoast-seo-wordpress\/ -->\n<title>Jollein puidust ladumistorn - Jungle Jambo - sulin.ee<\/title>\n<meta name=\"description\" content=\"Jollein puidust ladumistorn, mis koosneb kolmest erinevast d\u017eungliloomast, pakub teie lapsele l\u00f5busat ja harivat m\u00e4ngukogemust. 100% FSC sertifitseeritud\" \/>\n<meta name=\"robots\" content=\"index, follow, max-snippet:-1, max-image-preview:large, max-video-preview:-1\" \/>\n<link rel=\"canonical\" href=\"https:\/\/sulin.ee\/en\/toode\/jollein-puidust-ladumistorn-jungle-jambo-2\/\" \/>\n<meta property=\"og:locale\" content=\"en_US\" \/>\n<meta property=\"og:type\" content=\"article\" \/>\n<meta property=\"og:title\" content=\"Jollein puidust ladumistorn - Jungle Jambo - sulin.ee\" \/>\n<meta property=\"og:description\" content=\"Jollein puidust ladumistorn, mis koosneb kolmest erinevast d\u017eungliloomast, pakub teie lapsele l\u00f5busat ja harivat m\u00e4ngukogemust. 100% FSC sertifitseeritud\" \/>\n<meta property=\"og:url\" content=\"https:\/\/sulin.ee\/en\/toode\/jollein-puidust-ladumistorn-jungle-jambo-2\/\" \/>\n<meta property=\"og:site_name\" content=\"sulin.ee\" \/>\n<meta property=\"article:publisher\" content=\"https:\/\/www.facebook.com\/www.sulin.ee\/\" \/>\n<meta property=\"article:modified_time\" content=\"2025-09-07T21:34:51+00:00\" \/>\n<meta property=\"og:image\" content=\"https:\/\/sulin.ee\/wp-content\/uploads\/2025\/01\/Piltide-korrektuurid-kodulehel-2025-01-30T142744.510.png\" \/>\n\t<meta property=\"og:image:width\" content=\"1080\" \/>\n\t<meta property=\"og:image:height\" content=\"1080\" \/>\n\t<meta property=\"og:image:type\" content=\"image\/png\" \/>\n<meta name=\"twitter:card\" content=\"summary_large_image\" \/>\n<meta name=\"twitter:label1\" content=\"Est. reading time\" \/>\n\t<meta name=\"twitter:data1\" content=\"1 minute\" \/>\n<script type=\"application\/ld+json\" class=\"yoast-schema-graph\">{\"@context\":\"https:\/\/schema.org\",\"@graph\":[{\"@type\":\"WebPage\",\"@id\":\"https:\/\/sulin.ee\/en\/toode\/jollein-puidust-ladumistorn-jungle-jambo-2\/\",\"url\":\"https:\/\/sulin.ee\/en\/toode\/jollein-puidust-ladumistorn-jungle-jambo-2\/\",\"name\":\"Jollein puidust ladumistorn - Jungle Jambo - sulin.ee\",\"isPartOf\":{\"@id\":\"https:\/\/sulin.ee\/en\/#website\"},\"primaryImageOfPage\":{\"@id\":\"https:\/\/sulin.ee\/en\/toode\/jollein-puidust-ladumistorn-jungle-jambo-2\/#primaryimage\"},\"image\":{\"@id\":\"https:\/\/sulin.ee\/en\/toode\/jollein-puidust-ladumistorn-jungle-jambo-2\/#primaryimage\"},\"thumbnailUrl\":\"https:\/\/sulin.ee\/wp-content\/uploads\/2025\/01\/Piltide-korrektuurid-kodulehel-2025-01-30T142744.510.png\",\"datePublished\":\"2025-01-30T12:38:51+00:00\",\"dateModified\":\"2025-09-07T21:34:51+00:00\",\"description\":\"Jollein puidust ladumistorn, mis koosneb kolmest erinevast d\u017eungliloomast, pakub teie lapsele l\u00f5busat ja harivat m\u00e4ngukogemust. 100% FSC sertifitseeritud\",\"breadcrumb\":{\"@id\":\"https:\/\/sulin.ee\/en\/toode\/jollein-puidust-ladumistorn-jungle-jambo-2\/#breadcrumb\"},\"inLanguage\":\"en-US\",\"potentialAction\":[{\"@type\":\"ReadAction\",\"target\":[\"https:\/\/sulin.ee\/en\/toode\/jollein-puidust-ladumistorn-jungle-jambo-2\/\"]}]},{\"@type\":\"ImageObject\",\"inLanguage\":\"en-US\",\"@id\":\"https:\/\/sulin.ee\/en\/toode\/jollein-puidust-ladumistorn-jungle-jambo-2\/#primaryimage\",\"url\":\"https:\/\/sulin.ee\/wp-content\/uploads\/2025\/01\/Piltide-korrektuurid-kodulehel-2025-01-30T142744.510.png\",\"contentUrl\":\"https:\/\/sulin.ee\/wp-content\/uploads\/2025\/01\/Piltide-korrektuurid-kodulehel-2025-01-30T142744.510.png\",\"width\":1080,\"height\":1080,\"caption\":\"Jollein puidust ladumistorn\"},{\"@type\":\"BreadcrumbList\",\"@id\":\"https:\/\/sulin.ee\/en\/toode\/jollein-puidust-ladumistorn-jungle-jambo-2\/#breadcrumb\",\"itemListElement\":[{\"@type\":\"ListItem\",\"position\":1,\"name\":\"Home\",\"item\":\"https:\/\/sulin.ee\/en\/\"},{\"@type\":\"ListItem\",\"position\":2,\"name\":\"Sulin.ee e-pood\",\"item\":\"https:\/\/sulin.ee\/shop\/\"},{\"@type\":\"ListItem\",\"position\":3,\"name\":\"Jollein puidust ladumistorn &#8211; Jungle Jambo\"}]},{\"@type\":\"WebSite\",\"@id\":\"https:\/\/sulin.ee\/en\/#website\",\"url\":\"https:\/\/sulin.ee\/en\/\",\"name\":\"sulin.ee\",\"description\":\"\",\"publisher\":{\"@id\":\"https:\/\/sulin.ee\/en\/#organization\"},\"potentialAction\":[{\"@type\":\"SearchAction\",\"target\":{\"@type\":\"EntryPoint\",\"urlTemplate\":\"https:\/\/sulin.ee\/en\/?s={search_term_string}\"},\"query-input\":{\"@type\":\"PropertyValueSpecification\",\"valueRequired\":true,\"valueName\":\"search_term_string\"}}],\"inLanguage\":\"en-US\"},{\"@type\":\"Organization\",\"@id\":\"https:\/\/sulin.ee\/en\/#organization\",\"name\":\"SULIN TRADE O\u00dc\",\"url\":\"https:\/\/sulin.ee\/en\/\",\"logo\":{\"@type\":\"ImageObject\",\"inLanguage\":\"en-US\",\"@id\":\"https:\/\/sulin.ee\/en\/#\/schema\/logo\/image\/\",\"url\":\"https:\/\/sulin.ee\/wp-content\/uploads\/2022\/11\/sulin-logo.png\",\"contentUrl\":\"https:\/\/sulin.ee\/wp-content\/uploads\/2022\/11\/sulin-logo.png\",\"width\":871,\"height\":321,\"caption\":\"SULIN TRADE O\u00dc\"},\"image\":{\"@id\":\"https:\/\/sulin.ee\/en\/#\/schema\/logo\/image\/\"},\"sameAs\":[\"https:\/\/www.facebook.com\/www.sulin.ee\/\",\"https:\/\/www.instagram.com\/sulintrade\/\"]}]}<\/script>\n<!-- \/ Yoast SEO plugin. -->","yoast_head_json":{"title":"Jollein puidust ladumistorn - Jungle Jambo - sulin.ee","description":"Jollein puidust ladumistorn, mis koosneb kolmest erinevast d\u017eungliloomast, pakub teie lapsele l\u00f5busat ja harivat m\u00e4ngukogemust. 100% FSC sertifitseeritud","robots":{"index":"index","follow":"follow","max-snippet":"max-snippet:-1","max-image-preview":"max-image-preview:large","max-video-preview":"max-video-preview:-1"},"canonical":"https:\/\/sulin.ee\/en\/toode\/jollein-puidust-ladumistorn-jungle-jambo-2\/","og_locale":"en_US","og_type":"article","og_title":"Jollein puidust ladumistorn - Jungle Jambo - sulin.ee","og_description":"Jollein puidust ladumistorn, mis koosneb kolmest erinevast d\u017eungliloomast, pakub teie lapsele l\u00f5busat ja harivat m\u00e4ngukogemust. 100% FSC sertifitseeritud","og_url":"https:\/\/sulin.ee\/en\/toode\/jollein-puidust-ladumistorn-jungle-jambo-2\/","og_site_name":"sulin.ee","article_publisher":"https:\/\/www.facebook.com\/www.sulin.ee\/","article_modified_time":"2025-09-07T21:34:51+00:00","og_image":[{"width":1080,"height":1080,"url":"https:\/\/sulin.ee\/wp-content\/uploads\/2025\/01\/Piltide-korrektuurid-kodulehel-2025-01-30T142744.510.png","type":"image\/png"}],"twitter_card":"summary_large_image","twitter_misc":{"Est. reading time":"1 minute"},"schema":{"@context":"https:\/\/schema.org","@graph":[{"@type":"WebPage","@id":"https:\/\/sulin.ee\/en\/toode\/jollein-puidust-ladumistorn-jungle-jambo-2\/","url":"https:\/\/sulin.ee\/en\/toode\/jollein-puidust-ladumistorn-jungle-jambo-2\/","name":"Jollein puidust ladumistorn - Jungle Jambo - sulin.ee","isPartOf":{"@id":"https:\/\/sulin.ee\/en\/#website"},"primaryImageOfPage":{"@id":"https:\/\/sulin.ee\/en\/toode\/jollein-puidust-ladumistorn-jungle-jambo-2\/#primaryimage"},"image":{"@id":"https:\/\/sulin.ee\/en\/toode\/jollein-puidust-ladumistorn-jungle-jambo-2\/#primaryimage"},"thumbnailUrl":"https:\/\/sulin.ee\/wp-content\/uploads\/2025\/01\/Piltide-korrektuurid-kodulehel-2025-01-30T142744.510.png","datePublished":"2025-01-30T12:38:51+00:00","dateModified":"2025-09-07T21:34:51+00:00","description":"Jollein puidust ladumistorn, mis koosneb kolmest erinevast d\u017eungliloomast, pakub teie lapsele l\u00f5busat ja harivat m\u00e4ngukogemust. 100% FSC sertifitseeritud","breadcrumb":{"@id":"https:\/\/sulin.ee\/en\/toode\/jollein-puidust-ladumistorn-jungle-jambo-2\/#breadcrumb"},"inLanguage":"en-US","potentialAction":[{"@type":"ReadAction","target":["https:\/\/sulin.ee\/en\/toode\/jollein-puidust-ladumistorn-jungle-jambo-2\/"]}]},{"@type":"ImageObject","inLanguage":"en-US","@id":"https:\/\/sulin.ee\/en\/toode\/jollein-puidust-ladumistorn-jungle-jambo-2\/#primaryimage","url":"https:\/\/sulin.ee\/wp-content\/uploads\/2025\/01\/Piltide-korrektuurid-kodulehel-2025-01-30T142744.510.png","contentUrl":"https:\/\/sulin.ee\/wp-content\/uploads\/2025\/01\/Piltide-korrektuurid-kodulehel-2025-01-30T142744.510.png","width":1080,"height":1080,"caption":"Jollein puidust ladumistorn"},{"@type":"BreadcrumbList","@id":"https:\/\/sulin.ee\/en\/toode\/jollein-puidust-ladumistorn-jungle-jambo-2\/#breadcrumb","itemListElement":[{"@type":"ListItem","position":1,"name":"Home","item":"https:\/\/sulin.ee\/en\/"},{"@type":"ListItem","position":2,"name":"Sulin.ee e-pood","item":"https:\/\/sulin.ee\/shop\/"},{"@type":"ListItem","position":3,"name":"Jollein puidust ladumistorn &#8211; Jungle Jambo"}]},{"@type":"WebSite","@id":"https:\/\/sulin.ee\/en\/#website","url":"https:\/\/sulin.ee\/en\/","name":"sulin.ee","description":"","publisher":{"@id":"https:\/\/sulin.ee\/en\/#organization"},"potentialAction":[{"@type":"SearchAction","target":{"@type":"EntryPoint","urlTemplate":"https:\/\/sulin.ee\/en\/?s={search_term_string}"},"query-input":{"@type":"PropertyValueSpecification","valueRequired":true,"valueName":"search_term_string"}}],"inLanguage":"en-US"},{"@type":"Organization","@id":"https:\/\/sulin.ee\/en\/#organization","name":"SULIN TRADE O\u00dc","url":"https:\/\/sulin.ee\/en\/","logo":{"@type":"ImageObject","inLanguage":"en-US","@id":"https:\/\/sulin.ee\/en\/#\/schema\/logo\/image\/","url":"https:\/\/sulin.ee\/wp-content\/uploads\/2022\/11\/sulin-logo.png","contentUrl":"https:\/\/sulin.ee\/wp-content\/uploads\/2022\/11\/sulin-logo.png","width":871,"height":321,"caption":"SULIN TRADE O\u00dc"},"image":{"@id":"https:\/\/sulin.ee\/en\/#\/schema\/logo\/image\/"},"sameAs":["https:\/\/www.facebook.com\/www.sulin.ee\/","https:\/\/www.instagram.com\/sulintrade\/"]}]}},"builder_content":"","_links":{"self":[{"href":"https:\/\/sulin.ee\/en\/wp-json\/wp\/v2\/product\/36647","targetHints":{"allow":["GET"]}}],"collection":[{"href":"https:\/\/sulin.ee\/en\/wp-json\/wp\/v2\/product"}],"about":[{"href":"https:\/\/sulin.ee\/en\/wp-json\/wp\/v2\/types\/product"}],"replies":[{"embeddable":true,"href":"https:\/\/sulin.ee\/en\/wp-json\/wp\/v2\/comments?post=36647"}],"wp:featuredmedia":[{"embeddable":true,"href":"https:\/\/sulin.ee\/en\/wp-json\/wp\/v2\/media\/36648"}],"wp:attachment":[{"href":"https:\/\/sulin.ee\/en\/wp-json\/wp\/v2\/media?parent=36647"}],"wp:term":[{"taxonomy":"product_brand","embeddable":true,"href":"https:\/\/sulin.ee\/en\/wp-json\/wp\/v2\/product_brand?post=36647"},{"taxonomy":"product_cat","embeddable":true,"href":"https:\/\/sulin.ee\/en\/wp-json\/wp\/v2\/product_cat?post=36647"},{"taxonomy":"product_tag","embeddable":true,"href":"https:\/\/sulin.ee\/en\/wp-json\/wp\/v2\/product_tag?post=36647"}],"curies":[{"name":"wp","href":"https:\/\/api.w.org\/{rel}","templated":true}]}}