{"id":36634,"date":"2025-01-30T12:01:02","date_gmt":"2025-01-30T12:01:02","guid":{"rendered":"https:\/\/sulin.ee\/?post_type=product&#038;p=36634"},"modified":"2025-09-07T21:34:51","modified_gmt":"2025-09-07T21:34:51","slug":"jollein-puidust-kujundite-sorteerija-jungle-jambo","status":"publish","type":"product","link":"https:\/\/sulin.ee\/en\/toode\/jollein-puidust-kujundite-sorteerija-jungle-jambo\/","title":{"rendered":"Jollein puidust kujundite sorteerija &#8211; Jungle Jambo"},"content":{"rendered":"<p>Jollein puidust kujundite sorteerija &#8211; Jungle Jambo viib teie lapse koos erinevate d\u017eungliloomadega seiklusterohkele m\u00e4nguretkele. See puidust m\u00e4ngumaja pakub kuut unikaalset loomakujulist ava, kus iga loom sobib ainult oma kindlasse pilusse. See mitte ainult ei paku meelelahutust tundideks, vaid on ka suurep\u00e4rane vaimne v\u00e4ljakutse, aidates arendada lapse probleemilahendusoskusi ja k\u00e4elist koordinatsiooni.<\/p>\n<p>Puidust m\u00e4nguasjad on tuntud oma vastupidavuse ja ohutuse poolest ning see sorteerija ei ole erand. K\u00f5ik selle osad on valmistatud 100% FSC sertifitseeritud puidust, tagades, et m\u00e4nguasi ei ole mitte ainult keskkonnas\u00f5bralik, vaid ka lapsele ohutu. Lapsega koos m\u00e4ngimine toetab tema peenmotoorikat ja kujunditundmist, muutes \u00f5ppimise l\u00f5busaks ja kaasahaaravaks.<\/p>\n<p><strong>Toote m\u00f5\u00f5dud:<\/strong><\/p>\n<ul>\n<li>\u2705 K\u00f5rgus: 7.8 cm<\/li>\n<li>\u2705 Laius: 15 cm<\/li>\n<li>\u2705 Pikkus: 21.7 cm<\/li>\n<\/ul>\n<p><a href=\"https:\/\/jollein.com\/\">Jollein<\/a>\u00a0puidust kujundite sorteerija on ideaalne valik lapsele, kes armastab loomi ja m\u00f5istatusi. See on suurep\u00e4rane vahend loovuse ja intellektuaalse arengu toetamiseks, tuues igasse m\u00e4ngu hetke nii hariduslikku v\u00e4\u00e4rtust kui ka r\u00f5\u00f5mu.<\/p>\n<p>Vaadake kindlasti ka meie teisi<a href=\"https:\/\/sulin.ee\/tootekategooria\/beebile\/manguasjad\/motoorika-manguasjad\/\"> arendavaid m\u00e4nguasju<\/a>, mis pakuvad l\u00f5bu ja \u00f5ppimisv\u00f5imalusi igale lapsele!<\/p>\n","protected":false},"excerpt":{"rendered":"<p><strong>Puidust kujundite sorteerija &#8211; Jungle Jambo pakub teie lapsele vahvat ja harivat m\u00e4ngukogemust. Kuue unikaalse loomakujukese abil arendab see m\u00e4nguasi lapse probleemilahendusoskusi ja k\u00e4elist koordinatsiooni, pakkudes samal ajal l\u00f5putut l\u00f5bu. Valmistatud 100% FSC sertifitseeritud puidust, on see vastupidav ja ohutu valik igale seiklushimulisele lapsele.<\/strong><\/p>\n","protected":false},"featured_media":36635,"comment_status":"open","ping_status":"closed","template":"","meta":[],"product_brand":[],"product_cat":[179,769,1003,1016,1001,110,1162,1164,1002,1023,175,776],"product_tag":[],"class_list":{"0":"post-36634","1":"product","2":"type-product","3":"status-publish","4":"has-post-thumbnail","6":"product_cat-beebile","7":"product_cat-manguasjad","8":"product_cat-motoorika-manguasjad-beebile","9":"product_cat-motoorikakeskused","10":"product_cat-sorteerimismangud","11":"product_cat-mangimine","12":"product_cat-kingituseks","13":"product_cat-1-3-aastat","14":"product_cat-oppemangud","15":"product_cat-motoorika","16":"product_cat-puidust-manguasjad","17":"product_cat-jollein-2","18":"has-post-title","19":"has-post-date","20":"has-post-category","21":"has-post-tag","22":"has-post-comment","23":"has-post-author","24":"","26":"first","27":"instock","28":"sale","29":"taxable","30":"shipping-taxable","31":"purchasable","32":"product-type-simple"},"yoast_head":"<!-- This site is optimized with the Yoast SEO plugin v26.8 - https:\/\/yoast.com\/product\/yoast-seo-wordpress\/ -->\n<title>Jollein puidust kujundite sorteerija - Jungle Jambo - sulin.ee<\/title>\n<meta name=\"description\" content=\"Jollein puidust kujundite sorteerija pakub teie lapsele vahvat ja harivat m\u00e4ngukogemust. Arendab probleemilahendusoskusi ja k\u00e4elist koordinatsiooni.\" \/>\n<meta name=\"robots\" content=\"index, follow, max-snippet:-1, max-image-preview:large, max-video-preview:-1\" \/>\n<link rel=\"canonical\" href=\"https:\/\/sulin.ee\/en\/toode\/jollein-puidust-kujundite-sorteerija-jungle-jambo\/\" \/>\n<meta property=\"og:locale\" content=\"en_US\" \/>\n<meta property=\"og:type\" content=\"article\" \/>\n<meta property=\"og:title\" content=\"Jollein puidust kujundite sorteerija - Jungle Jambo - sulin.ee\" \/>\n<meta property=\"og:description\" content=\"Jollein puidust kujundite sorteerija pakub teie lapsele vahvat ja harivat m\u00e4ngukogemust. Arendab probleemilahendusoskusi ja k\u00e4elist koordinatsiooni.\" \/>\n<meta property=\"og:url\" content=\"https:\/\/sulin.ee\/en\/toode\/jollein-puidust-kujundite-sorteerija-jungle-jambo\/\" \/>\n<meta property=\"og:site_name\" content=\"sulin.ee\" \/>\n<meta property=\"article:publisher\" content=\"https:\/\/www.facebook.com\/www.sulin.ee\/\" \/>\n<meta property=\"article:modified_time\" content=\"2025-09-07T21:34:51+00:00\" \/>\n<meta property=\"og:image\" content=\"https:\/\/sulin.ee\/wp-content\/uploads\/2025\/01\/Piltide-korrektuurid-kodulehel-2025-01-30T133509.778.png\" \/>\n\t<meta property=\"og:image:width\" content=\"1080\" \/>\n\t<meta property=\"og:image:height\" content=\"1080\" \/>\n\t<meta property=\"og:image:type\" content=\"image\/png\" \/>\n<meta name=\"twitter:card\" content=\"summary_large_image\" \/>\n<meta name=\"twitter:label1\" content=\"Est. reading time\" \/>\n\t<meta name=\"twitter:data1\" content=\"2 minutes\" \/>\n<script type=\"application\/ld+json\" class=\"yoast-schema-graph\">{\"@context\":\"https:\/\/schema.org\",\"@graph\":[{\"@type\":\"WebPage\",\"@id\":\"https:\/\/sulin.ee\/en\/toode\/jollein-puidust-kujundite-sorteerija-jungle-jambo\/\",\"url\":\"https:\/\/sulin.ee\/en\/toode\/jollein-puidust-kujundite-sorteerija-jungle-jambo\/\",\"name\":\"Jollein puidust kujundite sorteerija - Jungle Jambo - sulin.ee\",\"isPartOf\":{\"@id\":\"https:\/\/sulin.ee\/en\/#website\"},\"primaryImageOfPage\":{\"@id\":\"https:\/\/sulin.ee\/en\/toode\/jollein-puidust-kujundite-sorteerija-jungle-jambo\/#primaryimage\"},\"image\":{\"@id\":\"https:\/\/sulin.ee\/en\/toode\/jollein-puidust-kujundite-sorteerija-jungle-jambo\/#primaryimage\"},\"thumbnailUrl\":\"https:\/\/sulin.ee\/wp-content\/uploads\/2025\/01\/Piltide-korrektuurid-kodulehel-2025-01-30T133509.778.png\",\"datePublished\":\"2025-01-30T12:01:02+00:00\",\"dateModified\":\"2025-09-07T21:34:51+00:00\",\"description\":\"Jollein puidust kujundite sorteerija pakub teie lapsele vahvat ja harivat m\u00e4ngukogemust. Arendab probleemilahendusoskusi ja k\u00e4elist koordinatsiooni.\",\"breadcrumb\":{\"@id\":\"https:\/\/sulin.ee\/en\/toode\/jollein-puidust-kujundite-sorteerija-jungle-jambo\/#breadcrumb\"},\"inLanguage\":\"en-US\",\"potentialAction\":[{\"@type\":\"ReadAction\",\"target\":[\"https:\/\/sulin.ee\/en\/toode\/jollein-puidust-kujundite-sorteerija-jungle-jambo\/\"]}]},{\"@type\":\"ImageObject\",\"inLanguage\":\"en-US\",\"@id\":\"https:\/\/sulin.ee\/en\/toode\/jollein-puidust-kujundite-sorteerija-jungle-jambo\/#primaryimage\",\"url\":\"https:\/\/sulin.ee\/wp-content\/uploads\/2025\/01\/Piltide-korrektuurid-kodulehel-2025-01-30T133509.778.png\",\"contentUrl\":\"https:\/\/sulin.ee\/wp-content\/uploads\/2025\/01\/Piltide-korrektuurid-kodulehel-2025-01-30T133509.778.png\",\"width\":1080,\"height\":1080,\"caption\":\"Puidust kujundite sorteerija - D\u017eungli D\u017e\u00e4mm Toote kirjeldus: L\u00f5bus ja \u00f5petlik Puidust kujundite sorteerija - D\u017eungli D\u017e\u00e4mm viib teie lapse koos erinevate d\u017eungliloomadega seiklusterohkele m\u00e4nguretkele. See puidust m\u00e4ngumaja pakub kuut unikaalset loomakujulist ava, kus iga loom sobib ainult oma kindlasse pilusse. See mitte ainult ei paku meelelahutust tundideks, vaid on ka suurep\u00e4rane vaimne v\u00e4ljakutse, aidates arendada lapse probleemilahendusoskusi ja k\u00e4elist koordinatsiooni. Puidust m\u00e4nguasjad on tuntud oma vastupidavuse ja ohutuse poolest ning see sorteerija ei ole erand. K\u00f5ik selle osad on valmistatud 100% FSC sertifitseeritud puidust, tagades, et m\u00e4nguasi ei ole mitte ainult keskkonnas\u00f5bralik, vaid ka lapsele ohutu. Lapsega koos m\u00e4ngimine toetab tema peenmotoorikat ja kujunditundmist, muutes \u00f5ppimise l\u00f5busaks ja kaasahaaravaks. Toote m\u00f5\u00f5dud: \u2705 K\u00f5rgus: 7.8 cm \u2705 Laius: 15 cm \u2705 Pikkus: 21.7 cm D\u017eungli D\u017e\u00e4mm sorteerija on ideaalne valik lapsele, kes armastab loomi ja m\u00f5istatusi. See on suurep\u00e4rane vahend loovuse ja intellektuaalse arengu toetamiseks, tuues igasse m\u00e4ngu hetke nii hariduslikku v\u00e4\u00e4rtust kui ka r\u00f5\u00f5mu.\"},{\"@type\":\"BreadcrumbList\",\"@id\":\"https:\/\/sulin.ee\/en\/toode\/jollein-puidust-kujundite-sorteerija-jungle-jambo\/#breadcrumb\",\"itemListElement\":[{\"@type\":\"ListItem\",\"position\":1,\"name\":\"Home\",\"item\":\"https:\/\/sulin.ee\/en\/\"},{\"@type\":\"ListItem\",\"position\":2,\"name\":\"Sulin.ee e-pood\",\"item\":\"https:\/\/sulin.ee\/shop\/\"},{\"@type\":\"ListItem\",\"position\":3,\"name\":\"Jollein puidust kujundite sorteerija &#8211; Jungle Jambo\"}]},{\"@type\":\"WebSite\",\"@id\":\"https:\/\/sulin.ee\/en\/#website\",\"url\":\"https:\/\/sulin.ee\/en\/\",\"name\":\"sulin.ee\",\"description\":\"\",\"publisher\":{\"@id\":\"https:\/\/sulin.ee\/en\/#organization\"},\"potentialAction\":[{\"@type\":\"SearchAction\",\"target\":{\"@type\":\"EntryPoint\",\"urlTemplate\":\"https:\/\/sulin.ee\/en\/?s={search_term_string}\"},\"query-input\":{\"@type\":\"PropertyValueSpecification\",\"valueRequired\":true,\"valueName\":\"search_term_string\"}}],\"inLanguage\":\"en-US\"},{\"@type\":\"Organization\",\"@id\":\"https:\/\/sulin.ee\/en\/#organization\",\"name\":\"SULIN TRADE O\u00dc\",\"url\":\"https:\/\/sulin.ee\/en\/\",\"logo\":{\"@type\":\"ImageObject\",\"inLanguage\":\"en-US\",\"@id\":\"https:\/\/sulin.ee\/en\/#\/schema\/logo\/image\/\",\"url\":\"https:\/\/sulin.ee\/wp-content\/uploads\/2022\/11\/sulin-logo.png\",\"contentUrl\":\"https:\/\/sulin.ee\/wp-content\/uploads\/2022\/11\/sulin-logo.png\",\"width\":871,\"height\":321,\"caption\":\"SULIN TRADE O\u00dc\"},\"image\":{\"@id\":\"https:\/\/sulin.ee\/en\/#\/schema\/logo\/image\/\"},\"sameAs\":[\"https:\/\/www.facebook.com\/www.sulin.ee\/\",\"https:\/\/www.instagram.com\/sulintrade\/\"]}]}<\/script>\n<!-- \/ Yoast SEO plugin. -->","yoast_head_json":{"title":"Jollein puidust kujundite sorteerija - Jungle Jambo - sulin.ee","description":"Jollein puidust kujundite sorteerija pakub teie lapsele vahvat ja harivat m\u00e4ngukogemust. Arendab probleemilahendusoskusi ja k\u00e4elist koordinatsiooni.","robots":{"index":"index","follow":"follow","max-snippet":"max-snippet:-1","max-image-preview":"max-image-preview:large","max-video-preview":"max-video-preview:-1"},"canonical":"https:\/\/sulin.ee\/en\/toode\/jollein-puidust-kujundite-sorteerija-jungle-jambo\/","og_locale":"en_US","og_type":"article","og_title":"Jollein puidust kujundite sorteerija - Jungle Jambo - sulin.ee","og_description":"Jollein puidust kujundite sorteerija pakub teie lapsele vahvat ja harivat m\u00e4ngukogemust. Arendab probleemilahendusoskusi ja k\u00e4elist koordinatsiooni.","og_url":"https:\/\/sulin.ee\/en\/toode\/jollein-puidust-kujundite-sorteerija-jungle-jambo\/","og_site_name":"sulin.ee","article_publisher":"https:\/\/www.facebook.com\/www.sulin.ee\/","article_modified_time":"2025-09-07T21:34:51+00:00","og_image":[{"width":1080,"height":1080,"url":"https:\/\/sulin.ee\/wp-content\/uploads\/2025\/01\/Piltide-korrektuurid-kodulehel-2025-01-30T133509.778.png","type":"image\/png"}],"twitter_card":"summary_large_image","twitter_misc":{"Est. reading time":"2 minutes"},"schema":{"@context":"https:\/\/schema.org","@graph":[{"@type":"WebPage","@id":"https:\/\/sulin.ee\/en\/toode\/jollein-puidust-kujundite-sorteerija-jungle-jambo\/","url":"https:\/\/sulin.ee\/en\/toode\/jollein-puidust-kujundite-sorteerija-jungle-jambo\/","name":"Jollein puidust kujundite sorteerija - Jungle Jambo - sulin.ee","isPartOf":{"@id":"https:\/\/sulin.ee\/en\/#website"},"primaryImageOfPage":{"@id":"https:\/\/sulin.ee\/en\/toode\/jollein-puidust-kujundite-sorteerija-jungle-jambo\/#primaryimage"},"image":{"@id":"https:\/\/sulin.ee\/en\/toode\/jollein-puidust-kujundite-sorteerija-jungle-jambo\/#primaryimage"},"thumbnailUrl":"https:\/\/sulin.ee\/wp-content\/uploads\/2025\/01\/Piltide-korrektuurid-kodulehel-2025-01-30T133509.778.png","datePublished":"2025-01-30T12:01:02+00:00","dateModified":"2025-09-07T21:34:51+00:00","description":"Jollein puidust kujundite sorteerija pakub teie lapsele vahvat ja harivat m\u00e4ngukogemust. Arendab probleemilahendusoskusi ja k\u00e4elist koordinatsiooni.","breadcrumb":{"@id":"https:\/\/sulin.ee\/en\/toode\/jollein-puidust-kujundite-sorteerija-jungle-jambo\/#breadcrumb"},"inLanguage":"en-US","potentialAction":[{"@type":"ReadAction","target":["https:\/\/sulin.ee\/en\/toode\/jollein-puidust-kujundite-sorteerija-jungle-jambo\/"]}]},{"@type":"ImageObject","inLanguage":"en-US","@id":"https:\/\/sulin.ee\/en\/toode\/jollein-puidust-kujundite-sorteerija-jungle-jambo\/#primaryimage","url":"https:\/\/sulin.ee\/wp-content\/uploads\/2025\/01\/Piltide-korrektuurid-kodulehel-2025-01-30T133509.778.png","contentUrl":"https:\/\/sulin.ee\/wp-content\/uploads\/2025\/01\/Piltide-korrektuurid-kodulehel-2025-01-30T133509.778.png","width":1080,"height":1080,"caption":"Puidust kujundite sorteerija - D\u017eungli D\u017e\u00e4mm Toote kirjeldus: L\u00f5bus ja \u00f5petlik Puidust kujundite sorteerija - D\u017eungli D\u017e\u00e4mm viib teie lapse koos erinevate d\u017eungliloomadega seiklusterohkele m\u00e4nguretkele. See puidust m\u00e4ngumaja pakub kuut unikaalset loomakujulist ava, kus iga loom sobib ainult oma kindlasse pilusse. See mitte ainult ei paku meelelahutust tundideks, vaid on ka suurep\u00e4rane vaimne v\u00e4ljakutse, aidates arendada lapse probleemilahendusoskusi ja k\u00e4elist koordinatsiooni. Puidust m\u00e4nguasjad on tuntud oma vastupidavuse ja ohutuse poolest ning see sorteerija ei ole erand. K\u00f5ik selle osad on valmistatud 100% FSC sertifitseeritud puidust, tagades, et m\u00e4nguasi ei ole mitte ainult keskkonnas\u00f5bralik, vaid ka lapsele ohutu. Lapsega koos m\u00e4ngimine toetab tema peenmotoorikat ja kujunditundmist, muutes \u00f5ppimise l\u00f5busaks ja kaasahaaravaks. Toote m\u00f5\u00f5dud: \u2705 K\u00f5rgus: 7.8 cm \u2705 Laius: 15 cm \u2705 Pikkus: 21.7 cm D\u017eungli D\u017e\u00e4mm sorteerija on ideaalne valik lapsele, kes armastab loomi ja m\u00f5istatusi. See on suurep\u00e4rane vahend loovuse ja intellektuaalse arengu toetamiseks, tuues igasse m\u00e4ngu hetke nii hariduslikku v\u00e4\u00e4rtust kui ka r\u00f5\u00f5mu."},{"@type":"BreadcrumbList","@id":"https:\/\/sulin.ee\/en\/toode\/jollein-puidust-kujundite-sorteerija-jungle-jambo\/#breadcrumb","itemListElement":[{"@type":"ListItem","position":1,"name":"Home","item":"https:\/\/sulin.ee\/en\/"},{"@type":"ListItem","position":2,"name":"Sulin.ee e-pood","item":"https:\/\/sulin.ee\/shop\/"},{"@type":"ListItem","position":3,"name":"Jollein puidust kujundite sorteerija &#8211; Jungle Jambo"}]},{"@type":"WebSite","@id":"https:\/\/sulin.ee\/en\/#website","url":"https:\/\/sulin.ee\/en\/","name":"sulin.ee","description":"","publisher":{"@id":"https:\/\/sulin.ee\/en\/#organization"},"potentialAction":[{"@type":"SearchAction","target":{"@type":"EntryPoint","urlTemplate":"https:\/\/sulin.ee\/en\/?s={search_term_string}"},"query-input":{"@type":"PropertyValueSpecification","valueRequired":true,"valueName":"search_term_string"}}],"inLanguage":"en-US"},{"@type":"Organization","@id":"https:\/\/sulin.ee\/en\/#organization","name":"SULIN TRADE O\u00dc","url":"https:\/\/sulin.ee\/en\/","logo":{"@type":"ImageObject","inLanguage":"en-US","@id":"https:\/\/sulin.ee\/en\/#\/schema\/logo\/image\/","url":"https:\/\/sulin.ee\/wp-content\/uploads\/2022\/11\/sulin-logo.png","contentUrl":"https:\/\/sulin.ee\/wp-content\/uploads\/2022\/11\/sulin-logo.png","width":871,"height":321,"caption":"SULIN TRADE O\u00dc"},"image":{"@id":"https:\/\/sulin.ee\/en\/#\/schema\/logo\/image\/"},"sameAs":["https:\/\/www.facebook.com\/www.sulin.ee\/","https:\/\/www.instagram.com\/sulintrade\/"]}]}},"builder_content":"","_links":{"self":[{"href":"https:\/\/sulin.ee\/en\/wp-json\/wp\/v2\/product\/36634","targetHints":{"allow":["GET"]}}],"collection":[{"href":"https:\/\/sulin.ee\/en\/wp-json\/wp\/v2\/product"}],"about":[{"href":"https:\/\/sulin.ee\/en\/wp-json\/wp\/v2\/types\/product"}],"replies":[{"embeddable":true,"href":"https:\/\/sulin.ee\/en\/wp-json\/wp\/v2\/comments?post=36634"}],"wp:featuredmedia":[{"embeddable":true,"href":"https:\/\/sulin.ee\/en\/wp-json\/wp\/v2\/media\/36635"}],"wp:attachment":[{"href":"https:\/\/sulin.ee\/en\/wp-json\/wp\/v2\/media?parent=36634"}],"wp:term":[{"taxonomy":"product_brand","embeddable":true,"href":"https:\/\/sulin.ee\/en\/wp-json\/wp\/v2\/product_brand?post=36634"},{"taxonomy":"product_cat","embeddable":true,"href":"https:\/\/sulin.ee\/en\/wp-json\/wp\/v2\/product_cat?post=36634"},{"taxonomy":"product_tag","embeddable":true,"href":"https:\/\/sulin.ee\/en\/wp-json\/wp\/v2\/product_tag?post=36634"}],"curies":[{"name":"wp","href":"https:\/\/api.w.org\/{rel}","templated":true}]}}