{"id":36571,"date":"2025-01-30T09:08:41","date_gmt":"2025-01-30T09:08:41","guid":{"rendered":"https:\/\/sulin.ee\/?post_type=product&#038;p=36571"},"modified":"2025-09-07T21:34:51","modified_gmt":"2025-09-07T21:34:51","slug":"pehme-nukk-daisy","status":"publish","type":"product","link":"https:\/\/sulin.ee\/en\/toode\/pehme-nukk-daisy\/","title":{"rendered":"Pehme nukk Daisy"},"content":{"rendered":"<div class=\"flex-1 overflow-hidden @container\/thread\">\n<div class=\"h-full\">\n<div class=\"react-scroll-to-bottom--css-hwdys-79elbk h-full\">\n<div class=\"react-scroll-to-bottom--css-hwdys-1n7m0yu\">\n<div class=\"flex flex-col text-sm md:pb-9\">\n<article class=\"w-full scroll-mb-[var(--thread-trailing-height,150px)] text-token-text-primary focus-visible:outline-2 focus-visible:outline-offset-[-4px]\" dir=\"auto\" data-testid=\"conversation-turn-45\" data-scroll-anchor=\"true\">\n<div class=\"m-auto text-base py-[18px] px-3 md:px-4 w-full md:px-5 lg:px-4 xl:px-5\">\n<div class=\"mx-auto flex flex-1 gap-4 text-base md:gap-5 lg:gap-6 md:max-w-3xl lg:max-w-[40rem] xl:max-w-[48rem]\">\n<div class=\"group\/conversation-turn relative flex w-full min-w-0 flex-col agent-turn\">\n<div class=\"flex-col gap-1 md:gap-3\">\n<div class=\"flex max-w-full flex-col flex-grow\">\n<div class=\"min-h-8 text-message flex w-full flex-col items-end gap-2 whitespace-normal break-words text-start [.text-message+&amp;]:mt-5\" dir=\"auto\" data-message-author-role=\"assistant\" data-message-id=\"87493019-156a-48a8-933e-485063e12e31\" data-message-model-slug=\"gpt-4\">\n<div class=\"flex w-full flex-col gap-1 empty:hidden first:pt-[3px]\">\n<div class=\"markdown prose w-full break-words dark:prose-invert light\">\n<p><strong>Pehme nukk Daisy<\/strong> on v\u00f5luv m\u00e4ngukaaslane, kelle tumedad juuksed on seotud kaunitesse krunnidesse ja kes kannab silmapaistvat lillakat kleiti. Daisy kiirgab r\u00f5\u00f5msameelsust, mis inspireerib iga v\u00e4ikest last looma ja elama l\u00e4bi p\u00f5nevaid lugusid ja seiklusi. Tema lilla kleit ja m\u00e4ngulised krunnid toovad esile tema printsessilikku olemust, muutes ta igas m\u00e4ngunurgas t\u00f5eliseks pilgup\u00fc\u00fcdjaks.<\/p>\n<p>Pehme nukk Daisy on loodud kestma ja kaasas k\u00e4ima igas lapsep\u00f5lve seikluses, olgu selleks siis pikad jutustused v\u00f5i magusad unen\u00e4od. Tema s\u00e4ravad silmad ja soe naeratus tekitavad kohe s\u00f5braliku ja kutsuva mulje, julgustades lapsi avastama maailma l\u00e4bi m\u00e4ngu ja fantaasia. Daisy on valmistatud pehmest ja turvalisest materjalist, et tagada mugavus ja turvalisus m\u00e4ngu ajal.<\/p>\n<p><a href=\"https:\/\/jollein.com\/\">Jollein<\/a> nukk Daisy ei ole lihtsalt m\u00e4nguasi, vaid ka kaunis dekoratiivelement, mis sobib suurep\u00e4raselt igasse lastetuppa, tuues sinna stiili ja v\u00e4rvik\u00fcllust. Tema kaasahaarav iseloom ja armastus uudishimu vastu teevad temast ideaalse kaaslase iga lapse kasvamise teekonnal.<\/p>\n<p><strong>Toote m\u00f5\u00f5dud:<\/strong><\/p>\n<ul>\n<li>\u2705 K\u00f5rgus: 6 cm<\/li>\n<li>\u2705 Laius: 10 cm<\/li>\n<li>\u2705 Pikkus: 32 cm<\/li>\n<\/ul>\n<div class=\"flex max-w-full flex-col flex-grow\">\n<div class=\"min-h-8 text-message flex w-full flex-col items-end gap-2 whitespace-normal break-words text-start [.text-message+&amp;]:mt-5\" dir=\"auto\" data-message-author-role=\"assistant\" data-message-id=\"05faa89e-a935-4431-adec-69c7a23d754f\" data-message-model-slug=\"gpt-4\">\n<div class=\"flex w-full flex-col gap-1 empty:hidden first:pt-[3px]\">\n<div class=\"markdown prose w-full break-words dark:prose-invert light\">\n<p>Avasta ka meie teisi <a href=\"https:\/\/sulin.ee\/tootekategooria\/mangimine\/pehmed-manguasjad\/\">pehmeid m\u00e4nguasju<\/a>, mis pakuvad samuti l\u00f5bu ja fantaasiat igasse p\u00e4eva.<\/p>\n<\/div>\n<\/div>\n<\/div>\n<\/div>\n<\/div>\n<\/div>\n<\/div>\n<\/div>\n<\/div>\n<\/div>\n<\/div>\n<\/div>\n<\/article>\n<\/div>\n<\/div>\n<\/div>\n<\/div>\n<\/div>\n","protected":false},"excerpt":{"rendered":"<p><strong>Pehme nukk Daisy, kaunistatud tumedate krunnide ja lillaka kleidiga, pakub lapsele r\u00f5\u00f5mu ja inspiratsiooni, muutes m\u00e4nguaja maagiliseks ja v\u00e4rvikirevaks.<\/strong><\/p>\n","protected":false},"featured_media":36572,"comment_status":"open","ping_status":"closed","template":"","meta":[],"product_brand":[],"product_cat":[110,1162,1164,1165,1166,768,776],"product_tag":[],"class_list":{"0":"post-36571","1":"product","2":"type-product","3":"status-publish","4":"has-post-thumbnail","6":"product_cat-mangimine","7":"product_cat-kingituseks","8":"product_cat-1-3-aastat","9":"product_cat-3-5-aastat","10":"product_cat-6-8-aastat","11":"product_cat-pehmed-manguasjad","12":"product_cat-jollein-2","13":"has-post-title","14":"has-post-date","15":"has-post-category","16":"has-post-tag","17":"has-post-comment","18":"has-post-author","19":"","21":"first","22":"instock","23":"sale","24":"taxable","25":"shipping-taxable","26":"purchasable","27":"product-type-simple"},"yoast_head":"<!-- This site is optimized with the Yoast SEO plugin v26.8 - https:\/\/yoast.com\/product\/yoast-seo-wordpress\/ -->\n<title>Pehme nukk Daisy - sulin.ee<\/title>\n<meta name=\"description\" content=\"Pehme nukk Daisy kiirgab r\u00f5\u00f5msameelsust, mis inspireerib iga v\u00e4ikest last looma ja elama l\u00e4bi p\u00f5nevaid lugusid ja seiklusi.\" \/>\n<meta name=\"robots\" content=\"index, follow, max-snippet:-1, max-image-preview:large, max-video-preview:-1\" \/>\n<link rel=\"canonical\" href=\"https:\/\/sulin.ee\/en\/toode\/pehme-nukk-daisy\/\" \/>\n<meta property=\"og:locale\" content=\"en_US\" \/>\n<meta property=\"og:type\" content=\"article\" \/>\n<meta property=\"og:title\" content=\"Pehme nukk Daisy - sulin.ee\" \/>\n<meta property=\"og:description\" content=\"Pehme nukk Daisy kiirgab r\u00f5\u00f5msameelsust, mis inspireerib iga v\u00e4ikest last looma ja elama l\u00e4bi p\u00f5nevaid lugusid ja seiklusi.\" \/>\n<meta property=\"og:url\" content=\"https:\/\/sulin.ee\/en\/toode\/pehme-nukk-daisy\/\" \/>\n<meta property=\"og:site_name\" content=\"sulin.ee\" \/>\n<meta property=\"article:publisher\" content=\"https:\/\/www.facebook.com\/www.sulin.ee\/\" \/>\n<meta property=\"article:modified_time\" content=\"2025-09-07T21:34:51+00:00\" \/>\n<meta property=\"og:image\" content=\"https:\/\/sulin.ee\/wp-content\/uploads\/2025\/01\/Piltide-korrektuurid-kodulehel-2025-01-30T110031.570.png\" \/>\n\t<meta property=\"og:image:width\" content=\"1080\" \/>\n\t<meta property=\"og:image:height\" content=\"1080\" \/>\n\t<meta property=\"og:image:type\" content=\"image\/png\" \/>\n<meta name=\"twitter:card\" content=\"summary_large_image\" \/>\n<meta name=\"twitter:label1\" content=\"Est. reading time\" \/>\n\t<meta name=\"twitter:data1\" content=\"2 minutes\" \/>\n<script type=\"application\/ld+json\" class=\"yoast-schema-graph\">{\"@context\":\"https:\/\/schema.org\",\"@graph\":[{\"@type\":\"WebPage\",\"@id\":\"https:\/\/sulin.ee\/en\/toode\/pehme-nukk-daisy\/\",\"url\":\"https:\/\/sulin.ee\/en\/toode\/pehme-nukk-daisy\/\",\"name\":\"Pehme nukk Daisy - sulin.ee\",\"isPartOf\":{\"@id\":\"https:\/\/sulin.ee\/en\/#website\"},\"primaryImageOfPage\":{\"@id\":\"https:\/\/sulin.ee\/en\/toode\/pehme-nukk-daisy\/#primaryimage\"},\"image\":{\"@id\":\"https:\/\/sulin.ee\/en\/toode\/pehme-nukk-daisy\/#primaryimage\"},\"thumbnailUrl\":\"https:\/\/sulin.ee\/wp-content\/uploads\/2025\/01\/Piltide-korrektuurid-kodulehel-2025-01-30T110031.570.png\",\"datePublished\":\"2025-01-30T09:08:41+00:00\",\"dateModified\":\"2025-09-07T21:34:51+00:00\",\"description\":\"Pehme nukk Daisy kiirgab r\u00f5\u00f5msameelsust, mis inspireerib iga v\u00e4ikest last looma ja elama l\u00e4bi p\u00f5nevaid lugusid ja seiklusi.\",\"breadcrumb\":{\"@id\":\"https:\/\/sulin.ee\/en\/toode\/pehme-nukk-daisy\/#breadcrumb\"},\"inLanguage\":\"en-US\",\"potentialAction\":[{\"@type\":\"ReadAction\",\"target\":[\"https:\/\/sulin.ee\/en\/toode\/pehme-nukk-daisy\/\"]}]},{\"@type\":\"ImageObject\",\"inLanguage\":\"en-US\",\"@id\":\"https:\/\/sulin.ee\/en\/toode\/pehme-nukk-daisy\/#primaryimage\",\"url\":\"https:\/\/sulin.ee\/wp-content\/uploads\/2025\/01\/Piltide-korrektuurid-kodulehel-2025-01-30T110031.570.png\",\"contentUrl\":\"https:\/\/sulin.ee\/wp-content\/uploads\/2025\/01\/Piltide-korrektuurid-kodulehel-2025-01-30T110031.570.png\",\"width\":1080,\"height\":1080},{\"@type\":\"BreadcrumbList\",\"@id\":\"https:\/\/sulin.ee\/en\/toode\/pehme-nukk-daisy\/#breadcrumb\",\"itemListElement\":[{\"@type\":\"ListItem\",\"position\":1,\"name\":\"Home\",\"item\":\"https:\/\/sulin.ee\/en\/\"},{\"@type\":\"ListItem\",\"position\":2,\"name\":\"Sulin.ee e-pood\",\"item\":\"https:\/\/sulin.ee\/shop\/\"},{\"@type\":\"ListItem\",\"position\":3,\"name\":\"Pehme nukk Daisy\"}]},{\"@type\":\"WebSite\",\"@id\":\"https:\/\/sulin.ee\/en\/#website\",\"url\":\"https:\/\/sulin.ee\/en\/\",\"name\":\"sulin.ee\",\"description\":\"\",\"publisher\":{\"@id\":\"https:\/\/sulin.ee\/en\/#organization\"},\"potentialAction\":[{\"@type\":\"SearchAction\",\"target\":{\"@type\":\"EntryPoint\",\"urlTemplate\":\"https:\/\/sulin.ee\/en\/?s={search_term_string}\"},\"query-input\":{\"@type\":\"PropertyValueSpecification\",\"valueRequired\":true,\"valueName\":\"search_term_string\"}}],\"inLanguage\":\"en-US\"},{\"@type\":\"Organization\",\"@id\":\"https:\/\/sulin.ee\/en\/#organization\",\"name\":\"SULIN TRADE O\u00dc\",\"url\":\"https:\/\/sulin.ee\/en\/\",\"logo\":{\"@type\":\"ImageObject\",\"inLanguage\":\"en-US\",\"@id\":\"https:\/\/sulin.ee\/en\/#\/schema\/logo\/image\/\",\"url\":\"https:\/\/sulin.ee\/wp-content\/uploads\/2022\/11\/sulin-logo.png\",\"contentUrl\":\"https:\/\/sulin.ee\/wp-content\/uploads\/2022\/11\/sulin-logo.png\",\"width\":871,\"height\":321,\"caption\":\"SULIN TRADE O\u00dc\"},\"image\":{\"@id\":\"https:\/\/sulin.ee\/en\/#\/schema\/logo\/image\/\"},\"sameAs\":[\"https:\/\/www.facebook.com\/www.sulin.ee\/\",\"https:\/\/www.instagram.com\/sulintrade\/\"]}]}<\/script>\n<!-- \/ Yoast SEO plugin. -->","yoast_head_json":{"title":"Pehme nukk Daisy - sulin.ee","description":"Pehme nukk Daisy kiirgab r\u00f5\u00f5msameelsust, mis inspireerib iga v\u00e4ikest last looma ja elama l\u00e4bi p\u00f5nevaid lugusid ja seiklusi.","robots":{"index":"index","follow":"follow","max-snippet":"max-snippet:-1","max-image-preview":"max-image-preview:large","max-video-preview":"max-video-preview:-1"},"canonical":"https:\/\/sulin.ee\/en\/toode\/pehme-nukk-daisy\/","og_locale":"en_US","og_type":"article","og_title":"Pehme nukk Daisy - sulin.ee","og_description":"Pehme nukk Daisy kiirgab r\u00f5\u00f5msameelsust, mis inspireerib iga v\u00e4ikest last looma ja elama l\u00e4bi p\u00f5nevaid lugusid ja seiklusi.","og_url":"https:\/\/sulin.ee\/en\/toode\/pehme-nukk-daisy\/","og_site_name":"sulin.ee","article_publisher":"https:\/\/www.facebook.com\/www.sulin.ee\/","article_modified_time":"2025-09-07T21:34:51+00:00","og_image":[{"width":1080,"height":1080,"url":"https:\/\/sulin.ee\/wp-content\/uploads\/2025\/01\/Piltide-korrektuurid-kodulehel-2025-01-30T110031.570.png","type":"image\/png"}],"twitter_card":"summary_large_image","twitter_misc":{"Est. reading time":"2 minutes"},"schema":{"@context":"https:\/\/schema.org","@graph":[{"@type":"WebPage","@id":"https:\/\/sulin.ee\/en\/toode\/pehme-nukk-daisy\/","url":"https:\/\/sulin.ee\/en\/toode\/pehme-nukk-daisy\/","name":"Pehme nukk Daisy - sulin.ee","isPartOf":{"@id":"https:\/\/sulin.ee\/en\/#website"},"primaryImageOfPage":{"@id":"https:\/\/sulin.ee\/en\/toode\/pehme-nukk-daisy\/#primaryimage"},"image":{"@id":"https:\/\/sulin.ee\/en\/toode\/pehme-nukk-daisy\/#primaryimage"},"thumbnailUrl":"https:\/\/sulin.ee\/wp-content\/uploads\/2025\/01\/Piltide-korrektuurid-kodulehel-2025-01-30T110031.570.png","datePublished":"2025-01-30T09:08:41+00:00","dateModified":"2025-09-07T21:34:51+00:00","description":"Pehme nukk Daisy kiirgab r\u00f5\u00f5msameelsust, mis inspireerib iga v\u00e4ikest last looma ja elama l\u00e4bi p\u00f5nevaid lugusid ja seiklusi.","breadcrumb":{"@id":"https:\/\/sulin.ee\/en\/toode\/pehme-nukk-daisy\/#breadcrumb"},"inLanguage":"en-US","potentialAction":[{"@type":"ReadAction","target":["https:\/\/sulin.ee\/en\/toode\/pehme-nukk-daisy\/"]}]},{"@type":"ImageObject","inLanguage":"en-US","@id":"https:\/\/sulin.ee\/en\/toode\/pehme-nukk-daisy\/#primaryimage","url":"https:\/\/sulin.ee\/wp-content\/uploads\/2025\/01\/Piltide-korrektuurid-kodulehel-2025-01-30T110031.570.png","contentUrl":"https:\/\/sulin.ee\/wp-content\/uploads\/2025\/01\/Piltide-korrektuurid-kodulehel-2025-01-30T110031.570.png","width":1080,"height":1080},{"@type":"BreadcrumbList","@id":"https:\/\/sulin.ee\/en\/toode\/pehme-nukk-daisy\/#breadcrumb","itemListElement":[{"@type":"ListItem","position":1,"name":"Home","item":"https:\/\/sulin.ee\/en\/"},{"@type":"ListItem","position":2,"name":"Sulin.ee e-pood","item":"https:\/\/sulin.ee\/shop\/"},{"@type":"ListItem","position":3,"name":"Pehme nukk Daisy"}]},{"@type":"WebSite","@id":"https:\/\/sulin.ee\/en\/#website","url":"https:\/\/sulin.ee\/en\/","name":"sulin.ee","description":"","publisher":{"@id":"https:\/\/sulin.ee\/en\/#organization"},"potentialAction":[{"@type":"SearchAction","target":{"@type":"EntryPoint","urlTemplate":"https:\/\/sulin.ee\/en\/?s={search_term_string}"},"query-input":{"@type":"PropertyValueSpecification","valueRequired":true,"valueName":"search_term_string"}}],"inLanguage":"en-US"},{"@type":"Organization","@id":"https:\/\/sulin.ee\/en\/#organization","name":"SULIN TRADE O\u00dc","url":"https:\/\/sulin.ee\/en\/","logo":{"@type":"ImageObject","inLanguage":"en-US","@id":"https:\/\/sulin.ee\/en\/#\/schema\/logo\/image\/","url":"https:\/\/sulin.ee\/wp-content\/uploads\/2022\/11\/sulin-logo.png","contentUrl":"https:\/\/sulin.ee\/wp-content\/uploads\/2022\/11\/sulin-logo.png","width":871,"height":321,"caption":"SULIN TRADE O\u00dc"},"image":{"@id":"https:\/\/sulin.ee\/en\/#\/schema\/logo\/image\/"},"sameAs":["https:\/\/www.facebook.com\/www.sulin.ee\/","https:\/\/www.instagram.com\/sulintrade\/"]}]}},"builder_content":"","_links":{"self":[{"href":"https:\/\/sulin.ee\/en\/wp-json\/wp\/v2\/product\/36571","targetHints":{"allow":["GET"]}}],"collection":[{"href":"https:\/\/sulin.ee\/en\/wp-json\/wp\/v2\/product"}],"about":[{"href":"https:\/\/sulin.ee\/en\/wp-json\/wp\/v2\/types\/product"}],"replies":[{"embeddable":true,"href":"https:\/\/sulin.ee\/en\/wp-json\/wp\/v2\/comments?post=36571"}],"wp:featuredmedia":[{"embeddable":true,"href":"https:\/\/sulin.ee\/en\/wp-json\/wp\/v2\/media\/36572"}],"wp:attachment":[{"href":"https:\/\/sulin.ee\/en\/wp-json\/wp\/v2\/media?parent=36571"}],"wp:term":[{"taxonomy":"product_brand","embeddable":true,"href":"https:\/\/sulin.ee\/en\/wp-json\/wp\/v2\/product_brand?post=36571"},{"taxonomy":"product_cat","embeddable":true,"href":"https:\/\/sulin.ee\/en\/wp-json\/wp\/v2\/product_cat?post=36571"},{"taxonomy":"product_tag","embeddable":true,"href":"https:\/\/sulin.ee\/en\/wp-json\/wp\/v2\/product_tag?post=36571"}],"curies":[{"name":"wp","href":"https:\/\/api.w.org\/{rel}","templated":true}]}}