{"id":36549,"date":"2025-01-30T07:00:42","date_gmt":"2025-01-30T07:00:42","guid":{"rendered":"https:\/\/sulin.ee\/?post_type=product&#038;p=36549"},"modified":"2025-09-07T21:35:10","modified_gmt":"2025-09-07T21:35:10","slug":"jollein-puuvillane-voodipesu-komplekt-100x140-cm-miffy-shadow-sea-green","status":"publish","type":"product","link":"https:\/\/sulin.ee\/en\/toode\/jollein-puuvillane-voodipesu-komplekt-100x140-cm-miffy-shadow-sea-green\/","title":{"rendered":"Jollein puuvillane voodipesu komplekt 100&#215;140 cm Miffy Shadow &#8211; Sea Green"},"content":{"rendered":"<p><strong><a href=\"https:\/\/jollein.com\/\" target=\"_blank\" rel=\"noopener\">Jollein<\/a> puuvillane voodipesu komplekt sisaldab 100% puuvillast tekikotti ja sellega sobivat padjap\u00fc\u00fcri, pakkudes soojust, mugavust ja stiili sinu lapse voodisse. Pehme ja hingav materjal tagab, et v\u00e4ikelapse uni on rahulik ja mugav. Komplekt sobib suurep\u00e4raselt kasutamiseks alates 2. eluaastast, pakkudes samas ka pilkup\u00fc\u00fcdvat lisandust lapse toa sisustusse.<\/strong><\/p>\n<p>Tekikott on praktilise <strong>alaosas asuva avausega<\/strong>, mis muudab teki sisse panemise lihtsaks ja kiireks. Kui sinu v\u00e4ikelaps juba kasutab patja, sobib komplekti kuuluv padjap\u00fc\u00fcr ideaalselt tekikotiga kokku, luues harmoonilise ja stiilse magamisnurga.<\/p>\n<p><strong>&#8220;Miffy Shadow&#8221;<\/strong> muster on t\u00f5eline muinasjutt igale magusate mustrite ja pehmete v\u00e4rvide austajale, kujutades uskumatult armsat Miffyt.<\/p>\n<p><strong>M\u00f5\u00f5dud: <\/strong>Tekikoti m\u00f5\u00f5dud on 140 x 100 cm ning padjap\u00fc\u00fcr on 60 x 40 cm \u2013 ideaalne suurus v\u00e4ikelaste vooditele.<\/p>\n<p><strong>Materjal ja hooldus: <\/strong>Valmistatud 100% puuvillast, mis on lapse naha vastu pehme ja hingav. Tekikotti v\u00f5ib pesta temperatuuril 40 kraadi. Kuivati kasutamine ei ole soovitatav. Triikida keskmisel temperatuuril. J\u00e4rgige pesusildi juhiseid, et tagada toote pikaealisus.<\/p>\n<p><strong>T\u00e4ienda komplekti!<\/strong><br \/>\nT\u00e4ienda lapse voodipesu komplekti teiste Jolleini toodetega nagu nt <a href=\"https:\/\/sulin.ee\/tootekategooria\/beebile\/magamine-beebi\/linad\/\" target=\"_blank\" rel=\"noopener\">kummiga voodilina<\/a> ja<a href=\"https:\/\/sulin.ee\/tootekategooria\/beebile\/magamine-beebi\/tekid\/\" target=\"_blank\" rel=\"noopener\"> pehme tekiga<\/a>, et luua lapsele t\u00e4ielik ja hubane unekeskkond. K\u00f5ik need esemed on saadaval meie e-poes!<\/p>\n","protected":false},"excerpt":{"rendered":"<p><strong>Jolleini &#8220;Miffy Shadow&#8221; voodipesu komplekt 100 x 140 cm pakub pehmete v\u00e4rvide ja armsa Miffy mustriga imelist magamiskeskkonda teie lapsele, sisaldades mugavat tekikotti ja padjap\u00fc\u00fcri.<\/strong><\/p>\n<p><strong>M\u00f5\u00f5dud: <\/strong>Tekikoti m\u00f5\u00f5dud on 140 x 100 cm ning padjap\u00fc\u00fcr on 60 x 40 cm.<\/p>\n","protected":false},"featured_media":36550,"comment_status":"open","ping_status":"closed","template":"","meta":[],"product_brand":[],"product_cat":[179,777,807,43,172,185,776],"product_tag":[],"class_list":{"0":"post-36549","1":"product","2":"type-product","3":"status-publish","4":"has-post-thumbnail","6":"product_cat-beebile","7":"product_cat-beebi-uni-ja-magamine","8":"product_cat-linad","9":"product_cat-lastele","10":"product_cat-magamine","11":"product_cat-voodipesu-lastele","12":"product_cat-jollein-2","13":"has-post-title","14":"has-post-date","15":"has-post-category","16":"has-post-tag","17":"has-post-comment","18":"has-post-author","19":"","21":"first","22":"instock","23":"sale","24":"taxable","25":"shipping-taxable","26":"purchasable","27":"product-type-simple"},"yoast_head":"<!-- This site is optimized with the Yoast SEO plugin v26.8 - https:\/\/yoast.com\/product\/yoast-seo-wordpress\/ -->\n<title>Jollein puuvillane voodipesu komplekt 100x140 cm Miffy Shadow - Sea Green - sulin.ee<\/title>\n<meta name=\"description\" content=\"Jollein puuvillane voodipesu komplekt &quot;Miffy Shadow&quot; on t\u00f5eline muinasjutt igale magusate mustrite ja pehmete v\u00e4rvide austajale\" \/>\n<meta name=\"robots\" content=\"index, follow, max-snippet:-1, max-image-preview:large, max-video-preview:-1\" \/>\n<link rel=\"canonical\" href=\"https:\/\/sulin.ee\/en\/toode\/jollein-puuvillane-voodipesu-komplekt-100x140-cm-miffy-shadow-sea-green\/\" \/>\n<meta property=\"og:locale\" content=\"en_US\" \/>\n<meta property=\"og:type\" content=\"article\" \/>\n<meta property=\"og:title\" content=\"Jollein puuvillane voodipesu komplekt 100x140 cm Miffy Shadow - Sea Green - sulin.ee\" \/>\n<meta property=\"og:description\" content=\"Jollein puuvillane voodipesu komplekt &quot;Miffy Shadow&quot; on t\u00f5eline muinasjutt igale magusate mustrite ja pehmete v\u00e4rvide austajale\" \/>\n<meta property=\"og:url\" content=\"https:\/\/sulin.ee\/en\/toode\/jollein-puuvillane-voodipesu-komplekt-100x140-cm-miffy-shadow-sea-green\/\" \/>\n<meta property=\"og:site_name\" content=\"sulin.ee\" \/>\n<meta property=\"article:publisher\" content=\"https:\/\/www.facebook.com\/www.sulin.ee\/\" \/>\n<meta property=\"article:modified_time\" content=\"2025-09-07T21:35:10+00:00\" \/>\n<meta property=\"og:image\" content=\"https:\/\/sulin.ee\/wp-content\/uploads\/2025\/01\/Piltide-korrektuurid-kodulehel-2025-01-30T085829.550.png\" \/>\n\t<meta property=\"og:image:width\" content=\"1080\" \/>\n\t<meta property=\"og:image:height\" content=\"1080\" \/>\n\t<meta property=\"og:image:type\" content=\"image\/png\" \/>\n<meta name=\"twitter:card\" content=\"summary_large_image\" \/>\n<meta name=\"twitter:label1\" content=\"Est. reading time\" \/>\n\t<meta name=\"twitter:data1\" content=\"2 minutes\" \/>\n<script type=\"application\/ld+json\" class=\"yoast-schema-graph\">{\"@context\":\"https:\/\/schema.org\",\"@graph\":[{\"@type\":\"WebPage\",\"@id\":\"https:\/\/sulin.ee\/en\/toode\/jollein-puuvillane-voodipesu-komplekt-100x140-cm-miffy-shadow-sea-green\/\",\"url\":\"https:\/\/sulin.ee\/en\/toode\/jollein-puuvillane-voodipesu-komplekt-100x140-cm-miffy-shadow-sea-green\/\",\"name\":\"Jollein puuvillane voodipesu komplekt 100x140 cm Miffy Shadow - Sea Green - sulin.ee\",\"isPartOf\":{\"@id\":\"https:\/\/sulin.ee\/en\/#website\"},\"primaryImageOfPage\":{\"@id\":\"https:\/\/sulin.ee\/en\/toode\/jollein-puuvillane-voodipesu-komplekt-100x140-cm-miffy-shadow-sea-green\/#primaryimage\"},\"image\":{\"@id\":\"https:\/\/sulin.ee\/en\/toode\/jollein-puuvillane-voodipesu-komplekt-100x140-cm-miffy-shadow-sea-green\/#primaryimage\"},\"thumbnailUrl\":\"https:\/\/sulin.ee\/wp-content\/uploads\/2025\/01\/Piltide-korrektuurid-kodulehel-2025-01-30T085829.550.png\",\"datePublished\":\"2025-01-30T07:00:42+00:00\",\"dateModified\":\"2025-09-07T21:35:10+00:00\",\"description\":\"Jollein puuvillane voodipesu komplekt \\\"Miffy Shadow\\\" on t\u00f5eline muinasjutt igale magusate mustrite ja pehmete v\u00e4rvide austajale\",\"breadcrumb\":{\"@id\":\"https:\/\/sulin.ee\/en\/toode\/jollein-puuvillane-voodipesu-komplekt-100x140-cm-miffy-shadow-sea-green\/#breadcrumb\"},\"inLanguage\":\"en-US\",\"potentialAction\":[{\"@type\":\"ReadAction\",\"target\":[\"https:\/\/sulin.ee\/en\/toode\/jollein-puuvillane-voodipesu-komplekt-100x140-cm-miffy-shadow-sea-green\/\"]}]},{\"@type\":\"ImageObject\",\"inLanguage\":\"en-US\",\"@id\":\"https:\/\/sulin.ee\/en\/toode\/jollein-puuvillane-voodipesu-komplekt-100x140-cm-miffy-shadow-sea-green\/#primaryimage\",\"url\":\"https:\/\/sulin.ee\/wp-content\/uploads\/2025\/01\/Piltide-korrektuurid-kodulehel-2025-01-30T085829.550.png\",\"contentUrl\":\"https:\/\/sulin.ee\/wp-content\/uploads\/2025\/01\/Piltide-korrektuurid-kodulehel-2025-01-30T085829.550.png\",\"width\":1080,\"height\":1080,\"caption\":\"Jollein puuvillane voodipesu komplekt\"},{\"@type\":\"BreadcrumbList\",\"@id\":\"https:\/\/sulin.ee\/en\/toode\/jollein-puuvillane-voodipesu-komplekt-100x140-cm-miffy-shadow-sea-green\/#breadcrumb\",\"itemListElement\":[{\"@type\":\"ListItem\",\"position\":1,\"name\":\"Home\",\"item\":\"https:\/\/sulin.ee\/en\/\"},{\"@type\":\"ListItem\",\"position\":2,\"name\":\"Sulin.ee e-pood\",\"item\":\"https:\/\/sulin.ee\/shop\/\"},{\"@type\":\"ListItem\",\"position\":3,\"name\":\"Jollein puuvillane voodipesu komplekt 100&#215;140 cm Miffy Shadow &#8211; Sea Green\"}]},{\"@type\":\"WebSite\",\"@id\":\"https:\/\/sulin.ee\/en\/#website\",\"url\":\"https:\/\/sulin.ee\/en\/\",\"name\":\"sulin.ee\",\"description\":\"\",\"publisher\":{\"@id\":\"https:\/\/sulin.ee\/en\/#organization\"},\"potentialAction\":[{\"@type\":\"SearchAction\",\"target\":{\"@type\":\"EntryPoint\",\"urlTemplate\":\"https:\/\/sulin.ee\/en\/?s={search_term_string}\"},\"query-input\":{\"@type\":\"PropertyValueSpecification\",\"valueRequired\":true,\"valueName\":\"search_term_string\"}}],\"inLanguage\":\"en-US\"},{\"@type\":\"Organization\",\"@id\":\"https:\/\/sulin.ee\/en\/#organization\",\"name\":\"SULIN TRADE O\u00dc\",\"url\":\"https:\/\/sulin.ee\/en\/\",\"logo\":{\"@type\":\"ImageObject\",\"inLanguage\":\"en-US\",\"@id\":\"https:\/\/sulin.ee\/en\/#\/schema\/logo\/image\/\",\"url\":\"https:\/\/sulin.ee\/wp-content\/uploads\/2022\/11\/sulin-logo.png\",\"contentUrl\":\"https:\/\/sulin.ee\/wp-content\/uploads\/2022\/11\/sulin-logo.png\",\"width\":871,\"height\":321,\"caption\":\"SULIN TRADE O\u00dc\"},\"image\":{\"@id\":\"https:\/\/sulin.ee\/en\/#\/schema\/logo\/image\/\"},\"sameAs\":[\"https:\/\/www.facebook.com\/www.sulin.ee\/\",\"https:\/\/www.instagram.com\/sulintrade\/\"]}]}<\/script>\n<!-- \/ Yoast SEO plugin. -->","yoast_head_json":{"title":"Jollein puuvillane voodipesu komplekt 100x140 cm Miffy Shadow - Sea Green - sulin.ee","description":"Jollein puuvillane voodipesu komplekt \"Miffy Shadow\" on t\u00f5eline muinasjutt igale magusate mustrite ja pehmete v\u00e4rvide austajale","robots":{"index":"index","follow":"follow","max-snippet":"max-snippet:-1","max-image-preview":"max-image-preview:large","max-video-preview":"max-video-preview:-1"},"canonical":"https:\/\/sulin.ee\/en\/toode\/jollein-puuvillane-voodipesu-komplekt-100x140-cm-miffy-shadow-sea-green\/","og_locale":"en_US","og_type":"article","og_title":"Jollein puuvillane voodipesu komplekt 100x140 cm Miffy Shadow - Sea Green - sulin.ee","og_description":"Jollein puuvillane voodipesu komplekt \"Miffy Shadow\" on t\u00f5eline muinasjutt igale magusate mustrite ja pehmete v\u00e4rvide austajale","og_url":"https:\/\/sulin.ee\/en\/toode\/jollein-puuvillane-voodipesu-komplekt-100x140-cm-miffy-shadow-sea-green\/","og_site_name":"sulin.ee","article_publisher":"https:\/\/www.facebook.com\/www.sulin.ee\/","article_modified_time":"2025-09-07T21:35:10+00:00","og_image":[{"width":1080,"height":1080,"url":"https:\/\/sulin.ee\/wp-content\/uploads\/2025\/01\/Piltide-korrektuurid-kodulehel-2025-01-30T085829.550.png","type":"image\/png"}],"twitter_card":"summary_large_image","twitter_misc":{"Est. reading time":"2 minutes"},"schema":{"@context":"https:\/\/schema.org","@graph":[{"@type":"WebPage","@id":"https:\/\/sulin.ee\/en\/toode\/jollein-puuvillane-voodipesu-komplekt-100x140-cm-miffy-shadow-sea-green\/","url":"https:\/\/sulin.ee\/en\/toode\/jollein-puuvillane-voodipesu-komplekt-100x140-cm-miffy-shadow-sea-green\/","name":"Jollein puuvillane voodipesu komplekt 100x140 cm Miffy Shadow - Sea Green - sulin.ee","isPartOf":{"@id":"https:\/\/sulin.ee\/en\/#website"},"primaryImageOfPage":{"@id":"https:\/\/sulin.ee\/en\/toode\/jollein-puuvillane-voodipesu-komplekt-100x140-cm-miffy-shadow-sea-green\/#primaryimage"},"image":{"@id":"https:\/\/sulin.ee\/en\/toode\/jollein-puuvillane-voodipesu-komplekt-100x140-cm-miffy-shadow-sea-green\/#primaryimage"},"thumbnailUrl":"https:\/\/sulin.ee\/wp-content\/uploads\/2025\/01\/Piltide-korrektuurid-kodulehel-2025-01-30T085829.550.png","datePublished":"2025-01-30T07:00:42+00:00","dateModified":"2025-09-07T21:35:10+00:00","description":"Jollein puuvillane voodipesu komplekt \"Miffy Shadow\" on t\u00f5eline muinasjutt igale magusate mustrite ja pehmete v\u00e4rvide austajale","breadcrumb":{"@id":"https:\/\/sulin.ee\/en\/toode\/jollein-puuvillane-voodipesu-komplekt-100x140-cm-miffy-shadow-sea-green\/#breadcrumb"},"inLanguage":"en-US","potentialAction":[{"@type":"ReadAction","target":["https:\/\/sulin.ee\/en\/toode\/jollein-puuvillane-voodipesu-komplekt-100x140-cm-miffy-shadow-sea-green\/"]}]},{"@type":"ImageObject","inLanguage":"en-US","@id":"https:\/\/sulin.ee\/en\/toode\/jollein-puuvillane-voodipesu-komplekt-100x140-cm-miffy-shadow-sea-green\/#primaryimage","url":"https:\/\/sulin.ee\/wp-content\/uploads\/2025\/01\/Piltide-korrektuurid-kodulehel-2025-01-30T085829.550.png","contentUrl":"https:\/\/sulin.ee\/wp-content\/uploads\/2025\/01\/Piltide-korrektuurid-kodulehel-2025-01-30T085829.550.png","width":1080,"height":1080,"caption":"Jollein puuvillane voodipesu komplekt"},{"@type":"BreadcrumbList","@id":"https:\/\/sulin.ee\/en\/toode\/jollein-puuvillane-voodipesu-komplekt-100x140-cm-miffy-shadow-sea-green\/#breadcrumb","itemListElement":[{"@type":"ListItem","position":1,"name":"Home","item":"https:\/\/sulin.ee\/en\/"},{"@type":"ListItem","position":2,"name":"Sulin.ee e-pood","item":"https:\/\/sulin.ee\/shop\/"},{"@type":"ListItem","position":3,"name":"Jollein puuvillane voodipesu komplekt 100&#215;140 cm Miffy Shadow &#8211; Sea Green"}]},{"@type":"WebSite","@id":"https:\/\/sulin.ee\/en\/#website","url":"https:\/\/sulin.ee\/en\/","name":"sulin.ee","description":"","publisher":{"@id":"https:\/\/sulin.ee\/en\/#organization"},"potentialAction":[{"@type":"SearchAction","target":{"@type":"EntryPoint","urlTemplate":"https:\/\/sulin.ee\/en\/?s={search_term_string}"},"query-input":{"@type":"PropertyValueSpecification","valueRequired":true,"valueName":"search_term_string"}}],"inLanguage":"en-US"},{"@type":"Organization","@id":"https:\/\/sulin.ee\/en\/#organization","name":"SULIN TRADE O\u00dc","url":"https:\/\/sulin.ee\/en\/","logo":{"@type":"ImageObject","inLanguage":"en-US","@id":"https:\/\/sulin.ee\/en\/#\/schema\/logo\/image\/","url":"https:\/\/sulin.ee\/wp-content\/uploads\/2022\/11\/sulin-logo.png","contentUrl":"https:\/\/sulin.ee\/wp-content\/uploads\/2022\/11\/sulin-logo.png","width":871,"height":321,"caption":"SULIN TRADE O\u00dc"},"image":{"@id":"https:\/\/sulin.ee\/en\/#\/schema\/logo\/image\/"},"sameAs":["https:\/\/www.facebook.com\/www.sulin.ee\/","https:\/\/www.instagram.com\/sulintrade\/"]}]}},"builder_content":"","_links":{"self":[{"href":"https:\/\/sulin.ee\/en\/wp-json\/wp\/v2\/product\/36549","targetHints":{"allow":["GET"]}}],"collection":[{"href":"https:\/\/sulin.ee\/en\/wp-json\/wp\/v2\/product"}],"about":[{"href":"https:\/\/sulin.ee\/en\/wp-json\/wp\/v2\/types\/product"}],"replies":[{"embeddable":true,"href":"https:\/\/sulin.ee\/en\/wp-json\/wp\/v2\/comments?post=36549"}],"wp:featuredmedia":[{"embeddable":true,"href":"https:\/\/sulin.ee\/en\/wp-json\/wp\/v2\/media\/36550"}],"wp:attachment":[{"href":"https:\/\/sulin.ee\/en\/wp-json\/wp\/v2\/media?parent=36549"}],"wp:term":[{"taxonomy":"product_brand","embeddable":true,"href":"https:\/\/sulin.ee\/en\/wp-json\/wp\/v2\/product_brand?post=36549"},{"taxonomy":"product_cat","embeddable":true,"href":"https:\/\/sulin.ee\/en\/wp-json\/wp\/v2\/product_cat?post=36549"},{"taxonomy":"product_tag","embeddable":true,"href":"https:\/\/sulin.ee\/en\/wp-json\/wp\/v2\/product_tag?post=36549"}],"curies":[{"name":"wp","href":"https:\/\/api.w.org\/{rel}","templated":true}]}}