{"id":36237,"date":"2025-01-09T08:32:38","date_gmt":"2025-01-09T08:32:38","guid":{"rendered":"https:\/\/sulin.ee\/?post_type=product&#038;p=36237"},"modified":"2025-06-03T10:55:35","modified_gmt":"2025-06-03T10:55:35","slug":"wigiwama-tumba-cloud-velvet","status":"publish","type":"product","link":"https:\/\/sulin.ee\/en\/toode\/wigiwama-tumba-cloud-velvet\/","title":{"rendered":"Wigiwama tumba Cloud, Velvet"},"content":{"rendered":"<h3>Wigiwama tumba Cloud, Velvet \u2013 stiilne ja praktiline m\u00f6\u00f6bliese<\/h3>\n<p><strong>Wigiwama tumba Cloud, Velvet<\/strong> on elegantne ja funktsionaalne lisand igasse lastetuppa. See mitmek\u00fclgne tumba sobib suurep\u00e4raselt jalatoeks v\u00f5i lisaistekohaks. Valmistatud kvaliteetsest ja pehmest <strong>GRS\u00ae-sertifikaadiga velvetist<\/strong>, mis on toodetud taaskasutatud PET-pudelitest, pakkudes luksuslikku tekstuuri ja suurep\u00e4rast vastupidavust.<\/p>\n<p><strong>TARNE:<\/strong> 5-10 t\u00f6\u00f6p\u00e4eva<\/p>\n<p>Tumba on kerge ja kergesti liigutatav, mist\u00f5ttu sobib see ideaalselt igasse ruumi. T\u00e4idisena on kasutatud <strong>ISO-sertifikaadiga pol\u00fcuretaanvahtu<\/strong>, mis tagab pikaajalise mugavuse ja kvaliteedi.<\/p>\n<h4>Peamised omadused:<\/h4>\n<p>\u2714 Valmistatud <strong>OEKO-TEX\u00ae<\/strong> ja <strong>GRS\u00ae-sertifitseeritud velvetkangast<\/strong>, toodetud taaskasutatud materjalidest.<br \/>\n\u2714 Mitmek\u00fclgne kasutus \u2013 jalatugi v\u00f5i lisaiste.<br \/>\n\u2714 <strong>Eemaldatav ja pestav kate<\/strong>, lihtne hooldada vastavalt pesujuhistele.<br \/>\n\u2714 <strong>Kerge kaal<\/strong>, sobib ideaalselt \u00fcmberpaigutamiseks.<\/p>\n<p><strong>M\u00f5\u00f5dud<\/strong>: K\u00f5rgus 25 cm \/ \u2300 39,5 cm<br \/>\n<strong>Materjal<\/strong>: Velvetkangas ja ISO-sertifitseeritud pol\u00fcuretaanvaht.<\/p>\n<p><strong><a href=\"https:\/\/wigiwama.com\/\">Wigiwama<\/a> tumba Cloud<\/strong>\u00a0on valmistatud L\u00e4tis, p\u00f6\u00f6rates erilist t\u00e4helepanu planeedis\u00f5bralikule tootmisele. Looge lapsele mugav ja m\u00e4nguline ruum, kus nad saavad puhata ja l\u00f5\u00f5gastuda!<\/p>\n<p><strong>Kaup saadetakse kulleriga kliendi poolt sisestatud aadressile, mis peab olema t\u00e4ielik ja korrektne (sh sihtnumber, t\u00e4nava nimi, maja- v\u00f5i korterinumber ning telefoninumber).<\/strong><\/p>\n<p>Tule tutvu ka teiste <a href=\"https:\/\/sulin.ee\/tootekategooria\/moobel\/kott-toolid-ja-pehme-moobel\/\">pehmete ja hubaste m\u00f6\u00f6bliesemetega<\/a>, mis loovad Sinu kodus m\u00f5nusalt stiilse ja mugava atmosf\u00e4\u00e4ri!<\/p>\n","protected":false},"excerpt":{"rendered":"<p><strong>Wigiwama tumba Cloud, Velvet on stiilne ja praktiline m\u00f6\u00f6bliese, mis sobib suurep\u00e4raselt jalatoeks v\u00f5i lisaistekohaks. Valmistatud pehmest ja vastupidavast velvetkangast, pakkudes luksuslikku tekstuuri ja mugavust. Lihtsasti liigutatav ja eemaldatava pestava kattega. T\u00e4iuslik lisand lastetuppa!<\/strong><\/p>\n<p><strong>TARNE:<\/strong> 5-10 t\u00f6\u00f6p\u00e4eva<\/p>\n<p><span style=\"color: #339966;\"><img loading=\"lazy\" decoding=\"async\" class=\"alignnone wp-image-22011\" src=\"https:\/\/sulin.ee\/wp-content\/uploads\/2024\/08\/images-300x134.png\" alt=\"\" width=\"77\" height=\"34\" \/><span style=\"color: #ff9900;\"><strong> Toote eest on v\u00f5imalik tasuda ka j\u00e4relmaksuga. T\u00e4pse info j\u00e4relmaksu v\u00f5imaluste kohta leiad ostukorvist, kui oled toote lisanud ja asud maksma. Leping s\u00f5lmitakse makseprotsessi k\u00e4igus.<\/strong><\/span><\/span><\/p>\n","protected":false},"featured_media":36250,"comment_status":"open","ping_status":"closed","template":"","meta":[],"product_brand":[],"product_cat":[1487,1054,1388,1394],"product_tag":[],"class_list":{"0":"post-36237","1":"product","2":"type-product","3":"status-publish","4":"has-post-thumbnail","6":"product_cat-tumbad","7":"product_cat-moobel","8":"product_cat-kott-toolid-ja-pehme-moobel","9":"product_cat-wigiwama","10":"product_shipping_class-kuller-0-00","11":"has-post-title","12":"has-post-date","13":"has-post-category","14":"has-post-tag","15":"has-post-comment","16":"has-post-author","17":"","19":"first","20":"instock","21":"sale","22":"taxable","23":"shipping-taxable","24":"purchasable","25":"product-type-variable"},"yoast_head":"<!-- This site is optimized with the Yoast SEO plugin v26.8 - https:\/\/yoast.com\/product\/yoast-seo-wordpress\/ -->\n<title>Wigiwama tumba Cloud, Velvet - sulin.ee<\/title>\n<meta name=\"description\" content=\"Wigiwama tumba Cloud, Velvet on stiilne ja praktiline m\u00f6\u00f6bliese, mis sobib suurep\u00e4raselt jalatoeks v\u00f5i lisaistekohaks. Valmistatud vastupidavast kangast\" \/>\n<meta name=\"robots\" content=\"index, follow, max-snippet:-1, max-image-preview:large, max-video-preview:-1\" \/>\n<link rel=\"canonical\" href=\"https:\/\/sulin.ee\/en\/toode\/wigiwama-tumba-cloud-velvet\/\" \/>\n<meta property=\"og:locale\" content=\"en_US\" \/>\n<meta property=\"og:type\" content=\"article\" \/>\n<meta property=\"og:title\" content=\"Wigiwama tumba Cloud, Velvet - sulin.ee\" \/>\n<meta property=\"og:description\" content=\"Wigiwama tumba Cloud, Velvet on stiilne ja praktiline m\u00f6\u00f6bliese, mis sobib suurep\u00e4raselt jalatoeks v\u00f5i lisaistekohaks. Valmistatud vastupidavast kangast\" \/>\n<meta property=\"og:url\" content=\"https:\/\/sulin.ee\/en\/toode\/wigiwama-tumba-cloud-velvet\/\" \/>\n<meta property=\"og:site_name\" content=\"sulin.ee\" \/>\n<meta property=\"article:publisher\" content=\"https:\/\/www.facebook.com\/www.sulin.ee\/\" \/>\n<meta property=\"article:modified_time\" content=\"2025-06-03T10:55:35+00:00\" \/>\n<meta property=\"og:image\" content=\"https:\/\/sulin.ee\/wp-content\/uploads\/2025\/01\/2-23.png\" \/>\n\t<meta property=\"og:image:width\" content=\"1080\" \/>\n\t<meta property=\"og:image:height\" content=\"1080\" \/>\n\t<meta property=\"og:image:type\" content=\"image\/png\" \/>\n<meta name=\"twitter:card\" content=\"summary_large_image\" \/>\n<meta name=\"twitter:label1\" content=\"Est. reading time\" \/>\n\t<meta name=\"twitter:data1\" content=\"2 minutes\" \/>\n<script type=\"application\/ld+json\" class=\"yoast-schema-graph\">{\"@context\":\"https:\/\/schema.org\",\"@graph\":[{\"@type\":\"WebPage\",\"@id\":\"https:\/\/sulin.ee\/en\/toode\/wigiwama-tumba-cloud-velvet\/\",\"url\":\"https:\/\/sulin.ee\/en\/toode\/wigiwama-tumba-cloud-velvet\/\",\"name\":\"Wigiwama tumba Cloud, Velvet - sulin.ee\",\"isPartOf\":{\"@id\":\"https:\/\/sulin.ee\/en\/#website\"},\"primaryImageOfPage\":{\"@id\":\"https:\/\/sulin.ee\/en\/toode\/wigiwama-tumba-cloud-velvet\/#primaryimage\"},\"image\":{\"@id\":\"https:\/\/sulin.ee\/en\/toode\/wigiwama-tumba-cloud-velvet\/#primaryimage\"},\"thumbnailUrl\":\"https:\/\/sulin.ee\/wp-content\/uploads\/2025\/01\/2-23.png\",\"datePublished\":\"2025-01-09T08:32:38+00:00\",\"dateModified\":\"2025-06-03T10:55:35+00:00\",\"description\":\"Wigiwama tumba Cloud, Velvet on stiilne ja praktiline m\u00f6\u00f6bliese, mis sobib suurep\u00e4raselt jalatoeks v\u00f5i lisaistekohaks. Valmistatud vastupidavast kangast\",\"breadcrumb\":{\"@id\":\"https:\/\/sulin.ee\/en\/toode\/wigiwama-tumba-cloud-velvet\/#breadcrumb\"},\"inLanguage\":\"en-US\",\"potentialAction\":[{\"@type\":\"ReadAction\",\"target\":[\"https:\/\/sulin.ee\/en\/toode\/wigiwama-tumba-cloud-velvet\/\"]}]},{\"@type\":\"ImageObject\",\"inLanguage\":\"en-US\",\"@id\":\"https:\/\/sulin.ee\/en\/toode\/wigiwama-tumba-cloud-velvet\/#primaryimage\",\"url\":\"https:\/\/sulin.ee\/wp-content\/uploads\/2025\/01\/2-23.png\",\"contentUrl\":\"https:\/\/sulin.ee\/wp-content\/uploads\/2025\/01\/2-23.png\",\"width\":1080,\"height\":1080,\"caption\":\"Wigiwama tumba Cloud\"},{\"@type\":\"BreadcrumbList\",\"@id\":\"https:\/\/sulin.ee\/en\/toode\/wigiwama-tumba-cloud-velvet\/#breadcrumb\",\"itemListElement\":[{\"@type\":\"ListItem\",\"position\":1,\"name\":\"Home\",\"item\":\"https:\/\/sulin.ee\/en\/\"},{\"@type\":\"ListItem\",\"position\":2,\"name\":\"Sulin.ee e-pood\",\"item\":\"https:\/\/sulin.ee\/shop\/\"},{\"@type\":\"ListItem\",\"position\":3,\"name\":\"Wigiwama tumba Cloud, Velvet\"}]},{\"@type\":\"WebSite\",\"@id\":\"https:\/\/sulin.ee\/en\/#website\",\"url\":\"https:\/\/sulin.ee\/en\/\",\"name\":\"sulin.ee\",\"description\":\"\",\"publisher\":{\"@id\":\"https:\/\/sulin.ee\/en\/#organization\"},\"potentialAction\":[{\"@type\":\"SearchAction\",\"target\":{\"@type\":\"EntryPoint\",\"urlTemplate\":\"https:\/\/sulin.ee\/en\/?s={search_term_string}\"},\"query-input\":{\"@type\":\"PropertyValueSpecification\",\"valueRequired\":true,\"valueName\":\"search_term_string\"}}],\"inLanguage\":\"en-US\"},{\"@type\":\"Organization\",\"@id\":\"https:\/\/sulin.ee\/en\/#organization\",\"name\":\"SULIN TRADE O\u00dc\",\"url\":\"https:\/\/sulin.ee\/en\/\",\"logo\":{\"@type\":\"ImageObject\",\"inLanguage\":\"en-US\",\"@id\":\"https:\/\/sulin.ee\/en\/#\/schema\/logo\/image\/\",\"url\":\"https:\/\/sulin.ee\/wp-content\/uploads\/2022\/11\/sulin-logo.png\",\"contentUrl\":\"https:\/\/sulin.ee\/wp-content\/uploads\/2022\/11\/sulin-logo.png\",\"width\":871,\"height\":321,\"caption\":\"SULIN TRADE O\u00dc\"},\"image\":{\"@id\":\"https:\/\/sulin.ee\/en\/#\/schema\/logo\/image\/\"},\"sameAs\":[\"https:\/\/www.facebook.com\/www.sulin.ee\/\",\"https:\/\/www.instagram.com\/sulintrade\/\"]}]}<\/script>\n<!-- \/ Yoast SEO plugin. -->","yoast_head_json":{"title":"Wigiwama tumba Cloud, Velvet - sulin.ee","description":"Wigiwama tumba Cloud, Velvet on stiilne ja praktiline m\u00f6\u00f6bliese, mis sobib suurep\u00e4raselt jalatoeks v\u00f5i lisaistekohaks. Valmistatud vastupidavast kangast","robots":{"index":"index","follow":"follow","max-snippet":"max-snippet:-1","max-image-preview":"max-image-preview:large","max-video-preview":"max-video-preview:-1"},"canonical":"https:\/\/sulin.ee\/en\/toode\/wigiwama-tumba-cloud-velvet\/","og_locale":"en_US","og_type":"article","og_title":"Wigiwama tumba Cloud, Velvet - sulin.ee","og_description":"Wigiwama tumba Cloud, Velvet on stiilne ja praktiline m\u00f6\u00f6bliese, mis sobib suurep\u00e4raselt jalatoeks v\u00f5i lisaistekohaks. Valmistatud vastupidavast kangast","og_url":"https:\/\/sulin.ee\/en\/toode\/wigiwama-tumba-cloud-velvet\/","og_site_name":"sulin.ee","article_publisher":"https:\/\/www.facebook.com\/www.sulin.ee\/","article_modified_time":"2025-06-03T10:55:35+00:00","og_image":[{"width":1080,"height":1080,"url":"https:\/\/sulin.ee\/wp-content\/uploads\/2025\/01\/2-23.png","type":"image\/png"}],"twitter_card":"summary_large_image","twitter_misc":{"Est. reading time":"2 minutes"},"schema":{"@context":"https:\/\/schema.org","@graph":[{"@type":"WebPage","@id":"https:\/\/sulin.ee\/en\/toode\/wigiwama-tumba-cloud-velvet\/","url":"https:\/\/sulin.ee\/en\/toode\/wigiwama-tumba-cloud-velvet\/","name":"Wigiwama tumba Cloud, Velvet - sulin.ee","isPartOf":{"@id":"https:\/\/sulin.ee\/en\/#website"},"primaryImageOfPage":{"@id":"https:\/\/sulin.ee\/en\/toode\/wigiwama-tumba-cloud-velvet\/#primaryimage"},"image":{"@id":"https:\/\/sulin.ee\/en\/toode\/wigiwama-tumba-cloud-velvet\/#primaryimage"},"thumbnailUrl":"https:\/\/sulin.ee\/wp-content\/uploads\/2025\/01\/2-23.png","datePublished":"2025-01-09T08:32:38+00:00","dateModified":"2025-06-03T10:55:35+00:00","description":"Wigiwama tumba Cloud, Velvet on stiilne ja praktiline m\u00f6\u00f6bliese, mis sobib suurep\u00e4raselt jalatoeks v\u00f5i lisaistekohaks. Valmistatud vastupidavast kangast","breadcrumb":{"@id":"https:\/\/sulin.ee\/en\/toode\/wigiwama-tumba-cloud-velvet\/#breadcrumb"},"inLanguage":"en-US","potentialAction":[{"@type":"ReadAction","target":["https:\/\/sulin.ee\/en\/toode\/wigiwama-tumba-cloud-velvet\/"]}]},{"@type":"ImageObject","inLanguage":"en-US","@id":"https:\/\/sulin.ee\/en\/toode\/wigiwama-tumba-cloud-velvet\/#primaryimage","url":"https:\/\/sulin.ee\/wp-content\/uploads\/2025\/01\/2-23.png","contentUrl":"https:\/\/sulin.ee\/wp-content\/uploads\/2025\/01\/2-23.png","width":1080,"height":1080,"caption":"Wigiwama tumba Cloud"},{"@type":"BreadcrumbList","@id":"https:\/\/sulin.ee\/en\/toode\/wigiwama-tumba-cloud-velvet\/#breadcrumb","itemListElement":[{"@type":"ListItem","position":1,"name":"Home","item":"https:\/\/sulin.ee\/en\/"},{"@type":"ListItem","position":2,"name":"Sulin.ee e-pood","item":"https:\/\/sulin.ee\/shop\/"},{"@type":"ListItem","position":3,"name":"Wigiwama tumba Cloud, Velvet"}]},{"@type":"WebSite","@id":"https:\/\/sulin.ee\/en\/#website","url":"https:\/\/sulin.ee\/en\/","name":"sulin.ee","description":"","publisher":{"@id":"https:\/\/sulin.ee\/en\/#organization"},"potentialAction":[{"@type":"SearchAction","target":{"@type":"EntryPoint","urlTemplate":"https:\/\/sulin.ee\/en\/?s={search_term_string}"},"query-input":{"@type":"PropertyValueSpecification","valueRequired":true,"valueName":"search_term_string"}}],"inLanguage":"en-US"},{"@type":"Organization","@id":"https:\/\/sulin.ee\/en\/#organization","name":"SULIN TRADE O\u00dc","url":"https:\/\/sulin.ee\/en\/","logo":{"@type":"ImageObject","inLanguage":"en-US","@id":"https:\/\/sulin.ee\/en\/#\/schema\/logo\/image\/","url":"https:\/\/sulin.ee\/wp-content\/uploads\/2022\/11\/sulin-logo.png","contentUrl":"https:\/\/sulin.ee\/wp-content\/uploads\/2022\/11\/sulin-logo.png","width":871,"height":321,"caption":"SULIN TRADE O\u00dc"},"image":{"@id":"https:\/\/sulin.ee\/en\/#\/schema\/logo\/image\/"},"sameAs":["https:\/\/www.facebook.com\/www.sulin.ee\/","https:\/\/www.instagram.com\/sulintrade\/"]}]}},"builder_content":"","_links":{"self":[{"href":"https:\/\/sulin.ee\/en\/wp-json\/wp\/v2\/product\/36237","targetHints":{"allow":["GET"]}}],"collection":[{"href":"https:\/\/sulin.ee\/en\/wp-json\/wp\/v2\/product"}],"about":[{"href":"https:\/\/sulin.ee\/en\/wp-json\/wp\/v2\/types\/product"}],"replies":[{"embeddable":true,"href":"https:\/\/sulin.ee\/en\/wp-json\/wp\/v2\/comments?post=36237"}],"wp:featuredmedia":[{"embeddable":true,"href":"https:\/\/sulin.ee\/en\/wp-json\/wp\/v2\/media\/36250"}],"wp:attachment":[{"href":"https:\/\/sulin.ee\/en\/wp-json\/wp\/v2\/media?parent=36237"}],"wp:term":[{"taxonomy":"product_brand","embeddable":true,"href":"https:\/\/sulin.ee\/en\/wp-json\/wp\/v2\/product_brand?post=36237"},{"taxonomy":"product_cat","embeddable":true,"href":"https:\/\/sulin.ee\/en\/wp-json\/wp\/v2\/product_cat?post=36237"},{"taxonomy":"product_tag","embeddable":true,"href":"https:\/\/sulin.ee\/en\/wp-json\/wp\/v2\/product_tag?post=36237"}],"curies":[{"name":"wp","href":"https:\/\/api.w.org\/{rel}","templated":true}]}}