{"id":35962,"date":"2025-01-05T21:15:21","date_gmt":"2025-01-05T21:15:21","guid":{"rendered":"https:\/\/sulin.ee\/?post_type=product&#038;p=35962"},"modified":"2025-06-03T10:57:06","modified_gmt":"2025-06-03T10:57:06","slug":"wigiwama-tool-cloud-teddy","status":"publish","type":"product","link":"https:\/\/sulin.ee\/en\/toode\/wigiwama-tool-cloud-teddy\/","title":{"rendered":"Wigiwama tool Cloud, Teddy"},"content":{"rendered":"<div class=\"flex max-w-full flex-col flex-grow\">\n<div class=\"min-h-8 text-message flex w-full flex-col items-end gap-2 whitespace-normal break-words text-start [.text-message+&amp;]:mt-5\" dir=\"auto\" data-message-author-role=\"assistant\" data-message-id=\"93accda2-5650-455c-957a-1bff3cbf1437\" data-message-model-slug=\"gpt-4o\">\n<div class=\"flex w-full flex-col gap-1 empty:hidden first:pt-[3px]\">\n<div class=\"markdown prose w-full break-words dark:prose-invert light\">\n<p><strong>Wigiwama tool Cloud, Teddy<\/strong> on ideaalne istumislahendus Teie lapsele! Armsa pilvekuju inspireeritud tool loob hubase ja mugava koha, kus laps saab l\u00f5\u00f5gastuda, lugeda v\u00f5i lihtsalt puhata.<\/p>\n<p>Tooli kerge konstruktsioon muudab selle h\u00f5lpsasti liigutatavaks, sobides igasse ruumi Teie kodus. Pehme teddy-kangas ja vastupidav vahtt\u00e4idis tagavad maksimaalse mugavuse ja toetuse, pakkudes samal ajal sooja ja kutsuvat tunnet.<\/p>\n<p>\u2705 <strong>Pehme ja hubane disain<\/strong>: Valmistatud OEKO-TEX\u00ae sertifitseeritud teddy-kangast<br \/>\n\u2705 <strong>Mugav ja vastupidav<\/strong>: ISO-sertifikaadiga vahtt\u00e4idis tagab kvaliteedi ja pikaajalise kasutuse<br \/>\n\u2705 <strong>Lihtne hooldada<\/strong>: T\u00f5mblukuga kate on eemaldatav ja pestav vastavalt pesemisjuhistele<br \/>\n\u2705 <strong>Kerge ja mobiilne<\/strong>: Sobib ideaalselt igasse kodu ruumi<br \/>\n\u2705 <strong>Keskkonnas\u00f5bralik<\/strong>: Valmistatud L\u00e4tis hoolivalt meie planeedi vastu<\/p>\n<p><strong>M\u00f5\u00f5tmed<\/strong>: Pikkus 60 cm \/ Laius 50 cm \/ K\u00f5rgus 50 cm<br \/>\n<strong>Materjalid<\/strong>: OEKO-TEX\u00ae sertifitseeritud teddy-kangas, ISO-sertifikaadiga pol\u00fcuretaanvaht<\/p>\n<p>Lisage oma lapsele kodus hubane ja stiilne istekoht, mis pakub nii m\u00e4ngulusti kui ka mugavust!<\/p>\n<p><strong><a href=\"https:\/\/wigiwama.com\/\">Wigiwama<\/a> tool Cloud<\/strong>\u00a0on valmistatud L\u00e4tis, p\u00f6\u00f6rates erilist t\u00e4helepanu planeedis\u00f5bralikule tootmisele. Looge lapsele mugav ja m\u00e4nguline ruum, kus nad saavad puhata ja l\u00f5\u00f5gastuda!<\/p>\n<p><strong>Kaup saadetakse kulleriga kliendi poolt sisestatud aadressile, mis peab olema t\u00e4ielik ja korrektne (sh sihtnumber, t\u00e4nava nimi, maja- v\u00f5i korterinumber ning telefoninumber).<\/strong><\/p>\n<p>Tule tutvu ka teiste <a href=\"https:\/\/sulin.ee\/tootekategooria\/moobel\/kott-toolid-ja-pehme-moobel\/\">pehmete ja hubaste m\u00f6\u00f6bliesemetega<\/a>, mis loovad Sinu kodus m\u00f5nusalt stiilse ja mugava atmosf\u00e4\u00e4ri!<\/p>\n<\/div>\n<\/div>\n<\/div>\n<\/div>\n","protected":false},"excerpt":{"rendered":"<p><strong>Wigiwama tool Cloud, Teddy<\/strong> <strong>on pehme ja hubane lapse tool, mille pilvekujuline disain pakub mugavat istumiskohta l\u00f5\u00f5gastumiseks, lugemiseks v\u00f5i m\u00e4ngimiseks. Valmistatud OEKO-TEX\u00ae sertifitseeritud teddy-kangast, eemaldatava ja pestava kattega. Kerge ja lihtsalt liigutatav \u2013 sobib ideaalselt igasse kodu ruumi!<\/strong><\/p>\n<p><strong>TARNE:<\/strong> 5-10 t\u00f6\u00f6p\u00e4eva<\/p>\n<p><span style=\"color: #339966;\"><img loading=\"lazy\" decoding=\"async\" class=\"alignnone wp-image-22011\" src=\"https:\/\/sulin.ee\/wp-content\/uploads\/2024\/08\/images-300x134.png\" alt=\"\" width=\"77\" height=\"34\" \/><span style=\"color: #ff9900;\"><strong> Toote eest on v\u00f5imalik tasuda ka j\u00e4relmaksuga. T\u00e4pse info j\u00e4relmaksu v\u00f5imaluste kohta leiad ostukorvist, kui oled toote lisanud ja asud maksma. Leping s\u00f5lmitakse makseprotsessi k\u00e4igus.<\/strong><\/span><\/span><\/p>\n","protected":false},"featured_media":35992,"comment_status":"open","ping_status":"closed","template":"","meta":[],"product_brand":[],"product_cat":[1486,1054,1388,1394],"product_tag":[],"class_list":{"0":"post-35962","1":"product","2":"type-product","3":"status-publish","4":"has-post-thumbnail","6":"product_cat-pehmed-toolid","7":"product_cat-moobel","8":"product_cat-kott-toolid-ja-pehme-moobel","9":"product_cat-wigiwama","10":"product_shipping_class-kuller-0-00","11":"has-post-title","12":"has-post-date","13":"has-post-category","14":"has-post-tag","15":"has-post-comment","16":"has-post-author","17":"","19":"first","20":"instock","21":"sale","22":"taxable","23":"shipping-taxable","24":"purchasable","25":"product-type-variable"},"yoast_head":"<!-- This site is optimized with the Yoast SEO plugin v26.8 - https:\/\/yoast.com\/product\/yoast-seo-wordpress\/ -->\n<title>Wigiwama tool Cloud, Teddy - sulin.ee<\/title>\n<meta name=\"description\" content=\"Wigiwama tool Cloud, Teddy on pehme ja hubane lapse tool, mille pilvekujuline disain pakub mugavat istumiskohta l\u00f5\u00f5gastumiseks, lugemiseks v\u00f5i m\u00e4ngimiseks.\" \/>\n<meta name=\"robots\" content=\"index, follow, max-snippet:-1, max-image-preview:large, max-video-preview:-1\" \/>\n<link rel=\"canonical\" href=\"https:\/\/sulin.ee\/en\/toode\/wigiwama-tool-cloud-teddy\/\" \/>\n<meta property=\"og:locale\" content=\"en_US\" \/>\n<meta property=\"og:type\" content=\"article\" \/>\n<meta property=\"og:title\" content=\"Wigiwama tool Cloud, Teddy - sulin.ee\" \/>\n<meta property=\"og:description\" content=\"Wigiwama tool Cloud, Teddy on pehme ja hubane lapse tool, mille pilvekujuline disain pakub mugavat istumiskohta l\u00f5\u00f5gastumiseks, lugemiseks v\u00f5i m\u00e4ngimiseks.\" \/>\n<meta property=\"og:url\" content=\"https:\/\/sulin.ee\/en\/toode\/wigiwama-tool-cloud-teddy\/\" \/>\n<meta property=\"og:site_name\" content=\"sulin.ee\" \/>\n<meta property=\"article:publisher\" content=\"https:\/\/www.facebook.com\/www.sulin.ee\/\" \/>\n<meta property=\"article:modified_time\" content=\"2025-06-03T10:57:06+00:00\" \/>\n<meta property=\"og:image\" content=\"https:\/\/sulin.ee\/wp-content\/uploads\/2025\/01\/5-9.png\" \/>\n\t<meta property=\"og:image:width\" content=\"1080\" \/>\n\t<meta property=\"og:image:height\" content=\"1080\" \/>\n\t<meta property=\"og:image:type\" content=\"image\/png\" \/>\n<meta name=\"twitter:card\" content=\"summary_large_image\" \/>\n<meta name=\"twitter:label1\" content=\"Est. reading time\" \/>\n\t<meta name=\"twitter:data1\" content=\"2 minutes\" \/>\n<script type=\"application\/ld+json\" class=\"yoast-schema-graph\">{\"@context\":\"https:\/\/schema.org\",\"@graph\":[{\"@type\":\"WebPage\",\"@id\":\"https:\/\/sulin.ee\/en\/toode\/wigiwama-tool-cloud-teddy\/\",\"url\":\"https:\/\/sulin.ee\/en\/toode\/wigiwama-tool-cloud-teddy\/\",\"name\":\"Wigiwama tool Cloud, Teddy - sulin.ee\",\"isPartOf\":{\"@id\":\"https:\/\/sulin.ee\/en\/#website\"},\"primaryImageOfPage\":{\"@id\":\"https:\/\/sulin.ee\/en\/toode\/wigiwama-tool-cloud-teddy\/#primaryimage\"},\"image\":{\"@id\":\"https:\/\/sulin.ee\/en\/toode\/wigiwama-tool-cloud-teddy\/#primaryimage\"},\"thumbnailUrl\":\"https:\/\/sulin.ee\/wp-content\/uploads\/2025\/01\/5-9.png\",\"datePublished\":\"2025-01-05T21:15:21+00:00\",\"dateModified\":\"2025-06-03T10:57:06+00:00\",\"description\":\"Wigiwama tool Cloud, Teddy on pehme ja hubane lapse tool, mille pilvekujuline disain pakub mugavat istumiskohta l\u00f5\u00f5gastumiseks, lugemiseks v\u00f5i m\u00e4ngimiseks.\",\"breadcrumb\":{\"@id\":\"https:\/\/sulin.ee\/en\/toode\/wigiwama-tool-cloud-teddy\/#breadcrumb\"},\"inLanguage\":\"en-US\",\"potentialAction\":[{\"@type\":\"ReadAction\",\"target\":[\"https:\/\/sulin.ee\/en\/toode\/wigiwama-tool-cloud-teddy\/\"]}]},{\"@type\":\"ImageObject\",\"inLanguage\":\"en-US\",\"@id\":\"https:\/\/sulin.ee\/en\/toode\/wigiwama-tool-cloud-teddy\/#primaryimage\",\"url\":\"https:\/\/sulin.ee\/wp-content\/uploads\/2025\/01\/5-9.png\",\"contentUrl\":\"https:\/\/sulin.ee\/wp-content\/uploads\/2025\/01\/5-9.png\",\"width\":1080,\"height\":1080,\"caption\":\"Wigiwama tool Cloud\"},{\"@type\":\"BreadcrumbList\",\"@id\":\"https:\/\/sulin.ee\/en\/toode\/wigiwama-tool-cloud-teddy\/#breadcrumb\",\"itemListElement\":[{\"@type\":\"ListItem\",\"position\":1,\"name\":\"Home\",\"item\":\"https:\/\/sulin.ee\/en\/\"},{\"@type\":\"ListItem\",\"position\":2,\"name\":\"Sulin.ee e-pood\",\"item\":\"https:\/\/sulin.ee\/shop\/\"},{\"@type\":\"ListItem\",\"position\":3,\"name\":\"Wigiwama tool Cloud, Teddy\"}]},{\"@type\":\"WebSite\",\"@id\":\"https:\/\/sulin.ee\/en\/#website\",\"url\":\"https:\/\/sulin.ee\/en\/\",\"name\":\"sulin.ee\",\"description\":\"\",\"publisher\":{\"@id\":\"https:\/\/sulin.ee\/en\/#organization\"},\"potentialAction\":[{\"@type\":\"SearchAction\",\"target\":{\"@type\":\"EntryPoint\",\"urlTemplate\":\"https:\/\/sulin.ee\/en\/?s={search_term_string}\"},\"query-input\":{\"@type\":\"PropertyValueSpecification\",\"valueRequired\":true,\"valueName\":\"search_term_string\"}}],\"inLanguage\":\"en-US\"},{\"@type\":\"Organization\",\"@id\":\"https:\/\/sulin.ee\/en\/#organization\",\"name\":\"SULIN TRADE O\u00dc\",\"url\":\"https:\/\/sulin.ee\/en\/\",\"logo\":{\"@type\":\"ImageObject\",\"inLanguage\":\"en-US\",\"@id\":\"https:\/\/sulin.ee\/en\/#\/schema\/logo\/image\/\",\"url\":\"https:\/\/sulin.ee\/wp-content\/uploads\/2022\/11\/sulin-logo.png\",\"contentUrl\":\"https:\/\/sulin.ee\/wp-content\/uploads\/2022\/11\/sulin-logo.png\",\"width\":871,\"height\":321,\"caption\":\"SULIN TRADE O\u00dc\"},\"image\":{\"@id\":\"https:\/\/sulin.ee\/en\/#\/schema\/logo\/image\/\"},\"sameAs\":[\"https:\/\/www.facebook.com\/www.sulin.ee\/\",\"https:\/\/www.instagram.com\/sulintrade\/\"]}]}<\/script>\n<!-- \/ Yoast SEO plugin. -->","yoast_head_json":{"title":"Wigiwama tool Cloud, Teddy - sulin.ee","description":"Wigiwama tool Cloud, Teddy on pehme ja hubane lapse tool, mille pilvekujuline disain pakub mugavat istumiskohta l\u00f5\u00f5gastumiseks, lugemiseks v\u00f5i m\u00e4ngimiseks.","robots":{"index":"index","follow":"follow","max-snippet":"max-snippet:-1","max-image-preview":"max-image-preview:large","max-video-preview":"max-video-preview:-1"},"canonical":"https:\/\/sulin.ee\/en\/toode\/wigiwama-tool-cloud-teddy\/","og_locale":"en_US","og_type":"article","og_title":"Wigiwama tool Cloud, Teddy - sulin.ee","og_description":"Wigiwama tool Cloud, Teddy on pehme ja hubane lapse tool, mille pilvekujuline disain pakub mugavat istumiskohta l\u00f5\u00f5gastumiseks, lugemiseks v\u00f5i m\u00e4ngimiseks.","og_url":"https:\/\/sulin.ee\/en\/toode\/wigiwama-tool-cloud-teddy\/","og_site_name":"sulin.ee","article_publisher":"https:\/\/www.facebook.com\/www.sulin.ee\/","article_modified_time":"2025-06-03T10:57:06+00:00","og_image":[{"width":1080,"height":1080,"url":"https:\/\/sulin.ee\/wp-content\/uploads\/2025\/01\/5-9.png","type":"image\/png"}],"twitter_card":"summary_large_image","twitter_misc":{"Est. reading time":"2 minutes"},"schema":{"@context":"https:\/\/schema.org","@graph":[{"@type":"WebPage","@id":"https:\/\/sulin.ee\/en\/toode\/wigiwama-tool-cloud-teddy\/","url":"https:\/\/sulin.ee\/en\/toode\/wigiwama-tool-cloud-teddy\/","name":"Wigiwama tool Cloud, Teddy - sulin.ee","isPartOf":{"@id":"https:\/\/sulin.ee\/en\/#website"},"primaryImageOfPage":{"@id":"https:\/\/sulin.ee\/en\/toode\/wigiwama-tool-cloud-teddy\/#primaryimage"},"image":{"@id":"https:\/\/sulin.ee\/en\/toode\/wigiwama-tool-cloud-teddy\/#primaryimage"},"thumbnailUrl":"https:\/\/sulin.ee\/wp-content\/uploads\/2025\/01\/5-9.png","datePublished":"2025-01-05T21:15:21+00:00","dateModified":"2025-06-03T10:57:06+00:00","description":"Wigiwama tool Cloud, Teddy on pehme ja hubane lapse tool, mille pilvekujuline disain pakub mugavat istumiskohta l\u00f5\u00f5gastumiseks, lugemiseks v\u00f5i m\u00e4ngimiseks.","breadcrumb":{"@id":"https:\/\/sulin.ee\/en\/toode\/wigiwama-tool-cloud-teddy\/#breadcrumb"},"inLanguage":"en-US","potentialAction":[{"@type":"ReadAction","target":["https:\/\/sulin.ee\/en\/toode\/wigiwama-tool-cloud-teddy\/"]}]},{"@type":"ImageObject","inLanguage":"en-US","@id":"https:\/\/sulin.ee\/en\/toode\/wigiwama-tool-cloud-teddy\/#primaryimage","url":"https:\/\/sulin.ee\/wp-content\/uploads\/2025\/01\/5-9.png","contentUrl":"https:\/\/sulin.ee\/wp-content\/uploads\/2025\/01\/5-9.png","width":1080,"height":1080,"caption":"Wigiwama tool Cloud"},{"@type":"BreadcrumbList","@id":"https:\/\/sulin.ee\/en\/toode\/wigiwama-tool-cloud-teddy\/#breadcrumb","itemListElement":[{"@type":"ListItem","position":1,"name":"Home","item":"https:\/\/sulin.ee\/en\/"},{"@type":"ListItem","position":2,"name":"Sulin.ee e-pood","item":"https:\/\/sulin.ee\/shop\/"},{"@type":"ListItem","position":3,"name":"Wigiwama tool Cloud, Teddy"}]},{"@type":"WebSite","@id":"https:\/\/sulin.ee\/en\/#website","url":"https:\/\/sulin.ee\/en\/","name":"sulin.ee","description":"","publisher":{"@id":"https:\/\/sulin.ee\/en\/#organization"},"potentialAction":[{"@type":"SearchAction","target":{"@type":"EntryPoint","urlTemplate":"https:\/\/sulin.ee\/en\/?s={search_term_string}"},"query-input":{"@type":"PropertyValueSpecification","valueRequired":true,"valueName":"search_term_string"}}],"inLanguage":"en-US"},{"@type":"Organization","@id":"https:\/\/sulin.ee\/en\/#organization","name":"SULIN TRADE O\u00dc","url":"https:\/\/sulin.ee\/en\/","logo":{"@type":"ImageObject","inLanguage":"en-US","@id":"https:\/\/sulin.ee\/en\/#\/schema\/logo\/image\/","url":"https:\/\/sulin.ee\/wp-content\/uploads\/2022\/11\/sulin-logo.png","contentUrl":"https:\/\/sulin.ee\/wp-content\/uploads\/2022\/11\/sulin-logo.png","width":871,"height":321,"caption":"SULIN TRADE O\u00dc"},"image":{"@id":"https:\/\/sulin.ee\/en\/#\/schema\/logo\/image\/"},"sameAs":["https:\/\/www.facebook.com\/www.sulin.ee\/","https:\/\/www.instagram.com\/sulintrade\/"]}]}},"builder_content":"","_links":{"self":[{"href":"https:\/\/sulin.ee\/en\/wp-json\/wp\/v2\/product\/35962","targetHints":{"allow":["GET"]}}],"collection":[{"href":"https:\/\/sulin.ee\/en\/wp-json\/wp\/v2\/product"}],"about":[{"href":"https:\/\/sulin.ee\/en\/wp-json\/wp\/v2\/types\/product"}],"replies":[{"embeddable":true,"href":"https:\/\/sulin.ee\/en\/wp-json\/wp\/v2\/comments?post=35962"}],"wp:featuredmedia":[{"embeddable":true,"href":"https:\/\/sulin.ee\/en\/wp-json\/wp\/v2\/media\/35992"}],"wp:attachment":[{"href":"https:\/\/sulin.ee\/en\/wp-json\/wp\/v2\/media?parent=35962"}],"wp:term":[{"taxonomy":"product_brand","embeddable":true,"href":"https:\/\/sulin.ee\/en\/wp-json\/wp\/v2\/product_brand?post=35962"},{"taxonomy":"product_cat","embeddable":true,"href":"https:\/\/sulin.ee\/en\/wp-json\/wp\/v2\/product_cat?post=35962"},{"taxonomy":"product_tag","embeddable":true,"href":"https:\/\/sulin.ee\/en\/wp-json\/wp\/v2\/product_tag?post=35962"}],"curies":[{"name":"wp","href":"https:\/\/api.w.org\/{rel}","templated":true}]}}