{"id":35911,"date":"2025-01-05T20:32:25","date_gmt":"2025-01-05T20:32:25","guid":{"rendered":"https:\/\/sulin.ee\/?post_type=product&#038;p=35911"},"modified":"2025-06-03T10:58:12","modified_gmt":"2025-06-03T10:58:12","slug":"wigiwama-3-osaline-mooduldiivan-moon-velvet","status":"publish","type":"product","link":"https:\/\/sulin.ee\/en\/toode\/wigiwama-3-osaline-mooduldiivan-moon-velvet\/","title":{"rendered":"Wigiwama 3-osaline mooduldiivan Moon, Velvet"},"content":{"rendered":"<div class=\"flex max-w-full flex-col flex-grow\">\n<div class=\"min-h-8 text-message flex w-full flex-col items-end gap-2 whitespace-normal break-words text-start [.text-message+&amp;]:mt-5\" dir=\"auto\" data-message-author-role=\"assistant\" data-message-id=\"225f56b2-a252-49bf-88fd-4c035fc750f5\" data-message-model-slug=\"gpt-4o\">\n<div class=\"flex w-full flex-col gap-1 empty:hidden first:pt-[3px]\">\n<div class=\"markdown prose w-full break-words dark:prose-invert light\">\n<p><strong>Wigiwama 3-osaline mooduldiivan Moon, Velvet<\/strong><\/p>\n<p>\u2714 GRS\u00ae sertifikaadiga samet, valmistatud taaskasutatud PET-pudelitest<br \/>\n\u2714 Modulaarne disain kolmest osast, mis sobib l\u00f5\u00f5gastumiseks ja m\u00e4ngimiseks<\/p>\n<p>Wigiwama 3-osaline mooduldiivan Moon on t\u00e4iuslik kombinatsioon mugavusest ja stiilist, pakkudes hubast puhkekohta ning kaunistades iga ruumi. See mitmeotstarbeline diivan on loodud pakkuma maksimaalset mugavust \u2013 ideaalne p\u00e4rast lasteaia- v\u00f5i koolip\u00e4eva, p\u00f5neva raamatu lugemiseks v\u00f5i loomingulisteks m\u00e4ngudeks. Kolmest eraldiseisvast osast koosnev disain muudab diivani m\u00e4nguliseks ja mitmek\u00fclgseks.<\/p>\n<p><strong>TARNE:<\/strong> 5-10 t\u00f6\u00f6p\u00e4eva<\/p>\n<h3><strong>Toote omadused<\/strong><\/h3>\n<p>\u2714 Mugav ja praktiline \u2013 ideaalne istumiseks, m\u00e4ngimiseks v\u00f5i isegi kiireks uinakuks<br \/>\n\u2714 Kvaliteetne ja kergesti hooldatav \u2013 eemaldatav ja pestav kate vastavalt hooldusjuhistele<br \/>\n\u2714 Valmistatud OEKO-TEX\u00ae ja GRS\u00ae sertifikaadiga sametist, tagades ohutuse ja keskkonnas\u00f5bralikkuse<\/p>\n<h3><strong>Tehniline info<\/strong><\/h3>\n<p>\u2714 <strong>V\u00e4limine kangas:<\/strong> OEKO-TEX\u00ae ja GRS\u00ae sertifikaadiga laia triibuga samet<br \/>\n\u2714 <strong>Sisu:<\/strong> ISO-sertifikaadiga pol\u00fcuretaanvaht<br \/>\n\u2714 <strong>M\u00f5\u00f5dud:<\/strong> Pikkus 80 cm \/ Laius 65 cm \/ K\u00f5rgus 55 cm<br \/>\n\u2714 Valmistatud hoolikalt L\u00e4tis, pidades silmas planeedi heaolu<\/p>\n<p>Loo lastele m\u00f5nus koht l\u00f5\u00f5gastumiseks ja avasta Wigiwama diivanite maailm!<\/p>\n<div class=\"flex-1 overflow-hidden @container\/thread\">\n<div class=\"h-full\">\n<div class=\"react-scroll-to-bottom--css-tsnbq-79elbk h-full\">\n<div class=\"react-scroll-to-bottom--css-tsnbq-1n7m0yu\">\n<div class=\"flex flex-col text-sm md:pb-9\">\n<article class=\"w-full scroll-mb-[var(--thread-trailing-height,150px)] text-token-text-primary focus-visible:outline-2 focus-visible:outline-offset-[-4px]\" dir=\"auto\" data-testid=\"conversation-turn-841\" data-scroll-anchor=\"true\">\n<div class=\"m-auto text-base py-[18px] px-3 md:px-4 w-full md:px-5 lg:px-4 xl:px-5\">\n<div class=\"mx-auto flex flex-1 gap-4 text-base md:gap-5 lg:gap-6 md:max-w-3xl lg:max-w-[40rem] xl:max-w-[48rem]\">\n<div class=\"group\/conversation-turn relative flex w-full min-w-0 flex-col agent-turn\">\n<div class=\"flex-col gap-1 md:gap-3\">\n<div class=\"flex max-w-full flex-col flex-grow\">\n<div class=\"min-h-8 text-message flex w-full flex-col items-end gap-2 whitespace-normal break-words text-start [.text-message+&amp;]:mt-5\" dir=\"auto\" data-message-author-role=\"assistant\" data-message-id=\"aa456e4b-ea8e-4ae4-8604-3acb12930ac0\" data-message-model-slug=\"gpt-4o\">\n<div class=\"flex w-full flex-col gap-1 empty:hidden first:pt-[3px]\">\n<div class=\"markdown prose w-full break-words dark:prose-invert light\">\n<p><strong><a href=\"https:\/\/wigiwama.com\/\">Wigiwama<\/a>\u00a0mooduldiivan<\/strong>\u00a0on valmistatud L\u00e4tis, p\u00f6\u00f6rates erilist t\u00e4helepanu planeedis\u00f5bralikule tootmisele. Looge lapsele mugav ja m\u00e4nguline ruum, kus nad saavad puhata ja l\u00f5\u00f5gastuda!<\/p>\n<p><strong>Kaup saadetakse kulleriga kliendi poolt sisestatud aadressile, mis peab olema t\u00e4ielik ja korrektne (sh sihtnumber, t\u00e4nava nimi, maja- v\u00f5i korterinumber ning telefoninumber).<\/strong><\/p>\n<p>Tule tutvu ka teiste <a href=\"https:\/\/sulin.ee\/tootekategooria\/moobel\/kott-toolid-ja-pehme-moobel\/\">pehmete ja hubaste m\u00f6\u00f6bliesemetega<\/a>, mis loovad Sinu kodus m\u00f5nusalt stiilse ja mugava atmosf\u00e4\u00e4ri!<\/p>\n<\/div>\n<\/div>\n<\/div>\n<\/div>\n<\/div>\n<\/div>\n<\/div>\n<\/div>\n<\/article>\n<\/div>\n<\/div>\n<\/div>\n<\/div>\n<\/div>\n<\/div>\n<\/div>\n<\/div>\n<\/div>\n","protected":false},"excerpt":{"rendered":"<div class=\"flex max-w-full flex-col flex-grow\">\n<div class=\"min-h-8 text-message flex w-full flex-col items-end gap-2 whitespace-normal break-words text-start [.text-message+&amp;]:mt-5\" dir=\"auto\" data-message-author-role=\"assistant\" data-message-id=\"2e646290-6d59-4b35-8255-f33b092f0af8\" data-message-model-slug=\"gpt-4o\">\n<div class=\"flex w-full flex-col gap-1 empty:hidden first:pt-[3px]\">\n<div class=\"markdown prose w-full break-words dark:prose-invert light\">\n<p><strong>Wigiwama 3-osaline mooduldiivan Moon, Velvet<\/strong> <strong>on mugav ja stiilne lahendus igasse lastetuppa. Taaskasutatud PET-pudelitest valmistatud sametist diivan pakub ideaalse koha l\u00f5\u00f5gastumiseks, m\u00e4ngimiseks v\u00f5i raamatu lugemiseks. Modulaarne disain v\u00f5imaldab loovat kasutust ja diivanit on lihtne hooldada t\u00e4nu eemaldatavale pestavale kattele. Valmistatud L\u00e4tis keskkonnas\u00f5bralikult!<\/strong><\/p>\n<p><strong>TARNE:<\/strong> 5-10 t\u00f6\u00f6p\u00e4eva<\/p>\n<p><span style=\"color: #339966;\"><img loading=\"lazy\" decoding=\"async\" class=\"alignnone wp-image-22011\" src=\"https:\/\/sulin.ee\/wp-content\/uploads\/2024\/08\/images-300x134.png\" alt=\"\" width=\"77\" height=\"34\" \/><span style=\"color: #ff9900;\"><strong> Toote eest on v\u00f5imalik tasuda ka j\u00e4relmaksuga. T\u00e4pse info j\u00e4relmaksu v\u00f5imaluste kohta leiad ostukorvist, kui oled toote lisanud ja asud maksma. Leping s\u00f5lmitakse makseprotsessi k\u00e4igus.<\/strong><\/span><\/span><\/p>\n<\/div>\n<\/div>\n<\/div>\n<\/div>\n","protected":false},"featured_media":35930,"comment_status":"open","ping_status":"closed","template":"","meta":[],"product_brand":[],"product_cat":[1482,1054,1388,1394],"product_tag":[],"class_list":{"0":"post-35911","1":"product","2":"type-product","3":"status-publish","4":"has-post-thumbnail","6":"product_cat-3-osalised-mooduldiivanid","7":"product_cat-moobel","8":"product_cat-kott-toolid-ja-pehme-moobel","9":"product_cat-wigiwama","10":"product_shipping_class-kuller-0-00","11":"has-post-title","12":"has-post-date","13":"has-post-category","14":"has-post-tag","15":"has-post-comment","16":"has-post-author","17":"","19":"first","20":"instock","21":"sale","22":"taxable","23":"shipping-taxable","24":"purchasable","25":"product-type-variable"},"yoast_head":"<!-- This site is optimized with the Yoast SEO plugin v26.8 - https:\/\/yoast.com\/product\/yoast-seo-wordpress\/ -->\n<title>Wigiwama 3-osaline mooduldiivan Moon, Velvet - sulin.ee<\/title>\n<meta name=\"description\" content=\"Wigiwama 3-osaline mooduldiivan Moon, Velvet on mugav ja stiilne lahendus igasse lastetuppa. Taaskasutatud PET-pudelitest valmistatud\" \/>\n<meta name=\"robots\" content=\"index, follow, max-snippet:-1, max-image-preview:large, max-video-preview:-1\" \/>\n<link rel=\"canonical\" href=\"https:\/\/sulin.ee\/en\/toode\/wigiwama-3-osaline-mooduldiivan-moon-velvet\/\" \/>\n<meta property=\"og:locale\" content=\"en_US\" \/>\n<meta property=\"og:type\" content=\"article\" \/>\n<meta property=\"og:title\" content=\"Wigiwama 3-osaline mooduldiivan Moon, Velvet - sulin.ee\" \/>\n<meta property=\"og:description\" content=\"Wigiwama 3-osaline mooduldiivan Moon, Velvet on mugav ja stiilne lahendus igasse lastetuppa. Taaskasutatud PET-pudelitest valmistatud\" \/>\n<meta property=\"og:url\" content=\"https:\/\/sulin.ee\/en\/toode\/wigiwama-3-osaline-mooduldiivan-moon-velvet\/\" \/>\n<meta property=\"og:site_name\" content=\"sulin.ee\" \/>\n<meta property=\"article:publisher\" content=\"https:\/\/www.facebook.com\/www.sulin.ee\/\" \/>\n<meta property=\"article:modified_time\" content=\"2025-06-03T10:58:12+00:00\" \/>\n<meta property=\"og:image\" content=\"https:\/\/sulin.ee\/wp-content\/uploads\/2025\/01\/2-16.png\" \/>\n\t<meta property=\"og:image:width\" content=\"1080\" \/>\n\t<meta property=\"og:image:height\" content=\"1080\" \/>\n\t<meta property=\"og:image:type\" content=\"image\/png\" \/>\n<meta name=\"twitter:card\" content=\"summary_large_image\" \/>\n<meta name=\"twitter:label1\" content=\"Est. reading time\" \/>\n\t<meta name=\"twitter:data1\" content=\"2 minutes\" \/>\n<script type=\"application\/ld+json\" class=\"yoast-schema-graph\">{\"@context\":\"https:\/\/schema.org\",\"@graph\":[{\"@type\":\"WebPage\",\"@id\":\"https:\/\/sulin.ee\/en\/toode\/wigiwama-3-osaline-mooduldiivan-moon-velvet\/\",\"url\":\"https:\/\/sulin.ee\/en\/toode\/wigiwama-3-osaline-mooduldiivan-moon-velvet\/\",\"name\":\"Wigiwama 3-osaline mooduldiivan Moon, Velvet - sulin.ee\",\"isPartOf\":{\"@id\":\"https:\/\/sulin.ee\/en\/#website\"},\"primaryImageOfPage\":{\"@id\":\"https:\/\/sulin.ee\/en\/toode\/wigiwama-3-osaline-mooduldiivan-moon-velvet\/#primaryimage\"},\"image\":{\"@id\":\"https:\/\/sulin.ee\/en\/toode\/wigiwama-3-osaline-mooduldiivan-moon-velvet\/#primaryimage\"},\"thumbnailUrl\":\"https:\/\/sulin.ee\/wp-content\/uploads\/2025\/01\/2-16.png\",\"datePublished\":\"2025-01-05T20:32:25+00:00\",\"dateModified\":\"2025-06-03T10:58:12+00:00\",\"description\":\"Wigiwama 3-osaline mooduldiivan Moon, Velvet on mugav ja stiilne lahendus igasse lastetuppa. Taaskasutatud PET-pudelitest valmistatud\",\"breadcrumb\":{\"@id\":\"https:\/\/sulin.ee\/en\/toode\/wigiwama-3-osaline-mooduldiivan-moon-velvet\/#breadcrumb\"},\"inLanguage\":\"en-US\",\"potentialAction\":[{\"@type\":\"ReadAction\",\"target\":[\"https:\/\/sulin.ee\/en\/toode\/wigiwama-3-osaline-mooduldiivan-moon-velvet\/\"]}]},{\"@type\":\"ImageObject\",\"inLanguage\":\"en-US\",\"@id\":\"https:\/\/sulin.ee\/en\/toode\/wigiwama-3-osaline-mooduldiivan-moon-velvet\/#primaryimage\",\"url\":\"https:\/\/sulin.ee\/wp-content\/uploads\/2025\/01\/2-16.png\",\"contentUrl\":\"https:\/\/sulin.ee\/wp-content\/uploads\/2025\/01\/2-16.png\",\"width\":1080,\"height\":1080,\"caption\":\"Wigiwama 3-osaline mooduldiivan Moon\"},{\"@type\":\"BreadcrumbList\",\"@id\":\"https:\/\/sulin.ee\/en\/toode\/wigiwama-3-osaline-mooduldiivan-moon-velvet\/#breadcrumb\",\"itemListElement\":[{\"@type\":\"ListItem\",\"position\":1,\"name\":\"Home\",\"item\":\"https:\/\/sulin.ee\/en\/\"},{\"@type\":\"ListItem\",\"position\":2,\"name\":\"Sulin.ee e-pood\",\"item\":\"https:\/\/sulin.ee\/shop\/\"},{\"@type\":\"ListItem\",\"position\":3,\"name\":\"Wigiwama 3-osaline mooduldiivan Moon, Velvet\"}]},{\"@type\":\"WebSite\",\"@id\":\"https:\/\/sulin.ee\/en\/#website\",\"url\":\"https:\/\/sulin.ee\/en\/\",\"name\":\"sulin.ee\",\"description\":\"\",\"publisher\":{\"@id\":\"https:\/\/sulin.ee\/en\/#organization\"},\"potentialAction\":[{\"@type\":\"SearchAction\",\"target\":{\"@type\":\"EntryPoint\",\"urlTemplate\":\"https:\/\/sulin.ee\/en\/?s={search_term_string}\"},\"query-input\":{\"@type\":\"PropertyValueSpecification\",\"valueRequired\":true,\"valueName\":\"search_term_string\"}}],\"inLanguage\":\"en-US\"},{\"@type\":\"Organization\",\"@id\":\"https:\/\/sulin.ee\/en\/#organization\",\"name\":\"SULIN TRADE O\u00dc\",\"url\":\"https:\/\/sulin.ee\/en\/\",\"logo\":{\"@type\":\"ImageObject\",\"inLanguage\":\"en-US\",\"@id\":\"https:\/\/sulin.ee\/en\/#\/schema\/logo\/image\/\",\"url\":\"https:\/\/sulin.ee\/wp-content\/uploads\/2022\/11\/sulin-logo.png\",\"contentUrl\":\"https:\/\/sulin.ee\/wp-content\/uploads\/2022\/11\/sulin-logo.png\",\"width\":871,\"height\":321,\"caption\":\"SULIN TRADE O\u00dc\"},\"image\":{\"@id\":\"https:\/\/sulin.ee\/en\/#\/schema\/logo\/image\/\"},\"sameAs\":[\"https:\/\/www.facebook.com\/www.sulin.ee\/\",\"https:\/\/www.instagram.com\/sulintrade\/\"]}]}<\/script>\n<!-- \/ Yoast SEO plugin. -->","yoast_head_json":{"title":"Wigiwama 3-osaline mooduldiivan Moon, Velvet - sulin.ee","description":"Wigiwama 3-osaline mooduldiivan Moon, Velvet on mugav ja stiilne lahendus igasse lastetuppa. Taaskasutatud PET-pudelitest valmistatud","robots":{"index":"index","follow":"follow","max-snippet":"max-snippet:-1","max-image-preview":"max-image-preview:large","max-video-preview":"max-video-preview:-1"},"canonical":"https:\/\/sulin.ee\/en\/toode\/wigiwama-3-osaline-mooduldiivan-moon-velvet\/","og_locale":"en_US","og_type":"article","og_title":"Wigiwama 3-osaline mooduldiivan Moon, Velvet - sulin.ee","og_description":"Wigiwama 3-osaline mooduldiivan Moon, Velvet on mugav ja stiilne lahendus igasse lastetuppa. Taaskasutatud PET-pudelitest valmistatud","og_url":"https:\/\/sulin.ee\/en\/toode\/wigiwama-3-osaline-mooduldiivan-moon-velvet\/","og_site_name":"sulin.ee","article_publisher":"https:\/\/www.facebook.com\/www.sulin.ee\/","article_modified_time":"2025-06-03T10:58:12+00:00","og_image":[{"width":1080,"height":1080,"url":"https:\/\/sulin.ee\/wp-content\/uploads\/2025\/01\/2-16.png","type":"image\/png"}],"twitter_card":"summary_large_image","twitter_misc":{"Est. reading time":"2 minutes"},"schema":{"@context":"https:\/\/schema.org","@graph":[{"@type":"WebPage","@id":"https:\/\/sulin.ee\/en\/toode\/wigiwama-3-osaline-mooduldiivan-moon-velvet\/","url":"https:\/\/sulin.ee\/en\/toode\/wigiwama-3-osaline-mooduldiivan-moon-velvet\/","name":"Wigiwama 3-osaline mooduldiivan Moon, Velvet - sulin.ee","isPartOf":{"@id":"https:\/\/sulin.ee\/en\/#website"},"primaryImageOfPage":{"@id":"https:\/\/sulin.ee\/en\/toode\/wigiwama-3-osaline-mooduldiivan-moon-velvet\/#primaryimage"},"image":{"@id":"https:\/\/sulin.ee\/en\/toode\/wigiwama-3-osaline-mooduldiivan-moon-velvet\/#primaryimage"},"thumbnailUrl":"https:\/\/sulin.ee\/wp-content\/uploads\/2025\/01\/2-16.png","datePublished":"2025-01-05T20:32:25+00:00","dateModified":"2025-06-03T10:58:12+00:00","description":"Wigiwama 3-osaline mooduldiivan Moon, Velvet on mugav ja stiilne lahendus igasse lastetuppa. Taaskasutatud PET-pudelitest valmistatud","breadcrumb":{"@id":"https:\/\/sulin.ee\/en\/toode\/wigiwama-3-osaline-mooduldiivan-moon-velvet\/#breadcrumb"},"inLanguage":"en-US","potentialAction":[{"@type":"ReadAction","target":["https:\/\/sulin.ee\/en\/toode\/wigiwama-3-osaline-mooduldiivan-moon-velvet\/"]}]},{"@type":"ImageObject","inLanguage":"en-US","@id":"https:\/\/sulin.ee\/en\/toode\/wigiwama-3-osaline-mooduldiivan-moon-velvet\/#primaryimage","url":"https:\/\/sulin.ee\/wp-content\/uploads\/2025\/01\/2-16.png","contentUrl":"https:\/\/sulin.ee\/wp-content\/uploads\/2025\/01\/2-16.png","width":1080,"height":1080,"caption":"Wigiwama 3-osaline mooduldiivan Moon"},{"@type":"BreadcrumbList","@id":"https:\/\/sulin.ee\/en\/toode\/wigiwama-3-osaline-mooduldiivan-moon-velvet\/#breadcrumb","itemListElement":[{"@type":"ListItem","position":1,"name":"Home","item":"https:\/\/sulin.ee\/en\/"},{"@type":"ListItem","position":2,"name":"Sulin.ee e-pood","item":"https:\/\/sulin.ee\/shop\/"},{"@type":"ListItem","position":3,"name":"Wigiwama 3-osaline mooduldiivan Moon, Velvet"}]},{"@type":"WebSite","@id":"https:\/\/sulin.ee\/en\/#website","url":"https:\/\/sulin.ee\/en\/","name":"sulin.ee","description":"","publisher":{"@id":"https:\/\/sulin.ee\/en\/#organization"},"potentialAction":[{"@type":"SearchAction","target":{"@type":"EntryPoint","urlTemplate":"https:\/\/sulin.ee\/en\/?s={search_term_string}"},"query-input":{"@type":"PropertyValueSpecification","valueRequired":true,"valueName":"search_term_string"}}],"inLanguage":"en-US"},{"@type":"Organization","@id":"https:\/\/sulin.ee\/en\/#organization","name":"SULIN TRADE O\u00dc","url":"https:\/\/sulin.ee\/en\/","logo":{"@type":"ImageObject","inLanguage":"en-US","@id":"https:\/\/sulin.ee\/en\/#\/schema\/logo\/image\/","url":"https:\/\/sulin.ee\/wp-content\/uploads\/2022\/11\/sulin-logo.png","contentUrl":"https:\/\/sulin.ee\/wp-content\/uploads\/2022\/11\/sulin-logo.png","width":871,"height":321,"caption":"SULIN TRADE O\u00dc"},"image":{"@id":"https:\/\/sulin.ee\/en\/#\/schema\/logo\/image\/"},"sameAs":["https:\/\/www.facebook.com\/www.sulin.ee\/","https:\/\/www.instagram.com\/sulintrade\/"]}]}},"builder_content":"","_links":{"self":[{"href":"https:\/\/sulin.ee\/en\/wp-json\/wp\/v2\/product\/35911","targetHints":{"allow":["GET"]}}],"collection":[{"href":"https:\/\/sulin.ee\/en\/wp-json\/wp\/v2\/product"}],"about":[{"href":"https:\/\/sulin.ee\/en\/wp-json\/wp\/v2\/types\/product"}],"replies":[{"embeddable":true,"href":"https:\/\/sulin.ee\/en\/wp-json\/wp\/v2\/comments?post=35911"}],"wp:featuredmedia":[{"embeddable":true,"href":"https:\/\/sulin.ee\/en\/wp-json\/wp\/v2\/media\/35930"}],"wp:attachment":[{"href":"https:\/\/sulin.ee\/en\/wp-json\/wp\/v2\/media?parent=35911"}],"wp:term":[{"taxonomy":"product_brand","embeddable":true,"href":"https:\/\/sulin.ee\/en\/wp-json\/wp\/v2\/product_brand?post=35911"},{"taxonomy":"product_cat","embeddable":true,"href":"https:\/\/sulin.ee\/en\/wp-json\/wp\/v2\/product_cat?post=35911"},{"taxonomy":"product_tag","embeddable":true,"href":"https:\/\/sulin.ee\/en\/wp-json\/wp\/v2\/product_tag?post=35911"}],"curies":[{"name":"wp","href":"https:\/\/api.w.org\/{rel}","templated":true}]}}