{"id":35874,"date":"2025-01-05T20:18:56","date_gmt":"2025-01-05T20:18:56","guid":{"rendered":"https:\/\/sulin.ee\/?post_type=product&#038;p=35874"},"modified":"2025-12-09T16:47:25","modified_gmt":"2025-12-09T16:47:25","slug":"wigiwama-3-osaline-mooduldiivan-moon-teddy","status":"publish","type":"product","link":"https:\/\/sulin.ee\/en\/toode\/wigiwama-3-osaline-mooduldiivan-moon-teddy\/","title":{"rendered":"Wigiwama 3-osaline mooduldiivan Moon, Teddy"},"content":{"rendered":"<div class=\"flex-1 overflow-hidden @container\/thread\">\n<div class=\"h-full\">\n<div class=\"react-scroll-to-bottom--css-tsnbq-79elbk h-full\">\n<div class=\"react-scroll-to-bottom--css-tsnbq-1n7m0yu\">\n<div class=\"flex flex-col text-sm md:pb-9\">\n<article class=\"w-full scroll-mb-[var(--thread-trailing-height,150px)] text-token-text-primary focus-visible:outline-2 focus-visible:outline-offset-[-4px]\" dir=\"auto\" data-testid=\"conversation-turn-841\" data-scroll-anchor=\"true\">\n<div class=\"m-auto text-base py-[18px] px-3 md:px-4 w-full md:px-5 lg:px-4 xl:px-5\">\n<div class=\"mx-auto flex flex-1 gap-4 text-base md:gap-5 lg:gap-6 md:max-w-3xl lg:max-w-[40rem] xl:max-w-[48rem]\">\n<div class=\"group\/conversation-turn relative flex w-full min-w-0 flex-col agent-turn\">\n<div class=\"flex-col gap-1 md:gap-3\">\n<div class=\"flex max-w-full flex-col flex-grow\">\n<div class=\"min-h-8 text-message flex w-full flex-col items-end gap-2 whitespace-normal break-words text-start [.text-message+&amp;]:mt-5\" dir=\"auto\" data-message-author-role=\"assistant\" data-message-id=\"aa456e4b-ea8e-4ae4-8604-3acb12930ac0\" data-message-model-slug=\"gpt-4o\">\n<div class=\"flex w-full flex-col gap-1 empty:hidden first:pt-[3px]\">\n<div class=\"markdown prose w-full break-words dark:prose-invert light\">\n<p><strong>Wigiwama 3-osaline mooduldiivan Moon, Teddy<\/strong> \u2013 ideaalne kombinatsioon mugavusest ja m\u00e4ngulisusest!<\/p>\n<p>Lastele loodud <strong>Moon<\/strong> mooduldiivan on t\u00e4iuslik lisand igasse lastetuppa. Selle kolmest osast koosnev modulaarne disain pakub mitte ainult mugavat istumis- ja puhkev\u00f5imalust, vaid ka loovat tegevust. See mitmeotstarbeline m\u00f6\u00f6bliese sobib ideaalselt l\u00f5\u00f5gastumiseks p\u00e4rast pikka p\u00e4eva, raamatu lugemiseks v\u00f5i m\u00e4ngimiseks.<\/p>\n<p><strong>Wigiwama Moon<\/strong> diivan eristub pehmest ja hubasest <strong>OEKO-TEX\u00ae sertifitseeritud teddy-kangast<\/strong>, mis on nahas\u00f5bralik ja vastupidav. Lastele m\u00f5eldud praktilisus kajastub eemaldatavas ja pestavas katteriides, mis muudab hooldamise lihtsaks.<\/p>\n<p><strong>TARNE:<\/strong> 5-10 t\u00f6\u00f6p\u00e4eva<\/p>\n<p>\u2714 <strong>Mugav ja praktiline:<\/strong> Modulaarne disain kolmest osast \u2013 suurep\u00e4rane nii puhkamiseks kui ka m\u00e4ngimiseks.<br \/>\n\u2714 <strong>Materjalid:<\/strong> V\u00e4limine kangas OEKO-TEX\u00ae sertifitseeritud teddy-kangas, sisemine t\u00e4idis ISO-sertifitseeritud pol\u00fcuretaanvaht.<br \/>\n\u2714 <strong>M\u00f5\u00f5dud:<\/strong> Pikkus 80 cm, laius 65 cm, k\u00f5rgus 55 cm.<br \/>\n\u2714 <strong>Kergesti hooldatav:<\/strong> Lukkudega avanev kate, mida saab eemaldada ja pesta vastavalt juhistele.<br \/>\n\u2714 <strong>Keskkonnas\u00f5bralik:<\/strong> Valmistatud L\u00e4tis, hoolides meie planeedist.<\/p>\n<p>Wigiwama Moon diivan lisab igasse interj\u00f6\u00f6ri m\u00e4ngulisust ja stiili, pakkudes lastele turvalise ja hubase koha, kus puhata ja unistada.<\/p>\n<p><strong><a href=\"https:\/\/wigiwama.com\/\">Wigiwama<\/a>\u00a0mooduldiivan<\/strong>\u00a0on valmistatud L\u00e4tis, p\u00f6\u00f6rates erilist t\u00e4helepanu planeedis\u00f5bralikule tootmisele. Looge lapsele mugav ja m\u00e4nguline ruum, kus nad saavad puhata ja l\u00f5\u00f5gastuda!<\/p>\n<p><strong>Kaup saadetakse kulleriga kliendi poolt sisestatud aadressile, mis peab olema t\u00e4ielik ja korrektne (sh sihtnumber, t\u00e4nava nimi, maja- v\u00f5i korterinumber ning telefoninumber).<\/strong><\/p>\n<p>Tule tutvu ka teiste <a href=\"https:\/\/sulin.ee\/tootekategooria\/moobel\/kott-toolid-ja-pehme-moobel\/\">pehmete ja hubaste m\u00f6\u00f6bliesemetega<\/a>, mis loovad Sinu kodus m\u00f5nusalt stiilse ja mugava atmosf\u00e4\u00e4ri!<\/p>\n<\/div>\n<\/div>\n<\/div>\n<\/div>\n<\/div>\n<\/div>\n<\/div>\n<\/div>\n<\/article>\n<\/div>\n<\/div>\n<\/div>\n<\/div>\n<\/div>\n<div class=\"md:pt-0 dark:border-white\/20 md:border-transparent md:dark:border-transparent w-full\">\n<div class=\"m-auto text-base px-3 md:px-4 w-full md:px-5 lg:px-4 xl:px-5\">\n<div class=\"mx-auto flex flex-1 gap-4 text-base md:gap-5 lg:gap-6 md:max-w-3xl lg:max-w-[40rem] xl:max-w-[48rem]\">\n<form class=\"w-full\" aria-haspopup=\"dialog\" aria-expanded=\"false\" aria-controls=\"radix-:r7m:\" data-state=\"closed\">\n<div class=\"relative flex h-full max-w-full flex-1 flex-col\">\n<div class=\"group relative flex w-full items-center\">\n<div class=\"w-full\">\n<div id=\"composer-background\" class=\"flex w-full cursor-text flex-col rounded-3xl px-2.5 py-1 transition-colors contain-inline-size bg-[#f4f4f4] dark:bg-token-main-surface-secondary\">\n<div class=\"flex min-h-[44px] items-start pl-2\">\n<div class=\"min-w-0 max-w-full flex-1\">\n<div class=\"_prosemirror-parent_cy42l_1 text-token-text-primary max-h-[25dvh] max-h-52 overflow-auto default-browser\">\n<div id=\"prompt-textarea\" class=\"ProseMirror\" contenteditable=\"true\" translate=\"no\" data-virtualkeyboard=\"true\"><\/div>\n<\/div>\n<\/div>\n<\/div>\n<\/div>\n<\/div>\n<\/div>\n<\/div>\n<\/form>\n<\/div>\n<\/div>\n<\/div>\n","protected":false},"excerpt":{"rendered":"<p><strong>Wigiwama 3-osaline mooduldiivan Moon, Teddy<\/strong> <strong>on ideaalne koht lastele puhkamiseks ja m\u00e4ngimiseks. Pehme OEKO-TEX\u00ae sertifitseeritud teddy-kangast diivan pakub mugavust ja m\u00e4ngulist modulaarset disaini, sobides ideaalselt lastetuppa. Eemaldatav ja pestav kate muudab hooldamise lihtsaks.<\/strong><\/p>\n<p><strong>TARNE:<\/strong> 5-10 t\u00f6\u00f6p\u00e4eva<\/p>\n<p><span style=\"color: #339966;\"><img loading=\"lazy\" decoding=\"async\" class=\"alignnone wp-image-22011\" src=\"https:\/\/sulin.ee\/wp-content\/uploads\/2024\/08\/images-300x134.png\" alt=\"\" width=\"77\" height=\"34\" \/><span style=\"color: #ff9900;\"><strong> Toote eest on v\u00f5imalik tasuda ka j\u00e4relmaksuga. T\u00e4pse info j\u00e4relmaksu v\u00f5imaluste kohta leiad ostukorvist, kui oled toote lisanud ja asud maksma. Leping s\u00f5lmitakse makseprotsessi k\u00e4igus.<\/strong><\/span><\/span><\/p>\n","protected":false},"featured_media":35895,"comment_status":"open","ping_status":"closed","template":"","meta":[],"product_brand":[],"product_cat":[1482,1054,1388,1394],"product_tag":[],"class_list":{"0":"post-35874","1":"product","2":"type-product","3":"status-publish","4":"has-post-thumbnail","6":"product_cat-3-osalised-mooduldiivanid","7":"product_cat-moobel","8":"product_cat-kott-toolid-ja-pehme-moobel","9":"product_cat-wigiwama","10":"product_shipping_class-kuller-0-00","11":"has-post-title","12":"has-post-date","13":"has-post-category","14":"has-post-tag","15":"has-post-comment","16":"has-post-author","17":"","19":"first","20":"instock","21":"sale","22":"taxable","23":"shipping-taxable","24":"purchasable","25":"product-type-variable"},"yoast_head":"<!-- This site is optimized with the Yoast SEO plugin v26.8 - https:\/\/yoast.com\/product\/yoast-seo-wordpress\/ -->\n<title>Wigiwama 3-osaline mooduldiivan Moon, Teddy - sulin.ee<\/title>\n<meta name=\"description\" content=\"Wigiwama 3-osaline mooduldiivan Moon, Teddy on ideaalne koht lastele puhkamiseks ja m\u00e4ngimiseks. Sobides ideaalselt lastetuppa.\" \/>\n<meta name=\"robots\" content=\"index, follow, max-snippet:-1, max-image-preview:large, max-video-preview:-1\" \/>\n<link rel=\"canonical\" href=\"https:\/\/sulin.ee\/en\/toode\/wigiwama-3-osaline-mooduldiivan-moon-teddy\/\" \/>\n<meta property=\"og:locale\" content=\"en_US\" \/>\n<meta property=\"og:type\" content=\"article\" \/>\n<meta property=\"og:title\" content=\"Wigiwama 3-osaline mooduldiivan Moon, Teddy - sulin.ee\" \/>\n<meta property=\"og:description\" content=\"Wigiwama 3-osaline mooduldiivan Moon, Teddy on ideaalne koht lastele puhkamiseks ja m\u00e4ngimiseks. Sobides ideaalselt lastetuppa.\" \/>\n<meta property=\"og:url\" content=\"https:\/\/sulin.ee\/en\/toode\/wigiwama-3-osaline-mooduldiivan-moon-teddy\/\" \/>\n<meta property=\"og:site_name\" content=\"sulin.ee\" \/>\n<meta property=\"article:publisher\" content=\"https:\/\/www.facebook.com\/www.sulin.ee\/\" \/>\n<meta property=\"article:modified_time\" content=\"2025-12-09T16:47:25+00:00\" \/>\n<meta property=\"og:image\" content=\"https:\/\/sulin.ee\/wp-content\/uploads\/2025\/01\/1-14.png\" \/>\n\t<meta property=\"og:image:width\" content=\"1080\" \/>\n\t<meta property=\"og:image:height\" content=\"1080\" \/>\n\t<meta property=\"og:image:type\" content=\"image\/png\" \/>\n<meta name=\"twitter:card\" content=\"summary_large_image\" \/>\n<meta name=\"twitter:label1\" content=\"Est. reading time\" \/>\n\t<meta name=\"twitter:data1\" content=\"2 minutes\" \/>\n<script type=\"application\/ld+json\" class=\"yoast-schema-graph\">{\"@context\":\"https:\/\/schema.org\",\"@graph\":[{\"@type\":\"WebPage\",\"@id\":\"https:\/\/sulin.ee\/en\/toode\/wigiwama-3-osaline-mooduldiivan-moon-teddy\/\",\"url\":\"https:\/\/sulin.ee\/en\/toode\/wigiwama-3-osaline-mooduldiivan-moon-teddy\/\",\"name\":\"Wigiwama 3-osaline mooduldiivan Moon, Teddy - sulin.ee\",\"isPartOf\":{\"@id\":\"https:\/\/sulin.ee\/en\/#website\"},\"primaryImageOfPage\":{\"@id\":\"https:\/\/sulin.ee\/en\/toode\/wigiwama-3-osaline-mooduldiivan-moon-teddy\/#primaryimage\"},\"image\":{\"@id\":\"https:\/\/sulin.ee\/en\/toode\/wigiwama-3-osaline-mooduldiivan-moon-teddy\/#primaryimage\"},\"thumbnailUrl\":\"https:\/\/sulin.ee\/wp-content\/uploads\/2025\/01\/1-14.png\",\"datePublished\":\"2025-01-05T20:18:56+00:00\",\"dateModified\":\"2025-12-09T16:47:25+00:00\",\"description\":\"Wigiwama 3-osaline mooduldiivan Moon, Teddy on ideaalne koht lastele puhkamiseks ja m\u00e4ngimiseks. Sobides ideaalselt lastetuppa.\",\"breadcrumb\":{\"@id\":\"https:\/\/sulin.ee\/en\/toode\/wigiwama-3-osaline-mooduldiivan-moon-teddy\/#breadcrumb\"},\"inLanguage\":\"en-US\",\"potentialAction\":[{\"@type\":\"ReadAction\",\"target\":[\"https:\/\/sulin.ee\/en\/toode\/wigiwama-3-osaline-mooduldiivan-moon-teddy\/\"]}]},{\"@type\":\"ImageObject\",\"inLanguage\":\"en-US\",\"@id\":\"https:\/\/sulin.ee\/en\/toode\/wigiwama-3-osaline-mooduldiivan-moon-teddy\/#primaryimage\",\"url\":\"https:\/\/sulin.ee\/wp-content\/uploads\/2025\/01\/1-14.png\",\"contentUrl\":\"https:\/\/sulin.ee\/wp-content\/uploads\/2025\/01\/1-14.png\",\"width\":1080,\"height\":1080},{\"@type\":\"BreadcrumbList\",\"@id\":\"https:\/\/sulin.ee\/en\/toode\/wigiwama-3-osaline-mooduldiivan-moon-teddy\/#breadcrumb\",\"itemListElement\":[{\"@type\":\"ListItem\",\"position\":1,\"name\":\"Home\",\"item\":\"https:\/\/sulin.ee\/en\/\"},{\"@type\":\"ListItem\",\"position\":2,\"name\":\"Sulin.ee e-pood\",\"item\":\"https:\/\/sulin.ee\/shop\/\"},{\"@type\":\"ListItem\",\"position\":3,\"name\":\"Wigiwama 3-osaline mooduldiivan Moon, Teddy\"}]},{\"@type\":\"WebSite\",\"@id\":\"https:\/\/sulin.ee\/en\/#website\",\"url\":\"https:\/\/sulin.ee\/en\/\",\"name\":\"sulin.ee\",\"description\":\"\",\"publisher\":{\"@id\":\"https:\/\/sulin.ee\/en\/#organization\"},\"potentialAction\":[{\"@type\":\"SearchAction\",\"target\":{\"@type\":\"EntryPoint\",\"urlTemplate\":\"https:\/\/sulin.ee\/en\/?s={search_term_string}\"},\"query-input\":{\"@type\":\"PropertyValueSpecification\",\"valueRequired\":true,\"valueName\":\"search_term_string\"}}],\"inLanguage\":\"en-US\"},{\"@type\":\"Organization\",\"@id\":\"https:\/\/sulin.ee\/en\/#organization\",\"name\":\"SULIN TRADE O\u00dc\",\"url\":\"https:\/\/sulin.ee\/en\/\",\"logo\":{\"@type\":\"ImageObject\",\"inLanguage\":\"en-US\",\"@id\":\"https:\/\/sulin.ee\/en\/#\/schema\/logo\/image\/\",\"url\":\"https:\/\/sulin.ee\/wp-content\/uploads\/2022\/11\/sulin-logo.png\",\"contentUrl\":\"https:\/\/sulin.ee\/wp-content\/uploads\/2022\/11\/sulin-logo.png\",\"width\":871,\"height\":321,\"caption\":\"SULIN TRADE O\u00dc\"},\"image\":{\"@id\":\"https:\/\/sulin.ee\/en\/#\/schema\/logo\/image\/\"},\"sameAs\":[\"https:\/\/www.facebook.com\/www.sulin.ee\/\",\"https:\/\/www.instagram.com\/sulintrade\/\"]}]}<\/script>\n<!-- \/ Yoast SEO plugin. -->","yoast_head_json":{"title":"Wigiwama 3-osaline mooduldiivan Moon, Teddy - sulin.ee","description":"Wigiwama 3-osaline mooduldiivan Moon, Teddy on ideaalne koht lastele puhkamiseks ja m\u00e4ngimiseks. Sobides ideaalselt lastetuppa.","robots":{"index":"index","follow":"follow","max-snippet":"max-snippet:-1","max-image-preview":"max-image-preview:large","max-video-preview":"max-video-preview:-1"},"canonical":"https:\/\/sulin.ee\/en\/toode\/wigiwama-3-osaline-mooduldiivan-moon-teddy\/","og_locale":"en_US","og_type":"article","og_title":"Wigiwama 3-osaline mooduldiivan Moon, Teddy - sulin.ee","og_description":"Wigiwama 3-osaline mooduldiivan Moon, Teddy on ideaalne koht lastele puhkamiseks ja m\u00e4ngimiseks. Sobides ideaalselt lastetuppa.","og_url":"https:\/\/sulin.ee\/en\/toode\/wigiwama-3-osaline-mooduldiivan-moon-teddy\/","og_site_name":"sulin.ee","article_publisher":"https:\/\/www.facebook.com\/www.sulin.ee\/","article_modified_time":"2025-12-09T16:47:25+00:00","og_image":[{"width":1080,"height":1080,"url":"https:\/\/sulin.ee\/wp-content\/uploads\/2025\/01\/1-14.png","type":"image\/png"}],"twitter_card":"summary_large_image","twitter_misc":{"Est. reading time":"2 minutes"},"schema":{"@context":"https:\/\/schema.org","@graph":[{"@type":"WebPage","@id":"https:\/\/sulin.ee\/en\/toode\/wigiwama-3-osaline-mooduldiivan-moon-teddy\/","url":"https:\/\/sulin.ee\/en\/toode\/wigiwama-3-osaline-mooduldiivan-moon-teddy\/","name":"Wigiwama 3-osaline mooduldiivan Moon, Teddy - sulin.ee","isPartOf":{"@id":"https:\/\/sulin.ee\/en\/#website"},"primaryImageOfPage":{"@id":"https:\/\/sulin.ee\/en\/toode\/wigiwama-3-osaline-mooduldiivan-moon-teddy\/#primaryimage"},"image":{"@id":"https:\/\/sulin.ee\/en\/toode\/wigiwama-3-osaline-mooduldiivan-moon-teddy\/#primaryimage"},"thumbnailUrl":"https:\/\/sulin.ee\/wp-content\/uploads\/2025\/01\/1-14.png","datePublished":"2025-01-05T20:18:56+00:00","dateModified":"2025-12-09T16:47:25+00:00","description":"Wigiwama 3-osaline mooduldiivan Moon, Teddy on ideaalne koht lastele puhkamiseks ja m\u00e4ngimiseks. Sobides ideaalselt lastetuppa.","breadcrumb":{"@id":"https:\/\/sulin.ee\/en\/toode\/wigiwama-3-osaline-mooduldiivan-moon-teddy\/#breadcrumb"},"inLanguage":"en-US","potentialAction":[{"@type":"ReadAction","target":["https:\/\/sulin.ee\/en\/toode\/wigiwama-3-osaline-mooduldiivan-moon-teddy\/"]}]},{"@type":"ImageObject","inLanguage":"en-US","@id":"https:\/\/sulin.ee\/en\/toode\/wigiwama-3-osaline-mooduldiivan-moon-teddy\/#primaryimage","url":"https:\/\/sulin.ee\/wp-content\/uploads\/2025\/01\/1-14.png","contentUrl":"https:\/\/sulin.ee\/wp-content\/uploads\/2025\/01\/1-14.png","width":1080,"height":1080},{"@type":"BreadcrumbList","@id":"https:\/\/sulin.ee\/en\/toode\/wigiwama-3-osaline-mooduldiivan-moon-teddy\/#breadcrumb","itemListElement":[{"@type":"ListItem","position":1,"name":"Home","item":"https:\/\/sulin.ee\/en\/"},{"@type":"ListItem","position":2,"name":"Sulin.ee e-pood","item":"https:\/\/sulin.ee\/shop\/"},{"@type":"ListItem","position":3,"name":"Wigiwama 3-osaline mooduldiivan Moon, Teddy"}]},{"@type":"WebSite","@id":"https:\/\/sulin.ee\/en\/#website","url":"https:\/\/sulin.ee\/en\/","name":"sulin.ee","description":"","publisher":{"@id":"https:\/\/sulin.ee\/en\/#organization"},"potentialAction":[{"@type":"SearchAction","target":{"@type":"EntryPoint","urlTemplate":"https:\/\/sulin.ee\/en\/?s={search_term_string}"},"query-input":{"@type":"PropertyValueSpecification","valueRequired":true,"valueName":"search_term_string"}}],"inLanguage":"en-US"},{"@type":"Organization","@id":"https:\/\/sulin.ee\/en\/#organization","name":"SULIN TRADE O\u00dc","url":"https:\/\/sulin.ee\/en\/","logo":{"@type":"ImageObject","inLanguage":"en-US","@id":"https:\/\/sulin.ee\/en\/#\/schema\/logo\/image\/","url":"https:\/\/sulin.ee\/wp-content\/uploads\/2022\/11\/sulin-logo.png","contentUrl":"https:\/\/sulin.ee\/wp-content\/uploads\/2022\/11\/sulin-logo.png","width":871,"height":321,"caption":"SULIN TRADE O\u00dc"},"image":{"@id":"https:\/\/sulin.ee\/en\/#\/schema\/logo\/image\/"},"sameAs":["https:\/\/www.facebook.com\/www.sulin.ee\/","https:\/\/www.instagram.com\/sulintrade\/"]}]}},"builder_content":"","_links":{"self":[{"href":"https:\/\/sulin.ee\/en\/wp-json\/wp\/v2\/product\/35874","targetHints":{"allow":["GET"]}}],"collection":[{"href":"https:\/\/sulin.ee\/en\/wp-json\/wp\/v2\/product"}],"about":[{"href":"https:\/\/sulin.ee\/en\/wp-json\/wp\/v2\/types\/product"}],"replies":[{"embeddable":true,"href":"https:\/\/sulin.ee\/en\/wp-json\/wp\/v2\/comments?post=35874"}],"wp:featuredmedia":[{"embeddable":true,"href":"https:\/\/sulin.ee\/en\/wp-json\/wp\/v2\/media\/35895"}],"wp:attachment":[{"href":"https:\/\/sulin.ee\/en\/wp-json\/wp\/v2\/media?parent=35874"}],"wp:term":[{"taxonomy":"product_brand","embeddable":true,"href":"https:\/\/sulin.ee\/en\/wp-json\/wp\/v2\/product_brand?post=35874"},{"taxonomy":"product_cat","embeddable":true,"href":"https:\/\/sulin.ee\/en\/wp-json\/wp\/v2\/product_cat?post=35874"},{"taxonomy":"product_tag","embeddable":true,"href":"https:\/\/sulin.ee\/en\/wp-json\/wp\/v2\/product_tag?post=35874"}],"curies":[{"name":"wp","href":"https:\/\/api.w.org\/{rel}","templated":true}]}}