{"id":35814,"date":"2025-01-05T19:43:07","date_gmt":"2025-01-05T19:43:07","guid":{"rendered":"https:\/\/sulin.ee\/?post_type=product&#038;p=35814"},"modified":"2025-06-03T11:00:03","modified_gmt":"2025-06-03T11:00:03","slug":"wigiwama-9-osaline-mooduldiivan-settee-velvet","status":"publish","type":"product","link":"https:\/\/sulin.ee\/en\/toode\/wigiwama-9-osaline-mooduldiivan-settee-velvet\/","title":{"rendered":"Wigiwama 9-osaline mooduldiivan Settee, Velvet"},"content":{"rendered":"<h3><strong>Wigiwama 9-osaline mooduldiivan Settee \u2013 loovuse ja mugavuse tipp<\/strong><\/h3>\n<p>\u2714 <strong>GRS\u00ae sertifitseeritud sametist kangas<\/strong><br \/>\n\u2714 <strong>Mitmek\u00fclgne ja sobib igasse kodusse<\/strong><\/p>\n<p>Tutvuge Wigiwama uue ja uuendusliku mooduldiivaniga! <strong>Settee<\/strong> on ideaalne kaaslane igap\u00e4evasteks seiklusteks, pakkudes lastele turvalist ja hubast keskkonda m\u00e4ngimiseks, puhkamiseks ja l\u00f5\u00f5gastumiseks. See mooduldiivan on loodud just laste jaoks, sobitudes suurep\u00e4raselt igasse kodusse.<\/p>\n<p><strong>L\u00f5putult kasutusv\u00f5imalusi!<\/strong> Diivan koosneb \u00fcheksast osast \u2013 kahest istmepadjast, \u00fchest suurest istmepadjast, kahest kolmnurkpadjast seljatugedeks, kahest rullpadjast k\u00e4etugedeks ning kahest \u00fcmmargusest padjast. See annab piiramatult v\u00f5imalusi loovaks m\u00e4nguks ja mugavaks puhkamiseks.<\/p>\n<p><strong>Miks valida Wigiwama mooduldiivan Settee?<\/strong><br \/>\nSettee on midagi enamat kui lihtsalt m\u00f6\u00f6bliese \u2013 see on kutse avastada r\u00f5\u00f5mu ja kujutlusv\u00f5imet!<\/p>\n<p><strong>TARNE:<\/strong> 5-10 t\u00f6\u00f6p\u00e4eva<\/p>\n<p>\u2714 <strong>Materjalid:<\/strong> OEKO-TEX\u00ae ja GRS\u00ae sertifitseeritud sametist kangas, valmistatud taaskasutatud PET-pudelitest.<br \/>\n\u2714 <strong>T\u00e4idis:<\/strong> ISO-sertifikaadiga pol\u00fcuretaanvaht, mis tagab pehmuse ja vastupidavuse.<br \/>\n\u2714 <strong>M\u00f5\u00f5tmed:<\/strong> Pikkus 136 cm \/ Laius 78 cm \/ K\u00f5rgus 46 cm.<br \/>\n\u2714 <strong>Eemaldatav ja pestav kate:<\/strong> T\u00f5mblukuga avanev kate v\u00f5imaldab lihtsat hooldust vastavalt pesemisjuhistele.<\/p>\n<p><strong><a href=\"https:\/\/wigiwama.com\/\">Wigiwama<\/a> 9-osaline mooduldiivan<\/strong>\u00a0on valmistatud L\u00e4tis, p\u00f6\u00f6rates erilist t\u00e4helepanu planeedis\u00f5bralikule tootmisele. Looge lapsele mugav ja m\u00e4nguline ruum, kus nad saavad puhata ja l\u00f5\u00f5gastuda!<\/p>\n<p><strong>Kaup saadetakse kulleriga kliendi poolt sisestatud aadressile, mis peab olema t\u00e4ielik ja korrektne (sh sihtnumber, t\u00e4nava nimi, maja- v\u00f5i korterinumber ning telefoninumber).<\/strong><\/p>\n<p>Tule tutvu ka teiste <a href=\"https:\/\/sulin.ee\/tootekategooria\/moobel\/kott-toolid-ja-pehme-moobel\/\">pehmete ja hubaste m\u00f6\u00f6bliesemetega<\/a>, mis loovad Sinu kodus m\u00f5nusalt stiilse ja mugava atmosf\u00e4\u00e4ri!<\/p>\n","protected":false},"excerpt":{"rendered":"<p><strong>Wigiwama 9-osaline mooduldiivan Settee on mitmek\u00fclgne ja mugav m\u00f6\u00f6bliese, mis pakub lastele l\u00f5putult v\u00f5imalusi m\u00e4ngimiseks, puhkamiseks ja loovuse arendamiseks. Valmistatud taaskasutatud PET-pudelitest sertifitseeritud sametist kangast, diivan sobib suurep\u00e4raselt igasse kodusse. T\u00e4nu eemaldatavale ja pestavale kattele on hooldus lihtne. Ideaalne valik laste igap\u00e4evaseks l\u00f5\u00f5gastumiseks ja m\u00e4ngimiseks!<\/strong><\/p>\n<p><strong>TARNE:<\/strong> 5-10 t\u00f6\u00f6p\u00e4eva<\/p>\n<p><span style=\"color: #339966;\"><img loading=\"lazy\" decoding=\"async\" class=\"alignnone wp-image-22011\" src=\"https:\/\/sulin.ee\/wp-content\/uploads\/2024\/08\/images-300x134.png\" alt=\"\" width=\"77\" height=\"34\" \/><span style=\"color: #ff9900;\"><strong> Toote eest on v\u00f5imalik tasuda ka j\u00e4relmaksuga. T\u00e4pse info j\u00e4relmaksu v\u00f5imaluste kohta leiad ostukorvist, kui oled toote lisanud ja asud maksma. Leping s\u00f5lmitakse makseprotsessi k\u00e4igus.<\/strong><\/span><\/span><\/p>\n","protected":false},"featured_media":35833,"comment_status":"open","ping_status":"closed","template":"","meta":[],"product_brand":[],"product_cat":[1483,1054,1388,1394],"product_tag":[],"class_list":{"0":"post-35814","1":"product","2":"type-product","3":"status-publish","4":"has-post-thumbnail","6":"product_cat-9-osalised-mooduldiivanid","7":"product_cat-moobel","8":"product_cat-kott-toolid-ja-pehme-moobel","9":"product_cat-wigiwama","10":"product_shipping_class-kuller-0-00","11":"has-post-title","12":"has-post-date","13":"has-post-category","14":"has-post-tag","15":"has-post-comment","16":"has-post-author","17":"","19":"first","20":"instock","21":"sale","22":"taxable","23":"shipping-taxable","24":"purchasable","25":"product-type-variable"},"yoast_head":"<!-- This site is optimized with the Yoast SEO plugin v26.8 - https:\/\/yoast.com\/product\/yoast-seo-wordpress\/ -->\n<title>Wigiwama 9-osaline mooduldiivan Settee, Velvet - sulin.ee<\/title>\n<meta name=\"description\" content=\"Wigiwama 9-osaline mooduldiivan Settee on mitmek\u00fclgne ja mugav m\u00f6\u00f6bliese, mis pakub lastele l\u00f5putult v\u00f5imalusi m\u00e4ngimiseks ja puhkamiseks.\" \/>\n<meta name=\"robots\" content=\"index, follow, max-snippet:-1, max-image-preview:large, max-video-preview:-1\" \/>\n<link rel=\"canonical\" href=\"https:\/\/sulin.ee\/en\/toode\/wigiwama-9-osaline-mooduldiivan-settee-velvet\/\" \/>\n<meta property=\"og:locale\" content=\"en_US\" \/>\n<meta property=\"og:type\" content=\"article\" \/>\n<meta property=\"og:title\" content=\"Wigiwama 9-osaline mooduldiivan Settee, Velvet - sulin.ee\" \/>\n<meta property=\"og:description\" content=\"Wigiwama 9-osaline mooduldiivan Settee on mitmek\u00fclgne ja mugav m\u00f6\u00f6bliese, mis pakub lastele l\u00f5putult v\u00f5imalusi m\u00e4ngimiseks ja puhkamiseks.\" \/>\n<meta property=\"og:url\" content=\"https:\/\/sulin.ee\/en\/toode\/wigiwama-9-osaline-mooduldiivan-settee-velvet\/\" \/>\n<meta property=\"og:site_name\" content=\"sulin.ee\" \/>\n<meta property=\"article:publisher\" content=\"https:\/\/www.facebook.com\/www.sulin.ee\/\" \/>\n<meta property=\"article:modified_time\" content=\"2025-06-03T11:00:03+00:00\" \/>\n<meta property=\"og:image\" content=\"https:\/\/sulin.ee\/wp-content\/uploads\/2025\/01\/1-12.png\" \/>\n\t<meta property=\"og:image:width\" content=\"1080\" \/>\n\t<meta property=\"og:image:height\" content=\"1080\" \/>\n\t<meta property=\"og:image:type\" content=\"image\/png\" \/>\n<meta name=\"twitter:card\" content=\"summary_large_image\" \/>\n<meta name=\"twitter:label1\" content=\"Est. reading time\" \/>\n\t<meta name=\"twitter:data1\" content=\"2 minutes\" \/>\n<script type=\"application\/ld+json\" class=\"yoast-schema-graph\">{\"@context\":\"https:\/\/schema.org\",\"@graph\":[{\"@type\":\"WebPage\",\"@id\":\"https:\/\/sulin.ee\/en\/toode\/wigiwama-9-osaline-mooduldiivan-settee-velvet\/\",\"url\":\"https:\/\/sulin.ee\/en\/toode\/wigiwama-9-osaline-mooduldiivan-settee-velvet\/\",\"name\":\"Wigiwama 9-osaline mooduldiivan Settee, Velvet - sulin.ee\",\"isPartOf\":{\"@id\":\"https:\/\/sulin.ee\/en\/#website\"},\"primaryImageOfPage\":{\"@id\":\"https:\/\/sulin.ee\/en\/toode\/wigiwama-9-osaline-mooduldiivan-settee-velvet\/#primaryimage\"},\"image\":{\"@id\":\"https:\/\/sulin.ee\/en\/toode\/wigiwama-9-osaline-mooduldiivan-settee-velvet\/#primaryimage\"},\"thumbnailUrl\":\"https:\/\/sulin.ee\/wp-content\/uploads\/2025\/01\/1-12.png\",\"datePublished\":\"2025-01-05T19:43:07+00:00\",\"dateModified\":\"2025-06-03T11:00:03+00:00\",\"description\":\"Wigiwama 9-osaline mooduldiivan Settee on mitmek\u00fclgne ja mugav m\u00f6\u00f6bliese, mis pakub lastele l\u00f5putult v\u00f5imalusi m\u00e4ngimiseks ja puhkamiseks.\",\"breadcrumb\":{\"@id\":\"https:\/\/sulin.ee\/en\/toode\/wigiwama-9-osaline-mooduldiivan-settee-velvet\/#breadcrumb\"},\"inLanguage\":\"en-US\",\"potentialAction\":[{\"@type\":\"ReadAction\",\"target\":[\"https:\/\/sulin.ee\/en\/toode\/wigiwama-9-osaline-mooduldiivan-settee-velvet\/\"]}]},{\"@type\":\"ImageObject\",\"inLanguage\":\"en-US\",\"@id\":\"https:\/\/sulin.ee\/en\/toode\/wigiwama-9-osaline-mooduldiivan-settee-velvet\/#primaryimage\",\"url\":\"https:\/\/sulin.ee\/wp-content\/uploads\/2025\/01\/1-12.png\",\"contentUrl\":\"https:\/\/sulin.ee\/wp-content\/uploads\/2025\/01\/1-12.png\",\"width\":1080,\"height\":1080,\"caption\":\"Wigiwama 9-osaline mooduldiivan Settee \u2013 loovuse ja mugavuse tipp \u2714 GRS\u00ae sertifitseeritud sametist kanga \u2714 Mitmek\u00fclgne ja sobib igasse kodusse Tutvuge Wigiwama uue ja uuendusliku mooduldiivaniga! Settee on ideaalne kaaslane igap\u00e4evasteks seiklusteks, pakkudes lastele turvalist ja hubast keskkonda m\u00e4ngimiseks, puhkamiseks ja l\u00f5\u00f5gastumiseks. See mooduldiivan on loodud just laste jaoks, sobitudes suurep\u00e4raselt igasse kodusse. L\u00f5putult kasutusv\u00f5imalusi! Diivan koosneb \u00fcheksast osast \u2013 kahest istmepadjast, \u00fchest suurest istmepadjast, kahest kolmnurkpadjast seljatugedeks, kahest rullpadjast k\u00e4etugedeks ning kahest \u00fcmmargusest padjast. See annab piiramatult v\u00f5imalusi loovaks m\u00e4nguks ja mugavaks puhkamiseks. Miks valida Wigiwama mooduldiivan Settee? Settee on midagi enamat kui lihtsalt m\u00f6\u00f6bliese \u2013 see on kutse avastada r\u00f5\u00f5mu ja kujutlusv\u00f5imet! Materjalid: OEKO-TEX\u00ae ja GRS\u00ae sertifitseeritud sametist kangas, valmistatud taaskasutatud PET-pudelitest. T\u00e4idis: ISO-sertifikaadiga pol\u00fcuretaanvaht, mis tagab pehmuse ja vastupidavuse. M\u00f5\u00f5tmed: Pikkus 136 cm \/ Laius 78 cm \/ K\u00f5rgus 46 cm. Eemaldatav ja pestav kate: T\u00f5mblukuga avanev kate v\u00f5imaldab lihtsat hooldust vastavalt pesemisjuhistele. Kohapeal valmistatud L\u00e4tis, pidades silmas nii teie pere kui ka planeedi heaolu. Settee on ideaalne valik laste tuba rikastama ning nende loovust ja mugavust toetama!\"},{\"@type\":\"BreadcrumbList\",\"@id\":\"https:\/\/sulin.ee\/en\/toode\/wigiwama-9-osaline-mooduldiivan-settee-velvet\/#breadcrumb\",\"itemListElement\":[{\"@type\":\"ListItem\",\"position\":1,\"name\":\"Home\",\"item\":\"https:\/\/sulin.ee\/en\/\"},{\"@type\":\"ListItem\",\"position\":2,\"name\":\"Sulin.ee e-pood\",\"item\":\"https:\/\/sulin.ee\/shop\/\"},{\"@type\":\"ListItem\",\"position\":3,\"name\":\"Wigiwama 9-osaline mooduldiivan Settee, Velvet\"}]},{\"@type\":\"WebSite\",\"@id\":\"https:\/\/sulin.ee\/en\/#website\",\"url\":\"https:\/\/sulin.ee\/en\/\",\"name\":\"sulin.ee\",\"description\":\"\",\"publisher\":{\"@id\":\"https:\/\/sulin.ee\/en\/#organization\"},\"potentialAction\":[{\"@type\":\"SearchAction\",\"target\":{\"@type\":\"EntryPoint\",\"urlTemplate\":\"https:\/\/sulin.ee\/en\/?s={search_term_string}\"},\"query-input\":{\"@type\":\"PropertyValueSpecification\",\"valueRequired\":true,\"valueName\":\"search_term_string\"}}],\"inLanguage\":\"en-US\"},{\"@type\":\"Organization\",\"@id\":\"https:\/\/sulin.ee\/en\/#organization\",\"name\":\"SULIN TRADE O\u00dc\",\"url\":\"https:\/\/sulin.ee\/en\/\",\"logo\":{\"@type\":\"ImageObject\",\"inLanguage\":\"en-US\",\"@id\":\"https:\/\/sulin.ee\/en\/#\/schema\/logo\/image\/\",\"url\":\"https:\/\/sulin.ee\/wp-content\/uploads\/2022\/11\/sulin-logo.png\",\"contentUrl\":\"https:\/\/sulin.ee\/wp-content\/uploads\/2022\/11\/sulin-logo.png\",\"width\":871,\"height\":321,\"caption\":\"SULIN TRADE O\u00dc\"},\"image\":{\"@id\":\"https:\/\/sulin.ee\/en\/#\/schema\/logo\/image\/\"},\"sameAs\":[\"https:\/\/www.facebook.com\/www.sulin.ee\/\",\"https:\/\/www.instagram.com\/sulintrade\/\"]}]}<\/script>\n<!-- \/ Yoast SEO plugin. -->","yoast_head_json":{"title":"Wigiwama 9-osaline mooduldiivan Settee, Velvet - sulin.ee","description":"Wigiwama 9-osaline mooduldiivan Settee on mitmek\u00fclgne ja mugav m\u00f6\u00f6bliese, mis pakub lastele l\u00f5putult v\u00f5imalusi m\u00e4ngimiseks ja puhkamiseks.","robots":{"index":"index","follow":"follow","max-snippet":"max-snippet:-1","max-image-preview":"max-image-preview:large","max-video-preview":"max-video-preview:-1"},"canonical":"https:\/\/sulin.ee\/en\/toode\/wigiwama-9-osaline-mooduldiivan-settee-velvet\/","og_locale":"en_US","og_type":"article","og_title":"Wigiwama 9-osaline mooduldiivan Settee, Velvet - sulin.ee","og_description":"Wigiwama 9-osaline mooduldiivan Settee on mitmek\u00fclgne ja mugav m\u00f6\u00f6bliese, mis pakub lastele l\u00f5putult v\u00f5imalusi m\u00e4ngimiseks ja puhkamiseks.","og_url":"https:\/\/sulin.ee\/en\/toode\/wigiwama-9-osaline-mooduldiivan-settee-velvet\/","og_site_name":"sulin.ee","article_publisher":"https:\/\/www.facebook.com\/www.sulin.ee\/","article_modified_time":"2025-06-03T11:00:03+00:00","og_image":[{"width":1080,"height":1080,"url":"https:\/\/sulin.ee\/wp-content\/uploads\/2025\/01\/1-12.png","type":"image\/png"}],"twitter_card":"summary_large_image","twitter_misc":{"Est. reading time":"2 minutes"},"schema":{"@context":"https:\/\/schema.org","@graph":[{"@type":"WebPage","@id":"https:\/\/sulin.ee\/en\/toode\/wigiwama-9-osaline-mooduldiivan-settee-velvet\/","url":"https:\/\/sulin.ee\/en\/toode\/wigiwama-9-osaline-mooduldiivan-settee-velvet\/","name":"Wigiwama 9-osaline mooduldiivan Settee, Velvet - sulin.ee","isPartOf":{"@id":"https:\/\/sulin.ee\/en\/#website"},"primaryImageOfPage":{"@id":"https:\/\/sulin.ee\/en\/toode\/wigiwama-9-osaline-mooduldiivan-settee-velvet\/#primaryimage"},"image":{"@id":"https:\/\/sulin.ee\/en\/toode\/wigiwama-9-osaline-mooduldiivan-settee-velvet\/#primaryimage"},"thumbnailUrl":"https:\/\/sulin.ee\/wp-content\/uploads\/2025\/01\/1-12.png","datePublished":"2025-01-05T19:43:07+00:00","dateModified":"2025-06-03T11:00:03+00:00","description":"Wigiwama 9-osaline mooduldiivan Settee on mitmek\u00fclgne ja mugav m\u00f6\u00f6bliese, mis pakub lastele l\u00f5putult v\u00f5imalusi m\u00e4ngimiseks ja puhkamiseks.","breadcrumb":{"@id":"https:\/\/sulin.ee\/en\/toode\/wigiwama-9-osaline-mooduldiivan-settee-velvet\/#breadcrumb"},"inLanguage":"en-US","potentialAction":[{"@type":"ReadAction","target":["https:\/\/sulin.ee\/en\/toode\/wigiwama-9-osaline-mooduldiivan-settee-velvet\/"]}]},{"@type":"ImageObject","inLanguage":"en-US","@id":"https:\/\/sulin.ee\/en\/toode\/wigiwama-9-osaline-mooduldiivan-settee-velvet\/#primaryimage","url":"https:\/\/sulin.ee\/wp-content\/uploads\/2025\/01\/1-12.png","contentUrl":"https:\/\/sulin.ee\/wp-content\/uploads\/2025\/01\/1-12.png","width":1080,"height":1080,"caption":"Wigiwama 9-osaline mooduldiivan Settee \u2013 loovuse ja mugavuse tipp \u2714 GRS\u00ae sertifitseeritud sametist kanga \u2714 Mitmek\u00fclgne ja sobib igasse kodusse Tutvuge Wigiwama uue ja uuendusliku mooduldiivaniga! Settee on ideaalne kaaslane igap\u00e4evasteks seiklusteks, pakkudes lastele turvalist ja hubast keskkonda m\u00e4ngimiseks, puhkamiseks ja l\u00f5\u00f5gastumiseks. See mooduldiivan on loodud just laste jaoks, sobitudes suurep\u00e4raselt igasse kodusse. L\u00f5putult kasutusv\u00f5imalusi! Diivan koosneb \u00fcheksast osast \u2013 kahest istmepadjast, \u00fchest suurest istmepadjast, kahest kolmnurkpadjast seljatugedeks, kahest rullpadjast k\u00e4etugedeks ning kahest \u00fcmmargusest padjast. See annab piiramatult v\u00f5imalusi loovaks m\u00e4nguks ja mugavaks puhkamiseks. Miks valida Wigiwama mooduldiivan Settee? Settee on midagi enamat kui lihtsalt m\u00f6\u00f6bliese \u2013 see on kutse avastada r\u00f5\u00f5mu ja kujutlusv\u00f5imet! Materjalid: OEKO-TEX\u00ae ja GRS\u00ae sertifitseeritud sametist kangas, valmistatud taaskasutatud PET-pudelitest. T\u00e4idis: ISO-sertifikaadiga pol\u00fcuretaanvaht, mis tagab pehmuse ja vastupidavuse. M\u00f5\u00f5tmed: Pikkus 136 cm \/ Laius 78 cm \/ K\u00f5rgus 46 cm. Eemaldatav ja pestav kate: T\u00f5mblukuga avanev kate v\u00f5imaldab lihtsat hooldust vastavalt pesemisjuhistele. Kohapeal valmistatud L\u00e4tis, pidades silmas nii teie pere kui ka planeedi heaolu. Settee on ideaalne valik laste tuba rikastama ning nende loovust ja mugavust toetama!"},{"@type":"BreadcrumbList","@id":"https:\/\/sulin.ee\/en\/toode\/wigiwama-9-osaline-mooduldiivan-settee-velvet\/#breadcrumb","itemListElement":[{"@type":"ListItem","position":1,"name":"Home","item":"https:\/\/sulin.ee\/en\/"},{"@type":"ListItem","position":2,"name":"Sulin.ee e-pood","item":"https:\/\/sulin.ee\/shop\/"},{"@type":"ListItem","position":3,"name":"Wigiwama 9-osaline mooduldiivan Settee, Velvet"}]},{"@type":"WebSite","@id":"https:\/\/sulin.ee\/en\/#website","url":"https:\/\/sulin.ee\/en\/","name":"sulin.ee","description":"","publisher":{"@id":"https:\/\/sulin.ee\/en\/#organization"},"potentialAction":[{"@type":"SearchAction","target":{"@type":"EntryPoint","urlTemplate":"https:\/\/sulin.ee\/en\/?s={search_term_string}"},"query-input":{"@type":"PropertyValueSpecification","valueRequired":true,"valueName":"search_term_string"}}],"inLanguage":"en-US"},{"@type":"Organization","@id":"https:\/\/sulin.ee\/en\/#organization","name":"SULIN TRADE O\u00dc","url":"https:\/\/sulin.ee\/en\/","logo":{"@type":"ImageObject","inLanguage":"en-US","@id":"https:\/\/sulin.ee\/en\/#\/schema\/logo\/image\/","url":"https:\/\/sulin.ee\/wp-content\/uploads\/2022\/11\/sulin-logo.png","contentUrl":"https:\/\/sulin.ee\/wp-content\/uploads\/2022\/11\/sulin-logo.png","width":871,"height":321,"caption":"SULIN TRADE O\u00dc"},"image":{"@id":"https:\/\/sulin.ee\/en\/#\/schema\/logo\/image\/"},"sameAs":["https:\/\/www.facebook.com\/www.sulin.ee\/","https:\/\/www.instagram.com\/sulintrade\/"]}]}},"builder_content":"","_links":{"self":[{"href":"https:\/\/sulin.ee\/en\/wp-json\/wp\/v2\/product\/35814","targetHints":{"allow":["GET"]}}],"collection":[{"href":"https:\/\/sulin.ee\/en\/wp-json\/wp\/v2\/product"}],"about":[{"href":"https:\/\/sulin.ee\/en\/wp-json\/wp\/v2\/types\/product"}],"replies":[{"embeddable":true,"href":"https:\/\/sulin.ee\/en\/wp-json\/wp\/v2\/comments?post=35814"}],"wp:featuredmedia":[{"embeddable":true,"href":"https:\/\/sulin.ee\/en\/wp-json\/wp\/v2\/media\/35833"}],"wp:attachment":[{"href":"https:\/\/sulin.ee\/en\/wp-json\/wp\/v2\/media?parent=35814"}],"wp:term":[{"taxonomy":"product_brand","embeddable":true,"href":"https:\/\/sulin.ee\/en\/wp-json\/wp\/v2\/product_brand?post=35814"},{"taxonomy":"product_cat","embeddable":true,"href":"https:\/\/sulin.ee\/en\/wp-json\/wp\/v2\/product_cat?post=35814"},{"taxonomy":"product_tag","embeddable":true,"href":"https:\/\/sulin.ee\/en\/wp-json\/wp\/v2\/product_tag?post=35814"}],"curies":[{"name":"wp","href":"https:\/\/api.w.org\/{rel}","templated":true}]}}