{"id":35666,"date":"2025-01-05T15:46:57","date_gmt":"2025-01-05T15:46:57","guid":{"rendered":"https:\/\/sulin.ee\/?post_type=product&#038;p=35666"},"modified":"2025-06-03T11:01:21","modified_gmt":"2025-06-03T11:01:21","slug":"wigiwama-sametist-kott-tool-bunny","status":"publish","type":"product","link":"https:\/\/sulin.ee\/en\/toode\/wigiwama-sametist-kott-tool-bunny\/","title":{"rendered":"Wigiwama sametist kott-tool Bunny"},"content":{"rendered":"<p><strong>Wigiwama sametist kott-tool Bunny<\/strong> on ideaalne kombinatsioon armsusest ja mugavusest, lisades lastetoale luksusliku ja praktilise aksessuaari. Pehme puudutusega sametkangas ja armsad j\u00e4nku k\u00f5rvad teevad sellest kott-toolist t\u00f5elise lemmiku.<\/p>\n<p>See kott-tool on loodud pakkuma teie lapsele hubast ja mugavat kohta, kus lugeda, l\u00f5\u00f5gastuda v\u00f5i lihtsalt puhata. Lisaks on kott-tool kerge ja h\u00f5lpsasti liigutatav, sobides suurep\u00e4raselt igasse kodu interj\u00f6\u00f6ri.<\/p>\n<p><strong>TARNE:<\/strong> 5-10 t\u00f6\u00f6p\u00e4eva<\/p>\n<p>\u2714 <strong>V\u00e4line materjal:<\/strong> OEKO-TEX\u00ae ja GRS\u00ae sertifitseeritud samet, valmistatud \u00fcmbert\u00f6\u00f6deldud PET-pudelitest<br \/>\n\u2714 <strong>Sisemine kiht:<\/strong> 100% STANDARD 100 by OEKO-TEX\u00ae lauskiud<br \/>\n\u2714 <strong>T\u00e4idis:<\/strong> 100% paisutatud pol\u00fcst\u00fcreen<br \/>\n\u2714 <strong>M\u00f5\u00f5dud:<\/strong> Pikkus 75 cm \/ Laius 60 cm \/ K\u00f5rgus 60 cm<br \/>\n\u2714 <strong>Hooldus:<\/strong> Lukk v\u00f5imaldab katet h\u00f5lpsasti eemaldada ja pesta vastavalt pesemisjuhistele<\/p>\n<p><strong><a href=\"https:\/\/wigiwama.com\/\">Wigiwama<\/a> sametist kott-tool on valmistatud L\u00e4tis, hoolitsedes keskkonna ja laste turvalisuse eest.<\/strong><\/p>\n<p><strong>Kaup saadetakse kulleriga kliendi poolt sisestatud aadressile, mis peab olema t\u00e4ielik ja korrektne (sh sihtnumber, t\u00e4nava nimi, maja- v\u00f5i korterinumber ning telefoninumber).<\/strong><\/p>\n<p>Tule tutvu ka teiste <a href=\"https:\/\/sulin.ee\/tootekategooria\/moobel\/kott-toolid-ja-pehme-moobel\/\">pehmete ja hubaste m\u00f6\u00f6bliesemetega<\/a>, mis loovad Sinu kodus m\u00f5nusalt stiilse ja mugava atmosf\u00e4\u00e4ri!<\/p>\n","protected":false},"excerpt":{"rendered":"<p><strong>Wigiwama sametist kott-tool Bunny<\/strong> <strong>on pehme ja mugav kott-tool, mis lisab lastetuppa armsust oma sametise materjali ja j\u00e4nku k\u00f5rvadega. Valmistatud \u00fcmbert\u00f6\u00f6deldud PET-pudelitest, on see kerge, praktiline ja lihtsalt hooldatav. T\u00e4iuslik koht l\u00f5\u00f5gastumiseks ja lugemiseks!<\/strong><\/p>\n<p><strong>TARNE:<\/strong> 5-10 t\u00f6\u00f6p\u00e4eva<\/p>\n<p><span style=\"color: #339966;\"><img loading=\"lazy\" decoding=\"async\" class=\"alignnone wp-image-22011\" src=\"https:\/\/sulin.ee\/wp-content\/uploads\/2024\/08\/images-300x134.png\" alt=\"\" width=\"77\" height=\"34\" \/><span style=\"color: #ff9900;\"><strong> Toote eest on v\u00f5imalik tasuda ka j\u00e4relmaksuga. T\u00e4pse info j\u00e4relmaksu v\u00f5imaluste kohta leiad ostukorvist, kui oled toote lisanud ja asud maksma. Leping s\u00f5lmitakse makseprotsessi k\u00e4igus.<\/strong><\/span><\/span><\/p>\n","protected":false},"featured_media":35683,"comment_status":"open","ping_status":"closed","template":"","meta":[],"product_brand":[],"product_cat":[1480,1054,1388,1394],"product_tag":[],"class_list":{"0":"post-35666","1":"product","2":"type-product","3":"status-publish","4":"has-post-thumbnail","6":"product_cat-kott-toolid-lastele","7":"product_cat-moobel","8":"product_cat-kott-toolid-ja-pehme-moobel","9":"product_cat-wigiwama","10":"product_shipping_class-kuller-0-00","11":"has-post-title","12":"has-post-date","13":"has-post-category","14":"has-post-tag","15":"has-post-comment","16":"has-post-author","17":"","19":"first","20":"instock","21":"sale","22":"taxable","23":"shipping-taxable","24":"purchasable","25":"product-type-variable"},"yoast_head":"<!-- This site is optimized with the Yoast SEO plugin v26.8 - https:\/\/yoast.com\/product\/yoast-seo-wordpress\/ -->\n<title>Wigiwama sametist kott-tool Bunny - sulin.ee<\/title>\n<meta name=\"description\" content=\"Wigiwama sametist kott-tool Bunny on pehme ja mugav kott-tool, mis lisab lastetuppa armsust oma sametise materjali ja j\u00e4nku k\u00f5rvadega.\" \/>\n<meta name=\"robots\" content=\"index, follow, max-snippet:-1, max-image-preview:large, max-video-preview:-1\" \/>\n<link rel=\"canonical\" href=\"https:\/\/sulin.ee\/en\/toode\/wigiwama-sametist-kott-tool-bunny\/\" \/>\n<meta property=\"og:locale\" content=\"en_US\" \/>\n<meta property=\"og:type\" content=\"article\" \/>\n<meta property=\"og:title\" content=\"Wigiwama sametist kott-tool Bunny - sulin.ee\" \/>\n<meta property=\"og:description\" content=\"Wigiwama sametist kott-tool Bunny on pehme ja mugav kott-tool, mis lisab lastetuppa armsust oma sametise materjali ja j\u00e4nku k\u00f5rvadega.\" \/>\n<meta property=\"og:url\" content=\"https:\/\/sulin.ee\/en\/toode\/wigiwama-sametist-kott-tool-bunny\/\" \/>\n<meta property=\"og:site_name\" content=\"sulin.ee\" \/>\n<meta property=\"article:publisher\" content=\"https:\/\/www.facebook.com\/www.sulin.ee\/\" \/>\n<meta property=\"article:modified_time\" content=\"2025-06-03T11:01:21+00:00\" \/>\n<meta property=\"og:image\" content=\"https:\/\/sulin.ee\/wp-content\/uploads\/2025\/01\/3-7.png\" \/>\n\t<meta property=\"og:image:width\" content=\"1080\" \/>\n\t<meta property=\"og:image:height\" content=\"1080\" \/>\n\t<meta property=\"og:image:type\" content=\"image\/png\" \/>\n<meta name=\"twitter:card\" content=\"summary_large_image\" \/>\n<meta name=\"twitter:label1\" content=\"Est. reading time\" \/>\n\t<meta name=\"twitter:data1\" content=\"2 minutes\" \/>\n<script type=\"application\/ld+json\" class=\"yoast-schema-graph\">{\"@context\":\"https:\/\/schema.org\",\"@graph\":[{\"@type\":\"WebPage\",\"@id\":\"https:\/\/sulin.ee\/en\/toode\/wigiwama-sametist-kott-tool-bunny\/\",\"url\":\"https:\/\/sulin.ee\/en\/toode\/wigiwama-sametist-kott-tool-bunny\/\",\"name\":\"Wigiwama sametist kott-tool Bunny - sulin.ee\",\"isPartOf\":{\"@id\":\"https:\/\/sulin.ee\/en\/#website\"},\"primaryImageOfPage\":{\"@id\":\"https:\/\/sulin.ee\/en\/toode\/wigiwama-sametist-kott-tool-bunny\/#primaryimage\"},\"image\":{\"@id\":\"https:\/\/sulin.ee\/en\/toode\/wigiwama-sametist-kott-tool-bunny\/#primaryimage\"},\"thumbnailUrl\":\"https:\/\/sulin.ee\/wp-content\/uploads\/2025\/01\/3-7.png\",\"datePublished\":\"2025-01-05T15:46:57+00:00\",\"dateModified\":\"2025-06-03T11:01:21+00:00\",\"description\":\"Wigiwama sametist kott-tool Bunny on pehme ja mugav kott-tool, mis lisab lastetuppa armsust oma sametise materjali ja j\u00e4nku k\u00f5rvadega.\",\"breadcrumb\":{\"@id\":\"https:\/\/sulin.ee\/en\/toode\/wigiwama-sametist-kott-tool-bunny\/#breadcrumb\"},\"inLanguage\":\"en-US\",\"potentialAction\":[{\"@type\":\"ReadAction\",\"target\":[\"https:\/\/sulin.ee\/en\/toode\/wigiwama-sametist-kott-tool-bunny\/\"]}]},{\"@type\":\"ImageObject\",\"inLanguage\":\"en-US\",\"@id\":\"https:\/\/sulin.ee\/en\/toode\/wigiwama-sametist-kott-tool-bunny\/#primaryimage\",\"url\":\"https:\/\/sulin.ee\/wp-content\/uploads\/2025\/01\/3-7.png\",\"contentUrl\":\"https:\/\/sulin.ee\/wp-content\/uploads\/2025\/01\/3-7.png\",\"width\":1080,\"height\":1080,\"caption\":\"Wigiwama sametist kott-tool\"},{\"@type\":\"BreadcrumbList\",\"@id\":\"https:\/\/sulin.ee\/en\/toode\/wigiwama-sametist-kott-tool-bunny\/#breadcrumb\",\"itemListElement\":[{\"@type\":\"ListItem\",\"position\":1,\"name\":\"Home\",\"item\":\"https:\/\/sulin.ee\/en\/\"},{\"@type\":\"ListItem\",\"position\":2,\"name\":\"Sulin.ee e-pood\",\"item\":\"https:\/\/sulin.ee\/shop\/\"},{\"@type\":\"ListItem\",\"position\":3,\"name\":\"Wigiwama sametist kott-tool Bunny\"}]},{\"@type\":\"WebSite\",\"@id\":\"https:\/\/sulin.ee\/en\/#website\",\"url\":\"https:\/\/sulin.ee\/en\/\",\"name\":\"sulin.ee\",\"description\":\"\",\"publisher\":{\"@id\":\"https:\/\/sulin.ee\/en\/#organization\"},\"potentialAction\":[{\"@type\":\"SearchAction\",\"target\":{\"@type\":\"EntryPoint\",\"urlTemplate\":\"https:\/\/sulin.ee\/en\/?s={search_term_string}\"},\"query-input\":{\"@type\":\"PropertyValueSpecification\",\"valueRequired\":true,\"valueName\":\"search_term_string\"}}],\"inLanguage\":\"en-US\"},{\"@type\":\"Organization\",\"@id\":\"https:\/\/sulin.ee\/en\/#organization\",\"name\":\"SULIN TRADE O\u00dc\",\"url\":\"https:\/\/sulin.ee\/en\/\",\"logo\":{\"@type\":\"ImageObject\",\"inLanguage\":\"en-US\",\"@id\":\"https:\/\/sulin.ee\/en\/#\/schema\/logo\/image\/\",\"url\":\"https:\/\/sulin.ee\/wp-content\/uploads\/2022\/11\/sulin-logo.png\",\"contentUrl\":\"https:\/\/sulin.ee\/wp-content\/uploads\/2022\/11\/sulin-logo.png\",\"width\":871,\"height\":321,\"caption\":\"SULIN TRADE O\u00dc\"},\"image\":{\"@id\":\"https:\/\/sulin.ee\/en\/#\/schema\/logo\/image\/\"},\"sameAs\":[\"https:\/\/www.facebook.com\/www.sulin.ee\/\",\"https:\/\/www.instagram.com\/sulintrade\/\"]}]}<\/script>\n<!-- \/ Yoast SEO plugin. -->","yoast_head_json":{"title":"Wigiwama sametist kott-tool Bunny - sulin.ee","description":"Wigiwama sametist kott-tool Bunny on pehme ja mugav kott-tool, mis lisab lastetuppa armsust oma sametise materjali ja j\u00e4nku k\u00f5rvadega.","robots":{"index":"index","follow":"follow","max-snippet":"max-snippet:-1","max-image-preview":"max-image-preview:large","max-video-preview":"max-video-preview:-1"},"canonical":"https:\/\/sulin.ee\/en\/toode\/wigiwama-sametist-kott-tool-bunny\/","og_locale":"en_US","og_type":"article","og_title":"Wigiwama sametist kott-tool Bunny - sulin.ee","og_description":"Wigiwama sametist kott-tool Bunny on pehme ja mugav kott-tool, mis lisab lastetuppa armsust oma sametise materjali ja j\u00e4nku k\u00f5rvadega.","og_url":"https:\/\/sulin.ee\/en\/toode\/wigiwama-sametist-kott-tool-bunny\/","og_site_name":"sulin.ee","article_publisher":"https:\/\/www.facebook.com\/www.sulin.ee\/","article_modified_time":"2025-06-03T11:01:21+00:00","og_image":[{"width":1080,"height":1080,"url":"https:\/\/sulin.ee\/wp-content\/uploads\/2025\/01\/3-7.png","type":"image\/png"}],"twitter_card":"summary_large_image","twitter_misc":{"Est. reading time":"2 minutes"},"schema":{"@context":"https:\/\/schema.org","@graph":[{"@type":"WebPage","@id":"https:\/\/sulin.ee\/en\/toode\/wigiwama-sametist-kott-tool-bunny\/","url":"https:\/\/sulin.ee\/en\/toode\/wigiwama-sametist-kott-tool-bunny\/","name":"Wigiwama sametist kott-tool Bunny - sulin.ee","isPartOf":{"@id":"https:\/\/sulin.ee\/en\/#website"},"primaryImageOfPage":{"@id":"https:\/\/sulin.ee\/en\/toode\/wigiwama-sametist-kott-tool-bunny\/#primaryimage"},"image":{"@id":"https:\/\/sulin.ee\/en\/toode\/wigiwama-sametist-kott-tool-bunny\/#primaryimage"},"thumbnailUrl":"https:\/\/sulin.ee\/wp-content\/uploads\/2025\/01\/3-7.png","datePublished":"2025-01-05T15:46:57+00:00","dateModified":"2025-06-03T11:01:21+00:00","description":"Wigiwama sametist kott-tool Bunny on pehme ja mugav kott-tool, mis lisab lastetuppa armsust oma sametise materjali ja j\u00e4nku k\u00f5rvadega.","breadcrumb":{"@id":"https:\/\/sulin.ee\/en\/toode\/wigiwama-sametist-kott-tool-bunny\/#breadcrumb"},"inLanguage":"en-US","potentialAction":[{"@type":"ReadAction","target":["https:\/\/sulin.ee\/en\/toode\/wigiwama-sametist-kott-tool-bunny\/"]}]},{"@type":"ImageObject","inLanguage":"en-US","@id":"https:\/\/sulin.ee\/en\/toode\/wigiwama-sametist-kott-tool-bunny\/#primaryimage","url":"https:\/\/sulin.ee\/wp-content\/uploads\/2025\/01\/3-7.png","contentUrl":"https:\/\/sulin.ee\/wp-content\/uploads\/2025\/01\/3-7.png","width":1080,"height":1080,"caption":"Wigiwama sametist kott-tool"},{"@type":"BreadcrumbList","@id":"https:\/\/sulin.ee\/en\/toode\/wigiwama-sametist-kott-tool-bunny\/#breadcrumb","itemListElement":[{"@type":"ListItem","position":1,"name":"Home","item":"https:\/\/sulin.ee\/en\/"},{"@type":"ListItem","position":2,"name":"Sulin.ee e-pood","item":"https:\/\/sulin.ee\/shop\/"},{"@type":"ListItem","position":3,"name":"Wigiwama sametist kott-tool Bunny"}]},{"@type":"WebSite","@id":"https:\/\/sulin.ee\/en\/#website","url":"https:\/\/sulin.ee\/en\/","name":"sulin.ee","description":"","publisher":{"@id":"https:\/\/sulin.ee\/en\/#organization"},"potentialAction":[{"@type":"SearchAction","target":{"@type":"EntryPoint","urlTemplate":"https:\/\/sulin.ee\/en\/?s={search_term_string}"},"query-input":{"@type":"PropertyValueSpecification","valueRequired":true,"valueName":"search_term_string"}}],"inLanguage":"en-US"},{"@type":"Organization","@id":"https:\/\/sulin.ee\/en\/#organization","name":"SULIN TRADE O\u00dc","url":"https:\/\/sulin.ee\/en\/","logo":{"@type":"ImageObject","inLanguage":"en-US","@id":"https:\/\/sulin.ee\/en\/#\/schema\/logo\/image\/","url":"https:\/\/sulin.ee\/wp-content\/uploads\/2022\/11\/sulin-logo.png","contentUrl":"https:\/\/sulin.ee\/wp-content\/uploads\/2022\/11\/sulin-logo.png","width":871,"height":321,"caption":"SULIN TRADE O\u00dc"},"image":{"@id":"https:\/\/sulin.ee\/en\/#\/schema\/logo\/image\/"},"sameAs":["https:\/\/www.facebook.com\/www.sulin.ee\/","https:\/\/www.instagram.com\/sulintrade\/"]}]}},"builder_content":"","_links":{"self":[{"href":"https:\/\/sulin.ee\/en\/wp-json\/wp\/v2\/product\/35666","targetHints":{"allow":["GET"]}}],"collection":[{"href":"https:\/\/sulin.ee\/en\/wp-json\/wp\/v2\/product"}],"about":[{"href":"https:\/\/sulin.ee\/en\/wp-json\/wp\/v2\/types\/product"}],"replies":[{"embeddable":true,"href":"https:\/\/sulin.ee\/en\/wp-json\/wp\/v2\/comments?post=35666"}],"wp:featuredmedia":[{"embeddable":true,"href":"https:\/\/sulin.ee\/en\/wp-json\/wp\/v2\/media\/35683"}],"wp:attachment":[{"href":"https:\/\/sulin.ee\/en\/wp-json\/wp\/v2\/media?parent=35666"}],"wp:term":[{"taxonomy":"product_brand","embeddable":true,"href":"https:\/\/sulin.ee\/en\/wp-json\/wp\/v2\/product_brand?post=35666"},{"taxonomy":"product_cat","embeddable":true,"href":"https:\/\/sulin.ee\/en\/wp-json\/wp\/v2\/product_cat?post=35666"},{"taxonomy":"product_tag","embeddable":true,"href":"https:\/\/sulin.ee\/en\/wp-json\/wp\/v2\/product_tag?post=35666"}],"curies":[{"name":"wp","href":"https:\/\/api.w.org\/{rel}","templated":true}]}}