{"id":35620,"date":"2025-01-02T21:28:21","date_gmt":"2025-01-02T21:28:21","guid":{"rendered":"https:\/\/sulin.ee\/?post_type=product&#038;p=35620"},"modified":"2025-06-03T11:02:48","modified_gmt":"2025-06-03T11:02:48","slug":"wigiwama-ummargune-ottoman-teddy","status":"publish","type":"product","link":"https:\/\/sulin.ee\/en\/toode\/wigiwama-ummargune-ottoman-teddy\/","title":{"rendered":"Wigiwama \u00fcmmargune ottoman Teddy"},"content":{"rendered":"<p><strong>Wigiwama \u00fcmmargune ottoman Teddy<\/strong> on t\u00e4iuslik t\u00e4iendus igasse lastetuppa, kombineerides stiili ja praktilisuse. Selle \u00fcmar disain pakub k\u00fcllaldaselt ruumi l\u00f5\u00f5gastumiseks, istumiseks ja m\u00e4ngimiseks.<\/p>\n<p>Pehme ja hubane teddy-kangas muudab ottomani kiiresti lapse lemmikuks. T\u00e4nu kergele konstruktsioonile on seda lihtne toas ringi liigutada, mist\u00f5ttu sobib see igasse interj\u00f6\u00f6ri.<\/p>\n<p><strong>TARNE:<\/strong> 5-10 t\u00f6\u00f6p\u00e4eva<\/p>\n<p>\u2714 <strong>Valmistatud<\/strong>: OEKO-TEX\u00ae sertifitseeritud teddy-kangast<br \/>\n\u2714 <strong>Sisu<\/strong>: 100% STANDARD 100 by OEKO-TEX\u00ae kiuvilt ja EPS-p\u00e4rlid<br \/>\n\u2714 <strong>M\u00f5\u00f5dud<\/strong>: K\u00f5rgus 20 cm \/ \u2300 65 cm<br \/>\n\u2714 <strong>Eemaldatav kate<\/strong>: Luku abil saab katteriide eemaldada ja pesta vastavalt juhistele<br \/>\n\u2714 <strong>Valmistatud L\u00e4tis<\/strong>, hoolides keskkonnast ja planeedist.<\/p>\n<p><strong><a href=\"https:\/\/wigiwama.com\/\">Wigiwama<\/a> \u00fcmmargune ottoman on valmistatud L\u00e4tis, hoole ja armastusega meie planeedi vastu.<\/strong><\/p>\n<p><strong>Kaup saadetakse kulleriga kliendi poolt sisestatud aadressile, mis peab olema t\u00e4ielik ja korrektne (sh sihtnumber, t\u00e4nava nimi, maja- v\u00f5i korterinumber ning telefoninumber).<\/strong><\/p>\n<p>Tule tutvu ka teiste <a href=\"https:\/\/sulin.ee\/tootekategooria\/moobel\/kott-toolid-ja-pehme-moobel\/\">pehmete ja hubaste m\u00f6\u00f6bliesemetega<\/a>, mis loovad Sinu kodus m\u00f5nusalt stiilse ja mugava atmosf\u00e4\u00e4ri!<\/p>\n","protected":false},"excerpt":{"rendered":"<div class=\"flex max-w-full flex-col flex-grow\">\n<div class=\"min-h-8 text-message flex w-full flex-col items-end gap-2 whitespace-normal break-words text-start [.text-message+&amp;]:mt-5\" dir=\"auto\" data-message-author-role=\"assistant\" data-message-id=\"8f860457-61a8-431c-966e-3d40ae3d5533\" data-message-model-slug=\"gpt-4o\">\n<div class=\"flex w-full flex-col gap-1 empty:hidden first:pt-[3px]\">\n<div class=\"markdown prose w-full break-words dark:prose-invert light\">\n<p><strong>Wigiwama \u00fcmmargune ottoman\u00a0on pehme ja hubane t\u00e4iendus igasse lastetuppa. Kerge ja liigutatav ottoman sobib istumiseks, l\u00f5\u00f5gastumiseks v\u00f5i m\u00e4ngimiseks, olles valmistatud OEKO-TEX\u00ae sertifitseeritud teddy-kangast. Lihtne puhastada ja suurep\u00e4rane disainielement igas kodus!<\/strong><\/p>\n<p><strong>TARNE:<\/strong> 5-10 t\u00f6\u00f6p\u00e4eva<\/p>\n<p><span style=\"color: #339966;\"><img loading=\"lazy\" decoding=\"async\" class=\"alignnone wp-image-22011\" src=\"https:\/\/sulin.ee\/wp-content\/uploads\/2024\/08\/images-300x134.png\" alt=\"\" width=\"77\" height=\"34\" \/><span style=\"color: #ff9900;\"><strong> Toote eest on v\u00f5imalik tasuda ka j\u00e4relmaksuga. T\u00e4pse info j\u00e4relmaksu v\u00f5imaluste kohta leiad ostukorvist, kui oled toote lisanud ja asud maksma. Leping s\u00f5lmitakse makseprotsessi k\u00e4igus.<\/strong><\/span><\/span><\/p>\n<\/div>\n<\/div>\n<\/div>\n<\/div>\n","protected":false},"featured_media":35621,"comment_status":"open","ping_status":"closed","template":"","meta":[],"product_brand":[],"product_cat":[1480,1484,1054,1388,1394],"product_tag":[],"class_list":{"0":"post-35620","1":"product","2":"type-product","3":"status-publish","4":"has-post-thumbnail","6":"product_cat-kott-toolid-lastele","7":"product_cat-ottoman","8":"product_cat-moobel","9":"product_cat-kott-toolid-ja-pehme-moobel","10":"product_cat-wigiwama","11":"product_shipping_class-kuller-0-00","12":"has-post-title","13":"has-post-date","14":"has-post-category","15":"has-post-tag","16":"has-post-comment","17":"has-post-author","18":"","20":"first","21":"instock","22":"sale","23":"taxable","24":"shipping-taxable","25":"purchasable","26":"product-type-variable"},"yoast_head":"<!-- This site is optimized with the Yoast SEO plugin v26.8 - https:\/\/yoast.com\/product\/yoast-seo-wordpress\/ -->\n<title>Wigiwama \u00fcmmargune ottoman Teddy - sulin.ee<\/title>\n<meta name=\"description\" content=\"Wigiwama \u00fcmmargune ottoman, Teddy on pehme ja hubane t\u00e4iendus igasse lastetuppa. Kerge ja liigutatav ottoman sobib istumiseks, l\u00f5\u00f5gastumiseks\" \/>\n<meta name=\"robots\" content=\"index, follow, max-snippet:-1, max-image-preview:large, max-video-preview:-1\" \/>\n<link rel=\"canonical\" href=\"https:\/\/sulin.ee\/en\/toode\/wigiwama-ummargune-ottoman-teddy\/\" \/>\n<meta property=\"og:locale\" content=\"en_US\" \/>\n<meta property=\"og:type\" content=\"article\" \/>\n<meta property=\"og:title\" content=\"Wigiwama \u00fcmmargune ottoman Teddy - sulin.ee\" \/>\n<meta property=\"og:description\" content=\"Wigiwama \u00fcmmargune ottoman, Teddy on pehme ja hubane t\u00e4iendus igasse lastetuppa. Kerge ja liigutatav ottoman sobib istumiseks, l\u00f5\u00f5gastumiseks\" \/>\n<meta property=\"og:url\" content=\"https:\/\/sulin.ee\/en\/toode\/wigiwama-ummargune-ottoman-teddy\/\" \/>\n<meta property=\"og:site_name\" content=\"sulin.ee\" \/>\n<meta property=\"article:publisher\" content=\"https:\/\/www.facebook.com\/www.sulin.ee\/\" \/>\n<meta property=\"article:modified_time\" content=\"2025-06-03T11:02:48+00:00\" \/>\n<meta property=\"og:image\" content=\"https:\/\/sulin.ee\/wp-content\/uploads\/2025\/01\/20.png\" \/>\n\t<meta property=\"og:image:width\" content=\"1080\" \/>\n\t<meta property=\"og:image:height\" content=\"1080\" \/>\n\t<meta property=\"og:image:type\" content=\"image\/png\" \/>\n<meta name=\"twitter:card\" content=\"summary_large_image\" \/>\n<meta name=\"twitter:label1\" content=\"Est. reading time\" \/>\n\t<meta name=\"twitter:data1\" content=\"1 minute\" \/>\n<script type=\"application\/ld+json\" class=\"yoast-schema-graph\">{\"@context\":\"https:\/\/schema.org\",\"@graph\":[{\"@type\":\"WebPage\",\"@id\":\"https:\/\/sulin.ee\/en\/toode\/wigiwama-ummargune-ottoman-teddy\/\",\"url\":\"https:\/\/sulin.ee\/en\/toode\/wigiwama-ummargune-ottoman-teddy\/\",\"name\":\"Wigiwama \u00fcmmargune ottoman Teddy - sulin.ee\",\"isPartOf\":{\"@id\":\"https:\/\/sulin.ee\/en\/#website\"},\"primaryImageOfPage\":{\"@id\":\"https:\/\/sulin.ee\/en\/toode\/wigiwama-ummargune-ottoman-teddy\/#primaryimage\"},\"image\":{\"@id\":\"https:\/\/sulin.ee\/en\/toode\/wigiwama-ummargune-ottoman-teddy\/#primaryimage\"},\"thumbnailUrl\":\"https:\/\/sulin.ee\/wp-content\/uploads\/2025\/01\/20.png\",\"datePublished\":\"2025-01-02T21:28:21+00:00\",\"dateModified\":\"2025-06-03T11:02:48+00:00\",\"description\":\"Wigiwama \u00fcmmargune ottoman, Teddy on pehme ja hubane t\u00e4iendus igasse lastetuppa. Kerge ja liigutatav ottoman sobib istumiseks, l\u00f5\u00f5gastumiseks\",\"breadcrumb\":{\"@id\":\"https:\/\/sulin.ee\/en\/toode\/wigiwama-ummargune-ottoman-teddy\/#breadcrumb\"},\"inLanguage\":\"en-US\",\"potentialAction\":[{\"@type\":\"ReadAction\",\"target\":[\"https:\/\/sulin.ee\/en\/toode\/wigiwama-ummargune-ottoman-teddy\/\"]}]},{\"@type\":\"ImageObject\",\"inLanguage\":\"en-US\",\"@id\":\"https:\/\/sulin.ee\/en\/toode\/wigiwama-ummargune-ottoman-teddy\/#primaryimage\",\"url\":\"https:\/\/sulin.ee\/wp-content\/uploads\/2025\/01\/20.png\",\"contentUrl\":\"https:\/\/sulin.ee\/wp-content\/uploads\/2025\/01\/20.png\",\"width\":1080,\"height\":1080,\"caption\":\"Wigiwama \u00fcmmargune ottoman\"},{\"@type\":\"BreadcrumbList\",\"@id\":\"https:\/\/sulin.ee\/en\/toode\/wigiwama-ummargune-ottoman-teddy\/#breadcrumb\",\"itemListElement\":[{\"@type\":\"ListItem\",\"position\":1,\"name\":\"Home\",\"item\":\"https:\/\/sulin.ee\/en\/\"},{\"@type\":\"ListItem\",\"position\":2,\"name\":\"Sulin.ee e-pood\",\"item\":\"https:\/\/sulin.ee\/shop\/\"},{\"@type\":\"ListItem\",\"position\":3,\"name\":\"Wigiwama \u00fcmmargune ottoman Teddy\"}]},{\"@type\":\"WebSite\",\"@id\":\"https:\/\/sulin.ee\/en\/#website\",\"url\":\"https:\/\/sulin.ee\/en\/\",\"name\":\"sulin.ee\",\"description\":\"\",\"publisher\":{\"@id\":\"https:\/\/sulin.ee\/en\/#organization\"},\"potentialAction\":[{\"@type\":\"SearchAction\",\"target\":{\"@type\":\"EntryPoint\",\"urlTemplate\":\"https:\/\/sulin.ee\/en\/?s={search_term_string}\"},\"query-input\":{\"@type\":\"PropertyValueSpecification\",\"valueRequired\":true,\"valueName\":\"search_term_string\"}}],\"inLanguage\":\"en-US\"},{\"@type\":\"Organization\",\"@id\":\"https:\/\/sulin.ee\/en\/#organization\",\"name\":\"SULIN TRADE O\u00dc\",\"url\":\"https:\/\/sulin.ee\/en\/\",\"logo\":{\"@type\":\"ImageObject\",\"inLanguage\":\"en-US\",\"@id\":\"https:\/\/sulin.ee\/en\/#\/schema\/logo\/image\/\",\"url\":\"https:\/\/sulin.ee\/wp-content\/uploads\/2022\/11\/sulin-logo.png\",\"contentUrl\":\"https:\/\/sulin.ee\/wp-content\/uploads\/2022\/11\/sulin-logo.png\",\"width\":871,\"height\":321,\"caption\":\"SULIN TRADE O\u00dc\"},\"image\":{\"@id\":\"https:\/\/sulin.ee\/en\/#\/schema\/logo\/image\/\"},\"sameAs\":[\"https:\/\/www.facebook.com\/www.sulin.ee\/\",\"https:\/\/www.instagram.com\/sulintrade\/\"]}]}<\/script>\n<!-- \/ Yoast SEO plugin. -->","yoast_head_json":{"title":"Wigiwama \u00fcmmargune ottoman Teddy - sulin.ee","description":"Wigiwama \u00fcmmargune ottoman, Teddy on pehme ja hubane t\u00e4iendus igasse lastetuppa. Kerge ja liigutatav ottoman sobib istumiseks, l\u00f5\u00f5gastumiseks","robots":{"index":"index","follow":"follow","max-snippet":"max-snippet:-1","max-image-preview":"max-image-preview:large","max-video-preview":"max-video-preview:-1"},"canonical":"https:\/\/sulin.ee\/en\/toode\/wigiwama-ummargune-ottoman-teddy\/","og_locale":"en_US","og_type":"article","og_title":"Wigiwama \u00fcmmargune ottoman Teddy - sulin.ee","og_description":"Wigiwama \u00fcmmargune ottoman, Teddy on pehme ja hubane t\u00e4iendus igasse lastetuppa. Kerge ja liigutatav ottoman sobib istumiseks, l\u00f5\u00f5gastumiseks","og_url":"https:\/\/sulin.ee\/en\/toode\/wigiwama-ummargune-ottoman-teddy\/","og_site_name":"sulin.ee","article_publisher":"https:\/\/www.facebook.com\/www.sulin.ee\/","article_modified_time":"2025-06-03T11:02:48+00:00","og_image":[{"width":1080,"height":1080,"url":"https:\/\/sulin.ee\/wp-content\/uploads\/2025\/01\/20.png","type":"image\/png"}],"twitter_card":"summary_large_image","twitter_misc":{"Est. reading time":"1 minute"},"schema":{"@context":"https:\/\/schema.org","@graph":[{"@type":"WebPage","@id":"https:\/\/sulin.ee\/en\/toode\/wigiwama-ummargune-ottoman-teddy\/","url":"https:\/\/sulin.ee\/en\/toode\/wigiwama-ummargune-ottoman-teddy\/","name":"Wigiwama \u00fcmmargune ottoman Teddy - sulin.ee","isPartOf":{"@id":"https:\/\/sulin.ee\/en\/#website"},"primaryImageOfPage":{"@id":"https:\/\/sulin.ee\/en\/toode\/wigiwama-ummargune-ottoman-teddy\/#primaryimage"},"image":{"@id":"https:\/\/sulin.ee\/en\/toode\/wigiwama-ummargune-ottoman-teddy\/#primaryimage"},"thumbnailUrl":"https:\/\/sulin.ee\/wp-content\/uploads\/2025\/01\/20.png","datePublished":"2025-01-02T21:28:21+00:00","dateModified":"2025-06-03T11:02:48+00:00","description":"Wigiwama \u00fcmmargune ottoman, Teddy on pehme ja hubane t\u00e4iendus igasse lastetuppa. Kerge ja liigutatav ottoman sobib istumiseks, l\u00f5\u00f5gastumiseks","breadcrumb":{"@id":"https:\/\/sulin.ee\/en\/toode\/wigiwama-ummargune-ottoman-teddy\/#breadcrumb"},"inLanguage":"en-US","potentialAction":[{"@type":"ReadAction","target":["https:\/\/sulin.ee\/en\/toode\/wigiwama-ummargune-ottoman-teddy\/"]}]},{"@type":"ImageObject","inLanguage":"en-US","@id":"https:\/\/sulin.ee\/en\/toode\/wigiwama-ummargune-ottoman-teddy\/#primaryimage","url":"https:\/\/sulin.ee\/wp-content\/uploads\/2025\/01\/20.png","contentUrl":"https:\/\/sulin.ee\/wp-content\/uploads\/2025\/01\/20.png","width":1080,"height":1080,"caption":"Wigiwama \u00fcmmargune ottoman"},{"@type":"BreadcrumbList","@id":"https:\/\/sulin.ee\/en\/toode\/wigiwama-ummargune-ottoman-teddy\/#breadcrumb","itemListElement":[{"@type":"ListItem","position":1,"name":"Home","item":"https:\/\/sulin.ee\/en\/"},{"@type":"ListItem","position":2,"name":"Sulin.ee e-pood","item":"https:\/\/sulin.ee\/shop\/"},{"@type":"ListItem","position":3,"name":"Wigiwama \u00fcmmargune ottoman Teddy"}]},{"@type":"WebSite","@id":"https:\/\/sulin.ee\/en\/#website","url":"https:\/\/sulin.ee\/en\/","name":"sulin.ee","description":"","publisher":{"@id":"https:\/\/sulin.ee\/en\/#organization"},"potentialAction":[{"@type":"SearchAction","target":{"@type":"EntryPoint","urlTemplate":"https:\/\/sulin.ee\/en\/?s={search_term_string}"},"query-input":{"@type":"PropertyValueSpecification","valueRequired":true,"valueName":"search_term_string"}}],"inLanguage":"en-US"},{"@type":"Organization","@id":"https:\/\/sulin.ee\/en\/#organization","name":"SULIN TRADE O\u00dc","url":"https:\/\/sulin.ee\/en\/","logo":{"@type":"ImageObject","inLanguage":"en-US","@id":"https:\/\/sulin.ee\/en\/#\/schema\/logo\/image\/","url":"https:\/\/sulin.ee\/wp-content\/uploads\/2022\/11\/sulin-logo.png","contentUrl":"https:\/\/sulin.ee\/wp-content\/uploads\/2022\/11\/sulin-logo.png","width":871,"height":321,"caption":"SULIN TRADE O\u00dc"},"image":{"@id":"https:\/\/sulin.ee\/en\/#\/schema\/logo\/image\/"},"sameAs":["https:\/\/www.facebook.com\/www.sulin.ee\/","https:\/\/www.instagram.com\/sulintrade\/"]}]}},"builder_content":"","_links":{"self":[{"href":"https:\/\/sulin.ee\/en\/wp-json\/wp\/v2\/product\/35620","targetHints":{"allow":["GET"]}}],"collection":[{"href":"https:\/\/sulin.ee\/en\/wp-json\/wp\/v2\/product"}],"about":[{"href":"https:\/\/sulin.ee\/en\/wp-json\/wp\/v2\/types\/product"}],"replies":[{"embeddable":true,"href":"https:\/\/sulin.ee\/en\/wp-json\/wp\/v2\/comments?post=35620"}],"wp:featuredmedia":[{"embeddable":true,"href":"https:\/\/sulin.ee\/en\/wp-json\/wp\/v2\/media\/35621"}],"wp:attachment":[{"href":"https:\/\/sulin.ee\/en\/wp-json\/wp\/v2\/media?parent=35620"}],"wp:term":[{"taxonomy":"product_brand","embeddable":true,"href":"https:\/\/sulin.ee\/en\/wp-json\/wp\/v2\/product_brand?post=35620"},{"taxonomy":"product_cat","embeddable":true,"href":"https:\/\/sulin.ee\/en\/wp-json\/wp\/v2\/product_cat?post=35620"},{"taxonomy":"product_tag","embeddable":true,"href":"https:\/\/sulin.ee\/en\/wp-json\/wp\/v2\/product_tag?post=35620"}],"curies":[{"name":"wp","href":"https:\/\/api.w.org\/{rel}","templated":true}]}}