{"id":35574,"date":"2025-01-02T20:56:39","date_gmt":"2025-01-02T20:56:39","guid":{"rendered":"https:\/\/sulin.ee\/?post_type=product&#038;p=35574"},"modified":"2026-03-28T06:24:57","modified_gmt":"2026-03-28T06:24:57","slug":"wigiwama-kandiline-ottoman-velvet","status":"publish","type":"product","link":"https:\/\/sulin.ee\/en\/toode\/wigiwama-kandiline-ottoman-velvet\/","title":{"rendered":"Wigiwama kandiline ottoman Velvet"},"content":{"rendered":"<div class=\"flex max-w-full flex-col flex-grow\">\n<div class=\"min-h-8 text-message flex w-full flex-col items-end gap-2 whitespace-normal break-words text-start [.text-message+&amp;]:mt-5\" dir=\"auto\" data-message-author-role=\"assistant\" data-message-id=\"eae07826-7fd0-430f-a0fe-aa8aab9bff9d\" data-message-model-slug=\"gpt-4o\">\n<div class=\"flex w-full flex-col gap-1 empty:hidden first:pt-[3px]\">\n<div class=\"markdown prose w-full break-words dark:prose-invert light\">\n<p><strong>Wigiwama kandiline ottoman Velvet<\/strong> \u2013 stiilne ja praktiline t\u00e4iendus igasse ruumi<\/p>\n<p>\u2714 Valmistatud GRS\u00ae sertifitseeritud sametist, mis on toodetud \u00fcmbert\u00f6\u00f6deldud PET-pudelitest<br \/>\n\u2714 Kerge<br \/>\n\u2714 Ideaalne kasutamiseks jalatoena v\u00f5i lisaistekohana<\/p>\n<p>Wigiwama kandiline ottoman on elegantne ja praktiline sisustuselement, mis pakub t\u00e4iuslikku l\u00f5\u00f5gastumiskohta pika p\u00e4eva l\u00f5pus. Selle mitmek\u00fclgsus v\u00f5imaldab kasutada ottomanit erinevatel viisidel \u2013 n\u00e4iteks mugava jalatoena v\u00f5i lisaistmena, kui seltskonda on rohkem.<\/p>\n<p>Ottomani v\u00e4lismaterjaliks on OEKO-TEX\u00ae ja GRS\u00ae sertifitseeritud laia soonikuga samet, mis on valmistatud \u00fcmbert\u00f6\u00f6deldud PET-pudelitest. See on ohutu, vastupidav ja nahas\u00f5bralik, eriti lastele. Sisemine kiht koosneb STANDARD 100 by OEKO-TEX\u00ae mittekootud kiust ja t\u00e4idiseks on 100% paisutatud pol\u00fcst\u00fcreen.<\/p>\n<p><strong>TARNE:<\/strong> 5-10 t\u00f6\u00f6p\u00e4eva.<\/p>\n<p><strong>M\u00f5\u00f5dud:<\/strong> 60 x 60 x 20 cm<br \/>\n\u2714 Lukuga eemaldatav kate, mida saab pesta vastavalt juhistele<br \/>\n\u2714 Valmistatud L\u00e4tis, hoolides meie planeedist<\/p>\n<p>Lisage oma koju stiili ja mugavust Wigiwama Velvet ottomaniga!<\/p>\n<p><strong><a href=\"https:\/\/wigiwama.com\/\">Wigiwama<\/a> kandiline ottoman Velvet on valmistatud L\u00e4tis, hoole ja armastusega meie planeedi vastu.<\/strong><\/p>\n<p><strong>Kaup saadetakse kulleriga kliendi poolt sisestatud aadressile, mis peab olema t\u00e4ielik ja korrektne (sh sihtnumber, t\u00e4nava nimi, maja- v\u00f5i korterinumber ning telefoninumber).<\/strong><\/p>\n<p>Tule tutvu ka teiste <a href=\"https:\/\/sulin.ee\/tootekategooria\/moobel\/kott-toolid-ja-pehme-moobel\/\">pehmete ja hubaste m\u00f6\u00f6bliesemetega<\/a>, mis loovad Sinu kodus m\u00f5nusalt stiilse ja mugava atmosf\u00e4\u00e4ri!<\/p>\n<\/div>\n<\/div>\n<\/div>\n<\/div>\n","protected":false},"excerpt":{"rendered":"<p><strong>Wigiwama kandiline ottoman Velvet on stiilne ja praktiline sisustuselement, mis sobib ideaalselt jalatoeks v\u00f5i lisaistmeks. Valmistatud GRS\u00ae sertifitseeritud \u00fcmbert\u00f6\u00f6deldud sametist, on see kerge, nahas\u00f5bralik ja kergesti hooldatav. T\u00e4iuslik t\u00e4iendus igasse eluruumi!<\/strong><\/p>\n<p><strong>TARNE:<\/strong> 5-10 t\u00f6\u00f6p\u00e4eva<\/p>\n<p><span style=\"color: #339966;\"><img loading=\"lazy\" decoding=\"async\" class=\"alignnone wp-image-22011\" src=\"https:\/\/sulin.ee\/wp-content\/uploads\/2024\/08\/images-300x134.png\" alt=\"\" width=\"77\" height=\"34\" \/><span style=\"color: #ff9900;\"><strong> Toote eest on v\u00f5imalik tasuda ka j\u00e4relmaksuga. T\u00e4pse info j\u00e4relmaksu v\u00f5imaluste kohta leiad ostukorvist, kui oled toote lisanud ja asud maksma. Leping s\u00f5lmitakse makseprotsessi k\u00e4igus.<\/strong><\/span><\/span><\/p>\n","protected":false},"featured_media":35589,"comment_status":"open","ping_status":"closed","template":"","meta":[],"product_brand":[],"product_cat":[1480,1484,1054,1388,1394],"product_tag":[],"class_list":{"0":"post-35574","1":"product","2":"type-product","3":"status-publish","4":"has-post-thumbnail","6":"product_cat-kott-toolid-lastele","7":"product_cat-ottoman","8":"product_cat-moobel","9":"product_cat-kott-toolid-ja-pehme-moobel","10":"product_cat-wigiwama","11":"product_shipping_class-kuller-0-00","12":"has-post-title","13":"has-post-date","14":"has-post-category","15":"has-post-tag","16":"has-post-comment","17":"has-post-author","18":"","20":"first","21":"instock","22":"sale","23":"taxable","24":"shipping-taxable","25":"purchasable","26":"product-type-variable"},"yoast_head":"<!-- This site is optimized with the Yoast SEO plugin v26.8 - https:\/\/yoast.com\/product\/yoast-seo-wordpress\/ -->\n<title>Wigiwama kandiline ottoman Velvet - sulin.ee<\/title>\n<meta name=\"description\" content=\"Wigiwama kandiline ottoman Velvet on stiilne ja praktiline sisustuselement, mis sobib ideaalselt jalatoeks v\u00f5i lisaistmeks. Kerge, nahas\u00f5bralik ja kergesti hooldatav.\" \/>\n<meta name=\"robots\" content=\"index, follow, max-snippet:-1, max-image-preview:large, max-video-preview:-1\" \/>\n<link rel=\"canonical\" href=\"https:\/\/sulin.ee\/en\/toode\/wigiwama-kandiline-ottoman-velvet\/\" \/>\n<meta property=\"og:locale\" content=\"en_US\" \/>\n<meta property=\"og:type\" content=\"article\" \/>\n<meta property=\"og:title\" content=\"Wigiwama kandiline ottoman Velvet - sulin.ee\" \/>\n<meta property=\"og:description\" content=\"Wigiwama kandiline ottoman Velvet on stiilne ja praktiline sisustuselement, mis sobib ideaalselt jalatoeks v\u00f5i lisaistmeks. Kerge, nahas\u00f5bralik ja kergesti hooldatav.\" \/>\n<meta property=\"og:url\" content=\"https:\/\/sulin.ee\/en\/toode\/wigiwama-kandiline-ottoman-velvet\/\" \/>\n<meta property=\"og:site_name\" content=\"sulin.ee\" \/>\n<meta property=\"article:publisher\" content=\"https:\/\/www.facebook.com\/www.sulin.ee\/\" \/>\n<meta property=\"article:modified_time\" content=\"2026-03-28T06:24:57+00:00\" \/>\n<meta property=\"og:image\" content=\"https:\/\/sulin.ee\/wp-content\/uploads\/2025\/01\/2-5.png\" \/>\n\t<meta property=\"og:image:width\" content=\"1080\" \/>\n\t<meta property=\"og:image:height\" content=\"1080\" \/>\n\t<meta property=\"og:image:type\" content=\"image\/png\" \/>\n<meta name=\"twitter:card\" content=\"summary_large_image\" \/>\n<meta name=\"twitter:label1\" content=\"Est. reading time\" \/>\n\t<meta name=\"twitter:data1\" content=\"2 minutes\" \/>\n<script type=\"application\/ld+json\" class=\"yoast-schema-graph\">{\"@context\":\"https:\/\/schema.org\",\"@graph\":[{\"@type\":\"WebPage\",\"@id\":\"https:\/\/sulin.ee\/en\/toode\/wigiwama-kandiline-ottoman-velvet\/\",\"url\":\"https:\/\/sulin.ee\/en\/toode\/wigiwama-kandiline-ottoman-velvet\/\",\"name\":\"Wigiwama kandiline ottoman Velvet - sulin.ee\",\"isPartOf\":{\"@id\":\"https:\/\/sulin.ee\/en\/#website\"},\"primaryImageOfPage\":{\"@id\":\"https:\/\/sulin.ee\/en\/toode\/wigiwama-kandiline-ottoman-velvet\/#primaryimage\"},\"image\":{\"@id\":\"https:\/\/sulin.ee\/en\/toode\/wigiwama-kandiline-ottoman-velvet\/#primaryimage\"},\"thumbnailUrl\":\"https:\/\/sulin.ee\/wp-content\/uploads\/2025\/01\/2-5.png\",\"datePublished\":\"2025-01-02T20:56:39+00:00\",\"dateModified\":\"2026-03-28T06:24:57+00:00\",\"description\":\"Wigiwama kandiline ottoman Velvet on stiilne ja praktiline sisustuselement, mis sobib ideaalselt jalatoeks v\u00f5i lisaistmeks. Kerge, nahas\u00f5bralik ja kergesti hooldatav.\",\"breadcrumb\":{\"@id\":\"https:\/\/sulin.ee\/en\/toode\/wigiwama-kandiline-ottoman-velvet\/#breadcrumb\"},\"inLanguage\":\"en-US\",\"potentialAction\":[{\"@type\":\"ReadAction\",\"target\":[\"https:\/\/sulin.ee\/en\/toode\/wigiwama-kandiline-ottoman-velvet\/\"]}]},{\"@type\":\"ImageObject\",\"inLanguage\":\"en-US\",\"@id\":\"https:\/\/sulin.ee\/en\/toode\/wigiwama-kandiline-ottoman-velvet\/#primaryimage\",\"url\":\"https:\/\/sulin.ee\/wp-content\/uploads\/2025\/01\/2-5.png\",\"contentUrl\":\"https:\/\/sulin.ee\/wp-content\/uploads\/2025\/01\/2-5.png\",\"width\":1080,\"height\":1080,\"caption\":\"Wigiwama kandiline ottoman Velvet\"},{\"@type\":\"BreadcrumbList\",\"@id\":\"https:\/\/sulin.ee\/en\/toode\/wigiwama-kandiline-ottoman-velvet\/#breadcrumb\",\"itemListElement\":[{\"@type\":\"ListItem\",\"position\":1,\"name\":\"Home\",\"item\":\"https:\/\/sulin.ee\/en\/\"},{\"@type\":\"ListItem\",\"position\":2,\"name\":\"Sulin.ee e-pood\",\"item\":\"https:\/\/sulin.ee\/shop\/\"},{\"@type\":\"ListItem\",\"position\":3,\"name\":\"Wigiwama kandiline ottoman Velvet\"}]},{\"@type\":\"WebSite\",\"@id\":\"https:\/\/sulin.ee\/en\/#website\",\"url\":\"https:\/\/sulin.ee\/en\/\",\"name\":\"sulin.ee\",\"description\":\"\",\"publisher\":{\"@id\":\"https:\/\/sulin.ee\/en\/#organization\"},\"potentialAction\":[{\"@type\":\"SearchAction\",\"target\":{\"@type\":\"EntryPoint\",\"urlTemplate\":\"https:\/\/sulin.ee\/en\/?s={search_term_string}\"},\"query-input\":{\"@type\":\"PropertyValueSpecification\",\"valueRequired\":true,\"valueName\":\"search_term_string\"}}],\"inLanguage\":\"en-US\"},{\"@type\":\"Organization\",\"@id\":\"https:\/\/sulin.ee\/en\/#organization\",\"name\":\"SULIN TRADE O\u00dc\",\"url\":\"https:\/\/sulin.ee\/en\/\",\"logo\":{\"@type\":\"ImageObject\",\"inLanguage\":\"en-US\",\"@id\":\"https:\/\/sulin.ee\/en\/#\/schema\/logo\/image\/\",\"url\":\"https:\/\/sulin.ee\/wp-content\/uploads\/2022\/11\/sulin-logo.png\",\"contentUrl\":\"https:\/\/sulin.ee\/wp-content\/uploads\/2022\/11\/sulin-logo.png\",\"width\":871,\"height\":321,\"caption\":\"SULIN TRADE O\u00dc\"},\"image\":{\"@id\":\"https:\/\/sulin.ee\/en\/#\/schema\/logo\/image\/\"},\"sameAs\":[\"https:\/\/www.facebook.com\/www.sulin.ee\/\",\"https:\/\/www.instagram.com\/sulintrade\/\"]}]}<\/script>\n<!-- \/ Yoast SEO plugin. -->","yoast_head_json":{"title":"Wigiwama kandiline ottoman Velvet - sulin.ee","description":"Wigiwama kandiline ottoman Velvet on stiilne ja praktiline sisustuselement, mis sobib ideaalselt jalatoeks v\u00f5i lisaistmeks. Kerge, nahas\u00f5bralik ja kergesti hooldatav.","robots":{"index":"index","follow":"follow","max-snippet":"max-snippet:-1","max-image-preview":"max-image-preview:large","max-video-preview":"max-video-preview:-1"},"canonical":"https:\/\/sulin.ee\/en\/toode\/wigiwama-kandiline-ottoman-velvet\/","og_locale":"en_US","og_type":"article","og_title":"Wigiwama kandiline ottoman Velvet - sulin.ee","og_description":"Wigiwama kandiline ottoman Velvet on stiilne ja praktiline sisustuselement, mis sobib ideaalselt jalatoeks v\u00f5i lisaistmeks. Kerge, nahas\u00f5bralik ja kergesti hooldatav.","og_url":"https:\/\/sulin.ee\/en\/toode\/wigiwama-kandiline-ottoman-velvet\/","og_site_name":"sulin.ee","article_publisher":"https:\/\/www.facebook.com\/www.sulin.ee\/","article_modified_time":"2026-03-28T06:24:57+00:00","og_image":[{"width":1080,"height":1080,"url":"https:\/\/sulin.ee\/wp-content\/uploads\/2025\/01\/2-5.png","type":"image\/png"}],"twitter_card":"summary_large_image","twitter_misc":{"Est. reading time":"2 minutes"},"schema":{"@context":"https:\/\/schema.org","@graph":[{"@type":"WebPage","@id":"https:\/\/sulin.ee\/en\/toode\/wigiwama-kandiline-ottoman-velvet\/","url":"https:\/\/sulin.ee\/en\/toode\/wigiwama-kandiline-ottoman-velvet\/","name":"Wigiwama kandiline ottoman Velvet - sulin.ee","isPartOf":{"@id":"https:\/\/sulin.ee\/en\/#website"},"primaryImageOfPage":{"@id":"https:\/\/sulin.ee\/en\/toode\/wigiwama-kandiline-ottoman-velvet\/#primaryimage"},"image":{"@id":"https:\/\/sulin.ee\/en\/toode\/wigiwama-kandiline-ottoman-velvet\/#primaryimage"},"thumbnailUrl":"https:\/\/sulin.ee\/wp-content\/uploads\/2025\/01\/2-5.png","datePublished":"2025-01-02T20:56:39+00:00","dateModified":"2026-03-28T06:24:57+00:00","description":"Wigiwama kandiline ottoman Velvet on stiilne ja praktiline sisustuselement, mis sobib ideaalselt jalatoeks v\u00f5i lisaistmeks. Kerge, nahas\u00f5bralik ja kergesti hooldatav.","breadcrumb":{"@id":"https:\/\/sulin.ee\/en\/toode\/wigiwama-kandiline-ottoman-velvet\/#breadcrumb"},"inLanguage":"en-US","potentialAction":[{"@type":"ReadAction","target":["https:\/\/sulin.ee\/en\/toode\/wigiwama-kandiline-ottoman-velvet\/"]}]},{"@type":"ImageObject","inLanguage":"en-US","@id":"https:\/\/sulin.ee\/en\/toode\/wigiwama-kandiline-ottoman-velvet\/#primaryimage","url":"https:\/\/sulin.ee\/wp-content\/uploads\/2025\/01\/2-5.png","contentUrl":"https:\/\/sulin.ee\/wp-content\/uploads\/2025\/01\/2-5.png","width":1080,"height":1080,"caption":"Wigiwama kandiline ottoman Velvet"},{"@type":"BreadcrumbList","@id":"https:\/\/sulin.ee\/en\/toode\/wigiwama-kandiline-ottoman-velvet\/#breadcrumb","itemListElement":[{"@type":"ListItem","position":1,"name":"Home","item":"https:\/\/sulin.ee\/en\/"},{"@type":"ListItem","position":2,"name":"Sulin.ee e-pood","item":"https:\/\/sulin.ee\/shop\/"},{"@type":"ListItem","position":3,"name":"Wigiwama kandiline ottoman Velvet"}]},{"@type":"WebSite","@id":"https:\/\/sulin.ee\/en\/#website","url":"https:\/\/sulin.ee\/en\/","name":"sulin.ee","description":"","publisher":{"@id":"https:\/\/sulin.ee\/en\/#organization"},"potentialAction":[{"@type":"SearchAction","target":{"@type":"EntryPoint","urlTemplate":"https:\/\/sulin.ee\/en\/?s={search_term_string}"},"query-input":{"@type":"PropertyValueSpecification","valueRequired":true,"valueName":"search_term_string"}}],"inLanguage":"en-US"},{"@type":"Organization","@id":"https:\/\/sulin.ee\/en\/#organization","name":"SULIN TRADE O\u00dc","url":"https:\/\/sulin.ee\/en\/","logo":{"@type":"ImageObject","inLanguage":"en-US","@id":"https:\/\/sulin.ee\/en\/#\/schema\/logo\/image\/","url":"https:\/\/sulin.ee\/wp-content\/uploads\/2022\/11\/sulin-logo.png","contentUrl":"https:\/\/sulin.ee\/wp-content\/uploads\/2022\/11\/sulin-logo.png","width":871,"height":321,"caption":"SULIN TRADE O\u00dc"},"image":{"@id":"https:\/\/sulin.ee\/en\/#\/schema\/logo\/image\/"},"sameAs":["https:\/\/www.facebook.com\/www.sulin.ee\/","https:\/\/www.instagram.com\/sulintrade\/"]}]}},"builder_content":"","_links":{"self":[{"href":"https:\/\/sulin.ee\/en\/wp-json\/wp\/v2\/product\/35574","targetHints":{"allow":["GET"]}}],"collection":[{"href":"https:\/\/sulin.ee\/en\/wp-json\/wp\/v2\/product"}],"about":[{"href":"https:\/\/sulin.ee\/en\/wp-json\/wp\/v2\/types\/product"}],"replies":[{"embeddable":true,"href":"https:\/\/sulin.ee\/en\/wp-json\/wp\/v2\/comments?post=35574"}],"wp:featuredmedia":[{"embeddable":true,"href":"https:\/\/sulin.ee\/en\/wp-json\/wp\/v2\/media\/35589"}],"wp:attachment":[{"href":"https:\/\/sulin.ee\/en\/wp-json\/wp\/v2\/media?parent=35574"}],"wp:term":[{"taxonomy":"product_brand","embeddable":true,"href":"https:\/\/sulin.ee\/en\/wp-json\/wp\/v2\/product_brand?post=35574"},{"taxonomy":"product_cat","embeddable":true,"href":"https:\/\/sulin.ee\/en\/wp-json\/wp\/v2\/product_cat?post=35574"},{"taxonomy":"product_tag","embeddable":true,"href":"https:\/\/sulin.ee\/en\/wp-json\/wp\/v2\/product_tag?post=35574"}],"curies":[{"name":"wp","href":"https:\/\/api.w.org\/{rel}","templated":true}]}}