{"id":35429,"date":"2025-01-01T19:31:50","date_gmt":"2025-01-01T19:31:50","guid":{"rendered":"https:\/\/sulin.ee\/?post_type=product&#038;p=35429"},"modified":"2025-09-24T08:30:46","modified_gmt":"2025-09-24T08:30:46","slug":"wigiwama-kott-tool-teddy","status":"publish","type":"product","link":"https:\/\/sulin.ee\/en\/toode\/wigiwama-kott-tool-teddy\/","title":{"rendered":"Wigiwama kott-tool Teddy"},"content":{"rendered":"<p><strong>Wigiwama kott-tool Teddy<\/strong> on ideaalne kaaslane lugemiseks v\u00f5i l\u00f5\u00f5gastumiseks. Selle stiilne ja kutsuv siluett koos m\u00f5nusalt pehme teddy-kangaga loob t\u00e4iusliku hubasuse. Kott-tool toetab keha EPS-p\u00e4rlite t\u00e4idisega, pakkudes maksimaalset mugavust.<\/p>\n<p><strong>TARNE:<\/strong> 5-10 t\u00f6\u00f6p\u00e4eva.<\/p>\n<p><strong>Peamised omadused:<\/strong><br \/>\n\u2714 Valmistatud OEKO-TEX\u00ae sertifitseeritud teddy-kangast, tagades k\u00f5rge tooteohutuse, eriti lastele.<br \/>\n\u2714 M\u00f5\u00f5dud: Pikkus 80 cm \/ Laius 70 cm \/ K\u00f5rgus 50 cm \u2013 t\u00e4iuslik suurus ja istumisasend.<br \/>\n\u2714 Kotil on lukk ja sees eraldi t\u00e4idisega kott, mida saab vajadusel aja jooksul juurde t\u00e4ita.<br \/>\n\u2714 Sisemine kest: 100% STANDARD 100 by OEKO-TEX\u00ae lauskiust materjal.<br \/>\n\u2714 T\u00e4idis: 100% laiendatud pol\u00fcst\u00fcreen.<br \/>\n\u2714 Valmistatud L\u00e4tis, hoolides meie planeedist.<\/p>\n<p><strong>Miks valida Teddy kott-tool?<\/strong><br \/>\n<a href=\"https:\/\/wigiwama.com\/\">Wigiwama<\/a> kott-tool Teddy on praktiline ja stiilne m\u00f6\u00f6bliese on suurep\u00e4rane t\u00e4iendus igasse interj\u00f6\u00f6ri. Olgu see laste m\u00e4ngutuba v\u00f5i elutuba, kott-tool pakub mugavust ja stiili.<\/p>\n<p><strong>Kaup saadetakse kulleriga kliendi poolt sisestatud aadressile, mis peab olema t\u00e4ielik ja korrektne (sh sihtnumber, t\u00e4nava nimi, maja- v\u00f5i korterinumber ning telefoninumber).<\/strong><\/p>\n<p>Tule tutvu ka teiste <a href=\"https:\/\/sulin.ee\/tootekategooria\/moobel\/kott-toolid-ja-pehme-moobel\/\">pehmete ja hubaste m\u00f6\u00f6bliesemetega<\/a>, mis loovad Sinu kodus m\u00f5nusalt stiilse ja mugava atmosf\u00e4\u00e4ri!<\/p>\n","protected":false},"excerpt":{"rendered":"<p><strong>Wigiwama kott-tool Teddy on mugav ja stiilne istumispaik, mis sobib suurep\u00e4raselt l\u00f5\u00f5gastumiseks v\u00f5i lugemiseks. Valmistatud OEKO-TEX\u00ae sertifikaadiga teddy-kangast, see on pehme ja nahas\u00f5bralik. Lukuga kate on eemaldatav ja pestav, ning t\u00e4idisega kotti saab vajadusel juurde t\u00e4ita. Ideaalne t\u00e4iendus iga kodu interj\u00f6\u00f6ri!<\/strong><\/p>\n<p><strong>TARNE:<\/strong> 5-10 t\u00f6\u00f6p\u00e4eva<\/p>\n<p><span style=\"color: #339966;\"><img loading=\"lazy\" decoding=\"async\" class=\"alignnone wp-image-22011\" src=\"https:\/\/sulin.ee\/wp-content\/uploads\/2024\/08\/images-300x134.png\" alt=\"\" width=\"77\" height=\"34\" \/><span style=\"color: #ff9900;\"><strong> Toote eest on v\u00f5imalik tasuda ka j\u00e4relmaksuga. T\u00e4pse info j\u00e4relmaksu v\u00f5imaluste kohta leiad ostukorvist, kui oled toote lisanud ja asud maksma. Leping s\u00f5lmitakse makseprotsessi k\u00e4igus.<\/strong><\/span><\/span><\/p>\n","protected":false},"featured_media":35463,"comment_status":"open","ping_status":"closed","template":"","meta":[],"product_brand":[],"product_cat":[1480,1054,1388,1394],"product_tag":[],"class_list":{"0":"post-35429","1":"product","2":"type-product","3":"status-publish","4":"has-post-thumbnail","6":"product_cat-kott-toolid-lastele","7":"product_cat-moobel","8":"product_cat-kott-toolid-ja-pehme-moobel","9":"product_cat-wigiwama","10":"product_shipping_class-kuller-0-00","11":"has-post-title","12":"has-post-date","13":"has-post-category","14":"has-post-tag","15":"has-post-comment","16":"has-post-author","17":"","19":"first","20":"instock","21":"sale","22":"taxable","23":"shipping-taxable","24":"purchasable","25":"product-type-variable"},"yoast_head":"<!-- This site is optimized with the Yoast SEO plugin v26.8 - https:\/\/yoast.com\/product\/yoast-seo-wordpress\/ -->\n<title>Wigiwama kott-tool Teddy - sulin.ee<\/title>\n<meta name=\"description\" content=\"Wigiwama kott-tool Teddy on mugav ja stiilne istumispaik, mis sobib suurep\u00e4raselt l\u00f5\u00f5gastumiseks v\u00f5i lugemiseks. Valmistatud OEKO-TEX\u00ae sertifikaadiga teddy-kangast\" \/>\n<meta name=\"robots\" content=\"index, follow, max-snippet:-1, max-image-preview:large, max-video-preview:-1\" \/>\n<link rel=\"canonical\" href=\"https:\/\/sulin.ee\/en\/toode\/wigiwama-kott-tool-teddy\/\" \/>\n<meta property=\"og:locale\" content=\"en_US\" \/>\n<meta property=\"og:type\" content=\"article\" \/>\n<meta property=\"og:title\" content=\"Wigiwama kott-tool Teddy - sulin.ee\" \/>\n<meta property=\"og:description\" content=\"Wigiwama kott-tool Teddy on mugav ja stiilne istumispaik, mis sobib suurep\u00e4raselt l\u00f5\u00f5gastumiseks v\u00f5i lugemiseks. Valmistatud OEKO-TEX\u00ae sertifikaadiga teddy-kangast\" \/>\n<meta property=\"og:url\" content=\"https:\/\/sulin.ee\/en\/toode\/wigiwama-kott-tool-teddy\/\" \/>\n<meta property=\"og:site_name\" content=\"sulin.ee\" \/>\n<meta property=\"article:publisher\" content=\"https:\/\/www.facebook.com\/www.sulin.ee\/\" \/>\n<meta property=\"article:modified_time\" content=\"2025-09-24T08:30:46+00:00\" \/>\n<meta property=\"og:image\" content=\"https:\/\/sulin.ee\/wp-content\/uploads\/2025\/01\/1-1.png\" \/>\n\t<meta property=\"og:image:width\" content=\"1080\" \/>\n\t<meta property=\"og:image:height\" content=\"1080\" \/>\n\t<meta property=\"og:image:type\" content=\"image\/png\" \/>\n<meta name=\"twitter:card\" content=\"summary_large_image\" \/>\n<meta name=\"twitter:label1\" content=\"Est. reading time\" \/>\n\t<meta name=\"twitter:data1\" content=\"2 minutes\" \/>\n<script type=\"application\/ld+json\" class=\"yoast-schema-graph\">{\"@context\":\"https:\/\/schema.org\",\"@graph\":[{\"@type\":\"WebPage\",\"@id\":\"https:\/\/sulin.ee\/en\/toode\/wigiwama-kott-tool-teddy\/\",\"url\":\"https:\/\/sulin.ee\/en\/toode\/wigiwama-kott-tool-teddy\/\",\"name\":\"Wigiwama kott-tool Teddy - sulin.ee\",\"isPartOf\":{\"@id\":\"https:\/\/sulin.ee\/en\/#website\"},\"primaryImageOfPage\":{\"@id\":\"https:\/\/sulin.ee\/en\/toode\/wigiwama-kott-tool-teddy\/#primaryimage\"},\"image\":{\"@id\":\"https:\/\/sulin.ee\/en\/toode\/wigiwama-kott-tool-teddy\/#primaryimage\"},\"thumbnailUrl\":\"https:\/\/sulin.ee\/wp-content\/uploads\/2025\/01\/1-1.png\",\"datePublished\":\"2025-01-01T19:31:50+00:00\",\"dateModified\":\"2025-09-24T08:30:46+00:00\",\"description\":\"Wigiwama kott-tool Teddy on mugav ja stiilne istumispaik, mis sobib suurep\u00e4raselt l\u00f5\u00f5gastumiseks v\u00f5i lugemiseks. Valmistatud OEKO-TEX\u00ae sertifikaadiga teddy-kangast\",\"breadcrumb\":{\"@id\":\"https:\/\/sulin.ee\/en\/toode\/wigiwama-kott-tool-teddy\/#breadcrumb\"},\"inLanguage\":\"en-US\",\"potentialAction\":[{\"@type\":\"ReadAction\",\"target\":[\"https:\/\/sulin.ee\/en\/toode\/wigiwama-kott-tool-teddy\/\"]}]},{\"@type\":\"ImageObject\",\"inLanguage\":\"en-US\",\"@id\":\"https:\/\/sulin.ee\/en\/toode\/wigiwama-kott-tool-teddy\/#primaryimage\",\"url\":\"https:\/\/sulin.ee\/wp-content\/uploads\/2025\/01\/1-1.png\",\"contentUrl\":\"https:\/\/sulin.ee\/wp-content\/uploads\/2025\/01\/1-1.png\",\"width\":1080,\"height\":1080,\"caption\":\"Wigiwama kott-tool\"},{\"@type\":\"BreadcrumbList\",\"@id\":\"https:\/\/sulin.ee\/en\/toode\/wigiwama-kott-tool-teddy\/#breadcrumb\",\"itemListElement\":[{\"@type\":\"ListItem\",\"position\":1,\"name\":\"Home\",\"item\":\"https:\/\/sulin.ee\/en\/\"},{\"@type\":\"ListItem\",\"position\":2,\"name\":\"Sulin.ee e-pood\",\"item\":\"https:\/\/sulin.ee\/shop\/\"},{\"@type\":\"ListItem\",\"position\":3,\"name\":\"Wigiwama kott-tool Teddy\"}]},{\"@type\":\"WebSite\",\"@id\":\"https:\/\/sulin.ee\/en\/#website\",\"url\":\"https:\/\/sulin.ee\/en\/\",\"name\":\"sulin.ee\",\"description\":\"\",\"publisher\":{\"@id\":\"https:\/\/sulin.ee\/en\/#organization\"},\"potentialAction\":[{\"@type\":\"SearchAction\",\"target\":{\"@type\":\"EntryPoint\",\"urlTemplate\":\"https:\/\/sulin.ee\/en\/?s={search_term_string}\"},\"query-input\":{\"@type\":\"PropertyValueSpecification\",\"valueRequired\":true,\"valueName\":\"search_term_string\"}}],\"inLanguage\":\"en-US\"},{\"@type\":\"Organization\",\"@id\":\"https:\/\/sulin.ee\/en\/#organization\",\"name\":\"SULIN TRADE O\u00dc\",\"url\":\"https:\/\/sulin.ee\/en\/\",\"logo\":{\"@type\":\"ImageObject\",\"inLanguage\":\"en-US\",\"@id\":\"https:\/\/sulin.ee\/en\/#\/schema\/logo\/image\/\",\"url\":\"https:\/\/sulin.ee\/wp-content\/uploads\/2022\/11\/sulin-logo.png\",\"contentUrl\":\"https:\/\/sulin.ee\/wp-content\/uploads\/2022\/11\/sulin-logo.png\",\"width\":871,\"height\":321,\"caption\":\"SULIN TRADE O\u00dc\"},\"image\":{\"@id\":\"https:\/\/sulin.ee\/en\/#\/schema\/logo\/image\/\"},\"sameAs\":[\"https:\/\/www.facebook.com\/www.sulin.ee\/\",\"https:\/\/www.instagram.com\/sulintrade\/\"]}]}<\/script>\n<!-- \/ Yoast SEO plugin. -->","yoast_head_json":{"title":"Wigiwama kott-tool Teddy - sulin.ee","description":"Wigiwama kott-tool Teddy on mugav ja stiilne istumispaik, mis sobib suurep\u00e4raselt l\u00f5\u00f5gastumiseks v\u00f5i lugemiseks. Valmistatud OEKO-TEX\u00ae sertifikaadiga teddy-kangast","robots":{"index":"index","follow":"follow","max-snippet":"max-snippet:-1","max-image-preview":"max-image-preview:large","max-video-preview":"max-video-preview:-1"},"canonical":"https:\/\/sulin.ee\/en\/toode\/wigiwama-kott-tool-teddy\/","og_locale":"en_US","og_type":"article","og_title":"Wigiwama kott-tool Teddy - sulin.ee","og_description":"Wigiwama kott-tool Teddy on mugav ja stiilne istumispaik, mis sobib suurep\u00e4raselt l\u00f5\u00f5gastumiseks v\u00f5i lugemiseks. Valmistatud OEKO-TEX\u00ae sertifikaadiga teddy-kangast","og_url":"https:\/\/sulin.ee\/en\/toode\/wigiwama-kott-tool-teddy\/","og_site_name":"sulin.ee","article_publisher":"https:\/\/www.facebook.com\/www.sulin.ee\/","article_modified_time":"2025-09-24T08:30:46+00:00","og_image":[{"width":1080,"height":1080,"url":"https:\/\/sulin.ee\/wp-content\/uploads\/2025\/01\/1-1.png","type":"image\/png"}],"twitter_card":"summary_large_image","twitter_misc":{"Est. reading time":"2 minutes"},"schema":{"@context":"https:\/\/schema.org","@graph":[{"@type":"WebPage","@id":"https:\/\/sulin.ee\/en\/toode\/wigiwama-kott-tool-teddy\/","url":"https:\/\/sulin.ee\/en\/toode\/wigiwama-kott-tool-teddy\/","name":"Wigiwama kott-tool Teddy - sulin.ee","isPartOf":{"@id":"https:\/\/sulin.ee\/en\/#website"},"primaryImageOfPage":{"@id":"https:\/\/sulin.ee\/en\/toode\/wigiwama-kott-tool-teddy\/#primaryimage"},"image":{"@id":"https:\/\/sulin.ee\/en\/toode\/wigiwama-kott-tool-teddy\/#primaryimage"},"thumbnailUrl":"https:\/\/sulin.ee\/wp-content\/uploads\/2025\/01\/1-1.png","datePublished":"2025-01-01T19:31:50+00:00","dateModified":"2025-09-24T08:30:46+00:00","description":"Wigiwama kott-tool Teddy on mugav ja stiilne istumispaik, mis sobib suurep\u00e4raselt l\u00f5\u00f5gastumiseks v\u00f5i lugemiseks. Valmistatud OEKO-TEX\u00ae sertifikaadiga teddy-kangast","breadcrumb":{"@id":"https:\/\/sulin.ee\/en\/toode\/wigiwama-kott-tool-teddy\/#breadcrumb"},"inLanguage":"en-US","potentialAction":[{"@type":"ReadAction","target":["https:\/\/sulin.ee\/en\/toode\/wigiwama-kott-tool-teddy\/"]}]},{"@type":"ImageObject","inLanguage":"en-US","@id":"https:\/\/sulin.ee\/en\/toode\/wigiwama-kott-tool-teddy\/#primaryimage","url":"https:\/\/sulin.ee\/wp-content\/uploads\/2025\/01\/1-1.png","contentUrl":"https:\/\/sulin.ee\/wp-content\/uploads\/2025\/01\/1-1.png","width":1080,"height":1080,"caption":"Wigiwama kott-tool"},{"@type":"BreadcrumbList","@id":"https:\/\/sulin.ee\/en\/toode\/wigiwama-kott-tool-teddy\/#breadcrumb","itemListElement":[{"@type":"ListItem","position":1,"name":"Home","item":"https:\/\/sulin.ee\/en\/"},{"@type":"ListItem","position":2,"name":"Sulin.ee e-pood","item":"https:\/\/sulin.ee\/shop\/"},{"@type":"ListItem","position":3,"name":"Wigiwama kott-tool Teddy"}]},{"@type":"WebSite","@id":"https:\/\/sulin.ee\/en\/#website","url":"https:\/\/sulin.ee\/en\/","name":"sulin.ee","description":"","publisher":{"@id":"https:\/\/sulin.ee\/en\/#organization"},"potentialAction":[{"@type":"SearchAction","target":{"@type":"EntryPoint","urlTemplate":"https:\/\/sulin.ee\/en\/?s={search_term_string}"},"query-input":{"@type":"PropertyValueSpecification","valueRequired":true,"valueName":"search_term_string"}}],"inLanguage":"en-US"},{"@type":"Organization","@id":"https:\/\/sulin.ee\/en\/#organization","name":"SULIN TRADE O\u00dc","url":"https:\/\/sulin.ee\/en\/","logo":{"@type":"ImageObject","inLanguage":"en-US","@id":"https:\/\/sulin.ee\/en\/#\/schema\/logo\/image\/","url":"https:\/\/sulin.ee\/wp-content\/uploads\/2022\/11\/sulin-logo.png","contentUrl":"https:\/\/sulin.ee\/wp-content\/uploads\/2022\/11\/sulin-logo.png","width":871,"height":321,"caption":"SULIN TRADE O\u00dc"},"image":{"@id":"https:\/\/sulin.ee\/en\/#\/schema\/logo\/image\/"},"sameAs":["https:\/\/www.facebook.com\/www.sulin.ee\/","https:\/\/www.instagram.com\/sulintrade\/"]}]}},"builder_content":"","_links":{"self":[{"href":"https:\/\/sulin.ee\/en\/wp-json\/wp\/v2\/product\/35429","targetHints":{"allow":["GET"]}}],"collection":[{"href":"https:\/\/sulin.ee\/en\/wp-json\/wp\/v2\/product"}],"about":[{"href":"https:\/\/sulin.ee\/en\/wp-json\/wp\/v2\/types\/product"}],"replies":[{"embeddable":true,"href":"https:\/\/sulin.ee\/en\/wp-json\/wp\/v2\/comments?post=35429"}],"wp:featuredmedia":[{"embeddable":true,"href":"https:\/\/sulin.ee\/en\/wp-json\/wp\/v2\/media\/35463"}],"wp:attachment":[{"href":"https:\/\/sulin.ee\/en\/wp-json\/wp\/v2\/media?parent=35429"}],"wp:term":[{"taxonomy":"product_brand","embeddable":true,"href":"https:\/\/sulin.ee\/en\/wp-json\/wp\/v2\/product_brand?post=35429"},{"taxonomy":"product_cat","embeddable":true,"href":"https:\/\/sulin.ee\/en\/wp-json\/wp\/v2\/product_cat?post=35429"},{"taxonomy":"product_tag","embeddable":true,"href":"https:\/\/sulin.ee\/en\/wp-json\/wp\/v2\/product_tag?post=35429"}],"curies":[{"name":"wp","href":"https:\/\/api.w.org\/{rel}","templated":true}]}}