{"id":35398,"date":"2025-01-01T19:00:14","date_gmt":"2025-01-01T19:00:14","guid":{"rendered":"https:\/\/sulin.ee\/?post_type=product&#038;p=35398"},"modified":"2025-11-04T10:37:21","modified_gmt":"2025-11-04T10:37:21","slug":"wigiwama-kott-tool-terrazzo","status":"publish","type":"product","link":"https:\/\/sulin.ee\/en\/toode\/wigiwama-kott-tool-terrazzo\/","title":{"rendered":"Wigiwama kott-tool Terrazzo"},"content":{"rendered":"<article class=\"w-full scroll-mb-[var(--thread-trailing-height,150px)] text-token-text-primary focus-visible:outline-2 focus-visible:outline-offset-[-4px]\" dir=\"auto\" data-testid=\"conversation-turn-747\" data-scroll-anchor=\"false\">\n<div class=\"m-auto text-base py-[18px] px-3 md:px-4 w-full md:px-5 lg:px-4 xl:px-5\">\n<div class=\"mx-auto flex flex-1 gap-4 text-base md:gap-5 lg:gap-6 md:max-w-3xl lg:max-w-[40rem] xl:max-w-[48rem]\">\n<div class=\"group\/conversation-turn relative flex w-full min-w-0 flex-col agent-turn\">\n<div class=\"flex-col gap-1 md:gap-3\">\n<div class=\"flex max-w-full flex-col flex-grow\">\n<div class=\"min-h-8 text-message flex w-full flex-col items-end gap-2 whitespace-normal break-words text-start [.text-message+&amp;]:mt-5\" dir=\"auto\" data-message-author-role=\"assistant\" data-message-id=\"48f05963-9c10-427b-916e-a947723dba70\" data-message-model-slug=\"gpt-4o\">\n<div class=\"flex w-full flex-col gap-1 empty:hidden first:pt-[3px]\">\n<div class=\"markdown prose w-full break-words dark:prose-invert light\">\n<p><strong>Wigiwama kott-tool &#8220;Terrazzo&#8221;<\/strong> on ideaalne kaaslane nii lugemiseks kui ka l\u00f5\u00f5gastumiseks. Selle elegantne disain ja ergonoomiline kuju kutsuvad endasse sukelduma ning EPS-helmestega t\u00e4idis tagab suurep\u00e4rase toe ja mugavuse.<\/p>\n<p>Tool on valmistatud kvaliteetsest boucle- ja chenille-kangast, mis on OEKO-TEX\u00ae ja GRS\u00ae sertifitseeritud, pakkudes turvalist ja vastupidavat lahendust, mis sobib suurep\u00e4raselt ka lastele. Kangas on vastupidav, h\u00fcpoallergeenne ja kergesti hooldatav, muutes selle praktiliseks valikuks igap\u00e4evaseks kasutamiseks.<\/p>\n<p><strong>TARNE:<\/strong> 5-10 t\u00f6\u00f6p\u00e4eva.<\/p>\n<p><strong>P\u00f5hifunktsioonid:<\/strong><\/p>\n<p><strong>Materjalid:<\/strong><br \/>\n\u2714 V\u00e4limine kate: OEKO-TEX\u00ae ja GRS\u00ae sertifitseeritud boucle- ja chenille-kangas<br \/>\n\u2714 Sisekate: STANDARD 100 by OEKO-TEX\u00ae sertifitseeritud kiudkangas<br \/>\n\u2714 T\u00e4idis: 100% vahtpol\u00fcst\u00fcreen (EPS)<\/p>\n<p><strong>M\u00f5\u00f5dud:<\/strong><br \/>\n\u2714 Pikkus: 80 cm<br \/>\n\u2714 Laius: 70 cm<br \/>\n\u2714 K\u00f5rgus: 50 cm<\/p>\n<ul>\n<li>\u2714\u00a0 Eemaldatav kate, mida saab pesta vastavalt pesujuhistele.<\/li>\n<li>\u2714\u00a0 Valmistatud L\u00e4tis, hoolides planeedi keskkonnast.<\/li>\n<\/ul>\n<p><strong><a href=\"https:\/\/wigiwama.com\/\">Wigiwama<\/a> kott-tool &#8220;Terrazzo&#8221; sobib ideaalselt k<\/strong>\u00f5igile, kes otsivad mugavat ja stiilset lahendust l\u00f5\u00f5gastumiseks. Lisa oma koju hubasust ja naudi Wigiwama kott-tooli unustamatuid taktilisi omadusi!<\/p>\n<p><strong>Kaup saadetakse kulleriga kliendi poolt sisestatud aadressile, mis peab olema t\u00e4ielik ja korrektne (sh sihtnumber, t\u00e4nava nimi, maja- v\u00f5i korterinumber ning telefoninumber).<\/strong><\/p>\n<p>Tule tutvu ka teiste <a href=\"https:\/\/sulin.ee\/tootekategooria\/moobel\/kott-toolid-ja-pehme-moobel\/\">pehmete ja hubaste m\u00f6\u00f6bliesemetega<\/a>, mis loovad Sinu kodus m\u00f5nusalt stiilse ja mugava atmosf\u00e4\u00e4ri!<\/p>\n<\/div>\n<\/div>\n<\/div>\n<\/div>\n<\/div>\n<\/div>\n<\/div>\n<\/div>\n<\/article>\n","protected":false},"excerpt":{"rendered":"<p><strong>Wigiwama kott-tool &#8220;Terrazzo&#8221;<\/strong> <strong>on stiilne ja mugav kaaslane l\u00f5\u00f5gastumiseks v\u00f5i lugemiseks. Valmistatud OEKO-TEX\u00ae ja GRS\u00ae sertifitseeritud boucle- ja chenille-kangast, see tool on vastupidav, h\u00fcpoallergeenne ja kergesti hooldatav. Eemaldatav ja pestav kate muudab selle praktiliseks valikuks igap\u00e4evaseks kasutamiseks. Sobib ideaalselt igasse koju!<\/strong><\/p>\n<p><strong>TARNE:<\/strong> 5-10 t\u00f6\u00f6p\u00e4eva<\/p>\n<p><span style=\"color: #339966;\"><img loading=\"lazy\" decoding=\"async\" class=\"alignnone wp-image-22011\" src=\"https:\/\/sulin.ee\/wp-content\/uploads\/2024\/08\/images-300x134.png\" alt=\"\" width=\"77\" height=\"34\" \/><span style=\"color: #ff9900;\"><strong> Toote eest on v\u00f5imalik tasuda ka j\u00e4relmaksuga. T\u00e4pse info j\u00e4relmaksu v\u00f5imaluste kohta leiad ostukorvist, kui oled toote lisanud ja asud maksma. Leping s\u00f5lmitakse makseprotsessi k\u00e4igus.<\/strong><\/span><\/span><\/p>\n","protected":false},"featured_media":35419,"comment_status":"open","ping_status":"closed","template":"","meta":[],"product_brand":[],"product_cat":[1480,1054,1388,1394],"product_tag":[],"class_list":{"0":"post-35398","1":"product","2":"type-product","3":"status-publish","4":"has-post-thumbnail","6":"product_cat-kott-toolid-lastele","7":"product_cat-moobel","8":"product_cat-kott-toolid-ja-pehme-moobel","9":"product_cat-wigiwama","10":"product_shipping_class-kuller-0-00","11":"has-post-title","12":"has-post-date","13":"has-post-category","14":"has-post-tag","15":"has-post-comment","16":"has-post-author","17":"","19":"first","20":"instock","21":"sale","22":"taxable","23":"shipping-taxable","24":"purchasable","25":"product-type-variable"},"yoast_head":"<!-- This site is optimized with the Yoast SEO plugin v26.8 - https:\/\/yoast.com\/product\/yoast-seo-wordpress\/ -->\n<title>Wigiwama kott-tool Terrazzo - sulin.ee<\/title>\n<meta name=\"description\" content=\"Wigiwama kott-tool &quot;Terrazzo&quot; on stiilne ja mugav kaaslane l\u00f5\u00f5gastumiseks v\u00f5i lugemiseks. Valmistatud OEKO-TEX\u00ae ja GRS\u00ae sertifitseeritud kangast\" \/>\n<meta name=\"robots\" content=\"index, follow, max-snippet:-1, max-image-preview:large, max-video-preview:-1\" \/>\n<link rel=\"canonical\" href=\"https:\/\/sulin.ee\/en\/toode\/wigiwama-kott-tool-terrazzo\/\" \/>\n<meta property=\"og:locale\" content=\"en_US\" \/>\n<meta property=\"og:type\" content=\"article\" \/>\n<meta property=\"og:title\" content=\"Wigiwama kott-tool Terrazzo - sulin.ee\" \/>\n<meta property=\"og:description\" content=\"Wigiwama kott-tool &quot;Terrazzo&quot; on stiilne ja mugav kaaslane l\u00f5\u00f5gastumiseks v\u00f5i lugemiseks. Valmistatud OEKO-TEX\u00ae ja GRS\u00ae sertifitseeritud kangast\" \/>\n<meta property=\"og:url\" content=\"https:\/\/sulin.ee\/en\/toode\/wigiwama-kott-tool-terrazzo\/\" \/>\n<meta property=\"og:site_name\" content=\"sulin.ee\" \/>\n<meta property=\"article:publisher\" content=\"https:\/\/www.facebook.com\/www.sulin.ee\/\" \/>\n<meta property=\"article:modified_time\" content=\"2025-11-04T10:37:21+00:00\" \/>\n<meta property=\"og:image\" content=\"https:\/\/sulin.ee\/wp-content\/uploads\/2025\/01\/1.png\" \/>\n\t<meta property=\"og:image:width\" content=\"1080\" \/>\n\t<meta property=\"og:image:height\" content=\"1080\" \/>\n\t<meta property=\"og:image:type\" content=\"image\/png\" \/>\n<meta name=\"twitter:card\" content=\"summary_large_image\" \/>\n<meta name=\"twitter:label1\" content=\"Est. reading time\" \/>\n\t<meta name=\"twitter:data1\" content=\"2 minutes\" \/>\n<script type=\"application\/ld+json\" class=\"yoast-schema-graph\">{\"@context\":\"https:\/\/schema.org\",\"@graph\":[{\"@type\":\"WebPage\",\"@id\":\"https:\/\/sulin.ee\/en\/toode\/wigiwama-kott-tool-terrazzo\/\",\"url\":\"https:\/\/sulin.ee\/en\/toode\/wigiwama-kott-tool-terrazzo\/\",\"name\":\"Wigiwama kott-tool Terrazzo - sulin.ee\",\"isPartOf\":{\"@id\":\"https:\/\/sulin.ee\/en\/#website\"},\"primaryImageOfPage\":{\"@id\":\"https:\/\/sulin.ee\/en\/toode\/wigiwama-kott-tool-terrazzo\/#primaryimage\"},\"image\":{\"@id\":\"https:\/\/sulin.ee\/en\/toode\/wigiwama-kott-tool-terrazzo\/#primaryimage\"},\"thumbnailUrl\":\"https:\/\/sulin.ee\/wp-content\/uploads\/2025\/01\/1.png\",\"datePublished\":\"2025-01-01T19:00:14+00:00\",\"dateModified\":\"2025-11-04T10:37:21+00:00\",\"description\":\"Wigiwama kott-tool \\\"Terrazzo\\\" on stiilne ja mugav kaaslane l\u00f5\u00f5gastumiseks v\u00f5i lugemiseks. Valmistatud OEKO-TEX\u00ae ja GRS\u00ae sertifitseeritud kangast\",\"breadcrumb\":{\"@id\":\"https:\/\/sulin.ee\/en\/toode\/wigiwama-kott-tool-terrazzo\/#breadcrumb\"},\"inLanguage\":\"en-US\",\"potentialAction\":[{\"@type\":\"ReadAction\",\"target\":[\"https:\/\/sulin.ee\/en\/toode\/wigiwama-kott-tool-terrazzo\/\"]}]},{\"@type\":\"ImageObject\",\"inLanguage\":\"en-US\",\"@id\":\"https:\/\/sulin.ee\/en\/toode\/wigiwama-kott-tool-terrazzo\/#primaryimage\",\"url\":\"https:\/\/sulin.ee\/wp-content\/uploads\/2025\/01\/1.png\",\"contentUrl\":\"https:\/\/sulin.ee\/wp-content\/uploads\/2025\/01\/1.png\",\"width\":1080,\"height\":1080,\"caption\":\"Wigiwama kott-tool\"},{\"@type\":\"BreadcrumbList\",\"@id\":\"https:\/\/sulin.ee\/en\/toode\/wigiwama-kott-tool-terrazzo\/#breadcrumb\",\"itemListElement\":[{\"@type\":\"ListItem\",\"position\":1,\"name\":\"Home\",\"item\":\"https:\/\/sulin.ee\/en\/\"},{\"@type\":\"ListItem\",\"position\":2,\"name\":\"Sulin.ee e-pood\",\"item\":\"https:\/\/sulin.ee\/shop\/\"},{\"@type\":\"ListItem\",\"position\":3,\"name\":\"Wigiwama kott-tool Terrazzo\"}]},{\"@type\":\"WebSite\",\"@id\":\"https:\/\/sulin.ee\/en\/#website\",\"url\":\"https:\/\/sulin.ee\/en\/\",\"name\":\"sulin.ee\",\"description\":\"\",\"publisher\":{\"@id\":\"https:\/\/sulin.ee\/en\/#organization\"},\"potentialAction\":[{\"@type\":\"SearchAction\",\"target\":{\"@type\":\"EntryPoint\",\"urlTemplate\":\"https:\/\/sulin.ee\/en\/?s={search_term_string}\"},\"query-input\":{\"@type\":\"PropertyValueSpecification\",\"valueRequired\":true,\"valueName\":\"search_term_string\"}}],\"inLanguage\":\"en-US\"},{\"@type\":\"Organization\",\"@id\":\"https:\/\/sulin.ee\/en\/#organization\",\"name\":\"SULIN TRADE O\u00dc\",\"url\":\"https:\/\/sulin.ee\/en\/\",\"logo\":{\"@type\":\"ImageObject\",\"inLanguage\":\"en-US\",\"@id\":\"https:\/\/sulin.ee\/en\/#\/schema\/logo\/image\/\",\"url\":\"https:\/\/sulin.ee\/wp-content\/uploads\/2022\/11\/sulin-logo.png\",\"contentUrl\":\"https:\/\/sulin.ee\/wp-content\/uploads\/2022\/11\/sulin-logo.png\",\"width\":871,\"height\":321,\"caption\":\"SULIN TRADE O\u00dc\"},\"image\":{\"@id\":\"https:\/\/sulin.ee\/en\/#\/schema\/logo\/image\/\"},\"sameAs\":[\"https:\/\/www.facebook.com\/www.sulin.ee\/\",\"https:\/\/www.instagram.com\/sulintrade\/\"]}]}<\/script>\n<!-- \/ Yoast SEO plugin. -->","yoast_head_json":{"title":"Wigiwama kott-tool Terrazzo - sulin.ee","description":"Wigiwama kott-tool \"Terrazzo\" on stiilne ja mugav kaaslane l\u00f5\u00f5gastumiseks v\u00f5i lugemiseks. Valmistatud OEKO-TEX\u00ae ja GRS\u00ae sertifitseeritud kangast","robots":{"index":"index","follow":"follow","max-snippet":"max-snippet:-1","max-image-preview":"max-image-preview:large","max-video-preview":"max-video-preview:-1"},"canonical":"https:\/\/sulin.ee\/en\/toode\/wigiwama-kott-tool-terrazzo\/","og_locale":"en_US","og_type":"article","og_title":"Wigiwama kott-tool Terrazzo - sulin.ee","og_description":"Wigiwama kott-tool \"Terrazzo\" on stiilne ja mugav kaaslane l\u00f5\u00f5gastumiseks v\u00f5i lugemiseks. Valmistatud OEKO-TEX\u00ae ja GRS\u00ae sertifitseeritud kangast","og_url":"https:\/\/sulin.ee\/en\/toode\/wigiwama-kott-tool-terrazzo\/","og_site_name":"sulin.ee","article_publisher":"https:\/\/www.facebook.com\/www.sulin.ee\/","article_modified_time":"2025-11-04T10:37:21+00:00","og_image":[{"width":1080,"height":1080,"url":"https:\/\/sulin.ee\/wp-content\/uploads\/2025\/01\/1.png","type":"image\/png"}],"twitter_card":"summary_large_image","twitter_misc":{"Est. reading time":"2 minutes"},"schema":{"@context":"https:\/\/schema.org","@graph":[{"@type":"WebPage","@id":"https:\/\/sulin.ee\/en\/toode\/wigiwama-kott-tool-terrazzo\/","url":"https:\/\/sulin.ee\/en\/toode\/wigiwama-kott-tool-terrazzo\/","name":"Wigiwama kott-tool Terrazzo - sulin.ee","isPartOf":{"@id":"https:\/\/sulin.ee\/en\/#website"},"primaryImageOfPage":{"@id":"https:\/\/sulin.ee\/en\/toode\/wigiwama-kott-tool-terrazzo\/#primaryimage"},"image":{"@id":"https:\/\/sulin.ee\/en\/toode\/wigiwama-kott-tool-terrazzo\/#primaryimage"},"thumbnailUrl":"https:\/\/sulin.ee\/wp-content\/uploads\/2025\/01\/1.png","datePublished":"2025-01-01T19:00:14+00:00","dateModified":"2025-11-04T10:37:21+00:00","description":"Wigiwama kott-tool \"Terrazzo\" on stiilne ja mugav kaaslane l\u00f5\u00f5gastumiseks v\u00f5i lugemiseks. Valmistatud OEKO-TEX\u00ae ja GRS\u00ae sertifitseeritud kangast","breadcrumb":{"@id":"https:\/\/sulin.ee\/en\/toode\/wigiwama-kott-tool-terrazzo\/#breadcrumb"},"inLanguage":"en-US","potentialAction":[{"@type":"ReadAction","target":["https:\/\/sulin.ee\/en\/toode\/wigiwama-kott-tool-terrazzo\/"]}]},{"@type":"ImageObject","inLanguage":"en-US","@id":"https:\/\/sulin.ee\/en\/toode\/wigiwama-kott-tool-terrazzo\/#primaryimage","url":"https:\/\/sulin.ee\/wp-content\/uploads\/2025\/01\/1.png","contentUrl":"https:\/\/sulin.ee\/wp-content\/uploads\/2025\/01\/1.png","width":1080,"height":1080,"caption":"Wigiwama kott-tool"},{"@type":"BreadcrumbList","@id":"https:\/\/sulin.ee\/en\/toode\/wigiwama-kott-tool-terrazzo\/#breadcrumb","itemListElement":[{"@type":"ListItem","position":1,"name":"Home","item":"https:\/\/sulin.ee\/en\/"},{"@type":"ListItem","position":2,"name":"Sulin.ee e-pood","item":"https:\/\/sulin.ee\/shop\/"},{"@type":"ListItem","position":3,"name":"Wigiwama kott-tool Terrazzo"}]},{"@type":"WebSite","@id":"https:\/\/sulin.ee\/en\/#website","url":"https:\/\/sulin.ee\/en\/","name":"sulin.ee","description":"","publisher":{"@id":"https:\/\/sulin.ee\/en\/#organization"},"potentialAction":[{"@type":"SearchAction","target":{"@type":"EntryPoint","urlTemplate":"https:\/\/sulin.ee\/en\/?s={search_term_string}"},"query-input":{"@type":"PropertyValueSpecification","valueRequired":true,"valueName":"search_term_string"}}],"inLanguage":"en-US"},{"@type":"Organization","@id":"https:\/\/sulin.ee\/en\/#organization","name":"SULIN TRADE O\u00dc","url":"https:\/\/sulin.ee\/en\/","logo":{"@type":"ImageObject","inLanguage":"en-US","@id":"https:\/\/sulin.ee\/en\/#\/schema\/logo\/image\/","url":"https:\/\/sulin.ee\/wp-content\/uploads\/2022\/11\/sulin-logo.png","contentUrl":"https:\/\/sulin.ee\/wp-content\/uploads\/2022\/11\/sulin-logo.png","width":871,"height":321,"caption":"SULIN TRADE O\u00dc"},"image":{"@id":"https:\/\/sulin.ee\/en\/#\/schema\/logo\/image\/"},"sameAs":["https:\/\/www.facebook.com\/www.sulin.ee\/","https:\/\/www.instagram.com\/sulintrade\/"]}]}},"builder_content":"","_links":{"self":[{"href":"https:\/\/sulin.ee\/en\/wp-json\/wp\/v2\/product\/35398","targetHints":{"allow":["GET"]}}],"collection":[{"href":"https:\/\/sulin.ee\/en\/wp-json\/wp\/v2\/product"}],"about":[{"href":"https:\/\/sulin.ee\/en\/wp-json\/wp\/v2\/types\/product"}],"replies":[{"embeddable":true,"href":"https:\/\/sulin.ee\/en\/wp-json\/wp\/v2\/comments?post=35398"}],"wp:featuredmedia":[{"embeddable":true,"href":"https:\/\/sulin.ee\/en\/wp-json\/wp\/v2\/media\/35419"}],"wp:attachment":[{"href":"https:\/\/sulin.ee\/en\/wp-json\/wp\/v2\/media?parent=35398"}],"wp:term":[{"taxonomy":"product_brand","embeddable":true,"href":"https:\/\/sulin.ee\/en\/wp-json\/wp\/v2\/product_brand?post=35398"},{"taxonomy":"product_cat","embeddable":true,"href":"https:\/\/sulin.ee\/en\/wp-json\/wp\/v2\/product_cat?post=35398"},{"taxonomy":"product_tag","embeddable":true,"href":"https:\/\/sulin.ee\/en\/wp-json\/wp\/v2\/product_tag?post=35398"}],"curies":[{"name":"wp","href":"https:\/\/api.w.org\/{rel}","templated":true}]}}