{"id":35281,"date":"2025-01-01T12:26:07","date_gmt":"2025-01-01T12:26:07","guid":{"rendered":"https:\/\/sulin.ee\/?post_type=product&#038;p=35281"},"modified":"2025-09-07T21:35:32","modified_gmt":"2025-09-07T21:35:32","slug":"jollein-laste-pehme-tugitool-velvet-natural","status":"publish","type":"product","link":"https:\/\/sulin.ee\/en\/toode\/jollein-laste-pehme-tugitool-velvet-natural\/","title":{"rendered":"Jollein laste pehme tugitool Velvet &#8211; Natural"},"content":{"rendered":"<p><strong>Jollein laste pehme tugitool Velvet<\/strong> on ideaalne koht, kus v\u00e4ikesed saavad l\u00f5\u00f5gastuda, m\u00e4ngida v\u00f5i raamatuid lugeda. Trendikas velvetkangas muudab selle tugitooli hubaseks ja samas stiilseks lisandiks igasse elutuppa v\u00f5i lastetuppa. Selle pehme ja kutsuva disaini t\u00f5ttu saab laps nautida oma isiklikku m\u00f5nusat puhkenurka.<\/p>\n<p><strong>TARNE:<\/strong> 7-14 t\u00f6\u00f6p\u00e4eva<\/p>\n<p>Tugitool on loodud pakkuma mugavust ja toetust, sobitudes samal ajal erinevate sisustusstiilidega. Saadaval mitmetes kaunites toonides, mis v\u00f5imaldavad teil sobitada selle t\u00e4iuslikult oma ruumi v\u00e4rvide ja stiiliga.<\/p>\n<p><strong>Omadused<\/strong>:<\/p>\n<p>\u2705 Mugav ja pehme velvetmaterjal.<br \/>\n\u2705 Sobib l\u00f5\u00f5gastumiseks, m\u00e4ngimiseks ja lugemiseks.<br \/>\n\u2705 Trendikas disain, mis sobib igasse interj\u00f6\u00f6ri.<\/p>\n<p>\u2705 <strong>Sobib lastele vanuses 1\u20134 aastat.<\/strong><br \/>\n\u2705 <strong>M\u00f5\u00f5dud: 40 x 46 x 37 cm.<\/strong><\/p>\n<p>Stiilne ja praktiline <a href=\"https:\/\/jollein.com\/\">Jollein<\/a> laste pehme tugitool toob r\u00f5\u00f5mu ja mugavust igasse lastetuppa! <strong>Avasta ka teisi <a href=\"https:\/\/sulin.ee\/tootekategooria\/moobel\/kott-toolid-ja-pehme-moobel\/\">pehmeid ja mugavaid m\u00f6\u00f6bliesemeid<\/a><\/strong>, mis lisavad stiili ja hubasust igasse ruumi. Meie valikus leidub midagi igale lapsele ja igasse kodusse!<\/p>\n<p><strong>NB! Tegemist on eeltellitava tootega.<\/strong> Tarneaeg on 7\u201314 t\u00f6\u00f6p\u00e4eva. Kaup saadetakse kulleriga kliendi poolt sisestatud aadressile, mis peab olema t\u00e4ielik ja korrektne (sh sihtnumber, t\u00e4nava nimi, maja- v\u00f5i korterinumber ning telefoninumber).<\/p>\n","protected":false},"excerpt":{"rendered":"<p><strong>Tegemist on eeltellitava tootega. Kaup saadetakse kulleriga kliendi poolt sisestatud aadressile, mis peab olema t\u00e4ielik ja korrektne (sh sihtnumber, t\u00e4nava nimi, maja- v\u00f5i korterinumber ning telefoninumber).<\/strong><\/p>\n<p><strong>TARNE:<\/strong> 7-14 t\u00f6\u00f6p\u00e4eva<\/p>\n","protected":false},"featured_media":35617,"comment_status":"open","ping_status":"closed","template":"","meta":[],"product_brand":[],"product_cat":[1054,1388,776],"product_tag":[],"class_list":{"0":"post-35281","1":"product","2":"type-product","3":"status-publish","4":"has-post-thumbnail","6":"product_cat-moobel","7":"product_cat-kott-toolid-ja-pehme-moobel","8":"product_cat-jollein-2","9":"has-post-title","10":"has-post-date","11":"has-post-category","12":"has-post-tag","13":"has-post-comment","14":"has-post-author","15":"","17":"first","18":"instock","19":"sale","20":"taxable","21":"shipping-taxable","22":"purchasable","23":"product-type-simple"},"yoast_head":"<!-- This site is optimized with the Yoast SEO plugin v26.8 - https:\/\/yoast.com\/product\/yoast-seo-wordpress\/ -->\n<title>Jollein laste pehme tugitool Velvet - Natural - sulin.ee<\/title>\n<meta name=\"description\" content=\"Jollein laste pehme tugitool on mugav ja praktiline istumispaik lastele vanuses 1\u20134 aastat. Kerge ja lihtsasti puhastatav tugitool.\" \/>\n<meta name=\"robots\" content=\"index, follow, max-snippet:-1, max-image-preview:large, max-video-preview:-1\" \/>\n<link rel=\"canonical\" href=\"https:\/\/sulin.ee\/en\/toode\/jollein-laste-pehme-tugitool-velvet-natural\/\" \/>\n<meta property=\"og:locale\" content=\"en_US\" \/>\n<meta property=\"og:type\" content=\"article\" \/>\n<meta property=\"og:title\" content=\"Jollein laste pehme tugitool Velvet - Natural - sulin.ee\" \/>\n<meta property=\"og:description\" content=\"Jollein laste pehme tugitool on mugav ja praktiline istumispaik lastele vanuses 1\u20134 aastat. Kerge ja lihtsasti puhastatav tugitool.\" \/>\n<meta property=\"og:url\" content=\"https:\/\/sulin.ee\/en\/toode\/jollein-laste-pehme-tugitool-velvet-natural\/\" \/>\n<meta property=\"og:site_name\" content=\"sulin.ee\" \/>\n<meta property=\"article:publisher\" content=\"https:\/\/www.facebook.com\/www.sulin.ee\/\" \/>\n<meta property=\"article:modified_time\" content=\"2025-09-07T21:35:32+00:00\" \/>\n<meta property=\"og:image\" content=\"https:\/\/sulin.ee\/wp-content\/uploads\/2025\/01\/2-7.png\" \/>\n\t<meta property=\"og:image:width\" content=\"1080\" \/>\n\t<meta property=\"og:image:height\" content=\"1080\" \/>\n\t<meta property=\"og:image:type\" content=\"image\/png\" \/>\n<meta name=\"twitter:card\" content=\"summary_large_image\" \/>\n<meta name=\"twitter:label1\" content=\"Est. reading time\" \/>\n\t<meta name=\"twitter:data1\" content=\"2 minutes\" \/>\n<script type=\"application\/ld+json\" class=\"yoast-schema-graph\">{\"@context\":\"https:\/\/schema.org\",\"@graph\":[{\"@type\":\"WebPage\",\"@id\":\"https:\/\/sulin.ee\/en\/toode\/jollein-laste-pehme-tugitool-velvet-natural\/\",\"url\":\"https:\/\/sulin.ee\/en\/toode\/jollein-laste-pehme-tugitool-velvet-natural\/\",\"name\":\"Jollein laste pehme tugitool Velvet - Natural - sulin.ee\",\"isPartOf\":{\"@id\":\"https:\/\/sulin.ee\/en\/#website\"},\"primaryImageOfPage\":{\"@id\":\"https:\/\/sulin.ee\/en\/toode\/jollein-laste-pehme-tugitool-velvet-natural\/#primaryimage\"},\"image\":{\"@id\":\"https:\/\/sulin.ee\/en\/toode\/jollein-laste-pehme-tugitool-velvet-natural\/#primaryimage\"},\"thumbnailUrl\":\"https:\/\/sulin.ee\/wp-content\/uploads\/2025\/01\/2-7.png\",\"datePublished\":\"2025-01-01T12:26:07+00:00\",\"dateModified\":\"2025-09-07T21:35:32+00:00\",\"description\":\"Jollein laste pehme tugitool on mugav ja praktiline istumispaik lastele vanuses 1\u20134 aastat. Kerge ja lihtsasti puhastatav tugitool.\",\"breadcrumb\":{\"@id\":\"https:\/\/sulin.ee\/en\/toode\/jollein-laste-pehme-tugitool-velvet-natural\/#breadcrumb\"},\"inLanguage\":\"en-US\",\"potentialAction\":[{\"@type\":\"ReadAction\",\"target\":[\"https:\/\/sulin.ee\/en\/toode\/jollein-laste-pehme-tugitool-velvet-natural\/\"]}]},{\"@type\":\"ImageObject\",\"inLanguage\":\"en-US\",\"@id\":\"https:\/\/sulin.ee\/en\/toode\/jollein-laste-pehme-tugitool-velvet-natural\/#primaryimage\",\"url\":\"https:\/\/sulin.ee\/wp-content\/uploads\/2025\/01\/2-7.png\",\"contentUrl\":\"https:\/\/sulin.ee\/wp-content\/uploads\/2025\/01\/2-7.png\",\"width\":1080,\"height\":1080,\"caption\":\"Jollein laste pehme tugitool\"},{\"@type\":\"BreadcrumbList\",\"@id\":\"https:\/\/sulin.ee\/en\/toode\/jollein-laste-pehme-tugitool-velvet-natural\/#breadcrumb\",\"itemListElement\":[{\"@type\":\"ListItem\",\"position\":1,\"name\":\"Home\",\"item\":\"https:\/\/sulin.ee\/en\/\"},{\"@type\":\"ListItem\",\"position\":2,\"name\":\"Sulin.ee e-pood\",\"item\":\"https:\/\/sulin.ee\/shop\/\"},{\"@type\":\"ListItem\",\"position\":3,\"name\":\"Jollein laste pehme tugitool Velvet &#8211; Natural\"}]},{\"@type\":\"WebSite\",\"@id\":\"https:\/\/sulin.ee\/en\/#website\",\"url\":\"https:\/\/sulin.ee\/en\/\",\"name\":\"sulin.ee\",\"description\":\"\",\"publisher\":{\"@id\":\"https:\/\/sulin.ee\/en\/#organization\"},\"potentialAction\":[{\"@type\":\"SearchAction\",\"target\":{\"@type\":\"EntryPoint\",\"urlTemplate\":\"https:\/\/sulin.ee\/en\/?s={search_term_string}\"},\"query-input\":{\"@type\":\"PropertyValueSpecification\",\"valueRequired\":true,\"valueName\":\"search_term_string\"}}],\"inLanguage\":\"en-US\"},{\"@type\":\"Organization\",\"@id\":\"https:\/\/sulin.ee\/en\/#organization\",\"name\":\"SULIN TRADE O\u00dc\",\"url\":\"https:\/\/sulin.ee\/en\/\",\"logo\":{\"@type\":\"ImageObject\",\"inLanguage\":\"en-US\",\"@id\":\"https:\/\/sulin.ee\/en\/#\/schema\/logo\/image\/\",\"url\":\"https:\/\/sulin.ee\/wp-content\/uploads\/2022\/11\/sulin-logo.png\",\"contentUrl\":\"https:\/\/sulin.ee\/wp-content\/uploads\/2022\/11\/sulin-logo.png\",\"width\":871,\"height\":321,\"caption\":\"SULIN TRADE O\u00dc\"},\"image\":{\"@id\":\"https:\/\/sulin.ee\/en\/#\/schema\/logo\/image\/\"},\"sameAs\":[\"https:\/\/www.facebook.com\/www.sulin.ee\/\",\"https:\/\/www.instagram.com\/sulintrade\/\"]}]}<\/script>\n<!-- \/ Yoast SEO plugin. -->","yoast_head_json":{"title":"Jollein laste pehme tugitool Velvet - Natural - sulin.ee","description":"Jollein laste pehme tugitool on mugav ja praktiline istumispaik lastele vanuses 1\u20134 aastat. Kerge ja lihtsasti puhastatav tugitool.","robots":{"index":"index","follow":"follow","max-snippet":"max-snippet:-1","max-image-preview":"max-image-preview:large","max-video-preview":"max-video-preview:-1"},"canonical":"https:\/\/sulin.ee\/en\/toode\/jollein-laste-pehme-tugitool-velvet-natural\/","og_locale":"en_US","og_type":"article","og_title":"Jollein laste pehme tugitool Velvet - Natural - sulin.ee","og_description":"Jollein laste pehme tugitool on mugav ja praktiline istumispaik lastele vanuses 1\u20134 aastat. Kerge ja lihtsasti puhastatav tugitool.","og_url":"https:\/\/sulin.ee\/en\/toode\/jollein-laste-pehme-tugitool-velvet-natural\/","og_site_name":"sulin.ee","article_publisher":"https:\/\/www.facebook.com\/www.sulin.ee\/","article_modified_time":"2025-09-07T21:35:32+00:00","og_image":[{"width":1080,"height":1080,"url":"https:\/\/sulin.ee\/wp-content\/uploads\/2025\/01\/2-7.png","type":"image\/png"}],"twitter_card":"summary_large_image","twitter_misc":{"Est. reading time":"2 minutes"},"schema":{"@context":"https:\/\/schema.org","@graph":[{"@type":"WebPage","@id":"https:\/\/sulin.ee\/en\/toode\/jollein-laste-pehme-tugitool-velvet-natural\/","url":"https:\/\/sulin.ee\/en\/toode\/jollein-laste-pehme-tugitool-velvet-natural\/","name":"Jollein laste pehme tugitool Velvet - Natural - sulin.ee","isPartOf":{"@id":"https:\/\/sulin.ee\/en\/#website"},"primaryImageOfPage":{"@id":"https:\/\/sulin.ee\/en\/toode\/jollein-laste-pehme-tugitool-velvet-natural\/#primaryimage"},"image":{"@id":"https:\/\/sulin.ee\/en\/toode\/jollein-laste-pehme-tugitool-velvet-natural\/#primaryimage"},"thumbnailUrl":"https:\/\/sulin.ee\/wp-content\/uploads\/2025\/01\/2-7.png","datePublished":"2025-01-01T12:26:07+00:00","dateModified":"2025-09-07T21:35:32+00:00","description":"Jollein laste pehme tugitool on mugav ja praktiline istumispaik lastele vanuses 1\u20134 aastat. Kerge ja lihtsasti puhastatav tugitool.","breadcrumb":{"@id":"https:\/\/sulin.ee\/en\/toode\/jollein-laste-pehme-tugitool-velvet-natural\/#breadcrumb"},"inLanguage":"en-US","potentialAction":[{"@type":"ReadAction","target":["https:\/\/sulin.ee\/en\/toode\/jollein-laste-pehme-tugitool-velvet-natural\/"]}]},{"@type":"ImageObject","inLanguage":"en-US","@id":"https:\/\/sulin.ee\/en\/toode\/jollein-laste-pehme-tugitool-velvet-natural\/#primaryimage","url":"https:\/\/sulin.ee\/wp-content\/uploads\/2025\/01\/2-7.png","contentUrl":"https:\/\/sulin.ee\/wp-content\/uploads\/2025\/01\/2-7.png","width":1080,"height":1080,"caption":"Jollein laste pehme tugitool"},{"@type":"BreadcrumbList","@id":"https:\/\/sulin.ee\/en\/toode\/jollein-laste-pehme-tugitool-velvet-natural\/#breadcrumb","itemListElement":[{"@type":"ListItem","position":1,"name":"Home","item":"https:\/\/sulin.ee\/en\/"},{"@type":"ListItem","position":2,"name":"Sulin.ee e-pood","item":"https:\/\/sulin.ee\/shop\/"},{"@type":"ListItem","position":3,"name":"Jollein laste pehme tugitool Velvet &#8211; Natural"}]},{"@type":"WebSite","@id":"https:\/\/sulin.ee\/en\/#website","url":"https:\/\/sulin.ee\/en\/","name":"sulin.ee","description":"","publisher":{"@id":"https:\/\/sulin.ee\/en\/#organization"},"potentialAction":[{"@type":"SearchAction","target":{"@type":"EntryPoint","urlTemplate":"https:\/\/sulin.ee\/en\/?s={search_term_string}"},"query-input":{"@type":"PropertyValueSpecification","valueRequired":true,"valueName":"search_term_string"}}],"inLanguage":"en-US"},{"@type":"Organization","@id":"https:\/\/sulin.ee\/en\/#organization","name":"SULIN TRADE O\u00dc","url":"https:\/\/sulin.ee\/en\/","logo":{"@type":"ImageObject","inLanguage":"en-US","@id":"https:\/\/sulin.ee\/en\/#\/schema\/logo\/image\/","url":"https:\/\/sulin.ee\/wp-content\/uploads\/2022\/11\/sulin-logo.png","contentUrl":"https:\/\/sulin.ee\/wp-content\/uploads\/2022\/11\/sulin-logo.png","width":871,"height":321,"caption":"SULIN TRADE O\u00dc"},"image":{"@id":"https:\/\/sulin.ee\/en\/#\/schema\/logo\/image\/"},"sameAs":["https:\/\/www.facebook.com\/www.sulin.ee\/","https:\/\/www.instagram.com\/sulintrade\/"]}]}},"builder_content":"","_links":{"self":[{"href":"https:\/\/sulin.ee\/en\/wp-json\/wp\/v2\/product\/35281","targetHints":{"allow":["GET"]}}],"collection":[{"href":"https:\/\/sulin.ee\/en\/wp-json\/wp\/v2\/product"}],"about":[{"href":"https:\/\/sulin.ee\/en\/wp-json\/wp\/v2\/types\/product"}],"replies":[{"embeddable":true,"href":"https:\/\/sulin.ee\/en\/wp-json\/wp\/v2\/comments?post=35281"}],"wp:featuredmedia":[{"embeddable":true,"href":"https:\/\/sulin.ee\/en\/wp-json\/wp\/v2\/media\/35617"}],"wp:attachment":[{"href":"https:\/\/sulin.ee\/en\/wp-json\/wp\/v2\/media?parent=35281"}],"wp:term":[{"taxonomy":"product_brand","embeddable":true,"href":"https:\/\/sulin.ee\/en\/wp-json\/wp\/v2\/product_brand?post=35281"},{"taxonomy":"product_cat","embeddable":true,"href":"https:\/\/sulin.ee\/en\/wp-json\/wp\/v2\/product_cat?post=35281"},{"taxonomy":"product_tag","embeddable":true,"href":"https:\/\/sulin.ee\/en\/wp-json\/wp\/v2\/product_tag?post=35281"}],"curies":[{"name":"wp","href":"https:\/\/api.w.org\/{rel}","templated":true}]}}