{"id":35097,"date":"2024-12-21T14:13:58","date_gmt":"2024-12-21T14:13:58","guid":{"rendered":"https:\/\/sulin.ee\/?post_type=product&#038;p=35097"},"modified":"2025-09-07T21:35:40","modified_gmt":"2025-09-07T21:35:40","slug":"little-dutch-talvine-magamiskott-flowers-butterflies","status":"publish","type":"product","link":"https:\/\/sulin.ee\/en\/toode\/little-dutch-talvine-magamiskott-flowers-butterflies\/","title":{"rendered":"Little Dutch talvine magamiskott &#8220;Flowers &#038; Butterflies&#8221;"},"content":{"rendered":"<p><strong>Little Dutch talvine magamiskott &#8220;Flowers &amp; Butterflies&#8221;<\/strong> tagab teie beebile turvalise ja sooja une ka k\u00fclmadel \u00f6\u00f6del. See kaunis magamiskott on ideaalne lahendus, et v\u00e4ltida beebi teki alla j\u00e4\u00e4mist v\u00f5i selle \u00fcle pea t\u00f5mbamist. Mugav disain piirab beebi voodis \u00fcmberkeeramist, aidates tagada rahulikuma une.<\/p>\n<p>T\u00f5mblukk sulgub \u00fclevalt alla, pakkudes lihtsat ja mugavat kasutuskogemust. Eemaldatavad varrukad muudavad magamiskoti mitmek\u00fclgseks, v\u00f5imaldades seda kohandada vastavalt toatemperatuurile.<\/p>\n<p><strong>Omadused:<\/strong><br \/>\n\u2705 Turvaline ja mugav magamiskott beebile<br \/>\n\u2705 Eemaldatavad varrukad ja praktiline t\u00f5mblukk<br \/>\n\u2705 V\u00e4limine kiht valmistatud 100% puuvillast, mis on pehme ja nahas\u00f5bralik<br \/>\n\u2705 Vastab <strong>\u00d6KO-TEX\u00ae STANDARD 100<\/strong> n\u00f5uetele, tagades materjalide ohutuse ja kvaliteedi<\/p>\n<p><strong>Materjal:<\/strong> v\u00e4limine kangas 100% puuvillast, pehmendus 100% pol\u00fcester.<\/p>\n<p><strong>M\u00f5\u00f5tmed:<\/strong> 70 cm<br \/>\n<strong>TOG:<\/strong> 2.5<\/p>\n<p><strong><a href=\"https:\/\/www.little-dutch.com\/en\">Little Dutch<\/a> talvine magamiskott &#8220;Flowers &amp; Butterflies&#8221;<\/strong> on ideaalne valik, et pakkuda teie beebile mugavust ja soojust igal \u00f6\u00f6l!<\/p>\n<p><strong>Avasta ka meie teised<a href=\"https:\/\/sulin.ee\/tootekategooria\/beebile\/magamine-beebi\/magamiskotid\/\"> magamiskotid<\/a><\/strong>, mis pakuvad turvalist ja mugavat unekeskkonda igale beebile!<\/p>\n<p><strong>Mis on TOG 2.5?<\/strong><br \/>\nTOG (Thermal Overall Grade) on m\u00f5\u00f5t\u00fchik, mis n\u00e4itab magamiskoti soojust. <strong>TOG 2.5<\/strong> on ideaalne ja keskmine v\u00e4\u00e4rtus k\u00fclmemateks ruumitemperatuurideks, j\u00e4\u00e4des vahemikku <strong>16\u201320\u00b0C<\/strong>. See t\u00e4hendab, et magamiskott hoiab beebi m\u00f5nusalt soojas, ilma et oleks vajadust t\u00e4iendava teki j\u00e4rele. Sobib suurep\u00e4raselt kasutamiseks s\u00fcgisel, talvel ja jahedamatel \u00f6\u00f6del.<\/p>\n","protected":false},"excerpt":{"rendered":"<p><strong>Talvine magamiskott &#8220;Flowers &amp; Butterflies&#8221; hoiab teie beebi mugavalt ja turvaliselt soojas, aidates tagada rahuliku une. Eemaldatavad varrukad ja praktiline t\u00f5mblukk v\u00f5imaldavad magamiskotti kohandada vastavalt vajadusele. Valmistatud pehmest ja nahas\u00f5bralikust 100% puuvillast.<\/strong><\/p>\n","protected":false},"featured_media":35098,"comment_status":"open","ping_status":"closed","template":"","meta":[],"product_brand":[],"product_cat":[179,777,809,1217],"product_tag":[],"class_list":{"0":"post-35097","1":"product","2":"type-product","3":"status-publish","4":"has-post-thumbnail","6":"product_cat-beebile","7":"product_cat-beebi-uni-ja-magamine","8":"product_cat-magamiskotid","9":"product_cat-little-dutch","10":"has-post-title","11":"has-post-date","12":"has-post-category","13":"has-post-tag","14":"has-post-comment","15":"has-post-author","16":"","18":"first","19":"instock","20":"sale","21":"taxable","22":"shipping-taxable","23":"purchasable","24":"product-type-variable"},"yoast_head":"<!-- This site is optimized with the Yoast SEO plugin v26.8 - https:\/\/yoast.com\/product\/yoast-seo-wordpress\/ -->\n<title>Little Dutch talvine magamiskott &quot;Flowers &amp; Butterflies&quot; - sulin.ee<\/title>\n<meta name=\"description\" content=\"Little Dutch talvine magamiskott &quot;Flowers &amp; Butterflies&quot; hoiab teie beebi mugavalt ja turvaliselt soojas, aidates tagada rahuliku une. Eemaldatavad varrukad\" \/>\n<meta name=\"robots\" content=\"index, follow, max-snippet:-1, max-image-preview:large, max-video-preview:-1\" \/>\n<link rel=\"canonical\" href=\"https:\/\/sulin.ee\/en\/toode\/little-dutch-talvine-magamiskott-flowers-butterflies\/\" \/>\n<meta property=\"og:locale\" content=\"en_US\" \/>\n<meta property=\"og:type\" content=\"article\" \/>\n<meta property=\"og:title\" content=\"Little Dutch talvine magamiskott &quot;Flowers &amp; Butterflies&quot; - sulin.ee\" \/>\n<meta property=\"og:description\" content=\"Little Dutch talvine magamiskott &quot;Flowers &amp; Butterflies&quot; hoiab teie beebi mugavalt ja turvaliselt soojas, aidates tagada rahuliku une. Eemaldatavad varrukad\" \/>\n<meta property=\"og:url\" content=\"https:\/\/sulin.ee\/en\/toode\/little-dutch-talvine-magamiskott-flowers-butterflies\/\" \/>\n<meta property=\"og:site_name\" content=\"sulin.ee\" \/>\n<meta property=\"article:publisher\" content=\"https:\/\/www.facebook.com\/www.sulin.ee\/\" \/>\n<meta property=\"article:modified_time\" content=\"2025-09-07T21:35:40+00:00\" \/>\n<meta property=\"og:image\" content=\"https:\/\/sulin.ee\/wp-content\/uploads\/2024\/12\/11621450-1.jpg\" \/>\n\t<meta property=\"og:image:width\" content=\"640\" \/>\n\t<meta property=\"og:image:height\" content=\"640\" \/>\n\t<meta property=\"og:image:type\" content=\"image\/jpeg\" \/>\n<meta name=\"twitter:card\" content=\"summary_large_image\" \/>\n<meta name=\"twitter:label1\" content=\"Est. reading time\" \/>\n\t<meta name=\"twitter:data1\" content=\"2 minutes\" \/>\n<script type=\"application\/ld+json\" class=\"yoast-schema-graph\">{\"@context\":\"https:\/\/schema.org\",\"@graph\":[{\"@type\":\"WebPage\",\"@id\":\"https:\/\/sulin.ee\/en\/toode\/little-dutch-talvine-magamiskott-flowers-butterflies\/\",\"url\":\"https:\/\/sulin.ee\/en\/toode\/little-dutch-talvine-magamiskott-flowers-butterflies\/\",\"name\":\"Little Dutch talvine magamiskott \\\"Flowers & Butterflies\\\" - sulin.ee\",\"isPartOf\":{\"@id\":\"https:\/\/sulin.ee\/en\/#website\"},\"primaryImageOfPage\":{\"@id\":\"https:\/\/sulin.ee\/en\/toode\/little-dutch-talvine-magamiskott-flowers-butterflies\/#primaryimage\"},\"image\":{\"@id\":\"https:\/\/sulin.ee\/en\/toode\/little-dutch-talvine-magamiskott-flowers-butterflies\/#primaryimage\"},\"thumbnailUrl\":\"https:\/\/sulin.ee\/wp-content\/uploads\/2024\/12\/11621450-1.jpg\",\"datePublished\":\"2024-12-21T14:13:58+00:00\",\"dateModified\":\"2025-09-07T21:35:40+00:00\",\"description\":\"Little Dutch talvine magamiskott \\\"Flowers & Butterflies\\\" hoiab teie beebi mugavalt ja turvaliselt soojas, aidates tagada rahuliku une. Eemaldatavad varrukad\",\"breadcrumb\":{\"@id\":\"https:\/\/sulin.ee\/en\/toode\/little-dutch-talvine-magamiskott-flowers-butterflies\/#breadcrumb\"},\"inLanguage\":\"en-US\",\"potentialAction\":[{\"@type\":\"ReadAction\",\"target\":[\"https:\/\/sulin.ee\/en\/toode\/little-dutch-talvine-magamiskott-flowers-butterflies\/\"]}]},{\"@type\":\"ImageObject\",\"inLanguage\":\"en-US\",\"@id\":\"https:\/\/sulin.ee\/en\/toode\/little-dutch-talvine-magamiskott-flowers-butterflies\/#primaryimage\",\"url\":\"https:\/\/sulin.ee\/wp-content\/uploads\/2024\/12\/11621450-1.jpg\",\"contentUrl\":\"https:\/\/sulin.ee\/wp-content\/uploads\/2024\/12\/11621450-1.jpg\",\"width\":640,\"height\":640,\"caption\":\"Litte Dutch talvine magamiskott \\\"Flowers & Butterflies\\\"\"},{\"@type\":\"BreadcrumbList\",\"@id\":\"https:\/\/sulin.ee\/en\/toode\/little-dutch-talvine-magamiskott-flowers-butterflies\/#breadcrumb\",\"itemListElement\":[{\"@type\":\"ListItem\",\"position\":1,\"name\":\"Home\",\"item\":\"https:\/\/sulin.ee\/en\/\"},{\"@type\":\"ListItem\",\"position\":2,\"name\":\"Sulin.ee e-pood\",\"item\":\"https:\/\/sulin.ee\/shop\/\"},{\"@type\":\"ListItem\",\"position\":3,\"name\":\"Little Dutch talvine magamiskott &#8220;Flowers &#038; Butterflies&#8221;\"}]},{\"@type\":\"WebSite\",\"@id\":\"https:\/\/sulin.ee\/en\/#website\",\"url\":\"https:\/\/sulin.ee\/en\/\",\"name\":\"sulin.ee\",\"description\":\"\",\"publisher\":{\"@id\":\"https:\/\/sulin.ee\/en\/#organization\"},\"potentialAction\":[{\"@type\":\"SearchAction\",\"target\":{\"@type\":\"EntryPoint\",\"urlTemplate\":\"https:\/\/sulin.ee\/en\/?s={search_term_string}\"},\"query-input\":{\"@type\":\"PropertyValueSpecification\",\"valueRequired\":true,\"valueName\":\"search_term_string\"}}],\"inLanguage\":\"en-US\"},{\"@type\":\"Organization\",\"@id\":\"https:\/\/sulin.ee\/en\/#organization\",\"name\":\"SULIN TRADE O\u00dc\",\"url\":\"https:\/\/sulin.ee\/en\/\",\"logo\":{\"@type\":\"ImageObject\",\"inLanguage\":\"en-US\",\"@id\":\"https:\/\/sulin.ee\/en\/#\/schema\/logo\/image\/\",\"url\":\"https:\/\/sulin.ee\/wp-content\/uploads\/2022\/11\/sulin-logo.png\",\"contentUrl\":\"https:\/\/sulin.ee\/wp-content\/uploads\/2022\/11\/sulin-logo.png\",\"width\":871,\"height\":321,\"caption\":\"SULIN TRADE O\u00dc\"},\"image\":{\"@id\":\"https:\/\/sulin.ee\/en\/#\/schema\/logo\/image\/\"},\"sameAs\":[\"https:\/\/www.facebook.com\/www.sulin.ee\/\",\"https:\/\/www.instagram.com\/sulintrade\/\"]}]}<\/script>\n<!-- \/ Yoast SEO plugin. -->","yoast_head_json":{"title":"Little Dutch talvine magamiskott \"Flowers & Butterflies\" - sulin.ee","description":"Little Dutch talvine magamiskott \"Flowers & Butterflies\" hoiab teie beebi mugavalt ja turvaliselt soojas, aidates tagada rahuliku une. Eemaldatavad varrukad","robots":{"index":"index","follow":"follow","max-snippet":"max-snippet:-1","max-image-preview":"max-image-preview:large","max-video-preview":"max-video-preview:-1"},"canonical":"https:\/\/sulin.ee\/en\/toode\/little-dutch-talvine-magamiskott-flowers-butterflies\/","og_locale":"en_US","og_type":"article","og_title":"Little Dutch talvine magamiskott \"Flowers & Butterflies\" - sulin.ee","og_description":"Little Dutch talvine magamiskott \"Flowers & Butterflies\" hoiab teie beebi mugavalt ja turvaliselt soojas, aidates tagada rahuliku une. Eemaldatavad varrukad","og_url":"https:\/\/sulin.ee\/en\/toode\/little-dutch-talvine-magamiskott-flowers-butterflies\/","og_site_name":"sulin.ee","article_publisher":"https:\/\/www.facebook.com\/www.sulin.ee\/","article_modified_time":"2025-09-07T21:35:40+00:00","og_image":[{"width":640,"height":640,"url":"https:\/\/sulin.ee\/wp-content\/uploads\/2024\/12\/11621450-1.jpg","type":"image\/jpeg"}],"twitter_card":"summary_large_image","twitter_misc":{"Est. reading time":"2 minutes"},"schema":{"@context":"https:\/\/schema.org","@graph":[{"@type":"WebPage","@id":"https:\/\/sulin.ee\/en\/toode\/little-dutch-talvine-magamiskott-flowers-butterflies\/","url":"https:\/\/sulin.ee\/en\/toode\/little-dutch-talvine-magamiskott-flowers-butterflies\/","name":"Little Dutch talvine magamiskott \"Flowers & Butterflies\" - sulin.ee","isPartOf":{"@id":"https:\/\/sulin.ee\/en\/#website"},"primaryImageOfPage":{"@id":"https:\/\/sulin.ee\/en\/toode\/little-dutch-talvine-magamiskott-flowers-butterflies\/#primaryimage"},"image":{"@id":"https:\/\/sulin.ee\/en\/toode\/little-dutch-talvine-magamiskott-flowers-butterflies\/#primaryimage"},"thumbnailUrl":"https:\/\/sulin.ee\/wp-content\/uploads\/2024\/12\/11621450-1.jpg","datePublished":"2024-12-21T14:13:58+00:00","dateModified":"2025-09-07T21:35:40+00:00","description":"Little Dutch talvine magamiskott \"Flowers & Butterflies\" hoiab teie beebi mugavalt ja turvaliselt soojas, aidates tagada rahuliku une. Eemaldatavad varrukad","breadcrumb":{"@id":"https:\/\/sulin.ee\/en\/toode\/little-dutch-talvine-magamiskott-flowers-butterflies\/#breadcrumb"},"inLanguage":"en-US","potentialAction":[{"@type":"ReadAction","target":["https:\/\/sulin.ee\/en\/toode\/little-dutch-talvine-magamiskott-flowers-butterflies\/"]}]},{"@type":"ImageObject","inLanguage":"en-US","@id":"https:\/\/sulin.ee\/en\/toode\/little-dutch-talvine-magamiskott-flowers-butterflies\/#primaryimage","url":"https:\/\/sulin.ee\/wp-content\/uploads\/2024\/12\/11621450-1.jpg","contentUrl":"https:\/\/sulin.ee\/wp-content\/uploads\/2024\/12\/11621450-1.jpg","width":640,"height":640,"caption":"Litte Dutch talvine magamiskott \"Flowers & Butterflies\""},{"@type":"BreadcrumbList","@id":"https:\/\/sulin.ee\/en\/toode\/little-dutch-talvine-magamiskott-flowers-butterflies\/#breadcrumb","itemListElement":[{"@type":"ListItem","position":1,"name":"Home","item":"https:\/\/sulin.ee\/en\/"},{"@type":"ListItem","position":2,"name":"Sulin.ee e-pood","item":"https:\/\/sulin.ee\/shop\/"},{"@type":"ListItem","position":3,"name":"Little Dutch talvine magamiskott &#8220;Flowers &#038; Butterflies&#8221;"}]},{"@type":"WebSite","@id":"https:\/\/sulin.ee\/en\/#website","url":"https:\/\/sulin.ee\/en\/","name":"sulin.ee","description":"","publisher":{"@id":"https:\/\/sulin.ee\/en\/#organization"},"potentialAction":[{"@type":"SearchAction","target":{"@type":"EntryPoint","urlTemplate":"https:\/\/sulin.ee\/en\/?s={search_term_string}"},"query-input":{"@type":"PropertyValueSpecification","valueRequired":true,"valueName":"search_term_string"}}],"inLanguage":"en-US"},{"@type":"Organization","@id":"https:\/\/sulin.ee\/en\/#organization","name":"SULIN TRADE O\u00dc","url":"https:\/\/sulin.ee\/en\/","logo":{"@type":"ImageObject","inLanguage":"en-US","@id":"https:\/\/sulin.ee\/en\/#\/schema\/logo\/image\/","url":"https:\/\/sulin.ee\/wp-content\/uploads\/2022\/11\/sulin-logo.png","contentUrl":"https:\/\/sulin.ee\/wp-content\/uploads\/2022\/11\/sulin-logo.png","width":871,"height":321,"caption":"SULIN TRADE O\u00dc"},"image":{"@id":"https:\/\/sulin.ee\/en\/#\/schema\/logo\/image\/"},"sameAs":["https:\/\/www.facebook.com\/www.sulin.ee\/","https:\/\/www.instagram.com\/sulintrade\/"]}]}},"builder_content":"","_links":{"self":[{"href":"https:\/\/sulin.ee\/en\/wp-json\/wp\/v2\/product\/35097","targetHints":{"allow":["GET"]}}],"collection":[{"href":"https:\/\/sulin.ee\/en\/wp-json\/wp\/v2\/product"}],"about":[{"href":"https:\/\/sulin.ee\/en\/wp-json\/wp\/v2\/types\/product"}],"replies":[{"embeddable":true,"href":"https:\/\/sulin.ee\/en\/wp-json\/wp\/v2\/comments?post=35097"}],"wp:featuredmedia":[{"embeddable":true,"href":"https:\/\/sulin.ee\/en\/wp-json\/wp\/v2\/media\/35098"}],"wp:attachment":[{"href":"https:\/\/sulin.ee\/en\/wp-json\/wp\/v2\/media?parent=35097"}],"wp:term":[{"taxonomy":"product_brand","embeddable":true,"href":"https:\/\/sulin.ee\/en\/wp-json\/wp\/v2\/product_brand?post=35097"},{"taxonomy":"product_cat","embeddable":true,"href":"https:\/\/sulin.ee\/en\/wp-json\/wp\/v2\/product_cat?post=35097"},{"taxonomy":"product_tag","embeddable":true,"href":"https:\/\/sulin.ee\/en\/wp-json\/wp\/v2\/product_tag?post=35097"}],"curies":[{"name":"wp","href":"https:\/\/api.w.org\/{rel}","templated":true}]}}