{"id":35021,"date":"2024-12-21T13:11:50","date_gmt":"2024-12-21T13:11:50","guid":{"rendered":"https:\/\/sulin.ee\/?post_type=product&#038;p=35021"},"modified":"2025-09-07T21:35:54","modified_gmt":"2025-09-07T21:35:54","slug":"little-dutch-tegevusspiraal-kiikuv-rebane-forest-friends","status":"publish","type":"product","link":"https:\/\/sulin.ee\/en\/toode\/little-dutch-tegevusspiraal-kiikuv-rebane-forest-friends\/","title":{"rendered":"Little Dutch Tegevusspiraal kiikuv rebane &#8220;Forest Friends&#8221;"},"content":{"rendered":"<p><strong>Little Dutch Tegevusspiraal kiikuv rebane &#8220;Forest Friends&#8221;<\/strong> toob m\u00e4nguaega metsamaagia ja arendava l\u00f5bu! Laps saab liigutada puidust kujundeid \u2013 lehti, k\u00e4bisid ja seeni \u2013 spiraalselt \u00fcmber kiikuva rebase, mis tantsiskleb \u00f5rnalt l\u00fckkamisel l\u00e4bi v\u00f5lumaailma.<\/p>\n<p>See v\u00f5luv m\u00e4nguasi arendab lapse motoorseid oskusi ja k\u00e4e-silma koordinatsiooni, pakkudes samal ajal loovust ja m\u00e4ngulist suhtlust. Kiikuva rebase liikumine ja spiraalsed kujundid muudavad m\u00e4ngu p\u00f5nevaks ning kaasahaaravaks.<\/p>\n<p><strong>Omadused:<\/strong><br \/>\n\u2705 Stimuleerib motoorseid oskusi ja k\u00e4e-silma koordinatsiooni<br \/>\n\u2705 &#8220;Forest Friends&#8221; kollektsiooni inspireeritud kaunid detailid<br \/>\n\u2705 Kiikuv rebane lisab m\u00e4ngule liikumisr\u00f5\u00f5mu<\/p>\n<p><strong>M\u00f5\u00f5tmed:<\/strong> 13,7 x 8,5 x 15,3 cm<br \/>\n<strong>Materjal:<\/strong> Puit FSC<br \/>\n<strong>Vanus:<\/strong> Sobib lastele alates 12. elukuust<\/p>\n<p><strong><a href=\"https:\/\/www.little-dutch.com\/en\">Little Dutch<\/a> Tegevusspiraal kiikuv rebane &#8220;Forest Friends&#8221;<\/strong> on ideaalne m\u00e4nguasi, mis pakub harivat ja loovat l\u00f5bu, tuues teie lapse m\u00e4nguaega v\u00f5luvat metsamaailma!<\/p>\n<p><strong>Avasta ka meie teised <a href=\"https:\/\/sulin.ee\/tootekategooria\/beebile\/manguasjad\/motoorika-manguasjad\/\">beebidele m\u00f5eldud m\u00e4nguasjad<\/a><\/strong>, mis pakuvad r\u00f5\u00f5mu ja arendavat tegevust igale pisikesele avastajale!<\/p>\n<div style=\"width: 1165px;\" class=\"wp-video\"><video class=\"wp-video-shortcode\" id=\"video-35021-1\" width=\"1165\" height=\"655\" preload=\"metadata\" controls=\"controls\"><source type=\"video\/mp4\" src=\"https:\/\/sulin.ee\/wp-content\/uploads\/2024\/12\/LD7234-Video-Horizontal-Rocking-Fox-Forest-Friends.mp4?_=1\" \/><a href=\"https:\/\/sulin.ee\/wp-content\/uploads\/2024\/12\/LD7234-Video-Horizontal-Rocking-Fox-Forest-Friends.mp4\">https:\/\/sulin.ee\/wp-content\/uploads\/2024\/12\/LD7234-Video-Horizontal-Rocking-Fox-Forest-Friends.mp4<\/a><\/video><\/div>\n","protected":false},"excerpt":{"rendered":"<p><strong>Little Dutch Tegevusspiraal kiikuv rebane &#8220;Forest Friends&#8221; on l\u00f5bus ja arendav m\u00e4nguasi, mis stimuleerib motoorseid oskusi ja loovust. Kiikuv rebane ja spiraalsed metsateemalised kujundid loovad maagilise m\u00e4ngukogemuse!<\/strong><\/p>\n","protected":false},"featured_media":35024,"comment_status":"open","ping_status":"closed","template":"","meta":[],"product_brand":[],"product_cat":[179,769,1003,1016,110,1162,1163,1164,1002,1023,175,1217],"product_tag":[],"class_list":{"0":"post-35021","1":"product","2":"type-product","3":"status-publish","4":"has-post-thumbnail","6":"product_cat-beebile","7":"product_cat-manguasjad","8":"product_cat-motoorika-manguasjad-beebile","9":"product_cat-motoorikakeskused","10":"product_cat-mangimine","11":"product_cat-kingituseks","12":"product_cat-0-1-aasta","13":"product_cat-1-3-aastat","14":"product_cat-oppemangud","15":"product_cat-motoorika","16":"product_cat-puidust-manguasjad","17":"product_cat-little-dutch","18":"has-post-title","19":"has-post-date","20":"has-post-category","21":"has-post-tag","22":"has-post-comment","23":"has-post-author","24":"","26":"first","27":"instock","28":"sale","29":"taxable","30":"shipping-taxable","31":"purchasable","32":"product-type-simple"},"yoast_head":"<!-- This site is optimized with the Yoast SEO plugin v26.8 - https:\/\/yoast.com\/product\/yoast-seo-wordpress\/ -->\n<title>Little Dutch Tegevusspiraal kiikuv rebane &quot;Forest Friends&quot; - sulin.ee<\/title>\n<meta name=\"description\" content=\"Little Dutch Tegevusspiraal kiikuv rebane &quot;Forest Friends&quot; on l\u00f5bus ja arendav m\u00e4nguasi, mis stimuleerib motoorseid oskusi ja loovust. Kiikuv rebane.\" \/>\n<meta name=\"robots\" content=\"index, follow, max-snippet:-1, max-image-preview:large, max-video-preview:-1\" \/>\n<link rel=\"canonical\" href=\"https:\/\/sulin.ee\/en\/toode\/little-dutch-tegevusspiraal-kiikuv-rebane-forest-friends\/\" \/>\n<meta property=\"og:locale\" content=\"en_US\" \/>\n<meta property=\"og:type\" content=\"article\" \/>\n<meta property=\"og:title\" content=\"Little Dutch Tegevusspiraal kiikuv rebane &quot;Forest Friends&quot; - sulin.ee\" \/>\n<meta property=\"og:description\" content=\"Little Dutch Tegevusspiraal kiikuv rebane &quot;Forest Friends&quot; on l\u00f5bus ja arendav m\u00e4nguasi, mis stimuleerib motoorseid oskusi ja loovust. Kiikuv rebane.\" \/>\n<meta property=\"og:url\" content=\"https:\/\/sulin.ee\/en\/toode\/little-dutch-tegevusspiraal-kiikuv-rebane-forest-friends\/\" \/>\n<meta property=\"og:site_name\" content=\"sulin.ee\" \/>\n<meta property=\"article:publisher\" content=\"https:\/\/www.facebook.com\/www.sulin.ee\/\" \/>\n<meta property=\"article:modified_time\" content=\"2025-09-07T21:35:54+00:00\" \/>\n<meta property=\"og:image\" content=\"https:\/\/sulin.ee\/wp-content\/uploads\/2024\/12\/LD7234-Product-Rocking-Fox-Forest-Friends-1.jpg\" \/>\n\t<meta property=\"og:image:width\" content=\"1200\" \/>\n\t<meta property=\"og:image:height\" content=\"1200\" \/>\n\t<meta property=\"og:image:type\" content=\"image\/jpeg\" \/>\n<meta name=\"twitter:card\" content=\"summary_large_image\" \/>\n<meta name=\"twitter:label1\" content=\"Est. reading time\" \/>\n\t<meta name=\"twitter:data1\" content=\"1 minute\" \/>\n<script type=\"application\/ld+json\" class=\"yoast-schema-graph\">{\"@context\":\"https:\/\/schema.org\",\"@graph\":[{\"@type\":\"WebPage\",\"@id\":\"https:\/\/sulin.ee\/en\/toode\/little-dutch-tegevusspiraal-kiikuv-rebane-forest-friends\/\",\"url\":\"https:\/\/sulin.ee\/en\/toode\/little-dutch-tegevusspiraal-kiikuv-rebane-forest-friends\/\",\"name\":\"Little Dutch Tegevusspiraal kiikuv rebane \\\"Forest Friends\\\" - sulin.ee\",\"isPartOf\":{\"@id\":\"https:\/\/sulin.ee\/en\/#website\"},\"primaryImageOfPage\":{\"@id\":\"https:\/\/sulin.ee\/en\/toode\/little-dutch-tegevusspiraal-kiikuv-rebane-forest-friends\/#primaryimage\"},\"image\":{\"@id\":\"https:\/\/sulin.ee\/en\/toode\/little-dutch-tegevusspiraal-kiikuv-rebane-forest-friends\/#primaryimage\"},\"thumbnailUrl\":\"https:\/\/sulin.ee\/wp-content\/uploads\/2024\/12\/LD7234-Product-Rocking-Fox-Forest-Friends-1.jpg\",\"datePublished\":\"2024-12-21T13:11:50+00:00\",\"dateModified\":\"2025-09-07T21:35:54+00:00\",\"description\":\"Little Dutch Tegevusspiraal kiikuv rebane \\\"Forest Friends\\\" on l\u00f5bus ja arendav m\u00e4nguasi, mis stimuleerib motoorseid oskusi ja loovust. Kiikuv rebane.\",\"breadcrumb\":{\"@id\":\"https:\/\/sulin.ee\/en\/toode\/little-dutch-tegevusspiraal-kiikuv-rebane-forest-friends\/#breadcrumb\"},\"inLanguage\":\"en-US\",\"potentialAction\":[{\"@type\":\"ReadAction\",\"target\":[\"https:\/\/sulin.ee\/en\/toode\/little-dutch-tegevusspiraal-kiikuv-rebane-forest-friends\/\"]}]},{\"@type\":\"ImageObject\",\"inLanguage\":\"en-US\",\"@id\":\"https:\/\/sulin.ee\/en\/toode\/little-dutch-tegevusspiraal-kiikuv-rebane-forest-friends\/#primaryimage\",\"url\":\"https:\/\/sulin.ee\/wp-content\/uploads\/2024\/12\/LD7234-Product-Rocking-Fox-Forest-Friends-1.jpg\",\"contentUrl\":\"https:\/\/sulin.ee\/wp-content\/uploads\/2024\/12\/LD7234-Product-Rocking-Fox-Forest-Friends-1.jpg\",\"width\":1200,\"height\":1200,\"caption\":\"Little Dutch Tegevusspiraal kiikuv rebane \\\"Forest Friends\\\"\"},{\"@type\":\"BreadcrumbList\",\"@id\":\"https:\/\/sulin.ee\/en\/toode\/little-dutch-tegevusspiraal-kiikuv-rebane-forest-friends\/#breadcrumb\",\"itemListElement\":[{\"@type\":\"ListItem\",\"position\":1,\"name\":\"Home\",\"item\":\"https:\/\/sulin.ee\/en\/\"},{\"@type\":\"ListItem\",\"position\":2,\"name\":\"Sulin.ee e-pood\",\"item\":\"https:\/\/sulin.ee\/shop\/\"},{\"@type\":\"ListItem\",\"position\":3,\"name\":\"Little Dutch Tegevusspiraal kiikuv rebane &#8220;Forest Friends&#8221;\"}]},{\"@type\":\"WebSite\",\"@id\":\"https:\/\/sulin.ee\/en\/#website\",\"url\":\"https:\/\/sulin.ee\/en\/\",\"name\":\"sulin.ee\",\"description\":\"\",\"publisher\":{\"@id\":\"https:\/\/sulin.ee\/en\/#organization\"},\"potentialAction\":[{\"@type\":\"SearchAction\",\"target\":{\"@type\":\"EntryPoint\",\"urlTemplate\":\"https:\/\/sulin.ee\/en\/?s={search_term_string}\"},\"query-input\":{\"@type\":\"PropertyValueSpecification\",\"valueRequired\":true,\"valueName\":\"search_term_string\"}}],\"inLanguage\":\"en-US\"},{\"@type\":\"Organization\",\"@id\":\"https:\/\/sulin.ee\/en\/#organization\",\"name\":\"SULIN TRADE O\u00dc\",\"url\":\"https:\/\/sulin.ee\/en\/\",\"logo\":{\"@type\":\"ImageObject\",\"inLanguage\":\"en-US\",\"@id\":\"https:\/\/sulin.ee\/en\/#\/schema\/logo\/image\/\",\"url\":\"https:\/\/sulin.ee\/wp-content\/uploads\/2022\/11\/sulin-logo.png\",\"contentUrl\":\"https:\/\/sulin.ee\/wp-content\/uploads\/2022\/11\/sulin-logo.png\",\"width\":871,\"height\":321,\"caption\":\"SULIN TRADE O\u00dc\"},\"image\":{\"@id\":\"https:\/\/sulin.ee\/en\/#\/schema\/logo\/image\/\"},\"sameAs\":[\"https:\/\/www.facebook.com\/www.sulin.ee\/\",\"https:\/\/www.instagram.com\/sulintrade\/\"]}]}<\/script>\n<!-- \/ Yoast SEO plugin. -->","yoast_head_json":{"title":"Little Dutch Tegevusspiraal kiikuv rebane \"Forest Friends\" - sulin.ee","description":"Little Dutch Tegevusspiraal kiikuv rebane \"Forest Friends\" on l\u00f5bus ja arendav m\u00e4nguasi, mis stimuleerib motoorseid oskusi ja loovust. Kiikuv rebane.","robots":{"index":"index","follow":"follow","max-snippet":"max-snippet:-1","max-image-preview":"max-image-preview:large","max-video-preview":"max-video-preview:-1"},"canonical":"https:\/\/sulin.ee\/en\/toode\/little-dutch-tegevusspiraal-kiikuv-rebane-forest-friends\/","og_locale":"en_US","og_type":"article","og_title":"Little Dutch Tegevusspiraal kiikuv rebane \"Forest Friends\" - sulin.ee","og_description":"Little Dutch Tegevusspiraal kiikuv rebane \"Forest Friends\" on l\u00f5bus ja arendav m\u00e4nguasi, mis stimuleerib motoorseid oskusi ja loovust. Kiikuv rebane.","og_url":"https:\/\/sulin.ee\/en\/toode\/little-dutch-tegevusspiraal-kiikuv-rebane-forest-friends\/","og_site_name":"sulin.ee","article_publisher":"https:\/\/www.facebook.com\/www.sulin.ee\/","article_modified_time":"2025-09-07T21:35:54+00:00","og_image":[{"width":1200,"height":1200,"url":"https:\/\/sulin.ee\/wp-content\/uploads\/2024\/12\/LD7234-Product-Rocking-Fox-Forest-Friends-1.jpg","type":"image\/jpeg"}],"twitter_card":"summary_large_image","twitter_misc":{"Est. reading time":"1 minute"},"schema":{"@context":"https:\/\/schema.org","@graph":[{"@type":"WebPage","@id":"https:\/\/sulin.ee\/en\/toode\/little-dutch-tegevusspiraal-kiikuv-rebane-forest-friends\/","url":"https:\/\/sulin.ee\/en\/toode\/little-dutch-tegevusspiraal-kiikuv-rebane-forest-friends\/","name":"Little Dutch Tegevusspiraal kiikuv rebane \"Forest Friends\" - sulin.ee","isPartOf":{"@id":"https:\/\/sulin.ee\/en\/#website"},"primaryImageOfPage":{"@id":"https:\/\/sulin.ee\/en\/toode\/little-dutch-tegevusspiraal-kiikuv-rebane-forest-friends\/#primaryimage"},"image":{"@id":"https:\/\/sulin.ee\/en\/toode\/little-dutch-tegevusspiraal-kiikuv-rebane-forest-friends\/#primaryimage"},"thumbnailUrl":"https:\/\/sulin.ee\/wp-content\/uploads\/2024\/12\/LD7234-Product-Rocking-Fox-Forest-Friends-1.jpg","datePublished":"2024-12-21T13:11:50+00:00","dateModified":"2025-09-07T21:35:54+00:00","description":"Little Dutch Tegevusspiraal kiikuv rebane \"Forest Friends\" on l\u00f5bus ja arendav m\u00e4nguasi, mis stimuleerib motoorseid oskusi ja loovust. Kiikuv rebane.","breadcrumb":{"@id":"https:\/\/sulin.ee\/en\/toode\/little-dutch-tegevusspiraal-kiikuv-rebane-forest-friends\/#breadcrumb"},"inLanguage":"en-US","potentialAction":[{"@type":"ReadAction","target":["https:\/\/sulin.ee\/en\/toode\/little-dutch-tegevusspiraal-kiikuv-rebane-forest-friends\/"]}]},{"@type":"ImageObject","inLanguage":"en-US","@id":"https:\/\/sulin.ee\/en\/toode\/little-dutch-tegevusspiraal-kiikuv-rebane-forest-friends\/#primaryimage","url":"https:\/\/sulin.ee\/wp-content\/uploads\/2024\/12\/LD7234-Product-Rocking-Fox-Forest-Friends-1.jpg","contentUrl":"https:\/\/sulin.ee\/wp-content\/uploads\/2024\/12\/LD7234-Product-Rocking-Fox-Forest-Friends-1.jpg","width":1200,"height":1200,"caption":"Little Dutch Tegevusspiraal kiikuv rebane \"Forest Friends\""},{"@type":"BreadcrumbList","@id":"https:\/\/sulin.ee\/en\/toode\/little-dutch-tegevusspiraal-kiikuv-rebane-forest-friends\/#breadcrumb","itemListElement":[{"@type":"ListItem","position":1,"name":"Home","item":"https:\/\/sulin.ee\/en\/"},{"@type":"ListItem","position":2,"name":"Sulin.ee e-pood","item":"https:\/\/sulin.ee\/shop\/"},{"@type":"ListItem","position":3,"name":"Little Dutch Tegevusspiraal kiikuv rebane &#8220;Forest Friends&#8221;"}]},{"@type":"WebSite","@id":"https:\/\/sulin.ee\/en\/#website","url":"https:\/\/sulin.ee\/en\/","name":"sulin.ee","description":"","publisher":{"@id":"https:\/\/sulin.ee\/en\/#organization"},"potentialAction":[{"@type":"SearchAction","target":{"@type":"EntryPoint","urlTemplate":"https:\/\/sulin.ee\/en\/?s={search_term_string}"},"query-input":{"@type":"PropertyValueSpecification","valueRequired":true,"valueName":"search_term_string"}}],"inLanguage":"en-US"},{"@type":"Organization","@id":"https:\/\/sulin.ee\/en\/#organization","name":"SULIN TRADE O\u00dc","url":"https:\/\/sulin.ee\/en\/","logo":{"@type":"ImageObject","inLanguage":"en-US","@id":"https:\/\/sulin.ee\/en\/#\/schema\/logo\/image\/","url":"https:\/\/sulin.ee\/wp-content\/uploads\/2022\/11\/sulin-logo.png","contentUrl":"https:\/\/sulin.ee\/wp-content\/uploads\/2022\/11\/sulin-logo.png","width":871,"height":321,"caption":"SULIN TRADE O\u00dc"},"image":{"@id":"https:\/\/sulin.ee\/en\/#\/schema\/logo\/image\/"},"sameAs":["https:\/\/www.facebook.com\/www.sulin.ee\/","https:\/\/www.instagram.com\/sulintrade\/"]}]}},"builder_content":"","_links":{"self":[{"href":"https:\/\/sulin.ee\/en\/wp-json\/wp\/v2\/product\/35021","targetHints":{"allow":["GET"]}}],"collection":[{"href":"https:\/\/sulin.ee\/en\/wp-json\/wp\/v2\/product"}],"about":[{"href":"https:\/\/sulin.ee\/en\/wp-json\/wp\/v2\/types\/product"}],"replies":[{"embeddable":true,"href":"https:\/\/sulin.ee\/en\/wp-json\/wp\/v2\/comments?post=35021"}],"wp:featuredmedia":[{"embeddable":true,"href":"https:\/\/sulin.ee\/en\/wp-json\/wp\/v2\/media\/35024"}],"wp:attachment":[{"href":"https:\/\/sulin.ee\/en\/wp-json\/wp\/v2\/media?parent=35021"}],"wp:term":[{"taxonomy":"product_brand","embeddable":true,"href":"https:\/\/sulin.ee\/en\/wp-json\/wp\/v2\/product_brand?post=35021"},{"taxonomy":"product_cat","embeddable":true,"href":"https:\/\/sulin.ee\/en\/wp-json\/wp\/v2\/product_cat?post=35021"},{"taxonomy":"product_tag","embeddable":true,"href":"https:\/\/sulin.ee\/en\/wp-json\/wp\/v2\/product_tag?post=35021"}],"curies":[{"name":"wp","href":"https:\/\/api.w.org\/{rel}","templated":true}]}}