{"id":34989,"date":"2024-12-21T12:53:02","date_gmt":"2024-12-21T12:53:02","guid":{"rendered":"https:\/\/sulin.ee\/?post_type=product&#038;p=34989"},"modified":"2025-12-11T13:13:26","modified_gmt":"2025-12-11T13:13:26","slug":"little-dutch-tegevusspiraal-little-farm","status":"publish","type":"product","link":"https:\/\/sulin.ee\/en\/toode\/little-dutch-tegevusspiraal-little-farm\/","title":{"rendered":"Little Dutch tegevusspiraal &#8220;Little Farm&#8221;"},"content":{"rendered":"<p><strong>Little Dutch tegevusspiraal &#8220;Little Farm&#8221;<\/strong> on l\u00f5bus ja hariv m\u00e4nguasi, mis arendab lapse motoorseid oskusi ning pakub samal ajal kaasahaaravat m\u00e4nguaega. Taluteemaline spiraal v\u00f5imaldab liigutada erinevaid elemente, nagu klotsid, k\u00f5rvitsad, heinapallid ja lambad, spiraali \u00fchest otsast teise, pakkudes l\u00f5putut avastamisr\u00f5\u00f5mu ja treenides lapse k\u00e4e-silma koordinatsiooni.<\/p>\n<p>Valmistatud kvaliteetsest FSC-sertifitseeritud puidust, on see m\u00e4nguasi vastupidav ja ohutu v\u00e4ikeste k\u00e4te jaoks.<strong> Tegevusspiraal &#8220;Little Farm&#8221;<\/strong> on suurep\u00e4rane valik, mis \u00fchendab l\u00f5bu ja \u00f5ppimise, olles ideaalne t\u00e4iendus iga lapse m\u00e4nguasjakollektsioonile.<\/p>\n<p><strong>Omadused:<\/strong><br \/>\n\u2705 Stimuleerib motoorseid oskusi ja k\u00e4e-silma koordinatsiooni<br \/>\n\u2705 Taluteemalised detailid muudavad m\u00e4ngu l\u00f5busaks ja kaasahaaravaks<br \/>\n\u2705 Valmistatud vastupidavast ja ohutust FSC-puidust<\/p>\n<p><strong>Materjal:<\/strong> Puit FSC<br \/>\n<strong>Vanus:<\/strong> Sobib lastele alates 12. elukuust<\/p>\n<p><strong><a href=\"https:\/\/www.little-dutch.com\/en\">Little Dutch<\/a> tegevusspiraal &#8220;Little Farm&#8221;<\/strong> on ideaalne m\u00e4nguasi, mis toob m\u00e4nguaega l\u00f5bu ja \u00f5petlikkust!<\/p>\n<p><strong>Tutvu ka meie teiste <a href=\"https:\/\/sulin.ee\/tootekategooria\/beebile\/manguasjad\/motoorika-manguasjad\/\">beebidele m\u00f5eldud m\u00e4nguasjadega<\/a><\/strong>, mis pakuvad nii l\u00f5bu kui ka arendavat tegevust!<\/p>\n","protected":false},"excerpt":{"rendered":"<p><strong>Little Dutch tegevusspiraal &#8220;Little Farm&#8221; on l\u00f5bus ja arendav m\u00e4nguasi, mis aitab lastel \u00f5ppida motoorseid oskusi ja parandada k\u00e4e-silma koordinatsiooni. Taluteemalised detailid, nagu k\u00f5rvitsad ja lambad, lisavad m\u00e4ngule p\u00f5nevust ja loovust!<\/strong><\/p>\n","protected":false},"featured_media":34992,"comment_status":"open","ping_status":"closed","template":"","meta":[],"product_brand":[],"product_cat":[179,769,1003,1016,110,1162,1164,1023,175,1217],"product_tag":[],"class_list":{"0":"post-34989","1":"product","2":"type-product","3":"status-publish","4":"has-post-thumbnail","6":"product_cat-beebile","7":"product_cat-manguasjad","8":"product_cat-motoorika-manguasjad-beebile","9":"product_cat-motoorikakeskused","10":"product_cat-mangimine","11":"product_cat-kingituseks","12":"product_cat-1-3-aastat","13":"product_cat-motoorika","14":"product_cat-puidust-manguasjad","15":"product_cat-little-dutch","16":"has-post-title","17":"has-post-date","18":"has-post-category","19":"has-post-tag","20":"has-post-comment","21":"has-post-author","22":"","24":"first","25":"instock","26":"sale","27":"taxable","28":"shipping-taxable","29":"purchasable","30":"product-type-simple"},"yoast_head":"<!-- This site is optimized with the Yoast SEO plugin v26.8 - https:\/\/yoast.com\/product\/yoast-seo-wordpress\/ -->\n<title>Little Dutch tegevusspiraal &quot;Little Farm&quot; - sulin.ee<\/title>\n<meta name=\"description\" content=\"Little Dutch tegevusspiraal &quot;Little Farm&quot; on l\u00f5bus ja arendav m\u00e4nguasi, mis aitab lastel \u00f5ppida motoorseid oskusi ja parandada k\u00e4e-silma koordinatsiooni.\" \/>\n<meta name=\"robots\" content=\"index, follow, max-snippet:-1, max-image-preview:large, max-video-preview:-1\" \/>\n<link rel=\"canonical\" href=\"https:\/\/sulin.ee\/en\/toode\/little-dutch-tegevusspiraal-little-farm\/\" \/>\n<meta property=\"og:locale\" content=\"en_US\" \/>\n<meta property=\"og:type\" content=\"article\" \/>\n<meta property=\"og:title\" content=\"Little Dutch tegevusspiraal &quot;Little Farm&quot; - sulin.ee\" \/>\n<meta property=\"og:description\" content=\"Little Dutch tegevusspiraal &quot;Little Farm&quot; on l\u00f5bus ja arendav m\u00e4nguasi, mis aitab lastel \u00f5ppida motoorseid oskusi ja parandada k\u00e4e-silma koordinatsiooni.\" \/>\n<meta property=\"og:url\" content=\"https:\/\/sulin.ee\/en\/toode\/little-dutch-tegevusspiraal-little-farm\/\" \/>\n<meta property=\"og:site_name\" content=\"sulin.ee\" \/>\n<meta property=\"article:publisher\" content=\"https:\/\/www.facebook.com\/www.sulin.ee\/\" \/>\n<meta property=\"article:modified_time\" content=\"2025-12-11T13:13:26+00:00\" \/>\n<meta property=\"og:image\" content=\"https:\/\/sulin.ee\/wp-content\/uploads\/2024\/12\/Little-Dutch-motoorikat-arendav-spiraal-\u00b4Little-Farm\u00b4-FSC-7133-2.jpg\" \/>\n\t<meta property=\"og:image:width\" content=\"640\" \/>\n\t<meta property=\"og:image:height\" content=\"640\" \/>\n\t<meta property=\"og:image:type\" content=\"image\/jpeg\" \/>\n<meta name=\"twitter:card\" content=\"summary_large_image\" \/>\n<meta name=\"twitter:label1\" content=\"Est. reading time\" \/>\n\t<meta name=\"twitter:data1\" content=\"1 minute\" \/>\n<script type=\"application\/ld+json\" class=\"yoast-schema-graph\">{\"@context\":\"https:\/\/schema.org\",\"@graph\":[{\"@type\":\"WebPage\",\"@id\":\"https:\/\/sulin.ee\/en\/toode\/little-dutch-tegevusspiraal-little-farm\/\",\"url\":\"https:\/\/sulin.ee\/en\/toode\/little-dutch-tegevusspiraal-little-farm\/\",\"name\":\"Little Dutch tegevusspiraal \\\"Little Farm\\\" - sulin.ee\",\"isPartOf\":{\"@id\":\"https:\/\/sulin.ee\/en\/#website\"},\"primaryImageOfPage\":{\"@id\":\"https:\/\/sulin.ee\/en\/toode\/little-dutch-tegevusspiraal-little-farm\/#primaryimage\"},\"image\":{\"@id\":\"https:\/\/sulin.ee\/en\/toode\/little-dutch-tegevusspiraal-little-farm\/#primaryimage\"},\"thumbnailUrl\":\"https:\/\/sulin.ee\/wp-content\/uploads\/2024\/12\/Little-Dutch-motoorikat-arendav-spiraal-\u00b4Little-Farm\u00b4-FSC-7133-2.jpg\",\"datePublished\":\"2024-12-21T12:53:02+00:00\",\"dateModified\":\"2025-12-11T13:13:26+00:00\",\"description\":\"Little Dutch tegevusspiraal \\\"Little Farm\\\" on l\u00f5bus ja arendav m\u00e4nguasi, mis aitab lastel \u00f5ppida motoorseid oskusi ja parandada k\u00e4e-silma koordinatsiooni.\",\"breadcrumb\":{\"@id\":\"https:\/\/sulin.ee\/en\/toode\/little-dutch-tegevusspiraal-little-farm\/#breadcrumb\"},\"inLanguage\":\"en-US\",\"potentialAction\":[{\"@type\":\"ReadAction\",\"target\":[\"https:\/\/sulin.ee\/en\/toode\/little-dutch-tegevusspiraal-little-farm\/\"]}]},{\"@type\":\"ImageObject\",\"inLanguage\":\"en-US\",\"@id\":\"https:\/\/sulin.ee\/en\/toode\/little-dutch-tegevusspiraal-little-farm\/#primaryimage\",\"url\":\"https:\/\/sulin.ee\/wp-content\/uploads\/2024\/12\/Little-Dutch-motoorikat-arendav-spiraal-\u00b4Little-Farm\u00b4-FSC-7133-2.jpg\",\"contentUrl\":\"https:\/\/sulin.ee\/wp-content\/uploads\/2024\/12\/Little-Dutch-motoorikat-arendav-spiraal-\u00b4Little-Farm\u00b4-FSC-7133-2.jpg\",\"width\":640,\"height\":640,\"caption\":\"Little Dutch tegevusspiraal \\\"Little Farm\\\"\"},{\"@type\":\"BreadcrumbList\",\"@id\":\"https:\/\/sulin.ee\/en\/toode\/little-dutch-tegevusspiraal-little-farm\/#breadcrumb\",\"itemListElement\":[{\"@type\":\"ListItem\",\"position\":1,\"name\":\"Home\",\"item\":\"https:\/\/sulin.ee\/en\/\"},{\"@type\":\"ListItem\",\"position\":2,\"name\":\"Sulin.ee e-pood\",\"item\":\"https:\/\/sulin.ee\/shop\/\"},{\"@type\":\"ListItem\",\"position\":3,\"name\":\"Little Dutch tegevusspiraal &#8220;Little Farm&#8221;\"}]},{\"@type\":\"WebSite\",\"@id\":\"https:\/\/sulin.ee\/en\/#website\",\"url\":\"https:\/\/sulin.ee\/en\/\",\"name\":\"sulin.ee\",\"description\":\"\",\"publisher\":{\"@id\":\"https:\/\/sulin.ee\/en\/#organization\"},\"potentialAction\":[{\"@type\":\"SearchAction\",\"target\":{\"@type\":\"EntryPoint\",\"urlTemplate\":\"https:\/\/sulin.ee\/en\/?s={search_term_string}\"},\"query-input\":{\"@type\":\"PropertyValueSpecification\",\"valueRequired\":true,\"valueName\":\"search_term_string\"}}],\"inLanguage\":\"en-US\"},{\"@type\":\"Organization\",\"@id\":\"https:\/\/sulin.ee\/en\/#organization\",\"name\":\"SULIN TRADE O\u00dc\",\"url\":\"https:\/\/sulin.ee\/en\/\",\"logo\":{\"@type\":\"ImageObject\",\"inLanguage\":\"en-US\",\"@id\":\"https:\/\/sulin.ee\/en\/#\/schema\/logo\/image\/\",\"url\":\"https:\/\/sulin.ee\/wp-content\/uploads\/2022\/11\/sulin-logo.png\",\"contentUrl\":\"https:\/\/sulin.ee\/wp-content\/uploads\/2022\/11\/sulin-logo.png\",\"width\":871,\"height\":321,\"caption\":\"SULIN TRADE O\u00dc\"},\"image\":{\"@id\":\"https:\/\/sulin.ee\/en\/#\/schema\/logo\/image\/\"},\"sameAs\":[\"https:\/\/www.facebook.com\/www.sulin.ee\/\",\"https:\/\/www.instagram.com\/sulintrade\/\"]}]}<\/script>\n<!-- \/ Yoast SEO plugin. -->","yoast_head_json":{"title":"Little Dutch tegevusspiraal \"Little Farm\" - sulin.ee","description":"Little Dutch tegevusspiraal \"Little Farm\" on l\u00f5bus ja arendav m\u00e4nguasi, mis aitab lastel \u00f5ppida motoorseid oskusi ja parandada k\u00e4e-silma koordinatsiooni.","robots":{"index":"index","follow":"follow","max-snippet":"max-snippet:-1","max-image-preview":"max-image-preview:large","max-video-preview":"max-video-preview:-1"},"canonical":"https:\/\/sulin.ee\/en\/toode\/little-dutch-tegevusspiraal-little-farm\/","og_locale":"en_US","og_type":"article","og_title":"Little Dutch tegevusspiraal \"Little Farm\" - sulin.ee","og_description":"Little Dutch tegevusspiraal \"Little Farm\" on l\u00f5bus ja arendav m\u00e4nguasi, mis aitab lastel \u00f5ppida motoorseid oskusi ja parandada k\u00e4e-silma koordinatsiooni.","og_url":"https:\/\/sulin.ee\/en\/toode\/little-dutch-tegevusspiraal-little-farm\/","og_site_name":"sulin.ee","article_publisher":"https:\/\/www.facebook.com\/www.sulin.ee\/","article_modified_time":"2025-12-11T13:13:26+00:00","og_image":[{"width":640,"height":640,"url":"https:\/\/sulin.ee\/wp-content\/uploads\/2024\/12\/Little-Dutch-motoorikat-arendav-spiraal-\u00b4Little-Farm\u00b4-FSC-7133-2.jpg","type":"image\/jpeg"}],"twitter_card":"summary_large_image","twitter_misc":{"Est. reading time":"1 minute"},"schema":{"@context":"https:\/\/schema.org","@graph":[{"@type":"WebPage","@id":"https:\/\/sulin.ee\/en\/toode\/little-dutch-tegevusspiraal-little-farm\/","url":"https:\/\/sulin.ee\/en\/toode\/little-dutch-tegevusspiraal-little-farm\/","name":"Little Dutch tegevusspiraal \"Little Farm\" - sulin.ee","isPartOf":{"@id":"https:\/\/sulin.ee\/en\/#website"},"primaryImageOfPage":{"@id":"https:\/\/sulin.ee\/en\/toode\/little-dutch-tegevusspiraal-little-farm\/#primaryimage"},"image":{"@id":"https:\/\/sulin.ee\/en\/toode\/little-dutch-tegevusspiraal-little-farm\/#primaryimage"},"thumbnailUrl":"https:\/\/sulin.ee\/wp-content\/uploads\/2024\/12\/Little-Dutch-motoorikat-arendav-spiraal-\u00b4Little-Farm\u00b4-FSC-7133-2.jpg","datePublished":"2024-12-21T12:53:02+00:00","dateModified":"2025-12-11T13:13:26+00:00","description":"Little Dutch tegevusspiraal \"Little Farm\" on l\u00f5bus ja arendav m\u00e4nguasi, mis aitab lastel \u00f5ppida motoorseid oskusi ja parandada k\u00e4e-silma koordinatsiooni.","breadcrumb":{"@id":"https:\/\/sulin.ee\/en\/toode\/little-dutch-tegevusspiraal-little-farm\/#breadcrumb"},"inLanguage":"en-US","potentialAction":[{"@type":"ReadAction","target":["https:\/\/sulin.ee\/en\/toode\/little-dutch-tegevusspiraal-little-farm\/"]}]},{"@type":"ImageObject","inLanguage":"en-US","@id":"https:\/\/sulin.ee\/en\/toode\/little-dutch-tegevusspiraal-little-farm\/#primaryimage","url":"https:\/\/sulin.ee\/wp-content\/uploads\/2024\/12\/Little-Dutch-motoorikat-arendav-spiraal-\u00b4Little-Farm\u00b4-FSC-7133-2.jpg","contentUrl":"https:\/\/sulin.ee\/wp-content\/uploads\/2024\/12\/Little-Dutch-motoorikat-arendav-spiraal-\u00b4Little-Farm\u00b4-FSC-7133-2.jpg","width":640,"height":640,"caption":"Little Dutch tegevusspiraal \"Little Farm\""},{"@type":"BreadcrumbList","@id":"https:\/\/sulin.ee\/en\/toode\/little-dutch-tegevusspiraal-little-farm\/#breadcrumb","itemListElement":[{"@type":"ListItem","position":1,"name":"Home","item":"https:\/\/sulin.ee\/en\/"},{"@type":"ListItem","position":2,"name":"Sulin.ee e-pood","item":"https:\/\/sulin.ee\/shop\/"},{"@type":"ListItem","position":3,"name":"Little Dutch tegevusspiraal &#8220;Little Farm&#8221;"}]},{"@type":"WebSite","@id":"https:\/\/sulin.ee\/en\/#website","url":"https:\/\/sulin.ee\/en\/","name":"sulin.ee","description":"","publisher":{"@id":"https:\/\/sulin.ee\/en\/#organization"},"potentialAction":[{"@type":"SearchAction","target":{"@type":"EntryPoint","urlTemplate":"https:\/\/sulin.ee\/en\/?s={search_term_string}"},"query-input":{"@type":"PropertyValueSpecification","valueRequired":true,"valueName":"search_term_string"}}],"inLanguage":"en-US"},{"@type":"Organization","@id":"https:\/\/sulin.ee\/en\/#organization","name":"SULIN TRADE O\u00dc","url":"https:\/\/sulin.ee\/en\/","logo":{"@type":"ImageObject","inLanguage":"en-US","@id":"https:\/\/sulin.ee\/en\/#\/schema\/logo\/image\/","url":"https:\/\/sulin.ee\/wp-content\/uploads\/2022\/11\/sulin-logo.png","contentUrl":"https:\/\/sulin.ee\/wp-content\/uploads\/2022\/11\/sulin-logo.png","width":871,"height":321,"caption":"SULIN TRADE O\u00dc"},"image":{"@id":"https:\/\/sulin.ee\/en\/#\/schema\/logo\/image\/"},"sameAs":["https:\/\/www.facebook.com\/www.sulin.ee\/","https:\/\/www.instagram.com\/sulintrade\/"]}]}},"builder_content":"","_links":{"self":[{"href":"https:\/\/sulin.ee\/en\/wp-json\/wp\/v2\/product\/34989","targetHints":{"allow":["GET"]}}],"collection":[{"href":"https:\/\/sulin.ee\/en\/wp-json\/wp\/v2\/product"}],"about":[{"href":"https:\/\/sulin.ee\/en\/wp-json\/wp\/v2\/types\/product"}],"replies":[{"embeddable":true,"href":"https:\/\/sulin.ee\/en\/wp-json\/wp\/v2\/comments?post=34989"}],"wp:featuredmedia":[{"embeddable":true,"href":"https:\/\/sulin.ee\/en\/wp-json\/wp\/v2\/media\/34992"}],"wp:attachment":[{"href":"https:\/\/sulin.ee\/en\/wp-json\/wp\/v2\/media?parent=34989"}],"wp:term":[{"taxonomy":"product_brand","embeddable":true,"href":"https:\/\/sulin.ee\/en\/wp-json\/wp\/v2\/product_brand?post=34989"},{"taxonomy":"product_cat","embeddable":true,"href":"https:\/\/sulin.ee\/en\/wp-json\/wp\/v2\/product_cat?post=34989"},{"taxonomy":"product_tag","embeddable":true,"href":"https:\/\/sulin.ee\/en\/wp-json\/wp\/v2\/product_tag?post=34989"}],"curies":[{"name":"wp","href":"https:\/\/api.w.org\/{rel}","templated":true}]}}