{"id":34880,"date":"2024-12-18T14:02:32","date_gmt":"2024-12-18T14:02:32","guid":{"rendered":"https:\/\/sulin.ee\/?post_type=product&#038;p=34880"},"modified":"2025-09-07T21:36:02","modified_gmt":"2025-09-07T21:36:02","slug":"little-dutch-kujundite-sorteerija-forest-friends","status":"publish","type":"product","link":"https:\/\/sulin.ee\/en\/toode\/little-dutch-kujundite-sorteerija-forest-friends\/","title":{"rendered":"Little Dutch Kujundite sorteerija &#8220;Forest Friends&#8221;"},"content":{"rendered":"<p><strong>Little Dutch Kujundite sorteerija &#8220;Forest Friends&#8221;<\/strong> on l\u00f5bus ja hariv m\u00e4nguasi, mis viib lapsed maagilisse metsaelu maailma! Selle puidust kujundite sorteerijaga saavad lapsed leida \u00f5ige ava seenekesele, tammet\u00f5rule ja lehtedele, \u00f5ppides samal ajal tundma kujundeid ja v\u00e4rve.<\/p>\n<p>See sorteerimism\u00e4ng arendab laste k\u00e4e-silma koordinatsiooni ja motoorseid oskusi. V\u00e4ikesed k\u00e4ed saavad h\u00f5lpsasti kujundeid haarata ja \u00f5igesse avasse sobitada. <strong>Kujundite sorteerija &#8220;Forest Friends&#8221;<\/strong> \u00fchendab hariva tegevuse ja m\u00e4ngur\u00f5\u00f5mu, pakkudes tundideks loovat l\u00f5bu.<\/p>\n<p><strong>Omadused:<\/strong><br \/>\n\u2705 Aitab \u00f5ppida kujundeid ja v\u00e4rve<br \/>\n\u2705 Arendab k\u00e4e-silma koordinatsiooni ja motoorseid oskusi<br \/>\n\u2705 Valmistatud FSC-sertifitseeritud puidust<\/p>\n<p><strong>M\u00f5\u00f5dud:<\/strong> 14,2 x 8,3 x 14,5 cm<br \/>\n<strong>Materjal:<\/strong> FSC puidust<br \/>\n<strong>Vanus:<\/strong> Sobib lastele alates 18. elukuust<br \/>\n<strong>Standard:<\/strong> EN-71-1-2-3<\/p>\n<p><strong><a href=\"https:\/\/www.little-dutch.com\/en\">Little Dutch<\/a> Kujundite sorteerija &#8220;Forest Friends&#8221;<\/strong> on suurep\u00e4rane kingitus, mis \u00fchendab \u00f5ppimise ja m\u00e4ngimise l\u00f5busas metsaelu seikluses!<\/p>\n<p>Tutvu ka meie teiste <a href=\"https:\/\/sulin.ee\/tootekategooria\/beebile\/manguasjad\/\">beebidele m\u00f5eldud m\u00e4nguasjadega<\/a>, mis arendavad oskusi ja pakuvad r\u00f5\u00f5msaid m\u00e4nguhetki!<\/p>\n<div style=\"width: 1165px;\" class=\"wp-video\"><video class=\"wp-video-shortcode\" id=\"video-34880-1\" width=\"1165\" height=\"655\" preload=\"metadata\" controls=\"controls\"><source type=\"video\/mp4\" src=\"https:\/\/sulin.ee\/wp-content\/uploads\/2024\/12\/LD7247-Video-Horizontal-Shape-Sorter-Forest-Friends.mp4?_=1\" \/><a href=\"https:\/\/sulin.ee\/wp-content\/uploads\/2024\/12\/LD7247-Video-Horizontal-Shape-Sorter-Forest-Friends.mp4\">https:\/\/sulin.ee\/wp-content\/uploads\/2024\/12\/LD7247-Video-Horizontal-Shape-Sorter-Forest-Friends.mp4<\/a><\/video><\/div>\n","protected":false},"excerpt":{"rendered":"<p><strong>Little Dutch Kujundite sorteerija &#8220;Forest Friends&#8221; on l\u00f5bus ja arendav m\u00e4nguasi, mis \u00f5petab lapsi tundma kujundeid ja v\u00e4rve, arendades samal ajal k\u00e4e-silma koordinatsiooni. Metsaelu inspireeritud kujundid muudavad m\u00e4ngu veelgi p\u00f5nevamaks!<\/strong><\/p>\n","protected":false},"featured_media":34885,"comment_status":"open","ping_status":"closed","template":"","meta":[],"product_brand":[],"product_cat":[179,769,1003,1001,110,1162,1164,1002,1023,175,1217],"product_tag":[],"class_list":{"0":"post-34880","1":"product","2":"type-product","3":"status-publish","4":"has-post-thumbnail","6":"product_cat-beebile","7":"product_cat-manguasjad","8":"product_cat-motoorika-manguasjad-beebile","9":"product_cat-sorteerimismangud","10":"product_cat-mangimine","11":"product_cat-kingituseks","12":"product_cat-1-3-aastat","13":"product_cat-oppemangud","14":"product_cat-motoorika","15":"product_cat-puidust-manguasjad","16":"product_cat-little-dutch","17":"has-post-title","18":"has-post-date","19":"has-post-category","20":"has-post-tag","21":"has-post-comment","22":"has-post-author","23":"","25":"first","26":"instock","27":"sale","28":"taxable","29":"shipping-taxable","30":"purchasable","31":"product-type-simple"},"yoast_head":"<!-- This site is optimized with the Yoast SEO plugin v26.8 - https:\/\/yoast.com\/product\/yoast-seo-wordpress\/ -->\n<title>Little Dutch Kujundite sorteerija &quot;Forest Friends&quot; - sulin.ee<\/title>\n<meta name=\"description\" content=\"Little Dutch Kujundite sorteerija &quot;Forest Friends&quot; on l\u00f5bus ja arendav m\u00e4nguasi, mis \u00f5petab lapsi tundma kujundeid ja v\u00e4rve, arendades koordinatsiooni.\" \/>\n<meta name=\"robots\" content=\"index, follow, max-snippet:-1, max-image-preview:large, max-video-preview:-1\" \/>\n<link rel=\"canonical\" href=\"https:\/\/sulin.ee\/en\/toode\/little-dutch-kujundite-sorteerija-forest-friends\/\" \/>\n<meta property=\"og:locale\" content=\"en_US\" \/>\n<meta property=\"og:type\" content=\"article\" \/>\n<meta property=\"og:title\" content=\"Little Dutch Kujundite sorteerija &quot;Forest Friends&quot; - sulin.ee\" \/>\n<meta property=\"og:description\" content=\"Little Dutch Kujundite sorteerija &quot;Forest Friends&quot; on l\u00f5bus ja arendav m\u00e4nguasi, mis \u00f5petab lapsi tundma kujundeid ja v\u00e4rve, arendades koordinatsiooni.\" \/>\n<meta property=\"og:url\" content=\"https:\/\/sulin.ee\/en\/toode\/little-dutch-kujundite-sorteerija-forest-friends\/\" \/>\n<meta property=\"og:site_name\" content=\"sulin.ee\" \/>\n<meta property=\"article:publisher\" content=\"https:\/\/www.facebook.com\/www.sulin.ee\/\" \/>\n<meta property=\"article:modified_time\" content=\"2025-09-07T21:36:02+00:00\" \/>\n<meta property=\"og:image\" content=\"https:\/\/sulin.ee\/wp-content\/uploads\/2024\/12\/LD7247-Product-Shape-Sorter-Forest-Friends-2_1.jpg\" \/>\n\t<meta property=\"og:image:width\" content=\"1200\" \/>\n\t<meta property=\"og:image:height\" content=\"1200\" \/>\n\t<meta property=\"og:image:type\" content=\"image\/jpeg\" \/>\n<meta name=\"twitter:card\" content=\"summary_large_image\" \/>\n<meta name=\"twitter:label1\" content=\"Est. reading time\" \/>\n\t<meta name=\"twitter:data1\" content=\"1 minute\" \/>\n<script type=\"application\/ld+json\" class=\"yoast-schema-graph\">{\"@context\":\"https:\/\/schema.org\",\"@graph\":[{\"@type\":\"WebPage\",\"@id\":\"https:\/\/sulin.ee\/en\/toode\/little-dutch-kujundite-sorteerija-forest-friends\/\",\"url\":\"https:\/\/sulin.ee\/en\/toode\/little-dutch-kujundite-sorteerija-forest-friends\/\",\"name\":\"Little Dutch Kujundite sorteerija \\\"Forest Friends\\\" - sulin.ee\",\"isPartOf\":{\"@id\":\"https:\/\/sulin.ee\/en\/#website\"},\"primaryImageOfPage\":{\"@id\":\"https:\/\/sulin.ee\/en\/toode\/little-dutch-kujundite-sorteerija-forest-friends\/#primaryimage\"},\"image\":{\"@id\":\"https:\/\/sulin.ee\/en\/toode\/little-dutch-kujundite-sorteerija-forest-friends\/#primaryimage\"},\"thumbnailUrl\":\"https:\/\/sulin.ee\/wp-content\/uploads\/2024\/12\/LD7247-Product-Shape-Sorter-Forest-Friends-2_1.jpg\",\"datePublished\":\"2024-12-18T14:02:32+00:00\",\"dateModified\":\"2025-09-07T21:36:02+00:00\",\"description\":\"Little Dutch Kujundite sorteerija \\\"Forest Friends\\\" on l\u00f5bus ja arendav m\u00e4nguasi, mis \u00f5petab lapsi tundma kujundeid ja v\u00e4rve, arendades koordinatsiooni.\",\"breadcrumb\":{\"@id\":\"https:\/\/sulin.ee\/en\/toode\/little-dutch-kujundite-sorteerija-forest-friends\/#breadcrumb\"},\"inLanguage\":\"en-US\",\"potentialAction\":[{\"@type\":\"ReadAction\",\"target\":[\"https:\/\/sulin.ee\/en\/toode\/little-dutch-kujundite-sorteerija-forest-friends\/\"]}]},{\"@type\":\"ImageObject\",\"inLanguage\":\"en-US\",\"@id\":\"https:\/\/sulin.ee\/en\/toode\/little-dutch-kujundite-sorteerija-forest-friends\/#primaryimage\",\"url\":\"https:\/\/sulin.ee\/wp-content\/uploads\/2024\/12\/LD7247-Product-Shape-Sorter-Forest-Friends-2_1.jpg\",\"contentUrl\":\"https:\/\/sulin.ee\/wp-content\/uploads\/2024\/12\/LD7247-Product-Shape-Sorter-Forest-Friends-2_1.jpg\",\"width\":1200,\"height\":1200},{\"@type\":\"BreadcrumbList\",\"@id\":\"https:\/\/sulin.ee\/en\/toode\/little-dutch-kujundite-sorteerija-forest-friends\/#breadcrumb\",\"itemListElement\":[{\"@type\":\"ListItem\",\"position\":1,\"name\":\"Home\",\"item\":\"https:\/\/sulin.ee\/en\/\"},{\"@type\":\"ListItem\",\"position\":2,\"name\":\"Sulin.ee e-pood\",\"item\":\"https:\/\/sulin.ee\/shop\/\"},{\"@type\":\"ListItem\",\"position\":3,\"name\":\"Little Dutch Kujundite sorteerija &#8220;Forest Friends&#8221;\"}]},{\"@type\":\"WebSite\",\"@id\":\"https:\/\/sulin.ee\/en\/#website\",\"url\":\"https:\/\/sulin.ee\/en\/\",\"name\":\"sulin.ee\",\"description\":\"\",\"publisher\":{\"@id\":\"https:\/\/sulin.ee\/en\/#organization\"},\"potentialAction\":[{\"@type\":\"SearchAction\",\"target\":{\"@type\":\"EntryPoint\",\"urlTemplate\":\"https:\/\/sulin.ee\/en\/?s={search_term_string}\"},\"query-input\":{\"@type\":\"PropertyValueSpecification\",\"valueRequired\":true,\"valueName\":\"search_term_string\"}}],\"inLanguage\":\"en-US\"},{\"@type\":\"Organization\",\"@id\":\"https:\/\/sulin.ee\/en\/#organization\",\"name\":\"SULIN TRADE O\u00dc\",\"url\":\"https:\/\/sulin.ee\/en\/\",\"logo\":{\"@type\":\"ImageObject\",\"inLanguage\":\"en-US\",\"@id\":\"https:\/\/sulin.ee\/en\/#\/schema\/logo\/image\/\",\"url\":\"https:\/\/sulin.ee\/wp-content\/uploads\/2022\/11\/sulin-logo.png\",\"contentUrl\":\"https:\/\/sulin.ee\/wp-content\/uploads\/2022\/11\/sulin-logo.png\",\"width\":871,\"height\":321,\"caption\":\"SULIN TRADE O\u00dc\"},\"image\":{\"@id\":\"https:\/\/sulin.ee\/en\/#\/schema\/logo\/image\/\"},\"sameAs\":[\"https:\/\/www.facebook.com\/www.sulin.ee\/\",\"https:\/\/www.instagram.com\/sulintrade\/\"]}]}<\/script>\n<!-- \/ Yoast SEO plugin. -->","yoast_head_json":{"title":"Little Dutch Kujundite sorteerija \"Forest Friends\" - sulin.ee","description":"Little Dutch Kujundite sorteerija \"Forest Friends\" on l\u00f5bus ja arendav m\u00e4nguasi, mis \u00f5petab lapsi tundma kujundeid ja v\u00e4rve, arendades koordinatsiooni.","robots":{"index":"index","follow":"follow","max-snippet":"max-snippet:-1","max-image-preview":"max-image-preview:large","max-video-preview":"max-video-preview:-1"},"canonical":"https:\/\/sulin.ee\/en\/toode\/little-dutch-kujundite-sorteerija-forest-friends\/","og_locale":"en_US","og_type":"article","og_title":"Little Dutch Kujundite sorteerija \"Forest Friends\" - sulin.ee","og_description":"Little Dutch Kujundite sorteerija \"Forest Friends\" on l\u00f5bus ja arendav m\u00e4nguasi, mis \u00f5petab lapsi tundma kujundeid ja v\u00e4rve, arendades koordinatsiooni.","og_url":"https:\/\/sulin.ee\/en\/toode\/little-dutch-kujundite-sorteerija-forest-friends\/","og_site_name":"sulin.ee","article_publisher":"https:\/\/www.facebook.com\/www.sulin.ee\/","article_modified_time":"2025-09-07T21:36:02+00:00","og_image":[{"width":1200,"height":1200,"url":"https:\/\/sulin.ee\/wp-content\/uploads\/2024\/12\/LD7247-Product-Shape-Sorter-Forest-Friends-2_1.jpg","type":"image\/jpeg"}],"twitter_card":"summary_large_image","twitter_misc":{"Est. reading time":"1 minute"},"schema":{"@context":"https:\/\/schema.org","@graph":[{"@type":"WebPage","@id":"https:\/\/sulin.ee\/en\/toode\/little-dutch-kujundite-sorteerija-forest-friends\/","url":"https:\/\/sulin.ee\/en\/toode\/little-dutch-kujundite-sorteerija-forest-friends\/","name":"Little Dutch Kujundite sorteerija \"Forest Friends\" - sulin.ee","isPartOf":{"@id":"https:\/\/sulin.ee\/en\/#website"},"primaryImageOfPage":{"@id":"https:\/\/sulin.ee\/en\/toode\/little-dutch-kujundite-sorteerija-forest-friends\/#primaryimage"},"image":{"@id":"https:\/\/sulin.ee\/en\/toode\/little-dutch-kujundite-sorteerija-forest-friends\/#primaryimage"},"thumbnailUrl":"https:\/\/sulin.ee\/wp-content\/uploads\/2024\/12\/LD7247-Product-Shape-Sorter-Forest-Friends-2_1.jpg","datePublished":"2024-12-18T14:02:32+00:00","dateModified":"2025-09-07T21:36:02+00:00","description":"Little Dutch Kujundite sorteerija \"Forest Friends\" on l\u00f5bus ja arendav m\u00e4nguasi, mis \u00f5petab lapsi tundma kujundeid ja v\u00e4rve, arendades koordinatsiooni.","breadcrumb":{"@id":"https:\/\/sulin.ee\/en\/toode\/little-dutch-kujundite-sorteerija-forest-friends\/#breadcrumb"},"inLanguage":"en-US","potentialAction":[{"@type":"ReadAction","target":["https:\/\/sulin.ee\/en\/toode\/little-dutch-kujundite-sorteerija-forest-friends\/"]}]},{"@type":"ImageObject","inLanguage":"en-US","@id":"https:\/\/sulin.ee\/en\/toode\/little-dutch-kujundite-sorteerija-forest-friends\/#primaryimage","url":"https:\/\/sulin.ee\/wp-content\/uploads\/2024\/12\/LD7247-Product-Shape-Sorter-Forest-Friends-2_1.jpg","contentUrl":"https:\/\/sulin.ee\/wp-content\/uploads\/2024\/12\/LD7247-Product-Shape-Sorter-Forest-Friends-2_1.jpg","width":1200,"height":1200},{"@type":"BreadcrumbList","@id":"https:\/\/sulin.ee\/en\/toode\/little-dutch-kujundite-sorteerija-forest-friends\/#breadcrumb","itemListElement":[{"@type":"ListItem","position":1,"name":"Home","item":"https:\/\/sulin.ee\/en\/"},{"@type":"ListItem","position":2,"name":"Sulin.ee e-pood","item":"https:\/\/sulin.ee\/shop\/"},{"@type":"ListItem","position":3,"name":"Little Dutch Kujundite sorteerija &#8220;Forest Friends&#8221;"}]},{"@type":"WebSite","@id":"https:\/\/sulin.ee\/en\/#website","url":"https:\/\/sulin.ee\/en\/","name":"sulin.ee","description":"","publisher":{"@id":"https:\/\/sulin.ee\/en\/#organization"},"potentialAction":[{"@type":"SearchAction","target":{"@type":"EntryPoint","urlTemplate":"https:\/\/sulin.ee\/en\/?s={search_term_string}"},"query-input":{"@type":"PropertyValueSpecification","valueRequired":true,"valueName":"search_term_string"}}],"inLanguage":"en-US"},{"@type":"Organization","@id":"https:\/\/sulin.ee\/en\/#organization","name":"SULIN TRADE O\u00dc","url":"https:\/\/sulin.ee\/en\/","logo":{"@type":"ImageObject","inLanguage":"en-US","@id":"https:\/\/sulin.ee\/en\/#\/schema\/logo\/image\/","url":"https:\/\/sulin.ee\/wp-content\/uploads\/2022\/11\/sulin-logo.png","contentUrl":"https:\/\/sulin.ee\/wp-content\/uploads\/2022\/11\/sulin-logo.png","width":871,"height":321,"caption":"SULIN TRADE O\u00dc"},"image":{"@id":"https:\/\/sulin.ee\/en\/#\/schema\/logo\/image\/"},"sameAs":["https:\/\/www.facebook.com\/www.sulin.ee\/","https:\/\/www.instagram.com\/sulintrade\/"]}]}},"builder_content":"","_links":{"self":[{"href":"https:\/\/sulin.ee\/en\/wp-json\/wp\/v2\/product\/34880","targetHints":{"allow":["GET"]}}],"collection":[{"href":"https:\/\/sulin.ee\/en\/wp-json\/wp\/v2\/product"}],"about":[{"href":"https:\/\/sulin.ee\/en\/wp-json\/wp\/v2\/types\/product"}],"replies":[{"embeddable":true,"href":"https:\/\/sulin.ee\/en\/wp-json\/wp\/v2\/comments?post=34880"}],"wp:featuredmedia":[{"embeddable":true,"href":"https:\/\/sulin.ee\/en\/wp-json\/wp\/v2\/media\/34885"}],"wp:attachment":[{"href":"https:\/\/sulin.ee\/en\/wp-json\/wp\/v2\/media?parent=34880"}],"wp:term":[{"taxonomy":"product_brand","embeddable":true,"href":"https:\/\/sulin.ee\/en\/wp-json\/wp\/v2\/product_brand?post=34880"},{"taxonomy":"product_cat","embeddable":true,"href":"https:\/\/sulin.ee\/en\/wp-json\/wp\/v2\/product_cat?post=34880"},{"taxonomy":"product_tag","embeddable":true,"href":"https:\/\/sulin.ee\/en\/wp-json\/wp\/v2\/product_tag?post=34880"}],"curies":[{"name":"wp","href":"https:\/\/api.w.org\/{rel}","templated":true}]}}