{"id":34356,"date":"2024-12-14T22:50:53","date_gmt":"2024-12-14T22:50:53","guid":{"rendered":"https:\/\/sulin.ee\/?post_type=product&#038;p=34356"},"modified":"2025-09-07T21:44:07","modified_gmt":"2025-09-07T21:44:07","slug":"huulelaige-tubi-glam-5ml-4","status":"publish","type":"product","link":"https:\/\/sulin.ee\/en\/toode\/huulelaige-tubi-glam-5ml-4\/","title":{"rendered":"Huulel\u00e4ige Tubi Glam 5ml"},"content":{"rendered":"<p><strong>Huulel\u00e4ige lastele, mis lisaks niisutavatele omadustele ja kaunile l\u00e4ikele pakub veel mitmeid eeliseid, mida noored preilid hindavad. Huulel\u00e4ige on meeldiva l\u00f5hnaga, mis toob naeratuse n\u00e4ole ja lisab huultele v\u00e4rskust. <\/strong><\/p>\n<p>E-vitamiin, mis on tootesse lisatud, on tuntud oma toitvate ja rahustavate omaduste poolest, aidates huuli intensiivselt niisutada ja kaitsta neid kuivuse ning l\u00f5henemise eest. Lisaks sellele loob see huulel\u00e4ige huultele \u00f5rna kaitsva kihi, mis aitab ennetada kahjulikke keskkonnam\u00f5jusid, nagu tuul ja k\u00fclm ilm. Toode on dermatoloogiliselt testitud, et tagada maksimaalne ohutus ja sobivus laste \u00f5rnale nahale.<\/p>\n<p>See huulel\u00e4ige on suurep\u00e4rane valik noorele daamile, kes soovib oma iluarsenali t\u00e4iendada ja samal ajal oma huuli kaitsta. L\u00f5bus ja v\u00e4rvikas pakend kutsub m\u00e4ngulisusele, tehes igap\u00e4evasest huulte hooldusest meeldiva rituaali. Sobib ideaalselt kodusesse ilusalongi v\u00f5i isegi kingituseks noorele s\u00f5brannale.<\/p>\n<p><strong>Kasutamine:<\/strong> Kanna v\u00e4ike kogus huultele s\u00f5rmega ja m\u00e4\u00e4ri \u00fchtlaselt laiali. Kasuta vastavalt vajadusele, et tagada huulte niisutus ja l\u00e4ige kogu p\u00e4eva v\u00e4ltel.<\/p>\n<p><strong>Saadaval kolm erinevat l\u00f5hna:<\/strong> Vaarikas, vanilje ja n\u00e4rimiskumm.<\/p>\n<p><strong>Kogus:<\/strong> 5ml<\/p>\n<p>Vaata veel lastele m\u00f5eldud kosmeetikat <a href=\"https:\/\/sulin.ee\/tootekategooria\/lapsele\/hoolitsus\/kosmeetika-ja-aksessuaarid\/\" target=\"_blank\" rel=\"noopener\">siit<\/a>.<\/p>\n","protected":false},"excerpt":{"rendered":"<p>Huulel\u00e4ige lastele, mis lisaks niisutavatele omadustele ja kaunile l\u00e4ikele pakub veel mitmeid eeliseid, mida noored preilid hindavad. Huulel\u00e4ige on meeldiva l\u00f5hnaga, mis toob naeratuse n\u00e4ole ja lisab huultele v\u00e4rskust. E-vitamiin, mis on tootesse lisatud, on tuntud oma toitvate ja rahustavate omaduste poolest, aidates huuli intensiivselt niisutada ja kaitsta neid kuivuse ning l\u00f5henemise eest. Lisaks sellele [&hellip;]<\/p>\n","protected":false},"featured_media":21790,"comment_status":"open","ping_status":"closed","template":"","meta":[],"product_brand":[],"product_cat":[173,1096,1162,1165,1166,928],"product_tag":[],"class_list":{"0":"post-34356","1":"product","2":"type-product","3":"status-publish","4":"has-post-thumbnail","6":"product_cat-hoolitsus","7":"product_cat-kosmeetika-ja-aksessuaarid","8":"product_cat-kingituseks","9":"product_cat-3-5-aastat","10":"product_cat-6-8-aastat","11":"product_cat-djeco","12":"has-post-title","13":"has-post-date","14":"has-post-category","15":"has-post-tag","16":"has-post-comment","17":"has-post-author","18":"","20":"first","21":"instock","22":"sale","23":"taxable","24":"shipping-taxable","25":"purchasable","26":"product-type-variable"},"yoast_head":"<!-- This site is optimized with the Yoast SEO plugin v26.8 - https:\/\/yoast.com\/product\/yoast-seo-wordpress\/ -->\n<title>Huulel\u00e4ige Tubi Glam 5ml - sulin.ee<\/title>\n<meta name=\"description\" content=\"Huulel\u00e4ige lastele, mis lisaks niisutavatele omadustele ja kaunile l\u00e4ikele pakub veel mitmeid eeliseid, mida noored preilid hindavad.\" \/>\n<meta name=\"robots\" content=\"index, follow, max-snippet:-1, max-image-preview:large, max-video-preview:-1\" \/>\n<link rel=\"canonical\" href=\"https:\/\/sulin.ee\/en\/toode\/huulelaige-tubi-glam-5ml-4\/\" \/>\n<meta property=\"og:locale\" content=\"en_US\" \/>\n<meta property=\"og:type\" content=\"article\" \/>\n<meta property=\"og:title\" content=\"Huulel\u00e4ige Tubi Glam 5ml - sulin.ee\" \/>\n<meta property=\"og:description\" content=\"Huulel\u00e4ige lastele, mis lisaks niisutavatele omadustele ja kaunile l\u00e4ikele pakub veel mitmeid eeliseid, mida noored preilid hindavad.\" \/>\n<meta property=\"og:url\" content=\"https:\/\/sulin.ee\/en\/toode\/huulelaige-tubi-glam-5ml-4\/\" \/>\n<meta property=\"og:site_name\" content=\"sulin.ee\" \/>\n<meta property=\"article:publisher\" content=\"https:\/\/www.facebook.com\/www.sulin.ee\/\" \/>\n<meta property=\"article:modified_time\" content=\"2025-09-07T21:44:07+00:00\" \/>\n<meta property=\"og:image\" content=\"https:\/\/sulin.ee\/wp-content\/uploads\/2024\/09\/11560-TU3548-tubi-glam-huulelaige-vaarikas-5-ml.jpg\" \/>\n\t<meta property=\"og:image:width\" content=\"800\" \/>\n\t<meta property=\"og:image:height\" content=\"800\" \/>\n\t<meta property=\"og:image:type\" content=\"image\/jpeg\" \/>\n<meta name=\"twitter:card\" content=\"summary_large_image\" \/>\n<meta name=\"twitter:label1\" content=\"Est. reading time\" \/>\n\t<meta name=\"twitter:data1\" content=\"2 minutes\" \/>\n<script type=\"application\/ld+json\" class=\"yoast-schema-graph\">{\"@context\":\"https:\/\/schema.org\",\"@graph\":[{\"@type\":\"WebPage\",\"@id\":\"https:\/\/sulin.ee\/en\/toode\/huulelaige-tubi-glam-5ml-4\/\",\"url\":\"https:\/\/sulin.ee\/en\/toode\/huulelaige-tubi-glam-5ml-4\/\",\"name\":\"Huulel\u00e4ige Tubi Glam 5ml - sulin.ee\",\"isPartOf\":{\"@id\":\"https:\/\/sulin.ee\/en\/#website\"},\"primaryImageOfPage\":{\"@id\":\"https:\/\/sulin.ee\/en\/toode\/huulelaige-tubi-glam-5ml-4\/#primaryimage\"},\"image\":{\"@id\":\"https:\/\/sulin.ee\/en\/toode\/huulelaige-tubi-glam-5ml-4\/#primaryimage\"},\"thumbnailUrl\":\"https:\/\/sulin.ee\/wp-content\/uploads\/2024\/09\/11560-TU3548-tubi-glam-huulelaige-vaarikas-5-ml.jpg\",\"datePublished\":\"2024-12-14T22:50:53+00:00\",\"dateModified\":\"2025-09-07T21:44:07+00:00\",\"description\":\"Huulel\u00e4ige lastele, mis lisaks niisutavatele omadustele ja kaunile l\u00e4ikele pakub veel mitmeid eeliseid, mida noored preilid hindavad.\",\"breadcrumb\":{\"@id\":\"https:\/\/sulin.ee\/en\/toode\/huulelaige-tubi-glam-5ml-4\/#breadcrumb\"},\"inLanguage\":\"en-US\",\"potentialAction\":[{\"@type\":\"ReadAction\",\"target\":[\"https:\/\/sulin.ee\/en\/toode\/huulelaige-tubi-glam-5ml-4\/\"]}]},{\"@type\":\"ImageObject\",\"inLanguage\":\"en-US\",\"@id\":\"https:\/\/sulin.ee\/en\/toode\/huulelaige-tubi-glam-5ml-4\/#primaryimage\",\"url\":\"https:\/\/sulin.ee\/wp-content\/uploads\/2024\/09\/11560-TU3548-tubi-glam-huulelaige-vaarikas-5-ml.jpg\",\"contentUrl\":\"https:\/\/sulin.ee\/wp-content\/uploads\/2024\/09\/11560-TU3548-tubi-glam-huulelaige-vaarikas-5-ml.jpg\",\"width\":800,\"height\":800,\"caption\":\"Huulel\u00e4ige\"},{\"@type\":\"BreadcrumbList\",\"@id\":\"https:\/\/sulin.ee\/en\/toode\/huulelaige-tubi-glam-5ml-4\/#breadcrumb\",\"itemListElement\":[{\"@type\":\"ListItem\",\"position\":1,\"name\":\"Home\",\"item\":\"https:\/\/sulin.ee\/en\/\"},{\"@type\":\"ListItem\",\"position\":2,\"name\":\"Sulin.ee e-pood\",\"item\":\"https:\/\/sulin.ee\/shop\/\"},{\"@type\":\"ListItem\",\"position\":3,\"name\":\"Huulel\u00e4ige Tubi Glam 5ml\"}]},{\"@type\":\"WebSite\",\"@id\":\"https:\/\/sulin.ee\/en\/#website\",\"url\":\"https:\/\/sulin.ee\/en\/\",\"name\":\"sulin.ee\",\"description\":\"\",\"publisher\":{\"@id\":\"https:\/\/sulin.ee\/en\/#organization\"},\"potentialAction\":[{\"@type\":\"SearchAction\",\"target\":{\"@type\":\"EntryPoint\",\"urlTemplate\":\"https:\/\/sulin.ee\/en\/?s={search_term_string}\"},\"query-input\":{\"@type\":\"PropertyValueSpecification\",\"valueRequired\":true,\"valueName\":\"search_term_string\"}}],\"inLanguage\":\"en-US\"},{\"@type\":\"Organization\",\"@id\":\"https:\/\/sulin.ee\/en\/#organization\",\"name\":\"SULIN TRADE O\u00dc\",\"url\":\"https:\/\/sulin.ee\/en\/\",\"logo\":{\"@type\":\"ImageObject\",\"inLanguage\":\"en-US\",\"@id\":\"https:\/\/sulin.ee\/en\/#\/schema\/logo\/image\/\",\"url\":\"https:\/\/sulin.ee\/wp-content\/uploads\/2022\/11\/sulin-logo.png\",\"contentUrl\":\"https:\/\/sulin.ee\/wp-content\/uploads\/2022\/11\/sulin-logo.png\",\"width\":871,\"height\":321,\"caption\":\"SULIN TRADE O\u00dc\"},\"image\":{\"@id\":\"https:\/\/sulin.ee\/en\/#\/schema\/logo\/image\/\"},\"sameAs\":[\"https:\/\/www.facebook.com\/www.sulin.ee\/\",\"https:\/\/www.instagram.com\/sulintrade\/\"]}]}<\/script>\n<!-- \/ Yoast SEO plugin. -->","yoast_head_json":{"title":"Huulel\u00e4ige Tubi Glam 5ml - sulin.ee","description":"Huulel\u00e4ige lastele, mis lisaks niisutavatele omadustele ja kaunile l\u00e4ikele pakub veel mitmeid eeliseid, mida noored preilid hindavad.","robots":{"index":"index","follow":"follow","max-snippet":"max-snippet:-1","max-image-preview":"max-image-preview:large","max-video-preview":"max-video-preview:-1"},"canonical":"https:\/\/sulin.ee\/en\/toode\/huulelaige-tubi-glam-5ml-4\/","og_locale":"en_US","og_type":"article","og_title":"Huulel\u00e4ige Tubi Glam 5ml - sulin.ee","og_description":"Huulel\u00e4ige lastele, mis lisaks niisutavatele omadustele ja kaunile l\u00e4ikele pakub veel mitmeid eeliseid, mida noored preilid hindavad.","og_url":"https:\/\/sulin.ee\/en\/toode\/huulelaige-tubi-glam-5ml-4\/","og_site_name":"sulin.ee","article_publisher":"https:\/\/www.facebook.com\/www.sulin.ee\/","article_modified_time":"2025-09-07T21:44:07+00:00","og_image":[{"width":800,"height":800,"url":"https:\/\/sulin.ee\/wp-content\/uploads\/2024\/09\/11560-TU3548-tubi-glam-huulelaige-vaarikas-5-ml.jpg","type":"image\/jpeg"}],"twitter_card":"summary_large_image","twitter_misc":{"Est. reading time":"2 minutes"},"schema":{"@context":"https:\/\/schema.org","@graph":[{"@type":"WebPage","@id":"https:\/\/sulin.ee\/en\/toode\/huulelaige-tubi-glam-5ml-4\/","url":"https:\/\/sulin.ee\/en\/toode\/huulelaige-tubi-glam-5ml-4\/","name":"Huulel\u00e4ige Tubi Glam 5ml - sulin.ee","isPartOf":{"@id":"https:\/\/sulin.ee\/en\/#website"},"primaryImageOfPage":{"@id":"https:\/\/sulin.ee\/en\/toode\/huulelaige-tubi-glam-5ml-4\/#primaryimage"},"image":{"@id":"https:\/\/sulin.ee\/en\/toode\/huulelaige-tubi-glam-5ml-4\/#primaryimage"},"thumbnailUrl":"https:\/\/sulin.ee\/wp-content\/uploads\/2024\/09\/11560-TU3548-tubi-glam-huulelaige-vaarikas-5-ml.jpg","datePublished":"2024-12-14T22:50:53+00:00","dateModified":"2025-09-07T21:44:07+00:00","description":"Huulel\u00e4ige lastele, mis lisaks niisutavatele omadustele ja kaunile l\u00e4ikele pakub veel mitmeid eeliseid, mida noored preilid hindavad.","breadcrumb":{"@id":"https:\/\/sulin.ee\/en\/toode\/huulelaige-tubi-glam-5ml-4\/#breadcrumb"},"inLanguage":"en-US","potentialAction":[{"@type":"ReadAction","target":["https:\/\/sulin.ee\/en\/toode\/huulelaige-tubi-glam-5ml-4\/"]}]},{"@type":"ImageObject","inLanguage":"en-US","@id":"https:\/\/sulin.ee\/en\/toode\/huulelaige-tubi-glam-5ml-4\/#primaryimage","url":"https:\/\/sulin.ee\/wp-content\/uploads\/2024\/09\/11560-TU3548-tubi-glam-huulelaige-vaarikas-5-ml.jpg","contentUrl":"https:\/\/sulin.ee\/wp-content\/uploads\/2024\/09\/11560-TU3548-tubi-glam-huulelaige-vaarikas-5-ml.jpg","width":800,"height":800,"caption":"Huulel\u00e4ige"},{"@type":"BreadcrumbList","@id":"https:\/\/sulin.ee\/en\/toode\/huulelaige-tubi-glam-5ml-4\/#breadcrumb","itemListElement":[{"@type":"ListItem","position":1,"name":"Home","item":"https:\/\/sulin.ee\/en\/"},{"@type":"ListItem","position":2,"name":"Sulin.ee e-pood","item":"https:\/\/sulin.ee\/shop\/"},{"@type":"ListItem","position":3,"name":"Huulel\u00e4ige Tubi Glam 5ml"}]},{"@type":"WebSite","@id":"https:\/\/sulin.ee\/en\/#website","url":"https:\/\/sulin.ee\/en\/","name":"sulin.ee","description":"","publisher":{"@id":"https:\/\/sulin.ee\/en\/#organization"},"potentialAction":[{"@type":"SearchAction","target":{"@type":"EntryPoint","urlTemplate":"https:\/\/sulin.ee\/en\/?s={search_term_string}"},"query-input":{"@type":"PropertyValueSpecification","valueRequired":true,"valueName":"search_term_string"}}],"inLanguage":"en-US"},{"@type":"Organization","@id":"https:\/\/sulin.ee\/en\/#organization","name":"SULIN TRADE O\u00dc","url":"https:\/\/sulin.ee\/en\/","logo":{"@type":"ImageObject","inLanguage":"en-US","@id":"https:\/\/sulin.ee\/en\/#\/schema\/logo\/image\/","url":"https:\/\/sulin.ee\/wp-content\/uploads\/2022\/11\/sulin-logo.png","contentUrl":"https:\/\/sulin.ee\/wp-content\/uploads\/2022\/11\/sulin-logo.png","width":871,"height":321,"caption":"SULIN TRADE O\u00dc"},"image":{"@id":"https:\/\/sulin.ee\/en\/#\/schema\/logo\/image\/"},"sameAs":["https:\/\/www.facebook.com\/www.sulin.ee\/","https:\/\/www.instagram.com\/sulintrade\/"]}]}},"builder_content":"","_links":{"self":[{"href":"https:\/\/sulin.ee\/en\/wp-json\/wp\/v2\/product\/34356","targetHints":{"allow":["GET"]}}],"collection":[{"href":"https:\/\/sulin.ee\/en\/wp-json\/wp\/v2\/product"}],"about":[{"href":"https:\/\/sulin.ee\/en\/wp-json\/wp\/v2\/types\/product"}],"replies":[{"embeddable":true,"href":"https:\/\/sulin.ee\/en\/wp-json\/wp\/v2\/comments?post=34356"}],"wp:featuredmedia":[{"embeddable":true,"href":"https:\/\/sulin.ee\/en\/wp-json\/wp\/v2\/media\/21790"}],"wp:attachment":[{"href":"https:\/\/sulin.ee\/en\/wp-json\/wp\/v2\/media?parent=34356"}],"wp:term":[{"taxonomy":"product_brand","embeddable":true,"href":"https:\/\/sulin.ee\/en\/wp-json\/wp\/v2\/product_brand?post=34356"},{"taxonomy":"product_cat","embeddable":true,"href":"https:\/\/sulin.ee\/en\/wp-json\/wp\/v2\/product_cat?post=34356"},{"taxonomy":"product_tag","embeddable":true,"href":"https:\/\/sulin.ee\/en\/wp-json\/wp\/v2\/product_tag?post=34356"}],"curies":[{"name":"wp","href":"https:\/\/api.w.org\/{rel}","templated":true}]}}