{"id":31240,"date":"2024-12-14T12:03:16","date_gmt":"2024-12-14T12:03:16","guid":{"rendered":"https:\/\/sulin.ee\/?post_type=product&#038;p=31240"},"modified":"2025-12-01T22:30:56","modified_gmt":"2025-12-01T22:30:56","slug":"mici-vormid-lille-seeria-2","status":"publish","type":"product","link":"https:\/\/sulin.ee\/en\/toode\/mici-vormid-lille-seeria-2\/","title":{"rendered":"MICI vormid lille seeria"},"content":{"rendered":"<p id=\"tw-target-text\" class=\"tw-data-text tw-text-large tw-ta\" dir=\"ltr\" style=\"text-align: justify;\" data-placeholder=\"T\u00f5lge\"><span class=\"Y2IQFc\" style=\"font-family: arial, helvetica, sans-serif; font-size: medium;\">Vorme saab kasutada nii voolimismassiga m\u00e4ngimiseks kui ka perega k\u00f6\u00f6gis k\u00fcpsiste k\u00fcpsetamiseks.<\/span><\/p>\n<p class=\"tw-data-text tw-text-large tw-ta\" dir=\"ltr\" style=\"text-align: justify;\" data-placeholder=\"T\u00f5lge\"><span class=\"Y2IQFc\" style=\"font-family: arial, helvetica, sans-serif; font-size: medium;\"><strong>Hooldus:<\/strong>\u00a0Pese vorme k\u00e4sitsi! Ei sobi n\u00f5udepesumasinas pesemiseks!<\/span><\/p>\n<p class=\"tw-data-text tw-text-large tw-ta\" dir=\"ltr\" style=\"text-align: justify;\" data-placeholder=\"T\u00f5lge\"><span class=\"Y2IQFc\" style=\"font-family: arial, helvetica, sans-serif; font-size: medium;\"><strong>Materjal:<\/strong>\u00a0bioplast.<\/span><\/p>\n<p class=\"tw-data-text tw-text-large tw-ta\" dir=\"ltr\" style=\"text-align: justify;\" data-placeholder=\"T\u00f5lge\"><span style=\"font-family: arial, helvetica, sans-serif; font-size: medium;\"><span class=\"Y2IQFc\">Toodetud L\u00e4tis.\u00a0<\/span>Sobib alates 3+ vanuses lastele.\u00a0<\/span><\/p>\n","protected":false},"excerpt":{"rendered":"<p>Vorme saab kasutada nii voolimismassiga m\u00e4ngimiseks kui ka perega k\u00f6\u00f6gis k\u00fcpsiste k\u00fcpsetamiseks. Hooldus:\u00a0Pese vorme k\u00e4sitsi! Ei sobi n\u00f5udepesumasinas pesemiseks! Materjal:\u00a0bioplast. Toodetud L\u00e4tis.\u00a0Sobib alates 3+ vanuses lastele.\u00a0<\/p>\n","protected":false},"featured_media":24618,"comment_status":"open","ping_status":"closed","template":"","meta":[],"product_brand":[],"product_cat":[110,1162,1164,1165,1166,926,232],"product_tag":[],"class_list":{"0":"post-31240","1":"product","2":"type-product","3":"status-publish","4":"has-post-thumbnail","6":"product_cat-mangimine","7":"product_cat-kingituseks","8":"product_cat-1-3-aastat","9":"product_cat-3-5-aastat","10":"product_cat-6-8-aastat","11":"product_cat-voolimismassid","12":"product_cat-mici","13":"has-post-title","14":"has-post-date","15":"has-post-category","16":"has-post-tag","17":"has-post-comment","18":"has-post-author","19":"","21":"first","22":"instock","23":"sale","24":"taxable","25":"shipping-taxable","26":"purchasable","27":"product-type-variable"},"yoast_head":"<!-- This site is optimized with the Yoast SEO plugin v26.8 - https:\/\/yoast.com\/product\/yoast-seo-wordpress\/ -->\n<title>MICI vormid lille seeria - sulin.ee<\/title>\n<meta name=\"robots\" content=\"index, follow, max-snippet:-1, max-image-preview:large, max-video-preview:-1\" \/>\n<link rel=\"canonical\" href=\"https:\/\/sulin.ee\/en\/toode\/mici-vormid-lille-seeria-2\/\" \/>\n<meta property=\"og:locale\" content=\"en_US\" \/>\n<meta property=\"og:type\" content=\"article\" \/>\n<meta property=\"og:title\" content=\"MICI vormid lille seeria - sulin.ee\" \/>\n<meta property=\"og:description\" content=\"Vorme saab kasutada nii voolimismassiga m\u00e4ngimiseks kui ka perega k\u00f6\u00f6gis k\u00fcpsiste k\u00fcpsetamiseks. Hooldus:\u00a0Pese vorme k\u00e4sitsi! Ei sobi n\u00f5udepesumasinas pesemiseks! Materjal:\u00a0bioplast. Toodetud L\u00e4tis.\u00a0Sobib alates 3+ vanuses lastele.\u00a0\" \/>\n<meta property=\"og:url\" content=\"https:\/\/sulin.ee\/en\/toode\/mici-vormid-lille-seeria-2\/\" \/>\n<meta property=\"og:site_name\" content=\"sulin.ee\" \/>\n<meta property=\"article:publisher\" content=\"https:\/\/www.facebook.com\/www.sulin.ee\/\" \/>\n<meta property=\"article:modified_time\" content=\"2025-12-01T22:30:56+00:00\" \/>\n<meta property=\"og:image\" content=\"https:\/\/sulin.ee\/wp-content\/uploads\/2024\/11\/IMG_8509-cddb47cb1bf1fab41bd01476af8114dc.jpeg\" \/>\n\t<meta property=\"og:image:width\" content=\"746\" \/>\n\t<meta property=\"og:image:height\" content=\"1120\" \/>\n\t<meta property=\"og:image:type\" content=\"image\/jpeg\" \/>\n<meta name=\"twitter:card\" content=\"summary_large_image\" \/>\n<meta name=\"twitter:label1\" content=\"Est. reading time\" \/>\n\t<meta name=\"twitter:data1\" content=\"1 minute\" \/>\n<script type=\"application\/ld+json\" class=\"yoast-schema-graph\">{\"@context\":\"https:\/\/schema.org\",\"@graph\":[{\"@type\":\"WebPage\",\"@id\":\"https:\/\/sulin.ee\/en\/toode\/mici-vormid-lille-seeria-2\/\",\"url\":\"https:\/\/sulin.ee\/en\/toode\/mici-vormid-lille-seeria-2\/\",\"name\":\"MICI vormid lille seeria - sulin.ee\",\"isPartOf\":{\"@id\":\"https:\/\/sulin.ee\/en\/#website\"},\"primaryImageOfPage\":{\"@id\":\"https:\/\/sulin.ee\/en\/toode\/mici-vormid-lille-seeria-2\/#primaryimage\"},\"image\":{\"@id\":\"https:\/\/sulin.ee\/en\/toode\/mici-vormid-lille-seeria-2\/#primaryimage\"},\"thumbnailUrl\":\"https:\/\/sulin.ee\/wp-content\/uploads\/2024\/11\/IMG_8509-cddb47cb1bf1fab41bd01476af8114dc.jpeg\",\"datePublished\":\"2024-12-14T12:03:16+00:00\",\"dateModified\":\"2025-12-01T22:30:56+00:00\",\"breadcrumb\":{\"@id\":\"https:\/\/sulin.ee\/en\/toode\/mici-vormid-lille-seeria-2\/#breadcrumb\"},\"inLanguage\":\"en-US\",\"potentialAction\":[{\"@type\":\"ReadAction\",\"target\":[\"https:\/\/sulin.ee\/en\/toode\/mici-vormid-lille-seeria-2\/\"]}]},{\"@type\":\"ImageObject\",\"inLanguage\":\"en-US\",\"@id\":\"https:\/\/sulin.ee\/en\/toode\/mici-vormid-lille-seeria-2\/#primaryimage\",\"url\":\"https:\/\/sulin.ee\/wp-content\/uploads\/2024\/11\/IMG_8509-cddb47cb1bf1fab41bd01476af8114dc.jpeg\",\"contentUrl\":\"https:\/\/sulin.ee\/wp-content\/uploads\/2024\/11\/IMG_8509-cddb47cb1bf1fab41bd01476af8114dc.jpeg\",\"width\":746,\"height\":1120,\"caption\":\"MICI vormid lillede seeria\"},{\"@type\":\"BreadcrumbList\",\"@id\":\"https:\/\/sulin.ee\/en\/toode\/mici-vormid-lille-seeria-2\/#breadcrumb\",\"itemListElement\":[{\"@type\":\"ListItem\",\"position\":1,\"name\":\"Home\",\"item\":\"https:\/\/sulin.ee\/en\/\"},{\"@type\":\"ListItem\",\"position\":2,\"name\":\"Sulin.ee e-pood\",\"item\":\"https:\/\/sulin.ee\/shop\/\"},{\"@type\":\"ListItem\",\"position\":3,\"name\":\"MICI vormid lille seeria\"}]},{\"@type\":\"WebSite\",\"@id\":\"https:\/\/sulin.ee\/en\/#website\",\"url\":\"https:\/\/sulin.ee\/en\/\",\"name\":\"sulin.ee\",\"description\":\"\",\"publisher\":{\"@id\":\"https:\/\/sulin.ee\/en\/#organization\"},\"potentialAction\":[{\"@type\":\"SearchAction\",\"target\":{\"@type\":\"EntryPoint\",\"urlTemplate\":\"https:\/\/sulin.ee\/en\/?s={search_term_string}\"},\"query-input\":{\"@type\":\"PropertyValueSpecification\",\"valueRequired\":true,\"valueName\":\"search_term_string\"}}],\"inLanguage\":\"en-US\"},{\"@type\":\"Organization\",\"@id\":\"https:\/\/sulin.ee\/en\/#organization\",\"name\":\"SULIN TRADE O\u00dc\",\"url\":\"https:\/\/sulin.ee\/en\/\",\"logo\":{\"@type\":\"ImageObject\",\"inLanguage\":\"en-US\",\"@id\":\"https:\/\/sulin.ee\/en\/#\/schema\/logo\/image\/\",\"url\":\"https:\/\/sulin.ee\/wp-content\/uploads\/2022\/11\/sulin-logo.png\",\"contentUrl\":\"https:\/\/sulin.ee\/wp-content\/uploads\/2022\/11\/sulin-logo.png\",\"width\":871,\"height\":321,\"caption\":\"SULIN TRADE O\u00dc\"},\"image\":{\"@id\":\"https:\/\/sulin.ee\/en\/#\/schema\/logo\/image\/\"},\"sameAs\":[\"https:\/\/www.facebook.com\/www.sulin.ee\/\",\"https:\/\/www.instagram.com\/sulintrade\/\"]}]}<\/script>\n<!-- \/ Yoast SEO plugin. -->","yoast_head_json":{"title":"MICI vormid lille seeria - sulin.ee","robots":{"index":"index","follow":"follow","max-snippet":"max-snippet:-1","max-image-preview":"max-image-preview:large","max-video-preview":"max-video-preview:-1"},"canonical":"https:\/\/sulin.ee\/en\/toode\/mici-vormid-lille-seeria-2\/","og_locale":"en_US","og_type":"article","og_title":"MICI vormid lille seeria - sulin.ee","og_description":"Vorme saab kasutada nii voolimismassiga m\u00e4ngimiseks kui ka perega k\u00f6\u00f6gis k\u00fcpsiste k\u00fcpsetamiseks. Hooldus:\u00a0Pese vorme k\u00e4sitsi! Ei sobi n\u00f5udepesumasinas pesemiseks! Materjal:\u00a0bioplast. Toodetud L\u00e4tis.\u00a0Sobib alates 3+ vanuses lastele.\u00a0","og_url":"https:\/\/sulin.ee\/en\/toode\/mici-vormid-lille-seeria-2\/","og_site_name":"sulin.ee","article_publisher":"https:\/\/www.facebook.com\/www.sulin.ee\/","article_modified_time":"2025-12-01T22:30:56+00:00","og_image":[{"width":746,"height":1120,"url":"https:\/\/sulin.ee\/wp-content\/uploads\/2024\/11\/IMG_8509-cddb47cb1bf1fab41bd01476af8114dc.jpeg","type":"image\/jpeg"}],"twitter_card":"summary_large_image","twitter_misc":{"Est. reading time":"1 minute"},"schema":{"@context":"https:\/\/schema.org","@graph":[{"@type":"WebPage","@id":"https:\/\/sulin.ee\/en\/toode\/mici-vormid-lille-seeria-2\/","url":"https:\/\/sulin.ee\/en\/toode\/mici-vormid-lille-seeria-2\/","name":"MICI vormid lille seeria - sulin.ee","isPartOf":{"@id":"https:\/\/sulin.ee\/en\/#website"},"primaryImageOfPage":{"@id":"https:\/\/sulin.ee\/en\/toode\/mici-vormid-lille-seeria-2\/#primaryimage"},"image":{"@id":"https:\/\/sulin.ee\/en\/toode\/mici-vormid-lille-seeria-2\/#primaryimage"},"thumbnailUrl":"https:\/\/sulin.ee\/wp-content\/uploads\/2024\/11\/IMG_8509-cddb47cb1bf1fab41bd01476af8114dc.jpeg","datePublished":"2024-12-14T12:03:16+00:00","dateModified":"2025-12-01T22:30:56+00:00","breadcrumb":{"@id":"https:\/\/sulin.ee\/en\/toode\/mici-vormid-lille-seeria-2\/#breadcrumb"},"inLanguage":"en-US","potentialAction":[{"@type":"ReadAction","target":["https:\/\/sulin.ee\/en\/toode\/mici-vormid-lille-seeria-2\/"]}]},{"@type":"ImageObject","inLanguage":"en-US","@id":"https:\/\/sulin.ee\/en\/toode\/mici-vormid-lille-seeria-2\/#primaryimage","url":"https:\/\/sulin.ee\/wp-content\/uploads\/2024\/11\/IMG_8509-cddb47cb1bf1fab41bd01476af8114dc.jpeg","contentUrl":"https:\/\/sulin.ee\/wp-content\/uploads\/2024\/11\/IMG_8509-cddb47cb1bf1fab41bd01476af8114dc.jpeg","width":746,"height":1120,"caption":"MICI vormid lillede seeria"},{"@type":"BreadcrumbList","@id":"https:\/\/sulin.ee\/en\/toode\/mici-vormid-lille-seeria-2\/#breadcrumb","itemListElement":[{"@type":"ListItem","position":1,"name":"Home","item":"https:\/\/sulin.ee\/en\/"},{"@type":"ListItem","position":2,"name":"Sulin.ee e-pood","item":"https:\/\/sulin.ee\/shop\/"},{"@type":"ListItem","position":3,"name":"MICI vormid lille seeria"}]},{"@type":"WebSite","@id":"https:\/\/sulin.ee\/en\/#website","url":"https:\/\/sulin.ee\/en\/","name":"sulin.ee","description":"","publisher":{"@id":"https:\/\/sulin.ee\/en\/#organization"},"potentialAction":[{"@type":"SearchAction","target":{"@type":"EntryPoint","urlTemplate":"https:\/\/sulin.ee\/en\/?s={search_term_string}"},"query-input":{"@type":"PropertyValueSpecification","valueRequired":true,"valueName":"search_term_string"}}],"inLanguage":"en-US"},{"@type":"Organization","@id":"https:\/\/sulin.ee\/en\/#organization","name":"SULIN TRADE O\u00dc","url":"https:\/\/sulin.ee\/en\/","logo":{"@type":"ImageObject","inLanguage":"en-US","@id":"https:\/\/sulin.ee\/en\/#\/schema\/logo\/image\/","url":"https:\/\/sulin.ee\/wp-content\/uploads\/2022\/11\/sulin-logo.png","contentUrl":"https:\/\/sulin.ee\/wp-content\/uploads\/2022\/11\/sulin-logo.png","width":871,"height":321,"caption":"SULIN TRADE O\u00dc"},"image":{"@id":"https:\/\/sulin.ee\/en\/#\/schema\/logo\/image\/"},"sameAs":["https:\/\/www.facebook.com\/www.sulin.ee\/","https:\/\/www.instagram.com\/sulintrade\/"]}]}},"builder_content":"","_links":{"self":[{"href":"https:\/\/sulin.ee\/en\/wp-json\/wp\/v2\/product\/31240","targetHints":{"allow":["GET"]}}],"collection":[{"href":"https:\/\/sulin.ee\/en\/wp-json\/wp\/v2\/product"}],"about":[{"href":"https:\/\/sulin.ee\/en\/wp-json\/wp\/v2\/types\/product"}],"replies":[{"embeddable":true,"href":"https:\/\/sulin.ee\/en\/wp-json\/wp\/v2\/comments?post=31240"}],"wp:featuredmedia":[{"embeddable":true,"href":"https:\/\/sulin.ee\/en\/wp-json\/wp\/v2\/media\/24618"}],"wp:attachment":[{"href":"https:\/\/sulin.ee\/en\/wp-json\/wp\/v2\/media?parent=31240"}],"wp:term":[{"taxonomy":"product_brand","embeddable":true,"href":"https:\/\/sulin.ee\/en\/wp-json\/wp\/v2\/product_brand?post=31240"},{"taxonomy":"product_cat","embeddable":true,"href":"https:\/\/sulin.ee\/en\/wp-json\/wp\/v2\/product_cat?post=31240"},{"taxonomy":"product_tag","embeddable":true,"href":"https:\/\/sulin.ee\/en\/wp-json\/wp\/v2\/product_tag?post=31240"}],"curies":[{"name":"wp","href":"https:\/\/api.w.org\/{rel}","templated":true}]}}