{"id":31234,"date":"2024-12-14T12:02:45","date_gmt":"2024-12-14T12:02:45","guid":{"rendered":"https:\/\/sulin.ee\/?post_type=product&#038;p=31234"},"modified":"2026-03-09T17:45:20","modified_gmt":"2026-03-09T17:45:20","slug":"petit-monkey-soogiriistade-komplekt","status":"publish","type":"product","link":"https:\/\/sulin.ee\/en\/toode\/petit-monkey-soogiriistade-komplekt\/","title":{"rendered":"Petit Monkey s\u00f6\u00f6giriistade komplekt"},"content":{"rendered":"<p><strong>Petit Monkey s\u00f6\u00f6giriistade komplekt<\/strong> on loodud spetsiaalselt v\u00e4ikestele s\u00f6\u00f6jatele, kes \u00f5pivad iseseisvalt toiduga toime tulema. Komplekti kuuluvad kolm 13,5 cm pikkust roostevabast terasest s\u00f6\u00f6giriista, millel on vastupidavad ja k\u00e4ep\u00e4rased ABS-plastikust k\u00e4epidemed. K\u00e4epidemed on kaunistatud unikaalsete ja armsate illustratsioonidega. See komplekt sobib ideaalselt Petit Monkey melamiinist n\u00f5udega, pakkudes nii praktilisust kui ka visuaalset harmooniat.<\/p>\n<p>S\u00f6\u00f6giriistad on m\u00f5eldud kasutamiseks alates 18. elukuust. Need on n\u00f5udepesumasinas pestavad kuni 60 \u00b0C juures ja vastavad rangetele Euroopa ohutusstandarditele EN14732 ja LFGB. Ohutuse tagamiseks tuleb toodet kasutada alati t\u00e4iskasvanu j\u00e4relvalve all, kontrollida enne iga kasutuskorda ning v\u00e4ltida s\u00f6\u00f6giriistade andmist lastele, kui need pole j\u00e4relevalve all. Mikrolaineahjus kasutamine ei ole lubatud, ning toidu temperatuur tuleks enne lapsele pakkumist kindlasti kontrollida.<\/p>\n<p><strong><a href=\"https:\/\/petitmonkey.com\/\" target=\"_blank\" rel=\"noopener\">Petit Monkey<\/a> s\u00f6\u00f6giriistade komplekt<\/strong> on turvaline, praktiline ja kaunis valik, mis muudab iga s\u00f6\u00f6gikorra eriliseks ja l\u00f5busaks.<\/p>\n<p><strong>M\u00f5\u00f5dud:<\/strong> 11 x 15,5 x 2 cm.<\/p>\n<p>Avastage ka meie teised <a href=\"https:\/\/sulin.ee\/tootekategooria\/lapsele\/soomine\/sooginoud\/\" target=\"_blank\" rel=\"noopener\"><strong>kvaliteetsed ja stiilsed toidun\u00f5ud lastele<\/strong><\/a>, mis toovad teie k\u00f6\u00f6ki r\u00f5\u00f5mu ja praktilisust!<\/p>\n","protected":false},"excerpt":{"rendered":"<p><strong>Petit Monkey s\u00f6\u00f6giriistade komplekt<\/strong> <strong>on armas ja praktiline valik v\u00e4ikestele s\u00f6\u00f6jatele. Kolmest osast koosnev komplekt, valmistatud roostevabast terasest ja ABS-plastikust, sobib alates 18. elukuust, on n\u00f5udepesumasinas pestav ja kaunistatud unikaalsete illustratsioonidega.<\/strong><\/p>\n","protected":false},"featured_media":24183,"comment_status":"open","ping_status":"closed","template":"","meta":[],"product_brand":[],"product_cat":[43,171,178,1126],"product_tag":[],"class_list":{"0":"post-31234","1":"product","2":"type-product","3":"status-publish","4":"has-post-thumbnail","6":"product_cat-lastele","7":"product_cat-soomine","8":"product_cat-sooginoud-lastele","9":"product_cat-petit-monkey","10":"has-post-title","11":"has-post-date","12":"has-post-category","13":"has-post-tag","14":"has-post-comment","15":"has-post-author","16":"","18":"first","19":"instock","20":"sale","21":"taxable","22":"shipping-taxable","23":"purchasable","24":"product-type-variable"},"yoast_head":"<!-- This site is optimized with the Yoast SEO plugin v26.8 - https:\/\/yoast.com\/product\/yoast-seo-wordpress\/ -->\n<title>Petit Monkey s\u00f6\u00f6giriistade komplekt - sulin.ee<\/title>\n<meta name=\"description\" content=\"Petit Monkey s\u00f6\u00f6giriistade komplekt on loodud spetsiaalselt v\u00e4ikestele s\u00f6\u00f6jatele, kes \u00f5pivad iseseisvalt toiduga toime tulema.\" \/>\n<meta name=\"robots\" content=\"index, follow, max-snippet:-1, max-image-preview:large, max-video-preview:-1\" \/>\n<link rel=\"canonical\" href=\"https:\/\/sulin.ee\/en\/toode\/petit-monkey-soogiriistade-komplekt\/\" \/>\n<meta property=\"og:locale\" content=\"en_US\" \/>\n<meta property=\"og:type\" content=\"article\" \/>\n<meta property=\"og:title\" content=\"Petit Monkey s\u00f6\u00f6giriistade komplekt - sulin.ee\" \/>\n<meta property=\"og:description\" content=\"Petit Monkey s\u00f6\u00f6giriistade komplekt on loodud spetsiaalselt v\u00e4ikestele s\u00f6\u00f6jatele, kes \u00f5pivad iseseisvalt toiduga toime tulema.\" \/>\n<meta property=\"og:url\" content=\"https:\/\/sulin.ee\/en\/toode\/petit-monkey-soogiriistade-komplekt\/\" \/>\n<meta property=\"og:site_name\" content=\"sulin.ee\" \/>\n<meta property=\"article:publisher\" content=\"https:\/\/www.facebook.com\/www.sulin.ee\/\" \/>\n<meta property=\"article:modified_time\" content=\"2026-03-09T17:45:20+00:00\" \/>\n<meta property=\"og:image\" content=\"https:\/\/sulin.ee\/wp-content\/uploads\/2024\/11\/103_x2000.webp\" \/>\n\t<meta property=\"og:image:width\" content=\"1000\" \/>\n\t<meta property=\"og:image:height\" content=\"1000\" \/>\n\t<meta property=\"og:image:type\" content=\"image\/webp\" \/>\n<meta name=\"twitter:card\" content=\"summary_large_image\" \/>\n<meta name=\"twitter:label1\" content=\"Est. reading time\" \/>\n\t<meta name=\"twitter:data1\" content=\"2 minutes\" \/>\n<script type=\"application\/ld+json\" class=\"yoast-schema-graph\">{\"@context\":\"https:\/\/schema.org\",\"@graph\":[{\"@type\":\"WebPage\",\"@id\":\"https:\/\/sulin.ee\/en\/toode\/petit-monkey-soogiriistade-komplekt\/\",\"url\":\"https:\/\/sulin.ee\/en\/toode\/petit-monkey-soogiriistade-komplekt\/\",\"name\":\"Petit Monkey s\u00f6\u00f6giriistade komplekt - sulin.ee\",\"isPartOf\":{\"@id\":\"https:\/\/sulin.ee\/en\/#website\"},\"primaryImageOfPage\":{\"@id\":\"https:\/\/sulin.ee\/en\/toode\/petit-monkey-soogiriistade-komplekt\/#primaryimage\"},\"image\":{\"@id\":\"https:\/\/sulin.ee\/en\/toode\/petit-monkey-soogiriistade-komplekt\/#primaryimage\"},\"thumbnailUrl\":\"https:\/\/sulin.ee\/wp-content\/uploads\/2024\/11\/103_x2000.webp\",\"datePublished\":\"2024-12-14T12:02:45+00:00\",\"dateModified\":\"2026-03-09T17:45:20+00:00\",\"description\":\"Petit Monkey s\u00f6\u00f6giriistade komplekt on loodud spetsiaalselt v\u00e4ikestele s\u00f6\u00f6jatele, kes \u00f5pivad iseseisvalt toiduga toime tulema.\",\"breadcrumb\":{\"@id\":\"https:\/\/sulin.ee\/en\/toode\/petit-monkey-soogiriistade-komplekt\/#breadcrumb\"},\"inLanguage\":\"en-US\",\"potentialAction\":[{\"@type\":\"ReadAction\",\"target\":[\"https:\/\/sulin.ee\/en\/toode\/petit-monkey-soogiriistade-komplekt\/\"]}]},{\"@type\":\"ImageObject\",\"inLanguage\":\"en-US\",\"@id\":\"https:\/\/sulin.ee\/en\/toode\/petit-monkey-soogiriistade-komplekt\/#primaryimage\",\"url\":\"https:\/\/sulin.ee\/wp-content\/uploads\/2024\/11\/103_x2000.webp\",\"contentUrl\":\"https:\/\/sulin.ee\/wp-content\/uploads\/2024\/11\/103_x2000.webp\",\"width\":1000,\"height\":1000,\"caption\":\"Petit Monkey s\u00f6\u00f6giriistade komplekt\"},{\"@type\":\"BreadcrumbList\",\"@id\":\"https:\/\/sulin.ee\/en\/toode\/petit-monkey-soogiriistade-komplekt\/#breadcrumb\",\"itemListElement\":[{\"@type\":\"ListItem\",\"position\":1,\"name\":\"Home\",\"item\":\"https:\/\/sulin.ee\/en\/\"},{\"@type\":\"ListItem\",\"position\":2,\"name\":\"Sulin.ee e-pood\",\"item\":\"https:\/\/sulin.ee\/shop\/\"},{\"@type\":\"ListItem\",\"position\":3,\"name\":\"Petit Monkey s\u00f6\u00f6giriistade komplekt\"}]},{\"@type\":\"WebSite\",\"@id\":\"https:\/\/sulin.ee\/en\/#website\",\"url\":\"https:\/\/sulin.ee\/en\/\",\"name\":\"sulin.ee\",\"description\":\"\",\"publisher\":{\"@id\":\"https:\/\/sulin.ee\/en\/#organization\"},\"potentialAction\":[{\"@type\":\"SearchAction\",\"target\":{\"@type\":\"EntryPoint\",\"urlTemplate\":\"https:\/\/sulin.ee\/en\/?s={search_term_string}\"},\"query-input\":{\"@type\":\"PropertyValueSpecification\",\"valueRequired\":true,\"valueName\":\"search_term_string\"}}],\"inLanguage\":\"en-US\"},{\"@type\":\"Organization\",\"@id\":\"https:\/\/sulin.ee\/en\/#organization\",\"name\":\"SULIN TRADE O\u00dc\",\"url\":\"https:\/\/sulin.ee\/en\/\",\"logo\":{\"@type\":\"ImageObject\",\"inLanguage\":\"en-US\",\"@id\":\"https:\/\/sulin.ee\/en\/#\/schema\/logo\/image\/\",\"url\":\"https:\/\/sulin.ee\/wp-content\/uploads\/2022\/11\/sulin-logo.png\",\"contentUrl\":\"https:\/\/sulin.ee\/wp-content\/uploads\/2022\/11\/sulin-logo.png\",\"width\":871,\"height\":321,\"caption\":\"SULIN TRADE O\u00dc\"},\"image\":{\"@id\":\"https:\/\/sulin.ee\/en\/#\/schema\/logo\/image\/\"},\"sameAs\":[\"https:\/\/www.facebook.com\/www.sulin.ee\/\",\"https:\/\/www.instagram.com\/sulintrade\/\"]}]}<\/script>\n<!-- \/ Yoast SEO plugin. -->","yoast_head_json":{"title":"Petit Monkey s\u00f6\u00f6giriistade komplekt - sulin.ee","description":"Petit Monkey s\u00f6\u00f6giriistade komplekt on loodud spetsiaalselt v\u00e4ikestele s\u00f6\u00f6jatele, kes \u00f5pivad iseseisvalt toiduga toime tulema.","robots":{"index":"index","follow":"follow","max-snippet":"max-snippet:-1","max-image-preview":"max-image-preview:large","max-video-preview":"max-video-preview:-1"},"canonical":"https:\/\/sulin.ee\/en\/toode\/petit-monkey-soogiriistade-komplekt\/","og_locale":"en_US","og_type":"article","og_title":"Petit Monkey s\u00f6\u00f6giriistade komplekt - sulin.ee","og_description":"Petit Monkey s\u00f6\u00f6giriistade komplekt on loodud spetsiaalselt v\u00e4ikestele s\u00f6\u00f6jatele, kes \u00f5pivad iseseisvalt toiduga toime tulema.","og_url":"https:\/\/sulin.ee\/en\/toode\/petit-monkey-soogiriistade-komplekt\/","og_site_name":"sulin.ee","article_publisher":"https:\/\/www.facebook.com\/www.sulin.ee\/","article_modified_time":"2026-03-09T17:45:20+00:00","og_image":[{"width":1000,"height":1000,"url":"https:\/\/sulin.ee\/wp-content\/uploads\/2024\/11\/103_x2000.webp","type":"image\/webp"}],"twitter_card":"summary_large_image","twitter_misc":{"Est. reading time":"2 minutes"},"schema":{"@context":"https:\/\/schema.org","@graph":[{"@type":"WebPage","@id":"https:\/\/sulin.ee\/en\/toode\/petit-monkey-soogiriistade-komplekt\/","url":"https:\/\/sulin.ee\/en\/toode\/petit-monkey-soogiriistade-komplekt\/","name":"Petit Monkey s\u00f6\u00f6giriistade komplekt - sulin.ee","isPartOf":{"@id":"https:\/\/sulin.ee\/en\/#website"},"primaryImageOfPage":{"@id":"https:\/\/sulin.ee\/en\/toode\/petit-monkey-soogiriistade-komplekt\/#primaryimage"},"image":{"@id":"https:\/\/sulin.ee\/en\/toode\/petit-monkey-soogiriistade-komplekt\/#primaryimage"},"thumbnailUrl":"https:\/\/sulin.ee\/wp-content\/uploads\/2024\/11\/103_x2000.webp","datePublished":"2024-12-14T12:02:45+00:00","dateModified":"2026-03-09T17:45:20+00:00","description":"Petit Monkey s\u00f6\u00f6giriistade komplekt on loodud spetsiaalselt v\u00e4ikestele s\u00f6\u00f6jatele, kes \u00f5pivad iseseisvalt toiduga toime tulema.","breadcrumb":{"@id":"https:\/\/sulin.ee\/en\/toode\/petit-monkey-soogiriistade-komplekt\/#breadcrumb"},"inLanguage":"en-US","potentialAction":[{"@type":"ReadAction","target":["https:\/\/sulin.ee\/en\/toode\/petit-monkey-soogiriistade-komplekt\/"]}]},{"@type":"ImageObject","inLanguage":"en-US","@id":"https:\/\/sulin.ee\/en\/toode\/petit-monkey-soogiriistade-komplekt\/#primaryimage","url":"https:\/\/sulin.ee\/wp-content\/uploads\/2024\/11\/103_x2000.webp","contentUrl":"https:\/\/sulin.ee\/wp-content\/uploads\/2024\/11\/103_x2000.webp","width":1000,"height":1000,"caption":"Petit Monkey s\u00f6\u00f6giriistade komplekt"},{"@type":"BreadcrumbList","@id":"https:\/\/sulin.ee\/en\/toode\/petit-monkey-soogiriistade-komplekt\/#breadcrumb","itemListElement":[{"@type":"ListItem","position":1,"name":"Home","item":"https:\/\/sulin.ee\/en\/"},{"@type":"ListItem","position":2,"name":"Sulin.ee e-pood","item":"https:\/\/sulin.ee\/shop\/"},{"@type":"ListItem","position":3,"name":"Petit Monkey s\u00f6\u00f6giriistade komplekt"}]},{"@type":"WebSite","@id":"https:\/\/sulin.ee\/en\/#website","url":"https:\/\/sulin.ee\/en\/","name":"sulin.ee","description":"","publisher":{"@id":"https:\/\/sulin.ee\/en\/#organization"},"potentialAction":[{"@type":"SearchAction","target":{"@type":"EntryPoint","urlTemplate":"https:\/\/sulin.ee\/en\/?s={search_term_string}"},"query-input":{"@type":"PropertyValueSpecification","valueRequired":true,"valueName":"search_term_string"}}],"inLanguage":"en-US"},{"@type":"Organization","@id":"https:\/\/sulin.ee\/en\/#organization","name":"SULIN TRADE O\u00dc","url":"https:\/\/sulin.ee\/en\/","logo":{"@type":"ImageObject","inLanguage":"en-US","@id":"https:\/\/sulin.ee\/en\/#\/schema\/logo\/image\/","url":"https:\/\/sulin.ee\/wp-content\/uploads\/2022\/11\/sulin-logo.png","contentUrl":"https:\/\/sulin.ee\/wp-content\/uploads\/2022\/11\/sulin-logo.png","width":871,"height":321,"caption":"SULIN TRADE O\u00dc"},"image":{"@id":"https:\/\/sulin.ee\/en\/#\/schema\/logo\/image\/"},"sameAs":["https:\/\/www.facebook.com\/www.sulin.ee\/","https:\/\/www.instagram.com\/sulintrade\/"]}]}},"builder_content":"","_links":{"self":[{"href":"https:\/\/sulin.ee\/en\/wp-json\/wp\/v2\/product\/31234","targetHints":{"allow":["GET"]}}],"collection":[{"href":"https:\/\/sulin.ee\/en\/wp-json\/wp\/v2\/product"}],"about":[{"href":"https:\/\/sulin.ee\/en\/wp-json\/wp\/v2\/types\/product"}],"replies":[{"embeddable":true,"href":"https:\/\/sulin.ee\/en\/wp-json\/wp\/v2\/comments?post=31234"}],"wp:featuredmedia":[{"embeddable":true,"href":"https:\/\/sulin.ee\/en\/wp-json\/wp\/v2\/media\/24183"}],"wp:attachment":[{"href":"https:\/\/sulin.ee\/en\/wp-json\/wp\/v2\/media?parent=31234"}],"wp:term":[{"taxonomy":"product_brand","embeddable":true,"href":"https:\/\/sulin.ee\/en\/wp-json\/wp\/v2\/product_brand?post=31234"},{"taxonomy":"product_cat","embeddable":true,"href":"https:\/\/sulin.ee\/en\/wp-json\/wp\/v2\/product_cat?post=31234"},{"taxonomy":"product_tag","embeddable":true,"href":"https:\/\/sulin.ee\/en\/wp-json\/wp\/v2\/product_tag?post=31234"}],"curies":[{"name":"wp","href":"https:\/\/api.w.org\/{rel}","templated":true}]}}