{"id":31161,"date":"2024-12-14T11:59:11","date_gmt":"2024-12-14T11:59:11","guid":{"rendered":"https:\/\/sulin.ee\/?post_type=product&#038;p=31161"},"modified":"2026-03-08T04:15:27","modified_gmt":"2026-03-08T04:15:27","slug":"silikoonist-iminapaga-taldrik-lovi","status":"publish","type":"product","link":"https:\/\/sulin.ee\/en\/toode\/silikoonist-iminapaga-taldrik-lovi\/","title":{"rendered":"Silikoonist iminapaga taldrik &#8211; L\u00f5vi"},"content":{"rendered":"<p><strong>Silikoonist iminapaga taldrik, <\/strong>mille on loonud <strong><a href=\"https:\/\/petitmonkey.com\/collections\/silicone-tableware\" target=\"_blank\" rel=\"noopener\">Petit Monkey<\/a><\/strong>, on varustatud tugeva iminapaga, mis kinnitub kindlalt laua v\u00f5i s\u00f6\u00f6gitooli k\u00fclge, pakkudes ideaalset lahendust v\u00e4ikeste s\u00f6\u00f6jate esimeste iseseisvate toidukordade jaoks. Petit Monkey taldrik muudab s\u00f6\u00f6giaja m\u00e4nguliseks ja sobib ideaalselt n\u00e4putoidu pakkumiseks, taludes vapralt isegi k\u00f5ige aktiivsemate s\u00f6\u00f6jate energilisi liigutusi \u2013 <strong>purunemiskindel, pehme ja v\u00e4ga praktiline<\/strong>.<\/p>\n<p>Silikoonist iminapaga taldrik on valmistatud <strong>keskkonnas\u00f5bralikust, LFGB sertifikaadiga toidusilikoonist<\/strong>, mis on BPA-, PVC-, lateksi-, plii- ja ftalaadivaba, olles seel\u00e4bi ohutu ja sobilik lastele. See taldrik on ka kergesti hooldatav ning sobib <strong>n\u00f5udepesumasina \u00fclemisele riiulile<\/strong>.<\/p>\n<p><strong>Temperatuuri taluvus<\/strong>: maksimaalselt +220 \u00b0C ja minimaalselt -40 \u00b0C, sobides enamikule s\u00f6\u00f6gitoolidele.<\/p>\n<p>Enne esmakordset kasutamist soovitame toodet keeta, pesta n\u00f5udepesumasinas v\u00f5i kasutada sooja vett ja pesuvahendit, et eemaldada k\u00f5ik tootmisj\u00e4\u00e4gid.<\/p>\n<p><strong>M\u00f5\u00f5dud<\/strong>: 16\u00d717 cm.<\/p>\n<p>Vaata veel beebile m\u00f5eldud s\u00f6\u00f6in\u00f5usid <strong><a href=\"https:\/\/sulin.ee\/tootekategooria\/beebile\/toitmine\/beebi-sooginoud\/\" target=\"_blank\" rel=\"noopener\">siit.<\/a><\/strong><\/p>\n","protected":false},"excerpt":{"rendered":"<p>Silikoonist iminapaga taldrik, mille on loonud Petit Monkey, on varustatud tugeva iminapaga, mis kinnitub kindlalt laua v\u00f5i s\u00f6\u00f6gitooli k\u00fclge, pakkudes ideaalset lahendust v\u00e4ikeste s\u00f6\u00f6jate esimeste iseseisvate toidukordade jaoks. Petit Monkey taldrik muudab s\u00f6\u00f6giaja m\u00e4nguliseks ja sobib ideaalselt n\u00e4putoidu pakkumiseks, taludes vapralt isegi k\u00f5ige aktiivsemate s\u00f6\u00f6jate energilisi liigutusi \u2013 purunemiskindel, pehme ja v\u00e4ga praktiline. Silikoonist iminapaga [&hellip;]<\/p>\n","protected":false},"featured_media":23271,"comment_status":"open","ping_status":"closed","template":"","meta":[],"product_brand":[],"product_cat":[179,489,858,1126],"product_tag":[],"class_list":{"0":"post-31161","1":"product","2":"type-product","3":"status-publish","4":"has-post-thumbnail","6":"product_cat-beebile","7":"product_cat-beebitarbed-toitmiseks","8":"product_cat-soogiriistad","9":"product_cat-petit-monkey","10":"has-post-title","11":"has-post-date","12":"has-post-category","13":"has-post-tag","14":"has-post-comment","15":"has-post-author","16":"","18":"first","19":"instock","20":"sale","21":"taxable","22":"shipping-taxable","23":"purchasable","24":"product-type-variable"},"yoast_head":"<!-- This site is optimized with the Yoast SEO plugin v26.8 - https:\/\/yoast.com\/product\/yoast-seo-wordpress\/ -->\n<title>Silikoonist iminapaga taldrik - L\u00f5vi - sulin.ee<\/title>\n<meta name=\"description\" content=\"Silikoonist iminapaga taldrik, mille on loonud Petit Monkey, on varustatud tugeva iminapaga, mis kinnitub kindlalt laua v\u00f5i s\u00f6\u00f6gitooli k\u00fclge.\" \/>\n<meta name=\"robots\" content=\"index, follow, max-snippet:-1, max-image-preview:large, max-video-preview:-1\" \/>\n<link rel=\"canonical\" href=\"https:\/\/sulin.ee\/en\/toode\/silikoonist-iminapaga-taldrik-lovi\/\" \/>\n<meta property=\"og:locale\" content=\"en_US\" \/>\n<meta property=\"og:type\" content=\"article\" \/>\n<meta property=\"og:title\" content=\"Silikoonist iminapaga taldrik - L\u00f5vi - sulin.ee\" \/>\n<meta property=\"og:description\" content=\"Silikoonist iminapaga taldrik, mille on loonud Petit Monkey, on varustatud tugeva iminapaga, mis kinnitub kindlalt laua v\u00f5i s\u00f6\u00f6gitooli k\u00fclge.\" \/>\n<meta property=\"og:url\" content=\"https:\/\/sulin.ee\/en\/toode\/silikoonist-iminapaga-taldrik-lovi\/\" \/>\n<meta property=\"og:site_name\" content=\"sulin.ee\" \/>\n<meta property=\"article:publisher\" content=\"https:\/\/www.facebook.com\/www.sulin.ee\/\" \/>\n<meta property=\"article:modified_time\" content=\"2026-03-08T04:15:27+00:00\" \/>\n<meta property=\"og:image\" content=\"https:\/\/sulin.ee\/wp-content\/uploads\/2024\/10\/IMG_4249_x2000.webp\" \/>\n\t<meta property=\"og:image:width\" content=\"847\" \/>\n\t<meta property=\"og:image:height\" content=\"847\" \/>\n\t<meta property=\"og:image:type\" content=\"image\/webp\" \/>\n<meta name=\"twitter:card\" content=\"summary_large_image\" \/>\n<meta name=\"twitter:label1\" content=\"Est. reading time\" \/>\n\t<meta name=\"twitter:data1\" content=\"1 minute\" \/>\n<script type=\"application\/ld+json\" class=\"yoast-schema-graph\">{\"@context\":\"https:\/\/schema.org\",\"@graph\":[{\"@type\":\"WebPage\",\"@id\":\"https:\/\/sulin.ee\/en\/toode\/silikoonist-iminapaga-taldrik-lovi\/\",\"url\":\"https:\/\/sulin.ee\/en\/toode\/silikoonist-iminapaga-taldrik-lovi\/\",\"name\":\"Silikoonist iminapaga taldrik - L\u00f5vi - sulin.ee\",\"isPartOf\":{\"@id\":\"https:\/\/sulin.ee\/en\/#website\"},\"primaryImageOfPage\":{\"@id\":\"https:\/\/sulin.ee\/en\/toode\/silikoonist-iminapaga-taldrik-lovi\/#primaryimage\"},\"image\":{\"@id\":\"https:\/\/sulin.ee\/en\/toode\/silikoonist-iminapaga-taldrik-lovi\/#primaryimage\"},\"thumbnailUrl\":\"https:\/\/sulin.ee\/wp-content\/uploads\/2024\/10\/IMG_4249_x2000.webp\",\"datePublished\":\"2024-12-14T11:59:11+00:00\",\"dateModified\":\"2026-03-08T04:15:27+00:00\",\"description\":\"Silikoonist iminapaga taldrik, mille on loonud Petit Monkey, on varustatud tugeva iminapaga, mis kinnitub kindlalt laua v\u00f5i s\u00f6\u00f6gitooli k\u00fclge.\",\"breadcrumb\":{\"@id\":\"https:\/\/sulin.ee\/en\/toode\/silikoonist-iminapaga-taldrik-lovi\/#breadcrumb\"},\"inLanguage\":\"en-US\",\"potentialAction\":[{\"@type\":\"ReadAction\",\"target\":[\"https:\/\/sulin.ee\/en\/toode\/silikoonist-iminapaga-taldrik-lovi\/\"]}]},{\"@type\":\"ImageObject\",\"inLanguage\":\"en-US\",\"@id\":\"https:\/\/sulin.ee\/en\/toode\/silikoonist-iminapaga-taldrik-lovi\/#primaryimage\",\"url\":\"https:\/\/sulin.ee\/wp-content\/uploads\/2024\/10\/IMG_4249_x2000.webp\",\"contentUrl\":\"https:\/\/sulin.ee\/wp-content\/uploads\/2024\/10\/IMG_4249_x2000.webp\",\"width\":847,\"height\":847,\"caption\":\"Silikoonist iminapaga taldrik\"},{\"@type\":\"BreadcrumbList\",\"@id\":\"https:\/\/sulin.ee\/en\/toode\/silikoonist-iminapaga-taldrik-lovi\/#breadcrumb\",\"itemListElement\":[{\"@type\":\"ListItem\",\"position\":1,\"name\":\"Home\",\"item\":\"https:\/\/sulin.ee\/en\/\"},{\"@type\":\"ListItem\",\"position\":2,\"name\":\"Sulin.ee e-pood\",\"item\":\"https:\/\/sulin.ee\/shop\/\"},{\"@type\":\"ListItem\",\"position\":3,\"name\":\"Silikoonist iminapaga taldrik &#8211; L\u00f5vi\"}]},{\"@type\":\"WebSite\",\"@id\":\"https:\/\/sulin.ee\/en\/#website\",\"url\":\"https:\/\/sulin.ee\/en\/\",\"name\":\"sulin.ee\",\"description\":\"\",\"publisher\":{\"@id\":\"https:\/\/sulin.ee\/en\/#organization\"},\"potentialAction\":[{\"@type\":\"SearchAction\",\"target\":{\"@type\":\"EntryPoint\",\"urlTemplate\":\"https:\/\/sulin.ee\/en\/?s={search_term_string}\"},\"query-input\":{\"@type\":\"PropertyValueSpecification\",\"valueRequired\":true,\"valueName\":\"search_term_string\"}}],\"inLanguage\":\"en-US\"},{\"@type\":\"Organization\",\"@id\":\"https:\/\/sulin.ee\/en\/#organization\",\"name\":\"SULIN TRADE O\u00dc\",\"url\":\"https:\/\/sulin.ee\/en\/\",\"logo\":{\"@type\":\"ImageObject\",\"inLanguage\":\"en-US\",\"@id\":\"https:\/\/sulin.ee\/en\/#\/schema\/logo\/image\/\",\"url\":\"https:\/\/sulin.ee\/wp-content\/uploads\/2022\/11\/sulin-logo.png\",\"contentUrl\":\"https:\/\/sulin.ee\/wp-content\/uploads\/2022\/11\/sulin-logo.png\",\"width\":871,\"height\":321,\"caption\":\"SULIN TRADE O\u00dc\"},\"image\":{\"@id\":\"https:\/\/sulin.ee\/en\/#\/schema\/logo\/image\/\"},\"sameAs\":[\"https:\/\/www.facebook.com\/www.sulin.ee\/\",\"https:\/\/www.instagram.com\/sulintrade\/\"]}]}<\/script>\n<!-- \/ Yoast SEO plugin. -->","yoast_head_json":{"title":"Silikoonist iminapaga taldrik - L\u00f5vi - sulin.ee","description":"Silikoonist iminapaga taldrik, mille on loonud Petit Monkey, on varustatud tugeva iminapaga, mis kinnitub kindlalt laua v\u00f5i s\u00f6\u00f6gitooli k\u00fclge.","robots":{"index":"index","follow":"follow","max-snippet":"max-snippet:-1","max-image-preview":"max-image-preview:large","max-video-preview":"max-video-preview:-1"},"canonical":"https:\/\/sulin.ee\/en\/toode\/silikoonist-iminapaga-taldrik-lovi\/","og_locale":"en_US","og_type":"article","og_title":"Silikoonist iminapaga taldrik - L\u00f5vi - sulin.ee","og_description":"Silikoonist iminapaga taldrik, mille on loonud Petit Monkey, on varustatud tugeva iminapaga, mis kinnitub kindlalt laua v\u00f5i s\u00f6\u00f6gitooli k\u00fclge.","og_url":"https:\/\/sulin.ee\/en\/toode\/silikoonist-iminapaga-taldrik-lovi\/","og_site_name":"sulin.ee","article_publisher":"https:\/\/www.facebook.com\/www.sulin.ee\/","article_modified_time":"2026-03-08T04:15:27+00:00","og_image":[{"width":847,"height":847,"url":"https:\/\/sulin.ee\/wp-content\/uploads\/2024\/10\/IMG_4249_x2000.webp","type":"image\/webp"}],"twitter_card":"summary_large_image","twitter_misc":{"Est. reading time":"1 minute"},"schema":{"@context":"https:\/\/schema.org","@graph":[{"@type":"WebPage","@id":"https:\/\/sulin.ee\/en\/toode\/silikoonist-iminapaga-taldrik-lovi\/","url":"https:\/\/sulin.ee\/en\/toode\/silikoonist-iminapaga-taldrik-lovi\/","name":"Silikoonist iminapaga taldrik - L\u00f5vi - sulin.ee","isPartOf":{"@id":"https:\/\/sulin.ee\/en\/#website"},"primaryImageOfPage":{"@id":"https:\/\/sulin.ee\/en\/toode\/silikoonist-iminapaga-taldrik-lovi\/#primaryimage"},"image":{"@id":"https:\/\/sulin.ee\/en\/toode\/silikoonist-iminapaga-taldrik-lovi\/#primaryimage"},"thumbnailUrl":"https:\/\/sulin.ee\/wp-content\/uploads\/2024\/10\/IMG_4249_x2000.webp","datePublished":"2024-12-14T11:59:11+00:00","dateModified":"2026-03-08T04:15:27+00:00","description":"Silikoonist iminapaga taldrik, mille on loonud Petit Monkey, on varustatud tugeva iminapaga, mis kinnitub kindlalt laua v\u00f5i s\u00f6\u00f6gitooli k\u00fclge.","breadcrumb":{"@id":"https:\/\/sulin.ee\/en\/toode\/silikoonist-iminapaga-taldrik-lovi\/#breadcrumb"},"inLanguage":"en-US","potentialAction":[{"@type":"ReadAction","target":["https:\/\/sulin.ee\/en\/toode\/silikoonist-iminapaga-taldrik-lovi\/"]}]},{"@type":"ImageObject","inLanguage":"en-US","@id":"https:\/\/sulin.ee\/en\/toode\/silikoonist-iminapaga-taldrik-lovi\/#primaryimage","url":"https:\/\/sulin.ee\/wp-content\/uploads\/2024\/10\/IMG_4249_x2000.webp","contentUrl":"https:\/\/sulin.ee\/wp-content\/uploads\/2024\/10\/IMG_4249_x2000.webp","width":847,"height":847,"caption":"Silikoonist iminapaga taldrik"},{"@type":"BreadcrumbList","@id":"https:\/\/sulin.ee\/en\/toode\/silikoonist-iminapaga-taldrik-lovi\/#breadcrumb","itemListElement":[{"@type":"ListItem","position":1,"name":"Home","item":"https:\/\/sulin.ee\/en\/"},{"@type":"ListItem","position":2,"name":"Sulin.ee e-pood","item":"https:\/\/sulin.ee\/shop\/"},{"@type":"ListItem","position":3,"name":"Silikoonist iminapaga taldrik &#8211; L\u00f5vi"}]},{"@type":"WebSite","@id":"https:\/\/sulin.ee\/en\/#website","url":"https:\/\/sulin.ee\/en\/","name":"sulin.ee","description":"","publisher":{"@id":"https:\/\/sulin.ee\/en\/#organization"},"potentialAction":[{"@type":"SearchAction","target":{"@type":"EntryPoint","urlTemplate":"https:\/\/sulin.ee\/en\/?s={search_term_string}"},"query-input":{"@type":"PropertyValueSpecification","valueRequired":true,"valueName":"search_term_string"}}],"inLanguage":"en-US"},{"@type":"Organization","@id":"https:\/\/sulin.ee\/en\/#organization","name":"SULIN TRADE O\u00dc","url":"https:\/\/sulin.ee\/en\/","logo":{"@type":"ImageObject","inLanguage":"en-US","@id":"https:\/\/sulin.ee\/en\/#\/schema\/logo\/image\/","url":"https:\/\/sulin.ee\/wp-content\/uploads\/2022\/11\/sulin-logo.png","contentUrl":"https:\/\/sulin.ee\/wp-content\/uploads\/2022\/11\/sulin-logo.png","width":871,"height":321,"caption":"SULIN TRADE O\u00dc"},"image":{"@id":"https:\/\/sulin.ee\/en\/#\/schema\/logo\/image\/"},"sameAs":["https:\/\/www.facebook.com\/www.sulin.ee\/","https:\/\/www.instagram.com\/sulintrade\/"]}]}},"builder_content":"","_links":{"self":[{"href":"https:\/\/sulin.ee\/en\/wp-json\/wp\/v2\/product\/31161","targetHints":{"allow":["GET"]}}],"collection":[{"href":"https:\/\/sulin.ee\/en\/wp-json\/wp\/v2\/product"}],"about":[{"href":"https:\/\/sulin.ee\/en\/wp-json\/wp\/v2\/types\/product"}],"replies":[{"embeddable":true,"href":"https:\/\/sulin.ee\/en\/wp-json\/wp\/v2\/comments?post=31161"}],"wp:featuredmedia":[{"embeddable":true,"href":"https:\/\/sulin.ee\/en\/wp-json\/wp\/v2\/media\/23271"}],"wp:attachment":[{"href":"https:\/\/sulin.ee\/en\/wp-json\/wp\/v2\/media?parent=31161"}],"wp:term":[{"taxonomy":"product_brand","embeddable":true,"href":"https:\/\/sulin.ee\/en\/wp-json\/wp\/v2\/product_brand?post=31161"},{"taxonomy":"product_cat","embeddable":true,"href":"https:\/\/sulin.ee\/en\/wp-json\/wp\/v2\/product_cat?post=31161"},{"taxonomy":"product_tag","embeddable":true,"href":"https:\/\/sulin.ee\/en\/wp-json\/wp\/v2\/product_tag?post=31161"}],"curies":[{"name":"wp","href":"https:\/\/api.w.org\/{rel}","templated":true}]}}