{"id":31102,"date":"2024-12-14T11:55:58","date_gmt":"2024-12-14T11:55:58","guid":{"rendered":"https:\/\/sulin.ee\/?post_type=product&#038;p=31102"},"modified":"2026-03-12T11:56:17","modified_gmt":"2026-03-12T11:56:17","slug":"vanniratik-kapuutsiga-jollein-jungle-jambo-75x75-cm","status":"publish","type":"product","link":"https:\/\/sulin.ee\/en\/toode\/vanniratik-kapuutsiga-jollein-jungle-jambo-75x75-cm\/","title":{"rendered":"Vannir\u00e4tik kapuutsiga Jollein Jungle Jambo 75&#215;75 cm"},"content":{"rendered":"<p><strong>Vannir\u00e4tik kapuutsiga <a href=\"https:\/\/jollein.com\/\" target=\"_blank\" rel=\"noopener\">Jollein<\/a> \u2013 pehme ja stiilne kaaslane p\u00e4rast suplust,<\/strong><\/p>\n<p>See <strong>vannir\u00e4tik kapuutsiga<\/strong> on ideaalne valik p\u00e4rast vannitamist v\u00f5i ujumist. Kaunis v\u00e4rv lisab stiili ja praktilisust, pakkudes lapsele soojust kohe p\u00e4rast veest v\u00e4lja tulemist. R\u00e4tiku kapuuts katab lapse pea, hoides soojust ja v\u00e4ltides jahtumist. Armsad k\u00f5rvad ja vallatud silmad kapuutsil teevad sellest\u00a0eriti armsa ja m\u00e4ngulise valiku!<\/p>\n<p><strong>Pehmest puuvilla froteest<\/strong> valmistatud vannir\u00e4tik on \u00f5rn lapse tundliku naha vastu ja imab niiskust kiiresti, muutes kuivatamise lihtsaks ja mugavaks. Kapuutsiga vannir\u00e4tik sobib suurep\u00e4raselt p\u00e4rast vanni v\u00f5i ujumist \u2013 m\u00e4hkige oma laps sellesse kohe p\u00e4rast veest v\u00e4lja tulemist, et hoida teda soojas. Kapuuts katab pea, takistades sooja kaotust, pakkudes lapsele lisamugavust. <strong>Armsad k\u00f5rvad ja vallatud silmad<\/strong> annavad r\u00e4tikule m\u00e4ngulise ilme, muutes selle eriti armsaks! Pehme frotee on \u00f5rn lapse tundliku naha vastu ja imab niiskust v\u00e4ga h\u00e4sti, tagades kiire kuivatamise.<\/p>\n<p>R\u00e4tiku sisemine kiht on samuti valmistatud pehmest froteest, mis tagab suurep\u00e4rase niiskuse imavuse ja kiire kuivatamise. P\u00e4rast kasutamist saad vannir\u00e4tiku h\u00f5lpsasti riputada spetsiaalse riputusaasa abil. Kuigi toodet saab triikida, on soovitatav seda mitte teha \u2013 t\u00f6\u00f6tlemata kangas imab niiskust t\u00f5husamalt.<\/p>\n<p><strong>M\u00f5\u00f5dud:<\/strong> 75 x 75 cm.<\/p>\n<p><strong>Tutvu ka teiste meie valikutega: <a href=\"https:\/\/sulin.ee\/toode\/jollein-vannipontso\/\" target=\"_blank\" rel=\"noopener\">laste vannipon\u0161od<\/a>, <a href=\"https:\/\/sulin.ee\/tootekategooria\/lapsele\/hoolitsus\/kehahooldus-lastele\/\" target=\"_blank\" rel=\"noopener\">juuste- ja keha\u0161ampoonid<\/a> ja <a href=\"https:\/\/sulin.ee\/tootekategooria\/beebile\/manguasjad\/narimislelud\/\" target=\"_blank\" rel=\"noopener\">l\u00f5busad vannim\u00e4nguasjad<\/a>,<\/strong> et muuta lapse supluskord veelgi nauditavamaks ja mugavamaks.<\/p>\n","protected":false},"excerpt":{"rendered":"<p>Vannir\u00e4tik kapuutsiga Jollein \u2013 pehme ja stiilne kaaslane p\u00e4rast suplust, See vannir\u00e4tik kapuutsiga on ideaalne valik p\u00e4rast vannitamist v\u00f5i ujumist. Kaunis v\u00e4rv lisab stiili ja praktilisust, pakkudes lapsele soojust kohe p\u00e4rast veest v\u00e4lja tulemist. R\u00e4tiku kapuuts katab lapse pea, hoides soojust ja v\u00e4ltides jahtumist. Armsad k\u00f5rvad ja vallatud silmad kapuutsil teevad sellest\u00a0eriti armsa ja m\u00e4ngulise [&hellip;]<\/p>\n","protected":false},"featured_media":22424,"comment_status":"open","ping_status":"closed","template":"","meta":[],"product_brand":[],"product_cat":[970,1208,173,180,776],"product_tag":[],"class_list":{"0":"post-31102","1":"product","2":"type-product","3":"status-publish","4":"has-post-thumbnail","6":"product_cat-hoolitsus-beebid","7":"product_cat-vanniaeg","8":"product_cat-hoolitsus","9":"product_cat-vanniratikud","10":"product_cat-jollein-2","11":"has-post-title","12":"has-post-date","13":"has-post-category","14":"has-post-tag","15":"has-post-comment","16":"has-post-author","17":"","19":"first","20":"instock","21":"sale","22":"taxable","23":"shipping-taxable","24":"purchasable","25":"product-type-variable"},"yoast_head":"<!-- This site is optimized with the Yoast SEO plugin v26.8 - https:\/\/yoast.com\/product\/yoast-seo-wordpress\/ -->\n<title>Vannir\u00e4tik kapuutsiga Jollein Jungle Jambo 75x75 cm - sulin.ee<\/title>\n<meta name=\"description\" content=\"Pehmest puuvilla froteest valmistatud vannir\u00e4tik on \u00f5rn lapse tundliku naha vastu ja imab niiskust kiiresti, muutes kuivatamise lihtsaks ja mugavaks.\" \/>\n<meta name=\"robots\" content=\"index, follow, max-snippet:-1, max-image-preview:large, max-video-preview:-1\" \/>\n<link rel=\"canonical\" href=\"https:\/\/sulin.ee\/en\/toode\/vanniratik-kapuutsiga-jollein-jungle-jambo-75x75-cm\/\" \/>\n<meta property=\"og:locale\" content=\"en_US\" \/>\n<meta property=\"og:type\" content=\"article\" \/>\n<meta property=\"og:title\" content=\"Vannir\u00e4tik kapuutsiga Jollein Jungle Jambo 75x75 cm - sulin.ee\" \/>\n<meta property=\"og:description\" content=\"Pehmest puuvilla froteest valmistatud vannir\u00e4tik on \u00f5rn lapse tundliku naha vastu ja imab niiskust kiiresti, muutes kuivatamise lihtsaks ja mugavaks.\" \/>\n<meta property=\"og:url\" content=\"https:\/\/sulin.ee\/en\/toode\/vanniratik-kapuutsiga-jollein-jungle-jambo-75x75-cm\/\" \/>\n<meta property=\"og:site_name\" content=\"sulin.ee\" \/>\n<meta property=\"article:publisher\" content=\"https:\/\/www.facebook.com\/www.sulin.ee\/\" \/>\n<meta property=\"article:modified_time\" content=\"2026-03-12T11:56:17+00:00\" \/>\n<meta property=\"og:image\" content=\"https:\/\/sulin.ee\/wp-content\/uploads\/2024\/10\/Jollein-2024-2025_8717329388406_8717329388246-1-scaled.jpg\" \/>\n\t<meta property=\"og:image:width\" content=\"2560\" \/>\n\t<meta property=\"og:image:height\" content=\"1708\" \/>\n\t<meta property=\"og:image:type\" content=\"image\/jpeg\" \/>\n<meta name=\"twitter:card\" content=\"summary_large_image\" \/>\n<meta name=\"twitter:label1\" content=\"Est. reading time\" \/>\n\t<meta name=\"twitter:data1\" content=\"2 minutes\" \/>\n<script type=\"application\/ld+json\" class=\"yoast-schema-graph\">{\"@context\":\"https:\/\/schema.org\",\"@graph\":[{\"@type\":\"WebPage\",\"@id\":\"https:\/\/sulin.ee\/en\/toode\/vanniratik-kapuutsiga-jollein-jungle-jambo-75x75-cm\/\",\"url\":\"https:\/\/sulin.ee\/en\/toode\/vanniratik-kapuutsiga-jollein-jungle-jambo-75x75-cm\/\",\"name\":\"Vannir\u00e4tik kapuutsiga Jollein Jungle Jambo 75x75 cm - sulin.ee\",\"isPartOf\":{\"@id\":\"https:\/\/sulin.ee\/en\/#website\"},\"primaryImageOfPage\":{\"@id\":\"https:\/\/sulin.ee\/en\/toode\/vanniratik-kapuutsiga-jollein-jungle-jambo-75x75-cm\/#primaryimage\"},\"image\":{\"@id\":\"https:\/\/sulin.ee\/en\/toode\/vanniratik-kapuutsiga-jollein-jungle-jambo-75x75-cm\/#primaryimage\"},\"thumbnailUrl\":\"https:\/\/sulin.ee\/wp-content\/uploads\/2024\/10\/Jollein-2024-2025_8717329388406_8717329388246-1-scaled.jpg\",\"datePublished\":\"2024-12-14T11:55:58+00:00\",\"dateModified\":\"2026-03-12T11:56:17+00:00\",\"description\":\"Pehmest puuvilla froteest valmistatud vannir\u00e4tik on \u00f5rn lapse tundliku naha vastu ja imab niiskust kiiresti, muutes kuivatamise lihtsaks ja mugavaks.\",\"breadcrumb\":{\"@id\":\"https:\/\/sulin.ee\/en\/toode\/vanniratik-kapuutsiga-jollein-jungle-jambo-75x75-cm\/#breadcrumb\"},\"inLanguage\":\"en-US\",\"potentialAction\":[{\"@type\":\"ReadAction\",\"target\":[\"https:\/\/sulin.ee\/en\/toode\/vanniratik-kapuutsiga-jollein-jungle-jambo-75x75-cm\/\"]}]},{\"@type\":\"ImageObject\",\"inLanguage\":\"en-US\",\"@id\":\"https:\/\/sulin.ee\/en\/toode\/vanniratik-kapuutsiga-jollein-jungle-jambo-75x75-cm\/#primaryimage\",\"url\":\"https:\/\/sulin.ee\/wp-content\/uploads\/2024\/10\/Jollein-2024-2025_8717329388406_8717329388246-1-scaled.jpg\",\"contentUrl\":\"https:\/\/sulin.ee\/wp-content\/uploads\/2024\/10\/Jollein-2024-2025_8717329388406_8717329388246-1-scaled.jpg\",\"width\":2560,\"height\":1708,\"caption\":\"Vannir\u00e4tik kapuutsiga\"},{\"@type\":\"BreadcrumbList\",\"@id\":\"https:\/\/sulin.ee\/en\/toode\/vanniratik-kapuutsiga-jollein-jungle-jambo-75x75-cm\/#breadcrumb\",\"itemListElement\":[{\"@type\":\"ListItem\",\"position\":1,\"name\":\"Home\",\"item\":\"https:\/\/sulin.ee\/en\/\"},{\"@type\":\"ListItem\",\"position\":2,\"name\":\"Sulin.ee e-pood\",\"item\":\"https:\/\/sulin.ee\/shop\/\"},{\"@type\":\"ListItem\",\"position\":3,\"name\":\"Vannir\u00e4tik kapuutsiga Jollein Jungle Jambo 75&#215;75 cm\"}]},{\"@type\":\"WebSite\",\"@id\":\"https:\/\/sulin.ee\/en\/#website\",\"url\":\"https:\/\/sulin.ee\/en\/\",\"name\":\"sulin.ee\",\"description\":\"\",\"publisher\":{\"@id\":\"https:\/\/sulin.ee\/en\/#organization\"},\"potentialAction\":[{\"@type\":\"SearchAction\",\"target\":{\"@type\":\"EntryPoint\",\"urlTemplate\":\"https:\/\/sulin.ee\/en\/?s={search_term_string}\"},\"query-input\":{\"@type\":\"PropertyValueSpecification\",\"valueRequired\":true,\"valueName\":\"search_term_string\"}}],\"inLanguage\":\"en-US\"},{\"@type\":\"Organization\",\"@id\":\"https:\/\/sulin.ee\/en\/#organization\",\"name\":\"SULIN TRADE O\u00dc\",\"url\":\"https:\/\/sulin.ee\/en\/\",\"logo\":{\"@type\":\"ImageObject\",\"inLanguage\":\"en-US\",\"@id\":\"https:\/\/sulin.ee\/en\/#\/schema\/logo\/image\/\",\"url\":\"https:\/\/sulin.ee\/wp-content\/uploads\/2022\/11\/sulin-logo.png\",\"contentUrl\":\"https:\/\/sulin.ee\/wp-content\/uploads\/2022\/11\/sulin-logo.png\",\"width\":871,\"height\":321,\"caption\":\"SULIN TRADE O\u00dc\"},\"image\":{\"@id\":\"https:\/\/sulin.ee\/en\/#\/schema\/logo\/image\/\"},\"sameAs\":[\"https:\/\/www.facebook.com\/www.sulin.ee\/\",\"https:\/\/www.instagram.com\/sulintrade\/\"]}]}<\/script>\n<!-- \/ Yoast SEO plugin. -->","yoast_head_json":{"title":"Vannir\u00e4tik kapuutsiga Jollein Jungle Jambo 75x75 cm - sulin.ee","description":"Pehmest puuvilla froteest valmistatud vannir\u00e4tik on \u00f5rn lapse tundliku naha vastu ja imab niiskust kiiresti, muutes kuivatamise lihtsaks ja mugavaks.","robots":{"index":"index","follow":"follow","max-snippet":"max-snippet:-1","max-image-preview":"max-image-preview:large","max-video-preview":"max-video-preview:-1"},"canonical":"https:\/\/sulin.ee\/en\/toode\/vanniratik-kapuutsiga-jollein-jungle-jambo-75x75-cm\/","og_locale":"en_US","og_type":"article","og_title":"Vannir\u00e4tik kapuutsiga Jollein Jungle Jambo 75x75 cm - sulin.ee","og_description":"Pehmest puuvilla froteest valmistatud vannir\u00e4tik on \u00f5rn lapse tundliku naha vastu ja imab niiskust kiiresti, muutes kuivatamise lihtsaks ja mugavaks.","og_url":"https:\/\/sulin.ee\/en\/toode\/vanniratik-kapuutsiga-jollein-jungle-jambo-75x75-cm\/","og_site_name":"sulin.ee","article_publisher":"https:\/\/www.facebook.com\/www.sulin.ee\/","article_modified_time":"2026-03-12T11:56:17+00:00","og_image":[{"width":2560,"height":1708,"url":"https:\/\/sulin.ee\/wp-content\/uploads\/2024\/10\/Jollein-2024-2025_8717329388406_8717329388246-1-scaled.jpg","type":"image\/jpeg"}],"twitter_card":"summary_large_image","twitter_misc":{"Est. reading time":"2 minutes"},"schema":{"@context":"https:\/\/schema.org","@graph":[{"@type":"WebPage","@id":"https:\/\/sulin.ee\/en\/toode\/vanniratik-kapuutsiga-jollein-jungle-jambo-75x75-cm\/","url":"https:\/\/sulin.ee\/en\/toode\/vanniratik-kapuutsiga-jollein-jungle-jambo-75x75-cm\/","name":"Vannir\u00e4tik kapuutsiga Jollein Jungle Jambo 75x75 cm - sulin.ee","isPartOf":{"@id":"https:\/\/sulin.ee\/en\/#website"},"primaryImageOfPage":{"@id":"https:\/\/sulin.ee\/en\/toode\/vanniratik-kapuutsiga-jollein-jungle-jambo-75x75-cm\/#primaryimage"},"image":{"@id":"https:\/\/sulin.ee\/en\/toode\/vanniratik-kapuutsiga-jollein-jungle-jambo-75x75-cm\/#primaryimage"},"thumbnailUrl":"https:\/\/sulin.ee\/wp-content\/uploads\/2024\/10\/Jollein-2024-2025_8717329388406_8717329388246-1-scaled.jpg","datePublished":"2024-12-14T11:55:58+00:00","dateModified":"2026-03-12T11:56:17+00:00","description":"Pehmest puuvilla froteest valmistatud vannir\u00e4tik on \u00f5rn lapse tundliku naha vastu ja imab niiskust kiiresti, muutes kuivatamise lihtsaks ja mugavaks.","breadcrumb":{"@id":"https:\/\/sulin.ee\/en\/toode\/vanniratik-kapuutsiga-jollein-jungle-jambo-75x75-cm\/#breadcrumb"},"inLanguage":"en-US","potentialAction":[{"@type":"ReadAction","target":["https:\/\/sulin.ee\/en\/toode\/vanniratik-kapuutsiga-jollein-jungle-jambo-75x75-cm\/"]}]},{"@type":"ImageObject","inLanguage":"en-US","@id":"https:\/\/sulin.ee\/en\/toode\/vanniratik-kapuutsiga-jollein-jungle-jambo-75x75-cm\/#primaryimage","url":"https:\/\/sulin.ee\/wp-content\/uploads\/2024\/10\/Jollein-2024-2025_8717329388406_8717329388246-1-scaled.jpg","contentUrl":"https:\/\/sulin.ee\/wp-content\/uploads\/2024\/10\/Jollein-2024-2025_8717329388406_8717329388246-1-scaled.jpg","width":2560,"height":1708,"caption":"Vannir\u00e4tik kapuutsiga"},{"@type":"BreadcrumbList","@id":"https:\/\/sulin.ee\/en\/toode\/vanniratik-kapuutsiga-jollein-jungle-jambo-75x75-cm\/#breadcrumb","itemListElement":[{"@type":"ListItem","position":1,"name":"Home","item":"https:\/\/sulin.ee\/en\/"},{"@type":"ListItem","position":2,"name":"Sulin.ee e-pood","item":"https:\/\/sulin.ee\/shop\/"},{"@type":"ListItem","position":3,"name":"Vannir\u00e4tik kapuutsiga Jollein Jungle Jambo 75&#215;75 cm"}]},{"@type":"WebSite","@id":"https:\/\/sulin.ee\/en\/#website","url":"https:\/\/sulin.ee\/en\/","name":"sulin.ee","description":"","publisher":{"@id":"https:\/\/sulin.ee\/en\/#organization"},"potentialAction":[{"@type":"SearchAction","target":{"@type":"EntryPoint","urlTemplate":"https:\/\/sulin.ee\/en\/?s={search_term_string}"},"query-input":{"@type":"PropertyValueSpecification","valueRequired":true,"valueName":"search_term_string"}}],"inLanguage":"en-US"},{"@type":"Organization","@id":"https:\/\/sulin.ee\/en\/#organization","name":"SULIN TRADE O\u00dc","url":"https:\/\/sulin.ee\/en\/","logo":{"@type":"ImageObject","inLanguage":"en-US","@id":"https:\/\/sulin.ee\/en\/#\/schema\/logo\/image\/","url":"https:\/\/sulin.ee\/wp-content\/uploads\/2022\/11\/sulin-logo.png","contentUrl":"https:\/\/sulin.ee\/wp-content\/uploads\/2022\/11\/sulin-logo.png","width":871,"height":321,"caption":"SULIN TRADE O\u00dc"},"image":{"@id":"https:\/\/sulin.ee\/en\/#\/schema\/logo\/image\/"},"sameAs":["https:\/\/www.facebook.com\/www.sulin.ee\/","https:\/\/www.instagram.com\/sulintrade\/"]}]}},"builder_content":"","_links":{"self":[{"href":"https:\/\/sulin.ee\/en\/wp-json\/wp\/v2\/product\/31102","targetHints":{"allow":["GET"]}}],"collection":[{"href":"https:\/\/sulin.ee\/en\/wp-json\/wp\/v2\/product"}],"about":[{"href":"https:\/\/sulin.ee\/en\/wp-json\/wp\/v2\/types\/product"}],"replies":[{"embeddable":true,"href":"https:\/\/sulin.ee\/en\/wp-json\/wp\/v2\/comments?post=31102"}],"wp:featuredmedia":[{"embeddable":true,"href":"https:\/\/sulin.ee\/en\/wp-json\/wp\/v2\/media\/22424"}],"wp:attachment":[{"href":"https:\/\/sulin.ee\/en\/wp-json\/wp\/v2\/media?parent=31102"}],"wp:term":[{"taxonomy":"product_brand","embeddable":true,"href":"https:\/\/sulin.ee\/en\/wp-json\/wp\/v2\/product_brand?post=31102"},{"taxonomy":"product_cat","embeddable":true,"href":"https:\/\/sulin.ee\/en\/wp-json\/wp\/v2\/product_cat?post=31102"},{"taxonomy":"product_tag","embeddable":true,"href":"https:\/\/sulin.ee\/en\/wp-json\/wp\/v2\/product_tag?post=31102"}],"curies":[{"name":"wp","href":"https:\/\/api.w.org\/{rel}","templated":true}]}}