{"id":31035,"date":"2024-12-14T11:53:05","date_gmt":"2024-12-14T11:53:05","guid":{"rendered":"https:\/\/sulin.ee\/?post_type=product&#038;p=31035"},"modified":"2025-11-04T20:35:34","modified_gmt":"2025-11-04T20:35:34","slug":"kuunekleebised-2","status":"publish","type":"product","link":"https:\/\/sulin.ee\/en\/toode\/kuunekleebised-2\/","title":{"rendered":"K\u00fc\u00fcnekleebised"},"content":{"rendered":"<p><strong>K\u00fc\u00fcnekleebised. L\u00f5puks ometi \u2013 \u00fclikiire ja lihtne manik\u00fc\u00fcr, mis on loodud just pisikestele k\u00fc\u00fcntele! See toode v\u00f5imaldab lastel r\u00f5\u00f5msalt ja h\u00f5lpsalt oma k\u00fc\u00fcsi kaunistada, ilma et oleks vaja k\u00fc\u00fcnelakki, mis v\u00f5ib praguneda v\u00f5i maha kuluda. Komplekt sisaldab k\u00f5ike, mida vajate t\u00e4iusliku manik\u00fc\u00fcri loomiseks \u2013 alates k\u00f5ige v\u00e4iksematest kleepsudest v\u00e4ikes\u00f5rme jaoks kuni suuremateni p\u00f6idla jaoks. Kleepige, vajutage ja valmis! See ongi nii lihtne.<\/strong><\/p>\n<p>Kuna tegemist on kleebistega, pole vaja muretseda k\u00fc\u00fcnelaki maha kulumise p\u00e4rast. Selle asemel saavad lapsed nautida ilusate illustratsioonidega k\u00fc\u00fcnte kaunistamist. Kui soovite mustrit muuta v\u00f5i oma kleebist luua, l\u00f5igake lihtsalt kleepuvale ribale vastava suurusega t\u00fckk, mis sobib teie k\u00fc\u00fcne laiusega.<\/p>\n<p><strong>Komplekti kuulub:<\/strong> 30 k\u00fc\u00fcnekleebist, 10 v\u00e4iksemat kleebist, 1 mustriga kleepriba, mida saab v\u00e4lja l\u00f5igata, ning 1 k\u00fc\u00fcneviil.<\/p>\n<p>See manik\u00fc\u00fcr on t\u00f5epoolest kiire ja lihtne \u2013 kleebiseid on lihtne peale kanda ja \u00fche liigutusega eemaldada! Pole vajadust k\u00fc\u00fcnelakki kasutada. Kleebised on veekindlad, nii et lapsed saavad oma loomingut uhkelt kanda, kartmata, et see veega kokku puutudes maha tuleb. L\u00f5igatav mustririba on piisavalt paindlik, et sobida k\u00f5igi k\u00fc\u00fcnte suurustega, andes lastele v\u00f5imaluse oma k\u00fc\u00fcsi isikup\u00e4rastada vastavalt soovile.<\/p>\n<p>Vaata toodet tutvustavat videot<a href=\"https:\/\/youtu.be\/WV_wGxWfpRY\" target=\"_blank\" rel=\"noopener\"> siit<\/a>.<\/p>\n<p>K\u00fc\u00fcnekleebised sobivad kasutamiseks alates 3. eluaastast, pakkudes noortele v\u00f5imalust oma loovust v\u00e4ljendada.<\/p>\n<p>Vaata ka teisi lastele m\u00f5eldud aksessuaare <a href=\"https:\/\/sulin.ee\/tootekategooria\/lapsele\/hoolitsus\/kosmeetika-ja-aksessuaarid\/\" target=\"_blank\" rel=\"noopener\">siit<\/a>.<\/p>\n<p>&nbsp;<\/p>\n","protected":false},"excerpt":{"rendered":"<p><strong>\u00dclikiire ja lihtne manik\u00fc\u00fcr, mis on loodud just pisikestele k\u00fc\u00fcntele! See toode v\u00f5imaldab lastel r\u00f5\u00f5msalt ja h\u00f5lpsalt oma k\u00fc\u00fcsi kaunistada, ilma et oleks vaja k\u00fc\u00fcnelakki, mis v\u00f5ib praguneda v\u00f5i maha kuluda. <\/strong><\/p>\n","protected":false},"featured_media":21759,"comment_status":"open","ping_status":"closed","template":"","meta":[],"product_brand":[],"product_cat":[173,1096,1162,1165,1166,928],"product_tag":[],"class_list":{"0":"post-31035","1":"product","2":"type-product","3":"status-publish","4":"has-post-thumbnail","6":"product_cat-hoolitsus","7":"product_cat-kosmeetika-ja-aksessuaarid","8":"product_cat-kingituseks","9":"product_cat-3-5-aastat","10":"product_cat-6-8-aastat","11":"product_cat-djeco","12":"has-post-title","13":"has-post-date","14":"has-post-category","15":"has-post-tag","16":"has-post-comment","17":"has-post-author","18":"","20":"first","21":"instock","22":"sale","23":"taxable","24":"shipping-taxable","25":"purchasable","26":"product-type-variable"},"yoast_head":"<!-- This site is optimized with the Yoast SEO plugin v26.8 - https:\/\/yoast.com\/product\/yoast-seo-wordpress\/ -->\n<title>K\u00fc\u00fcnekleebised - sulin.ee<\/title>\n<meta name=\"description\" content=\"K\u00fc\u00fcnekleebised \u2013 \u00fclikiire ja lihtne manik\u00fc\u00fcr, mis on loodud just pisikestele k\u00fc\u00fcntele! Toode v\u00f5imaldab lastel r\u00f5\u00f5msalt ja h\u00f5lpsalt oma k\u00fc\u00fcsi kaunistada,\" \/>\n<meta name=\"robots\" content=\"index, follow, max-snippet:-1, max-image-preview:large, max-video-preview:-1\" \/>\n<link rel=\"canonical\" href=\"https:\/\/sulin.ee\/en\/toode\/kuunekleebised-2\/\" \/>\n<meta property=\"og:locale\" content=\"en_US\" \/>\n<meta property=\"og:type\" content=\"article\" \/>\n<meta property=\"og:title\" content=\"K\u00fc\u00fcnekleebised - sulin.ee\" \/>\n<meta property=\"og:description\" content=\"K\u00fc\u00fcnekleebised \u2013 \u00fclikiire ja lihtne manik\u00fc\u00fcr, mis on loodud just pisikestele k\u00fc\u00fcntele! Toode v\u00f5imaldab lastel r\u00f5\u00f5msalt ja h\u00f5lpsalt oma k\u00fc\u00fcsi kaunistada,\" \/>\n<meta property=\"og:url\" content=\"https:\/\/sulin.ee\/en\/toode\/kuunekleebised-2\/\" \/>\n<meta property=\"og:site_name\" content=\"sulin.ee\" \/>\n<meta property=\"article:publisher\" content=\"https:\/\/www.facebook.com\/www.sulin.ee\/\" \/>\n<meta property=\"article:modified_time\" content=\"2025-11-04T20:35:34+00:00\" \/>\n<meta property=\"og:image\" content=\"https:\/\/sulin.ee\/wp-content\/uploads\/2024\/09\/13658-DJ09244-kuunekleebised-meri.jpg\" \/>\n\t<meta property=\"og:image:width\" content=\"800\" \/>\n\t<meta property=\"og:image:height\" content=\"800\" \/>\n\t<meta property=\"og:image:type\" content=\"image\/jpeg\" \/>\n<meta name=\"twitter:card\" content=\"summary_large_image\" \/>\n<meta name=\"twitter:label1\" content=\"Est. reading time\" \/>\n\t<meta name=\"twitter:data1\" content=\"2 minutes\" \/>\n<script type=\"application\/ld+json\" class=\"yoast-schema-graph\">{\"@context\":\"https:\/\/schema.org\",\"@graph\":[{\"@type\":\"WebPage\",\"@id\":\"https:\/\/sulin.ee\/en\/toode\/kuunekleebised-2\/\",\"url\":\"https:\/\/sulin.ee\/en\/toode\/kuunekleebised-2\/\",\"name\":\"K\u00fc\u00fcnekleebised - sulin.ee\",\"isPartOf\":{\"@id\":\"https:\/\/sulin.ee\/en\/#website\"},\"primaryImageOfPage\":{\"@id\":\"https:\/\/sulin.ee\/en\/toode\/kuunekleebised-2\/#primaryimage\"},\"image\":{\"@id\":\"https:\/\/sulin.ee\/en\/toode\/kuunekleebised-2\/#primaryimage\"},\"thumbnailUrl\":\"https:\/\/sulin.ee\/wp-content\/uploads\/2024\/09\/13658-DJ09244-kuunekleebised-meri.jpg\",\"datePublished\":\"2024-12-14T11:53:05+00:00\",\"dateModified\":\"2025-11-04T20:35:34+00:00\",\"description\":\"K\u00fc\u00fcnekleebised \u2013 \u00fclikiire ja lihtne manik\u00fc\u00fcr, mis on loodud just pisikestele k\u00fc\u00fcntele! Toode v\u00f5imaldab lastel r\u00f5\u00f5msalt ja h\u00f5lpsalt oma k\u00fc\u00fcsi kaunistada,\",\"breadcrumb\":{\"@id\":\"https:\/\/sulin.ee\/en\/toode\/kuunekleebised-2\/#breadcrumb\"},\"inLanguage\":\"en-US\",\"potentialAction\":[{\"@type\":\"ReadAction\",\"target\":[\"https:\/\/sulin.ee\/en\/toode\/kuunekleebised-2\/\"]}]},{\"@type\":\"ImageObject\",\"inLanguage\":\"en-US\",\"@id\":\"https:\/\/sulin.ee\/en\/toode\/kuunekleebised-2\/#primaryimage\",\"url\":\"https:\/\/sulin.ee\/wp-content\/uploads\/2024\/09\/13658-DJ09244-kuunekleebised-meri.jpg\",\"contentUrl\":\"https:\/\/sulin.ee\/wp-content\/uploads\/2024\/09\/13658-DJ09244-kuunekleebised-meri.jpg\",\"width\":800,\"height\":800,\"caption\":\"K\u00fc\u00fcnekleebised\"},{\"@type\":\"BreadcrumbList\",\"@id\":\"https:\/\/sulin.ee\/en\/toode\/kuunekleebised-2\/#breadcrumb\",\"itemListElement\":[{\"@type\":\"ListItem\",\"position\":1,\"name\":\"Home\",\"item\":\"https:\/\/sulin.ee\/en\/\"},{\"@type\":\"ListItem\",\"position\":2,\"name\":\"Sulin.ee e-pood\",\"item\":\"https:\/\/sulin.ee\/shop\/\"},{\"@type\":\"ListItem\",\"position\":3,\"name\":\"K\u00fc\u00fcnekleebised\"}]},{\"@type\":\"WebSite\",\"@id\":\"https:\/\/sulin.ee\/en\/#website\",\"url\":\"https:\/\/sulin.ee\/en\/\",\"name\":\"sulin.ee\",\"description\":\"\",\"publisher\":{\"@id\":\"https:\/\/sulin.ee\/en\/#organization\"},\"potentialAction\":[{\"@type\":\"SearchAction\",\"target\":{\"@type\":\"EntryPoint\",\"urlTemplate\":\"https:\/\/sulin.ee\/en\/?s={search_term_string}\"},\"query-input\":{\"@type\":\"PropertyValueSpecification\",\"valueRequired\":true,\"valueName\":\"search_term_string\"}}],\"inLanguage\":\"en-US\"},{\"@type\":\"Organization\",\"@id\":\"https:\/\/sulin.ee\/en\/#organization\",\"name\":\"SULIN TRADE O\u00dc\",\"url\":\"https:\/\/sulin.ee\/en\/\",\"logo\":{\"@type\":\"ImageObject\",\"inLanguage\":\"en-US\",\"@id\":\"https:\/\/sulin.ee\/en\/#\/schema\/logo\/image\/\",\"url\":\"https:\/\/sulin.ee\/wp-content\/uploads\/2022\/11\/sulin-logo.png\",\"contentUrl\":\"https:\/\/sulin.ee\/wp-content\/uploads\/2022\/11\/sulin-logo.png\",\"width\":871,\"height\":321,\"caption\":\"SULIN TRADE O\u00dc\"},\"image\":{\"@id\":\"https:\/\/sulin.ee\/en\/#\/schema\/logo\/image\/\"},\"sameAs\":[\"https:\/\/www.facebook.com\/www.sulin.ee\/\",\"https:\/\/www.instagram.com\/sulintrade\/\"]}]}<\/script>\n<!-- \/ Yoast SEO plugin. -->","yoast_head_json":{"title":"K\u00fc\u00fcnekleebised - sulin.ee","description":"K\u00fc\u00fcnekleebised \u2013 \u00fclikiire ja lihtne manik\u00fc\u00fcr, mis on loodud just pisikestele k\u00fc\u00fcntele! Toode v\u00f5imaldab lastel r\u00f5\u00f5msalt ja h\u00f5lpsalt oma k\u00fc\u00fcsi kaunistada,","robots":{"index":"index","follow":"follow","max-snippet":"max-snippet:-1","max-image-preview":"max-image-preview:large","max-video-preview":"max-video-preview:-1"},"canonical":"https:\/\/sulin.ee\/en\/toode\/kuunekleebised-2\/","og_locale":"en_US","og_type":"article","og_title":"K\u00fc\u00fcnekleebised - sulin.ee","og_description":"K\u00fc\u00fcnekleebised \u2013 \u00fclikiire ja lihtne manik\u00fc\u00fcr, mis on loodud just pisikestele k\u00fc\u00fcntele! Toode v\u00f5imaldab lastel r\u00f5\u00f5msalt ja h\u00f5lpsalt oma k\u00fc\u00fcsi kaunistada,","og_url":"https:\/\/sulin.ee\/en\/toode\/kuunekleebised-2\/","og_site_name":"sulin.ee","article_publisher":"https:\/\/www.facebook.com\/www.sulin.ee\/","article_modified_time":"2025-11-04T20:35:34+00:00","og_image":[{"width":800,"height":800,"url":"https:\/\/sulin.ee\/wp-content\/uploads\/2024\/09\/13658-DJ09244-kuunekleebised-meri.jpg","type":"image\/jpeg"}],"twitter_card":"summary_large_image","twitter_misc":{"Est. reading time":"2 minutes"},"schema":{"@context":"https:\/\/schema.org","@graph":[{"@type":"WebPage","@id":"https:\/\/sulin.ee\/en\/toode\/kuunekleebised-2\/","url":"https:\/\/sulin.ee\/en\/toode\/kuunekleebised-2\/","name":"K\u00fc\u00fcnekleebised - sulin.ee","isPartOf":{"@id":"https:\/\/sulin.ee\/en\/#website"},"primaryImageOfPage":{"@id":"https:\/\/sulin.ee\/en\/toode\/kuunekleebised-2\/#primaryimage"},"image":{"@id":"https:\/\/sulin.ee\/en\/toode\/kuunekleebised-2\/#primaryimage"},"thumbnailUrl":"https:\/\/sulin.ee\/wp-content\/uploads\/2024\/09\/13658-DJ09244-kuunekleebised-meri.jpg","datePublished":"2024-12-14T11:53:05+00:00","dateModified":"2025-11-04T20:35:34+00:00","description":"K\u00fc\u00fcnekleebised \u2013 \u00fclikiire ja lihtne manik\u00fc\u00fcr, mis on loodud just pisikestele k\u00fc\u00fcntele! Toode v\u00f5imaldab lastel r\u00f5\u00f5msalt ja h\u00f5lpsalt oma k\u00fc\u00fcsi kaunistada,","breadcrumb":{"@id":"https:\/\/sulin.ee\/en\/toode\/kuunekleebised-2\/#breadcrumb"},"inLanguage":"en-US","potentialAction":[{"@type":"ReadAction","target":["https:\/\/sulin.ee\/en\/toode\/kuunekleebised-2\/"]}]},{"@type":"ImageObject","inLanguage":"en-US","@id":"https:\/\/sulin.ee\/en\/toode\/kuunekleebised-2\/#primaryimage","url":"https:\/\/sulin.ee\/wp-content\/uploads\/2024\/09\/13658-DJ09244-kuunekleebised-meri.jpg","contentUrl":"https:\/\/sulin.ee\/wp-content\/uploads\/2024\/09\/13658-DJ09244-kuunekleebised-meri.jpg","width":800,"height":800,"caption":"K\u00fc\u00fcnekleebised"},{"@type":"BreadcrumbList","@id":"https:\/\/sulin.ee\/en\/toode\/kuunekleebised-2\/#breadcrumb","itemListElement":[{"@type":"ListItem","position":1,"name":"Home","item":"https:\/\/sulin.ee\/en\/"},{"@type":"ListItem","position":2,"name":"Sulin.ee e-pood","item":"https:\/\/sulin.ee\/shop\/"},{"@type":"ListItem","position":3,"name":"K\u00fc\u00fcnekleebised"}]},{"@type":"WebSite","@id":"https:\/\/sulin.ee\/en\/#website","url":"https:\/\/sulin.ee\/en\/","name":"sulin.ee","description":"","publisher":{"@id":"https:\/\/sulin.ee\/en\/#organization"},"potentialAction":[{"@type":"SearchAction","target":{"@type":"EntryPoint","urlTemplate":"https:\/\/sulin.ee\/en\/?s={search_term_string}"},"query-input":{"@type":"PropertyValueSpecification","valueRequired":true,"valueName":"search_term_string"}}],"inLanguage":"en-US"},{"@type":"Organization","@id":"https:\/\/sulin.ee\/en\/#organization","name":"SULIN TRADE O\u00dc","url":"https:\/\/sulin.ee\/en\/","logo":{"@type":"ImageObject","inLanguage":"en-US","@id":"https:\/\/sulin.ee\/en\/#\/schema\/logo\/image\/","url":"https:\/\/sulin.ee\/wp-content\/uploads\/2022\/11\/sulin-logo.png","contentUrl":"https:\/\/sulin.ee\/wp-content\/uploads\/2022\/11\/sulin-logo.png","width":871,"height":321,"caption":"SULIN TRADE O\u00dc"},"image":{"@id":"https:\/\/sulin.ee\/en\/#\/schema\/logo\/image\/"},"sameAs":["https:\/\/www.facebook.com\/www.sulin.ee\/","https:\/\/www.instagram.com\/sulintrade\/"]}]}},"builder_content":"","_links":{"self":[{"href":"https:\/\/sulin.ee\/en\/wp-json\/wp\/v2\/product\/31035","targetHints":{"allow":["GET"]}}],"collection":[{"href":"https:\/\/sulin.ee\/en\/wp-json\/wp\/v2\/product"}],"about":[{"href":"https:\/\/sulin.ee\/en\/wp-json\/wp\/v2\/types\/product"}],"replies":[{"embeddable":true,"href":"https:\/\/sulin.ee\/en\/wp-json\/wp\/v2\/comments?post=31035"}],"wp:featuredmedia":[{"embeddable":true,"href":"https:\/\/sulin.ee\/en\/wp-json\/wp\/v2\/media\/21759"}],"wp:attachment":[{"href":"https:\/\/sulin.ee\/en\/wp-json\/wp\/v2\/media?parent=31035"}],"wp:term":[{"taxonomy":"product_brand","embeddable":true,"href":"https:\/\/sulin.ee\/en\/wp-json\/wp\/v2\/product_brand?post=31035"},{"taxonomy":"product_cat","embeddable":true,"href":"https:\/\/sulin.ee\/en\/wp-json\/wp\/v2\/product_cat?post=31035"},{"taxonomy":"product_tag","embeddable":true,"href":"https:\/\/sulin.ee\/en\/wp-json\/wp\/v2\/product_tag?post=31035"}],"curies":[{"name":"wp","href":"https:\/\/api.w.org\/{rel}","templated":true}]}}